{"id":2929,"date":"2019-10-03T01:09:09","date_gmt":"2019-10-03T01:09:09","guid":{"rendered":"https:\/\/friendlysmilesdental.com\/implantes-dentales\/"},"modified":"2024-04-09T21:23:31","modified_gmt":"2024-04-09T21:23:31","slug":"implantes-dentales","status":"publish","type":"page","link":"https:\/\/friendlysmilesdental.com\/es\/implantes-dentales\/","title":{"rendered":"Implantes dentales"},"content":{"rendered":"<p><div class=\"fusion-fullwidth fullwidth-box fusion-builder-row-1 nonhundred-percent-fullwidth non-hundred-percent-height-scrolling\" style=\"--awb-border-radius-top-left:0px;--awb-border-radius-top-right:0px;--awb-border-radius-bottom-right:0px;--awb-border-radius-bottom-left:0px;--awb-padding-top:0px;--awb-padding-right:30px;--awb-padding-bottom:0px;--awb-padding-left:30px;--awb-flex-wrap:wrap;\" ><div class=\"fusion-builder-row fusion-row\"><div class=\"fusion-layout-column fusion_builder_column fusion-builder-column-0 fusion_builder_column_1_2 1_2 fusion-one-half fusion-column-first\" style=\"--awb-bg-size:cover;width:50%;width:calc(50% - ( ( 5% ) * 0.5 ) );margin-right: 5%;\"><div class=\"fusion-column-wrapper fusion-column-has-shadow fusion-flex-column-wrapper-legacy\"><div class=\"fusion-text fusion-text-1\"><h1>Redescubra su sonrisa perfecta con implantes dentales<\/h1>\n<\/div><div class=\"fusion-sep-clear\"><\/div><div class=\"fusion-separator fusion-clearfix\" style=\"float:left;margin-top:22px;margin-bottom:25px;width:100%;max-width:440px;\"><div class=\"fusion-separator-border sep-single sep-solid\" style=\"--awb-height:20px;--awb-amount:20px;--awb-sep-color:#6589c0;border-color:#6589c0;border-top-width:2px;\"><\/div><\/div><div class=\"fusion-sep-clear\"><\/div><div class=\"fusion-sep-clear\"><\/div><div class=\"fusion-separator fusion-full-width-sep\" style=\"margin-left: auto;margin-right: auto;margin-top:1%;margin-bottom:1%;width:100%;\"><\/div><div class=\"fusion-sep-clear\"><\/div><div class=\"fusion-text fusion-text-2\"><p><img decoding=\"async\" class=\"lazyload alignnone size-full wp-image-1876\" src=\"https:\/\/friendlysmilesdental.com\/wp-content\/uploads\/2019\/12\/dental-implants-san-luis-obispo.jpg\" data-orig-src=\"https:\/\/friendlysmilesdental.com\/wp-content\/uploads\/2019\/12\/dental-implants-san-luis-obispo.jpg\" alt=\"Implantes dentales San Luis Obispo\" width=\"550\" height=\"367\" srcset=\"data:image\/svg+xml,%3Csvg%20xmlns%3D%27http%3A%2F%2Fwww.w3.org%2F2000%2Fsvg%27%20width%3D%27550%27%20height%3D%27367%27%20viewBox%3D%270%200%20550%20367%27%3E%3Crect%20width%3D%27550%27%20height%3D%27367%27%20fill-opacity%3D%220%22%2F%3E%3C%2Fsvg%3E\" data-srcset=\"https:\/\/friendlysmilesdental.com\/wp-content\/uploads\/2019\/12\/dental-implants-san-luis-obispo-200x133.jpg 200w, https:\/\/friendlysmilesdental.com\/wp-content\/uploads\/2019\/12\/dental-implants-san-luis-obispo-300x200.jpg 300w, https:\/\/friendlysmilesdental.com\/wp-content\/uploads\/2019\/12\/dental-implants-san-luis-obispo-400x267.jpg 400w, https:\/\/friendlysmilesdental.com\/wp-content\/uploads\/2019\/12\/dental-implants-san-luis-obispo.jpg 550w\" data-sizes=\"auto\" data-orig-sizes=\"(max-width: 550px) 100vw, 550px\" \/><\/p>\n<\/div><div class=\"fusion-text fusion-text-3\"><p>Descubra c\u00f3mo los implantes dentales pueden rejuvenecer su sonrisa, sirviendo como sustitutos duraderos y de aspecto natural para los dientes perdidos. Insertados quir\u00fargicamente en el hueso maxilar, estos implantes de titanio ofrecen una estabilidad y longevidad inigualables, eliminando la necesidad de pr\u00f3tesis removibles.<\/p>\n<p>Los implantes dentales sirven como sustitutos de la ra\u00edz del diente, colocados discretamente en el hueso maxilar. En los \u00faltimos 25 a\u00f1os, han transformado la odontolog\u00eda, ofreciendo una soluci\u00f3n eficaz para los dientes perdidos y eliminando la necesidad de pr\u00f3tesis removibles. Los implantes proporcionan un soporte y una estabilidad excepcionales para estos aparatos dentales.<\/p>\n<p>Fabricadas en titanio, estas ra\u00edces y dientes artificiales se implantan quir\u00fargicamente en el maxilar superior o inferior. Los dientes resultantes fijados a estos implantes presentan un aspecto incre\u00edblemente natural, mejorando o restaurando significativamente su sonrisa.<\/p>\n<p>Con una resistencia, estabilidad y longevidad notables, los implantes dentales garantizan una vida \u00fatil prolongada. No obstante, es posible que sea necesario realizar reajustes o sustituciones ocasionales debido al uso regular.<\/p>\n<\/div><div class=\"fusion-text fusion-text-4\"><p><img decoding=\"async\" class=\"lazyload alignnone size-full wp-image-1878\" src=\"https:\/\/friendlysmilesdental.com\/wp-content\/uploads\/2019\/12\/dental-implant-san-luis-obispo.jpg\" data-orig-src=\"https:\/\/friendlysmilesdental.com\/wp-content\/uploads\/2019\/12\/dental-implant-san-luis-obispo.jpg\" alt=\"Procedimiento de implante dental San Luis Obispo\" width=\"550\" height=\"378\" srcset=\"data:image\/svg+xml,%3Csvg%20xmlns%3D%27http%3A%2F%2Fwww.w3.org%2F2000%2Fsvg%27%20width%3D%27550%27%20height%3D%27378%27%20viewBox%3D%270%200%20550%20378%27%3E%3Crect%20width%3D%27550%27%20height%3D%27378%27%20fill-opacity%3D%220%22%2F%3E%3C%2Fsvg%3E\" data-srcset=\"https:\/\/friendlysmilesdental.com\/wp-content\/uploads\/2019\/12\/dental-implant-san-luis-obispo-200x137.jpg 200w, https:\/\/friendlysmilesdental.com\/wp-content\/uploads\/2019\/12\/dental-implant-san-luis-obispo-300x206.jpg 300w, https:\/\/friendlysmilesdental.com\/wp-content\/uploads\/2019\/12\/dental-implant-san-luis-obispo-400x275.jpg 400w, https:\/\/friendlysmilesdental.com\/wp-content\/uploads\/2019\/12\/dental-implant-san-luis-obispo.jpg 550w\" data-sizes=\"auto\" data-orig-sizes=\"(max-width: 550px) 100vw, 550px\" \/><\/p>\n<\/div><div class=\"fusion-text fusion-text-5\"><h2 align=\"left\">Beneficios de los implantes dentales:<\/h2>\n<ul type=\"disc\">\n<li>\n<div align=\"left\">Sustituir uno o varios dientes ausentes sin afectar a los dientes adyacentes.<\/div>\n<\/li>\n<li>\n<div align=\"left\">Aliviar el dolor articular y los problemas de mordida causados por el desplazamiento de los dientes en los huecos.<\/div>\n<\/li>\n<li>\n<div align=\"left\">Renueve su confianza recuperando su sonrisa natural.<\/div>\n<\/li>\n<li>\n<div align=\"left\">Recuperar la funcionalidad \u00f3ptima de la masticaci\u00f3n, el habla y la digesti\u00f3n.<\/div>\n<\/li>\n<li>\n<div align=\"left\">Mejorar la est\u00e9tica facial, preservando los rasgos juveniles.<\/div>\n<\/li>\n<li>\n<div align=\"left\">Proporcionan un soporte esencial para puentes o dentaduras postizas, garantizando estabilidad y comodidad.<\/div>\n<\/li>\n<\/ul>\n<\/div><div class=\"fusion-clearfix\"><\/div><\/div><\/div><div class=\"fusion-layout-column fusion_builder_column fusion-builder-column-1 fusion_builder_column_1_2 1_2 fusion-one-half fusion-column-last\" style=\"--awb-bg-size:cover;width:50%;width:calc(50% - ( ( 5% ) * 0.5 ) );\"><div class=\"fusion-column-wrapper fusion-column-has-shadow fusion-flex-column-wrapper-legacy\"><div class=\"fusion-text fusion-text-6\"><h2>Comprender el procedimiento de implante dental<\/h2>\n<\/div><div class=\"fusion-text fusion-text-7\"><p>El proceso de implante dental es un viaje completo que dura varios meses y requiere m\u00faltiples visitas. Abarca varios pasos esenciales para garantizar un resultado satisfactorio.<\/p>\n<h3>Paso 1: Evaluaci\u00f3n y preparaci\u00f3n<\/h3>\n<p>El proceso comienza con una evaluaci\u00f3n exhaustiva de su salud bucodental. Se toman radiograf\u00edas e impresiones (moldes) para evaluar el estado de la mand\u00edbula, el hueso, el tejido gingival y el espacio disponible para el implante.<\/p>\n<h3>Paso 2: Colocaci\u00f3n quir\u00fargica y cicatrizaci\u00f3n<\/h3>\n<p>El implante se colocar\u00e1 en el hueso con anestesia local. A continuaci\u00f3n, se deja que cicatrice y se fije al hueso durante un periodo de hasta seis meses. Dependiendo del tipo de implante, puede ser necesaria una segunda intervenci\u00f3n quir\u00fargica para colocar el \u00abposte\u00bb que sujetar\u00e1 el diente artificial. Con otros implantes, el poste y el anclaje se fijan previamente y se colocan simult\u00e1neamente.<\/p>\n<h3>Paso 3: Curaci\u00f3n e higiene bucal<\/h3>\n<p>Durante el periodo de cicatrizaci\u00f3n, es fundamental seguir una estricta rutina de higiene oral para garantizar el \u00e9xito del implante. Esto incluye un cepillado regular y el uso de hilo dental, junto con el uso de un enjuague bucal antibacteriano recomendado por su dentista. Tambi\u00e9n es aconsejable evitar los alimentos duros o pegajosos que puedan da\u00f1ar el implante.<\/p>\n<h3>Paso 4: Elaboraci\u00f3n de su diente a medida<\/h3>\n<p>Una vez finalizado el proceso de cicatrizaci\u00f3n, su dentista tomar\u00e1 impresiones de sus dientes para crear un diente artificial a medida que se integre perfectamente con sus dientes naturales. El poste o anclaje fijar\u00e1 este diente, proporcionando un reemplazo estable y funcional para su diente perdido.<\/p>\n<h3>Paso 5: Cuidado y mantenimiento continuos<\/h3>\n<p>Una vez que el implante est\u00e9 totalmente integrado y se haya fijado el diente artificial, deber\u00e1 visitar a su dentista para revisiones y limpiezas peri\u00f3dicas. Estas citas son cruciales para garantizar el \u00e9xito a largo plazo de su implante y para controlar la salud de los dientes y enc\u00edas circundantes.<\/p>\n<h3>Garantizar la longevidad y la salud<\/h3>\n<p>Es importante tener en cuenta que, aunque los implantes dentales tienen un alto \u00edndice de \u00e9xito, hay ciertos factores que pueden afectar a su longevidad. Entre ellos se incluyen el tabaquismo, una higiene bucal deficiente y ciertas afecciones m\u00e9dicas como la diabetes. Por lo tanto, es esencial mantener unos buenos h\u00e1bitos de higiene bucal e informar a su dentista sobre cualquier cambio en su salud general.<\/p>\n<h3>La gratificante conclusi\u00f3n<\/h3>\n<p>La colocaci\u00f3n de implantes dentales suele durar unos meses, pero el resultado final justifica la duraci\u00f3n. Durante este tiempo, se someter\u00e1 a un proceso de cicatrizaci\u00f3n y, una vez finalizado, su dentista elaborar\u00e1 y fijar\u00e1 los dientes prot\u00e9sicos a la secci\u00f3n del poste del anclaje. Este enfoque meticuloso garantiza un reemplazo duradero y de aspecto natural para su diente perdido. Para apreciar plenamente las ventajas de su sonrisa revitalizada durante un periodo prolongado, es esencial seguir unas rutinas de cuidado bucal adecuadas y visitar regularmente al dentista.<\/p>\n<p>Dado que pueden ser necesarios varios accesorios, este paso puede tardar de uno a dos meses en completarse. Tras un periodo de cicatrizaci\u00f3n, los dientes artificiales se fijan de forma segura al implante, proporcionando una excelente estabilidad y comodidad al paciente.<\/p>\n<h3>Instrucciones y cuidados posteriores al procedimiento<\/h3>\n<p>Recibir\u00e1 instrucciones de cuidado cuando finalice el tratamiento. Una buena higiene bucal, h\u00e1bitos alimenticios y visitas regulares al dentista contribuir\u00e1n a la vida de su nuevo implante.<\/p>\n<h3>\u00bfListo para comenzar su viaje?<\/h3>\n<p>P\u00f3ngase en contacto con cualquiera de nuestras tres cl\u00ednicas dentales de la costa central de California para concertar su consulta sobre implantes dentales.<\/p>\n<\/div><div class=\"fusion-clearfix\"><\/div><\/div><\/div><\/div><\/div><div class=\"fusion-bg-parallax\" data-bg-align=\"center center\" data-direction=\"right\" data-mute=\"false\" data-opacity=\"100\" data-velocity=\"-0.8\" data-mobile-enabled=\"false\" data-break_parents=\"0\" data-bg-image=\"https:\/\/friendlysmilesdental.com\/wp-content\/uploads\/2020\/01\/best-san-luis-obispo-dentist.jpg\" data-bg-repeat=\"false\" ><\/div><div class=\"fusion-fullwidth fullwidth-box fusion-builder-row-2 fusion-parallax-right nonhundred-percent-fullwidth non-hundred-percent-height-scrolling lazyload\" style=\"--awb-border-radius-top-left:0px;--awb-border-radius-top-right:0px;--awb-border-radius-bottom-right:0px;--awb-border-radius-bottom-left:0px;--awb-padding-top:40px;--awb-padding-bottom:50px;--awb-background-size:cover;--awb-flex-wrap:wrap;\" data-bg=\"https:\/\/friendlysmilesdental.com\/wp-content\/uploads\/2020\/01\/best-san-luis-obispo-dentist.jpg\" ><div class=\"fusion-builder-row fusion-row\"><div class=\"fusion-layout-column fusion_builder_column fusion-builder-column-2 fusion_builder_column_1_1 1_1 fusion-one-full fusion-column-first fusion-column-last\" style=\"--awb-bg-size:cover;--awb-margin-top:3%;--awb-margin-bottom:3%;\"><div class=\"fusion-column-wrapper fusion-column-has-shadow fusion-flex-column-wrapper-legacy\"><div class=\"fusion-text fusion-text-8\"><h2 style=\"text-align: center;\"><span style=\"color: #ffffff;\">\u00bfListo para sonre\u00edr?<\/span><\/h2>\n<\/div><div class=\"fusion-sep-clear\"><\/div><div class=\"fusion-separator fusion-full-width-sep\" style=\"margin-left: auto;margin-right: auto;margin-top:15px;width:100%;\"><\/div><div class=\"fusion-sep-clear\"><\/div><div class=\"fusion-aligncenter\"><a class=\"fusion-button button-flat fusion-button-default-size button-custom fusion-button-default button-1 fusion-button-default-span fusion-button-default-type\" style=\"--button_accent_color:#ffffff;--button_accent_hover_color:#6487c2;--button_border_hover_color:#6487c2;--button_gradient_top_color:#4fc3a3;--button_gradient_bottom_color:#4fc3a3;--button_gradient_top_color_hover:#ffffff;--button_gradient_bottom_color_hover:#ffffff;\" target=\"_self\" href=\"https:\/\/friendlysmilesdental.com\/es\/reservar-cita\/\"><i class=\"fa-plus fas button-icon-left\" aria-hidden=\"true\"><\/i><span class=\"fusion-button-text\">Solicitar una cita<\/span><\/a><\/div><div class=\"fusion-sep-clear\"><\/div><div class=\"fusion-separator fusion-full-width-sep\" style=\"margin-left: auto;margin-right: auto;margin-top:15px;width:100%;\"><\/div><div class=\"fusion-sep-clear\"><\/div><div class=\"fusion-text fusion-text-9\"><h3 style=\"text-align: center;\"><span style=\"color: #ffffff;\">Estamos orgullosos de aceptar Medi-Cal y tomar la mayor\u00eda de las formas de seguro en todas nuestras oficinas dentales.<\/span><\/h3>\n<\/div><div class=\"fusion-clearfix\"><\/div><\/div><\/div><\/div><\/div><\/p>\n","protected":false},"excerpt":{"rendered":"","protected":false},"author":4,"featured_media":0,"parent":0,"menu_order":0,"comment_status":"closed","ping_status":"open","template":"100-width.php","meta":{"footnotes":""},"yoast_head":"<!-- This site is optimized with the Yoast SEO plugin v23.9 - https:\/\/yoast.com\/wordpress\/plugins\/seo\/ -->\n<title>Implantes dentales San Luis Obispo | Santa Maria | King City<\/title>\n<meta name=\"description\" content=\"Friendly Smiles dentistas - especialistas en implantes dentales de confianza de San Luis Obispo. Diga adi\u00f3s a los dientes perdidos con tratamientos de implantes seguros.\" \/>\n<meta name=\"robots\" content=\"index, follow, max-snippet:-1, max-image-preview:large, max-video-preview:-1\" \/>\n<link rel=\"canonical\" href=\"https:\/\/friendlysmilesdental.com\/es\/implantes-dentales\/\" \/>\n<meta property=\"og:locale\" content=\"es_ES\" \/>\n<meta property=\"og:type\" content=\"article\" \/>\n<meta property=\"og:title\" content=\"Implantes dentales San Luis Obispo | Santa Maria | King City\" \/>\n<meta property=\"og:description\" content=\"Friendly Smiles dentistas - especialistas en implantes dentales de confianza de San Luis Obispo. Diga adi\u00f3s a los dientes perdidos con tratamientos de implantes seguros.\" \/>\n<meta property=\"og:url\" content=\"https:\/\/friendlysmilesdental.com\/es\/implantes-dentales\/\" \/>\n<meta property=\"og:site_name\" content=\"Friendly Smiles Dental\" \/>\n<meta property=\"article:modified_time\" content=\"2024-04-09T21:23:31+00:00\" \/>\n<meta property=\"og:image\" content=\"https:\/\/friendlysmilesdental.com\/wp-content\/uploads\/2019\/12\/dental-implants-san-luis-obispo.jpg\" \/>\n<meta name=\"twitter:card\" content=\"summary_large_image\" \/>\n<meta name=\"twitter:label1\" content=\"Tiempo de lectura\" \/>\n\t<meta name=\"twitter:data1\" content=\"14 minutos\" \/>\n<script type=\"application\/ld+json\" class=\"yoast-schema-graph\">{\"@context\":\"https:\/\/schema.org\",\"@graph\":[{\"@type\":\"WebPage\",\"@id\":\"https:\/\/friendlysmilesdental.com\/es\/implantes-dentales\/\",\"url\":\"https:\/\/friendlysmilesdental.com\/es\/implantes-dentales\/\",\"name\":\"Implantes dentales San Luis Obispo | Santa Maria | King City\",\"isPartOf\":{\"@id\":\"https:\/\/friendlysmilesdental.com\/es\/#website\"},\"primaryImageOfPage\":{\"@id\":\"https:\/\/friendlysmilesdental.com\/es\/implantes-dentales\/#primaryimage\"},\"image\":{\"@id\":\"https:\/\/friendlysmilesdental.com\/es\/implantes-dentales\/#primaryimage\"},\"thumbnailUrl\":\"https:\/\/friendlysmilesdental.com\/wp-content\/uploads\/2019\/12\/dental-implants-san-luis-obispo.jpg\",\"datePublished\":\"2019-10-03T01:09:09+00:00\",\"dateModified\":\"2024-04-09T21:23:31+00:00\",\"description\":\"Friendly Smiles dentistas - especialistas en implantes dentales de confianza de San Luis Obispo. Diga adi\u00f3s a los dientes perdidos con tratamientos de implantes seguros.\",\"breadcrumb\":{\"@id\":\"https:\/\/friendlysmilesdental.com\/es\/implantes-dentales\/#breadcrumb\"},\"inLanguage\":\"es\",\"potentialAction\":[{\"@type\":\"ReadAction\",\"target\":[\"https:\/\/friendlysmilesdental.com\/es\/implantes-dentales\/\"]}]},{\"@type\":\"ImageObject\",\"inLanguage\":\"es\",\"@id\":\"https:\/\/friendlysmilesdental.com\/es\/implantes-dentales\/#primaryimage\",\"url\":\"https:\/\/friendlysmilesdental.com\/wp-content\/uploads\/2019\/12\/dental-implants-san-luis-obispo.jpg\",\"contentUrl\":\"https:\/\/friendlysmilesdental.com\/wp-content\/uploads\/2019\/12\/dental-implants-san-luis-obispo.jpg\"},{\"@type\":\"BreadcrumbList\",\"@id\":\"https:\/\/friendlysmilesdental.com\/es\/implantes-dentales\/#breadcrumb\",\"itemListElement\":[{\"@type\":\"ListItem\",\"position\":1,\"name\":\"Home\",\"item\":\"https:\/\/friendlysmilesdental.com\/es\/inicio\/\"},{\"@type\":\"ListItem\",\"position\":2,\"name\":\"Implantes dentales\"}]},{\"@type\":\"WebSite\",\"@id\":\"https:\/\/friendlysmilesdental.com\/es\/#website\",\"url\":\"https:\/\/friendlysmilesdental.com\/es\/\",\"name\":\"Friendly Smiles Dental\",\"description\":\"Santa Maria Dentists | San Luis Obispo Dentists | King City Dentists\",\"potentialAction\":[{\"@type\":\"SearchAction\",\"target\":{\"@type\":\"EntryPoint\",\"urlTemplate\":\"https:\/\/friendlysmilesdental.com\/es\/?s={search_term_string}\"},\"query-input\":{\"@type\":\"PropertyValueSpecification\",\"valueRequired\":true,\"valueName\":\"search_term_string\"}}],\"inLanguage\":\"es\"}]}<\/script>\n<!-- \/ Yoast SEO plugin. -->","yoast_head_json":{"title":"Implantes dentales San Luis Obispo | Santa Maria | King City","description":"Friendly Smiles dentistas - especialistas en implantes dentales de confianza de San Luis Obispo. Diga adi\u00f3s a los dientes perdidos con tratamientos de implantes seguros.","robots":{"index":"index","follow":"follow","max-snippet":"max-snippet:-1","max-image-preview":"max-image-preview:large","max-video-preview":"max-video-preview:-1"},"canonical":"https:\/\/friendlysmilesdental.com\/es\/implantes-dentales\/","og_locale":"es_ES","og_type":"article","og_title":"Implantes dentales San Luis Obispo | Santa Maria | King City","og_description":"Friendly Smiles dentistas - especialistas en implantes dentales de confianza de San Luis Obispo. Diga adi\u00f3s a los dientes perdidos con tratamientos de implantes seguros.","og_url":"https:\/\/friendlysmilesdental.com\/es\/implantes-dentales\/","og_site_name":"Friendly Smiles Dental","article_modified_time":"2024-04-09T21:23:31+00:00","og_image":[{"url":"https:\/\/friendlysmilesdental.com\/wp-content\/uploads\/2019\/12\/dental-implants-san-luis-obispo.jpg"}],"twitter_card":"summary_large_image","twitter_misc":{"Tiempo de lectura":"14 minutos"},"schema":{"@context":"https:\/\/schema.org","@graph":[{"@type":"WebPage","@id":"https:\/\/friendlysmilesdental.com\/es\/implantes-dentales\/","url":"https:\/\/friendlysmilesdental.com\/es\/implantes-dentales\/","name":"Implantes dentales San Luis Obispo | Santa Maria | King City","isPartOf":{"@id":"https:\/\/friendlysmilesdental.com\/es\/#website"},"primaryImageOfPage":{"@id":"https:\/\/friendlysmilesdental.com\/es\/implantes-dentales\/#primaryimage"},"image":{"@id":"https:\/\/friendlysmilesdental.com\/es\/implantes-dentales\/#primaryimage"},"thumbnailUrl":"https:\/\/friendlysmilesdental.com\/wp-content\/uploads\/2019\/12\/dental-implants-san-luis-obispo.jpg","datePublished":"2019-10-03T01:09:09+00:00","dateModified":"2024-04-09T21:23:31+00:00","description":"Friendly Smiles dentistas - especialistas en implantes dentales de confianza de San Luis Obispo. Diga adi\u00f3s a los dientes perdidos con tratamientos de implantes seguros.","breadcrumb":{"@id":"https:\/\/friendlysmilesdental.com\/es\/implantes-dentales\/#breadcrumb"},"inLanguage":"es","potentialAction":[{"@type":"ReadAction","target":["https:\/\/friendlysmilesdental.com\/es\/implantes-dentales\/"]}]},{"@type":"ImageObject","inLanguage":"es","@id":"https:\/\/friendlysmilesdental.com\/es\/implantes-dentales\/#primaryimage","url":"https:\/\/friendlysmilesdental.com\/wp-content\/uploads\/2019\/12\/dental-implants-san-luis-obispo.jpg","contentUrl":"https:\/\/friendlysmilesdental.com\/wp-content\/uploads\/2019\/12\/dental-implants-san-luis-obispo.jpg"},{"@type":"BreadcrumbList","@id":"https:\/\/friendlysmilesdental.com\/es\/implantes-dentales\/#breadcrumb","itemListElement":[{"@type":"ListItem","position":1,"name":"Home","item":"https:\/\/friendlysmilesdental.com\/es\/inicio\/"},{"@type":"ListItem","position":2,"name":"Implantes dentales"}]},{"@type":"WebSite","@id":"https:\/\/friendlysmilesdental.com\/es\/#website","url":"https:\/\/friendlysmilesdental.com\/es\/","name":"Friendly Smiles Dental","description":"Santa Maria Dentists | San Luis Obispo Dentists | King City Dentists","potentialAction":[{"@type":"SearchAction","target":{"@type":"EntryPoint","urlTemplate":"https:\/\/friendlysmilesdental.com\/es\/?s={search_term_string}"},"query-input":{"@type":"PropertyValueSpecification","valueRequired":true,"valueName":"search_term_string"}}],"inLanguage":"es"}]}},"_links":{"self":[{"href":"https:\/\/friendlysmilesdental.com\/es\/wp-json\/wp\/v2\/pages\/2929"}],"collection":[{"href":"https:\/\/friendlysmilesdental.com\/es\/wp-json\/wp\/v2\/pages"}],"about":[{"href":"https:\/\/friendlysmilesdental.com\/es\/wp-json\/wp\/v2\/types\/page"}],"author":[{"embeddable":true,"href":"https:\/\/friendlysmilesdental.com\/es\/wp-json\/wp\/v2\/users\/4"}],"replies":[{"embeddable":true,"href":"https:\/\/friendlysmilesdental.com\/es\/wp-json\/wp\/v2\/comments?post=2929"}],"version-history":[{"count":11,"href":"https:\/\/friendlysmilesdental.com\/es\/wp-json\/wp\/v2\/pages\/2929\/revisions"}],"predecessor-version":[{"id":3046,"href":"https:\/\/friendlysmilesdental.com\/es\/wp-json\/wp\/v2\/pages\/2929\/revisions\/3046"}],"wp:attachment":[{"href":"https:\/\/friendlysmilesdental.com\/es\/wp-json\/wp\/v2\/media?parent=2929"}],"curies":[{"name":"wp","href":"https:\/\/api.w.org\/{rel}","templated":true}]}}