{"id":2930,"date":"2019-10-09T04:02:46","date_gmt":"2019-10-09T04:02:46","guid":{"rendered":"https:\/\/friendlysmilesdental.com\/como-cepillarse-los-dientes-y-usar-hilo-dental\/"},"modified":"2024-04-09T21:25:02","modified_gmt":"2024-04-09T21:25:02","slug":"como-cepillarse-los-dientes-y-usar-hilo-dental","status":"publish","type":"page","link":"https:\/\/friendlysmilesdental.com\/es\/como-cepillarse-los-dientes-y-usar-hilo-dental\/","title":{"rendered":"C\u00f3mo cepillarse los dientes y usar hilo dental"},"content":{"rendered":"<p><div class=\"fusion-fullwidth fullwidth-box fusion-builder-row-1 nonhundred-percent-fullwidth non-hundred-percent-height-scrolling\" style=\"--awb-border-radius-top-left:0px;--awb-border-radius-top-right:0px;--awb-border-radius-bottom-right:0px;--awb-border-radius-bottom-left:0px;--awb-flex-wrap:wrap;\" ><div class=\"fusion-builder-row fusion-row\"><div class=\"fusion-layout-column fusion_builder_column fusion-builder-column-0 fusion_builder_column_1_2 1_2 fusion-one-half fusion-column-first\" style=\"--awb-bg-size:cover;width:50%;width:calc(50% - ( ( 4% ) * 0.5 ) );margin-right: 4%;\"><div class=\"fusion-column-wrapper fusion-column-has-shadow fusion-flex-column-wrapper-legacy\"><div class=\"fusion-text fusion-text-1\"><h1 align=\"left\">C\u00f3mo cepillarse los dientes y usar el hilo dental correctamente<\/h1>\n<\/div><div class=\"fusion-sep-clear\"><\/div><div class=\"fusion-separator fusion-clearfix\" style=\"float:left;margin-top:22px;margin-bottom:25px;width:100%;max-width:100px;\"><div class=\"fusion-separator-border sep-single sep-solid\" style=\"--awb-height:20px;--awb-amount:20px;--awb-sep-color:#6589c0;border-color:#6589c0;border-top-width:2px;\"><\/div><\/div><div class=\"fusion-sep-clear\"><\/div><div class=\"fusion-text fusion-text-2\"><p style=\"text-align: left;\" align=\"left\">El cepillado y el hilo dental son de vital importancia para la higiene bucal. Aunque las limpiezas dentales profesionales bianuales eliminan la placa, el sarro y los restos, los excelentes m\u00e9todos de cuidado en casa son igualmente valiosos. Un cepillado correcto y el uso del hilo dental pueden mejorar la salud de la boca, hacer que la sonrisa brille y prevenir enfermedades graves.<\/p>\n<h2 style=\"text-align: left;\" align=\"left\">Razones por las que un correcto cepillado y uso del hilo dental son esenciales:<\/h2>\n<ul>\n<li style=\"text-align: left;\">\n<div align=\"left\"><strong>Prevenci\u00f3n de la caries<\/strong> &#8211; La caries es una de las principales causas de p\u00e9rdida de dientes, y su tratamiento suele requerir complejos procedimientos odontol\u00f3gicos. La caries dental se produce cuando los \u00e1cidos de la placa erosionan el esmalte natural de los dientes. Este fen\u00f3meno puede prevenirse f\u00e1cilmente utilizando m\u00e9todos de higiene dom\u00e9stica adecuados.<\/div>\n<\/li>\n<li style=\"text-align: left;\">\n<div align=\"left\"><strong>Prevenci\u00f3n de la enfermedad periodontal<\/strong> &#8211; La enfermedad periodontal es una afecci\u00f3n grave y progresiva que puede provocar la p\u00e9rdida de dientes, la retracci\u00f3n de las enc\u00edas y la recesi\u00f3n del hueso maxilar. La enfermedad periodontal est\u00e1 causada por las toxinas que se encuentran en la placa, y puede provocar graves problemas de salud en otras partes del cuerpo. Eliminar la placa y el sarro de la superficie del diente con el cepillo y de las zonas interdentales con la seda dental es una forma excelente de prevenir los problemas periodontales.<\/div>\n<\/li>\n<li>\n<div style=\"text-align: left;\" align=\"left\"><strong>Prevenci\u00f3n de la halitosis<\/strong> &#8211; El mal aliento o halitosis suele estar causado por part\u00edculas de alimentos viejos en los dientes o entre ellos. Estas part\u00edculas de comida pueden eliminarse con el cepillado y el hilo dental, dejando la boca m\u00e1s sana y el aliento m\u00e1s fresco.<\/div>\n<\/li>\n<li>\n<div align=\"left\"><strong>Prevenci\u00f3n de las manchas<\/strong> &#8211; Las manchas o el amarilleamiento de los dientes pueden deberse a una gran variedad de factores, como el tabaco, el caf\u00e9 y el t\u00e9. Cuanto m\u00e1s regularmente se eliminen estos agentes de tinci\u00f3n de los dientes mediante t\u00e9cnicas de cepillado y uso del hilo dental, menos probabilidades habr\u00e1 de que las manchas se vuelvan permanentes.<\/div>\n<\/li>\n<\/ul>\n<\/div><div class=\"fusion-clearfix\"><\/div><\/div><\/div><div class=\"fusion-layout-column fusion_builder_column fusion-builder-column-1 fusion_builder_column_1_2 1_2 fusion-one-half fusion-column-last\" style=\"--awb-bg-size:cover;width:50%;width:calc(50% - ( ( 4% ) * 0.5 ) );\"><div class=\"fusion-column-wrapper fusion-column-has-shadow fusion-flex-column-wrapper-legacy\"><div class=\"fusion-sep-clear\"><\/div><div class=\"fusion-separator fusion-full-width-sep\" style=\"margin-left: auto;margin-right: auto;margin-top:1%;margin-bottom:1%;width:100%;\"><\/div><div class=\"fusion-sep-clear\"><\/div><div class=\"fusion-text fusion-text-3\"><p><img decoding=\"async\" class=\"lazyload alignnone size-full wp-image-2269\" src=\"https:\/\/friendlysmilesdental.com\/wp-content\/uploads\/2020\/06\/how-to-brush.jpg\" data-orig-src=\"https:\/\/friendlysmilesdental.com\/wp-content\/uploads\/2020\/06\/how-to-brush.jpg\" alt=\"Friendly Smiles tiene informaci\u00f3n sobre c\u00f3mo cepillarse los dientes y usar el hilo dental correctamente\" width=\"640\" height=\"425\" srcset=\"data:image\/svg+xml,%3Csvg%20xmlns%3D%27http%3A%2F%2Fwww.w3.org%2F2000%2Fsvg%27%20width%3D%27640%27%20height%3D%27425%27%20viewBox%3D%270%200%20640%20425%27%3E%3Crect%20width%3D%27640%27%20height%3D%27425%27%20fill-opacity%3D%220%22%2F%3E%3C%2Fsvg%3E\" data-srcset=\"https:\/\/friendlysmilesdental.com\/wp-content\/uploads\/2020\/06\/how-to-brush-200x133.jpg 200w, https:\/\/friendlysmilesdental.com\/wp-content\/uploads\/2020\/06\/how-to-brush-300x199.jpg 300w, https:\/\/friendlysmilesdental.com\/wp-content\/uploads\/2020\/06\/how-to-brush-400x266.jpg 400w, https:\/\/friendlysmilesdental.com\/wp-content\/uploads\/2020\/06\/how-to-brush-600x398.jpg 600w, https:\/\/friendlysmilesdental.com\/wp-content\/uploads\/2020\/06\/how-to-brush.jpg 640w\" data-sizes=\"auto\" data-orig-sizes=\"(max-width: 640px) 100vw, 640px\" \/><\/p>\n<\/div><div class=\"fusion-sep-clear\"><\/div><div class=\"fusion-separator fusion-full-width-sep\" style=\"margin-left: auto;margin-right: auto;margin-top:1%;margin-bottom:1%;width:100%;\"><\/div><div class=\"fusion-sep-clear\"><\/div><div class=\"fusion-text fusion-text-4\"><div>\n<div>\n<h2 align=\"left\">La forma correcta de cepillarse los dientes<\/h2>\n<p style=\"text-align: left;\" align=\"left\">Los dientes deben cepillarse al menos dos veces al d\u00eda; idealmente por la ma\u00f1ana y antes de acostarse. El cepillo de dientes perfecto es de tama\u00f1o peque\u00f1o, con cerdas suaves y de punta redondeada, y no tiene m\u00e1s de tres meses. El cabezal del cepillo debe ser lo bastante peque\u00f1o para acceder a todas las zonas de la boca, y las cerdas deben ser lo bastante suaves para no causar da\u00f1os indebidos en el tejido gingival. La Asociaci\u00f3n Dental Americana (ADA) ha dado a los cepillos el\u00e9ctricos su sello de aprobaci\u00f3n, afirmando que los que tienen cabezales giratorios u oscilantes son m\u00e1s eficaces que otros cepillos.<\/p>\n<h3 style=\"text-align: left;\" align=\"left\">He aqu\u00ed una gu\u00eda b\u00e1sica para un cepillado correcto:<\/h3>\n<ol>\n<li style=\"text-align: left;\">\n<div align=\"left\">Coloca el cepillo de dientes en un \u00e1ngulo de 45 grados en el lugar donde se unen las enc\u00edas y los dientes.<\/div>\n<\/li>\n<li style=\"text-align: left;\">\n<div align=\"left\">Utiliza peque\u00f1os movimientos circulares para cepillar suavemente la l\u00ednea de las enc\u00edas y los dientes.<\/div>\n<\/li>\n<li style=\"text-align: left;\">\n<div align=\"left\">No restriegues ni apliques demasiada presi\u00f3n sobre los dientes, ya que podr\u00edas da\u00f1ar las enc\u00edas y el esmalte dental.<\/div>\n<\/li>\n<li style=\"text-align: left;\">\n<div align=\"left\">Cepille cada superficie de cada diente, del lado de la mejilla, del lado de la lengua y las superficies de masticaci\u00f3n. Haga especial hincapi\u00e9 en las superficies de los dientes posteriores.<\/div>\n<\/li>\n<li style=\"text-align: left;\">\n<div align=\"justify\">Cepille las superficies de masticaci\u00f3n con movimientos de vaiv\u00e9n.<\/div>\n<\/li>\n<li>\n<div style=\"text-align: left;\" align=\"left\">Cepillar la lengua para eliminar hongos, alimentos y restos.<\/div>\n<\/li>\n<\/ol>\n<h2 align=\"left\">C\u00f3mo utilizar correctamente el hilo dental<\/h2>\n<p style=\"text-align: left;\" align=\"left\">El hilo dental es una excelente forma de eliminar la placa de las regiones interdentales (entre los dientes). El hilo dental es una herramienta especialmente importante para prevenir la enfermedad periodontal y limitar la profundidad de las bolsas de las enc\u00edas. Las regiones interdentales son dif\u00edciles de alcanzar con un cepillo de dientes y deben limpiarse a diario con seda dental. El sabor y el tipo de hilo dental no son importantes; elija un hilo dental que le resulte f\u00e1cil y agradable de usar.<\/p>\n<h3 style=\"text-align: left;\" align=\"left\">He aqu\u00ed una gu\u00eda b\u00e1sica para utilizar correctamente el hilo dental:<\/h3>\n<ol style=\"text-align: left;\">\n<li>\n<div align=\"left\">Corta un trozo de hilo dental de unos 45 cm de largo.<\/div>\n<\/li>\n<li>\n<div align=\"left\">Enrolle un extremo del hilo dental alrededor del dedo coraz\u00f3n de la mano izquierda y el otro extremo alrededor del dedo coraz\u00f3n de la mano derecha hasta que las manos queden a una distancia de 2-3 pulgadas.<\/div>\n<\/li>\n<li>\n<div align=\"left\">Pase el hilo suavemente entre los dientes hacia la l\u00ednea de las enc\u00edas.<\/div>\n<\/li>\n<li>\n<div align=\"left\">Curva el hilo dental en forma de U alrededor de cada diente y desl\u00edzalo con cuidado por debajo de la l\u00ednea de las enc\u00edas.<\/div>\n<\/li>\n<li>\n<div align=\"left\">Mueva con cuidado el hilo dental hacia arriba y hacia abajo varias veces para eliminar la placa interdental y los restos.<\/div>\n<\/li>\n<li>\n<div align=\"left\">No introduzcas y saques el hilo entre los dientes, ya que se inflamar\u00edan y cortar\u00edan las enc\u00edas.<\/div>\n<\/li>\n<\/ol>\n<p style=\"text-align: left;\" align=\"left\"><em>Si tiene alguna duda sobre la forma correcta de cepillarse o utilizar el hilo dental, consulte a su dentista o higienista dental.<\/em><\/p>\n<\/div>\n<\/div>\n<\/div><div class=\"fusion-clearfix\"><\/div><\/div><\/div><\/div><\/div><div class=\"fusion-fullwidth fullwidth-box fusion-builder-row-2 nonhundred-percent-fullwidth non-hundred-percent-height-scrolling\" style=\"--awb-border-radius-top-left:0px;--awb-border-radius-top-right:0px;--awb-border-radius-bottom-right:0px;--awb-border-radius-bottom-left:0px;--awb-flex-wrap:wrap;\" ><div class=\"fusion-builder-row fusion-row\"><div class=\"fusion-layout-column fusion_builder_column fusion-builder-column-2 fusion_builder_column_1_2 1_2 fusion-one-half fusion-column-first\" style=\"--awb-bg-size:cover;width:50%;width:calc(50% - ( ( 4% ) * 0.5 ) );margin-right: 4%;\"><div class=\"fusion-column-wrapper fusion-column-has-shadow fusion-flex-column-wrapper-legacy\"><div class=\"fusion-clearfix\"><\/div><\/div><\/div><div class=\"fusion-layout-column fusion_builder_column fusion-builder-column-3 fusion_builder_column_1_2 1_2 fusion-one-half fusion-column-last\" style=\"--awb-bg-size:cover;width:50%;width:calc(50% - ( ( 4% ) * 0.5 ) );\"><div class=\"fusion-column-wrapper fusion-column-has-shadow fusion-flex-column-wrapper-legacy\"><div class=\"fusion-clearfix\"><\/div><\/div><\/div><\/div><\/div><div class=\"fusion-bg-parallax\" data-bg-align=\"center center\" data-direction=\"right\" data-mute=\"false\" data-opacity=\"100\" data-velocity=\"-0.8\" data-mobile-enabled=\"false\" data-break_parents=\"0\" data-bg-image=\"https:\/\/friendlysmilesdental.com\/wp-content\/uploads\/2020\/01\/best-san-luis-obispo-dentist.jpg\" data-bg-repeat=\"false\" ><\/div><div class=\"fusion-fullwidth fullwidth-box fusion-builder-row-3 fusion-parallax-right nonhundred-percent-fullwidth non-hundred-percent-height-scrolling lazyload\" style=\"--awb-border-radius-top-left:0px;--awb-border-radius-top-right:0px;--awb-border-radius-bottom-right:0px;--awb-border-radius-bottom-left:0px;--awb-padding-top:80px;--awb-padding-bottom:100px;--awb-background-size:cover;--awb-flex-wrap:wrap;\" data-bg=\"https:\/\/friendlysmilesdental.com\/wp-content\/uploads\/2020\/01\/best-san-luis-obispo-dentist.jpg\" ><div class=\"fusion-builder-row fusion-row\"><div class=\"fusion-layout-column fusion_builder_column fusion-builder-column-4 fusion_builder_column_1_1 1_1 fusion-one-full fusion-column-first fusion-column-last\" style=\"--awb-bg-size:cover;--awb-margin-top:3%;--awb-margin-bottom:3%;\"><div class=\"fusion-column-wrapper fusion-flex-column-wrapper-legacy\"><div class=\"fusion-text fusion-text-5\"><h2 style=\"text-align: center;\"><span style=\"color: #ffffff;\">\u00bfListo para sonre\u00edr?<\/span><\/h2>\n<\/div><div class=\"fusion-sep-clear\"><\/div><div class=\"fusion-separator fusion-full-width-sep\" style=\"margin-left: auto;margin-right: auto;margin-top:15px;width:100%;\"><\/div><div class=\"fusion-sep-clear\"><\/div><div class=\"fusion-aligncenter\"><a class=\"fusion-button button-flat fusion-button-default-size button-custom fusion-button-default button-1 fusion-button-default-span fusion-button-default-type\" style=\"--button_accent_color:#ffffff;--button_accent_hover_color:#6487c2;--button_border_hover_color:#6487c2;--button_gradient_top_color:#4fc3a3;--button_gradient_bottom_color:#4fc3a3;--button_gradient_top_color_hover:#ffffff;--button_gradient_bottom_color_hover:#ffffff;\" target=\"_self\" href=\"https:\/\/friendlysmilesdental.com\/es\/reservar-cita\/\"><i class=\"fa-plus fas button-icon-left\" aria-hidden=\"true\"><\/i><span class=\"fusion-button-text\">Concierte una cita<\/span><\/a><\/div><div class=\"fusion-clearfix\"><\/div><\/div><\/div><\/div><\/div><\/p>\n","protected":false},"excerpt":{"rendered":"","protected":false},"author":4,"featured_media":0,"parent":0,"menu_order":0,"comment_status":"closed","ping_status":"open","template":"100-width.php","meta":{"footnotes":""},"yoast_head":"<!-- This site is optimized with the Yoast SEO plugin v23.9 - https:\/\/yoast.com\/wordpress\/plugins\/seo\/ -->\n<title>C\u00f3mo cepillarse y usar el hilo dental correctamente | Central Coast Dentist Friendly Smiles<\/title>\n<meta name=\"description\" content=\"El cepillado y el hilo dental son de vital importancia para la higiene bucal. Las limpiezas dentales profesionales eliminan la placa y el sarro.\" \/>\n<meta name=\"robots\" content=\"index, follow, max-snippet:-1, max-image-preview:large, max-video-preview:-1\" \/>\n<link rel=\"canonical\" href=\"https:\/\/friendlysmilesdental.com\/es\/como-cepillarse-los-dientes-y-usar-hilo-dental\/\" \/>\n<meta property=\"og:locale\" content=\"es_ES\" \/>\n<meta property=\"og:type\" content=\"article\" \/>\n<meta property=\"og:title\" content=\"C\u00f3mo cepillarse y usar el hilo dental correctamente | Central Coast Dentist Friendly Smiles\" \/>\n<meta property=\"og:description\" content=\"El cepillado y el hilo dental son de vital importancia para la higiene bucal. Las limpiezas dentales profesionales eliminan la placa y el sarro.\" \/>\n<meta property=\"og:url\" content=\"https:\/\/friendlysmilesdental.com\/es\/como-cepillarse-los-dientes-y-usar-hilo-dental\/\" \/>\n<meta property=\"og:site_name\" content=\"Friendly Smiles Dental\" \/>\n<meta property=\"article:modified_time\" content=\"2024-04-09T21:25:02+00:00\" \/>\n<meta property=\"og:image\" content=\"https:\/\/friendlysmilesdental.com\/wp-content\/uploads\/2020\/06\/how-to-brush.jpg\" \/>\n<meta name=\"twitter:card\" content=\"summary_large_image\" \/>\n<meta name=\"twitter:label1\" content=\"Tiempo de lectura\" \/>\n\t<meta name=\"twitter:data1\" content=\"11 minutos\" \/>\n<script type=\"application\/ld+json\" class=\"yoast-schema-graph\">{\"@context\":\"https:\/\/schema.org\",\"@graph\":[{\"@type\":\"WebPage\",\"@id\":\"https:\/\/friendlysmilesdental.com\/es\/como-cepillarse-los-dientes-y-usar-hilo-dental\/\",\"url\":\"https:\/\/friendlysmilesdental.com\/es\/como-cepillarse-los-dientes-y-usar-hilo-dental\/\",\"name\":\"C\u00f3mo cepillarse y usar el hilo dental correctamente | Central Coast Dentist Friendly Smiles\",\"isPartOf\":{\"@id\":\"https:\/\/friendlysmilesdental.com\/es\/#website\"},\"primaryImageOfPage\":{\"@id\":\"https:\/\/friendlysmilesdental.com\/es\/como-cepillarse-los-dientes-y-usar-hilo-dental\/#primaryimage\"},\"image\":{\"@id\":\"https:\/\/friendlysmilesdental.com\/es\/como-cepillarse-los-dientes-y-usar-hilo-dental\/#primaryimage\"},\"thumbnailUrl\":\"https:\/\/friendlysmilesdental.com\/wp-content\/uploads\/2020\/06\/how-to-brush.jpg\",\"datePublished\":\"2019-10-09T04:02:46+00:00\",\"dateModified\":\"2024-04-09T21:25:02+00:00\",\"description\":\"El cepillado y el hilo dental son de vital importancia para la higiene bucal. Las limpiezas dentales profesionales eliminan la placa y el sarro.\",\"breadcrumb\":{\"@id\":\"https:\/\/friendlysmilesdental.com\/es\/como-cepillarse-los-dientes-y-usar-hilo-dental\/#breadcrumb\"},\"inLanguage\":\"es\",\"potentialAction\":[{\"@type\":\"ReadAction\",\"target\":[\"https:\/\/friendlysmilesdental.com\/es\/como-cepillarse-los-dientes-y-usar-hilo-dental\/\"]}]},{\"@type\":\"ImageObject\",\"inLanguage\":\"es\",\"@id\":\"https:\/\/friendlysmilesdental.com\/es\/como-cepillarse-los-dientes-y-usar-hilo-dental\/#primaryimage\",\"url\":\"https:\/\/friendlysmilesdental.com\/wp-content\/uploads\/2020\/06\/how-to-brush.jpg\",\"contentUrl\":\"https:\/\/friendlysmilesdental.com\/wp-content\/uploads\/2020\/06\/how-to-brush.jpg\"},{\"@type\":\"BreadcrumbList\",\"@id\":\"https:\/\/friendlysmilesdental.com\/es\/como-cepillarse-los-dientes-y-usar-hilo-dental\/#breadcrumb\",\"itemListElement\":[{\"@type\":\"ListItem\",\"position\":1,\"name\":\"Home\",\"item\":\"https:\/\/friendlysmilesdental.com\/es\/inicio\/\"},{\"@type\":\"ListItem\",\"position\":2,\"name\":\"C\u00f3mo cepillarse los dientes y usar hilo dental\"}]},{\"@type\":\"WebSite\",\"@id\":\"https:\/\/friendlysmilesdental.com\/es\/#website\",\"url\":\"https:\/\/friendlysmilesdental.com\/es\/\",\"name\":\"Friendly Smiles Dental\",\"description\":\"Santa Maria Dentists | San Luis Obispo Dentists | King City Dentists\",\"potentialAction\":[{\"@type\":\"SearchAction\",\"target\":{\"@type\":\"EntryPoint\",\"urlTemplate\":\"https:\/\/friendlysmilesdental.com\/es\/?s={search_term_string}\"},\"query-input\":{\"@type\":\"PropertyValueSpecification\",\"valueRequired\":true,\"valueName\":\"search_term_string\"}}],\"inLanguage\":\"es\"}]}<\/script>\n<!-- \/ Yoast SEO plugin. -->","yoast_head_json":{"title":"C\u00f3mo cepillarse y usar el hilo dental correctamente | Central Coast Dentist Friendly Smiles","description":"El cepillado y el hilo dental son de vital importancia para la higiene bucal. Las limpiezas dentales profesionales eliminan la placa y el sarro.","robots":{"index":"index","follow":"follow","max-snippet":"max-snippet:-1","max-image-preview":"max-image-preview:large","max-video-preview":"max-video-preview:-1"},"canonical":"https:\/\/friendlysmilesdental.com\/es\/como-cepillarse-los-dientes-y-usar-hilo-dental\/","og_locale":"es_ES","og_type":"article","og_title":"C\u00f3mo cepillarse y usar el hilo dental correctamente | Central Coast Dentist Friendly Smiles","og_description":"El cepillado y el hilo dental son de vital importancia para la higiene bucal. Las limpiezas dentales profesionales eliminan la placa y el sarro.","og_url":"https:\/\/friendlysmilesdental.com\/es\/como-cepillarse-los-dientes-y-usar-hilo-dental\/","og_site_name":"Friendly Smiles Dental","article_modified_time":"2024-04-09T21:25:02+00:00","og_image":[{"url":"https:\/\/friendlysmilesdental.com\/wp-content\/uploads\/2020\/06\/how-to-brush.jpg"}],"twitter_card":"summary_large_image","twitter_misc":{"Tiempo de lectura":"11 minutos"},"schema":{"@context":"https:\/\/schema.org","@graph":[{"@type":"WebPage","@id":"https:\/\/friendlysmilesdental.com\/es\/como-cepillarse-los-dientes-y-usar-hilo-dental\/","url":"https:\/\/friendlysmilesdental.com\/es\/como-cepillarse-los-dientes-y-usar-hilo-dental\/","name":"C\u00f3mo cepillarse y usar el hilo dental correctamente | Central Coast Dentist Friendly Smiles","isPartOf":{"@id":"https:\/\/friendlysmilesdental.com\/es\/#website"},"primaryImageOfPage":{"@id":"https:\/\/friendlysmilesdental.com\/es\/como-cepillarse-los-dientes-y-usar-hilo-dental\/#primaryimage"},"image":{"@id":"https:\/\/friendlysmilesdental.com\/es\/como-cepillarse-los-dientes-y-usar-hilo-dental\/#primaryimage"},"thumbnailUrl":"https:\/\/friendlysmilesdental.com\/wp-content\/uploads\/2020\/06\/how-to-brush.jpg","datePublished":"2019-10-09T04:02:46+00:00","dateModified":"2024-04-09T21:25:02+00:00","description":"El cepillado y el hilo dental son de vital importancia para la higiene bucal. Las limpiezas dentales profesionales eliminan la placa y el sarro.","breadcrumb":{"@id":"https:\/\/friendlysmilesdental.com\/es\/como-cepillarse-los-dientes-y-usar-hilo-dental\/#breadcrumb"},"inLanguage":"es","potentialAction":[{"@type":"ReadAction","target":["https:\/\/friendlysmilesdental.com\/es\/como-cepillarse-los-dientes-y-usar-hilo-dental\/"]}]},{"@type":"ImageObject","inLanguage":"es","@id":"https:\/\/friendlysmilesdental.com\/es\/como-cepillarse-los-dientes-y-usar-hilo-dental\/#primaryimage","url":"https:\/\/friendlysmilesdental.com\/wp-content\/uploads\/2020\/06\/how-to-brush.jpg","contentUrl":"https:\/\/friendlysmilesdental.com\/wp-content\/uploads\/2020\/06\/how-to-brush.jpg"},{"@type":"BreadcrumbList","@id":"https:\/\/friendlysmilesdental.com\/es\/como-cepillarse-los-dientes-y-usar-hilo-dental\/#breadcrumb","itemListElement":[{"@type":"ListItem","position":1,"name":"Home","item":"https:\/\/friendlysmilesdental.com\/es\/inicio\/"},{"@type":"ListItem","position":2,"name":"C\u00f3mo cepillarse los dientes y usar hilo dental"}]},{"@type":"WebSite","@id":"https:\/\/friendlysmilesdental.com\/es\/#website","url":"https:\/\/friendlysmilesdental.com\/es\/","name":"Friendly Smiles Dental","description":"Santa Maria Dentists | San Luis Obispo Dentists | King City Dentists","potentialAction":[{"@type":"SearchAction","target":{"@type":"EntryPoint","urlTemplate":"https:\/\/friendlysmilesdental.com\/es\/?s={search_term_string}"},"query-input":{"@type":"PropertyValueSpecification","valueRequired":true,"valueName":"search_term_string"}}],"inLanguage":"es"}]}},"_links":{"self":[{"href":"https:\/\/friendlysmilesdental.com\/es\/wp-json\/wp\/v2\/pages\/2930"}],"collection":[{"href":"https:\/\/friendlysmilesdental.com\/es\/wp-json\/wp\/v2\/pages"}],"about":[{"href":"https:\/\/friendlysmilesdental.com\/es\/wp-json\/wp\/v2\/types\/page"}],"author":[{"embeddable":true,"href":"https:\/\/friendlysmilesdental.com\/es\/wp-json\/wp\/v2\/users\/4"}],"replies":[{"embeddable":true,"href":"https:\/\/friendlysmilesdental.com\/es\/wp-json\/wp\/v2\/comments?post=2930"}],"version-history":[{"count":7,"href":"https:\/\/friendlysmilesdental.com\/es\/wp-json\/wp\/v2\/pages\/2930\/revisions"}],"predecessor-version":[{"id":3061,"href":"https:\/\/friendlysmilesdental.com\/es\/wp-json\/wp\/v2\/pages\/2930\/revisions\/3061"}],"wp:attachment":[{"href":"https:\/\/friendlysmilesdental.com\/es\/wp-json\/wp\/v2\/media?parent=2930"}],"curies":[{"name":"wp","href":"https:\/\/api.w.org\/{rel}","templated":true}]}}