{"id":2938,"date":"2019-10-09T04:48:50","date_gmt":"2019-10-09T04:48:50","guid":{"rendered":"https:\/\/friendlysmilesdental.com\/tratamiento-con-fluor\/"},"modified":"2024-04-09T21:25:02","modified_gmt":"2024-04-09T21:25:02","slug":"tratamiento-con-fluor","status":"publish","type":"page","link":"https:\/\/friendlysmilesdental.com\/es\/tratamiento-con-fluor\/","title":{"rendered":"Tratamiento con fl\u00faor"},"content":{"rendered":"<p><div class=\"fusion-fullwidth fullwidth-box fusion-builder-row-1 nonhundred-percent-fullwidth non-hundred-percent-height-scrolling\" style=\"--awb-border-radius-top-left:0px;--awb-border-radius-top-right:0px;--awb-border-radius-bottom-right:0px;--awb-border-radius-bottom-left:0px;--awb-padding-top:0px;--awb-padding-right:30px;--awb-padding-bottom:0px;--awb-padding-left:30px;--awb-flex-wrap:wrap;\" ><div class=\"fusion-builder-row fusion-row\"><div class=\"fusion-layout-column fusion_builder_column fusion-builder-column-0 fusion_builder_column_1_2 1_2 fusion-one-half fusion-column-first\" style=\"--awb-bg-size:cover;width:50%;width:calc(50% - ( ( 4% ) * 0.5 ) );margin-right: 4%;\"><div class=\"fusion-column-wrapper fusion-column-has-shadow fusion-flex-column-wrapper-legacy\"><div class=\"fusion-text fusion-text-1\"><h1 align=\"left\">Tratamiento con fl\u00faor<\/h1>\n<\/div><div class=\"fusion-sep-clear\"><\/div><div class=\"fusion-separator fusion-clearfix\" style=\"float:left;margin-top:20px;margin-bottom:25px;width:100%;max-width:100px;\"><div class=\"fusion-separator-border sep-single sep-solid\" style=\"--awb-height:20px;--awb-amount:20px;--awb-sep-color:#6589c0;border-color:#6589c0;border-top-width:2px;\"><\/div><\/div><div class=\"fusion-sep-clear\"><\/div><div class=\"fusion-text fusion-text-2\"><p style=\"text-align: left;\" align=\"left\">El fl\u00faor es el agente m\u00e1s eficaz disponible para ayudar a prevenir la caries dental. Es un mineral que est\u00e1 presente de forma natural en cantidades variables en casi todos los alimentos y suministros de agua. Los beneficios del fl\u00faor son bien conocidos desde hace m\u00e1s de 50 a\u00f1os y cuentan con el respaldo de numerosas organizaciones sanitarias y profesionales.<\/p>\n<h2 style=\"text-align: left;\" align=\"left\">He aqu\u00ed dos formas en las que act\u00faa el fl\u00faor:<\/h2>\n<p style=\"text-align: left;\" align=\"left\"><b><br \/>\n  <i>El fl\u00faor t\u00f3pico<\/i><br \/>\n<\/b> refuerza los dientes una vez que han erupcionado al filtrarse en la superficie externa del esmalte dental, haciendo que los dientes sean m\u00e1s resistentes a la caries. Obtenemos fl\u00faor t\u00f3pico utilizando productos dentales que contienen fl\u00faor, como dent\u00edfricos, enjuagues bucales y geles. Los dentistas e higienistas dentales suelen recomendar que los ni\u00f1os reciban una aplicaci\u00f3n profesional de fl\u00faor <em>dos veces al a\u00f1o<\/em> durante las revisiones dentales.<\/p>\n<p style=\"text-align: left;\" align=\"left\"><b><br \/>\n  <i>El fl\u00faor sist\u00e9mico<\/i><br \/>\n<\/b> refuerza los dientes que han erupcionado, <i>as\u00ed como los que se est\u00e1n desarrollando bajo las enc\u00edas<\/i>. Obtenemos fluoruro sist\u00e9mico de la mayor\u00eda de los alimentos y de los suministros de agua de nuestra comunidad. Tambi\u00e9n est\u00e1 disponible como suplemento en forma de gotas o gel y puede ser recetado por su dentista o m\u00e9dico. En general, las gotas de fl\u00faor se recomiendan para los lactantes, y las pastillas son m\u00e1s adecuadas para los ni\u00f1os hasta la adolescencia. Es muy importante controlar las cantidades de fl\u00faor que ingiere un ni\u00f1o. Si se consume demasiado fl\u00faor durante el desarrollo de los dientes, puede producirse una enfermedad denominada fluorosis (manchas blancas en los dientes).<\/p>\n<\/div><div class=\"fusion-clearfix\"><\/div><\/div><\/div><div class=\"fusion-layout-column fusion_builder_column fusion-builder-column-1 fusion_builder_column_1_2 1_2 fusion-one-half fusion-column-last\" style=\"--awb-bg-size:cover;width:50%;width:calc(50% - ( ( 4% ) * 0.5 ) );\"><div class=\"fusion-column-wrapper fusion-column-has-shadow fusion-flex-column-wrapper-legacy\"><div class=\"fusion-sep-clear\"><\/div><div class=\"fusion-separator fusion-full-width-sep\" style=\"margin-left: auto;margin-right: auto;margin-top:1%;margin-bottom:1%;width:100%;\"><\/div><div class=\"fusion-sep-clear\"><\/div><div class=\"fusion-text fusion-text-3\"><p><img decoding=\"async\" class=\"lazyload alignnone size-full wp-image-1869\" src=\"https:\/\/friendlysmilesdental.com\/wp-content\/uploads\/2019\/12\/flouride-treatment.jpg\" data-orig-src=\"https:\/\/friendlysmilesdental.com\/wp-content\/uploads\/2019\/12\/flouride-treatment.jpg\" alt=\"Tratamiento con fl\u00faor en el dentista de San Luis Obispo\" width=\"550\" height=\"367\" srcset=\"data:image\/svg+xml,%3Csvg%20xmlns%3D%27http%3A%2F%2Fwww.w3.org%2F2000%2Fsvg%27%20width%3D%27550%27%20height%3D%27367%27%20viewBox%3D%270%200%20550%20367%27%3E%3Crect%20width%3D%27550%27%20height%3D%27367%27%20fill-opacity%3D%220%22%2F%3E%3C%2Fsvg%3E\" data-srcset=\"https:\/\/friendlysmilesdental.com\/wp-content\/uploads\/2019\/12\/flouride-treatment-200x133.jpg 200w, https:\/\/friendlysmilesdental.com\/wp-content\/uploads\/2019\/12\/flouride-treatment-300x200.jpg 300w, https:\/\/friendlysmilesdental.com\/wp-content\/uploads\/2019\/12\/flouride-treatment-400x267.jpg 400w, https:\/\/friendlysmilesdental.com\/wp-content\/uploads\/2019\/12\/flouride-treatment.jpg 550w\" data-sizes=\"auto\" data-orig-sizes=\"(max-width: 550px) 100vw, 550px\" \/><\/p>\n<\/div><div class=\"fusion-sep-clear\"><\/div><div class=\"fusion-separator fusion-full-width-sep\" style=\"margin-left: auto;margin-right: auto;margin-top:1%;margin-bottom:1%;width:100%;\"><\/div><div class=\"fusion-sep-clear\"><\/div><div class=\"fusion-text fusion-text-4\"><p style=\"text-align: left;\" align=\"left\">Aunque la mayor\u00eda de las personas reciben fl\u00faor de los alimentos y el agua, a veces no es suficiente para ayudar a prevenir la caries. Su dentista o higienista dental puede recomendarle el uso de tratamientos caseros y\/o profesionales con fl\u00faor por las siguientes razones:<\/p>\n<ul style=\"text-align: left;\" type=\"disc\">\n<li>\n<div align=\"left\">Fosas y fisuras profundas en las superficies masticatorias de los dientes.<\/div>\n<\/li>\n<li>\n<div align=\"left\">Superficies radiculares expuestas y sensibles.<\/div>\n<\/li>\n<li>\n<div align=\"left\">H\u00e1bitos de higiene bucal de regulares a deficientes.<\/div>\n<\/li>\n<li>\n<div align=\"left\">Ingesta frecuente de az\u00facar y carbohidratos.<\/div>\n<\/li>\n<li>\n<div align=\"left\">Exposici\u00f3n inadecuada a los fluoruros.<\/div>\n<\/li>\n<li>\n<div align=\"left\">Flujo inadecuado de saliva debido a afecciones m\u00e9dicas, tratamientos m\u00e9dicos o medicamentos.<\/div>\n<\/li>\n<li>\n<div align=\"left\">Historia reciente de caries dental.<\/div>\n<\/li>\n<\/ul>\n<p style=\"text-align: left;\" align=\"left\"><i><strong>Recuerde que el fl\u00faor por s\u00ed solo no previene la caries.<\/strong> <\/i>Es importante cepillarse los dientes al menos dos veces al d\u00eda, utilizar hilo dental con regularidad, comer de forma equilibrada, reducir los tentempi\u00e9s azucarados y visitar al dentista con regularidad.<\/p>\n<\/div><div class=\"fusion-clearfix\"><\/div><\/div><\/div><\/div><\/div><div class=\"fusion-fullwidth fullwidth-box fusion-builder-row-2 nonhundred-percent-fullwidth non-hundred-percent-height-scrolling\" style=\"--awb-border-radius-top-left:0px;--awb-border-radius-top-right:0px;--awb-border-radius-bottom-right:0px;--awb-border-radius-bottom-left:0px;--awb-flex-wrap:wrap;\" ><div class=\"fusion-builder-row fusion-row\"><div class=\"fusion-layout-column fusion_builder_column fusion-builder-column-2 fusion_builder_column_1_2 1_2 fusion-one-half fusion-column-first\" style=\"--awb-bg-size:cover;width:50%;width:calc(50% - ( ( 4% ) * 0.5 ) );margin-right: 4%;\"><div class=\"fusion-column-wrapper fusion-column-has-shadow fusion-flex-column-wrapper-legacy\"><div class=\"fusion-clearfix\"><\/div><\/div><\/div><div class=\"fusion-layout-column fusion_builder_column fusion-builder-column-3 fusion_builder_column_1_2 1_2 fusion-one-half fusion-column-last\" style=\"--awb-bg-size:cover;width:50%;width:calc(50% - ( ( 4% ) * 0.5 ) );\"><div class=\"fusion-column-wrapper fusion-column-has-shadow fusion-flex-column-wrapper-legacy\"><div class=\"fusion-clearfix\"><\/div><\/div><\/div><\/div><\/div><div class=\"fusion-bg-parallax\" data-bg-align=\"center center\" data-direction=\"right\" data-mute=\"false\" data-opacity=\"100\" data-velocity=\"-0.8\" data-mobile-enabled=\"false\" data-break_parents=\"0\" data-bg-image=\"https:\/\/friendlysmilesdental.com\/wp-content\/uploads\/2020\/01\/best-san-luis-obispo-dentist.jpg\" data-bg-repeat=\"false\" ><\/div><div class=\"fusion-fullwidth fullwidth-box fusion-builder-row-3 fusion-parallax-right nonhundred-percent-fullwidth non-hundred-percent-height-scrolling lazyload\" style=\"--awb-border-radius-top-left:0px;--awb-border-radius-top-right:0px;--awb-border-radius-bottom-right:0px;--awb-border-radius-bottom-left:0px;--awb-padding-top:40px;--awb-padding-bottom:50px;--awb-background-size:cover;--awb-flex-wrap:wrap;\" data-bg=\"https:\/\/friendlysmilesdental.com\/wp-content\/uploads\/2020\/01\/best-san-luis-obispo-dentist.jpg\" ><div class=\"fusion-builder-row fusion-row\"><div class=\"fusion-layout-column fusion_builder_column fusion-builder-column-4 fusion_builder_column_1_1 1_1 fusion-one-full fusion-column-first fusion-column-last\" style=\"--awb-bg-size:cover;--awb-margin-top:3%;--awb-margin-bottom:3%;\"><div class=\"fusion-column-wrapper fusion-column-has-shadow fusion-flex-column-wrapper-legacy\"><div class=\"fusion-text fusion-text-5\"><h2 style=\"text-align: center;\"><span style=\"color: #ffffff;\">\u00bfListo para sonre\u00edr?<\/span><\/h2>\n<\/div><div class=\"fusion-sep-clear\"><\/div><div class=\"fusion-separator fusion-full-width-sep\" style=\"margin-left: auto;margin-right: auto;margin-top:15px;width:100%;\"><\/div><div class=\"fusion-sep-clear\"><\/div><div class=\"fusion-aligncenter\"><a class=\"fusion-button button-flat fusion-button-default-size button-custom fusion-button-default button-1 fusion-button-default-span fusion-button-default-type\" style=\"--button_accent_color:#ffffff;--button_accent_hover_color:#6487c2;--button_border_hover_color:#6487c2;--button_gradient_top_color:#4fc3a3;--button_gradient_bottom_color:#4fc3a3;--button_gradient_top_color_hover:#ffffff;--button_gradient_bottom_color_hover:#ffffff;\" target=\"_self\" href=\"https:\/\/friendlysmilesdental.com\/es\/reservar-cita\/\"><i class=\"fa-plus fas button-icon-left\" aria-hidden=\"true\"><\/i><span class=\"fusion-button-text\">Solicitar una cita<\/span><\/a><\/div><div class=\"fusion-sep-clear\"><\/div><div class=\"fusion-separator fusion-full-width-sep\" style=\"margin-left: auto;margin-right: auto;margin-top:15px;width:100%;\"><\/div><div class=\"fusion-sep-clear\"><\/div><div class=\"fusion-text fusion-text-6\"><h3 style=\"text-align: center;\"><span style=\"color: #ffffff;\">Estamos orgullosos de aceptar Medi-Cal y tomar la mayor\u00eda de las formas de seguro en todas nuestras oficinas dentales.<\/span><\/h3>\n<\/div><div class=\"fusion-clearfix\"><\/div><\/div><\/div><\/div><\/div><\/p>\n","protected":false},"excerpt":{"rendered":"","protected":false},"author":4,"featured_media":0,"parent":0,"menu_order":0,"comment_status":"closed","ping_status":"open","template":"100-width.php","meta":{"footnotes":""},"yoast_head":"<!-- This site is optimized with the Yoast SEO plugin v23.9 - https:\/\/yoast.com\/wordpress\/plugins\/seo\/ -->\n<title>Tratamiento con fl\u00faor | Dentistas San Luis Obispo | Dentistas Santa Maria<\/title>\n<meta name=\"description\" content=\"Un tratamiento con fl\u00faor es un agente eficaz disponible para ayudar a prevenir la caries dental. Los tratamientos con fl\u00faor suelen durar s\u00f3lo unos minutos.\" \/>\n<meta name=\"robots\" content=\"index, follow, max-snippet:-1, max-image-preview:large, max-video-preview:-1\" \/>\n<link rel=\"canonical\" href=\"https:\/\/friendlysmilesdental.com\/es\/tratamiento-con-fluor\/\" \/>\n<meta property=\"og:locale\" content=\"es_ES\" \/>\n<meta property=\"og:type\" content=\"article\" \/>\n<meta property=\"og:title\" content=\"Tratamiento con fl\u00faor | Dentistas San Luis Obispo | Dentistas Santa Maria\" \/>\n<meta property=\"og:description\" content=\"Un tratamiento con fl\u00faor es un agente eficaz disponible para ayudar a prevenir la caries dental. Los tratamientos con fl\u00faor suelen durar s\u00f3lo unos minutos.\" \/>\n<meta property=\"og:url\" content=\"https:\/\/friendlysmilesdental.com\/es\/tratamiento-con-fluor\/\" \/>\n<meta property=\"og:site_name\" content=\"Friendly Smiles Dental\" \/>\n<meta property=\"article:modified_time\" content=\"2024-04-09T21:25:02+00:00\" \/>\n<meta property=\"og:image\" content=\"https:\/\/friendlysmilesdental.com\/wp-content\/uploads\/2019\/12\/flouride-treatment.jpg\" \/>\n<meta name=\"twitter:card\" content=\"summary_large_image\" \/>\n<meta name=\"twitter:label1\" content=\"Tiempo de lectura\" \/>\n\t<meta name=\"twitter:data1\" content=\"11 minutos\" \/>\n<script type=\"application\/ld+json\" class=\"yoast-schema-graph\">{\"@context\":\"https:\/\/schema.org\",\"@graph\":[{\"@type\":\"WebPage\",\"@id\":\"https:\/\/friendlysmilesdental.com\/es\/tratamiento-con-fluor\/\",\"url\":\"https:\/\/friendlysmilesdental.com\/es\/tratamiento-con-fluor\/\",\"name\":\"Tratamiento con fl\u00faor | Dentistas San Luis Obispo | Dentistas Santa Maria\",\"isPartOf\":{\"@id\":\"https:\/\/friendlysmilesdental.com\/es\/#website\"},\"primaryImageOfPage\":{\"@id\":\"https:\/\/friendlysmilesdental.com\/es\/tratamiento-con-fluor\/#primaryimage\"},\"image\":{\"@id\":\"https:\/\/friendlysmilesdental.com\/es\/tratamiento-con-fluor\/#primaryimage\"},\"thumbnailUrl\":\"https:\/\/friendlysmilesdental.com\/wp-content\/uploads\/2019\/12\/flouride-treatment.jpg\",\"datePublished\":\"2019-10-09T04:48:50+00:00\",\"dateModified\":\"2024-04-09T21:25:02+00:00\",\"description\":\"Un tratamiento con fl\u00faor es un agente eficaz disponible para ayudar a prevenir la caries dental. Los tratamientos con fl\u00faor suelen durar s\u00f3lo unos minutos.\",\"breadcrumb\":{\"@id\":\"https:\/\/friendlysmilesdental.com\/es\/tratamiento-con-fluor\/#breadcrumb\"},\"inLanguage\":\"es\",\"potentialAction\":[{\"@type\":\"ReadAction\",\"target\":[\"https:\/\/friendlysmilesdental.com\/es\/tratamiento-con-fluor\/\"]}]},{\"@type\":\"ImageObject\",\"inLanguage\":\"es\",\"@id\":\"https:\/\/friendlysmilesdental.com\/es\/tratamiento-con-fluor\/#primaryimage\",\"url\":\"https:\/\/friendlysmilesdental.com\/wp-content\/uploads\/2019\/12\/flouride-treatment.jpg\",\"contentUrl\":\"https:\/\/friendlysmilesdental.com\/wp-content\/uploads\/2019\/12\/flouride-treatment.jpg\"},{\"@type\":\"BreadcrumbList\",\"@id\":\"https:\/\/friendlysmilesdental.com\/es\/tratamiento-con-fluor\/#breadcrumb\",\"itemListElement\":[{\"@type\":\"ListItem\",\"position\":1,\"name\":\"Home\",\"item\":\"https:\/\/friendlysmilesdental.com\/es\/inicio\/\"},{\"@type\":\"ListItem\",\"position\":2,\"name\":\"Tratamiento con fl\u00faor\"}]},{\"@type\":\"WebSite\",\"@id\":\"https:\/\/friendlysmilesdental.com\/es\/#website\",\"url\":\"https:\/\/friendlysmilesdental.com\/es\/\",\"name\":\"Friendly Smiles Dental\",\"description\":\"Santa Maria Dentists | San Luis Obispo Dentists | King City Dentists\",\"potentialAction\":[{\"@type\":\"SearchAction\",\"target\":{\"@type\":\"EntryPoint\",\"urlTemplate\":\"https:\/\/friendlysmilesdental.com\/es\/?s={search_term_string}\"},\"query-input\":{\"@type\":\"PropertyValueSpecification\",\"valueRequired\":true,\"valueName\":\"search_term_string\"}}],\"inLanguage\":\"es\"}]}<\/script>\n<!-- \/ Yoast SEO plugin. -->","yoast_head_json":{"title":"Tratamiento con fl\u00faor | Dentistas San Luis Obispo | Dentistas Santa Maria","description":"Un tratamiento con fl\u00faor es un agente eficaz disponible para ayudar a prevenir la caries dental. Los tratamientos con fl\u00faor suelen durar s\u00f3lo unos minutos.","robots":{"index":"index","follow":"follow","max-snippet":"max-snippet:-1","max-image-preview":"max-image-preview:large","max-video-preview":"max-video-preview:-1"},"canonical":"https:\/\/friendlysmilesdental.com\/es\/tratamiento-con-fluor\/","og_locale":"es_ES","og_type":"article","og_title":"Tratamiento con fl\u00faor | Dentistas San Luis Obispo | Dentistas Santa Maria","og_description":"Un tratamiento con fl\u00faor es un agente eficaz disponible para ayudar a prevenir la caries dental. Los tratamientos con fl\u00faor suelen durar s\u00f3lo unos minutos.","og_url":"https:\/\/friendlysmilesdental.com\/es\/tratamiento-con-fluor\/","og_site_name":"Friendly Smiles Dental","article_modified_time":"2024-04-09T21:25:02+00:00","og_image":[{"url":"https:\/\/friendlysmilesdental.com\/wp-content\/uploads\/2019\/12\/flouride-treatment.jpg"}],"twitter_card":"summary_large_image","twitter_misc":{"Tiempo de lectura":"11 minutos"},"schema":{"@context":"https:\/\/schema.org","@graph":[{"@type":"WebPage","@id":"https:\/\/friendlysmilesdental.com\/es\/tratamiento-con-fluor\/","url":"https:\/\/friendlysmilesdental.com\/es\/tratamiento-con-fluor\/","name":"Tratamiento con fl\u00faor | Dentistas San Luis Obispo | Dentistas Santa Maria","isPartOf":{"@id":"https:\/\/friendlysmilesdental.com\/es\/#website"},"primaryImageOfPage":{"@id":"https:\/\/friendlysmilesdental.com\/es\/tratamiento-con-fluor\/#primaryimage"},"image":{"@id":"https:\/\/friendlysmilesdental.com\/es\/tratamiento-con-fluor\/#primaryimage"},"thumbnailUrl":"https:\/\/friendlysmilesdental.com\/wp-content\/uploads\/2019\/12\/flouride-treatment.jpg","datePublished":"2019-10-09T04:48:50+00:00","dateModified":"2024-04-09T21:25:02+00:00","description":"Un tratamiento con fl\u00faor es un agente eficaz disponible para ayudar a prevenir la caries dental. Los tratamientos con fl\u00faor suelen durar s\u00f3lo unos minutos.","breadcrumb":{"@id":"https:\/\/friendlysmilesdental.com\/es\/tratamiento-con-fluor\/#breadcrumb"},"inLanguage":"es","potentialAction":[{"@type":"ReadAction","target":["https:\/\/friendlysmilesdental.com\/es\/tratamiento-con-fluor\/"]}]},{"@type":"ImageObject","inLanguage":"es","@id":"https:\/\/friendlysmilesdental.com\/es\/tratamiento-con-fluor\/#primaryimage","url":"https:\/\/friendlysmilesdental.com\/wp-content\/uploads\/2019\/12\/flouride-treatment.jpg","contentUrl":"https:\/\/friendlysmilesdental.com\/wp-content\/uploads\/2019\/12\/flouride-treatment.jpg"},{"@type":"BreadcrumbList","@id":"https:\/\/friendlysmilesdental.com\/es\/tratamiento-con-fluor\/#breadcrumb","itemListElement":[{"@type":"ListItem","position":1,"name":"Home","item":"https:\/\/friendlysmilesdental.com\/es\/inicio\/"},{"@type":"ListItem","position":2,"name":"Tratamiento con fl\u00faor"}]},{"@type":"WebSite","@id":"https:\/\/friendlysmilesdental.com\/es\/#website","url":"https:\/\/friendlysmilesdental.com\/es\/","name":"Friendly Smiles Dental","description":"Santa Maria Dentists | San Luis Obispo Dentists | King City Dentists","potentialAction":[{"@type":"SearchAction","target":{"@type":"EntryPoint","urlTemplate":"https:\/\/friendlysmilesdental.com\/es\/?s={search_term_string}"},"query-input":{"@type":"PropertyValueSpecification","valueRequired":true,"valueName":"search_term_string"}}],"inLanguage":"es"}]}},"_links":{"self":[{"href":"https:\/\/friendlysmilesdental.com\/es\/wp-json\/wp\/v2\/pages\/2938"}],"collection":[{"href":"https:\/\/friendlysmilesdental.com\/es\/wp-json\/wp\/v2\/pages"}],"about":[{"href":"https:\/\/friendlysmilesdental.com\/es\/wp-json\/wp\/v2\/types\/page"}],"author":[{"embeddable":true,"href":"https:\/\/friendlysmilesdental.com\/es\/wp-json\/wp\/v2\/users\/4"}],"replies":[{"embeddable":true,"href":"https:\/\/friendlysmilesdental.com\/es\/wp-json\/wp\/v2\/comments?post=2938"}],"version-history":[{"count":2,"href":"https:\/\/friendlysmilesdental.com\/es\/wp-json\/wp\/v2\/pages\/2938\/revisions"}],"predecessor-version":[{"id":3062,"href":"https:\/\/friendlysmilesdental.com\/es\/wp-json\/wp\/v2\/pages\/2938\/revisions\/3062"}],"wp:attachment":[{"href":"https:\/\/friendlysmilesdental.com\/es\/wp-json\/wp\/v2\/media?parent=2938"}],"curies":[{"name":"wp","href":"https:\/\/api.w.org\/{rel}","templated":true}]}}