{"id":2939,"date":"2019-10-03T06:13:06","date_gmt":"2019-10-03T06:13:06","guid":{"rendered":"https:\/\/friendlysmilesdental.com\/carillas-de-porcelana\/"},"modified":"2024-04-09T21:23:32","modified_gmt":"2024-04-09T21:23:32","slug":"carillas-de-porcelana","status":"publish","type":"page","link":"https:\/\/friendlysmilesdental.com\/es\/carillas-de-porcelana\/","title":{"rendered":"Carillas de porcelana"},"content":{"rendered":"<p><div class=\"fusion-fullwidth fullwidth-box fusion-builder-row-1 nonhundred-percent-fullwidth non-hundred-percent-height-scrolling\" style=\"--awb-border-radius-top-left:0px;--awb-border-radius-top-right:0px;--awb-border-radius-bottom-right:0px;--awb-border-radius-bottom-left:0px;--awb-padding-top:0px;--awb-padding-right:30px;--awb-padding-bottom:0px;--awb-padding-left:30px;--awb-flex-wrap:wrap;\" ><div class=\"fusion-builder-row fusion-row\"><div class=\"fusion-layout-column fusion_builder_column fusion-builder-column-0 fusion_builder_column_1_2 1_2 fusion-one-half fusion-column-first\" style=\"--awb-bg-size:cover;width:50%;width:calc(50% - ( ( 4% ) * 0.5 ) );margin-right: 4%;\"><div class=\"fusion-column-wrapper fusion-column-has-shadow fusion-flex-column-wrapper-legacy\"><div class=\"fusion-text fusion-text-1\"><h1 align=\"left\">Carillas de porcelana en o cerca de San Luis Obispo County<\/h1>\n<\/div><div class=\"fusion-text fusion-text-2\"><h3 align=\"left\">Las carillas de porcelana son uno de los procedimientos dentales est\u00e9ticos m\u00e1s comunes para aprobar el aspecto de una sonrisa.<\/h3>\n<\/div><div class=\"fusion-sep-clear\"><\/div><div class=\"fusion-separator fusion-clearfix\" style=\"float:left;margin-top:22px;margin-bottom:25px;width:100%;max-width:100px;\"><div class=\"fusion-separator-border sep-single sep-solid\" style=\"--awb-height:20px;--awb-amount:20px;--awb-sep-color:#6589c0;border-color:#6589c0;border-top-width:2px;\"><\/div><\/div><div class=\"fusion-sep-clear\"><\/div><div class=\"fusion-text fusion-text-3\"><p style=\"text-align: left;\" align=\"left\">Las carillas son piezas muy finas de porcelana duradera con forma de diente que se fabrican a medida (en cuanto a forma y color) en un laboratorio dental profesional. Se adhieren a la parte frontal de los dientes para crear una bonita sonrisa.<\/p>\n<p style=\"text-align: left;\" align=\"left\">Las carillas pueden remodelar por completo sus dientes y su sonrisa. A menudo pueden ser alternativas a las coronas y la soluci\u00f3n ideal para tratar muchas afecciones dentales.<\/p>\n<p style=\"text-align: left;\" align=\"left\">Como ocurre con la mayor\u00eda de las restauraciones dentales, las carillas no son permanentes y alg\u00fan d\u00eda puede ser necesario sustituirlas. Son resistentes y durar\u00e1n muchos a\u00f1os, proporcion\u00e1ndole una sonrisa bonita y duradera.<\/p>\n<\/div><div class=\"fusion-sep-clear\"><\/div><div class=\"fusion-separator fusion-full-width-sep\" style=\"margin-left: auto;margin-right: auto;margin-top:1%;margin-bottom:1%;width:100%;\"><\/div><div class=\"fusion-sep-clear\"><\/div><div class=\"fusion-image-element in-legacy-container\" style=\"--awb-caption-title-font-family:var(--h2_typography-font-family);--awb-caption-title-font-weight:var(--h2_typography-font-weight);--awb-caption-title-font-style:var(--h2_typography-font-style);--awb-caption-title-size:var(--h2_typography-font-size);--awb-caption-title-transform:var(--h2_typography-text-transform);--awb-caption-title-line-height:var(--h2_typography-line-height);--awb-caption-title-letter-spacing:var(--h2_typography-letter-spacing);\"><span class=\" fusion-imageframe imageframe-none imageframe-1 hover-type-none\"><img decoding=\"async\" width=\"600\" height=\"400\" alt=\"Carillas de porcelana dentista Santa Maria\" title=\"Print\" src=\"https:\/\/friendlysmilesdental.com\/wp-content\/uploads\/2019\/10\/veneer-procedure-600px.jpg\" data-orig-src=\"http:\/\/friendlysmilesdental.com\/wp-content\/uploads\/2019\/10\/veneer-procedure-600px.jpg\" class=\"lazyload img-responsive wp-image-2792\" srcset=\"data:image\/svg+xml,%3Csvg%20xmlns%3D%27http%3A%2F%2Fwww.w3.org%2F2000%2Fsvg%27%20width%3D%27600%27%20height%3D%27400%27%20viewBox%3D%270%200%20600%20400%27%3E%3Crect%20width%3D%27600%27%20height%3D%27400%27%20fill-opacity%3D%220%22%2F%3E%3C%2Fsvg%3E\" data-srcset=\"https:\/\/friendlysmilesdental.com\/wp-content\/uploads\/2019\/10\/veneer-procedure-600px-200x133.jpg 200w, https:\/\/friendlysmilesdental.com\/wp-content\/uploads\/2019\/10\/veneer-procedure-600px-400x267.jpg 400w, https:\/\/friendlysmilesdental.com\/wp-content\/uploads\/2019\/10\/veneer-procedure-600px.jpg 600w\" data-sizes=\"auto\" data-orig-sizes=\"(max-width: 800px) 100vw, 600px\" \/><\/span><\/div><div class=\"fusion-text fusion-text-4\"><h2 align=\"left\">Razones para las carillas de porcelana:<\/h2>\n<ul type=\"disc\">\n<li>\n<div align=\"left\">Est\u00e9ticamente, para crear una sonrisa uniforme, blanca y bonita.<\/div>\n<\/li>\n<li>\n<div align=\"left\">Dientes torcidos.<\/div>\n<\/li>\n<li>\n<div align=\"left\">Dientes deformes.<\/div>\n<\/li>\n<li>\n<div align=\"left\">Dientes muy descoloridos o manchados.<\/div>\n<\/li>\n<li>\n<div align=\"left\">Dientes demasiado peque\u00f1os o grandes.<\/div>\n<\/li>\n<li>\n<div align=\"left\">Espacios no deseados o irregulares.<\/div>\n<\/li>\n<li>Dientes desgastados o astillados.<\/li>\n<\/ul>\n<\/div><div class=\"fusion-clearfix\"><\/div><\/div><\/div><div class=\"fusion-layout-column fusion_builder_column fusion-builder-column-1 fusion_builder_column_1_2 1_2 fusion-one-half fusion-column-last\" style=\"--awb-bg-size:cover;width:50%;width:calc(50% - ( ( 4% ) * 0.5 ) );\"><div class=\"fusion-column-wrapper fusion-column-has-shadow fusion-flex-column-wrapper-legacy\"><div class=\"fusion-sep-clear\"><\/div><div class=\"fusion-separator fusion-full-width-sep\" style=\"margin-left: auto;margin-right: auto;margin-top:1%;margin-bottom:1%;width:100%;\"><\/div><div class=\"fusion-sep-clear\"><\/div><div class=\"fusion-image-element in-legacy-container\" style=\"--awb-caption-title-font-family:var(--h2_typography-font-family);--awb-caption-title-font-weight:var(--h2_typography-font-weight);--awb-caption-title-font-style:var(--h2_typography-font-style);--awb-caption-title-size:var(--h2_typography-font-size);--awb-caption-title-transform:var(--h2_typography-text-transform);--awb-caption-title-line-height:var(--h2_typography-line-height);--awb-caption-title-letter-spacing:var(--h2_typography-letter-spacing);\"><span class=\" fusion-imageframe imageframe-none imageframe-2 hover-type-none\"><img decoding=\"async\" width=\"600\" height=\"400\" alt=\"Carillas en San Luis Obispo\" title=\"Zahnfarbe wird vom Zahntechniker am Mund verglichen\" src=\"https:\/\/friendlysmilesdental.com\/wp-content\/uploads\/2019\/10\/porcelian-veneer-600px.jpg\" data-orig-src=\"http:\/\/friendlysmilesdental.com\/wp-content\/uploads\/2019\/10\/porcelian-veneer-600px.jpg\" class=\"lazyload img-responsive wp-image-2793\" srcset=\"data:image\/svg+xml,%3Csvg%20xmlns%3D%27http%3A%2F%2Fwww.w3.org%2F2000%2Fsvg%27%20width%3D%27600%27%20height%3D%27400%27%20viewBox%3D%270%200%20600%20400%27%3E%3Crect%20width%3D%27600%27%20height%3D%27400%27%20fill-opacity%3D%220%22%2F%3E%3C%2Fsvg%3E\" data-srcset=\"https:\/\/friendlysmilesdental.com\/wp-content\/uploads\/2019\/10\/porcelian-veneer-600px-200x133.jpg 200w, https:\/\/friendlysmilesdental.com\/wp-content\/uploads\/2019\/10\/porcelian-veneer-600px-400x267.jpg 400w, https:\/\/friendlysmilesdental.com\/wp-content\/uploads\/2019\/10\/porcelian-veneer-600px.jpg 600w\" data-sizes=\"auto\" data-orig-sizes=\"(max-width: 800px) 100vw, 600px\" \/><\/span><\/div><div class=\"fusion-sep-clear\"><\/div><div class=\"fusion-separator fusion-full-width-sep\" style=\"margin-left: auto;margin-right: auto;margin-top:1%;margin-bottom:1%;width:100%;\"><\/div><div class=\"fusion-sep-clear\"><\/div><div class=\"fusion-text fusion-text-5\"><h2 style=\"text-align: left;\" align=\"justify\">\u00bfEn qu\u00e9 consiste la colocaci\u00f3n de carillas de porcelana?<\/h2>\n<\/div><div class=\"fusion-text fusion-text-6\" style=\"--awb-text-transform:none;\"><p style=\"text-align: left;\" align=\"left\">La colocaci\u00f3n de carillas suele requerir dos visitas para completar el proceso, con poca o ninguna anestesia durante el procedimiento. En primer lugar, los dientes se preparan mediante un ligero pulido y moldeado de la superficie para permitir el grosor de la carilla. A continuaci\u00f3n, se toma un molde o impresi\u00f3n de los dientes y el dentista y usted eligen el tono (color).<\/p>\n<p style=\"text-align: left;\" align=\"left\">En la segunda visita, los dientes se limpiar\u00e1n con l\u00edquidos especiales para conseguir una uni\u00f3n duradera. Se coloca cemento adhesivo entre el diente y la carilla, y se utiliza un haz de luz especial para endurecer y fijar la uni\u00f3n.<\/p>\n<p style=\"text-align: left;\" align=\"left\">Recibir\u00e1 instrucciones para el cuidado de las carillas. Un cepillado adecuado, el uso de hilo dental y las visitas regulares al dentista ayudar\u00e1n a la vida de sus nuevas carillas.<\/p>\n<\/div><div class=\"fusion-image-element in-legacy-container\" style=\"--awb-caption-title-font-family:var(--h2_typography-font-family);--awb-caption-title-font-weight:var(--h2_typography-font-weight);--awb-caption-title-font-style:var(--h2_typography-font-style);--awb-caption-title-size:var(--h2_typography-font-size);--awb-caption-title-transform:var(--h2_typography-text-transform);--awb-caption-title-line-height:var(--h2_typography-line-height);--awb-caption-title-letter-spacing:var(--h2_typography-letter-spacing);\"><span class=\" fusion-imageframe imageframe-none imageframe-3 hover-type-none\"><img decoding=\"async\" width=\"640\" height=\"400\" alt=\"Carillas en San Luis Obispo\" title=\"veneers-san-luis-obispo\" src=\"https:\/\/friendlysmilesdental.com\/wp-content\/uploads\/2022\/03\/veneers-san-luis-obispo.jpg\" data-orig-src=\"https:\/\/friendlysmilesdental.com\/wp-content\/uploads\/2022\/03\/veneers-san-luis-obispo.jpg\" class=\"lazyload img-responsive wp-image-2898\" srcset=\"data:image\/svg+xml,%3Csvg%20xmlns%3D%27http%3A%2F%2Fwww.w3.org%2F2000%2Fsvg%27%20width%3D%27640%27%20height%3D%27400%27%20viewBox%3D%270%200%20640%20400%27%3E%3Crect%20width%3D%27640%27%20height%3D%27400%27%20fill-opacity%3D%220%22%2F%3E%3C%2Fsvg%3E\" data-srcset=\"https:\/\/friendlysmilesdental.com\/wp-content\/uploads\/2022\/03\/veneers-san-luis-obispo-200x125.jpg 200w, https:\/\/friendlysmilesdental.com\/wp-content\/uploads\/2022\/03\/veneers-san-luis-obispo-400x250.jpg 400w, https:\/\/friendlysmilesdental.com\/wp-content\/uploads\/2022\/03\/veneers-san-luis-obispo-600x375.jpg 600w, https:\/\/friendlysmilesdental.com\/wp-content\/uploads\/2022\/03\/veneers-san-luis-obispo.jpg 640w\" data-sizes=\"auto\" data-orig-sizes=\"(max-width: 800px) 100vw, 600px\" \/><\/span><\/div><div class=\"fusion-text fusion-text-7\" style=\"--awb-text-transform:none;\"><h2 align=\"left\">P\u00f3ngase en contacto con Friendly Smiles Dental Group para determinar si las carillas de porcelana son el tratamiento dental cosm\u00e9tico adecuado para usted.<\/h2>\n<p align=\"left\">Nuestra pr\u00e1ctica dental de la Costa Central, Friendly Smiles Dental, tiene oficinas en San Luis Obispo, Santa Mar\u00eda y King City. Aceptamos Medi-Cal y la mayor\u00eda de los seguros dentales.<\/p>\n<\/div><div class=\"fusion-clearfix\"><\/div><\/div><\/div><\/div><\/div><div class=\"fusion-bg-parallax\" data-bg-align=\"center center\" data-direction=\"right\" data-mute=\"false\" data-opacity=\"100\" data-velocity=\"-0.8\" data-mobile-enabled=\"false\" data-break_parents=\"0\" data-bg-image=\"https:\/\/friendlysmilesdental.com\/wp-content\/uploads\/2020\/01\/best-san-luis-obispo-dentist.jpg\" data-bg-repeat=\"false\" ><\/div><div class=\"fusion-fullwidth fullwidth-box fusion-builder-row-2 fusion-parallax-right nonhundred-percent-fullwidth non-hundred-percent-height-scrolling lazyload\" style=\"--awb-border-radius-top-left:0px;--awb-border-radius-top-right:0px;--awb-border-radius-bottom-right:0px;--awb-border-radius-bottom-left:0px;--awb-padding-top:40px;--awb-padding-bottom:50px;--awb-background-size:cover;--awb-flex-wrap:wrap;\" data-bg=\"https:\/\/friendlysmilesdental.com\/wp-content\/uploads\/2020\/01\/best-san-luis-obispo-dentist.jpg\" ><div class=\"fusion-builder-row fusion-row\"><div class=\"fusion-layout-column fusion_builder_column fusion-builder-column-2 fusion_builder_column_1_1 1_1 fusion-one-full fusion-column-first fusion-column-last\" style=\"--awb-bg-size:cover;--awb-margin-top:3%;--awb-margin-bottom:3%;\"><div class=\"fusion-column-wrapper fusion-column-has-shadow fusion-flex-column-wrapper-legacy\"><div class=\"fusion-text fusion-text-8\" style=\"--awb-text-transform:none;\"><h3 style=\"text-align: center;\"><span style=\"color: #ffffff;\">\u00bfListo para sonre\u00edr?<\/span><\/h3>\n<\/div><div class=\"fusion-sep-clear\"><\/div><div class=\"fusion-separator fusion-full-width-sep\" style=\"margin-left: auto;margin-right: auto;margin-top:15px;width:100%;\"><\/div><div class=\"fusion-sep-clear\"><\/div><div class=\"fusion-aligncenter\"><a class=\"fusion-button button-flat fusion-button-default-size button-custom fusion-button-default button-1 fusion-button-default-span fusion-button-default-type\" style=\"--button_accent_color:#ffffff;--button_accent_hover_color:#6487c2;--button_border_hover_color:#6487c2;--button_gradient_top_color:#4fc3a3;--button_gradient_bottom_color:#4fc3a3;--button_gradient_top_color_hover:#ffffff;--button_gradient_bottom_color_hover:#ffffff;\" target=\"_self\" href=\"https:\/\/friendlysmilesdental.com\/es\/reservar-cita\/\"><i class=\"fa-plus fas button-icon-left\" aria-hidden=\"true\"><\/i><span class=\"fusion-button-text\">Solicitar una cita<\/span><\/a><\/div><div class=\"fusion-sep-clear\"><\/div><div class=\"fusion-separator fusion-full-width-sep\" style=\"margin-left: auto;margin-right: auto;margin-top:15px;width:100%;\"><\/div><div class=\"fusion-sep-clear\"><\/div><div class=\"fusion-text fusion-text-9\"><h3 style=\"text-align: center;\"><span style=\"color: #ffffff;\">Estamos orgullosos de aceptar Medi-Cal y tomar la mayor\u00eda de las formas de seguro en todas nuestras oficinas dentales.<\/span><\/h3>\n<\/div><div class=\"fusion-clearfix\"><\/div><\/div><\/div><\/div><\/div><\/p>\n","protected":false},"excerpt":{"rendered":"","protected":false},"author":4,"featured_media":0,"parent":0,"menu_order":0,"comment_status":"closed","ping_status":"open","template":"100-width.php","meta":{"footnotes":""},"yoast_head":"<!-- This site is optimized with the Yoast SEO plugin v23.9 - https:\/\/yoast.com\/wordpress\/plugins\/seo\/ -->\n<title>Carillas de porcelana por dentistas cerca de San Luis Obispo y Santa Mar\u00eda<\/title>\n<meta name=\"description\" content=\"Los dentistas de Friendly Smiles se especializan en carillas de porcelana en las comunidades de San Luis Obispo, Santa Mar\u00eda y King City. Aceptamos Medi-Cal.\" \/>\n<meta name=\"robots\" content=\"index, follow, max-snippet:-1, max-image-preview:large, max-video-preview:-1\" \/>\n<link rel=\"canonical\" href=\"https:\/\/friendlysmilesdental.com\/es\/carillas-de-porcelana\/\" \/>\n<meta property=\"og:locale\" content=\"es_ES\" \/>\n<meta property=\"og:type\" content=\"article\" \/>\n<meta property=\"og:title\" content=\"Carillas de porcelana por dentistas cerca de San Luis Obispo y Santa Mar\u00eda\" \/>\n<meta property=\"og:description\" content=\"Los dentistas de Friendly Smiles se especializan en carillas de porcelana en las comunidades de San Luis Obispo, Santa Mar\u00eda y King City. Aceptamos Medi-Cal.\" \/>\n<meta property=\"og:url\" content=\"https:\/\/friendlysmilesdental.com\/es\/carillas-de-porcelana\/\" \/>\n<meta property=\"og:site_name\" content=\"Friendly Smiles Dental\" \/>\n<meta property=\"article:modified_time\" content=\"2024-04-09T21:23:32+00:00\" \/>\n<meta name=\"twitter:card\" content=\"summary_large_image\" \/>\n<meta name=\"twitter:label1\" content=\"Tiempo de lectura\" \/>\n\t<meta name=\"twitter:data1\" content=\"15 minutos\" \/>\n<script type=\"application\/ld+json\" class=\"yoast-schema-graph\">{\"@context\":\"https:\/\/schema.org\",\"@graph\":[{\"@type\":\"WebPage\",\"@id\":\"https:\/\/friendlysmilesdental.com\/es\/carillas-de-porcelana\/\",\"url\":\"https:\/\/friendlysmilesdental.com\/es\/carillas-de-porcelana\/\",\"name\":\"Carillas de porcelana por dentistas cerca de San Luis Obispo y Santa Mar\u00eda\",\"isPartOf\":{\"@id\":\"https:\/\/friendlysmilesdental.com\/es\/#website\"},\"datePublished\":\"2019-10-03T06:13:06+00:00\",\"dateModified\":\"2024-04-09T21:23:32+00:00\",\"description\":\"Los dentistas de Friendly Smiles se especializan en carillas de porcelana en las comunidades de San Luis Obispo, Santa Mar\u00eda y King City. Aceptamos Medi-Cal.\",\"breadcrumb\":{\"@id\":\"https:\/\/friendlysmilesdental.com\/es\/carillas-de-porcelana\/#breadcrumb\"},\"inLanguage\":\"es\",\"potentialAction\":[{\"@type\":\"ReadAction\",\"target\":[\"https:\/\/friendlysmilesdental.com\/es\/carillas-de-porcelana\/\"]}]},{\"@type\":\"BreadcrumbList\",\"@id\":\"https:\/\/friendlysmilesdental.com\/es\/carillas-de-porcelana\/#breadcrumb\",\"itemListElement\":[{\"@type\":\"ListItem\",\"position\":1,\"name\":\"Home\",\"item\":\"https:\/\/friendlysmilesdental.com\/es\/inicio\/\"},{\"@type\":\"ListItem\",\"position\":2,\"name\":\"Carillas de porcelana\"}]},{\"@type\":\"WebSite\",\"@id\":\"https:\/\/friendlysmilesdental.com\/es\/#website\",\"url\":\"https:\/\/friendlysmilesdental.com\/es\/\",\"name\":\"Friendly Smiles Dental\",\"description\":\"Santa Maria Dentists | San Luis Obispo Dentists | King City Dentists\",\"potentialAction\":[{\"@type\":\"SearchAction\",\"target\":{\"@type\":\"EntryPoint\",\"urlTemplate\":\"https:\/\/friendlysmilesdental.com\/es\/?s={search_term_string}\"},\"query-input\":{\"@type\":\"PropertyValueSpecification\",\"valueRequired\":true,\"valueName\":\"search_term_string\"}}],\"inLanguage\":\"es\"}]}<\/script>\n<!-- \/ Yoast SEO plugin. -->","yoast_head_json":{"title":"Carillas de porcelana por dentistas cerca de San Luis Obispo y Santa Mar\u00eda","description":"Los dentistas de Friendly Smiles se especializan en carillas de porcelana en las comunidades de San Luis Obispo, Santa Mar\u00eda y King City. Aceptamos Medi-Cal.","robots":{"index":"index","follow":"follow","max-snippet":"max-snippet:-1","max-image-preview":"max-image-preview:large","max-video-preview":"max-video-preview:-1"},"canonical":"https:\/\/friendlysmilesdental.com\/es\/carillas-de-porcelana\/","og_locale":"es_ES","og_type":"article","og_title":"Carillas de porcelana por dentistas cerca de San Luis Obispo y Santa Mar\u00eda","og_description":"Los dentistas de Friendly Smiles se especializan en carillas de porcelana en las comunidades de San Luis Obispo, Santa Mar\u00eda y King City. Aceptamos Medi-Cal.","og_url":"https:\/\/friendlysmilesdental.com\/es\/carillas-de-porcelana\/","og_site_name":"Friendly Smiles Dental","article_modified_time":"2024-04-09T21:23:32+00:00","twitter_card":"summary_large_image","twitter_misc":{"Tiempo de lectura":"15 minutos"},"schema":{"@context":"https:\/\/schema.org","@graph":[{"@type":"WebPage","@id":"https:\/\/friendlysmilesdental.com\/es\/carillas-de-porcelana\/","url":"https:\/\/friendlysmilesdental.com\/es\/carillas-de-porcelana\/","name":"Carillas de porcelana por dentistas cerca de San Luis Obispo y Santa Mar\u00eda","isPartOf":{"@id":"https:\/\/friendlysmilesdental.com\/es\/#website"},"datePublished":"2019-10-03T06:13:06+00:00","dateModified":"2024-04-09T21:23:32+00:00","description":"Los dentistas de Friendly Smiles se especializan en carillas de porcelana en las comunidades de San Luis Obispo, Santa Mar\u00eda y King City. Aceptamos Medi-Cal.","breadcrumb":{"@id":"https:\/\/friendlysmilesdental.com\/es\/carillas-de-porcelana\/#breadcrumb"},"inLanguage":"es","potentialAction":[{"@type":"ReadAction","target":["https:\/\/friendlysmilesdental.com\/es\/carillas-de-porcelana\/"]}]},{"@type":"BreadcrumbList","@id":"https:\/\/friendlysmilesdental.com\/es\/carillas-de-porcelana\/#breadcrumb","itemListElement":[{"@type":"ListItem","position":1,"name":"Home","item":"https:\/\/friendlysmilesdental.com\/es\/inicio\/"},{"@type":"ListItem","position":2,"name":"Carillas de porcelana"}]},{"@type":"WebSite","@id":"https:\/\/friendlysmilesdental.com\/es\/#website","url":"https:\/\/friendlysmilesdental.com\/es\/","name":"Friendly Smiles Dental","description":"Santa Maria Dentists | San Luis Obispo Dentists | King City Dentists","potentialAction":[{"@type":"SearchAction","target":{"@type":"EntryPoint","urlTemplate":"https:\/\/friendlysmilesdental.com\/es\/?s={search_term_string}"},"query-input":{"@type":"PropertyValueSpecification","valueRequired":true,"valueName":"search_term_string"}}],"inLanguage":"es"}]}},"_links":{"self":[{"href":"https:\/\/friendlysmilesdental.com\/es\/wp-json\/wp\/v2\/pages\/2939"}],"collection":[{"href":"https:\/\/friendlysmilesdental.com\/es\/wp-json\/wp\/v2\/pages"}],"about":[{"href":"https:\/\/friendlysmilesdental.com\/es\/wp-json\/wp\/v2\/types\/page"}],"author":[{"embeddable":true,"href":"https:\/\/friendlysmilesdental.com\/es\/wp-json\/wp\/v2\/users\/4"}],"replies":[{"embeddable":true,"href":"https:\/\/friendlysmilesdental.com\/es\/wp-json\/wp\/v2\/comments?post=2939"}],"version-history":[{"count":4,"href":"https:\/\/friendlysmilesdental.com\/es\/wp-json\/wp\/v2\/pages\/2939\/revisions"}],"predecessor-version":[{"id":3052,"href":"https:\/\/friendlysmilesdental.com\/es\/wp-json\/wp\/v2\/pages\/2939\/revisions\/3052"}],"wp:attachment":[{"href":"https:\/\/friendlysmilesdental.com\/es\/wp-json\/wp\/v2\/media?parent=2939"}],"curies":[{"name":"wp","href":"https:\/\/api.w.org\/{rel}","templated":true}]}}