{"id":2950,"date":"2019-10-03T16:25:30","date_gmt":"2019-10-03T16:25:30","guid":{"rendered":"https:\/\/friendlysmilesdental.com\/blanqueamiento-dental\/"},"modified":"2024-04-09T21:23:31","modified_gmt":"2024-04-09T21:23:31","slug":"blanqueamiento-dental","status":"publish","type":"page","link":"https:\/\/friendlysmilesdental.com\/es\/blanqueamiento-dental\/","title":{"rendered":"Blanqueamiento dental"},"content":{"rendered":"<p><div class=\"fusion-fullwidth fullwidth-box fusion-builder-row-1 nonhundred-percent-fullwidth non-hundred-percent-height-scrolling\" style=\"--awb-border-radius-top-left:0px;--awb-border-radius-top-right:0px;--awb-border-radius-bottom-right:0px;--awb-border-radius-bottom-left:0px;--awb-padding-top:0px;--awb-padding-right:30px;--awb-padding-bottom:0px;--awb-padding-left:30px;--awb-flex-wrap:wrap;\" ><div class=\"fusion-builder-row fusion-row\"><div class=\"fusion-layout-column fusion_builder_column fusion-builder-column-0 fusion_builder_column_1_2 1_2 fusion-one-half fusion-column-first\" style=\"--awb-bg-blend:overlay;--awb-bg-size:cover;width:50%;width:calc(50% - ( ( 4% ) * 0.5 ) );margin-right: 4%;\"><div class=\"fusion-column-wrapper fusion-column-has-shadow fusion-flex-column-wrapper-legacy\"><div class=\"fusion-text fusion-text-1\"><h1 align=\"left\">Acerca del blanqueamiento dental<\/h1>\n<\/div><div class=\"fusion-sep-clear\"><\/div><div class=\"fusion-separator fusion-clearfix\" style=\"float:left;margin-top:22px;margin-bottom:25px;width:100%;max-width:100px;\"><div class=\"fusion-separator-border sep-single sep-solid\" style=\"--awb-height:20px;--awb-amount:20px;--awb-sep-color:#6589c0;border-color:#6589c0;border-top-width:2px;\"><\/div><\/div><div class=\"fusion-sep-clear\"><\/div><div class=\"fusion-text fusion-text-2\"><p style=\"text-align: left;\" align=\"left\">El blanqueamiento dental (o blanqueamiento) es un tratamiento dental sencillo y no invasivo que se utiliza para cambiar el color del esmalte dental natural y es una forma ideal de realzar la belleza de su sonrisa.<\/p>\n<p style=\"text-align: left;\" align=\"left\">Dado que tener los dientes m\u00e1s blancos se ha convertido en la principal preocupaci\u00f3n est\u00e9tica de la mayor\u00eda de los pacientes, existen varias formas de blanquearlos. El m\u00e9todo m\u00e1s popular es utilizar un sistema de blanqueamiento casero que blanquea los dientes de forma espectacular. Dado que el blanqueamiento dental s\u00f3lo act\u00faa sobre el esmalte natural de los dientes, es importante que un dentista eval\u00fae la sustituci\u00f3n de cualquier empaste antiguo, corona, etc. La sustituci\u00f3n de cualquier restauraci\u00f3n se realizar\u00e1 despu\u00e9s del blanqueamiento para que coincida con los dientes reci\u00e9n blanqueados.<\/p>\n<p style=\"text-align: left;\" align=\"left\">El blanqueamiento dental no es permanente. Puede ser necesario un retoque cada varios a\u00f1os, y m\u00e1s a menudo si fuma, bebe caf\u00e9, t\u00e9 o vino.<\/p>\n<h2 align=\"left\">Razones para blanquear los dientes:<\/h2>\n<ul type=\"disc\">\n<li>\n<div align=\"left\">Fluorosis (fluoraci\u00f3n excesiva durante el desarrollo de los dientes).<\/div>\n<\/li>\n<li>\n<div align=\"left\">Desgaste normal de la capa externa del diente.<\/div>\n<\/li>\n<li>\n<div align=\"left\">Dientes manchados debido a medicamentos (tetraciclina, etc.).<\/div>\n<\/li>\n<li>\n<div align=\"left\">Dientes amarillos y manchados de marr\u00f3n.<\/div>\n<\/li>\n<\/ul>\n<\/div><div class=\"fusion-text fusion-text-3\" style=\"--awb-margin-right:10px;\"><h2 align=\"left\">Blanqueamiento profesional en consulta:<\/h2>\n<p><img decoding=\"async\" class=\"lazyload size-fusion-200 wp-image-2583 alignleft\" src=\"https:\/\/friendlysmilesdental.com\/wp-content\/uploads\/2023\/01\/zoom-teeth-whitening-200x200.jpg\" data-orig-src=\"https:\/\/friendlysmilesdental.com\/wp-content\/uploads\/2023\/01\/zoom-teeth-whitening-200x200.jpg\" alt=\"\" width=\"200\" height=\"200\" srcset=\"data:image\/svg+xml,%3Csvg%20xmlns%3D%27http%3A%2F%2Fwww.w3.org%2F2000%2Fsvg%27%20width%3D%27200%27%20height%3D%27200%27%20viewBox%3D%270%200%20200%20200%27%3E%3Crect%20width%3D%27200%27%20height%3D%27200%27%20fill-opacity%3D%220%22%2F%3E%3C%2Fsvg%3E\" data-srcset=\"https:\/\/friendlysmilesdental.com\/wp-content\/uploads\/2023\/01\/zoom-teeth-whitening-66x66.jpg 66w, https:\/\/friendlysmilesdental.com\/wp-content\/uploads\/2023\/01\/zoom-teeth-whitening-150x150.jpg 150w, https:\/\/friendlysmilesdental.com\/wp-content\/uploads\/2023\/01\/zoom-teeth-whitening-200x200.jpg 200w, https:\/\/friendlysmilesdental.com\/wp-content\/uploads\/2023\/01\/zoom-teeth-whitening-300x300.jpg 300w, https:\/\/friendlysmilesdental.com\/wp-content\/uploads\/2023\/01\/zoom-teeth-whitening-400x400.jpg 400w, https:\/\/friendlysmilesdental.com\/wp-content\/uploads\/2023\/01\/zoom-teeth-whitening-600x600.jpg 600w, https:\/\/friendlysmilesdental.com\/wp-content\/uploads\/2023\/01\/zoom-teeth-whitening-768x768.jpg 768w, https:\/\/friendlysmilesdental.com\/wp-content\/uploads\/2023\/01\/zoom-teeth-whitening-800x800.jpg 800w, https:\/\/friendlysmilesdental.com\/wp-content\/uploads\/2023\/01\/zoom-teeth-whitening.jpg 960w\" data-sizes=\"auto\" data-orig-sizes=\"(max-width: 200px) 100vw, 200px\" \/>El blanqueamiento dental profesional en consulta Philips <a href=\"https:\/\/www.usa.philips.com\/c-m-pe\/teeth-whitening#location=San%20Luis%20Obispo%2C%20CA%2093401\" target=\"_blank\" rel=\"noopener\">Zoom<\/a> es un tratamiento acelerado por luz cl\u00ednicamente probado que blanquea hasta 8 tonos en 45 minutos (sin contar el tiempo de preparaci\u00f3n y suponiendo la aplicaci\u00f3n de un gel de per\u00f3xido de hidr\u00f3geno al 25%).<\/p>\n<p style=\"font-weight: 400;\">El blanqueamiento dental Zoom puede proporcionar una sonrisa blanca y deslumbrante durante un m\u00e1ximo de 2 a\u00f1os, pero la longevidad de su tono \u00f3ptimo depende en gran medida de sus h\u00e1bitos de cuidado posterior. Es esencial limitar al m\u00e1ximo los alimentos y bebidas que <a href=\"https:\/\/www.healthline.com\/health\/foods-that-stain-teeth\" target=\"_blank\" rel=\"noopener\">manchan los dientes <\/a>. Consulte nuestras <a href=\"https:\/\/friendlysmilesdental.com\/wp-content\/uploads\/2023\/01\/FSD-Zoom-Whitening-Aftercare-Instructions.pdf\" target=\"_blank\" rel=\"noopener\">instrucciones de postratamiento de Zoom<\/a>.<\/p>\n<\/div><div class=\"fusion-clearfix\"><\/div><\/div><\/div><div class=\"fusion-layout-column fusion_builder_column fusion-builder-column-1 fusion_builder_column_1_2 1_2 fusion-one-half fusion-column-last\" style=\"--awb-bg-blend:overlay;--awb-bg-size:cover;width:50%;width:calc(50% - ( ( 4% ) * 0.5 ) );\"><div class=\"fusion-column-wrapper fusion-column-has-shadow fusion-flex-column-wrapper-legacy\"><div class=\"fusion-text fusion-text-4\"><p><img decoding=\"async\" class=\"lazyload size-full wp-image-1973\" src=\"https:\/\/friendlysmilesdental.com\/wp-content\/uploads\/2020\/01\/teeth-whitening-slo.jpg\" data-orig-src=\"https:\/\/friendlysmilesdental.com\/wp-content\/uploads\/2020\/01\/teeth-whitening-slo.jpg\" alt=\"Blanqueamiento dental San Luis Obispo\" width=\"550\" height=\"367\" srcset=\"data:image\/svg+xml,%3Csvg%20xmlns%3D%27http%3A%2F%2Fwww.w3.org%2F2000%2Fsvg%27%20width%3D%27550%27%20height%3D%27367%27%20viewBox%3D%270%200%20550%20367%27%3E%3Crect%20width%3D%27550%27%20height%3D%27367%27%20fill-opacity%3D%220%22%2F%3E%3C%2Fsvg%3E\" data-srcset=\"https:\/\/friendlysmilesdental.com\/wp-content\/uploads\/2020\/01\/teeth-whitening-slo-200x133.jpg 200w, https:\/\/friendlysmilesdental.com\/wp-content\/uploads\/2020\/01\/teeth-whitening-slo-300x200.jpg 300w, https:\/\/friendlysmilesdental.com\/wp-content\/uploads\/2020\/01\/teeth-whitening-slo-400x267.jpg 400w, https:\/\/friendlysmilesdental.com\/wp-content\/uploads\/2020\/01\/teeth-whitening-slo.jpg 550w\" data-sizes=\"auto\" data-orig-sizes=\"(max-width: 550px) 100vw, 550px\" \/><\/p>\n<\/div><div class=\"fusion-text fusion-text-5\"><h2 style=\"text-align: left;\" align=\"justify\">\u00bfEn qu\u00e9 consiste el blanqueamiento dental a domicilio?<\/h2>\n<\/div><div class=\"fusion-sep-clear\"><\/div><div class=\"fusion-separator fusion-full-width-sep\" style=\"margin-left: auto;margin-right: auto;margin-top:1%;margin-bottom:1%;width:100%;\"><\/div><div class=\"fusion-sep-clear\"><\/div><div class=\"fusion-text fusion-text-6\"><p style=\"text-align: left;\" align=\"left\">Este tipo de blanqueamiento dental suele requerir dos visitas. En la primera cita, se tomar\u00e1n impresiones (moldes) de sus dientes para fabricar cubetas personalizadas de pl\u00e1stico transparente.<\/p>\n<p style=\"text-align: left;\" align=\"left\">En su segunda cita, se probar\u00e1 las cubetas para comprobar que se ajustan correctamente y se realizar\u00e1n los ajustes necesarios. Las cubetas se llevan con una soluci\u00f3n blanqueadora especial dos veces al d\u00eda durante 30 minutos o toda la noche durante un par de semanas, dependiendo del grado de tinci\u00f3n y del nivel de blanqueamiento deseado. Es normal experimentar sensibilidad dental durante el tiempo que dure el blanqueamiento, pero \u00e9sta remitir\u00e1 poco despu\u00e9s de que haya dejado de blanquear los dientes.<\/p>\n<p style=\"text-align: left;\" align=\"left\">Consulte nuestras <a href=\"https:\/\/friendlysmilesdental.com\/wp-content\/uploads\/2023\/01\/FSD-Bleaching-tray-instructions.pdf\" target=\"_blank\" rel=\"noopener\">instrucciones de cuidado del blanqueamiento dental para llevar a casa<\/a> para sus dientes y cubetas, y an\u00edmese a visitar a su dentista con regularidad para ayudar a mantener una sonrisa blanca, bonita y sana.<\/p>\n<\/div><div class=\"fusion-text fusion-text-7\"><p>Llame a una de nuestras tres oficinas dentales de la Costa Central de California para programar su consulta de blanqueamiento dental.<\/p>\n<\/div><div class=\"fusion-clearfix\"><\/div><\/div><\/div><\/div><\/div><div class=\"fusion-bg-parallax\" data-bg-align=\"center center\" data-direction=\"right\" data-mute=\"false\" data-opacity=\"100\" data-velocity=\"-0.8\" data-mobile-enabled=\"false\" data-break_parents=\"0\" data-bg-image=\"https:\/\/friendlysmilesdental.com\/wp-content\/uploads\/2020\/01\/best-san-luis-obispo-dentist.jpg\" data-bg-repeat=\"false\" ><\/div><div class=\"fusion-fullwidth fullwidth-box fusion-builder-row-2 fusion-parallax-right nonhundred-percent-fullwidth non-hundred-percent-height-scrolling lazyload\" style=\"--awb-border-radius-top-left:0px;--awb-border-radius-top-right:0px;--awb-border-radius-bottom-right:0px;--awb-border-radius-bottom-left:0px;--awb-padding-top:40px;--awb-padding-bottom:50px;--awb-background-size:cover;--awb-flex-wrap:wrap;\" data-bg=\"https:\/\/friendlysmilesdental.com\/wp-content\/uploads\/2020\/01\/best-san-luis-obispo-dentist.jpg\" ><div class=\"fusion-builder-row fusion-row\"><div class=\"fusion-layout-column fusion_builder_column fusion-builder-column-2 fusion_builder_column_1_1 1_1 fusion-one-full fusion-column-first fusion-column-last\" style=\"--awb-bg-size:cover;--awb-margin-top:3%;--awb-margin-bottom:3%;\"><div class=\"fusion-column-wrapper fusion-column-has-shadow fusion-flex-column-wrapper-legacy\"><div class=\"fusion-text fusion-text-8\"><h2 style=\"text-align: center;\"><span style=\"color: #ffffff;\">\u00bfListo para sonre\u00edr?<\/span><\/h2>\n<\/div><div class=\"fusion-sep-clear\"><\/div><div class=\"fusion-separator fusion-full-width-sep\" style=\"margin-left: auto;margin-right: auto;margin-top:15px;width:100%;\"><\/div><div class=\"fusion-sep-clear\"><\/div><div class=\"fusion-aligncenter\"><a class=\"fusion-button button-flat fusion-button-default-size button-custom fusion-button-default button-1 fusion-button-default-span fusion-button-default-type\" style=\"--button_accent_color:#ffffff;--button_accent_hover_color:#6487c2;--button_border_hover_color:#6487c2;--button_gradient_top_color:#4fc3a3;--button_gradient_bottom_color:#4fc3a3;--button_gradient_top_color_hover:#ffffff;--button_gradient_bottom_color_hover:#ffffff;\" target=\"_self\" href=\"https:\/\/friendlysmilesdental.com\/es\/reservar-cita\/\"><i class=\"fa-plus fas button-icon-left\" aria-hidden=\"true\"><\/i><span class=\"fusion-button-text\">Solicitar una cita<\/span><\/a><\/div><div class=\"fusion-sep-clear\"><\/div><div class=\"fusion-separator fusion-full-width-sep\" style=\"margin-left: auto;margin-right: auto;margin-top:15px;width:100%;\"><\/div><div class=\"fusion-sep-clear\"><\/div><div class=\"fusion-text fusion-text-9\"><h3 style=\"text-align: center;\"><span style=\"color: #ffffff;\">Estamos orgullosos de aceptar Medi-Cal y tomar la mayor\u00eda de las formas de seguro en todas nuestras oficinas dentales.<\/span><\/h3>\n<\/div><div class=\"fusion-clearfix\"><\/div><\/div><\/div><\/div><\/div><\/p>\n","protected":false},"excerpt":{"rendered":"","protected":false},"author":4,"featured_media":0,"parent":0,"menu_order":0,"comment_status":"closed","ping_status":"open","template":"100-width.php","meta":{"footnotes":""},"yoast_head":"<!-- This site is optimized with the Yoast SEO plugin v23.9 - https:\/\/yoast.com\/wordpress\/plugins\/seo\/ -->\n<title>Blanqueamiento dental | Dentista San Luis Obispo | Santa Maria | King City<\/title>\n<meta name=\"description\" content=\"El blanqueamiento dental es un tratamiento odontol\u00f3gico no invasivo que se utiliza para cambiar el color del esmalte dental natural y es una forma ideal de realzar la belleza de su sonrisa.\" \/>\n<meta name=\"robots\" content=\"index, follow, max-snippet:-1, max-image-preview:large, max-video-preview:-1\" \/>\n<link rel=\"canonical\" href=\"https:\/\/friendlysmilesdental.com\/es\/blanqueamiento-dental\/\" \/>\n<meta property=\"og:locale\" content=\"es_ES\" \/>\n<meta property=\"og:type\" content=\"article\" \/>\n<meta property=\"og:title\" content=\"Blanqueamiento dental | Dentista San Luis Obispo | Santa Maria | King City\" \/>\n<meta property=\"og:description\" content=\"El blanqueamiento dental es un tratamiento odontol\u00f3gico no invasivo que se utiliza para cambiar el color del esmalte dental natural y es una forma ideal de realzar la belleza de su sonrisa.\" \/>\n<meta property=\"og:url\" content=\"https:\/\/friendlysmilesdental.com\/es\/blanqueamiento-dental\/\" \/>\n<meta property=\"og:site_name\" content=\"Friendly Smiles Dental\" \/>\n<meta property=\"article:modified_time\" content=\"2024-04-09T21:23:31+00:00\" \/>\n<meta property=\"og:image\" content=\"https:\/\/friendlysmilesdental.com\/wp-content\/uploads\/2023\/01\/zoom-teeth-whitening-200x200.jpg\" \/>\n<meta name=\"twitter:card\" content=\"summary_large_image\" \/>\n<meta name=\"twitter:label1\" content=\"Tiempo de lectura\" \/>\n\t<meta name=\"twitter:data1\" content=\"8 minutos\" \/>\n<script type=\"application\/ld+json\" class=\"yoast-schema-graph\">{\"@context\":\"https:\/\/schema.org\",\"@graph\":[{\"@type\":\"WebPage\",\"@id\":\"https:\/\/friendlysmilesdental.com\/es\/blanqueamiento-dental\/\",\"url\":\"https:\/\/friendlysmilesdental.com\/es\/blanqueamiento-dental\/\",\"name\":\"Blanqueamiento dental | Dentista San Luis Obispo | Santa Maria | King City\",\"isPartOf\":{\"@id\":\"https:\/\/friendlysmilesdental.com\/es\/#website\"},\"primaryImageOfPage\":{\"@id\":\"https:\/\/friendlysmilesdental.com\/es\/blanqueamiento-dental\/#primaryimage\"},\"image\":{\"@id\":\"https:\/\/friendlysmilesdental.com\/es\/blanqueamiento-dental\/#primaryimage\"},\"thumbnailUrl\":\"https:\/\/friendlysmilesdental.com\/wp-content\/uploads\/2023\/01\/zoom-teeth-whitening-200x200.jpg\",\"datePublished\":\"2019-10-03T16:25:30+00:00\",\"dateModified\":\"2024-04-09T21:23:31+00:00\",\"description\":\"El blanqueamiento dental es un tratamiento odontol\u00f3gico no invasivo que se utiliza para cambiar el color del esmalte dental natural y es una forma ideal de realzar la belleza de su sonrisa.\",\"breadcrumb\":{\"@id\":\"https:\/\/friendlysmilesdental.com\/es\/blanqueamiento-dental\/#breadcrumb\"},\"inLanguage\":\"es\",\"potentialAction\":[{\"@type\":\"ReadAction\",\"target\":[\"https:\/\/friendlysmilesdental.com\/es\/blanqueamiento-dental\/\"]}]},{\"@type\":\"ImageObject\",\"inLanguage\":\"es\",\"@id\":\"https:\/\/friendlysmilesdental.com\/es\/blanqueamiento-dental\/#primaryimage\",\"url\":\"https:\/\/friendlysmilesdental.com\/wp-content\/uploads\/2023\/01\/zoom-teeth-whitening-200x200.jpg\",\"contentUrl\":\"https:\/\/friendlysmilesdental.com\/wp-content\/uploads\/2023\/01\/zoom-teeth-whitening-200x200.jpg\"},{\"@type\":\"BreadcrumbList\",\"@id\":\"https:\/\/friendlysmilesdental.com\/es\/blanqueamiento-dental\/#breadcrumb\",\"itemListElement\":[{\"@type\":\"ListItem\",\"position\":1,\"name\":\"Home\",\"item\":\"https:\/\/friendlysmilesdental.com\/es\/inicio\/\"},{\"@type\":\"ListItem\",\"position\":2,\"name\":\"Blanqueamiento dental\"}]},{\"@type\":\"WebSite\",\"@id\":\"https:\/\/friendlysmilesdental.com\/es\/#website\",\"url\":\"https:\/\/friendlysmilesdental.com\/es\/\",\"name\":\"Friendly Smiles Dental\",\"description\":\"Santa Maria Dentists | San Luis Obispo Dentists | King City Dentists\",\"potentialAction\":[{\"@type\":\"SearchAction\",\"target\":{\"@type\":\"EntryPoint\",\"urlTemplate\":\"https:\/\/friendlysmilesdental.com\/es\/?s={search_term_string}\"},\"query-input\":{\"@type\":\"PropertyValueSpecification\",\"valueRequired\":true,\"valueName\":\"search_term_string\"}}],\"inLanguage\":\"es\"}]}<\/script>\n<!-- \/ Yoast SEO plugin. -->","yoast_head_json":{"title":"Blanqueamiento dental | Dentista San Luis Obispo | Santa Maria | King City","description":"El blanqueamiento dental es un tratamiento odontol\u00f3gico no invasivo que se utiliza para cambiar el color del esmalte dental natural y es una forma ideal de realzar la belleza de su sonrisa.","robots":{"index":"index","follow":"follow","max-snippet":"max-snippet:-1","max-image-preview":"max-image-preview:large","max-video-preview":"max-video-preview:-1"},"canonical":"https:\/\/friendlysmilesdental.com\/es\/blanqueamiento-dental\/","og_locale":"es_ES","og_type":"article","og_title":"Blanqueamiento dental | Dentista San Luis Obispo | Santa Maria | King City","og_description":"El blanqueamiento dental es un tratamiento odontol\u00f3gico no invasivo que se utiliza para cambiar el color del esmalte dental natural y es una forma ideal de realzar la belleza de su sonrisa.","og_url":"https:\/\/friendlysmilesdental.com\/es\/blanqueamiento-dental\/","og_site_name":"Friendly Smiles Dental","article_modified_time":"2024-04-09T21:23:31+00:00","og_image":[{"url":"https:\/\/friendlysmilesdental.com\/wp-content\/uploads\/2023\/01\/zoom-teeth-whitening-200x200.jpg"}],"twitter_card":"summary_large_image","twitter_misc":{"Tiempo de lectura":"8 minutos"},"schema":{"@context":"https:\/\/schema.org","@graph":[{"@type":"WebPage","@id":"https:\/\/friendlysmilesdental.com\/es\/blanqueamiento-dental\/","url":"https:\/\/friendlysmilesdental.com\/es\/blanqueamiento-dental\/","name":"Blanqueamiento dental | Dentista San Luis Obispo | Santa Maria | King City","isPartOf":{"@id":"https:\/\/friendlysmilesdental.com\/es\/#website"},"primaryImageOfPage":{"@id":"https:\/\/friendlysmilesdental.com\/es\/blanqueamiento-dental\/#primaryimage"},"image":{"@id":"https:\/\/friendlysmilesdental.com\/es\/blanqueamiento-dental\/#primaryimage"},"thumbnailUrl":"https:\/\/friendlysmilesdental.com\/wp-content\/uploads\/2023\/01\/zoom-teeth-whitening-200x200.jpg","datePublished":"2019-10-03T16:25:30+00:00","dateModified":"2024-04-09T21:23:31+00:00","description":"El blanqueamiento dental es un tratamiento odontol\u00f3gico no invasivo que se utiliza para cambiar el color del esmalte dental natural y es una forma ideal de realzar la belleza de su sonrisa.","breadcrumb":{"@id":"https:\/\/friendlysmilesdental.com\/es\/blanqueamiento-dental\/#breadcrumb"},"inLanguage":"es","potentialAction":[{"@type":"ReadAction","target":["https:\/\/friendlysmilesdental.com\/es\/blanqueamiento-dental\/"]}]},{"@type":"ImageObject","inLanguage":"es","@id":"https:\/\/friendlysmilesdental.com\/es\/blanqueamiento-dental\/#primaryimage","url":"https:\/\/friendlysmilesdental.com\/wp-content\/uploads\/2023\/01\/zoom-teeth-whitening-200x200.jpg","contentUrl":"https:\/\/friendlysmilesdental.com\/wp-content\/uploads\/2023\/01\/zoom-teeth-whitening-200x200.jpg"},{"@type":"BreadcrumbList","@id":"https:\/\/friendlysmilesdental.com\/es\/blanqueamiento-dental\/#breadcrumb","itemListElement":[{"@type":"ListItem","position":1,"name":"Home","item":"https:\/\/friendlysmilesdental.com\/es\/inicio\/"},{"@type":"ListItem","position":2,"name":"Blanqueamiento dental"}]},{"@type":"WebSite","@id":"https:\/\/friendlysmilesdental.com\/es\/#website","url":"https:\/\/friendlysmilesdental.com\/es\/","name":"Friendly Smiles Dental","description":"Santa Maria Dentists | San Luis Obispo Dentists | King City Dentists","potentialAction":[{"@type":"SearchAction","target":{"@type":"EntryPoint","urlTemplate":"https:\/\/friendlysmilesdental.com\/es\/?s={search_term_string}"},"query-input":{"@type":"PropertyValueSpecification","valueRequired":true,"valueName":"search_term_string"}}],"inLanguage":"es"}]}},"_links":{"self":[{"href":"https:\/\/friendlysmilesdental.com\/es\/wp-json\/wp\/v2\/pages\/2950"}],"collection":[{"href":"https:\/\/friendlysmilesdental.com\/es\/wp-json\/wp\/v2\/pages"}],"about":[{"href":"https:\/\/friendlysmilesdental.com\/es\/wp-json\/wp\/v2\/types\/page"}],"author":[{"embeddable":true,"href":"https:\/\/friendlysmilesdental.com\/es\/wp-json\/wp\/v2\/users\/4"}],"replies":[{"embeddable":true,"href":"https:\/\/friendlysmilesdental.com\/es\/wp-json\/wp\/v2\/comments?post=2950"}],"version-history":[{"count":2,"href":"https:\/\/friendlysmilesdental.com\/es\/wp-json\/wp\/v2\/pages\/2950\/revisions"}],"predecessor-version":[{"id":3048,"href":"https:\/\/friendlysmilesdental.com\/es\/wp-json\/wp\/v2\/pages\/2950\/revisions\/3048"}],"wp:attachment":[{"href":"https:\/\/friendlysmilesdental.com\/es\/wp-json\/wp\/v2\/media?parent=2950"}],"curies":[{"name":"wp","href":"https:\/\/api.w.org\/{rel}","templated":true}]}}