{"id":2958,"date":"2019-10-03T17:49:16","date_gmt":"2019-10-03T17:49:16","guid":{"rendered":"https:\/\/friendlysmilesdental.com\/radiografias-dentales\/"},"modified":"2024-04-09T21:25:01","modified_gmt":"2024-04-09T21:25:01","slug":"radiografias-dentales","status":"publish","type":"page","link":"https:\/\/friendlysmilesdental.com\/es\/radiografias-dentales\/","title":{"rendered":"Radiograf\u00edas dentales"},"content":{"rendered":"<p><div class=\"fusion-fullwidth fullwidth-box fusion-builder-row-1 nonhundred-percent-fullwidth non-hundred-percent-height-scrolling\" style=\"--awb-border-radius-top-left:0px;--awb-border-radius-top-right:0px;--awb-border-radius-bottom-right:0px;--awb-border-radius-bottom-left:0px;--awb-padding-top:0px;--awb-padding-right:30px;--awb-padding-bottom:0px;--awb-padding-left:30px;--awb-flex-wrap:wrap;\" ><div class=\"fusion-builder-row fusion-row\"><div class=\"fusion-layout-column fusion_builder_column fusion-builder-column-0 fusion_builder_column_1_2 1_2 fusion-one-half fusion-column-first\" style=\"--awb-bg-size:cover;width:50%;width:calc(50% - ( ( 4% ) * 0.5 ) );margin-right: 4%;\"><div class=\"fusion-column-wrapper fusion-column-has-shadow fusion-flex-column-wrapper-legacy\"><div class=\"fusion-text fusion-text-1\"><h1 align=\"left\">Radiograf\u00edas dentales<\/h1>\n<\/div><div class=\"fusion-sep-clear\"><\/div><div class=\"fusion-separator fusion-clearfix\" style=\"float:left;margin-top:22px;margin-bottom:25px;width:100%;max-width:100px;\"><div class=\"fusion-separator-border sep-single sep-solid\" style=\"--awb-height:20px;--awb-amount:20px;--awb-sep-color:#6589c0;border-color:#6589c0;border-top-width:2px;\"><\/div><\/div><div class=\"fusion-sep-clear\"><\/div><div class=\"fusion-text fusion-text-2\"><p style=\"text-align: left;\" align=\"left\">Las radiograf\u00edas dentales son herramientas esenciales, preventivas y de diagn\u00f3stico que proporcionan informaci\u00f3n valiosa no visible durante un examen dental regular. Los dentistas e higienistas dentales utilizan esta informaci\u00f3n para detectar con seguridad y precisi\u00f3n anomal\u00edas dentales ocultas y completar un plan de tratamiento preciso. Sin radiograf\u00edas, las zonas problem\u00e1ticas pueden pasar desapercibidas.<\/p>\n<p style=\"text-align: left;\" align=\"left\">La radiograf\u00eda digital (radiograf\u00eda digital) es la \u00faltima tecnolog\u00eda utilizada para tomar radiograf\u00edas dentales. Esta t\u00e9cnica utiliza un sensor electr\u00f3nico (en lugar de una pel\u00edcula de rayos X) que captura y almacena la imagen digital en un ordenador. Esta imagen puede verse y ampliarse al instante, lo que ayuda al dentista y al higienista dental a detectar problemas con mayor facilidad. Las radiograf\u00edas digitales reducen la radiaci\u00f3n en un 80-90% en comparaci\u00f3n con la ya baja exposici\u00f3n de las radiograf\u00edas tradicionales.<\/p>\n<p style=\"text-align: left;\" align=\"left\">Aunque las radiograf\u00edas digitales producen un bajo nivel de radiaci\u00f3n y se consideran muy seguras, los dentistas siguen tomando las precauciones necesarias para limitar la exposici\u00f3n del paciente a la radiaci\u00f3n. Estas precauciones incluyen realizar \u00fanicamente las radiograf\u00edas necesarias y utilizar delantales de plomo para proteger el cuerpo.<\/p>\n<h2 align=\"left\">Las radiograf\u00edas dentales pueden revelar:<\/h2>\n<ul style=\"text-align: left;\" type=\"disc\">\n<li>Abscesos o quistes.<\/li>\n<li>P\u00e9rdida \u00f3sea.<\/li>\n<li>Tumores cancerosos y no cancerosos.<\/li>\n<li>Caries entre los dientes.<\/li>\n<li>Anomal\u00edas del desarrollo.<\/li>\n<li>Malas posiciones de dientes y ra\u00edces.<\/li>\n<li>Problemas en el interior de un diente o bajo la l\u00ednea de las enc\u00edas.<\/li>\n<\/ul>\n<p>Detectar y tratar los problemas dentales en una fase temprana puede ahorrarle tiempo, dinero, molestias innecesarias \u00a1y sus dientes!<\/p>\n<\/div><div class=\"fusion-sep-clear\"><\/div><div class=\"fusion-separator fusion-full-width-sep\" style=\"margin-left: auto;margin-right: auto;margin-top:1%;margin-bottom:1%;width:100%;\"><\/div><div class=\"fusion-sep-clear\"><\/div><div class=\"fusion-clearfix\"><\/div><\/div><\/div><div class=\"fusion-layout-column fusion_builder_column fusion-builder-column-1 fusion_builder_column_1_2 1_2 fusion-one-half fusion-column-last\" style=\"--awb-bg-size:cover;width:50%;width:calc(50% - ( ( 4% ) * 0.5 ) );\"><div class=\"fusion-column-wrapper fusion-column-has-shadow fusion-flex-column-wrapper-legacy\"><div class=\"fusion-text fusion-text-3\"><p><img decoding=\"async\" class=\"lazyload alignnone size-full wp-image-1863\" src=\"https:\/\/friendlysmilesdental.com\/wp-content\/uploads\/2019\/12\/dental-x-rays.jpg\" data-orig-src=\"https:\/\/friendlysmilesdental.com\/wp-content\/uploads\/2019\/12\/dental-x-rays.jpg\" alt=\"Radiograf\u00edas dentales en San Luis Obispo dentista Friendly Smiles\" width=\"550\" height=\"338\" srcset=\"data:image\/svg+xml,%3Csvg%20xmlns%3D%27http%3A%2F%2Fwww.w3.org%2F2000%2Fsvg%27%20width%3D%27550%27%20height%3D%27338%27%20viewBox%3D%270%200%20550%20338%27%3E%3Crect%20width%3D%27550%27%20height%3D%27338%27%20fill-opacity%3D%220%22%2F%3E%3C%2Fsvg%3E\" data-srcset=\"https:\/\/friendlysmilesdental.com\/wp-content\/uploads\/2019\/12\/dental-x-rays-200x123.jpg 200w, https:\/\/friendlysmilesdental.com\/wp-content\/uploads\/2019\/12\/dental-x-rays-300x184.jpg 300w, https:\/\/friendlysmilesdental.com\/wp-content\/uploads\/2019\/12\/dental-x-rays-400x246.jpg 400w, https:\/\/friendlysmilesdental.com\/wp-content\/uploads\/2019\/12\/dental-x-rays.jpg 550w\" data-sizes=\"auto\" data-orig-sizes=\"(max-width: 550px) 100vw, 550px\" \/><\/p>\n<\/div><div class=\"fusion-text fusion-text-4\"><h2 style=\"text-align: left;\" align=\"left\">\u00bfSon seguras las radiograf\u00edas dentales?<\/h2>\n<p style=\"text-align: left;\" align=\"left\">Todos estamos expuestos a la radiaci\u00f3n natural de nuestro entorno. La cantidad de exposici\u00f3n a la radiaci\u00f3n de una serie de radiograf\u00edas de toda la boca es igual a la cantidad que una persona recibe en un solo d\u00eda de fuentes naturales.<\/p>\n<p style=\"text-align: left;\" align=\"left\">Las radiograf\u00edas dentales producen un bajo nivel de radiaci\u00f3n y se consideran seguras. Los dentistas toman las precauciones necesarias para limitar la exposici\u00f3n del paciente a la radiaci\u00f3n. Estas precauciones incluyen el uso de delantales de plomo para proteger el cuerpo y la utilizaci\u00f3n de pel\u00edculas modernas y r\u00e1pidas que reducen el tiempo de exposici\u00f3n de cada radiograf\u00eda.<\/p>\n<h2 style=\"text-align: left;\" align=\"left\">\u00bfCon qu\u00e9 frecuencia deben realizarse radiograf\u00edas dentales?<\/h2>\n<p style=\"text-align: left;\" align=\"left\">La necesidad de realizar radiograf\u00edas dentales depende de las necesidades de salud dental de cada paciente. Su dentista e higienista dental le recomendar\u00e1n las radiograf\u00edas necesarias bas\u00e1ndose en la revisi\u00f3n de su historial m\u00e9dico y dental, examen dental, signos y s\u00edntomas, consideraci\u00f3n de la edad y riesgo de enfermedad.<\/p>\n<p style=\"text-align: left;\" align=\"left\">Se recomienda una <em>serie de<\/em> radiograf\u00edas dentales de <em>toda la boca<\/em> para los nuevos pacientes. Una serie completa suele durar de tres a cinco a\u00f1os. Las <em>radiograf\u00edas de mordida<\/em> (radiograf\u00edas de los dientes superiores e inferiores mordiendo juntos) se toman en las visitas de revisi\u00f3n y se recomiendan una o dos veces al a\u00f1o para detectar nuevos problemas dentales.<\/p>\n<\/div><div class=\"fusion-clearfix\"><\/div><\/div><\/div><\/div><\/div><div class=\"fusion-bg-parallax\" data-bg-align=\"center center\" data-direction=\"right\" data-mute=\"false\" data-opacity=\"100\" data-velocity=\"-0.8\" data-mobile-enabled=\"false\" data-break_parents=\"0\" data-bg-image=\"https:\/\/friendlysmilesdental.com\/wp-content\/uploads\/2020\/01\/best-san-luis-obispo-dentist.jpg\" data-bg-repeat=\"false\" ><\/div><div class=\"fusion-fullwidth fullwidth-box fusion-builder-row-2 fusion-parallax-right nonhundred-percent-fullwidth non-hundred-percent-height-scrolling lazyload\" style=\"--awb-border-radius-top-left:0px;--awb-border-radius-top-right:0px;--awb-border-radius-bottom-right:0px;--awb-border-radius-bottom-left:0px;--awb-padding-top:40px;--awb-padding-bottom:50px;--awb-background-size:cover;--awb-flex-wrap:wrap;\" data-bg=\"https:\/\/friendlysmilesdental.com\/wp-content\/uploads\/2020\/01\/best-san-luis-obispo-dentist.jpg\" ><div class=\"fusion-builder-row fusion-row\"><div class=\"fusion-layout-column fusion_builder_column fusion-builder-column-2 fusion_builder_column_1_1 1_1 fusion-one-full fusion-column-first fusion-column-last\" style=\"--awb-bg-size:cover;--awb-margin-top:3%;--awb-margin-bottom:3%;\"><div class=\"fusion-column-wrapper fusion-column-has-shadow fusion-flex-column-wrapper-legacy\"><div class=\"fusion-text fusion-text-5\"><h2 style=\"text-align: center;\"><span style=\"color: #ffffff;\">\u00bfListo para sonre\u00edr?<\/span><\/h2>\n<\/div><div class=\"fusion-sep-clear\"><\/div><div class=\"fusion-separator fusion-full-width-sep\" style=\"margin-left: auto;margin-right: auto;margin-top:15px;width:100%;\"><\/div><div class=\"fusion-sep-clear\"><\/div><div class=\"fusion-aligncenter\"><a class=\"fusion-button button-flat fusion-button-default-size button-custom fusion-button-default button-1 fusion-button-default-span fusion-button-default-type\" style=\"--button_accent_color:#ffffff;--button_accent_hover_color:#6487c2;--button_border_hover_color:#6487c2;--button_gradient_top_color:#4fc3a3;--button_gradient_bottom_color:#4fc3a3;--button_gradient_top_color_hover:#ffffff;--button_gradient_bottom_color_hover:#ffffff;\" target=\"_self\" href=\"https:\/\/friendlysmilesdental.com\/es\/reservar-cita\/\"><i class=\"fa-plus fas button-icon-left\" aria-hidden=\"true\"><\/i><span class=\"fusion-button-text\">Solicitar una cita<\/span><\/a><\/div><div class=\"fusion-sep-clear\"><\/div><div class=\"fusion-separator fusion-full-width-sep\" style=\"margin-left: auto;margin-right: auto;margin-top:15px;width:100%;\"><\/div><div class=\"fusion-sep-clear\"><\/div><div class=\"fusion-text fusion-text-6\"><h3 style=\"text-align: center;\"><span style=\"color: #ffffff;\">Estamos orgullosos de aceptar Medi-Cal y tomar la mayor\u00eda de las formas de seguro en todas nuestras oficinas dentales.<\/span><\/h3>\n<\/div><div class=\"fusion-clearfix\"><\/div><\/div><\/div><\/div><\/div><\/p>\n","protected":false},"excerpt":{"rendered":"","protected":false},"author":4,"featured_media":0,"parent":0,"menu_order":0,"comment_status":"closed","ping_status":"open","template":"100-width.php","meta":{"footnotes":""},"yoast_head":"<!-- This site is optimized with the Yoast SEO plugin v23.9 - https:\/\/yoast.com\/wordpress\/plugins\/seo\/ -->\n<title>Radiograf\u00edas dentales | Friendly Smiles Dental | San Luis Obispo | Santa Maria<\/title>\n<meta name=\"description\" content=\"Las radiograf\u00edas dentales son herramientas esenciales, preventivas y de diagn\u00f3stico que proporcionan informaci\u00f3n valiosa no visible durante un examen dental regular.\" \/>\n<meta name=\"robots\" content=\"index, follow, max-snippet:-1, max-image-preview:large, max-video-preview:-1\" \/>\n<link rel=\"canonical\" href=\"https:\/\/friendlysmilesdental.com\/es\/radiografias-dentales\/\" \/>\n<meta property=\"og:locale\" content=\"es_ES\" \/>\n<meta property=\"og:type\" content=\"article\" \/>\n<meta property=\"og:title\" content=\"Radiograf\u00edas dentales | Friendly Smiles Dental | San Luis Obispo | Santa Maria\" \/>\n<meta property=\"og:description\" content=\"Las radiograf\u00edas dentales son herramientas esenciales, preventivas y de diagn\u00f3stico que proporcionan informaci\u00f3n valiosa no visible durante un examen dental regular.\" \/>\n<meta property=\"og:url\" content=\"https:\/\/friendlysmilesdental.com\/es\/radiografias-dentales\/\" \/>\n<meta property=\"og:site_name\" content=\"Friendly Smiles Dental\" \/>\n<meta property=\"article:modified_time\" content=\"2024-04-09T21:25:01+00:00\" \/>\n<meta property=\"og:image\" content=\"https:\/\/friendlysmilesdental.com\/wp-content\/uploads\/2019\/12\/dental-x-rays.jpg\" \/>\n<meta name=\"twitter:card\" content=\"summary_large_image\" \/>\n<meta name=\"twitter:label1\" content=\"Tiempo de lectura\" \/>\n\t<meta name=\"twitter:data1\" content=\"10 minutos\" \/>\n<script type=\"application\/ld+json\" class=\"yoast-schema-graph\">{\"@context\":\"https:\/\/schema.org\",\"@graph\":[{\"@type\":\"WebPage\",\"@id\":\"https:\/\/friendlysmilesdental.com\/es\/radiografias-dentales\/\",\"url\":\"https:\/\/friendlysmilesdental.com\/es\/radiografias-dentales\/\",\"name\":\"Radiograf\u00edas dentales | Friendly Smiles Dental | San Luis Obispo | Santa Maria\",\"isPartOf\":{\"@id\":\"https:\/\/friendlysmilesdental.com\/es\/#website\"},\"primaryImageOfPage\":{\"@id\":\"https:\/\/friendlysmilesdental.com\/es\/radiografias-dentales\/#primaryimage\"},\"image\":{\"@id\":\"https:\/\/friendlysmilesdental.com\/es\/radiografias-dentales\/#primaryimage\"},\"thumbnailUrl\":\"https:\/\/friendlysmilesdental.com\/wp-content\/uploads\/2019\/12\/dental-x-rays.jpg\",\"datePublished\":\"2019-10-03T17:49:16+00:00\",\"dateModified\":\"2024-04-09T21:25:01+00:00\",\"description\":\"Las radiograf\u00edas dentales son herramientas esenciales, preventivas y de diagn\u00f3stico que proporcionan informaci\u00f3n valiosa no visible durante un examen dental regular.\",\"breadcrumb\":{\"@id\":\"https:\/\/friendlysmilesdental.com\/es\/radiografias-dentales\/#breadcrumb\"},\"inLanguage\":\"es\",\"potentialAction\":[{\"@type\":\"ReadAction\",\"target\":[\"https:\/\/friendlysmilesdental.com\/es\/radiografias-dentales\/\"]}]},{\"@type\":\"ImageObject\",\"inLanguage\":\"es\",\"@id\":\"https:\/\/friendlysmilesdental.com\/es\/radiografias-dentales\/#primaryimage\",\"url\":\"https:\/\/friendlysmilesdental.com\/wp-content\/uploads\/2019\/12\/dental-x-rays.jpg\",\"contentUrl\":\"https:\/\/friendlysmilesdental.com\/wp-content\/uploads\/2019\/12\/dental-x-rays.jpg\"},{\"@type\":\"BreadcrumbList\",\"@id\":\"https:\/\/friendlysmilesdental.com\/es\/radiografias-dentales\/#breadcrumb\",\"itemListElement\":[{\"@type\":\"ListItem\",\"position\":1,\"name\":\"Home\",\"item\":\"https:\/\/friendlysmilesdental.com\/es\/inicio\/\"},{\"@type\":\"ListItem\",\"position\":2,\"name\":\"Radiograf\u00edas dentales\"}]},{\"@type\":\"WebSite\",\"@id\":\"https:\/\/friendlysmilesdental.com\/es\/#website\",\"url\":\"https:\/\/friendlysmilesdental.com\/es\/\",\"name\":\"Friendly Smiles Dental\",\"description\":\"Santa Maria Dentists | San Luis Obispo Dentists | King City Dentists\",\"potentialAction\":[{\"@type\":\"SearchAction\",\"target\":{\"@type\":\"EntryPoint\",\"urlTemplate\":\"https:\/\/friendlysmilesdental.com\/es\/?s={search_term_string}\"},\"query-input\":{\"@type\":\"PropertyValueSpecification\",\"valueRequired\":true,\"valueName\":\"search_term_string\"}}],\"inLanguage\":\"es\"}]}<\/script>\n<!-- \/ Yoast SEO plugin. -->","yoast_head_json":{"title":"Radiograf\u00edas dentales | Friendly Smiles Dental | San Luis Obispo | Santa Maria","description":"Las radiograf\u00edas dentales son herramientas esenciales, preventivas y de diagn\u00f3stico que proporcionan informaci\u00f3n valiosa no visible durante un examen dental regular.","robots":{"index":"index","follow":"follow","max-snippet":"max-snippet:-1","max-image-preview":"max-image-preview:large","max-video-preview":"max-video-preview:-1"},"canonical":"https:\/\/friendlysmilesdental.com\/es\/radiografias-dentales\/","og_locale":"es_ES","og_type":"article","og_title":"Radiograf\u00edas dentales | Friendly Smiles Dental | San Luis Obispo | Santa Maria","og_description":"Las radiograf\u00edas dentales son herramientas esenciales, preventivas y de diagn\u00f3stico que proporcionan informaci\u00f3n valiosa no visible durante un examen dental regular.","og_url":"https:\/\/friendlysmilesdental.com\/es\/radiografias-dentales\/","og_site_name":"Friendly Smiles Dental","article_modified_time":"2024-04-09T21:25:01+00:00","og_image":[{"url":"https:\/\/friendlysmilesdental.com\/wp-content\/uploads\/2019\/12\/dental-x-rays.jpg"}],"twitter_card":"summary_large_image","twitter_misc":{"Tiempo de lectura":"10 minutos"},"schema":{"@context":"https:\/\/schema.org","@graph":[{"@type":"WebPage","@id":"https:\/\/friendlysmilesdental.com\/es\/radiografias-dentales\/","url":"https:\/\/friendlysmilesdental.com\/es\/radiografias-dentales\/","name":"Radiograf\u00edas dentales | Friendly Smiles Dental | San Luis Obispo | Santa Maria","isPartOf":{"@id":"https:\/\/friendlysmilesdental.com\/es\/#website"},"primaryImageOfPage":{"@id":"https:\/\/friendlysmilesdental.com\/es\/radiografias-dentales\/#primaryimage"},"image":{"@id":"https:\/\/friendlysmilesdental.com\/es\/radiografias-dentales\/#primaryimage"},"thumbnailUrl":"https:\/\/friendlysmilesdental.com\/wp-content\/uploads\/2019\/12\/dental-x-rays.jpg","datePublished":"2019-10-03T17:49:16+00:00","dateModified":"2024-04-09T21:25:01+00:00","description":"Las radiograf\u00edas dentales son herramientas esenciales, preventivas y de diagn\u00f3stico que proporcionan informaci\u00f3n valiosa no visible durante un examen dental regular.","breadcrumb":{"@id":"https:\/\/friendlysmilesdental.com\/es\/radiografias-dentales\/#breadcrumb"},"inLanguage":"es","potentialAction":[{"@type":"ReadAction","target":["https:\/\/friendlysmilesdental.com\/es\/radiografias-dentales\/"]}]},{"@type":"ImageObject","inLanguage":"es","@id":"https:\/\/friendlysmilesdental.com\/es\/radiografias-dentales\/#primaryimage","url":"https:\/\/friendlysmilesdental.com\/wp-content\/uploads\/2019\/12\/dental-x-rays.jpg","contentUrl":"https:\/\/friendlysmilesdental.com\/wp-content\/uploads\/2019\/12\/dental-x-rays.jpg"},{"@type":"BreadcrumbList","@id":"https:\/\/friendlysmilesdental.com\/es\/radiografias-dentales\/#breadcrumb","itemListElement":[{"@type":"ListItem","position":1,"name":"Home","item":"https:\/\/friendlysmilesdental.com\/es\/inicio\/"},{"@type":"ListItem","position":2,"name":"Radiograf\u00edas dentales"}]},{"@type":"WebSite","@id":"https:\/\/friendlysmilesdental.com\/es\/#website","url":"https:\/\/friendlysmilesdental.com\/es\/","name":"Friendly Smiles Dental","description":"Santa Maria Dentists | San Luis Obispo Dentists | King City Dentists","potentialAction":[{"@type":"SearchAction","target":{"@type":"EntryPoint","urlTemplate":"https:\/\/friendlysmilesdental.com\/es\/?s={search_term_string}"},"query-input":{"@type":"PropertyValueSpecification","valueRequired":true,"valueName":"search_term_string"}}],"inLanguage":"es"}]}},"_links":{"self":[{"href":"https:\/\/friendlysmilesdental.com\/es\/wp-json\/wp\/v2\/pages\/2958"}],"collection":[{"href":"https:\/\/friendlysmilesdental.com\/es\/wp-json\/wp\/v2\/pages"}],"about":[{"href":"https:\/\/friendlysmilesdental.com\/es\/wp-json\/wp\/v2\/types\/page"}],"author":[{"embeddable":true,"href":"https:\/\/friendlysmilesdental.com\/es\/wp-json\/wp\/v2\/users\/4"}],"replies":[{"embeddable":true,"href":"https:\/\/friendlysmilesdental.com\/es\/wp-json\/wp\/v2\/comments?post=2958"}],"version-history":[{"count":2,"href":"https:\/\/friendlysmilesdental.com\/es\/wp-json\/wp\/v2\/pages\/2958\/revisions"}],"predecessor-version":[{"id":3059,"href":"https:\/\/friendlysmilesdental.com\/es\/wp-json\/wp\/v2\/pages\/2958\/revisions\/3059"}],"wp:attachment":[{"href":"https:\/\/friendlysmilesdental.com\/es\/wp-json\/wp\/v2\/media?parent=2958"}],"curies":[{"name":"wp","href":"https:\/\/api.w.org\/{rel}","templated":true}]}}