{"id":2959,"date":"2019-10-02T16:55:03","date_gmt":"2019-10-02T16:55:03","guid":{"rendered":"https:\/\/friendlysmilesdental.com\/limpieza-dental-y-examenes-dentales\/"},"modified":"2024-04-09T21:23:31","modified_gmt":"2024-04-09T21:23:31","slug":"limpieza-dental-y-examenes-dentales","status":"publish","type":"page","link":"https:\/\/friendlysmilesdental.com\/es\/limpieza-dental-y-examenes-dentales\/","title":{"rendered":"Limpieza dental y ex\u00e1menes dentales"},"content":{"rendered":"<p><div class=\"fusion-fullwidth fullwidth-box fusion-builder-row-1 nonhundred-percent-fullwidth non-hundred-percent-height-scrolling\" style=\"--awb-border-radius-top-left:0px;--awb-border-radius-top-right:0px;--awb-border-radius-bottom-right:0px;--awb-border-radius-bottom-left:0px;--awb-padding-top:0px;--awb-padding-right:30px;--awb-padding-bottom:0px;--awb-padding-left:30px;--awb-flex-wrap:wrap;\" ><div class=\"fusion-builder-row fusion-row\"><div class=\"fusion-layout-column fusion_builder_column fusion-builder-column-0 fusion_builder_column_1_2 1_2 fusion-one-half fusion-column-first\" style=\"--awb-bg-size:cover;width:50%;width:calc(50% - ( ( 4% ) * 0.5 ) );margin-right: 4%;\"><div class=\"fusion-column-wrapper fusion-column-has-shadow fusion-flex-column-wrapper-legacy\"><div class=\"fusion-text fusion-text-1\"><h1 align=\"left\">Limpieza dental y ex\u00e1menes dentales<\/h1>\n<\/div><div class=\"fusion-sep-clear\"><\/div><div class=\"fusion-separator fusion-clearfix\" style=\"float:left;margin-top:22px;margin-bottom:25px;width:100%;max-width:100px;\"><div class=\"fusion-separator-border sep-single sep-solid\" style=\"--awb-height:20px;--awb-amount:20px;--awb-sep-color:#6589c0;border-color:#6589c0;border-top-width:2px;\"><\/div><\/div><div class=\"fusion-sep-clear\"><\/div><div class=\"fusion-text fusion-text-2\"><h2 align=\"left\">Limpieza dental<\/h2>\n<div align=\"justify\">\n<p style=\"text-align: left;\" align=\"justify\">Nuestras limpiezas dentales profesionales<i>(profilaxis dental<\/i>) son realizadas por higienistas dentales titulados. Su cita de limpieza incluir\u00e1 un examen dental y lo siguiente:<\/p>\n<ul style=\"text-align: left;\" type=\"disc\">\n<li><b>Eliminaci\u00f3n del sarro: <\/b>El sarro es placa endurecida que ha permanecido en el diente durante alg\u00fan tiempo y que ahora est\u00e1 firmemente adherida a la superficie dental. El sarro se forma por encima y por debajo de la l\u00ednea de las enc\u00edas y s\u00f3lo puede eliminarse con instrumentos dentales especiales.<\/li>\n<\/ul>\n<ul style=\"text-align: left;\" type=\"disc\">\n<li><b>Eliminaci\u00f3n de la placa: <\/b>La placa es una pel\u00edcula pegajosa, casi invisible, que se forma en los dientes. Es una colonia en crecimiento de bacterias vivas, restos de comida y saliva. Las bacterias producen toxinas (venenos) que inflaman las enc\u00edas. Esta inflamaci\u00f3n es el inicio de la enfermedad periodontal.<\/li>\n<\/ul>\n<ul type=\"disc\">\n<li style=\"text-align: left;\"><b>Pulido dental: <\/b>El pulido elimina las manchas y la placa que no se eliminan de otro modo durante el cepillado y el raspado dental.<\/li>\n<\/ul>\n<\/div>\n<\/div><div class=\"fusion-sep-clear\"><\/div><div class=\"fusion-separator fusion-full-width-sep\" style=\"margin-left: auto;margin-right: auto;margin-top:1%;margin-bottom:1%;width:100%;\"><\/div><div class=\"fusion-sep-clear\"><\/div><div class=\"fusion-clearfix\"><\/div><\/div><\/div><div class=\"fusion-layout-column fusion_builder_column fusion-builder-column-1 fusion_builder_column_1_2 1_2 fusion-one-half fusion-column-last\" style=\"--awb-padding-top:2%;--awb-bg-size:cover;width:50%;width:calc(50% - ( ( 4% ) * 0.5 ) );\"><div class=\"fusion-column-wrapper fusion-column-has-shadow fusion-flex-column-wrapper-legacy\"><div class=\"fusion-text fusion-text-3\"><p><img decoding=\"async\" class=\"lazyload alignnone size-full wp-image-1923\" src=\"https:\/\/friendlysmilesdental.com\/wp-content\/uploads\/2020\/01\/teeth-cleaning-slo.jpg\" data-orig-src=\"https:\/\/friendlysmilesdental.com\/wp-content\/uploads\/2020\/01\/teeth-cleaning-slo.jpg\" alt=\"limpieza dental en San Luis Obispo\" width=\"550\" height=\"367\" srcset=\"data:image\/svg+xml,%3Csvg%20xmlns%3D%27http%3A%2F%2Fwww.w3.org%2F2000%2Fsvg%27%20width%3D%27550%27%20height%3D%27367%27%20viewBox%3D%270%200%20550%20367%27%3E%3Crect%20width%3D%27550%27%20height%3D%27367%27%20fill-opacity%3D%220%22%2F%3E%3C%2Fsvg%3E\" data-srcset=\"https:\/\/friendlysmilesdental.com\/wp-content\/uploads\/2020\/01\/teeth-cleaning-slo-200x133.jpg 200w, https:\/\/friendlysmilesdental.com\/wp-content\/uploads\/2020\/01\/teeth-cleaning-slo-300x200.jpg 300w, https:\/\/friendlysmilesdental.com\/wp-content\/uploads\/2020\/01\/teeth-cleaning-slo-400x267.jpg 400w, https:\/\/friendlysmilesdental.com\/wp-content\/uploads\/2020\/01\/teeth-cleaning-slo.jpg 550w\" data-sizes=\"auto\" data-orig-sizes=\"(max-width: 550px) 100vw, 550px\" \/><\/p>\n<\/div><div class=\"fusion-text fusion-text-4\"><h2 align=\"left\">\u00bfQu\u00e9 es un examen dental?<\/h2>\n<p style=\"text-align: left;\" align=\"left\">Nuestros dentistas le realizar\u00e1n un examen dental completo en su primera visita al dentista. En las revisiones peri\u00f3dicas, su dentista e higienista incluir\u00e1n lo siguiente:<\/p>\n<ul style=\"text-align: left;\" type=\"disc\">\n<li>\n<div align=\"left\"><strong>Examen de rayos X de diagn\u00f3stico (radiograf\u00edas):<\/strong> Esencial para la detecci\u00f3n de caries, tumores, quistes y p\u00e9rdida \u00f3sea. Las radiograf\u00edas tambi\u00e9n ayudan a determinar la posici\u00f3n de los dientes y las ra\u00edces.<\/div>\n<\/li>\n<\/ul>\n<ul style=\"text-align: left;\" type=\"disc\">\n<li>\n<div align=\"left\"><strong>Detecci\u00f3n del c\u00e1ncer oral:<\/strong> Revisar la cara, el cuello, los labios, la lengua, la garganta, los tejidos y las enc\u00edas para detectar cualquier signo de c\u00e1ncer oral.<\/div>\n<\/li>\n<\/ul>\n<ul style=\"text-align: left;\" type=\"disc\">\n<li>\n<div align=\"left\"><strong>Evaluaci\u00f3n de la enfermedad de las enc\u00edas:<\/strong> Revise las enc\u00edas y el hueso alrededor de los dientes para detectar cualquier signo de enfermedad periodontal.<\/div>\n<\/li>\n<\/ul>\n<ul style=\"text-align: left;\" type=\"disc\">\n<li>\n<div align=\"left\"><strong>Examen de caries:<\/strong> Nuestros dentistas examinar\u00e1n las superficies de sus dientes en busca de caries con instrumentos dentales especiales.<\/div>\n<\/li>\n<\/ul>\n<ul type=\"disc\">\n<li>\n<div style=\"text-align: left;\" align=\"left\"><strong>Examen de las restauraciones existentes:<\/strong> Comprobar los empastes, coronas, etc. actuales.<\/div>\n<\/li>\n<\/ul>\n<div align=\"left\"><\/div>\n<\/div><div class=\"fusion-clearfix\"><\/div><\/div><\/div><\/div><\/div><div class=\"fusion-bg-parallax\" data-bg-align=\"center center\" data-direction=\"right\" data-mute=\"false\" data-opacity=\"100\" data-velocity=\"-0.8\" data-mobile-enabled=\"false\" data-break_parents=\"0\" data-bg-image=\"https:\/\/friendlysmilesdental.com\/wp-content\/uploads\/2020\/01\/best-san-luis-obispo-dentist.jpg\" data-bg-repeat=\"false\" ><\/div><div class=\"fusion-fullwidth fullwidth-box fusion-builder-row-2 fusion-parallax-right nonhundred-percent-fullwidth non-hundred-percent-height-scrolling lazyload\" style=\"--awb-border-radius-top-left:0px;--awb-border-radius-top-right:0px;--awb-border-radius-bottom-right:0px;--awb-border-radius-bottom-left:0px;--awb-padding-top:40px;--awb-padding-bottom:40px;--awb-margin-top:0px;--awb-margin-bottom:0px;--awb-background-size:cover;--awb-flex-wrap:wrap;\" data-bg=\"https:\/\/friendlysmilesdental.com\/wp-content\/uploads\/2020\/01\/best-san-luis-obispo-dentist.jpg\" ><div class=\"fusion-builder-row fusion-row\"><div class=\"fusion-layout-column fusion_builder_column fusion-builder-column-2 fusion_builder_column_1_1 1_1 fusion-one-full fusion-column-first fusion-column-last\" style=\"--awb-bg-size:cover;--awb-margin-top:3%;--awb-margin-bottom:3%;\"><div class=\"fusion-column-wrapper fusion-column-has-shadow fusion-flex-column-wrapper-legacy\"><div class=\"fusion-text fusion-text-5\"><h3 style=\"text-align: center;\"><span style=\"color: #ffffff;\">\u00bfListo para sonre\u00edr?<\/span><\/h3>\n<\/div><div class=\"fusion-sep-clear\"><\/div><div class=\"fusion-separator fusion-full-width-sep\" style=\"margin-left: auto;margin-right: auto;margin-top:15px;width:100%;\"><\/div><div class=\"fusion-sep-clear\"><\/div><div class=\"fusion-aligncenter\"><a class=\"fusion-button button-flat fusion-button-default-size button-custom fusion-button-default button-1 fusion-button-default-span fusion-button-default-type\" style=\"--button_accent_color:#ffffff;--button_accent_hover_color:#6487c2;--button_border_hover_color:#6487c2;--button_gradient_top_color:#4fc3a3;--button_gradient_bottom_color:#4fc3a3;--button_gradient_top_color_hover:#ffffff;--button_gradient_bottom_color_hover:#ffffff;\" target=\"_self\" href=\"https:\/\/friendlysmilesdental.com\/es\/reservar-cita\/\"><i class=\"fa-plus fas button-icon-left\" aria-hidden=\"true\"><\/i><span class=\"fusion-button-text\">Solicitar una cita<\/span><\/a><\/div><div class=\"fusion-sep-clear\"><\/div><div class=\"fusion-separator fusion-full-width-sep\" style=\"margin-left: auto;margin-right: auto;margin-top:15px;width:100%;\"><\/div><div class=\"fusion-sep-clear\"><\/div><div class=\"fusion-text fusion-text-6\"><h3 style=\"text-align: center;\"><span style=\"color: #ffffff;\">Estamos orgullosos de aceptar Medi-Cal y tomar la mayor\u00eda de las formas de seguro en todas nuestras oficinas dentales.<\/span><\/h3>\n<\/div><div class=\"fusion-clearfix\"><\/div><\/div><\/div><\/div><\/div><\/p>\n","protected":false},"excerpt":{"rendered":"","protected":false},"author":4,"featured_media":0,"parent":0,"menu_order":0,"comment_status":"closed","ping_status":"open","template":"100-width.php","meta":{"footnotes":""},"yoast_head":"<!-- This site is optimized with the Yoast SEO plugin v23.9 - https:\/\/yoast.com\/wordpress\/plugins\/seo\/ -->\n<title>Limpieza dental y examen dental | San Luis Obispo | Santa Maria<\/title>\n<meta name=\"description\" content=\"Friendly Smiles Dental Group tiene tres oficinas en la Costa Central para una limpieza dental asequible y examen dental por nuestro equipo de higienistas dentales con experiencia.\" \/>\n<meta name=\"robots\" content=\"index, follow, max-snippet:-1, max-image-preview:large, max-video-preview:-1\" \/>\n<link rel=\"canonical\" href=\"https:\/\/friendlysmilesdental.com\/es\/limpieza-dental-y-examenes-dentales\/\" \/>\n<meta property=\"og:locale\" content=\"es_ES\" \/>\n<meta property=\"og:type\" content=\"article\" \/>\n<meta property=\"og:title\" content=\"Limpieza dental y examen dental | San Luis Obispo | Santa Maria\" \/>\n<meta property=\"og:description\" content=\"Friendly Smiles Dental Group tiene tres oficinas en la Costa Central para una limpieza dental asequible y examen dental por nuestro equipo de higienistas dentales con experiencia.\" \/>\n<meta property=\"og:url\" content=\"https:\/\/friendlysmilesdental.com\/es\/limpieza-dental-y-examenes-dentales\/\" \/>\n<meta property=\"og:site_name\" content=\"Friendly Smiles Dental\" \/>\n<meta property=\"article:modified_time\" content=\"2024-04-09T21:23:31+00:00\" \/>\n<meta property=\"og:image\" content=\"https:\/\/friendlysmilesdental.com\/wp-content\/uploads\/2020\/01\/teeth-cleaning-slo.jpg\" \/>\n<meta name=\"twitter:card\" content=\"summary_large_image\" \/>\n<meta name=\"twitter:label1\" content=\"Tiempo de lectura\" \/>\n\t<meta name=\"twitter:data1\" content=\"11 minutos\" \/>\n<script type=\"application\/ld+json\" class=\"yoast-schema-graph\">{\"@context\":\"https:\/\/schema.org\",\"@graph\":[{\"@type\":\"WebPage\",\"@id\":\"https:\/\/friendlysmilesdental.com\/es\/limpieza-dental-y-examenes-dentales\/\",\"url\":\"https:\/\/friendlysmilesdental.com\/es\/limpieza-dental-y-examenes-dentales\/\",\"name\":\"Limpieza dental y examen dental | San Luis Obispo | Santa Maria\",\"isPartOf\":{\"@id\":\"https:\/\/friendlysmilesdental.com\/es\/#website\"},\"primaryImageOfPage\":{\"@id\":\"https:\/\/friendlysmilesdental.com\/es\/limpieza-dental-y-examenes-dentales\/#primaryimage\"},\"image\":{\"@id\":\"https:\/\/friendlysmilesdental.com\/es\/limpieza-dental-y-examenes-dentales\/#primaryimage\"},\"thumbnailUrl\":\"https:\/\/friendlysmilesdental.com\/wp-content\/uploads\/2020\/01\/teeth-cleaning-slo.jpg\",\"datePublished\":\"2019-10-02T16:55:03+00:00\",\"dateModified\":\"2024-04-09T21:23:31+00:00\",\"description\":\"Friendly Smiles Dental Group tiene tres oficinas en la Costa Central para una limpieza dental asequible y examen dental por nuestro equipo de higienistas dentales con experiencia.\",\"breadcrumb\":{\"@id\":\"https:\/\/friendlysmilesdental.com\/es\/limpieza-dental-y-examenes-dentales\/#breadcrumb\"},\"inLanguage\":\"es\",\"potentialAction\":[{\"@type\":\"ReadAction\",\"target\":[\"https:\/\/friendlysmilesdental.com\/es\/limpieza-dental-y-examenes-dentales\/\"]}]},{\"@type\":\"ImageObject\",\"inLanguage\":\"es\",\"@id\":\"https:\/\/friendlysmilesdental.com\/es\/limpieza-dental-y-examenes-dentales\/#primaryimage\",\"url\":\"https:\/\/friendlysmilesdental.com\/wp-content\/uploads\/2020\/01\/teeth-cleaning-slo.jpg\",\"contentUrl\":\"https:\/\/friendlysmilesdental.com\/wp-content\/uploads\/2020\/01\/teeth-cleaning-slo.jpg\"},{\"@type\":\"BreadcrumbList\",\"@id\":\"https:\/\/friendlysmilesdental.com\/es\/limpieza-dental-y-examenes-dentales\/#breadcrumb\",\"itemListElement\":[{\"@type\":\"ListItem\",\"position\":1,\"name\":\"Home\",\"item\":\"https:\/\/friendlysmilesdental.com\/es\/inicio\/\"},{\"@type\":\"ListItem\",\"position\":2,\"name\":\"Limpieza dental y ex\u00e1menes dentales\"}]},{\"@type\":\"WebSite\",\"@id\":\"https:\/\/friendlysmilesdental.com\/es\/#website\",\"url\":\"https:\/\/friendlysmilesdental.com\/es\/\",\"name\":\"Friendly Smiles Dental\",\"description\":\"Santa Maria Dentists | San Luis Obispo Dentists | King City Dentists\",\"potentialAction\":[{\"@type\":\"SearchAction\",\"target\":{\"@type\":\"EntryPoint\",\"urlTemplate\":\"https:\/\/friendlysmilesdental.com\/es\/?s={search_term_string}\"},\"query-input\":{\"@type\":\"PropertyValueSpecification\",\"valueRequired\":true,\"valueName\":\"search_term_string\"}}],\"inLanguage\":\"es\"}]}<\/script>\n<!-- \/ Yoast SEO plugin. -->","yoast_head_json":{"title":"Limpieza dental y examen dental | San Luis Obispo | Santa Maria","description":"Friendly Smiles Dental Group tiene tres oficinas en la Costa Central para una limpieza dental asequible y examen dental por nuestro equipo de higienistas dentales con experiencia.","robots":{"index":"index","follow":"follow","max-snippet":"max-snippet:-1","max-image-preview":"max-image-preview:large","max-video-preview":"max-video-preview:-1"},"canonical":"https:\/\/friendlysmilesdental.com\/es\/limpieza-dental-y-examenes-dentales\/","og_locale":"es_ES","og_type":"article","og_title":"Limpieza dental y examen dental | San Luis Obispo | Santa Maria","og_description":"Friendly Smiles Dental Group tiene tres oficinas en la Costa Central para una limpieza dental asequible y examen dental por nuestro equipo de higienistas dentales con experiencia.","og_url":"https:\/\/friendlysmilesdental.com\/es\/limpieza-dental-y-examenes-dentales\/","og_site_name":"Friendly Smiles Dental","article_modified_time":"2024-04-09T21:23:31+00:00","og_image":[{"url":"https:\/\/friendlysmilesdental.com\/wp-content\/uploads\/2020\/01\/teeth-cleaning-slo.jpg"}],"twitter_card":"summary_large_image","twitter_misc":{"Tiempo de lectura":"11 minutos"},"schema":{"@context":"https:\/\/schema.org","@graph":[{"@type":"WebPage","@id":"https:\/\/friendlysmilesdental.com\/es\/limpieza-dental-y-examenes-dentales\/","url":"https:\/\/friendlysmilesdental.com\/es\/limpieza-dental-y-examenes-dentales\/","name":"Limpieza dental y examen dental | San Luis Obispo | Santa Maria","isPartOf":{"@id":"https:\/\/friendlysmilesdental.com\/es\/#website"},"primaryImageOfPage":{"@id":"https:\/\/friendlysmilesdental.com\/es\/limpieza-dental-y-examenes-dentales\/#primaryimage"},"image":{"@id":"https:\/\/friendlysmilesdental.com\/es\/limpieza-dental-y-examenes-dentales\/#primaryimage"},"thumbnailUrl":"https:\/\/friendlysmilesdental.com\/wp-content\/uploads\/2020\/01\/teeth-cleaning-slo.jpg","datePublished":"2019-10-02T16:55:03+00:00","dateModified":"2024-04-09T21:23:31+00:00","description":"Friendly Smiles Dental Group tiene tres oficinas en la Costa Central para una limpieza dental asequible y examen dental por nuestro equipo de higienistas dentales con experiencia.","breadcrumb":{"@id":"https:\/\/friendlysmilesdental.com\/es\/limpieza-dental-y-examenes-dentales\/#breadcrumb"},"inLanguage":"es","potentialAction":[{"@type":"ReadAction","target":["https:\/\/friendlysmilesdental.com\/es\/limpieza-dental-y-examenes-dentales\/"]}]},{"@type":"ImageObject","inLanguage":"es","@id":"https:\/\/friendlysmilesdental.com\/es\/limpieza-dental-y-examenes-dentales\/#primaryimage","url":"https:\/\/friendlysmilesdental.com\/wp-content\/uploads\/2020\/01\/teeth-cleaning-slo.jpg","contentUrl":"https:\/\/friendlysmilesdental.com\/wp-content\/uploads\/2020\/01\/teeth-cleaning-slo.jpg"},{"@type":"BreadcrumbList","@id":"https:\/\/friendlysmilesdental.com\/es\/limpieza-dental-y-examenes-dentales\/#breadcrumb","itemListElement":[{"@type":"ListItem","position":1,"name":"Home","item":"https:\/\/friendlysmilesdental.com\/es\/inicio\/"},{"@type":"ListItem","position":2,"name":"Limpieza dental y ex\u00e1menes dentales"}]},{"@type":"WebSite","@id":"https:\/\/friendlysmilesdental.com\/es\/#website","url":"https:\/\/friendlysmilesdental.com\/es\/","name":"Friendly Smiles Dental","description":"Santa Maria Dentists | San Luis Obispo Dentists | King City Dentists","potentialAction":[{"@type":"SearchAction","target":{"@type":"EntryPoint","urlTemplate":"https:\/\/friendlysmilesdental.com\/es\/?s={search_term_string}"},"query-input":{"@type":"PropertyValueSpecification","valueRequired":true,"valueName":"search_term_string"}}],"inLanguage":"es"}]}},"_links":{"self":[{"href":"https:\/\/friendlysmilesdental.com\/es\/wp-json\/wp\/v2\/pages\/2959"}],"collection":[{"href":"https:\/\/friendlysmilesdental.com\/es\/wp-json\/wp\/v2\/pages"}],"about":[{"href":"https:\/\/friendlysmilesdental.com\/es\/wp-json\/wp\/v2\/types\/page"}],"author":[{"embeddable":true,"href":"https:\/\/friendlysmilesdental.com\/es\/wp-json\/wp\/v2\/users\/4"}],"replies":[{"embeddable":true,"href":"https:\/\/friendlysmilesdental.com\/es\/wp-json\/wp\/v2\/comments?post=2959"}],"version-history":[{"count":2,"href":"https:\/\/friendlysmilesdental.com\/es\/wp-json\/wp\/v2\/pages\/2959\/revisions"}],"predecessor-version":[{"id":3045,"href":"https:\/\/friendlysmilesdental.com\/es\/wp-json\/wp\/v2\/pages\/2959\/revisions\/3045"}],"wp:attachment":[{"href":"https:\/\/friendlysmilesdental.com\/es\/wp-json\/wp\/v2\/media?parent=2959"}],"curies":[{"name":"wp","href":"https:\/\/api.w.org\/{rel}","templated":true}]}}