{"id":2966,"date":"2019-10-02T17:18:17","date_gmt":"2019-10-02T17:18:17","guid":{"rendered":"https:\/\/friendlysmilesdental.com\/testimonios\/"},"modified":"2019-10-02T17:18:17","modified_gmt":"2019-10-02T17:18:17","slug":"testimonios","status":"publish","type":"page","link":"https:\/\/friendlysmilesdental.com\/es\/testimonios\/","title":{"rendered":"Testimonios"},"content":{"rendered":"<h2>Testimonios<\/h2>\n<div class=\"PageTestimonial_Intro\">\n<h2>Esto es lo que nuestros clientes dicen de nosotros:<\/h2>\n<p>Deseo expresar mi m\u00e1s sincero agradecimiento por el implante que me han realizado hoy, tanto usted como su equipo han hecho un trabajo excelente. Como sabe, ya me he sometido a varios implantes.<\/p>\n<p>De nuevo gracias por el trabajo bien hecho.<\/p>\n<p>  F.M 31 de julio de 2012<\/p>\n<\/div>\n<div id=\"ctl00_ContentPlaceHolder1_Repeater1_ctl01_pnlPageTestimonial_Container\">\n<hr class=\"border\">\n<div class=\"PageTestimonial_Quote\">El Dr. Karapetian restaur\u00f3 con \u00e9xito un diente que faltaba mediante la colocaci\u00f3n de un implante dental.  <br \/>implante. La cirug\u00eda de implante en s\u00ed no tuvo problemas, fue r\u00e1pida e indolora.  <br \/>El implante tiene el mismo aspecto que mi diente natural. Estoy muy contento  <br \/>con los resultados. Gracias al Dr. Karapetian por toda su ayuda.  <\/p>\n<\/div>\n<div class=\"PageTestimonial_ProvidedBy\">Judy Aitken<br \/>Arroyo Grande California<br \/>02\/17\/2010<\/div>\n<\/div>\n<div id=\"ctl00_ContentPlaceHolder1_Repeater1_ctl02_pnlPageTestimonial_Container\">\n<hr class=\"border\">\n<div class=\"PageTestimonial_Quote\">He estado yendo a Friendly Smiles Dental durante los \u00faltimos cuatro a\u00f1os, el  <br \/>Los m\u00e9dicos y el personal son amables e informativos. Ya no temo a mi  <br \/>citas con el dentista, pero ahora disfruto yendo. Toda mi familia desde mi 9  <br \/>desde mi hija de un a\u00f1o hasta mi abuela de 70 son pacientes aqu\u00ed.  <\/div>\n<div class=\"PageTestimonial_ProvidedBy\">Marie Salas<br \/>Santa Maria California<br \/>Paciente desde octubre de 2006<\/div>\n<\/div>\n<div id=\"ctl00_ContentPlaceHolder1_Repeater1_ctl03_pnlPageTestimonial_Container\">\n<hr class=\"border\">\n<div class=\"PageTestimonial_Quote\">He sido paciente de mi hijo Hamlet durante muchos a\u00f1os y me hab\u00eda aconsejado  <br \/>que un puente que tuve durante muchos a\u00f1os probablemente fallar\u00eda en un futuro pr\u00f3ximo. Cuando por fin lleg\u00f3 el momento de retirar el puente, extrajo los dientes y los sustituy\u00f3 por implantes dentales. El procedimiento fue bien y los implantes se sienten como mis dientes naturales. Amo a mi hijo y el trabajo que ha hecho.  <\/p>\n<p><\/div>\n<div class=\"PageTestimonial_ProvidedBy\">Valerik Karapetian(MOM)<br \/>Glendale California<br \/>12\/28\/2009<\/div>\n<\/div>\n<div id=\"ctl00_ContentPlaceHolder1_Repeater1_ctl04_pnlPageTestimonial_Container\">\n<hr class=\"border\">\n<div class=\"PageTestimonial_Quote\">Me gusta Friendly Smiles Dental porque todo el personal es amable y los  <br \/>Doctores son muy profesionales. Yo me siento como en casa cada vez que  <br \/>bengo. Aqu\u00ed le perdi el miedo a los dentistas.  <\/p>\n<p>Me gusta Friendly Smiles porque todo el personal es cort\u00e9s y los Doctores  <br \/>son profesionales. Cada vez que vengo me siento como en casa. Aqu\u00ed es donde  <br \/>He perdido el miedo al dentista.  <\/p>\n<\/div>\n<div class=\"PageTestimonial_ProvidedBy\">Elena Mart\u00ednez<br \/>Santa Maria California<br \/>Paciente desde agosto de 2008<\/div>\n<\/div>\n<div id=\"ctl00_ContentPlaceHolder1_Repeater1_ctl05_pnlPageTestimonial_Container\">\n<hr class=\"border\">\n<div class=\"PageTestimonial_Quote\">Como paciente dental tengo mucha ansiedad, as\u00ed que estaba muy nerviosa cuando me  <br \/>me dijeron que necesitaba una endodoncia y una corona. Necesitaba tiempo para pensar si  <br \/>iba a seguir con el tratamiento. Cada vez que llamaba a recepci\u00f3n  <br \/>fue extremadamente paciente conmigo y respondi\u00f3 a todas mis preguntas. Cuando yo  <br \/>los m\u00e9dicos fueron considerados y amables.  <br \/>y el trabajo se ve hermoso. En general, la experiencia fue estupenda y  <br \/>Recomiendo encarecidamente Friendly Smiles Dental. Mi agradecimiento al Dr. Karapetian y a  <br \/>personal por hacerme sentir lo m\u00e1s c\u00f3moda posible mientras estaba en el dentista.  <br \/>silla.  <\/div>\n<div class=\"PageTestimonial_ProvidedBy\">R.T<br \/>Santa Maria California<br \/>Paciente desde diciembre de 2006<\/div>\n<\/div>\n<div id=\"ctl00_ContentPlaceHolder1_Repeater1_ctl06_pnlPageTestimonial_Container\">\n<hr class=\"border\">\n<div class=\"PageTestimonial_Quote\">Hace un par de a\u00f1os tuve un desafortunado accidente y perd\u00ed una parte delantera.  <br \/>diente. Como un chico joven estaba devastado ten\u00eda miedo de que me  <br \/>sin un diente por el resto de mi vida. Pero tuve la suerte de  <br \/>encontrar Friendly Smiles Dental que me atendi\u00f3 inmediatamente y me tranquiliz\u00f3  <br \/>que a\u00fan ten\u00eda opciones para reemplazar el diente. Despu\u00e9s de repasar todos mis  <br \/>opciones, el doctor y yo decidimos que lo mejor para m\u00ed ser\u00eda  <br \/>que un puente sustituya al diente que falta. En mi opini\u00f3n, lo mejor es  <br \/>que el mismo d\u00eda que sal\u00ed de la oficina con un puente temporal  <br \/>hasta que mi puente permanente estuviera listo. Esto fue GENIAL para m\u00ed porque  <br \/>\u00a1no tendr\u00eda que andar por ah\u00ed con un diente perdido! Gracias a Friendly  <br \/>Sonrisas Puedo volver a sonre\u00edr con confianza.  <\/p>\n<\/div>\n<div class=\"PageTestimonial_ProvidedBy\">P.B.S<br \/>Santa Maria California<br \/>Paciente desde mayo de 2008<\/div>\n<\/div>\n<div id=\"ctl00_ContentPlaceHolder1_Repeater1_ctl07_pnlPageTestimonial_Container\">\n<hr class=\"border\">\n<div class=\"PageTestimonial_Quote\">De ni\u00f1o mi hijo tuvo una mala experiencia dental por lo que fue muy dif\u00edcil  <br \/>para llevarlo a las citas con el dentista. Me remitieron a Friendly Smiles  <br \/>Dental por un amigo que dijo que eran amables y comprensivos con sus  <br \/>pacientes. Cuando lo llev\u00e9 a su cita nos dijeron que \u00e9l  <br \/>necesitaba una endodoncia. Cuando mi hijo escuch\u00f3 esto se aterroriz\u00f3 no s\u00f3lo  <br \/>por su experiencia pasada, sino tambi\u00e9n por las historias de terror que  <br \/>le hab\u00edan dicho sus amigos. Hubo que convencerle para que participara en la  <br \/>tratamiento, pero cuando lo hizo el Dr. Karapetian le asegur\u00f3 que todo  <br \/>resultar\u00eda positivo y lo explic\u00f3 todo de principio a fin.  <br \/>Despu\u00e9s de todo el tratamiento se complet\u00f3 mi hijo se sorprendi\u00f3 de que no lo hizo  <br \/>\u00a1sentir nada! Ahora tiene menos miedo de acudir a sus citas con el dentista.  <br \/>Recomendar\u00eda a mis amigos y familiares al Dr. Karapetian para todos sus  <br \/>necesidades dentales.  <\/div>\n<div class=\"PageTestimonial_ProvidedBy\">L.C<br \/>Santa Maria California  <br \/>Enero de 2010<\/div>\n<\/div>\n<div id=\"ctl00_ContentPlaceHolder1_Repeater1_ctl08_pnlPageTestimonial_Container\">\n<hr class=\"border\">\n<div class=\"PageTestimonial_Quote\">S\u00f3lo un peque\u00f1o agradecimiento por todos mis maravillosos chequeos me encanta veros cada 6 meses y s\u00e9 que est\u00e1is ah\u00ed si os necesito entre medias.  <\/div>\n<div class=\"PageTestimonial_ProvidedBy\">Feliz en Santa Maria California<br \/>Paciente desde 2006<\/div>\n<\/div>\n<div id=\"ctl00_ContentPlaceHolder1_Repeater1_ctl09_pnlPageTestimonial_Container\">\n<hr class=\"border\">\n<div class=\"PageTestimonial_Quote\">Gracias Friendly Smiles por traerme tan r\u00e1pido para mis muelas del juicio, el dolor era como nada que yo hab\u00eda experimentado en mi vida el personal tom\u00f3 mis rayos X y el Dr. Karapetian tom\u00f3 los 4 de mis muelas del juicio me dio medicamentos para el dolor y al d\u00eda siguiente me sent\u00ed mucho mejor.  <br \/>Gracias de nuevo Dr. Karapetian<\/div>\n<div class=\"PageTestimonial_ProvidedBy\">Tim.M<br \/>Arroyo Grande California<br \/>Abril 2010<\/div>\n<\/div>\n<div id=\"ctl00_ContentPlaceHolder1_Repeater1_ctl10_pnlPageTestimonial_Container\">\n<hr class=\"border\">\n<div class=\"PageTestimonial_Quote\">Ha sido una de las mejores experiencias dentales con diferencia. \u00a1Sin duda alguna! Hace poco  <br \/>ten\u00eda 2 rellenos, as\u00ed como un tratamiento de conducto (procedimiento de 2 horas). Sinceramente, no puedo  <br \/>decir que este fue un procedimiento muy indoloro gracias al Dr. Karapetian  <br \/>y su ayudante. Se aseguran de que no sienta ni una pizca de incomodidad al  <br \/>\u00a1Todos! Incluso me ech\u00e9 varias siestas r\u00e1pidas mientras el Dr. Karapetian realizaba un  <br \/>endodoncia. Tambi\u00e9n puedes citarme. As\u00ed de sencillo es el  <br \/>procedimiento fue. El personal es muy amable y servicial. En  <br \/>experiencias pasadas en otros consultorios dentales, el personal del Dr.Karapetian&#8217;s  <br \/>oficina es extremadamente servicial, paciente y amable. Las citas son f\u00e1ciles  <br \/>\u00a1programado y adem\u00e1s abren hasta tarde! Miman a los pacientes con pel\u00edculas  <br \/>que pueden ver mientras les hacen una revisi\u00f3n o les hacen una endodoncia, como por ejemplo  <br \/>m\u00eda. He recomendado al Dr. Karapetian a todos mis amigos y familiares  <br \/>incluido mi jefe. Ahora te lo recomiendo. Ll\u00e1melos o  <br \/>visita. Ser\u00e1 la mejor experiencia dental que no olvidar\u00e1.  <\/div>\n<div class=\"PageTestimonial_ProvidedBy\">J. Morales<br \/>Santa Maria California<br \/>Abril 2010<\/div>\n<\/div>\n<div id=\"ctl00_ContentPlaceHolder1_Repeater1_ctl11_pnlPageTestimonial_Container\">\n<hr class=\"border\">\n<div class=\"PageTestimonial_Quote\">Las pr\u00f3tesis implantosoportadas me han cambiado la vida.  <br \/>Mi dentadura estaba en tan mal estado que me imped\u00eda disfrutar de  <br \/>la comida que me encantaba comer, a no tener confianza para re\u00edr, hablar  <br \/>o sonre\u00edr en p\u00fablico. Tras reunirse con el Dr. Karapetian y discutir  <br \/>varias opciones eleg\u00ed tener dentaduras retenidas por implantes. El procedimiento  <br \/>fue bien gracias a que el Dr. Karapetian y su personal fueron  <br \/>informativa, comprensiva y atenta durante todo el procedimiento. Ahora puedo comer  <br \/>los alimentos que quiero y, despu\u00e9s de 50 a\u00f1os, \u00a1ya puedo masticar un chicle!  <br \/>Cualquier persona que necesite una dentadura postiza deber\u00eda considerar seriamente los implantes para  <br \/>la libertad que proporcionan. El Dr. Karapetian se tom\u00f3 el tiempo necesario para responder a todas mis preguntas.  <br \/>preguntas, es siempre profesional y se mantiene a la vanguardia de la  <br \/>tecnolog\u00eda.  <\/div>\n<div class=\"PageTestimonial_ProvidedBy\">Scottie Andrews<br \/>Las Vegas Nevada<br \/>Paciente desde 03\/05\/2008<\/div>\n<\/div>\n<div id=\"ctl00_ContentPlaceHolder1_Repeater1_ctl12_pnlPageTestimonial_Container\">\n<hr class=\"border\">\n<div class=\"PageTestimonial_Quote\">Gran personal de la oficina delantera &#8230; gran personal de la oficina trasera y amable Doctor !!! \u00a1\u00a1Muy contento con el servicio en general!!<\/div>\n<div class=\"PageTestimonial_ProvidedBy\">M.Ibarra<br \/>Santa Maria Ca.93454<\/div>\n<\/div>\n<div id=\"ctl00_ContentPlaceHolder1_Repeater1_ctl13_pnlPageTestimonial_Container\">\n<hr class=\"border\">\n<div class=\"PageTestimonial_Quote\">No soy una persona que se contente f\u00e1cilmente, especialmente cuando se trata de mi  <br \/>boca. He visto a varios dentistas, y todos quer\u00edan coronar todas las  <br \/>mis dientes o venderme algo que no necesitaba. Entonces conoc\u00ed al Dr. Karapetian. \u00c9l  <br \/>era diferente. Me escuch\u00f3, y s\u00f3lo me recomend\u00f3 lo que realmente  <br \/>necesitaba. Su trabajo fue el mejor. Estoy muy contento de recomendarlo\u00bb.  <\/p>\n<p><\/div>\n<div class=\"PageTestimonial_ProvidedBy\">E. Watson<br \/>Septiembre de 2010<\/div>\n<\/div>\n<div id=\"ctl00_ContentPlaceHolder1_Repeater1_ctl14_pnlPageTestimonial_Container\">\n<hr class=\"border\">\n<div class=\"PageTestimonial_Quote\">Tengo varias razones por las que recomiendo Friendly Smiles dental:  <br \/>&#8211; Entorno muy agradable.  <br \/>&#8211; Todos los trabajos dentales se realizan con un alto nivel de calidad.  <br \/>&#8211; Siempre tienen cita para el mismo d\u00eda cuando necesitas acudir por una urgencia.  <br \/>&#8211; Ambiente relajado.  <br \/>&#8211; Excelente higiene.  <br \/>&#8211; Nada es demasiado tiempo ni demasiado problema.  <br \/>&#8211; Han recomendado la consulta a varios amigos y familiares en el pasado  <br \/>y todos han quedado muy contentos con el resultado.  <br \/>&#8211; Esta es la mejor pr\u00e1ctica en Santa Mar\u00eda.  <\/div>\n<div class=\"PageTestimonial_ProvidedBy\">D. Jones<br \/>Julio de 2010<\/div>\n<\/div>\n<div id=\"ctl00_ContentPlaceHolder1_Repeater1_ctl15_pnlPageTestimonial_Container\">\n<hr class=\"border\">\n<div class=\"PageTestimonial_Quote\">Estoy muy contenta con mi nuevo aspecto y parece que sonr\u00edo mucho  <br \/>Toda la experiencia, de principio a fin, ha sido muy agradable.  <br \/>decir que nunca en mi vida he disfrutado tanto yendo al dentista. Usted y  <br \/>su personal hizo todo lo posible por ser amable y positivo. Tengo  <br \/>recibido muchos comentarios de amigos, familiares y desconocidos.  <br \/>han sido positivos y complementarios. Recomendar\u00eda sus servicios sin  <br \/>vacilaci\u00f3n.  <\/div>\n<div class=\"PageTestimonial_ProvidedBy\">Tiffany Sciba<br \/>Diciembre 2010<\/div>\n<\/div>\n<div id=\"ctl00_ContentPlaceHolder1_Repeater1_ctl16_pnlPageTestimonial_Container\">\n<hr class=\"border\">\n<div class=\"PageTestimonial_Quote\">Me siento contenta en el servicio que el Doctor esta dando a mi hijo, es  <br \/>very excellent.  <\/div>\n<div class=\"PageTestimonial_ProvidedBy\">G. M\u00e9ndez<br \/>Noviembre de 2010<\/div>\n<\/div>\n<div id=\"ctl00_ContentPlaceHolder1_Repeater1_ctl17_pnlPageTestimonial_Container\">\n<hr class=\"border\">\n<div class=\"PageTestimonial_Quote\">No creo que pueda expresar adecuadamente lo mucho que estoy disfrutando de mi nueva sonrisa. En retrospectiva me doy cuenta de que esper\u00e9 demasiado para hacerlo. Realmente sois un grupo de gente amable. Ser\u00e9 un ejemplo de sonrisas amistosas en cualquier momento. Gracias&#8230; \u00a1Gracias!  <\/div>\n<div class=\"PageTestimonial_ProvidedBy\">Patsy Fisher<br \/>Enero de 2011<\/div>\n<\/div>\n<div id=\"ctl00_ContentPlaceHolder1_Repeater1_ctl18_pnlPageTestimonial_Container\">\n<hr class=\"border\">\n<div class=\"PageTestimonial_Quote\">Los m\u00e9dicos y el personal de Friendly Smiles Dental son geniales, amables y  <br \/>eficiente. Me siento muy c\u00f3moda y feliz trayendo a mis hijos aqu\u00ed. Mi  <br \/>a los ni\u00f1os les encanta porque hay una T.V. en cada habitaci\u00f3n con una lista de  <br \/>pel\u00edculas entre las que pueden elegir. Me permiten sentarme en la habitaci\u00f3n con mi  <br \/>ni\u00f1os que me encanta, donde la mayor\u00eda de los lugares te hacen esperar en la espera  <br \/>habitaci\u00f3n. Gracias por dar a mis hijos una experiencia agradable y ayudar a  <br \/>sentirme a gusto cuando mis hijos estaban en la silla.  <\/div>\n<div class=\"PageTestimonial_ProvidedBy\">Cliente desde enero de 2011<br \/>Arroyo Grande California<\/div>\n<\/div>\n<div id=\"ctl00_ContentPlaceHolder1_Repeater1_ctl19_pnlPageTestimonial_Container\">\n<hr class=\"border\">\n<div class=\"PageTestimonial_Quote\">Mis dientes delanteros siempre han estado torcidos y amarillos. Hab\u00eda ido a varios  <br \/>dentistas y el tratamiento que ten\u00edan para m\u00ed era escandalosamente caro. Yo era  <br \/>Un amigo me recomend\u00f3 Friendly Smiles Dental y estoy muy agradecida.  <br \/>\u00a1que lo hizo! Vi al Dr. Barrera y \u00a1fue incre\u00edble! El personal era tan  <br \/>amable y cuando me hablaron de mi tratamiento Tina me explico todo  <br \/>para m\u00ed en detalle, para colmo el precio era muy razonable y  <br \/>competitivo en comparaci\u00f3n con los precios de los tratamientos de las dem\u00e1s oficinas. Dr.  <br \/>\u00a1Barrera me arregl\u00f3 los dientes y me quedaron FABULOSOS! Gracias, Dr. Barrera  <br \/>y al personal por todo su duro trabajo.  <\/p>\n<p><\/div>\n<div class=\"PageTestimonial_ProvidedBy\">Paciente desde febrero de 2011<br \/>Santa Maria Ca.<\/div>\n<\/div>\n","protected":false},"excerpt":{"rendered":"<p>Testimonios Esto es lo que nuestros clientes dicen de nosotros: Deseo expresar mi m\u00e1s sincero agradecimiento por el implante que me han realizado hoy, tanto usted como su equipo han [&hellip;]<\/p>\n","protected":false},"author":4,"featured_media":0,"parent":0,"menu_order":0,"comment_status":"closed","ping_status":"open","template":"100-width.php","meta":{"footnotes":""},"yoast_head":"<!-- This site is optimized with the Yoast SEO plugin v23.9 - https:\/\/yoast.com\/wordpress\/plugins\/seo\/ -->\n<title>Testimonios - Friendly Smiles Dental<\/title>\n<meta name=\"robots\" content=\"index, follow, max-snippet:-1, max-image-preview:large, max-video-preview:-1\" \/>\n<link rel=\"canonical\" href=\"https:\/\/friendlysmilesdental.com\/es\/testimonios\/\" \/>\n<meta property=\"og:locale\" content=\"es_ES\" \/>\n<meta property=\"og:type\" content=\"article\" \/>\n<meta property=\"og:title\" content=\"Testimonios - Friendly Smiles Dental\" \/>\n<meta property=\"og:description\" content=\"Testimonios Esto es lo que nuestros clientes dicen de nosotros: Deseo expresar mi m\u00e1s sincero agradecimiento por el implante que me han realizado hoy, tanto usted como su equipo han [&hellip;]\" \/>\n<meta property=\"og:url\" content=\"https:\/\/friendlysmilesdental.com\/es\/testimonios\/\" \/>\n<meta property=\"og:site_name\" content=\"Friendly Smiles Dental\" \/>\n<meta name=\"twitter:card\" content=\"summary_large_image\" \/>\n<meta name=\"twitter:label1\" content=\"Tiempo de lectura\" \/>\n\t<meta name=\"twitter:data1\" content=\"9 minutos\" \/>\n<script type=\"application\/ld+json\" class=\"yoast-schema-graph\">{\"@context\":\"https:\/\/schema.org\",\"@graph\":[{\"@type\":\"WebPage\",\"@id\":\"https:\/\/friendlysmilesdental.com\/es\/testimonios\/\",\"url\":\"https:\/\/friendlysmilesdental.com\/es\/testimonios\/\",\"name\":\"Testimonios - Friendly Smiles Dental\",\"isPartOf\":{\"@id\":\"https:\/\/friendlysmilesdental.com\/es\/#website\"},\"datePublished\":\"2019-10-02T17:18:17+00:00\",\"dateModified\":\"2019-10-02T17:18:17+00:00\",\"breadcrumb\":{\"@id\":\"https:\/\/friendlysmilesdental.com\/es\/testimonios\/#breadcrumb\"},\"inLanguage\":\"es\",\"potentialAction\":[{\"@type\":\"ReadAction\",\"target\":[\"https:\/\/friendlysmilesdental.com\/es\/testimonios\/\"]}]},{\"@type\":\"BreadcrumbList\",\"@id\":\"https:\/\/friendlysmilesdental.com\/es\/testimonios\/#breadcrumb\",\"itemListElement\":[{\"@type\":\"ListItem\",\"position\":1,\"name\":\"Home\",\"item\":\"https:\/\/friendlysmilesdental.com\/es\/inicio\/\"},{\"@type\":\"ListItem\",\"position\":2,\"name\":\"Testimonios\"}]},{\"@type\":\"WebSite\",\"@id\":\"https:\/\/friendlysmilesdental.com\/es\/#website\",\"url\":\"https:\/\/friendlysmilesdental.com\/es\/\",\"name\":\"Friendly Smiles Dental\",\"description\":\"Santa Maria Dentists | San Luis Obispo Dentists | King City Dentists\",\"potentialAction\":[{\"@type\":\"SearchAction\",\"target\":{\"@type\":\"EntryPoint\",\"urlTemplate\":\"https:\/\/friendlysmilesdental.com\/es\/?s={search_term_string}\"},\"query-input\":{\"@type\":\"PropertyValueSpecification\",\"valueRequired\":true,\"valueName\":\"search_term_string\"}}],\"inLanguage\":\"es\"}]}<\/script>\n<!-- \/ Yoast SEO plugin. -->","yoast_head_json":{"title":"Testimonios - Friendly Smiles Dental","robots":{"index":"index","follow":"follow","max-snippet":"max-snippet:-1","max-image-preview":"max-image-preview:large","max-video-preview":"max-video-preview:-1"},"canonical":"https:\/\/friendlysmilesdental.com\/es\/testimonios\/","og_locale":"es_ES","og_type":"article","og_title":"Testimonios - Friendly Smiles Dental","og_description":"Testimonios Esto es lo que nuestros clientes dicen de nosotros: Deseo expresar mi m\u00e1s sincero agradecimiento por el implante que me han realizado hoy, tanto usted como su equipo han [&hellip;]","og_url":"https:\/\/friendlysmilesdental.com\/es\/testimonios\/","og_site_name":"Friendly Smiles Dental","twitter_card":"summary_large_image","twitter_misc":{"Tiempo de lectura":"9 minutos"},"schema":{"@context":"https:\/\/schema.org","@graph":[{"@type":"WebPage","@id":"https:\/\/friendlysmilesdental.com\/es\/testimonios\/","url":"https:\/\/friendlysmilesdental.com\/es\/testimonios\/","name":"Testimonios - Friendly Smiles Dental","isPartOf":{"@id":"https:\/\/friendlysmilesdental.com\/es\/#website"},"datePublished":"2019-10-02T17:18:17+00:00","dateModified":"2019-10-02T17:18:17+00:00","breadcrumb":{"@id":"https:\/\/friendlysmilesdental.com\/es\/testimonios\/#breadcrumb"},"inLanguage":"es","potentialAction":[{"@type":"ReadAction","target":["https:\/\/friendlysmilesdental.com\/es\/testimonios\/"]}]},{"@type":"BreadcrumbList","@id":"https:\/\/friendlysmilesdental.com\/es\/testimonios\/#breadcrumb","itemListElement":[{"@type":"ListItem","position":1,"name":"Home","item":"https:\/\/friendlysmilesdental.com\/es\/inicio\/"},{"@type":"ListItem","position":2,"name":"Testimonios"}]},{"@type":"WebSite","@id":"https:\/\/friendlysmilesdental.com\/es\/#website","url":"https:\/\/friendlysmilesdental.com\/es\/","name":"Friendly Smiles Dental","description":"Santa Maria Dentists | San Luis Obispo Dentists | King City Dentists","potentialAction":[{"@type":"SearchAction","target":{"@type":"EntryPoint","urlTemplate":"https:\/\/friendlysmilesdental.com\/es\/?s={search_term_string}"},"query-input":{"@type":"PropertyValueSpecification","valueRequired":true,"valueName":"search_term_string"}}],"inLanguage":"es"}]}},"_links":{"self":[{"href":"https:\/\/friendlysmilesdental.com\/es\/wp-json\/wp\/v2\/pages\/2966"}],"collection":[{"href":"https:\/\/friendlysmilesdental.com\/es\/wp-json\/wp\/v2\/pages"}],"about":[{"href":"https:\/\/friendlysmilesdental.com\/es\/wp-json\/wp\/v2\/types\/page"}],"author":[{"embeddable":true,"href":"https:\/\/friendlysmilesdental.com\/es\/wp-json\/wp\/v2\/users\/4"}],"replies":[{"embeddable":true,"href":"https:\/\/friendlysmilesdental.com\/es\/wp-json\/wp\/v2\/comments?post=2966"}],"version-history":[{"count":0,"href":"https:\/\/friendlysmilesdental.com\/es\/wp-json\/wp\/v2\/pages\/2966\/revisions"}],"wp:attachment":[{"href":"https:\/\/friendlysmilesdental.com\/es\/wp-json\/wp\/v2\/media?parent=2966"}],"curies":[{"name":"wp","href":"https:\/\/api.w.org\/{rel}","templated":true}]}}