{"id":2970,"date":"2019-10-09T03:47:00","date_gmt":"2019-10-09T03:47:00","guid":{"rendered":"https:\/\/friendlysmilesdental.com\/cuidados-en-el-hogar-e-higiene-bucal\/"},"modified":"2024-04-09T21:25:01","modified_gmt":"2024-04-09T21:25:01","slug":"cuidados-en-el-hogar-e-higiene-bucal","status":"publish","type":"page","link":"https:\/\/friendlysmilesdental.com\/es\/cuidados-en-el-hogar-e-higiene-bucal\/","title":{"rendered":"Cuidados en el hogar e higiene bucal"},"content":{"rendered":"<p><div class=\"fusion-fullwidth fullwidth-box fusion-builder-row-1 nonhundred-percent-fullwidth non-hundred-percent-height-scrolling\" style=\"--awb-border-radius-top-left:0px;--awb-border-radius-top-right:0px;--awb-border-radius-bottom-right:0px;--awb-border-radius-bottom-left:0px;--awb-flex-wrap:wrap;\" ><div class=\"fusion-builder-row fusion-row\"><div class=\"fusion-layout-column fusion_builder_column fusion-builder-column-0 fusion_builder_column_1_2 1_2 fusion-one-half fusion-column-first\" style=\"--awb-bg-size:cover;width:50%;width:calc(50% - ( ( 4% ) * 0.5 ) );margin-right: 4%;\"><div class=\"fusion-column-wrapper fusion-column-has-shadow fusion-flex-column-wrapper-legacy\"><div class=\"fusion-text fusion-text-1\"><h1 align=\"left\">Cuidados en el hogar y ayudas para la higiene bucal<\/h1>\n<\/div><div class=\"fusion-sep-clear\"><\/div><div class=\"fusion-separator fusion-clearfix\" style=\"float:left;margin-top:22px;margin-bottom:25px;width:100%;max-width:100px;\"><div class=\"fusion-separator-border sep-single sep-solid\" style=\"--awb-height:20px;--awb-amount:20px;--awb-sep-color:#6589c0;border-color:#6589c0;border-top-width:2px;\"><\/div><\/div><div class=\"fusion-sep-clear\"><\/div><div class=\"fusion-text fusion-text-2\"><p style=\"text-align: left;\" align=\"left\">El cuidado en casa y la higiene bucal son importantes para tener una sonrisa bonita y sana que dure toda la vida. Su asistencia personal a domicilio desempe\u00f1a un papel importante en la consecuci\u00f3n de ese objetivo. Su cuidado personal en casa empieza por comer comidas equilibradas, reducir el n\u00famero de tentempi\u00e9s que ingiere y utilizar correctamente los distintos productos dentales que ayudan a controlar la placa y las bacterias que causan las enfermedades dentales.<\/p>\n<p><img decoding=\"async\" class=\"lazyload alignnone size-full wp-image-2266\" src=\"https:\/\/friendlysmilesdental.com\/wp-content\/uploads\/2020\/06\/friendly-smiles-home-care.jpg\" data-orig-src=\"https:\/\/friendlysmilesdental.com\/wp-content\/uploads\/2020\/06\/friendly-smiles-home-care.jpg\" alt=\"Sonrisas Amistosas Dentista sugerencias de atenci\u00f3n domiciliaria\" width=\"640\" height=\"427\" srcset=\"data:image\/svg+xml,%3Csvg%20xmlns%3D%27http%3A%2F%2Fwww.w3.org%2F2000%2Fsvg%27%20width%3D%27640%27%20height%3D%27427%27%20viewBox%3D%270%200%20640%20427%27%3E%3Crect%20width%3D%27640%27%20height%3D%27427%27%20fill-opacity%3D%220%22%2F%3E%3C%2Fsvg%3E\" data-srcset=\"https:\/\/friendlysmilesdental.com\/wp-content\/uploads\/2020\/06\/friendly-smiles-home-care-200x133.jpg 200w, https:\/\/friendlysmilesdental.com\/wp-content\/uploads\/2020\/06\/friendly-smiles-home-care-300x200.jpg 300w, https:\/\/friendlysmilesdental.com\/wp-content\/uploads\/2020\/06\/friendly-smiles-home-care-400x267.jpg 400w, https:\/\/friendlysmilesdental.com\/wp-content\/uploads\/2020\/06\/friendly-smiles-home-care-600x400.jpg 600w, https:\/\/friendlysmilesdental.com\/wp-content\/uploads\/2020\/06\/friendly-smiles-home-care.jpg 640w\" data-sizes=\"auto\" data-orig-sizes=\"(max-width: 640px) 100vw, 640px\" \/><\/p>\n<h2 align=\"left\">Cepillado dental<\/h2>\n<p align=\"left\">Cep\u00edllate los dientes al menos dos veces al d\u00eda (especialmente antes de acostarte por la noche) con un cepillo de cerdas <i>suaves <\/i>y pasta dent\u00edfrica aprobados por la ADA.<\/p>\n<ol type=\"1\">\n<li>\n<div align=\"left\">Coloca el cepillo en un \u00e1ngulo de 45 grados con respecto a las enc\u00edas y cepilla suavemente con peque\u00f1os movimientos circulares, asegur\u00e1ndote de sentir <i>siempre<\/i> las cerdas <i>en las enc\u00edas.<\/i><\/div>\n<\/li>\n<li>\n<div align=\"left\">Cepille las superficies externas, internas y de mordida de cada diente.<\/div>\n<\/li>\n<li>\n<div align=\"left\">Utiliza la punta del cepillo para limpiar el interior de los dientes delanteros.<\/div>\n<\/li>\n<li>\n<div align=\"left\">Cep\u00edllate la lengua para eliminar las bacterias y refrescar el aliento.<\/div>\n<\/li>\n<\/ol>\n<p style=\"text-align: left;\" align=\"left\">Tambi\u00e9n se recomiendan los cepillos de dientes el\u00e9ctricos. Son f\u00e1ciles de usar y pueden eliminar la placa eficazmente. Basta con colocar las cerdas del cepillo el\u00e9ctrico sobre las enc\u00edas y los dientes y dejar que el cepillo haga su trabajo, varios dientes a la vez.<\/p>\n<p><img decoding=\"async\" class=\"lazyload alignnone size-full wp-image-2267\" src=\"https:\/\/friendlysmilesdental.com\/wp-content\/uploads\/2020\/06\/friendly-smiles-flossing.jpg\" data-orig-src=\"https:\/\/friendlysmilesdental.com\/wp-content\/uploads\/2020\/06\/friendly-smiles-flossing.jpg\" alt=\"Los dentistas de Friendly Smiles ofrecen instrucciones sobre el uso del hilo dental\" width=\"640\" height=\"427\" srcset=\"data:image\/svg+xml,%3Csvg%20xmlns%3D%27http%3A%2F%2Fwww.w3.org%2F2000%2Fsvg%27%20width%3D%27640%27%20height%3D%27427%27%20viewBox%3D%270%200%20640%20427%27%3E%3Crect%20width%3D%27640%27%20height%3D%27427%27%20fill-opacity%3D%220%22%2F%3E%3C%2Fsvg%3E\" data-srcset=\"https:\/\/friendlysmilesdental.com\/wp-content\/uploads\/2020\/06\/friendly-smiles-flossing-200x133.jpg 200w, https:\/\/friendlysmilesdental.com\/wp-content\/uploads\/2020\/06\/friendly-smiles-flossing-300x200.jpg 300w, https:\/\/friendlysmilesdental.com\/wp-content\/uploads\/2020\/06\/friendly-smiles-flossing-400x267.jpg 400w, https:\/\/friendlysmilesdental.com\/wp-content\/uploads\/2020\/06\/friendly-smiles-flossing-600x400.jpg 600w, https:\/\/friendlysmilesdental.com\/wp-content\/uploads\/2020\/06\/friendly-smiles-flossing.jpg 640w\" data-sizes=\"auto\" data-orig-sizes=\"(max-width: 640px) 100vw, 640px\" \/><\/p>\n<h2 align=\"left\">Uso del hilo dental<\/h2>\n<p style=\"text-align: left;\" align=\"left\">El uso diario de hilo dental es la mejor manera de limpiar entre los dientes y bajo la l\u00ednea de las enc\u00edas. El hilo dental no s\u00f3lo ayuda a limpiar estos espacios, sino que impide que se acumulen colonias de placa, previniendo da\u00f1os en las enc\u00edas, los dientes y el hueso.<\/p>\n<ol type=\"1\">\n<li style=\"text-align: left;\">\n<div align=\"left\">Coge 30-40 cm de hilo dental y enr\u00f3llalo alrededor de los dedos coraz\u00f3n, dejando unos 5 cm de hilo entre las manos.<\/div>\n<\/li>\n<li style=\"text-align: left;\">\n<div align=\"left\">Utilizando los pulgares y los \u00edndices para guiar el hilo dental, introd\u00fazcalo suavemente entre los dientes con un movimiento de sierra.<\/div>\n<\/li>\n<li>\n<div style=\"text-align: left;\" align=\"left\">Curva el hilo dental en forma de \u00abC\u00bb alrededor de cada diente y bajo la l\u00ednea de las enc\u00edas. Mueva suavemente el hilo dental hacia arriba y hacia abajo, limpiando el lateral de cada diente.<\/div>\n<\/li>\n<\/ol>\n<p style=\"text-align: left;\" align=\"left\">Se recomiendan los portahilos si tiene dificultades para utilizar el hilo dental convencional.<\/p>\n<\/div><div class=\"fusion-text fusion-text-3\"><h2 align=\"justify\">Aclarado<\/h2>\n<p style=\"text-align: left;\" align=\"justify\">Es importante enjuagarse la boca con agua despu\u00e9s del cepillado, y tambi\u00e9n despu\u00e9s de las comidas si no puede cepillarse. Si utilizas un producto de venta libre para enjuagarte, es conveniente que consultes con tu dentista o higienista dental si es adecuado para ti.<\/p>\n<p style=\"text-align: left;\" align=\"justify\">Utilice otras ayudas dentales recomendadas por su dentista o higienista dental: los cepillos interdentales, los estimuladores de puntas de goma, los limpiadores linguales, los dispositivos de irrigaci\u00f3n, el fl\u00faor, los enjuagues medicinales, etc., pueden contribuir a un buen cuidado dental en casa.<\/p>\n<\/div><div class=\"fusion-sep-clear\"><\/div><div class=\"fusion-separator fusion-full-width-sep\" style=\"margin-left: auto;margin-right: auto;margin-top:1%;margin-bottom:1%;width:100%;\"><\/div><div class=\"fusion-sep-clear\"><\/div><div class=\"fusion-clearfix\"><\/div><\/div><\/div><div class=\"fusion-layout-column fusion_builder_column fusion-builder-column-1 fusion_builder_column_1_2 1_2 fusion-one-half fusion-column-last\" style=\"--awb-bg-size:cover;width:50%;width:calc(50% - ( ( 4% ) * 0.5 ) );\"><div class=\"fusion-column-wrapper fusion-column-has-shadow fusion-flex-column-wrapper-legacy\"><div class=\"fusion-text fusion-text-4\"><h2 align=\"left\">Ayudas para la higiene bucal<\/h2>\n<p style=\"text-align: left;\" align=\"left\">Las revisiones dentales peri\u00f3dicas son esenciales para mantener una higiene bucal excelente y diagnosticar posibles problemas, pero no son una soluci\u00f3n \u00abdefinitiva\u00bb. Para evitar futuros problemas dentales, deben practicarse a diario rutinas de cuidado bucal en casa.<\/p>\n<p style=\"text-align: left;\" align=\"left\">La enfermedad periodontal (tambi\u00e9n llamada enfermedad de las enc\u00edas y periodontitis) es la principal causa de p\u00e9rdida de dientes en el mundo desarrollado, y es completamente evitable en la gran mayor\u00eda de los casos. Las limpiezas profesionales dos veces al a\u00f1o, combinadas con la autolimpieza diaria, pueden eliminar un alto porcentaje de bacterias y placa causantes de enfermedades. Adem\u00e1s, unos dientes bien cuidados permiten lucir una sonrisa blanca y reluciente.<\/p>\n<p style=\"text-align: left;\" align=\"left\">Existen numerosos tipos de ayudas para la higiene bucal en los estantes de los supermercados, y puede resultar dif\u00edcil determinar cu\u00e1l proporcionar\u00e1 el mejor beneficio a sus dientes.<\/p>\n<h2 style=\"text-align: left;\" align=\"left\">\u00c9stos son algunos de los productos de higiene bucal m\u00e1s comunes para la asistencia domiciliaria:<\/h2>\n<h3 align=\"left\">Hilos dentales<\/h3>\n<p align=\"left\">La seda dental es el limpiador interdental y subgingival (debajo de la enc\u00eda) m\u00e1s com\u00fan y existe en una gran variedad de tipos y sabores. El hilo dental est\u00e1 hecho de finos filamentos de nailon o de cintas de polietileno, y puede ayudar a eliminar las part\u00edculas de comida y la placa de entre los dientes. El uso en\u00e9rgico del hilo dental con un portahilos puede causar da\u00f1os en los tejidos blandos y hemorragias, por lo que debe tenerse mucho cuidado. El hilo dental debe utilizarse normalmente dos veces al d\u00eda despu\u00e9s del cepillado.<\/p>\n<h3 align=\"left\">Limpiadores interdentales<\/h3>\n<p align=\"left\">Muchos higienistas y periodoncistas recomiendan los cepillos interdentales adem\u00e1s del hilo dental. Estos cepillos diminutos son suaves con las enc\u00edas y muy eficaces para limpiar el contorno de los dientes entre las enc\u00edas. Los cepillos interdentales tienen varias formas y tama\u00f1os.<\/p>\n<h3 align=\"left\">Enjuagues bucales<\/h3>\n<p style=\"text-align: left;\" align=\"left\">Existen dos tipos b\u00e1sicos de enjuagues bucales: Los enjuagues cosm\u00e9ticos, que se venden sin receta y suprimen temporalmente el mal aliento, y los enjuagues terap\u00e9uticos, que pueden requerir o no receta m\u00e9dica. La mayor\u00eda de los dentistas son esc\u00e9pticos sobre los beneficios de los enjuagues cosm\u00e9ticos porque varios estudios han demostrado que su eficacia contra la placa es m\u00ednima. Sin embargo, los enjuagues terap\u00e9uticos est\u00e1n regulados por la FDA y contienen ingredientes activos que pueden ayudar a reducir el mal aliento, la placa y las caries. Los enjuagues bucales deben utilizarse generalmente despu\u00e9s del cepillado.<\/p>\n<h3 align=\"left\">Irrigadores bucales<\/h3>\n<p style=\"text-align: left;\" align=\"left\">Los irrigadores bucales, como Water Jets y Waterpiks, se han creado para limpiar los restos de debajo de la l\u00ednea de las enc\u00edas. Se pulveriza agua continuamente desde peque\u00f1os chorros en las bolsas de las enc\u00edas, lo que puede ayudar a eliminar las bacterias da\u00f1inas y las part\u00edculas de comida. En general, los irrigadores bucales han demostrado su eficacia para reducir el riesgo de enfermedades de las enc\u00edas y no deben utilizarse en lugar del cepillado y el hilo dental. Se recomienda realizar limpiezas profesionales al menos dos veces al a\u00f1o para eliminar los residuos m\u00e1s profundos.<\/p>\n<h3 align=\"left\">Estimuladores con punta de goma<\/h3>\n<p style=\"text-align: left;\" align=\"left\">El estimulador con punta de goma es una herramienta excelente para eliminar la placa de alrededor de la l\u00ednea de las enc\u00edas y tambi\u00e9n para estimular el flujo sangu\u00edneo a las enc\u00edas. El estimulador con punta de goma debe pasarse suavemente a lo largo de las enc\u00edas externas e internas al menos una vez al d\u00eda. Cualquier resto de placa en la punta puede enjuagarse con agua del grifo. Es importante sustituir la punta en cuanto empiece a parecer desgastada y guardar el estimulador en un lugar fresco y seco.<\/p>\n<h3 align=\"left\">Limpiadores linguales<\/h3>\n<p style=\"text-align: left;\" align=\"left\">Los limpiadores linguales son dispositivos especiales dise\u00f1ados para eliminar la acumulaci\u00f3n de bacterias, hongos y restos de comida de la superficie de la lengua. Los hongos y bacterias que colonizan la lengua se han relacionado con la halitosis (mal aliento) y un gran n\u00famero de enfermedades sist\u00e9micas como la diabetes, las cardiopat\u00edas, las enfermedades respiratorias y los accidentes cerebrovasculares. Los limpiadores linguales pueden ser de metal, madera o pl\u00e1stico, y su forma se adapta al contorno de la lengua. La limpieza de la lengua debe realizarse antes del cepillado para evitar la ingesti\u00f3n de hongos y bacterias.<\/p>\n<h3 align=\"left\">Cepillos de dientes<\/h3>\n<p style=\"text-align: left;\" align=\"left\">Existen muchos tipos de cepillos dentales. Los dentistas suelen recomendar los cepillos el\u00e9ctricos porque son mucho m\u00e1s eficaces que los manuales. El movimiento vibratorio o rotatorio ayuda a desalojar f\u00e1cilmente la placa y a eliminar las part\u00edculas de comida de alrededor de las enc\u00edas y los dientes. Se pueden obtener los mismos resultados utilizando un cepillo manual, pero se necesita mucho m\u00e1s esfuerzo para ello.<\/p>\n<p style=\"text-align: left;\" align=\"left\">Los cepillos de dientes manuales deben sustituirse cada tres meses porque las cerdas desgastadas pierden eficacia con el tiempo. Los cepillos de dientes de cerdas suaves da\u00f1an mucho menos el tejido de las enc\u00edas que las variedades de cerdas medias y duras. Adem\u00e1s, debe elegirse un cepillo de dientes de tama\u00f1o adecuado aprobado por la ADA para permitir una limpieza correcta de todos los dientes. Lo ideal es cepillarse los dientes despu\u00e9s de cada comida o, como m\u00ednimo, dos veces al d\u00eda.<\/p>\n<p style=\"text-align: left;\" align=\"left\"><em>Si tiene alguna duda sobre las ayudas para la higiene bucal, consulte a su dentista o higienista dental.<\/em><\/p>\n<\/div><div class=\"fusion-clearfix\"><\/div><\/div><\/div><\/div><\/div><div class=\"fusion-bg-parallax\" data-bg-align=\"center center\" data-direction=\"right\" data-mute=\"false\" data-opacity=\"100\" data-velocity=\"-0.8\" data-mobile-enabled=\"false\" data-break_parents=\"0\" data-bg-image=\"https:\/\/friendlysmilesdental.com\/wp-content\/uploads\/2020\/01\/best-san-luis-obispo-dentist.jpg\" data-bg-repeat=\"false\" ><\/div><div class=\"fusion-fullwidth fullwidth-box fusion-builder-row-2 fusion-parallax-right nonhundred-percent-fullwidth non-hundred-percent-height-scrolling lazyload\" style=\"--awb-border-radius-top-left:0px;--awb-border-radius-top-right:0px;--awb-border-radius-bottom-right:0px;--awb-border-radius-bottom-left:0px;--awb-padding-top:80px;--awb-padding-bottom:100px;--awb-background-size:cover;--awb-flex-wrap:wrap;\" data-bg=\"https:\/\/friendlysmilesdental.com\/wp-content\/uploads\/2020\/01\/best-san-luis-obispo-dentist.jpg\" ><div class=\"fusion-builder-row fusion-row\"><div class=\"fusion-layout-column fusion_builder_column fusion-builder-column-2 fusion_builder_column_1_1 1_1 fusion-one-full fusion-column-first fusion-column-last\" style=\"--awb-bg-size:cover;--awb-margin-top:3%;--awb-margin-bottom:3%;\"><div class=\"fusion-column-wrapper fusion-flex-column-wrapper-legacy\"><div class=\"fusion-text fusion-text-5\"><h2 style=\"text-align: center;\"><span style=\"color: #ffffff;\">\u00bfListo para sonre\u00edr?<\/span><\/h2>\n<\/div><div class=\"fusion-sep-clear\"><\/div><div class=\"fusion-separator fusion-full-width-sep\" style=\"margin-left: auto;margin-right: auto;margin-top:15px;width:100%;\"><\/div><div class=\"fusion-sep-clear\"><\/div><div class=\"fusion-aligncenter\"><a class=\"fusion-button button-flat fusion-button-default-size button-custom fusion-button-default button-1 fusion-button-default-span fusion-button-default-type\" style=\"--button_accent_color:#ffffff;--button_accent_hover_color:#6487c2;--button_border_hover_color:#6487c2;--button_gradient_top_color:#4fc3a3;--button_gradient_bottom_color:#4fc3a3;--button_gradient_top_color_hover:#ffffff;--button_gradient_bottom_color_hover:#ffffff;\" target=\"_self\" href=\"https:\/\/friendlysmilesdental.com\/es\/reservar-cita\/\"><i class=\" fa fa-plus button-icon-left\" aria-hidden=\"true\"><\/i><span class=\"fusion-button-text\">Concierte una cita<\/span><\/a><\/div><div class=\"fusion-clearfix\"><\/div><\/div><\/div><\/div><\/div><\/p>\n","protected":false},"excerpt":{"rendered":"","protected":false},"author":4,"featured_media":0,"parent":0,"menu_order":0,"comment_status":"closed","ping_status":"open","template":"100-width.php","meta":{"footnotes":""},"yoast_head":"<!-- This site is optimized with the Yoast SEO plugin v23.9 - https:\/\/yoast.com\/wordpress\/plugins\/seo\/ -->\n<title>Cuidado del Hogar e Higiene Bucal | Central Coast Dentist Friendly Smiles<\/title>\n<meta name=\"description\" content=\"El cuidado en casa y la higiene bucal son importantes para tener una sonrisa bonita y sana que dure toda la vida. Ll\u00e1menos para una consulta.\" \/>\n<meta name=\"robots\" content=\"index, follow, max-snippet:-1, max-image-preview:large, max-video-preview:-1\" \/>\n<link rel=\"canonical\" href=\"https:\/\/friendlysmilesdental.com\/es\/cuidados-en-el-hogar-e-higiene-bucal\/\" \/>\n<meta property=\"og:locale\" content=\"es_ES\" \/>\n<meta property=\"og:type\" content=\"article\" \/>\n<meta property=\"og:title\" content=\"Cuidado del Hogar e Higiene Bucal | Central Coast Dentist Friendly Smiles\" \/>\n<meta property=\"og:description\" content=\"El cuidado en casa y la higiene bucal son importantes para tener una sonrisa bonita y sana que dure toda la vida. Ll\u00e1menos para una consulta.\" \/>\n<meta property=\"og:url\" content=\"https:\/\/friendlysmilesdental.com\/es\/cuidados-en-el-hogar-e-higiene-bucal\/\" \/>\n<meta property=\"og:site_name\" content=\"Friendly Smiles Dental\" \/>\n<meta property=\"article:modified_time\" content=\"2024-04-09T21:25:01+00:00\" \/>\n<meta property=\"og:image\" content=\"https:\/\/friendlysmilesdental.com\/wp-content\/uploads\/2020\/06\/friendly-smiles-home-care.jpg\" \/>\n<meta name=\"twitter:card\" content=\"summary_large_image\" \/>\n<meta name=\"twitter:label1\" content=\"Tiempo de lectura\" \/>\n\t<meta name=\"twitter:data1\" content=\"12 minutos\" \/>\n<script type=\"application\/ld+json\" class=\"yoast-schema-graph\">{\"@context\":\"https:\/\/schema.org\",\"@graph\":[{\"@type\":\"WebPage\",\"@id\":\"https:\/\/friendlysmilesdental.com\/es\/cuidados-en-el-hogar-e-higiene-bucal\/\",\"url\":\"https:\/\/friendlysmilesdental.com\/es\/cuidados-en-el-hogar-e-higiene-bucal\/\",\"name\":\"Cuidado del Hogar e Higiene Bucal | Central Coast Dentist Friendly Smiles\",\"isPartOf\":{\"@id\":\"https:\/\/friendlysmilesdental.com\/es\/#website\"},\"primaryImageOfPage\":{\"@id\":\"https:\/\/friendlysmilesdental.com\/es\/cuidados-en-el-hogar-e-higiene-bucal\/#primaryimage\"},\"image\":{\"@id\":\"https:\/\/friendlysmilesdental.com\/es\/cuidados-en-el-hogar-e-higiene-bucal\/#primaryimage\"},\"thumbnailUrl\":\"https:\/\/friendlysmilesdental.com\/wp-content\/uploads\/2020\/06\/friendly-smiles-home-care.jpg\",\"datePublished\":\"2019-10-09T03:47:00+00:00\",\"dateModified\":\"2024-04-09T21:25:01+00:00\",\"description\":\"El cuidado en casa y la higiene bucal son importantes para tener una sonrisa bonita y sana que dure toda la vida. Ll\u00e1menos para una consulta.\",\"breadcrumb\":{\"@id\":\"https:\/\/friendlysmilesdental.com\/es\/cuidados-en-el-hogar-e-higiene-bucal\/#breadcrumb\"},\"inLanguage\":\"es\",\"potentialAction\":[{\"@type\":\"ReadAction\",\"target\":[\"https:\/\/friendlysmilesdental.com\/es\/cuidados-en-el-hogar-e-higiene-bucal\/\"]}]},{\"@type\":\"ImageObject\",\"inLanguage\":\"es\",\"@id\":\"https:\/\/friendlysmilesdental.com\/es\/cuidados-en-el-hogar-e-higiene-bucal\/#primaryimage\",\"url\":\"https:\/\/friendlysmilesdental.com\/wp-content\/uploads\/2020\/06\/friendly-smiles-home-care.jpg\",\"contentUrl\":\"https:\/\/friendlysmilesdental.com\/wp-content\/uploads\/2020\/06\/friendly-smiles-home-care.jpg\"},{\"@type\":\"BreadcrumbList\",\"@id\":\"https:\/\/friendlysmilesdental.com\/es\/cuidados-en-el-hogar-e-higiene-bucal\/#breadcrumb\",\"itemListElement\":[{\"@type\":\"ListItem\",\"position\":1,\"name\":\"Home\",\"item\":\"https:\/\/friendlysmilesdental.com\/es\/inicio\/\"},{\"@type\":\"ListItem\",\"position\":2,\"name\":\"Cuidados en el hogar e higiene bucal\"}]},{\"@type\":\"WebSite\",\"@id\":\"https:\/\/friendlysmilesdental.com\/es\/#website\",\"url\":\"https:\/\/friendlysmilesdental.com\/es\/\",\"name\":\"Friendly Smiles Dental\",\"description\":\"Santa Maria Dentists | San Luis Obispo Dentists | King City Dentists\",\"potentialAction\":[{\"@type\":\"SearchAction\",\"target\":{\"@type\":\"EntryPoint\",\"urlTemplate\":\"https:\/\/friendlysmilesdental.com\/es\/?s={search_term_string}\"},\"query-input\":{\"@type\":\"PropertyValueSpecification\",\"valueRequired\":true,\"valueName\":\"search_term_string\"}}],\"inLanguage\":\"es\"}]}<\/script>\n<!-- \/ Yoast SEO plugin. -->","yoast_head_json":{"title":"Cuidado del Hogar e Higiene Bucal | Central Coast Dentist Friendly Smiles","description":"El cuidado en casa y la higiene bucal son importantes para tener una sonrisa bonita y sana que dure toda la vida. Ll\u00e1menos para una consulta.","robots":{"index":"index","follow":"follow","max-snippet":"max-snippet:-1","max-image-preview":"max-image-preview:large","max-video-preview":"max-video-preview:-1"},"canonical":"https:\/\/friendlysmilesdental.com\/es\/cuidados-en-el-hogar-e-higiene-bucal\/","og_locale":"es_ES","og_type":"article","og_title":"Cuidado del Hogar e Higiene Bucal | Central Coast Dentist Friendly Smiles","og_description":"El cuidado en casa y la higiene bucal son importantes para tener una sonrisa bonita y sana que dure toda la vida. Ll\u00e1menos para una consulta.","og_url":"https:\/\/friendlysmilesdental.com\/es\/cuidados-en-el-hogar-e-higiene-bucal\/","og_site_name":"Friendly Smiles Dental","article_modified_time":"2024-04-09T21:25:01+00:00","og_image":[{"url":"https:\/\/friendlysmilesdental.com\/wp-content\/uploads\/2020\/06\/friendly-smiles-home-care.jpg"}],"twitter_card":"summary_large_image","twitter_misc":{"Tiempo de lectura":"12 minutos"},"schema":{"@context":"https:\/\/schema.org","@graph":[{"@type":"WebPage","@id":"https:\/\/friendlysmilesdental.com\/es\/cuidados-en-el-hogar-e-higiene-bucal\/","url":"https:\/\/friendlysmilesdental.com\/es\/cuidados-en-el-hogar-e-higiene-bucal\/","name":"Cuidado del Hogar e Higiene Bucal | Central Coast Dentist Friendly Smiles","isPartOf":{"@id":"https:\/\/friendlysmilesdental.com\/es\/#website"},"primaryImageOfPage":{"@id":"https:\/\/friendlysmilesdental.com\/es\/cuidados-en-el-hogar-e-higiene-bucal\/#primaryimage"},"image":{"@id":"https:\/\/friendlysmilesdental.com\/es\/cuidados-en-el-hogar-e-higiene-bucal\/#primaryimage"},"thumbnailUrl":"https:\/\/friendlysmilesdental.com\/wp-content\/uploads\/2020\/06\/friendly-smiles-home-care.jpg","datePublished":"2019-10-09T03:47:00+00:00","dateModified":"2024-04-09T21:25:01+00:00","description":"El cuidado en casa y la higiene bucal son importantes para tener una sonrisa bonita y sana que dure toda la vida. Ll\u00e1menos para una consulta.","breadcrumb":{"@id":"https:\/\/friendlysmilesdental.com\/es\/cuidados-en-el-hogar-e-higiene-bucal\/#breadcrumb"},"inLanguage":"es","potentialAction":[{"@type":"ReadAction","target":["https:\/\/friendlysmilesdental.com\/es\/cuidados-en-el-hogar-e-higiene-bucal\/"]}]},{"@type":"ImageObject","inLanguage":"es","@id":"https:\/\/friendlysmilesdental.com\/es\/cuidados-en-el-hogar-e-higiene-bucal\/#primaryimage","url":"https:\/\/friendlysmilesdental.com\/wp-content\/uploads\/2020\/06\/friendly-smiles-home-care.jpg","contentUrl":"https:\/\/friendlysmilesdental.com\/wp-content\/uploads\/2020\/06\/friendly-smiles-home-care.jpg"},{"@type":"BreadcrumbList","@id":"https:\/\/friendlysmilesdental.com\/es\/cuidados-en-el-hogar-e-higiene-bucal\/#breadcrumb","itemListElement":[{"@type":"ListItem","position":1,"name":"Home","item":"https:\/\/friendlysmilesdental.com\/es\/inicio\/"},{"@type":"ListItem","position":2,"name":"Cuidados en el hogar e higiene bucal"}]},{"@type":"WebSite","@id":"https:\/\/friendlysmilesdental.com\/es\/#website","url":"https:\/\/friendlysmilesdental.com\/es\/","name":"Friendly Smiles Dental","description":"Santa Maria Dentists | San Luis Obispo Dentists | King City Dentists","potentialAction":[{"@type":"SearchAction","target":{"@type":"EntryPoint","urlTemplate":"https:\/\/friendlysmilesdental.com\/es\/?s={search_term_string}"},"query-input":{"@type":"PropertyValueSpecification","valueRequired":true,"valueName":"search_term_string"}}],"inLanguage":"es"}]}},"_links":{"self":[{"href":"https:\/\/friendlysmilesdental.com\/es\/wp-json\/wp\/v2\/pages\/2970"}],"collection":[{"href":"https:\/\/friendlysmilesdental.com\/es\/wp-json\/wp\/v2\/pages"}],"about":[{"href":"https:\/\/friendlysmilesdental.com\/es\/wp-json\/wp\/v2\/types\/page"}],"author":[{"embeddable":true,"href":"https:\/\/friendlysmilesdental.com\/es\/wp-json\/wp\/v2\/users\/4"}],"replies":[{"embeddable":true,"href":"https:\/\/friendlysmilesdental.com\/es\/wp-json\/wp\/v2\/comments?post=2970"}],"version-history":[{"count":2,"href":"https:\/\/friendlysmilesdental.com\/es\/wp-json\/wp\/v2\/pages\/2970\/revisions"}],"predecessor-version":[{"id":3060,"href":"https:\/\/friendlysmilesdental.com\/es\/wp-json\/wp\/v2\/pages\/2970\/revisions\/3060"}],"wp:attachment":[{"href":"https:\/\/friendlysmilesdental.com\/es\/wp-json\/wp\/v2\/media?parent=2970"}],"curies":[{"name":"wp","href":"https:\/\/api.w.org\/{rel}","templated":true}]}}