{"id":2976,"date":"2019-10-30T06:21:02","date_gmt":"2019-10-30T06:21:02","guid":{"rendered":"https:\/\/friendlysmilesdental.com\/que-es-un-periodoncista\/"},"modified":"2024-04-09T21:25:42","modified_gmt":"2024-04-09T21:25:42","slug":"que-es-un-periodoncista","status":"publish","type":"page","link":"https:\/\/friendlysmilesdental.com\/es\/que-es-un-periodoncista\/","title":{"rendered":"\u00bfQu\u00e9 es un periodoncista?"},"content":{"rendered":"<p><div class=\"fusion-fullwidth fullwidth-box fusion-builder-row-1 nonhundred-percent-fullwidth non-hundred-percent-height-scrolling\" style=\"--awb-border-radius-top-left:0px;--awb-border-radius-top-right:0px;--awb-border-radius-bottom-right:0px;--awb-border-radius-bottom-left:0px;--awb-flex-wrap:wrap;\" ><div class=\"fusion-builder-row fusion-row\"><div class=\"fusion-layout-column fusion_builder_column fusion-builder-column-0 fusion_builder_column_1_2 1_2 fusion-one-half fusion-column-first\" style=\"--awb-bg-size:cover;width:50%;width:calc(50% - ( ( 4% ) * 0.5 ) );margin-right: 4%;\"><div class=\"fusion-column-wrapper fusion-column-has-shadow fusion-flex-column-wrapper-legacy\"><div class=\"fusion-text fusion-text-1\"><h1 align=\"left\">\u00bfQu\u00e9 es un periodoncista?<\/h1>\n<\/div><div class=\"fusion-sep-clear\"><\/div><div class=\"fusion-separator fusion-clearfix\" style=\"float:left;margin-top:22px;margin-bottom:25px;width:100%;max-width:100px;\"><div class=\"fusion-separator-border sep-single sep-solid\" style=\"--awb-height:20px;--awb-amount:20px;--awb-sep-color:#6589c0;border-color:#6589c0;border-top-width:2px;\"><\/div><\/div><div class=\"fusion-sep-clear\"><\/div><div class=\"fusion-text fusion-text-2\"><div align=\"left\">\n<div style=\"text-align: left;\" align=\"left\">\n<p align=\"left\">Un periodoncista es un dentista especializado en los tejidos blandos de la boca y el hueso maxilar subyacente que soporta los dientes. Para obtener el t\u00edtulo de periodoncista, los dentistas deben licenciarse en una facultad de odontolog\u00eda acreditada antes de cursar tres a\u00f1os adicionales de estudios en un programa de formaci\u00f3n de residencia en periodoncia.<\/p>\n<p align=\"left\">El objetivo principal de esta residencia es el tratamiento quir\u00fargico y no quir\u00fargico de la enfermedad periodontal y la colocaci\u00f3n de implantes dentales.<\/p>\n<h2 align=\"left\">Enfermedades tratadas por un periodoncista<\/h2>\n<p align=\"left\">El periodoncista se ocupa principalmente de prevenir la aparici\u00f3n de enfermedades de las enc\u00edas (enfermedad periodontal), diagnosticar las afecciones que afectan a las enc\u00edas y al hueso maxilar, y tratar la gingivitis, la periodontitis y la p\u00e9rdida \u00f3sea. La enfermedad periodontal es una afecci\u00f3n progresiva y la principal causa de p\u00e9rdida de dientes entre los adultos del mundo desarrollado.<\/p>\n<p align=\"left\">El periodoncista puede tratar la enfermedad de las enc\u00edas leve, moderada y avanzada abordando en primer lugar la infecci\u00f3n bacteriana en la ra\u00edz del problema, proporcionando tratamiento periodontal y, a continuaci\u00f3n, proporcionando informaci\u00f3n y educaci\u00f3n sobre una buena higiene bucal y la limpieza eficaz de los dientes.<\/p>\n<p align=\"left\">Las afecciones m\u00e1s comunes tratadas por el periodoncista son:<\/p>\n<ul>\n<li>\n<div align=\"left\"><strong>Gingivitis<\/strong> &#8211; Es la inflamaci\u00f3n leve de las enc\u00edas que puede o no manifestarse por dolor y sangrado.<\/div>\n<\/li>\n<li>\n<div align=\"left\"><strong>Periodontitis leve\/moderada<\/strong> &#8211; Cuando las bolsas entre los dientes y los tejidos blandos miden entre 4-6mm se clasifica como periodontitis moderada (enfermedad de las enc\u00edas).<\/div>\n<\/li>\n<li>\n<div align=\"left\"><strong>Periodontitis avanzada<\/strong> &#8211; Cuando las bolsas entre los dientes y los tejidos blandos en general superan los 6 mm de profundidad, puede producirse una p\u00e9rdida \u00f3sea significativa; provocando el desplazamiento o la p\u00e9rdida de los dientes.<\/div>\n<\/li>\n<li>\n<div align=\"left\"><strong>Falta de dientes<\/strong> &#8211; Cuando faltan dientes como consecuencia de la p\u00e9rdida de hueso, el periodoncista puede implantar dientes prot\u00e9sicos. Estos dientes se anclan al hueso maxilar y devuelven la funcionalidad a la boca.<\/div>\n<\/li>\n<\/ul>\n<\/div>\n<\/div>\n<\/div><div class=\"fusion-clearfix\"><\/div><\/div><\/div><div class=\"fusion-layout-column fusion_builder_column fusion-builder-column-1 fusion_builder_column_1_2 1_2 fusion-one-half fusion-column-last\" style=\"--awb-bg-size:cover;width:50%;width:calc(50% - ( ( 4% ) * 0.5 ) );\"><div class=\"fusion-column-wrapper fusion-column-has-shadow fusion-flex-column-wrapper-legacy\"><div class=\"fusion-text fusion-text-3\"><h2 align=\"left\">Tratamientos realizados por un periodoncista<\/h2>\n<p align=\"left\">El periodoncista es capaz de realizar una amplia gama de tratamientos para detener la progresi\u00f3n de la enfermedad de las enc\u00edas, reemplazar los dientes perdidos y hacer que la apariencia de la sonrisa sea est\u00e9ticamente m\u00e1s agradable.<\/p>\n<p align=\"left\">Estos son algunos de los tratamientos que realiza habitualmente el periodoncista:<\/p>\n<ul>\n<li>\n<div align=\"left\"><strong>Colocaci\u00f3n de implantes<\/strong>: cuando faltan uno o varios dientes, el periodoncista puede crear un sustituto de aspecto natural anclando un diente prot\u00e9sico al hueso maxilar.<\/div>\n<\/li>\n<li>\n<div align=\"left\"><strong>Osteoplastia (remodelaci\u00f3n del tejido duro)<\/strong> &#8211; Una vez tratada la periodontitis, el periodoncista puede remodelar el tejido duro para que la sonrisa tenga un aspecto natural y est\u00e9ticamente agradable.<\/div>\n<\/li>\n<li>\n<div align=\"left\"><strong>Gingivoplastia (remodelaci\u00f3n de los tejidos blandos)<\/strong> &#8211; Cuando las enc\u00edas se retraen debido a la periodontitis, los dientes pueden parecer m\u00e1s largos, lo que provoca una sonrisa \u00abdentada\u00bb. El periodoncista puede eliminar tejidos o enderezar la l\u00ednea de las enc\u00edas para que los dientes tengan un aspecto m\u00e1s uniforme.<\/div>\n<\/li>\n<li>\n<div align=\"left\"><strong>Injerto \u00f3seo<\/strong> &#8211; Los implantes dentales s\u00f3lo pueden colocarse si hay hueso suficiente al que fijar el diente prot\u00e9sico. Si se ha producido una p\u00e9rdida \u00f3sea, el injerto \u00f3seo es una forma excelente de a\u00f1adir o \u00abhacer crecer\u00bb hueso para que un implante pueda fijarse correctamente.<\/div>\n<\/li>\n<li>\n<div align=\"left\"><strong>Limpiezas de bolsas profundas<\/strong> &#8211; A medida que la gingivitis y la periodontitis progresan, se hace m\u00e1s dif\u00edcil limpiar las bolsas entre los tejidos blandos y los dientes. El periodoncista puede raspar y alisar los dientes (a veces con anestesia local) para eliminar los restos y las bacterias causantes de infecciones.<\/div>\n<\/li>\n<li>\n<div align=\"left\"><strong>Alargamiento de la corona<\/strong>: para exponer m\u00e1s parte del diente natural, el periodoncista puede eliminar parte del tejido gingival circundante.<\/div>\n<\/li>\n<\/ul>\n<p align=\"left\">El periodoncista es un profesional de la salud dental altamente cualificado, capaz de diagnosticar y tratar muchos de los problemas \u00f3seos y de tejidos blandos m\u00e1s frecuentes de la cavidad oral.<\/p>\n<\/div><div class=\"fusion-clearfix\"><\/div><\/div><\/div><\/div><\/div><div class=\"fusion-fullwidth fullwidth-box fusion-builder-row-2 nonhundred-percent-fullwidth non-hundred-percent-height-scrolling\" style=\"--awb-border-radius-top-left:0px;--awb-border-radius-top-right:0px;--awb-border-radius-bottom-right:0px;--awb-border-radius-bottom-left:0px;--awb-flex-wrap:wrap;\" ><div class=\"fusion-builder-row fusion-row\"><div class=\"fusion-layout-column fusion_builder_column fusion-builder-column-2 fusion_builder_column_1_2 1_2 fusion-one-half fusion-column-first\" style=\"--awb-bg-size:cover;width:50%;width:calc(50% - ( ( 4% ) * 0.5 ) );margin-right: 4%;\"><div class=\"fusion-column-wrapper fusion-column-has-shadow fusion-flex-column-wrapper-legacy\"><div class=\"fusion-clearfix\"><\/div><\/div><\/div><div class=\"fusion-layout-column fusion_builder_column fusion-builder-column-3 fusion_builder_column_1_2 1_2 fusion-one-half fusion-column-last\" style=\"--awb-bg-size:cover;width:50%;width:calc(50% - ( ( 4% ) * 0.5 ) );\"><div class=\"fusion-column-wrapper fusion-column-has-shadow fusion-flex-column-wrapper-legacy\"><div class=\"fusion-clearfix\"><\/div><\/div><\/div><\/div><\/div><div class=\"fusion-bg-parallax\" data-bg-align=\"center center\" data-direction=\"right\" data-mute=\"false\" data-opacity=\"100\" data-velocity=\"-0.8\" data-mobile-enabled=\"false\" data-break_parents=\"0\" data-bg-image=\"https:\/\/friendlysmilesdental.com\/wp-content\/uploads\/2020\/01\/best-san-luis-obispo-dentist.jpg\" data-bg-repeat=\"false\" ><\/div><div class=\"fusion-fullwidth fullwidth-box fusion-builder-row-3 fusion-parallax-right nonhundred-percent-fullwidth non-hundred-percent-height-scrolling lazyload\" style=\"--awb-border-radius-top-left:0px;--awb-border-radius-top-right:0px;--awb-border-radius-bottom-right:0px;--awb-border-radius-bottom-left:0px;--awb-padding-top:40px;--awb-padding-bottom:50px;--awb-background-size:cover;--awb-flex-wrap:wrap;\" data-bg=\"https:\/\/friendlysmilesdental.com\/wp-content\/uploads\/2020\/01\/best-san-luis-obispo-dentist.jpg\" ><div class=\"fusion-builder-row fusion-row\"><div class=\"fusion-layout-column fusion_builder_column fusion-builder-column-4 fusion_builder_column_1_1 1_1 fusion-one-full fusion-column-first fusion-column-last\" style=\"--awb-bg-size:cover;--awb-margin-top:3%;--awb-margin-bottom:3%;\"><div class=\"fusion-column-wrapper fusion-column-has-shadow fusion-flex-column-wrapper-legacy\"><div class=\"fusion-text fusion-text-4\"><h2 style=\"text-align: center;\"><span style=\"color: #ffffff;\">\u00bfListo para sonre\u00edr?<\/span><\/h2>\n<\/div><div class=\"fusion-sep-clear\"><\/div><div class=\"fusion-separator fusion-full-width-sep\" style=\"margin-left: auto;margin-right: auto;margin-top:15px;width:100%;\"><\/div><div class=\"fusion-sep-clear\"><\/div><div class=\"fusion-aligncenter\"><a class=\"fusion-button button-flat fusion-button-default-size button-custom fusion-button-default button-1 fusion-button-default-span fusion-button-default-type\" style=\"--button_accent_color:#ffffff;--button_accent_hover_color:#6487c2;--button_border_hover_color:#6487c2;--button_gradient_top_color:#4fc3a3;--button_gradient_bottom_color:#4fc3a3;--button_gradient_top_color_hover:#ffffff;--button_gradient_bottom_color_hover:#ffffff;\" target=\"_self\" href=\"https:\/\/friendlysmilesdental.com\/es\/reservar-cita\/\"><i class=\"fa-plus fas button-icon-left\" aria-hidden=\"true\"><\/i><span class=\"fusion-button-text\">Solicitar una cita<\/span><\/a><\/div><div class=\"fusion-sep-clear\"><\/div><div class=\"fusion-separator fusion-full-width-sep\" style=\"margin-left: auto;margin-right: auto;margin-top:15px;width:100%;\"><\/div><div class=\"fusion-sep-clear\"><\/div><div class=\"fusion-text fusion-text-5\"><h3 style=\"text-align: center;\"><span style=\"color: #ffffff;\">Estamos orgullosos de aceptar Medi-Cal y tomar la mayor\u00eda de las formas de seguro en todas nuestras oficinas dentales.<\/span><\/h3>\n<\/div><div class=\"fusion-clearfix\"><\/div><\/div><\/div><\/div><\/div><\/p>\n","protected":false},"excerpt":{"rendered":"","protected":false},"author":4,"featured_media":0,"parent":0,"menu_order":0,"comment_status":"closed","ping_status":"open","template":"100-width.php","meta":{"footnotes":""},"yoast_head":"<!-- This site is optimized with the Yoast SEO plugin v23.9 - https:\/\/yoast.com\/wordpress\/plugins\/seo\/ -->\n<title>qu\u00e9 es un periodoncista<\/title>\n<meta name=\"description\" content=\"Un periodoncista es un dentista especializado en los tejidos blandos de la boca y el hueso maxilar subyacente que soporta los dientes. Llame para una consulta.\" \/>\n<meta name=\"robots\" content=\"index, follow, max-snippet:-1, max-image-preview:large, max-video-preview:-1\" \/>\n<link rel=\"canonical\" href=\"https:\/\/friendlysmilesdental.com\/es\/que-es-un-periodoncista\/\" \/>\n<meta property=\"og:locale\" content=\"es_ES\" \/>\n<meta property=\"og:type\" content=\"article\" \/>\n<meta property=\"og:title\" content=\"qu\u00e9 es un periodoncista\" \/>\n<meta property=\"og:description\" content=\"Un periodoncista es un dentista especializado en los tejidos blandos de la boca y el hueso maxilar subyacente que soporta los dientes. Llame para una consulta.\" \/>\n<meta property=\"og:url\" content=\"https:\/\/friendlysmilesdental.com\/es\/que-es-un-periodoncista\/\" \/>\n<meta property=\"og:site_name\" content=\"Friendly Smiles Dental\" \/>\n<meta property=\"article:modified_time\" content=\"2024-04-09T21:25:42+00:00\" \/>\n<meta name=\"twitter:card\" content=\"summary_large_image\" \/>\n<meta name=\"twitter:label1\" content=\"Tiempo de lectura\" \/>\n\t<meta name=\"twitter:data1\" content=\"10 minutos\" \/>\n<script type=\"application\/ld+json\" class=\"yoast-schema-graph\">{\"@context\":\"https:\/\/schema.org\",\"@graph\":[{\"@type\":\"WebPage\",\"@id\":\"https:\/\/friendlysmilesdental.com\/es\/que-es-un-periodoncista\/\",\"url\":\"https:\/\/friendlysmilesdental.com\/es\/que-es-un-periodoncista\/\",\"name\":\"qu\u00e9 es un periodoncista\",\"isPartOf\":{\"@id\":\"https:\/\/friendlysmilesdental.com\/es\/#website\"},\"datePublished\":\"2019-10-30T06:21:02+00:00\",\"dateModified\":\"2024-04-09T21:25:42+00:00\",\"description\":\"Un periodoncista es un dentista especializado en los tejidos blandos de la boca y el hueso maxilar subyacente que soporta los dientes. Llame para una consulta.\",\"breadcrumb\":{\"@id\":\"https:\/\/friendlysmilesdental.com\/es\/que-es-un-periodoncista\/#breadcrumb\"},\"inLanguage\":\"es\",\"potentialAction\":[{\"@type\":\"ReadAction\",\"target\":[\"https:\/\/friendlysmilesdental.com\/es\/que-es-un-periodoncista\/\"]}]},{\"@type\":\"BreadcrumbList\",\"@id\":\"https:\/\/friendlysmilesdental.com\/es\/que-es-un-periodoncista\/#breadcrumb\",\"itemListElement\":[{\"@type\":\"ListItem\",\"position\":1,\"name\":\"Home\",\"item\":\"https:\/\/friendlysmilesdental.com\/es\/inicio\/\"},{\"@type\":\"ListItem\",\"position\":2,\"name\":\"\u00bfQu\u00e9 es un periodoncista?\"}]},{\"@type\":\"WebSite\",\"@id\":\"https:\/\/friendlysmilesdental.com\/es\/#website\",\"url\":\"https:\/\/friendlysmilesdental.com\/es\/\",\"name\":\"Friendly Smiles Dental\",\"description\":\"Santa Maria Dentists | San Luis Obispo Dentists | King City Dentists\",\"potentialAction\":[{\"@type\":\"SearchAction\",\"target\":{\"@type\":\"EntryPoint\",\"urlTemplate\":\"https:\/\/friendlysmilesdental.com\/es\/?s={search_term_string}\"},\"query-input\":{\"@type\":\"PropertyValueSpecification\",\"valueRequired\":true,\"valueName\":\"search_term_string\"}}],\"inLanguage\":\"es\"}]}<\/script>\n<!-- \/ Yoast SEO plugin. -->","yoast_head_json":{"title":"qu\u00e9 es un periodoncista","description":"Un periodoncista es un dentista especializado en los tejidos blandos de la boca y el hueso maxilar subyacente que soporta los dientes. Llame para una consulta.","robots":{"index":"index","follow":"follow","max-snippet":"max-snippet:-1","max-image-preview":"max-image-preview:large","max-video-preview":"max-video-preview:-1"},"canonical":"https:\/\/friendlysmilesdental.com\/es\/que-es-un-periodoncista\/","og_locale":"es_ES","og_type":"article","og_title":"qu\u00e9 es un periodoncista","og_description":"Un periodoncista es un dentista especializado en los tejidos blandos de la boca y el hueso maxilar subyacente que soporta los dientes. Llame para una consulta.","og_url":"https:\/\/friendlysmilesdental.com\/es\/que-es-un-periodoncista\/","og_site_name":"Friendly Smiles Dental","article_modified_time":"2024-04-09T21:25:42+00:00","twitter_card":"summary_large_image","twitter_misc":{"Tiempo de lectura":"10 minutos"},"schema":{"@context":"https:\/\/schema.org","@graph":[{"@type":"WebPage","@id":"https:\/\/friendlysmilesdental.com\/es\/que-es-un-periodoncista\/","url":"https:\/\/friendlysmilesdental.com\/es\/que-es-un-periodoncista\/","name":"qu\u00e9 es un periodoncista","isPartOf":{"@id":"https:\/\/friendlysmilesdental.com\/es\/#website"},"datePublished":"2019-10-30T06:21:02+00:00","dateModified":"2024-04-09T21:25:42+00:00","description":"Un periodoncista es un dentista especializado en los tejidos blandos de la boca y el hueso maxilar subyacente que soporta los dientes. Llame para una consulta.","breadcrumb":{"@id":"https:\/\/friendlysmilesdental.com\/es\/que-es-un-periodoncista\/#breadcrumb"},"inLanguage":"es","potentialAction":[{"@type":"ReadAction","target":["https:\/\/friendlysmilesdental.com\/es\/que-es-un-periodoncista\/"]}]},{"@type":"BreadcrumbList","@id":"https:\/\/friendlysmilesdental.com\/es\/que-es-un-periodoncista\/#breadcrumb","itemListElement":[{"@type":"ListItem","position":1,"name":"Home","item":"https:\/\/friendlysmilesdental.com\/es\/inicio\/"},{"@type":"ListItem","position":2,"name":"\u00bfQu\u00e9 es un periodoncista?"}]},{"@type":"WebSite","@id":"https:\/\/friendlysmilesdental.com\/es\/#website","url":"https:\/\/friendlysmilesdental.com\/es\/","name":"Friendly Smiles Dental","description":"Santa Maria Dentists | San Luis Obispo Dentists | King City Dentists","potentialAction":[{"@type":"SearchAction","target":{"@type":"EntryPoint","urlTemplate":"https:\/\/friendlysmilesdental.com\/es\/?s={search_term_string}"},"query-input":{"@type":"PropertyValueSpecification","valueRequired":true,"valueName":"search_term_string"}}],"inLanguage":"es"}]}},"_links":{"self":[{"href":"https:\/\/friendlysmilesdental.com\/es\/wp-json\/wp\/v2\/pages\/2976"}],"collection":[{"href":"https:\/\/friendlysmilesdental.com\/es\/wp-json\/wp\/v2\/pages"}],"about":[{"href":"https:\/\/friendlysmilesdental.com\/es\/wp-json\/wp\/v2\/types\/page"}],"author":[{"embeddable":true,"href":"https:\/\/friendlysmilesdental.com\/es\/wp-json\/wp\/v2\/users\/4"}],"replies":[{"embeddable":true,"href":"https:\/\/friendlysmilesdental.com\/es\/wp-json\/wp\/v2\/comments?post=2976"}],"version-history":[{"count":3,"href":"https:\/\/friendlysmilesdental.com\/es\/wp-json\/wp\/v2\/pages\/2976\/revisions"}],"predecessor-version":[{"id":3067,"href":"https:\/\/friendlysmilesdental.com\/es\/wp-json\/wp\/v2\/pages\/2976\/revisions\/3067"}],"wp:attachment":[{"href":"https:\/\/friendlysmilesdental.com\/es\/wp-json\/wp\/v2\/media?parent=2976"}],"curies":[{"name":"wp","href":"https:\/\/api.w.org\/{rel}","templated":true}]}}