{"id":2979,"date":"2021-07-29T01:00:54","date_gmt":"2021-07-29T01:00:54","guid":{"rendered":"https:\/\/friendlysmilesdental.com\/san-luis-obispo-dentistas-friendly-smiles-dental\/"},"modified":"2024-04-09T03:50:08","modified_gmt":"2024-04-09T03:50:08","slug":"san-luis-obispo-dentistas-friendly-smiles-dental","status":"publish","type":"page","link":"https:\/\/friendlysmilesdental.com\/es\/san-luis-obispo-dentistas-friendly-smiles-dental\/","title":{"rendered":"San Luis Obispo Dentistas | Friendly Smiles Dental"},"content":{"rendered":"<div class=\"fusion-fullwidth fullwidth-box fusion-builder-row-1 nonhundred-percent-fullwidth non-hundred-percent-height-scrolling\" style=\"--awb-border-radius-top-left:0px;--awb-border-radius-top-right:0px;--awb-border-radius-bottom-right:0px;--awb-border-radius-bottom-left:0px;--awb-padding-top:20px;--awb-padding-bottom:5px;--awb-flex-wrap:wrap;\" ><div class=\"fusion-builder-row fusion-row\"><div class=\"fusion-layout-column fusion_builder_column fusion-builder-column-0 fusion_builder_column_2_3 2_3 fusion-two-third fusion-column-first\" style=\"--awb-padding-right:0px;--awb-padding-left:0px;--awb-bg-size:cover;--awb-margin-top:20px;--awb-margin-bottom:0px;width:66.666666666667%;width:calc(66.666666666667% - ( ( 4% ) * 0.66666666666667 ) );margin-right: 4%;\"><div class=\"fusion-column-wrapper fusion-column-has-shadow fusion-flex-column-wrapper-legacy\"><div class=\"fusion-text fusion-text-1\"><h1>Dentistas de San Luis Obispo en Friendly Smiles Dental<\/h1>\n<h3>Tel\u00e9fono: 805.543.8440<br \/>\n1338 Santa Rosa Street, San Luis Obispo, CA 93401<\/h3>\n<p>Nuestro dedicado equipo de dentistas, higienistas y profesionales de la administraci\u00f3n atienden a las comunidades de la Costa Central de California en los condados de Santa B\u00e1rbara, San Luis Obispo y Monterey a trav\u00e9s de nuestras oficinas en Santa Mar\u00eda, San Luis Obispo y King City. Cuando usted visita cualquiera de las oficinas de <em>Friendly Smiles Dental<\/em>, su sonrisa es nuestra m\u00e1xima prioridad y estamos dedicados a proporcionarle el cuidado personalizado que se merece.<\/p>\n<p>Creemos que una buena salud empieza por una buena salud bucodental y nos comprometemos a ayudarle a conseguir y mantener una salud dental a largo plazo, un bienestar bucodental y una bonita sonrisa.<\/p>\n<p style=\"text-align: left;\" align=\"justify\">En <em>Friendly Smiles Dental<\/em>, invertimos y participamos continuamente en el aprendizaje de los \u00faltimos avances en odontolog\u00eda y tecnolog\u00eda.  Las oficinas <em>de Friendly Smiles Dental <\/em>est\u00e1n equipadas para proporcionar todo lo que la odontolog\u00eda moderna tiene para ofrecer, incluyendo una lista completa de servicios dentales generales, restaurativos y cosm\u00e9ticos para satisfacer las necesidades de los miembros de nuestra comunidad y sus familias.<\/p>\n<\/div><div class=\"fusion-image-element in-legacy-container\" style=\"--awb-caption-title-font-family:var(--h2_typography-font-family);--awb-caption-title-font-weight:var(--h2_typography-font-weight);--awb-caption-title-font-style:var(--h2_typography-font-style);--awb-caption-title-size:var(--h2_typography-font-size);--awb-caption-title-transform:var(--h2_typography-text-transform);--awb-caption-title-line-height:var(--h2_typography-line-height);--awb-caption-title-letter-spacing:var(--h2_typography-letter-spacing);\"><span class=\" fusion-imageframe imageframe-none imageframe-1 hover-type-none\" style=\"border:2px solid #7f7f7f;\"><img decoding=\"async\" width=\"800\" height=\"738\" alt=\"Dentistas de San Luis Obispo en Friendly Smiles Dental Group\" title=\"san-luis-obispo-dentist-800px\" src=\"https:\/\/friendlysmilesdental.com\/wp-content\/uploads\/2021\/07\/san-luis-obispo-dentist-800px.jpg\" data-orig-src=\"https:\/\/friendlysmilesdental.com\/wp-content\/uploads\/2021\/07\/san-luis-obispo-dentist-800px.jpg\" class=\"lazyload img-responsive wp-image-2893\" srcset=\"data:image\/svg+xml,%3Csvg%20xmlns%3D%27http%3A%2F%2Fwww.w3.org%2F2000%2Fsvg%27%20width%3D%27800%27%20height%3D%27738%27%20viewBox%3D%270%200%20800%20738%27%3E%3Crect%20width%3D%27800%27%20height%3D%27738%27%20fill-opacity%3D%220%22%2F%3E%3C%2Fsvg%3E\" data-srcset=\"https:\/\/friendlysmilesdental.com\/wp-content\/uploads\/2021\/07\/san-luis-obispo-dentist-800px-200x185.jpg 200w, https:\/\/friendlysmilesdental.com\/wp-content\/uploads\/2021\/07\/san-luis-obispo-dentist-800px-400x369.jpg 400w, https:\/\/friendlysmilesdental.com\/wp-content\/uploads\/2021\/07\/san-luis-obispo-dentist-800px-600x554.jpg 600w, https:\/\/friendlysmilesdental.com\/wp-content\/uploads\/2021\/07\/san-luis-obispo-dentist-800px.jpg 800w\" data-sizes=\"auto\" data-orig-sizes=\"(max-width: 800px) 100vw, 800px\" \/><\/span><\/div><div class=\"fusion-clearfix\"><\/div><\/div><\/div><div class=\"fusion-layout-column fusion_builder_column fusion-builder-column-1 fusion_builder_column_1_3 1_3 fusion-one-third fusion-column-last\" style=\"--awb-padding-right:0px;--awb-padding-left:0px;--awb-bg-size:cover;--awb-margin-top:20px;--awb-margin-bottom:0px;width:33.333333333333%;width:calc(33.333333333333% - ( ( 4% ) * 0.33333333333333 ) );\"><div class=\"fusion-column-wrapper fusion-column-has-shadow fusion-flex-column-wrapper-legacy\"><div class=\"fusion-text fusion-text-2\"><h2>P\u00f3ngase en contacto con nuestra oficina dental de San Luis Obispo.<\/h2>\n<p>Agradeceremos cualquier opini\u00f3n, comentario o pregunta.<\/p>\n<\/div>\n<div class=\"wpcf7 no-js\" id=\"wpcf7-f3064-o1\" lang=\"es-ES\" dir=\"ltr\">\n<div class=\"screen-reader-response\"><p role=\"status\" aria-live=\"polite\" aria-atomic=\"true\"><\/p> <ul><\/ul><\/div>\n<form action=\"\/es\/wp-json\/wp\/v2\/pages\/2979#wpcf7-f3064-o1\" method=\"post\" class=\"wpcf7-form init\" aria-label=\"Formulario de contacto\" novalidate=\"novalidate\" data-status=\"init\">\n<div style=\"display: none;\">\n<input type=\"hidden\" name=\"_wpcf7\" value=\"3064\" \/>\n<input type=\"hidden\" name=\"_wpcf7_version\" value=\"5.9.6\" \/>\n<input type=\"hidden\" name=\"_wpcf7_locale\" value=\"es_ES\" \/>\n<input type=\"hidden\" name=\"_wpcf7_unit_tag\" value=\"wpcf7-f3064-o1\" \/>\n<input type=\"hidden\" name=\"_wpcf7_container_post\" value=\"0\" \/>\n<input type=\"hidden\" name=\"_wpcf7_posted_data_hash\" value=\"\" \/>\n<input type=\"hidden\" name=\"_wpcf7cf_hidden_group_fields\" value=\"[]\" \/>\n<input type=\"hidden\" name=\"_wpcf7cf_hidden_groups\" value=\"[]\" \/>\n<input type=\"hidden\" name=\"_wpcf7cf_visible_groups\" value=\"[]\" \/>\n<input type=\"hidden\" name=\"_wpcf7cf_repeaters\" value=\"[]\" \/>\n<input type=\"hidden\" name=\"_wpcf7cf_steps\" value=\"{}\" \/>\n<input type=\"hidden\" name=\"_wpcf7cf_options\" value=\"{&quot;form_id&quot;:3064,&quot;conditions&quot;:[],&quot;settings&quot;:{&quot;animation&quot;:&quot;yes&quot;,&quot;animation_intime&quot;:200,&quot;animation_outtime&quot;:200,&quot;conditions_ui&quot;:&quot;normal&quot;,&quot;notice_dismissed&quot;:false,&quot;notice_dismissed_update-cf7-5.5.3&quot;:true,&quot;notice_dismissed_rollback-cf7-5.8&quot;:true,&quot;notice_dismissed_update-cf7-6.0.5&quot;:true}}\" \/>\n<\/div>\n<p><label> Su nombre (obligatorio)<br \/>\n<span class=\"wpcf7-form-control-wrap\" data-name=\"your-name\"><input size=\"40\" maxlength=\"80\" class=\"wpcf7-form-control wpcf7-text wpcf7-validates-as-required\" aria-required=\"true\" aria-invalid=\"false\" value=\"\" type=\"text\" name=\"your-name\" \/><\/span> <\/label>\n<\/p>\n<p><label> Su correo electr\u00f3nico (obligatorio)<br \/>\n<span class=\"wpcf7-form-control-wrap\" data-name=\"your-email\"><input size=\"40\" maxlength=\"80\" class=\"wpcf7-form-control wpcf7-email wpcf7-validates-as-required wpcf7-text wpcf7-validates-as-email\" aria-required=\"true\" aria-invalid=\"false\" value=\"\" type=\"email\" name=\"your-email\" \/><\/span> <\/label>\n<\/p>\n<p><label> Asunto<br \/>\n<span class=\"wpcf7-form-control-wrap\" data-name=\"your-subject\"><input size=\"40\" maxlength=\"80\" class=\"wpcf7-form-control wpcf7-text\" aria-invalid=\"false\" value=\"\" type=\"text\" name=\"your-subject\" \/><\/span> <\/label>\n<\/p>\n<p><label> Su mensaje<br \/>\n<span class=\"wpcf7-form-control-wrap\" data-name=\"your-message\"><textarea cols=\"40\" rows=\"10\" maxlength=\"400\" class=\"wpcf7-form-control wpcf7-textarea\" aria-invalid=\"false\" name=\"your-message\"><\/textarea><\/span> <\/label>\n<\/p>\n<p><input class=\"wpcf7-form-control wpcf7-submit has-spinner\" type=\"submit\" value=\"Send\" \/>\n<\/p><div class=\"wpcf7-response-output\" aria-hidden=\"true\"><\/div>\n<\/form>\n<\/div>\n<div class=\"fusion-clearfix\"><\/div><\/div><\/div><\/div><\/div>\n","protected":false},"excerpt":{"rendered":"","protected":false},"author":4,"featured_media":0,"parent":0,"menu_order":0,"comment_status":"closed","ping_status":"closed","template":"100-width.php","meta":{"footnotes":""},"yoast_head":"<!-- This site is optimized with the Yoast SEO plugin v23.9 - https:\/\/yoast.com\/wordpress\/plugins\/seo\/ -->\n<title>San Luis Obispo Dentista Friendly Smiles Dental 805.543.8440<\/title>\n<meta name=\"description\" content=\"Llame a nuestros dentistas en San Luis Obispo al 805.543.8440. Todas nuestras oficinas dentales Friendly Smiles aceptan MediCal.\" \/>\n<meta name=\"robots\" content=\"index, follow, max-snippet:-1, max-image-preview:large, max-video-preview:-1\" \/>\n<link rel=\"canonical\" href=\"https:\/\/friendlysmilesdental.com\/es\/san-luis-obispo-dentistas-friendly-smiles-dental\/\" \/>\n<meta property=\"og:locale\" content=\"es_ES\" \/>\n<meta property=\"og:type\" content=\"article\" \/>\n<meta property=\"og:title\" content=\"San Luis Obispo Dentista Friendly Smiles Dental 805.543.8440\" \/>\n<meta property=\"og:description\" content=\"Llame a nuestros dentistas en San Luis Obispo al 805.543.8440. Todas nuestras oficinas dentales Friendly Smiles aceptan MediCal.\" \/>\n<meta property=\"og:url\" content=\"https:\/\/friendlysmilesdental.com\/es\/san-luis-obispo-dentistas-friendly-smiles-dental\/\" \/>\n<meta property=\"og:site_name\" content=\"Friendly Smiles Dental\" \/>\n<meta property=\"article:modified_time\" content=\"2024-04-09T03:50:08+00:00\" \/>\n<meta name=\"twitter:card\" content=\"summary_large_image\" \/>\n<meta name=\"twitter:label1\" content=\"Tiempo de lectura\" \/>\n\t<meta name=\"twitter:data1\" content=\"5 minutos\" \/>\n<script type=\"application\/ld+json\" class=\"yoast-schema-graph\">{\"@context\":\"https:\/\/schema.org\",\"@graph\":[{\"@type\":\"WebPage\",\"@id\":\"https:\/\/friendlysmilesdental.com\/es\/san-luis-obispo-dentistas-friendly-smiles-dental\/\",\"url\":\"https:\/\/friendlysmilesdental.com\/es\/san-luis-obispo-dentistas-friendly-smiles-dental\/\",\"name\":\"San Luis Obispo Dentista Friendly Smiles Dental 805.543.8440\",\"isPartOf\":{\"@id\":\"https:\/\/friendlysmilesdental.com\/es\/#website\"},\"datePublished\":\"2021-07-29T01:00:54+00:00\",\"dateModified\":\"2024-04-09T03:50:08+00:00\",\"description\":\"Llame a nuestros dentistas en San Luis Obispo al 805.543.8440. Todas nuestras oficinas dentales Friendly Smiles aceptan MediCal.\",\"breadcrumb\":{\"@id\":\"https:\/\/friendlysmilesdental.com\/es\/san-luis-obispo-dentistas-friendly-smiles-dental\/#breadcrumb\"},\"inLanguage\":\"es\",\"potentialAction\":[{\"@type\":\"ReadAction\",\"target\":[\"https:\/\/friendlysmilesdental.com\/es\/san-luis-obispo-dentistas-friendly-smiles-dental\/\"]}]},{\"@type\":\"BreadcrumbList\",\"@id\":\"https:\/\/friendlysmilesdental.com\/es\/san-luis-obispo-dentistas-friendly-smiles-dental\/#breadcrumb\",\"itemListElement\":[{\"@type\":\"ListItem\",\"position\":1,\"name\":\"Home\",\"item\":\"https:\/\/friendlysmilesdental.com\/es\/inicio\/\"},{\"@type\":\"ListItem\",\"position\":2,\"name\":\"San Luis Obispo Dentistas | Friendly Smiles Dental\"}]},{\"@type\":\"WebSite\",\"@id\":\"https:\/\/friendlysmilesdental.com\/es\/#website\",\"url\":\"https:\/\/friendlysmilesdental.com\/es\/\",\"name\":\"Friendly Smiles Dental\",\"description\":\"Santa Maria Dentists | San Luis Obispo Dentists | King City Dentists\",\"potentialAction\":[{\"@type\":\"SearchAction\",\"target\":{\"@type\":\"EntryPoint\",\"urlTemplate\":\"https:\/\/friendlysmilesdental.com\/es\/?s={search_term_string}\"},\"query-input\":{\"@type\":\"PropertyValueSpecification\",\"valueRequired\":true,\"valueName\":\"search_term_string\"}}],\"inLanguage\":\"es\"}]}<\/script>\n<!-- \/ Yoast SEO plugin. -->","yoast_head_json":{"title":"San Luis Obispo Dentista Friendly Smiles Dental 805.543.8440","description":"Llame a nuestros dentistas en San Luis Obispo al 805.543.8440. Todas nuestras oficinas dentales Friendly Smiles aceptan MediCal.","robots":{"index":"index","follow":"follow","max-snippet":"max-snippet:-1","max-image-preview":"max-image-preview:large","max-video-preview":"max-video-preview:-1"},"canonical":"https:\/\/friendlysmilesdental.com\/es\/san-luis-obispo-dentistas-friendly-smiles-dental\/","og_locale":"es_ES","og_type":"article","og_title":"San Luis Obispo Dentista Friendly Smiles Dental 805.543.8440","og_description":"Llame a nuestros dentistas en San Luis Obispo al 805.543.8440. Todas nuestras oficinas dentales Friendly Smiles aceptan MediCal.","og_url":"https:\/\/friendlysmilesdental.com\/es\/san-luis-obispo-dentistas-friendly-smiles-dental\/","og_site_name":"Friendly Smiles Dental","article_modified_time":"2024-04-09T03:50:08+00:00","twitter_card":"summary_large_image","twitter_misc":{"Tiempo de lectura":"5 minutos"},"schema":{"@context":"https:\/\/schema.org","@graph":[{"@type":"WebPage","@id":"https:\/\/friendlysmilesdental.com\/es\/san-luis-obispo-dentistas-friendly-smiles-dental\/","url":"https:\/\/friendlysmilesdental.com\/es\/san-luis-obispo-dentistas-friendly-smiles-dental\/","name":"San Luis Obispo Dentista Friendly Smiles Dental 805.543.8440","isPartOf":{"@id":"https:\/\/friendlysmilesdental.com\/es\/#website"},"datePublished":"2021-07-29T01:00:54+00:00","dateModified":"2024-04-09T03:50:08+00:00","description":"Llame a nuestros dentistas en San Luis Obispo al 805.543.8440. Todas nuestras oficinas dentales Friendly Smiles aceptan MediCal.","breadcrumb":{"@id":"https:\/\/friendlysmilesdental.com\/es\/san-luis-obispo-dentistas-friendly-smiles-dental\/#breadcrumb"},"inLanguage":"es","potentialAction":[{"@type":"ReadAction","target":["https:\/\/friendlysmilesdental.com\/es\/san-luis-obispo-dentistas-friendly-smiles-dental\/"]}]},{"@type":"BreadcrumbList","@id":"https:\/\/friendlysmilesdental.com\/es\/san-luis-obispo-dentistas-friendly-smiles-dental\/#breadcrumb","itemListElement":[{"@type":"ListItem","position":1,"name":"Home","item":"https:\/\/friendlysmilesdental.com\/es\/inicio\/"},{"@type":"ListItem","position":2,"name":"San Luis Obispo Dentistas | Friendly Smiles Dental"}]},{"@type":"WebSite","@id":"https:\/\/friendlysmilesdental.com\/es\/#website","url":"https:\/\/friendlysmilesdental.com\/es\/","name":"Friendly Smiles Dental","description":"Santa Maria Dentists | San Luis Obispo Dentists | King City Dentists","potentialAction":[{"@type":"SearchAction","target":{"@type":"EntryPoint","urlTemplate":"https:\/\/friendlysmilesdental.com\/es\/?s={search_term_string}"},"query-input":{"@type":"PropertyValueSpecification","valueRequired":true,"valueName":"search_term_string"}}],"inLanguage":"es"}]}},"_links":{"self":[{"href":"https:\/\/friendlysmilesdental.com\/es\/wp-json\/wp\/v2\/pages\/2979"}],"collection":[{"href":"https:\/\/friendlysmilesdental.com\/es\/wp-json\/wp\/v2\/pages"}],"about":[{"href":"https:\/\/friendlysmilesdental.com\/es\/wp-json\/wp\/v2\/types\/page"}],"author":[{"embeddable":true,"href":"https:\/\/friendlysmilesdental.com\/es\/wp-json\/wp\/v2\/users\/4"}],"replies":[{"embeddable":true,"href":"https:\/\/friendlysmilesdental.com\/es\/wp-json\/wp\/v2\/comments?post=2979"}],"version-history":[{"count":3,"href":"https:\/\/friendlysmilesdental.com\/es\/wp-json\/wp\/v2\/pages\/2979\/revisions"}],"predecessor-version":[{"id":2982,"href":"https:\/\/friendlysmilesdental.com\/es\/wp-json\/wp\/v2\/pages\/2979\/revisions\/2982"}],"wp:attachment":[{"href":"https:\/\/friendlysmilesdental.com\/es\/wp-json\/wp\/v2\/media?parent=2979"}],"curies":[{"name":"wp","href":"https:\/\/api.w.org\/{rel}","templated":true}]}}