{"id":2999,"date":"2019-10-09T18:32:56","date_gmt":"2019-10-09T18:32:56","guid":{"rendered":"https:\/\/friendlysmilesdental.com\/apicectomia\/"},"modified":"2024-04-09T16:47:31","modified_gmt":"2024-04-09T16:47:31","slug":"apicectomia","status":"publish","type":"page","link":"https:\/\/friendlysmilesdental.com\/es\/apicectomia\/","title":{"rendered":"Apicectom\u00eda"},"content":{"rendered":"<p><div class=\"fusion-fullwidth fullwidth-box fusion-builder-row-1 nonhundred-percent-fullwidth non-hundred-percent-height-scrolling\" style=\"--awb-border-radius-top-left:0px;--awb-border-radius-top-right:0px;--awb-border-radius-bottom-right:0px;--awb-border-radius-bottom-left:0px;--awb-flex-wrap:wrap;\" ><div class=\"fusion-builder-row fusion-row\"><div class=\"fusion-layout-column fusion_builder_column fusion-builder-column-0 fusion_builder_column_1_2 1_2 fusion-one-half fusion-column-first\" style=\"--awb-bg-size:cover;width:50%;width:calc(50% - ( ( 4% ) * 0.5 ) );margin-right: 4%;\"><div class=\"fusion-column-wrapper fusion-column-has-shadow fusion-flex-column-wrapper-legacy\"><div class=\"fusion-text fusion-text-1\"><h1 align=\"left\">Apicectom\u00eda<\/h1>\n<\/div><div class=\"fusion-sep-clear\"><\/div><div class=\"fusion-separator fusion-clearfix\" style=\"float:left;margin-top:22px;margin-bottom:25px;width:100%;max-width:100px;\"><div class=\"fusion-separator-border sep-single sep-solid\" style=\"--awb-height:20px;--awb-amount:20px;--awb-sep-color:#6589c0;border-color:#6589c0;border-top-width:2px;\"><\/div><\/div><div class=\"fusion-sep-clear\"><\/div><div class=\"fusion-text fusion-text-2\"><p style=\"text-align: left;\" align=\"left\">Los dientes se mantienen firmemente en su sitio gracias a unas ra\u00edces fuertes que se extienden hasta el hueso maxilar. Los molares y premolares suelen tener varias ra\u00edces, mientras que los incisivos delanteros s\u00f3lo tienen una. El extremo o punta de cada ra\u00edz se denomina \u00e1pice. El \u00e1pice es el lugar por el que los nervios y los vasos sangu\u00edneos entran en el diente, y ayuda a que la sangre llegue a la corona (la parte del diente que se ve en la boca).<\/p>\n<p style=\"text-align: left;\" align=\"left\">Un tratamiento de conductos radiculares consiste en la limpieza de los conductos y la eliminaci\u00f3n del tejido infectado e inflamado dentro de la ra\u00edz. Cuando la inflamaci\u00f3n o la infecci\u00f3n persisten tras el tratamiento del conducto radicular, puede ser necesaria una apicectom\u00eda. Una apicectom\u00eda consiste esencialmente en la extirpaci\u00f3n del \u00e1pice (o punta de la ra\u00edz), seguida de un procedimiento de obturaci\u00f3n para sellar la ra\u00edz y evitar que se infecte. Si no se tratan, las ra\u00edces infectadas pueden da\u00f1ar otros dientes, propagar la infecci\u00f3n y provocar una regresi\u00f3n del hueso maxilar.<\/p>\n<h2 align=\"left\">Razones para una apicectom\u00eda<\/h2>\n<p style=\"text-align: left;\" align=\"left\">El tejido blando infectado e inflamado alrededor de la ra\u00edz de un diente puede ser excepcionalmente doloroso y debilitante para el paciente. La finalidad de una apicectom\u00eda es eliminar la infecci\u00f3n del tejido y, en \u00faltima instancia, preservar la funci\u00f3n del diente y evitar su extracci\u00f3n. El dentista rara vez se plantear\u00e1 una apicectom\u00eda a menos que haya fracasado un tratamiento previo de conductos radiculares.<\/p>\n<p style=\"text-align: left;\" align=\"left\">Hay varias razones por las que puede ser necesaria una apicectom\u00eda:<\/p>\n<ul>\n<li style=\"text-align: left;\">\n<div align=\"left\"><strong>Peque\u00f1as ramas radiculares contiguas<\/strong> &#8211; Las ra\u00edces son extremadamente complejas y pueden contener muchas ramas diminutas. Si estas peque\u00f1as ramas no pueden limpiarse y sellarse cuando se realiza el tratamiento del conducto radicular, la inflamaci\u00f3n puede persistir.<\/div>\n<\/li>\n<li style=\"text-align: left;\">\n<div align=\"left\"><strong>Obstrucci\u00f3n del<\/strong> conducto radicular &#8211; En algunos casos, el dentista no puede limpiar eficazmente un conducto radicular porque est\u00e1 obstruido por una lima fracturada que qued\u00f3 de un tratamiento anterior del conducto radicular. Las infecciones y los restos pueden afectar r\u00e1pidamente a los dientes adyacentes.<\/div>\n<\/li>\n<li>\n<div style=\"text-align: left;\" align=\"left\"><strong>Conductos radiculares estrechos o curvados<\/strong> &#8211; Cuando el conducto radicular est\u00e1 mal conformado, las limas de endodoncia no pueden alcanzar la punta de la ra\u00edz. Entonces puede producirse una infecci\u00f3n continua o una reinfecci\u00f3n.<\/div>\n<\/li>\n<\/ul>\n<\/div><div class=\"fusion-clearfix\"><\/div><\/div><\/div><div class=\"fusion-layout-column fusion_builder_column fusion-builder-column-1 fusion_builder_column_1_2 1_2 fusion-one-half fusion-column-last\" style=\"--awb-bg-size:cover;width:50%;width:calc(50% - ( ( 4% ) * 0.5 ) );\"><div class=\"fusion-column-wrapper fusion-column-has-shadow fusion-flex-column-wrapper-legacy\"><div class=\"fusion-sep-clear\"><\/div><div class=\"fusion-separator fusion-full-width-sep\" style=\"margin-left: auto;margin-right: auto;margin-top:1%;margin-bottom:1%;width:100%;\"><\/div><div class=\"fusion-sep-clear\"><\/div><div class=\"fusion-image-element in-legacy-container\" style=\"--awb-caption-title-font-family:var(--h2_typography-font-family);--awb-caption-title-font-weight:var(--h2_typography-font-weight);--awb-caption-title-font-style:var(--h2_typography-font-style);--awb-caption-title-size:var(--h2_typography-font-size);--awb-caption-title-transform:var(--h2_typography-text-transform);--awb-caption-title-line-height:var(--h2_typography-line-height);--awb-caption-title-letter-spacing:var(--h2_typography-letter-spacing);\"><span class=\" fusion-imageframe imageframe-none imageframe-1 hover-type-none\"><img decoding=\"async\" width=\"750\" height=\"422\" title=\"apicoectomy\" src=\"https:\/\/friendlysmilesdental.com\/wp-content\/uploads\/2019\/10\/apicoectomy.jpg\" data-orig-src=\"http:\/\/friendlysmilesdental.com\/wp-content\/uploads\/2019\/10\/apicoectomy.jpg\" alt class=\"lazyload img-responsive wp-image-2817\" srcset=\"data:image\/svg+xml,%3Csvg%20xmlns%3D%27http%3A%2F%2Fwww.w3.org%2F2000%2Fsvg%27%20width%3D%27750%27%20height%3D%27422%27%20viewBox%3D%270%200%20750%20422%27%3E%3Crect%20width%3D%27750%27%20height%3D%27422%27%20fill-opacity%3D%220%22%2F%3E%3C%2Fsvg%3E\" data-srcset=\"https:\/\/friendlysmilesdental.com\/wp-content\/uploads\/2019\/10\/apicoectomy-200x113.jpg 200w, https:\/\/friendlysmilesdental.com\/wp-content\/uploads\/2019\/10\/apicoectomy-400x225.jpg 400w, https:\/\/friendlysmilesdental.com\/wp-content\/uploads\/2019\/10\/apicoectomy-600x338.jpg 600w, https:\/\/friendlysmilesdental.com\/wp-content\/uploads\/2019\/10\/apicoectomy.jpg 750w\" data-sizes=\"auto\" data-orig-sizes=\"(max-width: 800px) 100vw, 600px\" \/><\/span><\/div><div class=\"fusion-sep-clear\"><\/div><div class=\"fusion-separator fusion-full-width-sep\" style=\"margin-left: auto;margin-right: auto;margin-top:1%;margin-bottom:1%;width:100%;\"><\/div><div class=\"fusion-sep-clear\"><\/div><div class=\"fusion-text fusion-text-3\"><h2 align=\"left\">\u00bfEn qu\u00e9 consiste una apicectom\u00eda?<\/h2>\n<p style=\"text-align: left;\" align=\"left\">Antes de la intervenci\u00f3n, el dentista suele recetar un antibi\u00f3tico o un antiinflamatorio para tratar la infecci\u00f3n subyacente. A continuaci\u00f3n, se tomar\u00e1n radiograf\u00edas panor\u00e1micas para que el dentista pueda planificar la apicectom\u00eda, que se realizar\u00e1 con anestesia local.<\/p>\n<p style=\"text-align: left;\" align=\"left\">El dentista har\u00e1 una peque\u00f1a incisi\u00f3n en la enc\u00eda y expondr\u00e1 la ra\u00edz levantando la enc\u00eda. En algunos casos, puede extirparse una peque\u00f1a fracci\u00f3n del hueso maxilar para exponer adecuadamente la ra\u00edz. El borde de la punta de la ra\u00edz y cualquier tejido conectivo infectado se eliminar\u00e1n utilizando instrumentos ultras\u00f3nicos. La ra\u00edz se sella con un material de relleno y el dentista sutura la enc\u00eda con varios puntos.<\/p>\n<p style=\"text-align: left;\" align=\"left\">Esta intervenci\u00f3n quir\u00fargica no requiere pernoctaci\u00f3n, y se proporcionar\u00e1n instrucciones completas de cuidados postoperatorios y analg\u00e9sicos seg\u00fan sea necesario. Transcurridos varios d\u00edas, el dentista retirar\u00e1 los puntos, y los tejidos conjuntivos cicatrizar\u00e1n completamente varios meses despu\u00e9s de la intervenci\u00f3n.<\/p>\n<p style=\"text-align: left;\" align=\"left\"><em>Si usted est\u00e1 experimentando cualquier signo o s\u00edntoma, como dolor o hinchaz\u00f3n asociada con un diente que ha tenido un tratamiento de conducto, le animamos a ponerse en contacto con nuestra oficina inmediatamente para programar una cita.<\/em><\/p>\n<\/div><div class=\"fusion-clearfix\"><\/div><\/div><\/div><\/div><\/div><div class=\"fusion-fullwidth fullwidth-box fusion-builder-row-2 nonhundred-percent-fullwidth non-hundred-percent-height-scrolling\" style=\"--awb-border-radius-top-left:0px;--awb-border-radius-top-right:0px;--awb-border-radius-bottom-right:0px;--awb-border-radius-bottom-left:0px;--awb-flex-wrap:wrap;\" ><div class=\"fusion-builder-row fusion-row\"><div class=\"fusion-layout-column fusion_builder_column fusion-builder-column-2 fusion_builder_column_1_2 1_2 fusion-one-half fusion-column-first\" style=\"--awb-bg-size:cover;width:50%;width:calc(50% - ( ( 4% ) * 0.5 ) );margin-right: 4%;\"><div class=\"fusion-column-wrapper fusion-column-has-shadow fusion-flex-column-wrapper-legacy\"><div class=\"fusion-clearfix\"><\/div><\/div><\/div><div class=\"fusion-layout-column fusion_builder_column fusion-builder-column-3 fusion_builder_column_1_2 1_2 fusion-one-half fusion-column-last\" style=\"--awb-bg-size:cover;width:50%;width:calc(50% - ( ( 4% ) * 0.5 ) );\"><div class=\"fusion-column-wrapper fusion-column-has-shadow fusion-flex-column-wrapper-legacy\"><div class=\"fusion-clearfix\"><\/div><\/div><\/div><\/div><\/div><div class=\"fusion-bg-parallax\" data-bg-align=\"center center\" data-direction=\"right\" data-mute=\"false\" data-opacity=\"100\" data-velocity=\"-0.8\" data-mobile-enabled=\"false\" data-break_parents=\"0\" data-bg-image=\"https:\/\/friendlysmilesdental.com\/wp-content\/uploads\/2020\/01\/best-san-luis-obispo-dentist.jpg\" data-bg-repeat=\"false\" ><\/div><div class=\"fusion-fullwidth fullwidth-box fusion-builder-row-3 fusion-parallax-right nonhundred-percent-fullwidth non-hundred-percent-height-scrolling lazyload\" style=\"--awb-border-radius-top-left:0px;--awb-border-radius-top-right:0px;--awb-border-radius-bottom-right:0px;--awb-border-radius-bottom-left:0px;--awb-padding-top:80px;--awb-padding-bottom:100px;--awb-background-size:cover;--awb-flex-wrap:wrap;\" data-bg=\"https:\/\/friendlysmilesdental.com\/wp-content\/uploads\/2020\/01\/best-san-luis-obispo-dentist.jpg\" ><div class=\"fusion-builder-row fusion-row\"><div class=\"fusion-layout-column fusion_builder_column fusion-builder-column-4 fusion_builder_column_1_1 1_1 fusion-one-full fusion-column-first fusion-column-last\" style=\"--awb-bg-size:cover;--awb-margin-top:3%;--awb-margin-bottom:3%;\"><div class=\"fusion-column-wrapper fusion-flex-column-wrapper-legacy\"><div class=\"fusion-text fusion-text-4\"><h2 style=\"text-align: center;\"><span style=\"color: #ffffff;\">\u00bfListo para sonre\u00edr?<\/span><\/h2>\n<\/div><div class=\"fusion-sep-clear\"><\/div><div class=\"fusion-separator fusion-full-width-sep\" style=\"margin-left: auto;margin-right: auto;margin-top:15px;width:100%;\"><\/div><div class=\"fusion-sep-clear\"><\/div><div class=\"fusion-aligncenter\"><a class=\"fusion-button button-flat fusion-button-default-size button-custom fusion-button-default button-1 fusion-button-default-span fusion-button-default-type\" style=\"--button_accent_color:#ffffff;--button_accent_hover_color:#6487c2;--button_border_hover_color:#6487c2;--button_gradient_top_color:#4fc3a3;--button_gradient_bottom_color:#4fc3a3;--button_gradient_top_color_hover:#ffffff;--button_gradient_bottom_color_hover:#ffffff;\" target=\"_self\" href=\"https:\/\/friendlysmilesdental.com\/es\/reservar-cita\/\"><i class=\"fa-plus fas button-icon-left\" aria-hidden=\"true\"><\/i><span class=\"fusion-button-text\">Concierte una cita<\/span><\/a><\/div><div class=\"fusion-clearfix\"><\/div><\/div><\/div><\/div><\/div><\/p>\n","protected":false},"excerpt":{"rendered":"","protected":false},"author":4,"featured_media":0,"parent":0,"menu_order":0,"comment_status":"closed","ping_status":"open","template":"100-width.php","meta":{"footnotes":""},"yoast_head":"<!-- This site is optimized with the Yoast SEO plugin v23.9 - https:\/\/yoast.com\/wordpress\/plugins\/seo\/ -->\n<title>Apicectom\u00eda | Friendly Smiles Dental Group | San Luis Obispo<\/title>\n<meta name=\"description\" content=\"La finalidad de una apicectom\u00eda es eliminar la infecci\u00f3n del tejido gingival y, en \u00faltima instancia, preservar la funci\u00f3n del diente y evitar su extracci\u00f3n.\" \/>\n<meta name=\"robots\" content=\"index, follow, max-snippet:-1, max-image-preview:large, max-video-preview:-1\" \/>\n<link rel=\"canonical\" href=\"https:\/\/friendlysmilesdental.com\/es\/apicectomia\/\" \/>\n<meta property=\"og:locale\" content=\"es_ES\" \/>\n<meta property=\"og:type\" content=\"article\" \/>\n<meta property=\"og:title\" content=\"Apicectom\u00eda | Friendly Smiles Dental Group | San Luis Obispo\" \/>\n<meta property=\"og:description\" content=\"La finalidad de una apicectom\u00eda es eliminar la infecci\u00f3n del tejido gingival y, en \u00faltima instancia, preservar la funci\u00f3n del diente y evitar su extracci\u00f3n.\" \/>\n<meta property=\"og:url\" content=\"https:\/\/friendlysmilesdental.com\/es\/apicectomia\/\" \/>\n<meta property=\"og:site_name\" content=\"Friendly Smiles Dental\" \/>\n<meta property=\"article:modified_time\" content=\"2024-04-09T16:47:31+00:00\" \/>\n<meta name=\"twitter:card\" content=\"summary_large_image\" \/>\n<meta name=\"twitter:label1\" content=\"Tiempo de lectura\" \/>\n\t<meta name=\"twitter:data1\" content=\"10 minutos\" \/>\n<script type=\"application\/ld+json\" class=\"yoast-schema-graph\">{\"@context\":\"https:\/\/schema.org\",\"@graph\":[{\"@type\":\"WebPage\",\"@id\":\"https:\/\/friendlysmilesdental.com\/es\/apicectomia\/\",\"url\":\"https:\/\/friendlysmilesdental.com\/es\/apicectomia\/\",\"name\":\"Apicectom\u00eda | Friendly Smiles Dental Group | San Luis Obispo\",\"isPartOf\":{\"@id\":\"https:\/\/friendlysmilesdental.com\/es\/#website\"},\"datePublished\":\"2019-10-09T18:32:56+00:00\",\"dateModified\":\"2024-04-09T16:47:31+00:00\",\"description\":\"La finalidad de una apicectom\u00eda es eliminar la infecci\u00f3n del tejido gingival y, en \u00faltima instancia, preservar la funci\u00f3n del diente y evitar su extracci\u00f3n.\",\"breadcrumb\":{\"@id\":\"https:\/\/friendlysmilesdental.com\/es\/apicectomia\/#breadcrumb\"},\"inLanguage\":\"es\",\"potentialAction\":[{\"@type\":\"ReadAction\",\"target\":[\"https:\/\/friendlysmilesdental.com\/es\/apicectomia\/\"]}]},{\"@type\":\"BreadcrumbList\",\"@id\":\"https:\/\/friendlysmilesdental.com\/es\/apicectomia\/#breadcrumb\",\"itemListElement\":[{\"@type\":\"ListItem\",\"position\":1,\"name\":\"Home\",\"item\":\"https:\/\/friendlysmilesdental.com\/es\/inicio\/\"},{\"@type\":\"ListItem\",\"position\":2,\"name\":\"Apicectom\u00eda\"}]},{\"@type\":\"WebSite\",\"@id\":\"https:\/\/friendlysmilesdental.com\/es\/#website\",\"url\":\"https:\/\/friendlysmilesdental.com\/es\/\",\"name\":\"Friendly Smiles Dental\",\"description\":\"Santa Maria Dentists | San Luis Obispo Dentists | King City Dentists\",\"potentialAction\":[{\"@type\":\"SearchAction\",\"target\":{\"@type\":\"EntryPoint\",\"urlTemplate\":\"https:\/\/friendlysmilesdental.com\/es\/?s={search_term_string}\"},\"query-input\":{\"@type\":\"PropertyValueSpecification\",\"valueRequired\":true,\"valueName\":\"search_term_string\"}}],\"inLanguage\":\"es\"}]}<\/script>\n<!-- \/ Yoast SEO plugin. -->","yoast_head_json":{"title":"Apicectom\u00eda | Friendly Smiles Dental Group | San Luis Obispo","description":"La finalidad de una apicectom\u00eda es eliminar la infecci\u00f3n del tejido gingival y, en \u00faltima instancia, preservar la funci\u00f3n del diente y evitar su extracci\u00f3n.","robots":{"index":"index","follow":"follow","max-snippet":"max-snippet:-1","max-image-preview":"max-image-preview:large","max-video-preview":"max-video-preview:-1"},"canonical":"https:\/\/friendlysmilesdental.com\/es\/apicectomia\/","og_locale":"es_ES","og_type":"article","og_title":"Apicectom\u00eda | Friendly Smiles Dental Group | San Luis Obispo","og_description":"La finalidad de una apicectom\u00eda es eliminar la infecci\u00f3n del tejido gingival y, en \u00faltima instancia, preservar la funci\u00f3n del diente y evitar su extracci\u00f3n.","og_url":"https:\/\/friendlysmilesdental.com\/es\/apicectomia\/","og_site_name":"Friendly Smiles Dental","article_modified_time":"2024-04-09T16:47:31+00:00","twitter_card":"summary_large_image","twitter_misc":{"Tiempo de lectura":"10 minutos"},"schema":{"@context":"https:\/\/schema.org","@graph":[{"@type":"WebPage","@id":"https:\/\/friendlysmilesdental.com\/es\/apicectomia\/","url":"https:\/\/friendlysmilesdental.com\/es\/apicectomia\/","name":"Apicectom\u00eda | Friendly Smiles Dental Group | San Luis Obispo","isPartOf":{"@id":"https:\/\/friendlysmilesdental.com\/es\/#website"},"datePublished":"2019-10-09T18:32:56+00:00","dateModified":"2024-04-09T16:47:31+00:00","description":"La finalidad de una apicectom\u00eda es eliminar la infecci\u00f3n del tejido gingival y, en \u00faltima instancia, preservar la funci\u00f3n del diente y evitar su extracci\u00f3n.","breadcrumb":{"@id":"https:\/\/friendlysmilesdental.com\/es\/apicectomia\/#breadcrumb"},"inLanguage":"es","potentialAction":[{"@type":"ReadAction","target":["https:\/\/friendlysmilesdental.com\/es\/apicectomia\/"]}]},{"@type":"BreadcrumbList","@id":"https:\/\/friendlysmilesdental.com\/es\/apicectomia\/#breadcrumb","itemListElement":[{"@type":"ListItem","position":1,"name":"Home","item":"https:\/\/friendlysmilesdental.com\/es\/inicio\/"},{"@type":"ListItem","position":2,"name":"Apicectom\u00eda"}]},{"@type":"WebSite","@id":"https:\/\/friendlysmilesdental.com\/es\/#website","url":"https:\/\/friendlysmilesdental.com\/es\/","name":"Friendly Smiles Dental","description":"Santa Maria Dentists | San Luis Obispo Dentists | King City Dentists","potentialAction":[{"@type":"SearchAction","target":{"@type":"EntryPoint","urlTemplate":"https:\/\/friendlysmilesdental.com\/es\/?s={search_term_string}"},"query-input":{"@type":"PropertyValueSpecification","valueRequired":true,"valueName":"search_term_string"}}],"inLanguage":"es"}]}},"_links":{"self":[{"href":"https:\/\/friendlysmilesdental.com\/es\/wp-json\/wp\/v2\/pages\/2999"}],"collection":[{"href":"https:\/\/friendlysmilesdental.com\/es\/wp-json\/wp\/v2\/pages"}],"about":[{"href":"https:\/\/friendlysmilesdental.com\/es\/wp-json\/wp\/v2\/types\/page"}],"author":[{"embeddable":true,"href":"https:\/\/friendlysmilesdental.com\/es\/wp-json\/wp\/v2\/users\/4"}],"replies":[{"embeddable":true,"href":"https:\/\/friendlysmilesdental.com\/es\/wp-json\/wp\/v2\/comments?post=2999"}],"version-history":[{"count":3,"href":"https:\/\/friendlysmilesdental.com\/es\/wp-json\/wp\/v2\/pages\/2999\/revisions"}],"predecessor-version":[{"id":3002,"href":"https:\/\/friendlysmilesdental.com\/es\/wp-json\/wp\/v2\/pages\/2999\/revisions\/3002"}],"wp:attachment":[{"href":"https:\/\/friendlysmilesdental.com\/es\/wp-json\/wp\/v2\/media?parent=2999"}],"curies":[{"name":"wp","href":"https:\/\/api.w.org\/{rel}","templated":true}]}}