{"id":3006,"date":"2019-10-09T04:52:25","date_gmt":"2019-10-09T04:52:25","guid":{"rendered":"https:\/\/friendlysmilesdental.com\/sellantes-dentales\/"},"modified":"2024-04-09T16:55:44","modified_gmt":"2024-04-09T16:55:44","slug":"sellantes-dentales","status":"publish","type":"page","link":"https:\/\/friendlysmilesdental.com\/es\/sellantes-dentales\/","title":{"rendered":"Sellantes dentales"},"content":{"rendered":"<p><div class=\"fusion-fullwidth fullwidth-box fusion-builder-row-1 nonhundred-percent-fullwidth non-hundred-percent-height-scrolling\" style=\"--awb-border-radius-top-left:0px;--awb-border-radius-top-right:0px;--awb-border-radius-bottom-right:0px;--awb-border-radius-bottom-left:0px;--awb-padding-top:0px;--awb-padding-right:30px;--awb-padding-bottom:0px;--awb-padding-left:30px;--awb-flex-wrap:wrap;\" ><div class=\"fusion-builder-row fusion-row\"><div class=\"fusion-layout-column fusion_builder_column fusion-builder-column-0 fusion_builder_column_1_2 1_2 fusion-one-half fusion-column-first\" style=\"--awb-bg-size:cover;width:50%;width:calc(50% - ( ( 4% ) * 0.5 ) );margin-right: 4%;\"><div class=\"fusion-column-wrapper fusion-column-has-shadow fusion-flex-column-wrapper-legacy\"><div class=\"fusion-text fusion-text-1\"><h1 align=\"left\">Sellantes dentales<\/h1>\n<\/div><div class=\"fusion-sep-clear\"><\/div><div class=\"fusion-separator fusion-clearfix\" style=\"float:left;margin-top:20px;margin-bottom:25px;width:100%;max-width:100px;\"><div class=\"fusion-separator-border sep-single sep-solid\" style=\"--awb-height:20px;--awb-amount:20px;--awb-sep-color:#6589c0;border-color:#6589c0;border-top-width:2px;\"><\/div><\/div><div class=\"fusion-sep-clear\"><\/div><div class=\"fusion-text fusion-text-2\"><p style=\"text-align: left;\" align=\"left\">Los selladores dentales son revestimientos pl\u00e1sticos finos que se aplican a la superficie de masticaci\u00f3n de los molares, premolares y cualquier surco profundo (llamados fosas y fisuras) de los dientes. M\u00e1s del 75% de las caries dentales comienzan en estos surcos profundos. Los dientes en estas condiciones son dif\u00edciles de limpiar y muy susceptibles a la caries. Un sellador dental protege el diente sellando los surcos profundos, creando una superficie lisa y f\u00e1cil de limpiar.<\/p>\n<p style=\"text-align: left;\" align=\"left\">Los selladores dentales pueden proteger los dientes de la caries durante muchos a\u00f1os, pero es necesario comprobar su desgaste y astillamiento en las visitas peri\u00f3dicas al dentista.<\/p>\n<h2 align=\"left\">Razones para utilizar selladores dentales:<\/h2>\n<ul style=\"text-align: left;\" type=\"disc\">\n<li>\n<div align=\"left\"><b>Ni\u00f1os y adolescentes<\/b> &#8211; Tan pronto como aparecen los molares de seis a\u00f1os (los primeros dientes posteriores permanentes) o en cualquier momento a lo largo de los a\u00f1os propensos a la caries de 6 a 16 a\u00f1os.<\/div>\n<\/li>\n<\/ul>\n<ul style=\"text-align: left;\" type=\"disc\">\n<li>\n<div align=\"left\"><b>Adultos<\/b> &#8211; Superficies dentales sin caries que presentan surcos o depresiones profundas.<\/div>\n<\/li>\n<\/ul>\n<ul type=\"disc\">\n<li>\n<div style=\"text-align: left;\" align=\"left\"><b>Dientes de leche<\/b> &#8211; Se realiza ocasionalmente si los dientes tienen surcos o depresiones profundas y el ni\u00f1o es propenso a las caries.<\/div>\n<\/li>\n<\/ul>\n<\/div><div class=\"fusion-clearfix\"><\/div><\/div><\/div><div class=\"fusion-layout-column fusion_builder_column fusion-builder-column-1 fusion_builder_column_1_2 1_2 fusion-one-half fusion-column-last\" style=\"--awb-bg-size:cover;width:50%;width:calc(50% - ( ( 4% ) * 0.5 ) );\"><div class=\"fusion-column-wrapper fusion-column-has-shadow fusion-flex-column-wrapper-legacy\"><div class=\"fusion-sep-clear\"><\/div><div class=\"fusion-separator fusion-full-width-sep\" style=\"margin-left: auto;margin-right: auto;margin-top:2%;margin-bottom:2%;width:100%;\"><\/div><div class=\"fusion-sep-clear\"><\/div><div class=\"fusion-text fusion-text-3\"><p><img decoding=\"async\" class=\"lazyload alignnone size-full wp-image-1946\" src=\"https:\/\/friendlysmilesdental.com\/wp-content\/uploads\/2020\/01\/dental-sealants-slo.jpg\" data-orig-src=\"https:\/\/friendlysmilesdental.com\/wp-content\/uploads\/2020\/01\/dental-sealants-slo.jpg\" alt=\"Selladores dentales slo San Luis Obispo Santa Maria King City\" width=\"550\" height=\"290\" srcset=\"data:image\/svg+xml,%3Csvg%20xmlns%3D%27http%3A%2F%2Fwww.w3.org%2F2000%2Fsvg%27%20width%3D%27550%27%20height%3D%27290%27%20viewBox%3D%270%200%20550%20290%27%3E%3Crect%20width%3D%27550%27%20height%3D%27290%27%20fill-opacity%3D%220%22%2F%3E%3C%2Fsvg%3E\" data-srcset=\"https:\/\/friendlysmilesdental.com\/wp-content\/uploads\/2020\/01\/dental-sealants-slo-200x105.jpg 200w, https:\/\/friendlysmilesdental.com\/wp-content\/uploads\/2020\/01\/dental-sealants-slo-300x158.jpg 300w, https:\/\/friendlysmilesdental.com\/wp-content\/uploads\/2020\/01\/dental-sealants-slo-400x211.jpg 400w, https:\/\/friendlysmilesdental.com\/wp-content\/uploads\/2020\/01\/dental-sealants-slo.jpg 550w\" data-sizes=\"auto\" data-orig-sizes=\"(max-width: 550px) 100vw, 550px\" \/><\/p>\n<\/div><div class=\"fusion-sep-clear\"><\/div><div class=\"fusion-separator fusion-full-width-sep\" style=\"margin-left: auto;margin-right: auto;margin-top:2%;margin-bottom:2%;width:100%;\"><\/div><div class=\"fusion-sep-clear\"><\/div><div class=\"fusion-text fusion-text-4\"><h2 align=\"left\">\u00bfEn qu\u00e9 consisten los sellantes dentales?<\/h2>\n<p style=\"text-align: left;\" align=\"left\">El sellador dental lo aplica f\u00e1cilmente el dentista o el higienista dental y el proceso s\u00f3lo lleva un par de minutos por diente.<\/p>\n<p style=\"text-align: left;\" align=\"left\">Los dientes que se van a sellar se limpian a fondo y luego se rodean con algod\u00f3n para mantener la zona seca. Se aplica una soluci\u00f3n especial a la superficie del esmalte para ayudar a que el sellador se adhiera a los dientes. A continuaci\u00f3n, los dientes se enjuagan y se secan. El material sellador se pinta cuidadosamente sobre la superficie del esmalte para cubrir las hendiduras o depresiones profundas. Dependiendo del tipo de sellador utilizado, el material se endurecer\u00e1 autom\u00e1ticamente o con una luz de curado especial.<\/p>\n<p style=\"text-align: left;\" align=\"left\">Un cuidado adecuado en casa, una dieta equilibrada y visitas regulares al dentista ayudar\u00e1n a prolongar la vida de sus nuevos selladores.<\/p>\n<\/div><div class=\"fusion-clearfix\"><\/div><\/div><\/div><\/div><\/div><div class=\"fusion-fullwidth fullwidth-box fusion-builder-row-2 nonhundred-percent-fullwidth non-hundred-percent-height-scrolling\" style=\"--awb-border-radius-top-left:0px;--awb-border-radius-top-right:0px;--awb-border-radius-bottom-right:0px;--awb-border-radius-bottom-left:0px;--awb-flex-wrap:wrap;\" ><div class=\"fusion-builder-row fusion-row\"><div class=\"fusion-layout-column fusion_builder_column fusion-builder-column-2 fusion_builder_column_1_2 1_2 fusion-one-half fusion-column-first\" style=\"--awb-bg-size:cover;width:50%;width:calc(50% - ( ( 4% ) * 0.5 ) );margin-right: 4%;\"><div class=\"fusion-column-wrapper fusion-column-has-shadow fusion-flex-column-wrapper-legacy\"><div class=\"fusion-clearfix\"><\/div><\/div><\/div><div class=\"fusion-layout-column fusion_builder_column fusion-builder-column-3 fusion_builder_column_1_2 1_2 fusion-one-half fusion-column-last\" style=\"--awb-bg-size:cover;width:50%;width:calc(50% - ( ( 4% ) * 0.5 ) );\"><div class=\"fusion-column-wrapper fusion-column-has-shadow fusion-flex-column-wrapper-legacy\"><div class=\"fusion-clearfix\"><\/div><\/div><\/div><\/div><\/div><div class=\"fusion-bg-parallax\" data-bg-align=\"center center\" data-direction=\"right\" data-mute=\"false\" data-opacity=\"100\" data-velocity=\"-0.8\" data-mobile-enabled=\"false\" data-break_parents=\"0\" data-bg-image=\"https:\/\/friendlysmilesdental.com\/wp-content\/uploads\/2020\/01\/best-san-luis-obispo-dentist.jpg\" data-bg-repeat=\"false\" ><\/div><div class=\"fusion-fullwidth fullwidth-box fusion-builder-row-3 fusion-parallax-right nonhundred-percent-fullwidth non-hundred-percent-height-scrolling lazyload\" style=\"--awb-border-radius-top-left:0px;--awb-border-radius-top-right:0px;--awb-border-radius-bottom-right:0px;--awb-border-radius-bottom-left:0px;--awb-padding-top:40px;--awb-padding-bottom:50px;--awb-background-size:cover;--awb-flex-wrap:wrap;\" data-bg=\"https:\/\/friendlysmilesdental.com\/wp-content\/uploads\/2020\/01\/best-san-luis-obispo-dentist.jpg\" ><div class=\"fusion-builder-row fusion-row\"><div class=\"fusion-layout-column fusion_builder_column fusion-builder-column-4 fusion_builder_column_1_1 1_1 fusion-one-full fusion-column-first fusion-column-last\" style=\"--awb-bg-size:cover;--awb-margin-top:3%;--awb-margin-bottom:3%;\"><div class=\"fusion-column-wrapper fusion-column-has-shadow fusion-flex-column-wrapper-legacy\"><div class=\"fusion-text fusion-text-5\"><h2 style=\"text-align: center;\"><span style=\"color: #ffffff;\">\u00bfListo para sonre\u00edr?<\/span><\/h2>\n<\/div><div class=\"fusion-sep-clear\"><\/div><div class=\"fusion-separator fusion-full-width-sep\" style=\"margin-left: auto;margin-right: auto;margin-top:15px;width:100%;\"><\/div><div class=\"fusion-sep-clear\"><\/div><div class=\"fusion-aligncenter\"><a class=\"fusion-button button-flat fusion-button-default-size button-custom fusion-button-default button-1 fusion-button-default-span fusion-button-default-type\" style=\"--button_accent_color:#ffffff;--button_accent_hover_color:#6487c2;--button_border_hover_color:#6487c2;--button_gradient_top_color:#4fc3a3;--button_gradient_bottom_color:#4fc3a3;--button_gradient_top_color_hover:#ffffff;--button_gradient_bottom_color_hover:#ffffff;\" target=\"_self\" href=\"https:\/\/friendlysmilesdental.com\/es\/reservar-cita\/\"><i class=\"fa-plus fas button-icon-left\" aria-hidden=\"true\"><\/i><span class=\"fusion-button-text\">Solicitar una cita<\/span><\/a><\/div><div class=\"fusion-sep-clear\"><\/div><div class=\"fusion-separator fusion-full-width-sep\" style=\"margin-left: auto;margin-right: auto;margin-top:15px;width:100%;\"><\/div><div class=\"fusion-sep-clear\"><\/div><div class=\"fusion-text fusion-text-6\"><h3 style=\"text-align: center;\"><span style=\"color: #ffffff;\">Estamos orgullosos de aceptar Medi-Cal y tomar la mayor\u00eda de las formas de seguro en todas nuestras oficinas dentales.<\/span><\/h3>\n<\/div><div class=\"fusion-clearfix\"><\/div><\/div><\/div><\/div><\/div><\/p>\n","protected":false},"excerpt":{"rendered":"","protected":false},"author":4,"featured_media":0,"parent":0,"menu_order":0,"comment_status":"closed","ping_status":"open","template":"100-width.php","meta":{"footnotes":""},"yoast_head":"<!-- This site is optimized with the Yoast SEO plugin v23.9 - https:\/\/yoast.com\/wordpress\/plugins\/seo\/ -->\n<title>Selladores Dentales | Friendly Smiles Dentists | San Luis Obispo | Santa Maria<\/title>\n<meta name=\"description\" content=\"Los selladores dentales son revestimientos pl\u00e1sticos finos que se aplican a la superficie de masticaci\u00f3n de molares, premolares y cualquier surco profundo de los dientes.\" \/>\n<meta name=\"robots\" content=\"index, follow, max-snippet:-1, max-image-preview:large, max-video-preview:-1\" \/>\n<link rel=\"canonical\" href=\"https:\/\/friendlysmilesdental.com\/es\/sellantes-dentales\/\" \/>\n<meta property=\"og:locale\" content=\"es_ES\" \/>\n<meta property=\"og:type\" content=\"article\" \/>\n<meta property=\"og:title\" content=\"Selladores Dentales | Friendly Smiles Dentists | San Luis Obispo | Santa Maria\" \/>\n<meta property=\"og:description\" content=\"Los selladores dentales son revestimientos pl\u00e1sticos finos que se aplican a la superficie de masticaci\u00f3n de molares, premolares y cualquier surco profundo de los dientes.\" \/>\n<meta property=\"og:url\" content=\"https:\/\/friendlysmilesdental.com\/es\/sellantes-dentales\/\" \/>\n<meta property=\"og:site_name\" content=\"Friendly Smiles Dental\" \/>\n<meta property=\"article:modified_time\" content=\"2024-04-09T16:55:44+00:00\" \/>\n<meta property=\"og:image\" content=\"https:\/\/friendlysmilesdental.com\/wp-content\/uploads\/2020\/01\/dental-sealants-slo.jpg\" \/>\n<meta name=\"twitter:card\" content=\"summary_large_image\" \/>\n<meta name=\"twitter:label1\" content=\"Tiempo de lectura\" \/>\n\t<meta name=\"twitter:data1\" content=\"11 minutos\" \/>\n<script type=\"application\/ld+json\" class=\"yoast-schema-graph\">{\"@context\":\"https:\/\/schema.org\",\"@graph\":[{\"@type\":\"WebPage\",\"@id\":\"https:\/\/friendlysmilesdental.com\/es\/sellantes-dentales\/\",\"url\":\"https:\/\/friendlysmilesdental.com\/es\/sellantes-dentales\/\",\"name\":\"Selladores Dentales | Friendly Smiles Dentists | San Luis Obispo | Santa Maria\",\"isPartOf\":{\"@id\":\"https:\/\/friendlysmilesdental.com\/es\/#website\"},\"primaryImageOfPage\":{\"@id\":\"https:\/\/friendlysmilesdental.com\/es\/sellantes-dentales\/#primaryimage\"},\"image\":{\"@id\":\"https:\/\/friendlysmilesdental.com\/es\/sellantes-dentales\/#primaryimage\"},\"thumbnailUrl\":\"https:\/\/friendlysmilesdental.com\/wp-content\/uploads\/2020\/01\/dental-sealants-slo.jpg\",\"datePublished\":\"2019-10-09T04:52:25+00:00\",\"dateModified\":\"2024-04-09T16:55:44+00:00\",\"description\":\"Los selladores dentales son revestimientos pl\u00e1sticos finos que se aplican a la superficie de masticaci\u00f3n de molares, premolares y cualquier surco profundo de los dientes.\",\"breadcrumb\":{\"@id\":\"https:\/\/friendlysmilesdental.com\/es\/sellantes-dentales\/#breadcrumb\"},\"inLanguage\":\"es\",\"potentialAction\":[{\"@type\":\"ReadAction\",\"target\":[\"https:\/\/friendlysmilesdental.com\/es\/sellantes-dentales\/\"]}]},{\"@type\":\"ImageObject\",\"inLanguage\":\"es\",\"@id\":\"https:\/\/friendlysmilesdental.com\/es\/sellantes-dentales\/#primaryimage\",\"url\":\"https:\/\/friendlysmilesdental.com\/wp-content\/uploads\/2020\/01\/dental-sealants-slo.jpg\",\"contentUrl\":\"https:\/\/friendlysmilesdental.com\/wp-content\/uploads\/2020\/01\/dental-sealants-slo.jpg\"},{\"@type\":\"BreadcrumbList\",\"@id\":\"https:\/\/friendlysmilesdental.com\/es\/sellantes-dentales\/#breadcrumb\",\"itemListElement\":[{\"@type\":\"ListItem\",\"position\":1,\"name\":\"Home\",\"item\":\"https:\/\/friendlysmilesdental.com\/es\/inicio\/\"},{\"@type\":\"ListItem\",\"position\":2,\"name\":\"Sellantes dentales\"}]},{\"@type\":\"WebSite\",\"@id\":\"https:\/\/friendlysmilesdental.com\/es\/#website\",\"url\":\"https:\/\/friendlysmilesdental.com\/es\/\",\"name\":\"Friendly Smiles Dental\",\"description\":\"Santa Maria Dentists | San Luis Obispo Dentists | King City Dentists\",\"potentialAction\":[{\"@type\":\"SearchAction\",\"target\":{\"@type\":\"EntryPoint\",\"urlTemplate\":\"https:\/\/friendlysmilesdental.com\/es\/?s={search_term_string}\"},\"query-input\":{\"@type\":\"PropertyValueSpecification\",\"valueRequired\":true,\"valueName\":\"search_term_string\"}}],\"inLanguage\":\"es\"}]}<\/script>\n<!-- \/ Yoast SEO plugin. -->","yoast_head_json":{"title":"Selladores Dentales | Friendly Smiles Dentists | San Luis Obispo | Santa Maria","description":"Los selladores dentales son revestimientos pl\u00e1sticos finos que se aplican a la superficie de masticaci\u00f3n de molares, premolares y cualquier surco profundo de los dientes.","robots":{"index":"index","follow":"follow","max-snippet":"max-snippet:-1","max-image-preview":"max-image-preview:large","max-video-preview":"max-video-preview:-1"},"canonical":"https:\/\/friendlysmilesdental.com\/es\/sellantes-dentales\/","og_locale":"es_ES","og_type":"article","og_title":"Selladores Dentales | Friendly Smiles Dentists | San Luis Obispo | Santa Maria","og_description":"Los selladores dentales son revestimientos pl\u00e1sticos finos que se aplican a la superficie de masticaci\u00f3n de molares, premolares y cualquier surco profundo de los dientes.","og_url":"https:\/\/friendlysmilesdental.com\/es\/sellantes-dentales\/","og_site_name":"Friendly Smiles Dental","article_modified_time":"2024-04-09T16:55:44+00:00","og_image":[{"url":"https:\/\/friendlysmilesdental.com\/wp-content\/uploads\/2020\/01\/dental-sealants-slo.jpg"}],"twitter_card":"summary_large_image","twitter_misc":{"Tiempo de lectura":"11 minutos"},"schema":{"@context":"https:\/\/schema.org","@graph":[{"@type":"WebPage","@id":"https:\/\/friendlysmilesdental.com\/es\/sellantes-dentales\/","url":"https:\/\/friendlysmilesdental.com\/es\/sellantes-dentales\/","name":"Selladores Dentales | Friendly Smiles Dentists | San Luis Obispo | Santa Maria","isPartOf":{"@id":"https:\/\/friendlysmilesdental.com\/es\/#website"},"primaryImageOfPage":{"@id":"https:\/\/friendlysmilesdental.com\/es\/sellantes-dentales\/#primaryimage"},"image":{"@id":"https:\/\/friendlysmilesdental.com\/es\/sellantes-dentales\/#primaryimage"},"thumbnailUrl":"https:\/\/friendlysmilesdental.com\/wp-content\/uploads\/2020\/01\/dental-sealants-slo.jpg","datePublished":"2019-10-09T04:52:25+00:00","dateModified":"2024-04-09T16:55:44+00:00","description":"Los selladores dentales son revestimientos pl\u00e1sticos finos que se aplican a la superficie de masticaci\u00f3n de molares, premolares y cualquier surco profundo de los dientes.","breadcrumb":{"@id":"https:\/\/friendlysmilesdental.com\/es\/sellantes-dentales\/#breadcrumb"},"inLanguage":"es","potentialAction":[{"@type":"ReadAction","target":["https:\/\/friendlysmilesdental.com\/es\/sellantes-dentales\/"]}]},{"@type":"ImageObject","inLanguage":"es","@id":"https:\/\/friendlysmilesdental.com\/es\/sellantes-dentales\/#primaryimage","url":"https:\/\/friendlysmilesdental.com\/wp-content\/uploads\/2020\/01\/dental-sealants-slo.jpg","contentUrl":"https:\/\/friendlysmilesdental.com\/wp-content\/uploads\/2020\/01\/dental-sealants-slo.jpg"},{"@type":"BreadcrumbList","@id":"https:\/\/friendlysmilesdental.com\/es\/sellantes-dentales\/#breadcrumb","itemListElement":[{"@type":"ListItem","position":1,"name":"Home","item":"https:\/\/friendlysmilesdental.com\/es\/inicio\/"},{"@type":"ListItem","position":2,"name":"Sellantes dentales"}]},{"@type":"WebSite","@id":"https:\/\/friendlysmilesdental.com\/es\/#website","url":"https:\/\/friendlysmilesdental.com\/es\/","name":"Friendly Smiles Dental","description":"Santa Maria Dentists | San Luis Obispo Dentists | King City Dentists","potentialAction":[{"@type":"SearchAction","target":{"@type":"EntryPoint","urlTemplate":"https:\/\/friendlysmilesdental.com\/es\/?s={search_term_string}"},"query-input":{"@type":"PropertyValueSpecification","valueRequired":true,"valueName":"search_term_string"}}],"inLanguage":"es"}]}},"_links":{"self":[{"href":"https:\/\/friendlysmilesdental.com\/es\/wp-json\/wp\/v2\/pages\/3006"}],"collection":[{"href":"https:\/\/friendlysmilesdental.com\/es\/wp-json\/wp\/v2\/pages"}],"about":[{"href":"https:\/\/friendlysmilesdental.com\/es\/wp-json\/wp\/v2\/types\/page"}],"author":[{"embeddable":true,"href":"https:\/\/friendlysmilesdental.com\/es\/wp-json\/wp\/v2\/users\/4"}],"replies":[{"embeddable":true,"href":"https:\/\/friendlysmilesdental.com\/es\/wp-json\/wp\/v2\/comments?post=3006"}],"version-history":[{"count":2,"href":"https:\/\/friendlysmilesdental.com\/es\/wp-json\/wp\/v2\/pages\/3006\/revisions"}],"predecessor-version":[{"id":3008,"href":"https:\/\/friendlysmilesdental.com\/es\/wp-json\/wp\/v2\/pages\/3006\/revisions\/3008"}],"wp:attachment":[{"href":"https:\/\/friendlysmilesdental.com\/es\/wp-json\/wp\/v2\/media?parent=3006"}],"curies":[{"name":"wp","href":"https:\/\/api.w.org\/{rel}","templated":true}]}}