{"id":3009,"date":"2019-10-09T05:08:35","date_gmt":"2019-10-09T05:08:35","guid":{"rendered":"https:\/\/friendlysmilesdental.com\/coronas-de-porcelana-fundas\/"},"modified":"2024-04-09T16:57:55","modified_gmt":"2024-04-09T16:57:55","slug":"coronas-de-porcelana-fundas","status":"publish","type":"page","link":"https:\/\/friendlysmilesdental.com\/es\/coronas-de-porcelana-fundas\/","title":{"rendered":"Coronas de porcelana (fundas)"},"content":{"rendered":"<p><div class=\"fusion-fullwidth fullwidth-box fusion-builder-row-1 nonhundred-percent-fullwidth non-hundred-percent-height-scrolling\" style=\"--awb-border-radius-top-left:0px;--awb-border-radius-top-right:0px;--awb-border-radius-bottom-right:0px;--awb-border-radius-bottom-left:0px;--awb-padding-top:0px;--awb-padding-right:30px;--awb-padding-bottom:0px;--awb-padding-left:30px;--awb-flex-wrap:wrap;\" ><div class=\"fusion-builder-row fusion-row\"><div class=\"fusion-layout-column fusion_builder_column fusion-builder-column-0 fusion_builder_column_1_2 1_2 fusion-one-half fusion-column-first\" style=\"--awb-bg-size:cover;width:50%;width:calc(50% - ( ( 4% ) * 0.5 ) );margin-right: 4%;\"><div class=\"fusion-column-wrapper fusion-column-has-shadow fusion-flex-column-wrapper-legacy\"><div class=\"fusion-text fusion-text-1\"><h1 align=\"left\">Coronas de porcelana<\/h1>\n<\/div><div class=\"fusion-sep-clear\"><\/div><div class=\"fusion-separator fusion-clearfix\" style=\"float:left;margin-top:22px;margin-bottom:25px;width:100%;max-width:100px;\"><div class=\"fusion-separator-border sep-single sep-solid\" style=\"--awb-height:20px;--awb-amount:20px;--awb-sep-color:#6589c0;border-color:#6589c0;border-top-width:2px;\"><\/div><\/div><div class=\"fusion-sep-clear\"><\/div><div class=\"fusion-text fusion-text-2\"><p align=\"left\">Las coronas (o fundas) de porcelana son un recubrimiento en forma de diente que envuelve toda la superficie dental devolvi\u00e9ndole su forma y tama\u00f1o originales. Una corona protege y refuerza la estructura dental que no puede restaurarse con empastes u otros tipos de restauraciones.<\/p>\n<p align=\"left\">Aunque hay varios tipos de coronas, las de porcelana (del color del diente) son las m\u00e1s populares, porque se parecen a sus dientes naturales. Son muy duraderas y durar\u00e1n muchos a\u00f1os, pero como la mayor\u00eda de las restauraciones dentales, puede que con el tiempo necesiten ser sustituidas. Las coronas de porcelana se adaptan a la forma, el tama\u00f1o y el color de sus dientes para ofrecerle una sonrisa natural y duradera.<\/p>\n<\/div><div class=\"fusion-text fusion-text-3\"><p><img decoding=\"async\" class=\"lazyload alignnone size-full wp-image-2004\" src=\"https:\/\/friendlysmilesdental.com\/wp-content\/uploads\/2020\/01\/porcelain-crowns-procedure.jpg\" data-orig-src=\"https:\/\/friendlysmilesdental.com\/wp-content\/uploads\/2020\/01\/porcelain-crowns-procedure.jpg\" alt=\"Coronas de porcelana procedimiento en San Luis Obispo dentista Friendly Smiles\" width=\"550\" height=\"378\" srcset=\"data:image\/svg+xml,%3Csvg%20xmlns%3D%27http%3A%2F%2Fwww.w3.org%2F2000%2Fsvg%27%20width%3D%27550%27%20height%3D%27378%27%20viewBox%3D%270%200%20550%20378%27%3E%3Crect%20width%3D%27550%27%20height%3D%27378%27%20fill-opacity%3D%220%22%2F%3E%3C%2Fsvg%3E\" data-srcset=\"https:\/\/friendlysmilesdental.com\/wp-content\/uploads\/2020\/01\/porcelain-crowns-procedure-200x137.jpg 200w, https:\/\/friendlysmilesdental.com\/wp-content\/uploads\/2020\/01\/porcelain-crowns-procedure-300x206.jpg 300w, https:\/\/friendlysmilesdental.com\/wp-content\/uploads\/2020\/01\/porcelain-crowns-procedure-400x275.jpg 400w, https:\/\/friendlysmilesdental.com\/wp-content\/uploads\/2020\/01\/porcelain-crowns-procedure.jpg 550w\" data-sizes=\"auto\" data-orig-sizes=\"(max-width: 550px) 100vw, 550px\" \/><\/p>\n<\/div><div class=\"fusion-text fusion-text-4\"><h2 align=\"left\">Razones para las coronas de porcelana:<\/h2>\n<ul type=\"disc\">\n<li>\n<div align=\"left\">Dientes rotos o fracturados.<\/div>\n<\/li>\n<li>\n<div align=\"left\">Mejora est\u00e9tica.<\/div>\n<\/li>\n<li>\n<div align=\"left\">Dientes cariados.<\/div>\n<\/li>\n<li>\n<div align=\"left\">Empastes fracturados.<\/div>\n<\/li>\n<li>\n<div align=\"left\">Rellenos grandes.<\/div>\n<\/li>\n<li>\n<div align=\"left\">El diente tiene un conducto radicular.<\/div>\n<\/li>\n<\/ul>\n<\/div><div class=\"fusion-clearfix\"><\/div><\/div><\/div><div class=\"fusion-layout-column fusion_builder_column fusion-builder-column-1 fusion_builder_column_1_2 1_2 fusion-one-half fusion-column-last\" style=\"--awb-bg-size:cover;width:50%;width:calc(50% - ( ( 4% ) * 0.5 ) );\"><div class=\"fusion-column-wrapper fusion-column-has-shadow fusion-flex-column-wrapper-legacy\"><div class=\"fusion-text fusion-text-5\"><p><img decoding=\"async\" class=\"lazyload alignnone size-full wp-image-2002\" src=\"https:\/\/friendlysmilesdental.com\/wp-content\/uploads\/2020\/01\/porcelain-crowns.jpg\" data-orig-src=\"https:\/\/friendlysmilesdental.com\/wp-content\/uploads\/2020\/01\/porcelain-crowns.jpg\" alt=\"Coronas de porcelana en San Luis Obispo dentista Friendly Smiles\" width=\"550\" height=\"367\" srcset=\"data:image\/svg+xml,%3Csvg%20xmlns%3D%27http%3A%2F%2Fwww.w3.org%2F2000%2Fsvg%27%20width%3D%27550%27%20height%3D%27367%27%20viewBox%3D%270%200%20550%20367%27%3E%3Crect%20width%3D%27550%27%20height%3D%27367%27%20fill-opacity%3D%220%22%2F%3E%3C%2Fsvg%3E\" data-srcset=\"https:\/\/friendlysmilesdental.com\/wp-content\/uploads\/2020\/01\/porcelain-crowns-200x133.jpg 200w, https:\/\/friendlysmilesdental.com\/wp-content\/uploads\/2020\/01\/porcelain-crowns-300x200.jpg 300w, https:\/\/friendlysmilesdental.com\/wp-content\/uploads\/2020\/01\/porcelain-crowns-400x267.jpg 400w, https:\/\/friendlysmilesdental.com\/wp-content\/uploads\/2020\/01\/porcelain-crowns.jpg 550w\" data-sizes=\"auto\" data-orig-sizes=\"(max-width: 550px) 100vw, 550px\" \/><\/p>\n<\/div><div class=\"fusion-sep-clear\"><\/div><div class=\"fusion-separator fusion-full-width-sep\" style=\"margin-left: auto;margin-right: auto;margin-top:1%;margin-bottom:0px;width:100%;\"><\/div><div class=\"fusion-sep-clear\"><\/div><div class=\"fusion-text fusion-text-6\"><h2 align=\"left\">\u00bfEn qu\u00e9 consiste una corona?<\/h2>\n<p style=\"text-align: left;\" align=\"left\">Una intervenci\u00f3n de corona suele requerir dos citas. En su primera cita se le tomar\u00e1n varios moldes (o impresiones) de gran precisi\u00f3n que se utilizar\u00e1n para crear su corona personalizada. Tambi\u00e9n se utilizar\u00e1 un molde para crear una corona provisional que permanecer\u00e1 en su diente durante aproximadamente dos semanas hasta que un laboratorio dental fabrique su nueva corona.<\/p>\n<p style=\"text-align: left;\" align=\"left\">Mientras el diente est\u00e1 adormecido, el dentista lo preparar\u00e1 eliminando cualquier caries y moldeando la superficie para que la corona encaje correctamente. Una vez realizados estos detalles, se le colocar\u00e1 la corona provisional con cemento provisional y se comprobar\u00e1 su mordida para asegurarse de que muerde correctamente.<\/p>\n<p style=\"text-align: left;\" align=\"left\">En su segunda cita se le retirar\u00e1 la corona provisional, se limpiar\u00e1 el diente y se le colocar\u00e1 cuidadosamente la nueva corona para garantizar que el espaciado y la mordida son correctos.<\/p>\n<p style=\"text-align: left;\" align=\"left\">Se le dar\u00e1n instrucciones de cuidado y se le animar\u00e1 a que acuda peri\u00f3dicamente al dentista para revisar su nueva corona.<\/p>\n<\/div><div class=\"fusion-clearfix\"><\/div><\/div><\/div><\/div><\/div><div class=\"fusion-bg-parallax\" data-bg-align=\"center center\" data-direction=\"right\" data-mute=\"false\" data-opacity=\"100\" data-velocity=\"-0.8\" data-mobile-enabled=\"false\" data-break_parents=\"0\" data-bg-image=\"https:\/\/friendlysmilesdental.com\/wp-content\/uploads\/2020\/01\/best-san-luis-obispo-dentist.jpg\" data-bg-repeat=\"false\" ><\/div><div class=\"fusion-fullwidth fullwidth-box fusion-builder-row-2 fusion-parallax-right nonhundred-percent-fullwidth non-hundred-percent-height-scrolling lazyload\" style=\"--awb-border-radius-top-left:0px;--awb-border-radius-top-right:0px;--awb-border-radius-bottom-right:0px;--awb-border-radius-bottom-left:0px;--awb-padding-top:40px;--awb-padding-bottom:50px;--awb-background-size:cover;--awb-flex-wrap:wrap;\" data-bg=\"https:\/\/friendlysmilesdental.com\/wp-content\/uploads\/2020\/01\/best-san-luis-obispo-dentist.jpg\" ><div class=\"fusion-builder-row fusion-row\"><div class=\"fusion-layout-column fusion_builder_column fusion-builder-column-2 fusion_builder_column_1_1 1_1 fusion-one-full fusion-column-first fusion-column-last\" style=\"--awb-bg-size:cover;--awb-margin-top:3%;--awb-margin-bottom:3%;\"><div class=\"fusion-column-wrapper fusion-column-has-shadow fusion-flex-column-wrapper-legacy\"><div class=\"fusion-text fusion-text-7\"><h2 style=\"text-align: center;\"><span style=\"color: #ffffff;\">\u00bfListo para sonre\u00edr?<\/span><\/h2>\n<\/div><div class=\"fusion-sep-clear\"><\/div><div class=\"fusion-separator fusion-full-width-sep\" style=\"margin-left: auto;margin-right: auto;margin-top:15px;width:100%;\"><\/div><div class=\"fusion-sep-clear\"><\/div><div class=\"fusion-aligncenter\"><a class=\"fusion-button button-flat fusion-button-default-size button-custom fusion-button-default button-1 fusion-button-default-span fusion-button-default-type\" style=\"--button_accent_color:#ffffff;--button_accent_hover_color:#6487c2;--button_border_hover_color:#6487c2;--button_gradient_top_color:#4fc3a3;--button_gradient_bottom_color:#4fc3a3;--button_gradient_top_color_hover:#ffffff;--button_gradient_bottom_color_hover:#ffffff;\" target=\"_self\" href=\"https:\/\/friendlysmilesdental.com\/es\/reservar-cita\/\"><i class=\"fa-plus fas button-icon-left\" aria-hidden=\"true\"><\/i><span class=\"fusion-button-text\">Solicitar una cita<\/span><\/a><\/div><div class=\"fusion-sep-clear\"><\/div><div class=\"fusion-separator fusion-full-width-sep\" style=\"margin-left: auto;margin-right: auto;margin-top:15px;width:100%;\"><\/div><div class=\"fusion-sep-clear\"><\/div><div class=\"fusion-text fusion-text-8\"><h3 style=\"text-align: center;\"><span style=\"color: #ffffff;\">Estamos orgullosos de aceptar Medi-Cal y tomar la mayor\u00eda de las formas de seguro en todas nuestras oficinas dentales.<\/span><\/h3>\n<\/div><div class=\"fusion-clearfix\"><\/div><\/div><\/div><\/div><\/div><\/p>\n","protected":false},"excerpt":{"rendered":"","protected":false},"author":4,"featured_media":0,"parent":0,"menu_order":0,"comment_status":"closed","ping_status":"open","template":"100-width.php","meta":{"footnotes":""},"yoast_head":"<!-- This site is optimized with the Yoast SEO plugin v23.9 - https:\/\/yoast.com\/wordpress\/plugins\/seo\/ -->\n<title>Coronas o Tapas de Porcelana | San Luis Obispo Dentist Friendly Smiles<\/title>\n<meta name=\"description\" content=\"Las coronas (o fundas) de porcelana son un recubrimiento en forma de diente que envuelve toda la superficie dental devolvi\u00e9ndole su forma y tama\u00f1o originales.\" \/>\n<meta name=\"robots\" content=\"index, follow, max-snippet:-1, max-image-preview:large, max-video-preview:-1\" \/>\n<link rel=\"canonical\" href=\"https:\/\/friendlysmilesdental.com\/es\/coronas-de-porcelana-fundas\/\" \/>\n<meta property=\"og:locale\" content=\"es_ES\" \/>\n<meta property=\"og:type\" content=\"article\" \/>\n<meta property=\"og:title\" content=\"Coronas o Tapas de Porcelana | San Luis Obispo Dentist Friendly Smiles\" \/>\n<meta property=\"og:description\" content=\"Las coronas (o fundas) de porcelana son un recubrimiento en forma de diente que envuelve toda la superficie dental devolvi\u00e9ndole su forma y tama\u00f1o originales.\" \/>\n<meta property=\"og:url\" content=\"https:\/\/friendlysmilesdental.com\/es\/coronas-de-porcelana-fundas\/\" \/>\n<meta property=\"og:site_name\" content=\"Friendly Smiles Dental\" \/>\n<meta property=\"article:modified_time\" content=\"2024-04-09T16:57:55+00:00\" \/>\n<meta property=\"og:image\" content=\"https:\/\/friendlysmilesdental.com\/wp-content\/uploads\/2020\/01\/porcelain-crowns-procedure.jpg\" \/>\n<meta name=\"twitter:card\" content=\"summary_large_image\" \/>\n<meta name=\"twitter:label1\" content=\"Tiempo de lectura\" \/>\n\t<meta name=\"twitter:data1\" content=\"9 minutos\" \/>\n<script type=\"application\/ld+json\" class=\"yoast-schema-graph\">{\"@context\":\"https:\/\/schema.org\",\"@graph\":[{\"@type\":\"WebPage\",\"@id\":\"https:\/\/friendlysmilesdental.com\/es\/coronas-de-porcelana-fundas\/\",\"url\":\"https:\/\/friendlysmilesdental.com\/es\/coronas-de-porcelana-fundas\/\",\"name\":\"Coronas o Tapas de Porcelana | San Luis Obispo Dentist Friendly Smiles\",\"isPartOf\":{\"@id\":\"https:\/\/friendlysmilesdental.com\/es\/#website\"},\"primaryImageOfPage\":{\"@id\":\"https:\/\/friendlysmilesdental.com\/es\/coronas-de-porcelana-fundas\/#primaryimage\"},\"image\":{\"@id\":\"https:\/\/friendlysmilesdental.com\/es\/coronas-de-porcelana-fundas\/#primaryimage\"},\"thumbnailUrl\":\"https:\/\/friendlysmilesdental.com\/wp-content\/uploads\/2020\/01\/porcelain-crowns-procedure.jpg\",\"datePublished\":\"2019-10-09T05:08:35+00:00\",\"dateModified\":\"2024-04-09T16:57:55+00:00\",\"description\":\"Las coronas (o fundas) de porcelana son un recubrimiento en forma de diente que envuelve toda la superficie dental devolvi\u00e9ndole su forma y tama\u00f1o originales.\",\"breadcrumb\":{\"@id\":\"https:\/\/friendlysmilesdental.com\/es\/coronas-de-porcelana-fundas\/#breadcrumb\"},\"inLanguage\":\"es\",\"potentialAction\":[{\"@type\":\"ReadAction\",\"target\":[\"https:\/\/friendlysmilesdental.com\/es\/coronas-de-porcelana-fundas\/\"]}]},{\"@type\":\"ImageObject\",\"inLanguage\":\"es\",\"@id\":\"https:\/\/friendlysmilesdental.com\/es\/coronas-de-porcelana-fundas\/#primaryimage\",\"url\":\"https:\/\/friendlysmilesdental.com\/wp-content\/uploads\/2020\/01\/porcelain-crowns-procedure.jpg\",\"contentUrl\":\"https:\/\/friendlysmilesdental.com\/wp-content\/uploads\/2020\/01\/porcelain-crowns-procedure.jpg\"},{\"@type\":\"BreadcrumbList\",\"@id\":\"https:\/\/friendlysmilesdental.com\/es\/coronas-de-porcelana-fundas\/#breadcrumb\",\"itemListElement\":[{\"@type\":\"ListItem\",\"position\":1,\"name\":\"Home\",\"item\":\"https:\/\/friendlysmilesdental.com\/es\/inicio\/\"},{\"@type\":\"ListItem\",\"position\":2,\"name\":\"Coronas de porcelana (fundas)\"}]},{\"@type\":\"WebSite\",\"@id\":\"https:\/\/friendlysmilesdental.com\/es\/#website\",\"url\":\"https:\/\/friendlysmilesdental.com\/es\/\",\"name\":\"Friendly Smiles Dental\",\"description\":\"Santa Maria Dentists | San Luis Obispo Dentists | King City Dentists\",\"potentialAction\":[{\"@type\":\"SearchAction\",\"target\":{\"@type\":\"EntryPoint\",\"urlTemplate\":\"https:\/\/friendlysmilesdental.com\/es\/?s={search_term_string}\"},\"query-input\":{\"@type\":\"PropertyValueSpecification\",\"valueRequired\":true,\"valueName\":\"search_term_string\"}}],\"inLanguage\":\"es\"}]}<\/script>\n<!-- \/ Yoast SEO plugin. -->","yoast_head_json":{"title":"Coronas o Tapas de Porcelana | San Luis Obispo Dentist Friendly Smiles","description":"Las coronas (o fundas) de porcelana son un recubrimiento en forma de diente que envuelve toda la superficie dental devolvi\u00e9ndole su forma y tama\u00f1o originales.","robots":{"index":"index","follow":"follow","max-snippet":"max-snippet:-1","max-image-preview":"max-image-preview:large","max-video-preview":"max-video-preview:-1"},"canonical":"https:\/\/friendlysmilesdental.com\/es\/coronas-de-porcelana-fundas\/","og_locale":"es_ES","og_type":"article","og_title":"Coronas o Tapas de Porcelana | San Luis Obispo Dentist Friendly Smiles","og_description":"Las coronas (o fundas) de porcelana son un recubrimiento en forma de diente que envuelve toda la superficie dental devolvi\u00e9ndole su forma y tama\u00f1o originales.","og_url":"https:\/\/friendlysmilesdental.com\/es\/coronas-de-porcelana-fundas\/","og_site_name":"Friendly Smiles Dental","article_modified_time":"2024-04-09T16:57:55+00:00","og_image":[{"url":"https:\/\/friendlysmilesdental.com\/wp-content\/uploads\/2020\/01\/porcelain-crowns-procedure.jpg"}],"twitter_card":"summary_large_image","twitter_misc":{"Tiempo de lectura":"9 minutos"},"schema":{"@context":"https:\/\/schema.org","@graph":[{"@type":"WebPage","@id":"https:\/\/friendlysmilesdental.com\/es\/coronas-de-porcelana-fundas\/","url":"https:\/\/friendlysmilesdental.com\/es\/coronas-de-porcelana-fundas\/","name":"Coronas o Tapas de Porcelana | San Luis Obispo Dentist Friendly Smiles","isPartOf":{"@id":"https:\/\/friendlysmilesdental.com\/es\/#website"},"primaryImageOfPage":{"@id":"https:\/\/friendlysmilesdental.com\/es\/coronas-de-porcelana-fundas\/#primaryimage"},"image":{"@id":"https:\/\/friendlysmilesdental.com\/es\/coronas-de-porcelana-fundas\/#primaryimage"},"thumbnailUrl":"https:\/\/friendlysmilesdental.com\/wp-content\/uploads\/2020\/01\/porcelain-crowns-procedure.jpg","datePublished":"2019-10-09T05:08:35+00:00","dateModified":"2024-04-09T16:57:55+00:00","description":"Las coronas (o fundas) de porcelana son un recubrimiento en forma de diente que envuelve toda la superficie dental devolvi\u00e9ndole su forma y tama\u00f1o originales.","breadcrumb":{"@id":"https:\/\/friendlysmilesdental.com\/es\/coronas-de-porcelana-fundas\/#breadcrumb"},"inLanguage":"es","potentialAction":[{"@type":"ReadAction","target":["https:\/\/friendlysmilesdental.com\/es\/coronas-de-porcelana-fundas\/"]}]},{"@type":"ImageObject","inLanguage":"es","@id":"https:\/\/friendlysmilesdental.com\/es\/coronas-de-porcelana-fundas\/#primaryimage","url":"https:\/\/friendlysmilesdental.com\/wp-content\/uploads\/2020\/01\/porcelain-crowns-procedure.jpg","contentUrl":"https:\/\/friendlysmilesdental.com\/wp-content\/uploads\/2020\/01\/porcelain-crowns-procedure.jpg"},{"@type":"BreadcrumbList","@id":"https:\/\/friendlysmilesdental.com\/es\/coronas-de-porcelana-fundas\/#breadcrumb","itemListElement":[{"@type":"ListItem","position":1,"name":"Home","item":"https:\/\/friendlysmilesdental.com\/es\/inicio\/"},{"@type":"ListItem","position":2,"name":"Coronas de porcelana (fundas)"}]},{"@type":"WebSite","@id":"https:\/\/friendlysmilesdental.com\/es\/#website","url":"https:\/\/friendlysmilesdental.com\/es\/","name":"Friendly Smiles Dental","description":"Santa Maria Dentists | San Luis Obispo Dentists | King City Dentists","potentialAction":[{"@type":"SearchAction","target":{"@type":"EntryPoint","urlTemplate":"https:\/\/friendlysmilesdental.com\/es\/?s={search_term_string}"},"query-input":{"@type":"PropertyValueSpecification","valueRequired":true,"valueName":"search_term_string"}}],"inLanguage":"es"}]}},"_links":{"self":[{"href":"https:\/\/friendlysmilesdental.com\/es\/wp-json\/wp\/v2\/pages\/3009"}],"collection":[{"href":"https:\/\/friendlysmilesdental.com\/es\/wp-json\/wp\/v2\/pages"}],"about":[{"href":"https:\/\/friendlysmilesdental.com\/es\/wp-json\/wp\/v2\/types\/page"}],"author":[{"embeddable":true,"href":"https:\/\/friendlysmilesdental.com\/es\/wp-json\/wp\/v2\/users\/4"}],"replies":[{"embeddable":true,"href":"https:\/\/friendlysmilesdental.com\/es\/wp-json\/wp\/v2\/comments?post=3009"}],"version-history":[{"count":2,"href":"https:\/\/friendlysmilesdental.com\/es\/wp-json\/wp\/v2\/pages\/3009\/revisions"}],"predecessor-version":[{"id":3011,"href":"https:\/\/friendlysmilesdental.com\/es\/wp-json\/wp\/v2\/pages\/3009\/revisions\/3011"}],"wp:attachment":[{"href":"https:\/\/friendlysmilesdental.com\/es\/wp-json\/wp\/v2\/media?parent=3009"}],"curies":[{"name":"wp","href":"https:\/\/api.w.org\/{rel}","templated":true}]}}