{"id":3012,"date":"2019-10-17T20:31:02","date_gmt":"2019-10-17T20:31:02","guid":{"rendered":"https:\/\/friendlysmilesdental.com\/endodoncia\/"},"modified":"2024-04-09T17:11:07","modified_gmt":"2024-04-09T17:11:07","slug":"endodoncia","status":"publish","type":"page","link":"https:\/\/friendlysmilesdental.com\/es\/endodoncia\/","title":{"rendered":"Endodoncia"},"content":{"rendered":"<p><div class=\"fusion-fullwidth fullwidth-box fusion-builder-row-1 nonhundred-percent-fullwidth non-hundred-percent-height-scrolling\" style=\"--awb-border-radius-top-left:0px;--awb-border-radius-top-right:0px;--awb-border-radius-bottom-right:0px;--awb-border-radius-bottom-left:0px;--awb-flex-wrap:wrap;\" ><div class=\"fusion-builder-row fusion-row\"><div class=\"fusion-layout-column fusion_builder_column fusion-builder-column-0 fusion_builder_column_1_2 1_2 fusion-one-half fusion-column-first\" style=\"--awb-bg-size:cover;width:50%;width:calc(50% - ( ( 4% ) * 0.5 ) );margin-right: 4%;\"><div class=\"fusion-column-wrapper fusion-column-has-shadow fusion-flex-column-wrapper-legacy\"><div class=\"fusion-text fusion-text-1\"><h1 align=\"left\">Endodoncia<\/h1>\n<\/div><div class=\"fusion-sep-clear\"><\/div><div class=\"fusion-separator fusion-clearfix\" style=\"float:left;margin-top:22px;margin-bottom:25px;width:100%;max-width:100px;\"><div class=\"fusion-separator-border sep-single sep-solid\" style=\"--awb-height:20px;--awb-amount:20px;--awb-sep-color:#6589c0;border-color:#6589c0;border-top-width:2px;\"><\/div><\/div><div class=\"fusion-sep-clear\"><\/div><div class=\"fusion-text fusion-text-2\"><p style=\"text-align: left;\" align=\"left\">La endodoncia es necesaria cuando el nervio de un diente est\u00e1 afectado por una caries o una infecci\u00f3n. Para salvar el diente, se eliminan la pulpa (el tejido vivo del interior del diente), los nervios, las bacterias y cualquier caries, y el espacio resultante se rellena con materiales dentales especiales medicados, que devuelven al diente toda su funcionalidad.<\/p>\n<p style=\"text-align: left;\" align=\"left\">Realizar una endodoncia en un diente es el tratamiento de elecci\u00f3n para salvar un diente que de otro modo morir\u00eda y tendr\u00eda que ser extra\u00eddo. Muchos pacientes creen que extraer un diente que tiene problemas es la soluci\u00f3n, pero lo que no se tiene en cuenta es que extraer (tirar) un diente acabar\u00e1 siendo m\u00e1s costoso y causar\u00e1 problemas importantes en los dientes adyacentes.<\/p>\n<p style=\"text-align: left;\" align=\"left\">El tratamiento de conductos tiene mucho \u00e9xito y suele durar toda la vida, aunque en ocasiones habr\u00e1 que volver a tratar un diente debido a nuevas infecciones.<\/p>\n<p align=\"left\"><span style=\"font-size: large;\"><strong>Signos y s\u00edntomas de una posible endodoncia:<\/strong><\/span><\/p>\n<ul type=\"disc\">\n<li>\n<div align=\"left\">Un absceso (o grano) en las enc\u00edas.<\/div>\n<\/li>\n<li>\n<div align=\"left\">Sensibilidad al fr\u00edo y al calor.<\/div>\n<\/li>\n<li>\n<div align=\"left\">Dolor de muelas intenso.<\/div>\n<\/li>\n<li>\n<div align=\"left\">A veces no se presentan s\u00edntomas.<\/div>\n<\/li>\n<li>\n<div align=\"left\">Hinchaz\u00f3n y\/o sensibilidad.<\/div>\n<\/li>\n<\/ul>\n<h2 align=\"left\">Motivos de la endodoncia:<\/h2>\n<ul type=\"disc\">\n<li>\n<div align=\"left\">La caries ha alcanzado la pulpa dental (el tejido vivo del interior del diente).<\/div>\n<\/li>\n<li>\n<div align=\"left\">Se ha desarrollado una infecci\u00f3n o un absceso en el interior del diente o en la punta de la ra\u00edz.<\/div>\n<\/li>\n<li>\n<div align=\"left\">Lesi\u00f3n o traumatismo en el diente.<\/div>\n<\/li>\n<\/ul>\n<\/div><div class=\"fusion-clearfix\"><\/div><\/div><\/div><div class=\"fusion-layout-column fusion_builder_column fusion-builder-column-1 fusion_builder_column_1_2 1_2 fusion-one-half fusion-column-last\" style=\"--awb-bg-size:cover;width:50%;width:calc(50% - ( ( 4% ) * 0.5 ) );\"><div class=\"fusion-column-wrapper fusion-column-has-shadow fusion-flex-column-wrapper-legacy\"><div class=\"fusion-text fusion-text-3\"><p><img decoding=\"async\" class=\"lazyload alignnone size-full wp-image-1906\" src=\"https:\/\/friendlysmilesdental.com\/wp-content\/uploads\/2020\/01\/root-canal-slo.jpg\" data-orig-src=\"https:\/\/friendlysmilesdental.com\/wp-content\/uploads\/2020\/01\/root-canal-slo.jpg\" alt=\"endodoncista Santa Barbara San Luis Obispo\" width=\"550\" height=\"367\" srcset=\"data:image\/svg+xml,%3Csvg%20xmlns%3D%27http%3A%2F%2Fwww.w3.org%2F2000%2Fsvg%27%20width%3D%27550%27%20height%3D%27367%27%20viewBox%3D%270%200%20550%20367%27%3E%3Crect%20width%3D%27550%27%20height%3D%27367%27%20fill-opacity%3D%220%22%2F%3E%3C%2Fsvg%3E\" data-srcset=\"https:\/\/friendlysmilesdental.com\/wp-content\/uploads\/2020\/01\/root-canal-slo-200x133.jpg 200w, https:\/\/friendlysmilesdental.com\/wp-content\/uploads\/2020\/01\/root-canal-slo-300x200.jpg 300w, https:\/\/friendlysmilesdental.com\/wp-content\/uploads\/2020\/01\/root-canal-slo-400x267.jpg 400w, https:\/\/friendlysmilesdental.com\/wp-content\/uploads\/2020\/01\/root-canal-slo.jpg 550w\" data-sizes=\"auto\" data-orig-sizes=\"(max-width: 550px) 100vw, 550px\" \/><\/p>\n<\/div><div class=\"fusion-sep-clear\"><\/div><div class=\"fusion-separator fusion-full-width-sep\" style=\"margin-left: auto;margin-right: auto;margin-top:2%;margin-bottom:2%;width:100%;\"><\/div><div class=\"fusion-sep-clear\"><\/div><div class=\"fusion-text fusion-text-4\"><h2 align=\"left\">\u00bfEn qu\u00e9 consiste el tratamiento de conductos?<\/h2>\n<p align=\"left\">La endodoncia requiere una o m\u00e1s citas y puede realizarla un dentista o un endodoncista (especialista en endodoncia).<\/p>\n<p align=\"left\">Mientras el diente est\u00e1 adormecido, se colocar\u00e1 un dique de goma (una l\u00e1mina de caucho) alrededor del diente para mantenerlo seco y libre de saliva. Se realiza una abertura de acceso en la parte superior del diente y se colocan una serie de limas de endodoncia en la abertura, de una en una, para eliminar la pulpa, el tejido nervioso y las bacterias. Si hay caries, tambi\u00e9n se eliminar\u00e1 con instrumentos dentales especiales.<\/p>\n<p align=\"left\">Una vez que el diente se limpia a fondo, se sellar\u00e1 con un empaste permanente o, si se necesitan citas adicionales, se colocar\u00e1 un empaste temporal.<\/p>\n<p align=\"left\">En la siguiente cita, normalmente una semana despu\u00e9s, las ra\u00edces y la cavidad interior del diente se rellenar\u00e1n y sellar\u00e1n con materiales dentales especiales. Se colocar\u00e1 un empaste para cubrir la abertura en la parte superior del diente. Adem\u00e1s, a todos los dientes que se sometan a un tratamiento de conductos se les debe colocar una corona (funda). Esto proteger\u00e1 el diente y evitar\u00e1 que se rompa, adem\u00e1s de devolverle toda su funcionalidad.<\/p>\n<p align=\"left\">Despu\u00e9s del tratamiento, el diente puede seguir sensible, pero esto desaparecer\u00e1 a medida que la inflamaci\u00f3n disminuya y el diente se haya curado.<\/p>\n<p align=\"left\">Despu\u00e9s de cada cita se le dar\u00e1n instrucciones de cuidado. Las buenas pr\u00e1cticas de higiene bucal y las visitas peri\u00f3dicas al dentista contribuir\u00e1n a la duraci\u00f3n de su tratamiento de conductos.<\/p>\n<\/div><div class=\"fusion-clearfix\"><\/div><\/div><\/div><\/div><\/div><div class=\"fusion-fullwidth fullwidth-box fusion-builder-row-2 nonhundred-percent-fullwidth non-hundred-percent-height-scrolling\" style=\"--awb-border-radius-top-left:0px;--awb-border-radius-top-right:0px;--awb-border-radius-bottom-right:0px;--awb-border-radius-bottom-left:0px;--awb-flex-wrap:wrap;\" ><div class=\"fusion-builder-row fusion-row\"><div class=\"fusion-layout-column fusion_builder_column fusion-builder-column-2 fusion_builder_column_1_2 1_2 fusion-one-half fusion-column-first\" style=\"--awb-bg-size:cover;width:50%;width:calc(50% - ( ( 4% ) * 0.5 ) );margin-right: 4%;\"><div class=\"fusion-column-wrapper fusion-column-has-shadow fusion-flex-column-wrapper-legacy\"><div class=\"fusion-clearfix\"><\/div><\/div><\/div><div class=\"fusion-layout-column fusion_builder_column fusion-builder-column-3 fusion_builder_column_1_2 1_2 fusion-one-half fusion-column-last\" style=\"--awb-bg-size:cover;width:50%;width:calc(50% - ( ( 4% ) * 0.5 ) );\"><div class=\"fusion-column-wrapper fusion-column-has-shadow fusion-flex-column-wrapper-legacy\"><div class=\"fusion-clearfix\"><\/div><\/div><\/div><\/div><\/div><div class=\"fusion-bg-parallax\" data-bg-align=\"center center\" data-direction=\"right\" data-mute=\"false\" data-opacity=\"100\" data-velocity=\"-0.8\" data-mobile-enabled=\"false\" data-break_parents=\"0\" data-bg-image=\"https:\/\/friendlysmilesdental.com\/wp-content\/uploads\/2020\/01\/best-san-luis-obispo-dentist.jpg\" data-bg-repeat=\"false\" ><\/div><div class=\"fusion-fullwidth fullwidth-box fusion-builder-row-3 fusion-parallax-right nonhundred-percent-fullwidth non-hundred-percent-height-scrolling lazyload\" style=\"--awb-border-radius-top-left:0px;--awb-border-radius-top-right:0px;--awb-border-radius-bottom-right:0px;--awb-border-radius-bottom-left:0px;--awb-padding-top:40px;--awb-padding-bottom:50px;--awb-background-size:cover;--awb-flex-wrap:wrap;\" data-bg=\"https:\/\/friendlysmilesdental.com\/wp-content\/uploads\/2020\/01\/best-san-luis-obispo-dentist.jpg\" ><div class=\"fusion-builder-row fusion-row\"><div class=\"fusion-layout-column fusion_builder_column fusion-builder-column-4 fusion_builder_column_1_1 1_1 fusion-one-full fusion-column-first fusion-column-last\" style=\"--awb-bg-size:cover;--awb-margin-top:3%;--awb-margin-bottom:3%;\"><div class=\"fusion-column-wrapper fusion-column-has-shadow fusion-flex-column-wrapper-legacy\"><div class=\"fusion-text fusion-text-5\"><h2 style=\"text-align: center;\"><span style=\"color: #ffffff;\">\u00bfListo para sonre\u00edr?<\/span><\/h2>\n<\/div><div class=\"fusion-sep-clear\"><\/div><div class=\"fusion-separator fusion-full-width-sep\" style=\"margin-left: auto;margin-right: auto;margin-top:15px;width:100%;\"><\/div><div class=\"fusion-sep-clear\"><\/div><div class=\"fusion-aligncenter\"><a class=\"fusion-button button-flat fusion-button-default-size button-custom fusion-button-default button-1 fusion-button-default-span fusion-button-default-type\" style=\"--button_accent_color:#ffffff;--button_accent_hover_color:#6487c2;--button_border_hover_color:#6487c2;--button_gradient_top_color:#4fc3a3;--button_gradient_bottom_color:#4fc3a3;--button_gradient_top_color_hover:#ffffff;--button_gradient_bottom_color_hover:#ffffff;\" target=\"_self\" href=\"https:\/\/friendlysmilesdental.com\/es\/reservar-cita\/\"><i class=\"fa-plus fas button-icon-left\" aria-hidden=\"true\"><\/i><span class=\"fusion-button-text\">Solicitar una cita<\/span><\/a><\/div><div class=\"fusion-sep-clear\"><\/div><div class=\"fusion-separator fusion-full-width-sep\" style=\"margin-left: auto;margin-right: auto;margin-top:15px;width:100%;\"><\/div><div class=\"fusion-sep-clear\"><\/div><div class=\"fusion-text fusion-text-6\"><h3 style=\"text-align: center;\"><span style=\"color: #ffffff;\">Estamos orgullosos de aceptar Medi-Cal y tomar la mayor\u00eda de las formas de seguro en todas nuestras oficinas dentales.<\/span><\/h3>\n<\/div><div class=\"fusion-clearfix\"><\/div><\/div><\/div><\/div><\/div><\/p>\n","protected":false},"excerpt":{"rendered":"","protected":false},"author":4,"featured_media":0,"parent":0,"menu_order":0,"comment_status":"closed","ping_status":"open","template":"100-width.php","meta":{"footnotes":""},"yoast_head":"<!-- This site is optimized with the Yoast SEO plugin v23.9 - https:\/\/yoast.com\/wordpress\/plugins\/seo\/ -->\n<title>Especialista en Endodoncia | San Luis Obispo | Santa Maria | King City<\/title>\n<meta name=\"description\" content=\"La endodoncia es necesaria cuando el nervio de un diente est\u00e1 afectado por una caries o una infecci\u00f3n. Ll\u00e1menos si necesita un especialista en endodoncia de la Costa Central.\" \/>\n<meta name=\"robots\" content=\"index, follow, max-snippet:-1, max-image-preview:large, max-video-preview:-1\" \/>\n<link rel=\"canonical\" href=\"https:\/\/friendlysmilesdental.com\/es\/endodoncia\/\" \/>\n<meta property=\"og:locale\" content=\"es_ES\" \/>\n<meta property=\"og:type\" content=\"article\" \/>\n<meta property=\"og:title\" content=\"Especialista en Endodoncia | San Luis Obispo | Santa Maria | King City\" \/>\n<meta property=\"og:description\" content=\"La endodoncia es necesaria cuando el nervio de un diente est\u00e1 afectado por una caries o una infecci\u00f3n. Ll\u00e1menos si necesita un especialista en endodoncia de la Costa Central.\" \/>\n<meta property=\"og:url\" content=\"https:\/\/friendlysmilesdental.com\/es\/endodoncia\/\" \/>\n<meta property=\"og:site_name\" content=\"Friendly Smiles Dental\" \/>\n<meta property=\"article:modified_time\" content=\"2024-04-09T17:11:07+00:00\" \/>\n<meta property=\"og:image\" content=\"https:\/\/friendlysmilesdental.com\/wp-content\/uploads\/2020\/01\/root-canal-slo.jpg\" \/>\n<meta name=\"twitter:card\" content=\"summary_large_image\" \/>\n<meta name=\"twitter:label1\" content=\"Tiempo de lectura\" \/>\n\t<meta name=\"twitter:data1\" content=\"10 minutos\" \/>\n<script type=\"application\/ld+json\" class=\"yoast-schema-graph\">{\"@context\":\"https:\/\/schema.org\",\"@graph\":[{\"@type\":\"WebPage\",\"@id\":\"https:\/\/friendlysmilesdental.com\/es\/endodoncia\/\",\"url\":\"https:\/\/friendlysmilesdental.com\/es\/endodoncia\/\",\"name\":\"Especialista en Endodoncia | San Luis Obispo | Santa Maria | King City\",\"isPartOf\":{\"@id\":\"https:\/\/friendlysmilesdental.com\/es\/#website\"},\"primaryImageOfPage\":{\"@id\":\"https:\/\/friendlysmilesdental.com\/es\/endodoncia\/#primaryimage\"},\"image\":{\"@id\":\"https:\/\/friendlysmilesdental.com\/es\/endodoncia\/#primaryimage\"},\"thumbnailUrl\":\"https:\/\/friendlysmilesdental.com\/wp-content\/uploads\/2020\/01\/root-canal-slo.jpg\",\"datePublished\":\"2019-10-17T20:31:02+00:00\",\"dateModified\":\"2024-04-09T17:11:07+00:00\",\"description\":\"La endodoncia es necesaria cuando el nervio de un diente est\u00e1 afectado por una caries o una infecci\u00f3n. Ll\u00e1menos si necesita un especialista en endodoncia de la Costa Central.\",\"breadcrumb\":{\"@id\":\"https:\/\/friendlysmilesdental.com\/es\/endodoncia\/#breadcrumb\"},\"inLanguage\":\"es\",\"potentialAction\":[{\"@type\":\"ReadAction\",\"target\":[\"https:\/\/friendlysmilesdental.com\/es\/endodoncia\/\"]}]},{\"@type\":\"ImageObject\",\"inLanguage\":\"es\",\"@id\":\"https:\/\/friendlysmilesdental.com\/es\/endodoncia\/#primaryimage\",\"url\":\"https:\/\/friendlysmilesdental.com\/wp-content\/uploads\/2020\/01\/root-canal-slo.jpg\",\"contentUrl\":\"https:\/\/friendlysmilesdental.com\/wp-content\/uploads\/2020\/01\/root-canal-slo.jpg\"},{\"@type\":\"BreadcrumbList\",\"@id\":\"https:\/\/friendlysmilesdental.com\/es\/endodoncia\/#breadcrumb\",\"itemListElement\":[{\"@type\":\"ListItem\",\"position\":1,\"name\":\"Home\",\"item\":\"https:\/\/friendlysmilesdental.com\/es\/inicio\/\"},{\"@type\":\"ListItem\",\"position\":2,\"name\":\"Endodoncia\"}]},{\"@type\":\"WebSite\",\"@id\":\"https:\/\/friendlysmilesdental.com\/es\/#website\",\"url\":\"https:\/\/friendlysmilesdental.com\/es\/\",\"name\":\"Friendly Smiles Dental\",\"description\":\"Santa Maria Dentists | San Luis Obispo Dentists | King City Dentists\",\"potentialAction\":[{\"@type\":\"SearchAction\",\"target\":{\"@type\":\"EntryPoint\",\"urlTemplate\":\"https:\/\/friendlysmilesdental.com\/es\/?s={search_term_string}\"},\"query-input\":{\"@type\":\"PropertyValueSpecification\",\"valueRequired\":true,\"valueName\":\"search_term_string\"}}],\"inLanguage\":\"es\"}]}<\/script>\n<!-- \/ Yoast SEO plugin. -->","yoast_head_json":{"title":"Especialista en Endodoncia | San Luis Obispo | Santa Maria | King City","description":"La endodoncia es necesaria cuando el nervio de un diente est\u00e1 afectado por una caries o una infecci\u00f3n. Ll\u00e1menos si necesita un especialista en endodoncia de la Costa Central.","robots":{"index":"index","follow":"follow","max-snippet":"max-snippet:-1","max-image-preview":"max-image-preview:large","max-video-preview":"max-video-preview:-1"},"canonical":"https:\/\/friendlysmilesdental.com\/es\/endodoncia\/","og_locale":"es_ES","og_type":"article","og_title":"Especialista en Endodoncia | San Luis Obispo | Santa Maria | King City","og_description":"La endodoncia es necesaria cuando el nervio de un diente est\u00e1 afectado por una caries o una infecci\u00f3n. Ll\u00e1menos si necesita un especialista en endodoncia de la Costa Central.","og_url":"https:\/\/friendlysmilesdental.com\/es\/endodoncia\/","og_site_name":"Friendly Smiles Dental","article_modified_time":"2024-04-09T17:11:07+00:00","og_image":[{"url":"https:\/\/friendlysmilesdental.com\/wp-content\/uploads\/2020\/01\/root-canal-slo.jpg"}],"twitter_card":"summary_large_image","twitter_misc":{"Tiempo de lectura":"10 minutos"},"schema":{"@context":"https:\/\/schema.org","@graph":[{"@type":"WebPage","@id":"https:\/\/friendlysmilesdental.com\/es\/endodoncia\/","url":"https:\/\/friendlysmilesdental.com\/es\/endodoncia\/","name":"Especialista en Endodoncia | San Luis Obispo | Santa Maria | King City","isPartOf":{"@id":"https:\/\/friendlysmilesdental.com\/es\/#website"},"primaryImageOfPage":{"@id":"https:\/\/friendlysmilesdental.com\/es\/endodoncia\/#primaryimage"},"image":{"@id":"https:\/\/friendlysmilesdental.com\/es\/endodoncia\/#primaryimage"},"thumbnailUrl":"https:\/\/friendlysmilesdental.com\/wp-content\/uploads\/2020\/01\/root-canal-slo.jpg","datePublished":"2019-10-17T20:31:02+00:00","dateModified":"2024-04-09T17:11:07+00:00","description":"La endodoncia es necesaria cuando el nervio de un diente est\u00e1 afectado por una caries o una infecci\u00f3n. Ll\u00e1menos si necesita un especialista en endodoncia de la Costa Central.","breadcrumb":{"@id":"https:\/\/friendlysmilesdental.com\/es\/endodoncia\/#breadcrumb"},"inLanguage":"es","potentialAction":[{"@type":"ReadAction","target":["https:\/\/friendlysmilesdental.com\/es\/endodoncia\/"]}]},{"@type":"ImageObject","inLanguage":"es","@id":"https:\/\/friendlysmilesdental.com\/es\/endodoncia\/#primaryimage","url":"https:\/\/friendlysmilesdental.com\/wp-content\/uploads\/2020\/01\/root-canal-slo.jpg","contentUrl":"https:\/\/friendlysmilesdental.com\/wp-content\/uploads\/2020\/01\/root-canal-slo.jpg"},{"@type":"BreadcrumbList","@id":"https:\/\/friendlysmilesdental.com\/es\/endodoncia\/#breadcrumb","itemListElement":[{"@type":"ListItem","position":1,"name":"Home","item":"https:\/\/friendlysmilesdental.com\/es\/inicio\/"},{"@type":"ListItem","position":2,"name":"Endodoncia"}]},{"@type":"WebSite","@id":"https:\/\/friendlysmilesdental.com\/es\/#website","url":"https:\/\/friendlysmilesdental.com\/es\/","name":"Friendly Smiles Dental","description":"Santa Maria Dentists | San Luis Obispo Dentists | King City Dentists","potentialAction":[{"@type":"SearchAction","target":{"@type":"EntryPoint","urlTemplate":"https:\/\/friendlysmilesdental.com\/es\/?s={search_term_string}"},"query-input":{"@type":"PropertyValueSpecification","valueRequired":true,"valueName":"search_term_string"}}],"inLanguage":"es"}]}},"_links":{"self":[{"href":"https:\/\/friendlysmilesdental.com\/es\/wp-json\/wp\/v2\/pages\/3012"}],"collection":[{"href":"https:\/\/friendlysmilesdental.com\/es\/wp-json\/wp\/v2\/pages"}],"about":[{"href":"https:\/\/friendlysmilesdental.com\/es\/wp-json\/wp\/v2\/types\/page"}],"author":[{"embeddable":true,"href":"https:\/\/friendlysmilesdental.com\/es\/wp-json\/wp\/v2\/users\/4"}],"replies":[{"embeddable":true,"href":"https:\/\/friendlysmilesdental.com\/es\/wp-json\/wp\/v2\/comments?post=3012"}],"version-history":[{"count":2,"href":"https:\/\/friendlysmilesdental.com\/es\/wp-json\/wp\/v2\/pages\/3012\/revisions"}],"predecessor-version":[{"id":3014,"href":"https:\/\/friendlysmilesdental.com\/es\/wp-json\/wp\/v2\/pages\/3012\/revisions\/3014"}],"wp:attachment":[{"href":"https:\/\/friendlysmilesdental.com\/es\/wp-json\/wp\/v2\/media?parent=3012"}],"curies":[{"name":"wp","href":"https:\/\/api.w.org\/{rel}","templated":true}]}}