{"id":3015,"date":"2019-10-09T18:16:46","date_gmt":"2019-10-09T18:16:46","guid":{"rendered":"https:\/\/friendlysmilesdental.com\/extracciones-de-muelas-del-juicio\/"},"modified":"2024-04-09T17:14:46","modified_gmt":"2024-04-09T17:14:46","slug":"extracciones-de-muelas-del-juicio","status":"publish","type":"page","link":"https:\/\/friendlysmilesdental.com\/es\/extracciones-de-muelas-del-juicio\/","title":{"rendered":"Extracciones de muelas del juicio"},"content":{"rendered":"<p><div class=\"fusion-fullwidth fullwidth-box fusion-builder-row-1 nonhundred-percent-fullwidth non-hundred-percent-height-scrolling\" style=\"--awb-border-radius-top-left:0px;--awb-border-radius-top-right:0px;--awb-border-radius-bottom-right:0px;--awb-border-radius-bottom-left:0px;--awb-padding-top:0px;--awb-padding-right:30px;--awb-padding-bottom:0px;--awb-padding-left:30px;--awb-flex-wrap:wrap;\" ><div class=\"fusion-builder-row fusion-row\"><div class=\"fusion-layout-column fusion_builder_column fusion-builder-column-0 fusion_builder_column_1_2 1_2 fusion-one-half fusion-column-first\" style=\"--awb-bg-size:cover;width:50%;width:calc(50% - ( ( 4% ) * 0.5 ) );margin-right: 4%;\"><div class=\"fusion-column-wrapper fusion-column-has-shadow fusion-flex-column-wrapper-legacy\"><div class=\"fusion-text fusion-text-1\"><h1 align=\"left\">Extracciones de muelas del juicio<\/h1>\n<\/div><div class=\"fusion-sep-clear\"><\/div><div class=\"fusion-separator fusion-clearfix\" style=\"float:left;margin-top:22px;margin-bottom:25px;width:100%;max-width:100px;\"><div class=\"fusion-separator-border sep-single sep-solid\" style=\"--awb-height:20px;--awb-amount:20px;--awb-sep-color:#6589c0;border-color:#6589c0;border-top-width:2px;\"><\/div><\/div><div class=\"fusion-sep-clear\"><\/div><div class=\"fusion-text fusion-text-2\"><p style=\"text-align: left;\" align=\"left\">Los terceros molares, com\u00fanmente conocidos como muelas del juicio, suelen ser los \u00faltimos cuatro de los 32 dientes que erupcionan (salen a la superficie) en la boca, y generalmente hacen su aparici\u00f3n entre los 17 y los 25 a\u00f1os. Est\u00e1n situados en la parte posterior de la boca (arriba y abajo), cerca de la entrada de la garganta. El t\u00e9rmino \u00absabidur\u00eda\u00bb proviene de la idea de que los molares salen a la superficie en un momento t\u00edpicamente asociado a una mayor madurez o \u00absabidur\u00eda\u00bb.<\/p>\n<\/div><div class=\"fusion-text fusion-text-3\"><p><img decoding=\"async\" class=\"lazyload alignnone size-full wp-image-2039\" src=\"https:\/\/friendlysmilesdental.com\/wp-content\/uploads\/2020\/01\/permanent-teeth-slo.jpg\" data-orig-src=\"https:\/\/friendlysmilesdental.com\/wp-content\/uploads\/2020\/01\/permanent-teeth-slo.jpg\" alt=\"muelas del juicio diagrama dental\" width=\"550\" height=\"378\" srcset=\"data:image\/svg+xml,%3Csvg%20xmlns%3D%27http%3A%2F%2Fwww.w3.org%2F2000%2Fsvg%27%20width%3D%27550%27%20height%3D%27378%27%20viewBox%3D%270%200%20550%20378%27%3E%3Crect%20width%3D%27550%27%20height%3D%27378%27%20fill-opacity%3D%220%22%2F%3E%3C%2Fsvg%3E\" data-srcset=\"https:\/\/friendlysmilesdental.com\/wp-content\/uploads\/2020\/01\/permanent-teeth-slo-200x137.jpg 200w, https:\/\/friendlysmilesdental.com\/wp-content\/uploads\/2020\/01\/permanent-teeth-slo-300x206.jpg 300w, https:\/\/friendlysmilesdental.com\/wp-content\/uploads\/2020\/01\/permanent-teeth-slo-400x275.jpg 400w, https:\/\/friendlysmilesdental.com\/wp-content\/uploads\/2020\/01\/permanent-teeth-slo.jpg 550w\" data-sizes=\"auto\" data-orig-sizes=\"(max-width: 550px) 100vw, 550px\" \/><\/p>\n<\/div><div class=\"fusion-text fusion-text-4\"><p style=\"text-align: left;\" align=\"left\">En la mayor\u00eda de los casos, un espacio inadecuado en la boca no permite que las muelas del juicio erupcionen correctamente y lleguen a ser plenamente funcionales. Cuando esto ocurre, el diente puede quedar impactado (atascado) en una posici\u00f3n no deseada o potencialmente da\u00f1ina. Si no se tratan, las muelas del juicio retenidas pueden provocar infecciones, da\u00f1os en otros dientes y, posiblemente, quistes o tumores.<\/p>\n<p style=\"text-align: left;\" align=\"left\">Existen varios tipos, o grados, de impactaci\u00f3n en funci\u00f3n de la profundidad real de los dientes dentro de la mand\u00edbula:<\/p>\n<p style=\"text-align: left;\" align=\"left\"><strong>Impactaci\u00f3n del tejido blando<\/strong>: La parte superior del diente (la corona) ha penetrado a trav\u00e9s del hueso, pero la enc\u00eda est\u00e1 cubriendo parte o toda la corona del diente y no se ha colocado correctamente alrededor del diente. Como es dif\u00edcil mantener limpia la zona, la comida puede quedar atrapada debajo de la enc\u00eda y causar una infecci\u00f3n y\/o caries, lo que provoca dolor e inflamaci\u00f3n.<\/p>\n<p style=\"text-align: left;\" align=\"left\"><strong>Impacci\u00f3n \u00f3sea parcial<\/strong>: El diente ha erupcionado parcialmente, pero una parte de la corona permanece sumergida bajo la enc\u00eda y el hueso maxilar circundante. De nuevo, como es dif\u00edcil mantener limpia la zona, es habitual que se produzcan infecciones.<\/p>\n<p style=\"text-align: left;\" align=\"left\"><strong>Impacci\u00f3n \u00f3sea completa<\/strong>: El diente est\u00e1 completamente encajado por el hueso maxilar. Esto requerir\u00e1 t\u00e9cnicas de eliminaci\u00f3n m\u00e1s complejas.<\/p>\n<\/div><div class=\"fusion-text fusion-text-5\"><p><img decoding=\"async\" class=\"lazyload alignnone size-full wp-image-2041\" src=\"https:\/\/friendlysmilesdental.com\/wp-content\/uploads\/2020\/01\/wisdom-tooth-problems.jpg\" data-orig-src=\"https:\/\/friendlysmilesdental.com\/wp-content\/uploads\/2020\/01\/wisdom-tooth-problems.jpg\" alt=\"Diagrama de las muelas del juicio\" width=\"550\" height=\"378\" srcset=\"data:image\/svg+xml,%3Csvg%20xmlns%3D%27http%3A%2F%2Fwww.w3.org%2F2000%2Fsvg%27%20width%3D%27550%27%20height%3D%27378%27%20viewBox%3D%270%200%20550%20378%27%3E%3Crect%20width%3D%27550%27%20height%3D%27378%27%20fill-opacity%3D%220%22%2F%3E%3C%2Fsvg%3E\" data-srcset=\"https:\/\/friendlysmilesdental.com\/wp-content\/uploads\/2020\/01\/wisdom-tooth-problems-200x137.jpg 200w, https:\/\/friendlysmilesdental.com\/wp-content\/uploads\/2020\/01\/wisdom-tooth-problems-300x206.jpg 300w, https:\/\/friendlysmilesdental.com\/wp-content\/uploads\/2020\/01\/wisdom-tooth-problems-400x275.jpg 400w, https:\/\/friendlysmilesdental.com\/wp-content\/uploads\/2020\/01\/wisdom-tooth-problems.jpg 550w\" data-sizes=\"auto\" data-orig-sizes=\"(max-width: 550px) 100vw, 550px\" \/><\/p>\n<\/div><div class=\"fusion-clearfix\"><\/div><\/div><\/div><div class=\"fusion-layout-column fusion_builder_column fusion-builder-column-1 fusion_builder_column_1_2 1_2 fusion-one-half fusion-column-last\" style=\"--awb-bg-size:cover;width:50%;width:calc(50% - ( ( 4% ) * 0.5 ) );\"><div class=\"fusion-column-wrapper fusion-column-has-shadow fusion-flex-column-wrapper-legacy\"><div class=\"fusion-text fusion-text-6\"><p><img decoding=\"async\" class=\"lazyload alignnone size-full wp-image-2037\" src=\"https:\/\/friendlysmilesdental.com\/wp-content\/uploads\/2020\/01\/wisdom-teeth-slo.jpg\" data-orig-src=\"https:\/\/friendlysmilesdental.com\/wp-content\/uploads\/2020\/01\/wisdom-teeth-slo.jpg\" alt=\"Extracciones de muelas del juicio en San Luis Obispo\" width=\"550\" height=\"367\" srcset=\"data:image\/svg+xml,%3Csvg%20xmlns%3D%27http%3A%2F%2Fwww.w3.org%2F2000%2Fsvg%27%20width%3D%27550%27%20height%3D%27367%27%20viewBox%3D%270%200%20550%20367%27%3E%3Crect%20width%3D%27550%27%20height%3D%27367%27%20fill-opacity%3D%220%22%2F%3E%3C%2Fsvg%3E\" data-srcset=\"https:\/\/friendlysmilesdental.com\/wp-content\/uploads\/2020\/01\/wisdom-teeth-slo-200x133.jpg 200w, https:\/\/friendlysmilesdental.com\/wp-content\/uploads\/2020\/01\/wisdom-teeth-slo-300x200.jpg 300w, https:\/\/friendlysmilesdental.com\/wp-content\/uploads\/2020\/01\/wisdom-teeth-slo-400x267.jpg 400w, https:\/\/friendlysmilesdental.com\/wp-content\/uploads\/2020\/01\/wisdom-teeth-slo.jpg 550w\" data-sizes=\"auto\" data-orig-sizes=\"(max-width: 550px) 100vw, 550px\" \/><\/p>\n<\/div><div class=\"fusion-sep-clear\"><\/div><div class=\"fusion-separator fusion-full-width-sep\" style=\"margin-left: auto;margin-right: auto;margin-top:1%;margin-bottom:1%;width:100%;\"><\/div><div class=\"fusion-sep-clear\"><\/div><div class=\"fusion-text fusion-text-7\"><h2 align=\"left\">Razones para extraer las muelas del juicio<\/h2>\n<p style=\"text-align: left;\" align=\"left\">Aunque no todas las muelas del juicio requieren extracci\u00f3n, las extracciones de muelas del juicio se realizan con mayor frecuencia debido a un problema activo como dolor, inflamaci\u00f3n, caries o infecci\u00f3n, o como medida preventiva para evitar problemas graves en el futuro. Si se produce la impactaci\u00f3n de una o m\u00e1s muelas del juicio y no se trata, pueden producirse una serie de consecuencias potencialmente perjudiciales, entre las que se incluyen:<\/p>\n<ul>\n<li>\n<div style=\"text-align: left;\" align=\"left\">Da\u00f1os <strong>en los dientes cercanos<\/strong>: Los segundos molares (los dientes situados justo delante de las muelas del juicio) pueden verse afectados negativamente por las muelas del juicio retenidas, lo que provoca caries, enfermedad periodontal (enfermedad de las enc\u00edas) y posible p\u00e9rdida \u00f3sea.<\/div>\n<\/li>\n<li style=\"text-align: left;\">\n<div align=\"left\"><strong>Enfermedades<\/strong>: Aunque poco frecuentes, pueden aparecer quistes y tumores en las zonas que rodean a las muelas del juicio retenidas.<\/div>\n<\/li>\n<li style=\"text-align: left;\">\n<div align=\"left\"><strong>Infecci\u00f3n<\/strong>: Las bacterias y los alimentos pueden quedar atrapados bajo el tejido de las enc\u00edas, provocando una infecci\u00f3n. La infecci\u00f3n puede causar dolor y peligro considerables.<\/div>\n<\/li>\n<li>\n<div style=\"text-align: left;\" align=\"left\">Api\u00f1amiento <strong>dental<\/strong>: Se ha teorizado que las muelas del juicio impactadas pueden ejercer presi\u00f3n sobre otros dientes y provocar su desalineaci\u00f3n (api\u00f1amiento o torsi\u00f3n). Esta teor\u00eda no es aceptada universalmente por todos los profesionales de la odontolog\u00eda y nunca ha sido validada por ning\u00fan estudio cient\u00edfico.<\/div>\n<\/li>\n<\/ul>\n<h2 align=\"left\">Examen de las muelas del juicio<\/h2>\n<p style=\"text-align: left;\" align=\"left\">Al igual que con cualquier procedimiento dental, su dentista querr\u00e1 realizar inicialmente un examen exhaustivo de la muela del juicio y las muelas circundantes. Se tomar\u00e1n radiograf\u00edas panor\u00e1micas o digitales para que su dentista pueda evaluar la posici\u00f3n de las muelas del juicio y determinar si existe un problema actual, o la probabilidad de cualquier problema potencial en el futuro. Las radiograf\u00edas tambi\u00e9n pueden poner al descubierto factores de riesgo adicionales, como el deterioro o la caries de los dientes cercanos. Se recomienda una evaluaci\u00f3n y un tratamiento tempranos (normalmente a mediados de la adolescencia) para identificar posibles problemas y mejorar los resultados de los pacientes que requieren extracciones de muelas del juicio. S\u00f3lo tras un examen exhaustivo podr\u00e1 su dentista ofrecerle las mejores opciones para su caso particular.<\/p>\n<h2 align=\"left\">\u00bfEn qu\u00e9 consiste la extracci\u00f3n de las muelas del juicio?<\/h2>\n<p style=\"text-align: left;\" align=\"left\">La extracci\u00f3n de las muelas del juicio es un procedimiento com\u00fan, generalmente realizado bajo anestesia local, sedaci\u00f3n intravenosa (IV) o anestesia general por un dentista especialmente entrenado en una sala de cirug\u00eda de la oficina. La intervenci\u00f3n no requiere pasar la noche en el hospital, y se le dar\u00e1n instrucciones postoperatorias y medicaci\u00f3n (si es necesario) para ayudar a controlar la inflamaci\u00f3n o las molestias.<\/p>\n<\/div><div class=\"fusion-clearfix\"><\/div><\/div><\/div><\/div><\/div><div class=\"fusion-bg-parallax\" data-bg-align=\"center center\" data-direction=\"right\" data-mute=\"false\" data-opacity=\"100\" data-velocity=\"-0.8\" data-mobile-enabled=\"false\" data-break_parents=\"0\" data-bg-image=\"https:\/\/friendlysmilesdental.com\/wp-content\/uploads\/2020\/01\/best-san-luis-obispo-dentist.jpg\" data-bg-repeat=\"false\" ><\/div><div class=\"fusion-fullwidth fullwidth-box fusion-builder-row-2 fusion-parallax-right nonhundred-percent-fullwidth non-hundred-percent-height-scrolling lazyload\" style=\"--awb-border-radius-top-left:0px;--awb-border-radius-top-right:0px;--awb-border-radius-bottom-right:0px;--awb-border-radius-bottom-left:0px;--awb-padding-top:40px;--awb-padding-bottom:50px;--awb-background-size:cover;--awb-flex-wrap:wrap;\" data-bg=\"https:\/\/friendlysmilesdental.com\/wp-content\/uploads\/2020\/01\/best-san-luis-obispo-dentist.jpg\" ><div class=\"fusion-builder-row fusion-row\"><div class=\"fusion-layout-column fusion_builder_column fusion-builder-column-2 fusion_builder_column_1_1 1_1 fusion-one-full fusion-column-first fusion-column-last\" style=\"--awb-bg-size:cover;--awb-margin-top:3%;--awb-margin-bottom:3%;\"><div class=\"fusion-column-wrapper fusion-column-has-shadow fusion-flex-column-wrapper-legacy\"><div class=\"fusion-text fusion-text-8\"><h2 style=\"text-align: center;\"><span style=\"color: #ffffff;\">\u00bfListo para sonre\u00edr?<\/span><\/h2>\n<\/div><div class=\"fusion-sep-clear\"><\/div><div class=\"fusion-separator fusion-full-width-sep\" style=\"margin-left: auto;margin-right: auto;margin-top:15px;width:100%;\"><\/div><div class=\"fusion-sep-clear\"><\/div><div class=\"fusion-aligncenter\"><a class=\"fusion-button button-flat fusion-button-default-size button-custom fusion-button-default button-1 fusion-button-default-span fusion-button-default-type\" style=\"--button_accent_color:#ffffff;--button_accent_hover_color:#6487c2;--button_border_hover_color:#6487c2;--button_gradient_top_color:#4fc3a3;--button_gradient_bottom_color:#4fc3a3;--button_gradient_top_color_hover:#ffffff;--button_gradient_bottom_color_hover:#ffffff;\" target=\"_self\" href=\"https:\/\/friendlysmilesdental.com\/es\/reservar-cita\/\"><i class=\"fa-plus fas button-icon-left\" aria-hidden=\"true\"><\/i><span class=\"fusion-button-text\">Solicitar una cita<\/span><\/a><\/div><div class=\"fusion-sep-clear\"><\/div><div class=\"fusion-separator fusion-full-width-sep\" style=\"margin-left: auto;margin-right: auto;margin-top:15px;width:100%;\"><\/div><div class=\"fusion-sep-clear\"><\/div><div class=\"fusion-text fusion-text-9\"><h3 style=\"text-align: center;\"><span style=\"color: #ffffff;\">Estamos orgullosos de aceptar Medi-Cal y tomar la mayor\u00eda de las formas de seguro en todas nuestras oficinas dentales.<\/span><\/h3>\n<\/div><div class=\"fusion-clearfix\"><\/div><\/div><\/div><\/div><\/div><\/p>\n","protected":false},"excerpt":{"rendered":"","protected":false},"author":4,"featured_media":0,"parent":0,"menu_order":0,"comment_status":"closed","ping_status":"open","template":"100-width.php","meta":{"footnotes":""},"yoast_head":"<!-- This site is optimized with the Yoast SEO plugin v23.9 - https:\/\/yoast.com\/wordpress\/plugins\/seo\/ -->\n<title>Extracciones de Muelas del Juicio | San Luis Obispo Dentista Friendly Smiles<\/title>\n<meta name=\"description\" content=\"Las extracciones de muelas del juicio son una de nuestras especialidades en Friendly Smiles Dental Group. P\u00f3ngase en contacto con nosotros para una consulta.\" \/>\n<meta name=\"robots\" content=\"index, follow, max-snippet:-1, max-image-preview:large, max-video-preview:-1\" \/>\n<link rel=\"canonical\" href=\"https:\/\/friendlysmilesdental.com\/es\/extracciones-de-muelas-del-juicio\/\" \/>\n<meta property=\"og:locale\" content=\"es_ES\" \/>\n<meta property=\"og:type\" content=\"article\" \/>\n<meta property=\"og:title\" content=\"Extracciones de Muelas del Juicio | San Luis Obispo Dentista Friendly Smiles\" \/>\n<meta property=\"og:description\" content=\"Las extracciones de muelas del juicio son una de nuestras especialidades en Friendly Smiles Dental Group. P\u00f3ngase en contacto con nosotros para una consulta.\" \/>\n<meta property=\"og:url\" content=\"https:\/\/friendlysmilesdental.com\/es\/extracciones-de-muelas-del-juicio\/\" \/>\n<meta property=\"og:site_name\" content=\"Friendly Smiles Dental\" \/>\n<meta property=\"article:modified_time\" content=\"2024-04-09T17:14:46+00:00\" \/>\n<meta property=\"og:image\" content=\"https:\/\/friendlysmilesdental.com\/wp-content\/uploads\/2020\/01\/permanent-teeth-slo.jpg\" \/>\n<meta name=\"twitter:card\" content=\"summary_large_image\" \/>\n<meta name=\"twitter:label1\" content=\"Tiempo de lectura\" \/>\n\t<meta name=\"twitter:data1\" content=\"11 minutos\" \/>\n<script type=\"application\/ld+json\" class=\"yoast-schema-graph\">{\"@context\":\"https:\/\/schema.org\",\"@graph\":[{\"@type\":\"WebPage\",\"@id\":\"https:\/\/friendlysmilesdental.com\/es\/extracciones-de-muelas-del-juicio\/\",\"url\":\"https:\/\/friendlysmilesdental.com\/es\/extracciones-de-muelas-del-juicio\/\",\"name\":\"Extracciones de Muelas del Juicio | San Luis Obispo Dentista Friendly Smiles\",\"isPartOf\":{\"@id\":\"https:\/\/friendlysmilesdental.com\/es\/#website\"},\"primaryImageOfPage\":{\"@id\":\"https:\/\/friendlysmilesdental.com\/es\/extracciones-de-muelas-del-juicio\/#primaryimage\"},\"image\":{\"@id\":\"https:\/\/friendlysmilesdental.com\/es\/extracciones-de-muelas-del-juicio\/#primaryimage\"},\"thumbnailUrl\":\"https:\/\/friendlysmilesdental.com\/wp-content\/uploads\/2020\/01\/permanent-teeth-slo.jpg\",\"datePublished\":\"2019-10-09T18:16:46+00:00\",\"dateModified\":\"2024-04-09T17:14:46+00:00\",\"description\":\"Las extracciones de muelas del juicio son una de nuestras especialidades en Friendly Smiles Dental Group. P\u00f3ngase en contacto con nosotros para una consulta.\",\"breadcrumb\":{\"@id\":\"https:\/\/friendlysmilesdental.com\/es\/extracciones-de-muelas-del-juicio\/#breadcrumb\"},\"inLanguage\":\"es\",\"potentialAction\":[{\"@type\":\"ReadAction\",\"target\":[\"https:\/\/friendlysmilesdental.com\/es\/extracciones-de-muelas-del-juicio\/\"]}]},{\"@type\":\"ImageObject\",\"inLanguage\":\"es\",\"@id\":\"https:\/\/friendlysmilesdental.com\/es\/extracciones-de-muelas-del-juicio\/#primaryimage\",\"url\":\"https:\/\/friendlysmilesdental.com\/wp-content\/uploads\/2020\/01\/permanent-teeth-slo.jpg\",\"contentUrl\":\"https:\/\/friendlysmilesdental.com\/wp-content\/uploads\/2020\/01\/permanent-teeth-slo.jpg\"},{\"@type\":\"BreadcrumbList\",\"@id\":\"https:\/\/friendlysmilesdental.com\/es\/extracciones-de-muelas-del-juicio\/#breadcrumb\",\"itemListElement\":[{\"@type\":\"ListItem\",\"position\":1,\"name\":\"Home\",\"item\":\"https:\/\/friendlysmilesdental.com\/es\/inicio\/\"},{\"@type\":\"ListItem\",\"position\":2,\"name\":\"Extracciones de muelas del juicio\"}]},{\"@type\":\"WebSite\",\"@id\":\"https:\/\/friendlysmilesdental.com\/es\/#website\",\"url\":\"https:\/\/friendlysmilesdental.com\/es\/\",\"name\":\"Friendly Smiles Dental\",\"description\":\"Santa Maria Dentists | San Luis Obispo Dentists | King City Dentists\",\"potentialAction\":[{\"@type\":\"SearchAction\",\"target\":{\"@type\":\"EntryPoint\",\"urlTemplate\":\"https:\/\/friendlysmilesdental.com\/es\/?s={search_term_string}\"},\"query-input\":{\"@type\":\"PropertyValueSpecification\",\"valueRequired\":true,\"valueName\":\"search_term_string\"}}],\"inLanguage\":\"es\"}]}<\/script>\n<!-- \/ Yoast SEO plugin. -->","yoast_head_json":{"title":"Extracciones de Muelas del Juicio | San Luis Obispo Dentista Friendly Smiles","description":"Las extracciones de muelas del juicio son una de nuestras especialidades en Friendly Smiles Dental Group. P\u00f3ngase en contacto con nosotros para una consulta.","robots":{"index":"index","follow":"follow","max-snippet":"max-snippet:-1","max-image-preview":"max-image-preview:large","max-video-preview":"max-video-preview:-1"},"canonical":"https:\/\/friendlysmilesdental.com\/es\/extracciones-de-muelas-del-juicio\/","og_locale":"es_ES","og_type":"article","og_title":"Extracciones de Muelas del Juicio | San Luis Obispo Dentista Friendly Smiles","og_description":"Las extracciones de muelas del juicio son una de nuestras especialidades en Friendly Smiles Dental Group. P\u00f3ngase en contacto con nosotros para una consulta.","og_url":"https:\/\/friendlysmilesdental.com\/es\/extracciones-de-muelas-del-juicio\/","og_site_name":"Friendly Smiles Dental","article_modified_time":"2024-04-09T17:14:46+00:00","og_image":[{"url":"https:\/\/friendlysmilesdental.com\/wp-content\/uploads\/2020\/01\/permanent-teeth-slo.jpg"}],"twitter_card":"summary_large_image","twitter_misc":{"Tiempo de lectura":"11 minutos"},"schema":{"@context":"https:\/\/schema.org","@graph":[{"@type":"WebPage","@id":"https:\/\/friendlysmilesdental.com\/es\/extracciones-de-muelas-del-juicio\/","url":"https:\/\/friendlysmilesdental.com\/es\/extracciones-de-muelas-del-juicio\/","name":"Extracciones de Muelas del Juicio | San Luis Obispo Dentista Friendly Smiles","isPartOf":{"@id":"https:\/\/friendlysmilesdental.com\/es\/#website"},"primaryImageOfPage":{"@id":"https:\/\/friendlysmilesdental.com\/es\/extracciones-de-muelas-del-juicio\/#primaryimage"},"image":{"@id":"https:\/\/friendlysmilesdental.com\/es\/extracciones-de-muelas-del-juicio\/#primaryimage"},"thumbnailUrl":"https:\/\/friendlysmilesdental.com\/wp-content\/uploads\/2020\/01\/permanent-teeth-slo.jpg","datePublished":"2019-10-09T18:16:46+00:00","dateModified":"2024-04-09T17:14:46+00:00","description":"Las extracciones de muelas del juicio son una de nuestras especialidades en Friendly Smiles Dental Group. P\u00f3ngase en contacto con nosotros para una consulta.","breadcrumb":{"@id":"https:\/\/friendlysmilesdental.com\/es\/extracciones-de-muelas-del-juicio\/#breadcrumb"},"inLanguage":"es","potentialAction":[{"@type":"ReadAction","target":["https:\/\/friendlysmilesdental.com\/es\/extracciones-de-muelas-del-juicio\/"]}]},{"@type":"ImageObject","inLanguage":"es","@id":"https:\/\/friendlysmilesdental.com\/es\/extracciones-de-muelas-del-juicio\/#primaryimage","url":"https:\/\/friendlysmilesdental.com\/wp-content\/uploads\/2020\/01\/permanent-teeth-slo.jpg","contentUrl":"https:\/\/friendlysmilesdental.com\/wp-content\/uploads\/2020\/01\/permanent-teeth-slo.jpg"},{"@type":"BreadcrumbList","@id":"https:\/\/friendlysmilesdental.com\/es\/extracciones-de-muelas-del-juicio\/#breadcrumb","itemListElement":[{"@type":"ListItem","position":1,"name":"Home","item":"https:\/\/friendlysmilesdental.com\/es\/inicio\/"},{"@type":"ListItem","position":2,"name":"Extracciones de muelas del juicio"}]},{"@type":"WebSite","@id":"https:\/\/friendlysmilesdental.com\/es\/#website","url":"https:\/\/friendlysmilesdental.com\/es\/","name":"Friendly Smiles Dental","description":"Santa Maria Dentists | San Luis Obispo Dentists | King City Dentists","potentialAction":[{"@type":"SearchAction","target":{"@type":"EntryPoint","urlTemplate":"https:\/\/friendlysmilesdental.com\/es\/?s={search_term_string}"},"query-input":{"@type":"PropertyValueSpecification","valueRequired":true,"valueName":"search_term_string"}}],"inLanguage":"es"}]}},"_links":{"self":[{"href":"https:\/\/friendlysmilesdental.com\/es\/wp-json\/wp\/v2\/pages\/3015"}],"collection":[{"href":"https:\/\/friendlysmilesdental.com\/es\/wp-json\/wp\/v2\/pages"}],"about":[{"href":"https:\/\/friendlysmilesdental.com\/es\/wp-json\/wp\/v2\/types\/page"}],"author":[{"embeddable":true,"href":"https:\/\/friendlysmilesdental.com\/es\/wp-json\/wp\/v2\/users\/4"}],"replies":[{"embeddable":true,"href":"https:\/\/friendlysmilesdental.com\/es\/wp-json\/wp\/v2\/comments?post=3015"}],"version-history":[{"count":2,"href":"https:\/\/friendlysmilesdental.com\/es\/wp-json\/wp\/v2\/pages\/3015\/revisions"}],"predecessor-version":[{"id":3017,"href":"https:\/\/friendlysmilesdental.com\/es\/wp-json\/wp\/v2\/pages\/3015\/revisions\/3017"}],"wp:attachment":[{"href":"https:\/\/friendlysmilesdental.com\/es\/wp-json\/wp\/v2\/media?parent=3015"}],"curies":[{"name":"wp","href":"https:\/\/api.w.org\/{rel}","templated":true}]}}