{"id":3018,"date":"2019-10-17T19:44:54","date_gmt":"2019-10-17T19:44:54","guid":{"rendered":"https:\/\/friendlysmilesdental.com\/dentaduras-postizas\/"},"modified":"2024-06-28T20:06:51","modified_gmt":"2024-06-28T20:06:51","slug":"dentaduras-postizas","status":"publish","type":"page","link":"https:\/\/friendlysmilesdental.com\/es\/dentaduras-postizas\/","title":{"rendered":"Dentaduras postizas"},"content":{"rendered":"<p><div class=\"fusion-fullwidth fullwidth-box fusion-builder-row-1 nonhundred-percent-fullwidth non-hundred-percent-height-scrolling\" style=\"--awb-border-radius-top-left:0px;--awb-border-radius-top-right:0px;--awb-border-radius-bottom-right:0px;--awb-border-radius-bottom-left:0px;--awb-flex-wrap:wrap;\" ><div class=\"fusion-builder-row fusion-row\"><div class=\"fusion-layout-column fusion_builder_column fusion-builder-column-0 fusion_builder_column_1_2 1_2 fusion-one-half fusion-column-first\" style=\"--awb-bg-size:cover;width:50%;width:calc(50% - ( ( 4% ) * 0.5 ) );margin-right: 4%;\"><div class=\"fusion-column-wrapper fusion-column-has-shadow fusion-flex-column-wrapper-legacy\"><div class=\"fusion-text fusion-text-1\"><h1 align=\"left\">Acerca de las pr\u00f3tesis totales y parciales<\/h1>\n<\/div><div class=\"fusion-sep-clear\"><\/div><div class=\"fusion-separator fusion-clearfix\" style=\"float:left;margin-top:22px;margin-bottom:25px;width:100%;max-width:100px;\"><div class=\"fusion-separator-border sep-single sep-solid\" style=\"--awb-height:20px;--awb-amount:20px;--awb-sep-color:#6589c0;border-color:#6589c0;border-top-width:2px;\"><\/div><\/div><div class=\"fusion-sep-clear\"><\/div><div class=\"fusion-text fusion-text-2\"><p style=\"text-align: left;\" align=\"left\">Una dentadura postiza es un aparato dental extra\u00edble que sustituye a los dientes perdidos y el tejido circundante. Est\u00e1n hechos para parecerse mucho a sus dientes naturales y pueden incluso mejorar su sonrisa.<\/p>\n<p style=\"text-align: left;\" align=\"left\">Existen dos tipos de pr\u00f3tesis: <i>completas<\/i> y <i>parciales<\/i>. Las pr\u00f3tesis completas se utilizan cuando faltan todos los dientes. Las pr\u00f3tesis parciales se utilizan cuando quedan algunos dientes naturales, y no s\u00f3lo rellenan los espacios creados por los dientes que faltan, sino que tambi\u00e9n evitan que otros dientes se desplacen.<\/p>\n<p style=\"text-align: left;\" align=\"left\">Una dentadura completa puede ser \u00ab<i>convencional\u00bb<\/i>o \u00ab<i>inmediata<\/i>\u00ab. El tipo convencional se realiza una vez extra\u00eddos los dientes y cicatrizado el tejido gingival, lo que suele llevar de 4 a 6 semanas. Durante este tiempo el paciente ir\u00e1 sin dientes. Las pr\u00f3tesis inmediatas se fabrican con antelaci\u00f3n y se colocan inmediatamente despu\u00e9s de extraer los dientes, evitando as\u00ed que el paciente tenga que estar sin dientes durante el proceso de cicatrizaci\u00f3n. Una vez que los tejidos se contraigan y cicatricen, habr\u00e1 que hacer ajustes.<\/p>\n<h2 align=\"left\">Razones para llevar dentadura postiza:<\/h2>\n<ul type=\"disc\">\n<li>\n<div align=\"left\">Dentadura completa &#8211; P\u00e9rdida de todos los dientes de una arcada.<\/div>\n<\/li>\n<li>\n<div align=\"left\">Dentadura parcial &#8211; P\u00e9rdida de varios dientes de una arcada.<\/div>\n<\/li>\n<li>\n<div align=\"left\">Mejorar la sonrisa y los tejidos faciales.<\/div>\n<\/li>\n<li>\n<div align=\"left\">Mejora la masticaci\u00f3n, el habla y la digesti\u00f3n.<\/div>\n<\/li>\n<\/ul>\n<\/div><div class=\"fusion-clearfix\"><\/div><\/div><\/div><div class=\"fusion-layout-column fusion_builder_column fusion-builder-column-1 fusion_builder_column_1_2 1_2 fusion-one-half fusion-column-last\" style=\"--awb-bg-size:cover;width:50%;width:calc(50% - ( ( 4% ) * 0.5 ) );\"><div class=\"fusion-column-wrapper fusion-column-has-shadow fusion-flex-column-wrapper-legacy\"><div class=\"fusion-sep-clear\"><\/div><div class=\"fusion-separator fusion-full-width-sep\" style=\"margin-left: auto;margin-right: auto;margin-top:1%;margin-bottom:1%;width:100%;\"><\/div><div class=\"fusion-sep-clear\"><\/div><div class=\"fusion-text fusion-text-3\"><p><img decoding=\"async\" class=\"lazyload size-full wp-image-1897\" src=\"https:\/\/friendlysmilesdental.com\/wp-content\/uploads\/2020\/01\/san-luis-obispo-dentures.jpg\" data-orig-src=\"https:\/\/friendlysmilesdental.com\/wp-content\/uploads\/2020\/01\/san-luis-obispo-dentures.jpg\" alt=\"Pr\u00e1ctica de pr\u00f3tesis dentales en San Luis Obispo\" width=\"550\" height=\"367\" srcset=\"data:image\/svg+xml,%3Csvg%20xmlns%3D%27http%3A%2F%2Fwww.w3.org%2F2000%2Fsvg%27%20width%3D%27550%27%20height%3D%27367%27%20viewBox%3D%270%200%20550%20367%27%3E%3Crect%20width%3D%27550%27%20height%3D%27367%27%20fill-opacity%3D%220%22%2F%3E%3C%2Fsvg%3E\" data-srcset=\"https:\/\/friendlysmilesdental.com\/wp-content\/uploads\/2020\/01\/san-luis-obispo-dentures-200x133.jpg 200w, https:\/\/friendlysmilesdental.com\/wp-content\/uploads\/2020\/01\/san-luis-obispo-dentures-300x200.jpg 300w, https:\/\/friendlysmilesdental.com\/wp-content\/uploads\/2020\/01\/san-luis-obispo-dentures-400x267.jpg 400w, https:\/\/friendlysmilesdental.com\/wp-content\/uploads\/2020\/01\/san-luis-obispo-dentures.jpg 550w\" data-sizes=\"auto\" data-orig-sizes=\"(max-width: 550px) 100vw, 550px\" \/><\/p>\n<\/div><div class=\"fusion-sep-clear\"><\/div><div class=\"fusion-separator fusion-full-width-sep\" style=\"margin-left: auto;margin-right: auto;margin-top:1%;margin-bottom:1%;width:100%;\"><\/div><div class=\"fusion-sep-clear\"><\/div><div class=\"fusion-text fusion-text-4\"><h2 style=\"text-align: left;\" align=\"left\">\u00bfEn qu\u00e9 consiste una dentadura postiza?<\/h2>\n<p style=\"text-align: left;\" align=\"left\">El proceso de obtenci\u00f3n de pr\u00f3tesis dentales requiere varias citas, normalmente a lo largo de varias semanas. Despu\u00e9s de que uno de nuestros dentistas te califique como candidato para una dentadura completa o parcial, se toman impresiones (moldes) y medidas muy precisas que se utilizan para crear tu dentadura personalizada. Pueden ser necesarias varias citas de prueba para garantizar la forma, el color y el ajuste adecuados. En la cita final, su dentista ajustar\u00e1 y colocar\u00e1 con precisi\u00f3n la dentadura postiza terminada, garantizando un ajuste natural y c\u00f3modo.<\/p>\n<p style=\"text-align: left;\" align=\"left\">Es normal que experimente un aumento del flujo de saliva, algo de dolor y posibles dificultades para hablar y masticar; sin embargo, esto remitir\u00e1 a medida que sus m\u00fasculos y tejidos se acostumbren a la nueva dentadura.<\/p>\n<p align=\"left\">Las dentaduras postizas son aparatos muy duraderos y durar\u00e1n muchos a\u00f1os con los cuidados adecuados, pero puede ser necesario rehacerlas, repararlas o reajustarlas debido al desgaste normal. La limpieza adecuada de su nuevo aparato dental, una buena higiene bucal y las visitas peri\u00f3dicas al dentista contribuir\u00e1n a la vida \u00fatil de su nueva dentadura postiza.<\/p>\n<\/div><div class=\"fusion-sep-clear\"><\/div><div class=\"fusion-separator fusion-full-width-sep\" style=\"margin-left: auto;margin-right: auto;margin-top:1%;margin-bottom:1%;width:100%;\"><\/div><div class=\"fusion-sep-clear\"><\/div><div class=\"fusion-clearfix\"><\/div><\/div><\/div><\/div><\/div><div class=\"fusion-fullwidth fullwidth-box fusion-builder-row-2 nonhundred-percent-fullwidth non-hundred-percent-height-scrolling\" style=\"--awb-border-radius-top-left:0px;--awb-border-radius-top-right:0px;--awb-border-radius-bottom-right:0px;--awb-border-radius-bottom-left:0px;--awb-flex-wrap:wrap;\" ><div class=\"fusion-builder-row fusion-row\"><div class=\"fusion-layout-column fusion_builder_column fusion-builder-column-2 fusion_builder_column_1_2 1_2 fusion-one-half fusion-column-first\" style=\"--awb-bg-size:cover;width:50%;width:calc(50% - ( ( 4% ) * 0.5 ) );margin-right: 4%;\"><div class=\"fusion-column-wrapper fusion-column-has-shadow fusion-flex-column-wrapper-legacy\"><div class=\"fusion-clearfix\"><\/div><\/div><\/div><div class=\"fusion-layout-column fusion_builder_column fusion-builder-column-3 fusion_builder_column_1_2 1_2 fusion-one-half fusion-column-last\" style=\"--awb-bg-size:cover;width:50%;width:calc(50% - ( ( 4% ) * 0.5 ) );\"><div class=\"fusion-column-wrapper fusion-column-has-shadow fusion-flex-column-wrapper-legacy\"><div class=\"fusion-clearfix\"><\/div><\/div><\/div><\/div><\/div><div class=\"fusion-bg-parallax\" data-bg-align=\"center center\" data-direction=\"right\" data-mute=\"false\" data-opacity=\"100\" data-velocity=\"-0.8\" data-mobile-enabled=\"false\" data-break_parents=\"0\" data-bg-image=\"https:\/\/friendlysmilesdental.com\/wp-content\/uploads\/2020\/01\/best-san-luis-obispo-dentist.jpg\" data-bg-repeat=\"false\" ><\/div><div class=\"fusion-fullwidth fullwidth-box fusion-builder-row-3 fusion-parallax-right nonhundred-percent-fullwidth non-hundred-percent-height-scrolling lazyload\" style=\"--awb-border-radius-top-left:0px;--awb-border-radius-top-right:0px;--awb-border-radius-bottom-right:0px;--awb-border-radius-bottom-left:0px;--awb-padding-top:40px;--awb-padding-bottom:50px;--awb-background-size:cover;--awb-flex-wrap:wrap;\" data-bg=\"https:\/\/friendlysmilesdental.com\/wp-content\/uploads\/2020\/01\/best-san-luis-obispo-dentist.jpg\" ><div class=\"fusion-builder-row fusion-row\"><div class=\"fusion-layout-column fusion_builder_column fusion-builder-column-4 fusion_builder_column_1_1 1_1 fusion-one-full fusion-column-first fusion-column-last\" style=\"--awb-bg-size:cover;--awb-margin-top:3%;--awb-margin-bottom:3%;\"><div class=\"fusion-column-wrapper fusion-column-has-shadow fusion-flex-column-wrapper-legacy\"><div class=\"fusion-text fusion-text-5\"><h2 style=\"text-align: center;\"><span style=\"color: #ffffff;\">\u00bfListo para sonre\u00edr?<\/span><\/h2>\n<\/div><div class=\"fusion-sep-clear\"><\/div><div class=\"fusion-separator fusion-full-width-sep\" style=\"margin-left: auto;margin-right: auto;margin-top:15px;width:100%;\"><\/div><div class=\"fusion-sep-clear\"><\/div><div class=\"fusion-aligncenter\"><a class=\"fusion-button button-flat fusion-button-default-size button-custom fusion-button-default button-1 fusion-button-default-span fusion-button-default-type\" style=\"--button_accent_color:#ffffff;--button_accent_hover_color:#6487c2;--button_border_hover_color:#6487c2;--button_gradient_top_color:#4fc3a3;--button_gradient_bottom_color:#4fc3a3;--button_gradient_top_color_hover:#ffffff;--button_gradient_bottom_color_hover:#ffffff;\" target=\"_self\" href=\"https:\/\/friendlysmilesdental.com\/es\/reservar-cita\/\"><i class=\"fa-plus fas button-icon-left\" aria-hidden=\"true\"><\/i><span class=\"fusion-button-text\">Solicitar una cita<\/span><\/a><\/div><div class=\"fusion-sep-clear\"><\/div><div class=\"fusion-separator fusion-full-width-sep\" style=\"margin-left: auto;margin-right: auto;margin-top:15px;width:100%;\"><\/div><div class=\"fusion-sep-clear\"><\/div><div class=\"fusion-text fusion-text-6\"><h3 style=\"text-align: center;\"><span style=\"color: #ffffff;\">Estamos orgullosos de aceptar Medi-Cal y tomar la mayor\u00eda de las formas de seguro en todas nuestras oficinas dentales.<\/span><\/h3>\n<\/div><div class=\"fusion-clearfix\"><\/div><\/div><\/div><\/div><\/div><\/p>\n","protected":false},"excerpt":{"rendered":"","protected":false},"author":4,"featured_media":0,"parent":0,"menu_order":0,"comment_status":"closed","ping_status":"open","template":"100-width.php","meta":{"footnotes":""},"yoast_head":"<!-- This site is optimized with the Yoast SEO plugin v23.9 - https:\/\/yoast.com\/wordpress\/plugins\/seo\/ -->\n<title>Dentaduras | Dentista San Luis Obispo | Santa Maria | King City<\/title>\n<meta name=\"description\" content=\"Si usted est\u00e1 buscando un dentista San Luis Obispo para proporcionar dentaduras parciales y completas asequibles a los pacientes en la Costa Central de contacto Friendly Smiles.\" \/>\n<meta name=\"robots\" content=\"index, follow, max-snippet:-1, max-image-preview:large, max-video-preview:-1\" \/>\n<link rel=\"canonical\" href=\"https:\/\/friendlysmilesdental.com\/es\/dentaduras-postizas\/\" \/>\n<meta property=\"og:locale\" content=\"es_ES\" \/>\n<meta property=\"og:type\" content=\"article\" \/>\n<meta property=\"og:title\" content=\"Dentaduras | Dentista San Luis Obispo | Santa Maria | King City\" \/>\n<meta property=\"og:description\" content=\"Si usted est\u00e1 buscando un dentista San Luis Obispo para proporcionar dentaduras parciales y completas asequibles a los pacientes en la Costa Central de contacto Friendly Smiles.\" \/>\n<meta property=\"og:url\" content=\"https:\/\/friendlysmilesdental.com\/es\/dentaduras-postizas\/\" \/>\n<meta property=\"og:site_name\" content=\"Friendly Smiles Dental\" \/>\n<meta property=\"article:modified_time\" content=\"2024-06-28T20:06:51+00:00\" \/>\n<meta property=\"og:image\" content=\"https:\/\/friendlysmilesdental.com\/wp-content\/uploads\/2020\/01\/san-luis-obispo-dentures.jpg\" \/>\n<meta name=\"twitter:card\" content=\"summary_large_image\" \/>\n<meta name=\"twitter:label1\" content=\"Tiempo de lectura\" \/>\n\t<meta name=\"twitter:data1\" content=\"10 minutos\" \/>\n<script type=\"application\/ld+json\" class=\"yoast-schema-graph\">{\"@context\":\"https:\/\/schema.org\",\"@graph\":[{\"@type\":\"WebPage\",\"@id\":\"https:\/\/friendlysmilesdental.com\/es\/dentaduras-postizas\/\",\"url\":\"https:\/\/friendlysmilesdental.com\/es\/dentaduras-postizas\/\",\"name\":\"Dentaduras | Dentista San Luis Obispo | Santa Maria | King City\",\"isPartOf\":{\"@id\":\"https:\/\/friendlysmilesdental.com\/es\/#website\"},\"primaryImageOfPage\":{\"@id\":\"https:\/\/friendlysmilesdental.com\/es\/dentaduras-postizas\/#primaryimage\"},\"image\":{\"@id\":\"https:\/\/friendlysmilesdental.com\/es\/dentaduras-postizas\/#primaryimage\"},\"thumbnailUrl\":\"https:\/\/friendlysmilesdental.com\/wp-content\/uploads\/2020\/01\/san-luis-obispo-dentures.jpg\",\"datePublished\":\"2019-10-17T19:44:54+00:00\",\"dateModified\":\"2024-06-28T20:06:51+00:00\",\"description\":\"Si usted est\u00e1 buscando un dentista San Luis Obispo para proporcionar dentaduras parciales y completas asequibles a los pacientes en la Costa Central de contacto Friendly Smiles.\",\"breadcrumb\":{\"@id\":\"https:\/\/friendlysmilesdental.com\/es\/dentaduras-postizas\/#breadcrumb\"},\"inLanguage\":\"es\",\"potentialAction\":[{\"@type\":\"ReadAction\",\"target\":[\"https:\/\/friendlysmilesdental.com\/es\/dentaduras-postizas\/\"]}]},{\"@type\":\"ImageObject\",\"inLanguage\":\"es\",\"@id\":\"https:\/\/friendlysmilesdental.com\/es\/dentaduras-postizas\/#primaryimage\",\"url\":\"https:\/\/friendlysmilesdental.com\/wp-content\/uploads\/2020\/01\/san-luis-obispo-dentures.jpg\",\"contentUrl\":\"https:\/\/friendlysmilesdental.com\/wp-content\/uploads\/2020\/01\/san-luis-obispo-dentures.jpg\"},{\"@type\":\"BreadcrumbList\",\"@id\":\"https:\/\/friendlysmilesdental.com\/es\/dentaduras-postizas\/#breadcrumb\",\"itemListElement\":[{\"@type\":\"ListItem\",\"position\":1,\"name\":\"Home\",\"item\":\"https:\/\/friendlysmilesdental.com\/es\/inicio\/\"},{\"@type\":\"ListItem\",\"position\":2,\"name\":\"Dentaduras postizas\"}]},{\"@type\":\"WebSite\",\"@id\":\"https:\/\/friendlysmilesdental.com\/es\/#website\",\"url\":\"https:\/\/friendlysmilesdental.com\/es\/\",\"name\":\"Friendly Smiles Dental\",\"description\":\"Santa Maria Dentists | San Luis Obispo Dentists | King City Dentists\",\"potentialAction\":[{\"@type\":\"SearchAction\",\"target\":{\"@type\":\"EntryPoint\",\"urlTemplate\":\"https:\/\/friendlysmilesdental.com\/es\/?s={search_term_string}\"},\"query-input\":{\"@type\":\"PropertyValueSpecification\",\"valueRequired\":true,\"valueName\":\"search_term_string\"}}],\"inLanguage\":\"es\"}]}<\/script>\n<!-- \/ Yoast SEO plugin. -->","yoast_head_json":{"title":"Dentaduras | Dentista San Luis Obispo | Santa Maria | King City","description":"Si usted est\u00e1 buscando un dentista San Luis Obispo para proporcionar dentaduras parciales y completas asequibles a los pacientes en la Costa Central de contacto Friendly Smiles.","robots":{"index":"index","follow":"follow","max-snippet":"max-snippet:-1","max-image-preview":"max-image-preview:large","max-video-preview":"max-video-preview:-1"},"canonical":"https:\/\/friendlysmilesdental.com\/es\/dentaduras-postizas\/","og_locale":"es_ES","og_type":"article","og_title":"Dentaduras | Dentista San Luis Obispo | Santa Maria | King City","og_description":"Si usted est\u00e1 buscando un dentista San Luis Obispo para proporcionar dentaduras parciales y completas asequibles a los pacientes en la Costa Central de contacto Friendly Smiles.","og_url":"https:\/\/friendlysmilesdental.com\/es\/dentaduras-postizas\/","og_site_name":"Friendly Smiles Dental","article_modified_time":"2024-06-28T20:06:51+00:00","og_image":[{"url":"https:\/\/friendlysmilesdental.com\/wp-content\/uploads\/2020\/01\/san-luis-obispo-dentures.jpg"}],"twitter_card":"summary_large_image","twitter_misc":{"Tiempo de lectura":"10 minutos"},"schema":{"@context":"https:\/\/schema.org","@graph":[{"@type":"WebPage","@id":"https:\/\/friendlysmilesdental.com\/es\/dentaduras-postizas\/","url":"https:\/\/friendlysmilesdental.com\/es\/dentaduras-postizas\/","name":"Dentaduras | Dentista San Luis Obispo | Santa Maria | King City","isPartOf":{"@id":"https:\/\/friendlysmilesdental.com\/es\/#website"},"primaryImageOfPage":{"@id":"https:\/\/friendlysmilesdental.com\/es\/dentaduras-postizas\/#primaryimage"},"image":{"@id":"https:\/\/friendlysmilesdental.com\/es\/dentaduras-postizas\/#primaryimage"},"thumbnailUrl":"https:\/\/friendlysmilesdental.com\/wp-content\/uploads\/2020\/01\/san-luis-obispo-dentures.jpg","datePublished":"2019-10-17T19:44:54+00:00","dateModified":"2024-06-28T20:06:51+00:00","description":"Si usted est\u00e1 buscando un dentista San Luis Obispo para proporcionar dentaduras parciales y completas asequibles a los pacientes en la Costa Central de contacto Friendly Smiles.","breadcrumb":{"@id":"https:\/\/friendlysmilesdental.com\/es\/dentaduras-postizas\/#breadcrumb"},"inLanguage":"es","potentialAction":[{"@type":"ReadAction","target":["https:\/\/friendlysmilesdental.com\/es\/dentaduras-postizas\/"]}]},{"@type":"ImageObject","inLanguage":"es","@id":"https:\/\/friendlysmilesdental.com\/es\/dentaduras-postizas\/#primaryimage","url":"https:\/\/friendlysmilesdental.com\/wp-content\/uploads\/2020\/01\/san-luis-obispo-dentures.jpg","contentUrl":"https:\/\/friendlysmilesdental.com\/wp-content\/uploads\/2020\/01\/san-luis-obispo-dentures.jpg"},{"@type":"BreadcrumbList","@id":"https:\/\/friendlysmilesdental.com\/es\/dentaduras-postizas\/#breadcrumb","itemListElement":[{"@type":"ListItem","position":1,"name":"Home","item":"https:\/\/friendlysmilesdental.com\/es\/inicio\/"},{"@type":"ListItem","position":2,"name":"Dentaduras postizas"}]},{"@type":"WebSite","@id":"https:\/\/friendlysmilesdental.com\/es\/#website","url":"https:\/\/friendlysmilesdental.com\/es\/","name":"Friendly Smiles Dental","description":"Santa Maria Dentists | San Luis Obispo Dentists | King City Dentists","potentialAction":[{"@type":"SearchAction","target":{"@type":"EntryPoint","urlTemplate":"https:\/\/friendlysmilesdental.com\/es\/?s={search_term_string}"},"query-input":{"@type":"PropertyValueSpecification","valueRequired":true,"valueName":"search_term_string"}}],"inLanguage":"es"}]}},"_links":{"self":[{"href":"https:\/\/friendlysmilesdental.com\/es\/wp-json\/wp\/v2\/pages\/3018"}],"collection":[{"href":"https:\/\/friendlysmilesdental.com\/es\/wp-json\/wp\/v2\/pages"}],"about":[{"href":"https:\/\/friendlysmilesdental.com\/es\/wp-json\/wp\/v2\/types\/page"}],"author":[{"embeddable":true,"href":"https:\/\/friendlysmilesdental.com\/es\/wp-json\/wp\/v2\/users\/4"}],"replies":[{"embeddable":true,"href":"https:\/\/friendlysmilesdental.com\/es\/wp-json\/wp\/v2\/comments?post=3018"}],"version-history":[{"count":4,"href":"https:\/\/friendlysmilesdental.com\/es\/wp-json\/wp\/v2\/pages\/3018\/revisions"}],"predecessor-version":[{"id":3160,"href":"https:\/\/friendlysmilesdental.com\/es\/wp-json\/wp\/v2\/pages\/3018\/revisions\/3160"}],"wp:attachment":[{"href":"https:\/\/friendlysmilesdental.com\/es\/wp-json\/wp\/v2\/media?parent=3018"}],"curies":[{"name":"wp","href":"https:\/\/api.w.org\/{rel}","templated":true}]}}