{"id":3021,"date":"2019-10-09T18:22:09","date_gmt":"2019-10-09T18:22:09","guid":{"rendered":"https:\/\/friendlysmilesdental.com\/apnea-del-sueno\/"},"modified":"2024-04-09T17:18:57","modified_gmt":"2024-04-09T17:18:57","slug":"apnea-del-sueno","status":"publish","type":"page","link":"https:\/\/friendlysmilesdental.com\/es\/apnea-del-sueno\/","title":{"rendered":"Apnea del sue\u00f1o"},"content":{"rendered":"<p><div class=\"fusion-fullwidth fullwidth-box fusion-builder-row-1 nonhundred-percent-fullwidth non-hundred-percent-height-scrolling\" style=\"--awb-border-radius-top-left:0px;--awb-border-radius-top-right:0px;--awb-border-radius-bottom-right:0px;--awb-border-radius-bottom-left:0px;--awb-padding-top:0px;--awb-padding-right:30px;--awb-padding-bottom:0px;--awb-padding-left:30px;--awb-flex-wrap:wrap;\" ><div class=\"fusion-builder-row fusion-row\"><div class=\"fusion-layout-column fusion_builder_column fusion-builder-column-0 fusion_builder_column_1_2 1_2 fusion-one-half fusion-column-first\" style=\"--awb-bg-size:cover;width:50%;width:calc(50% - ( ( 4% ) * 0.5 ) );margin-right: 4%;\"><div class=\"fusion-column-wrapper fusion-column-has-shadow fusion-flex-column-wrapper-legacy\"><div class=\"fusion-text fusion-text-1\"><h1 align=\"left\">Apnea del sue\u00f1o<\/h1>\n<\/div><div class=\"fusion-sep-clear\"><\/div><div class=\"fusion-separator fusion-clearfix\" style=\"float:left;margin-top:22px;margin-bottom:25px;width:100%;max-width:100px;\"><div class=\"fusion-separator-border sep-single sep-solid\" style=\"--awb-height:20px;--awb-amount:20px;--awb-sep-color:#6589c0;border-color:#6589c0;border-top-width:2px;\"><\/div><\/div><div class=\"fusion-sep-clear\"><\/div><div class=\"fusion-text fusion-text-2\"><p style=\"text-align: left;\" align=\"left\">La apnea del sue\u00f1o es un trastorno del sue\u00f1o potencialmente mortal que se caracteriza por pausas repetidas en la respiraci\u00f3n durante el sue\u00f1o. El t\u00e9rmino apnea del sue\u00f1o procede de la etimolog\u00eda griega y significa \u00absin respiraci\u00f3n\u00bb. Las pausas respiratorias pueden durar desde varios segundos hasta minutos, y ocurrir hasta 30 veces o m\u00e1s por hora. La interrupci\u00f3n continua de la respiraci\u00f3n provoca un desequilibrio entre los niveles de di\u00f3xido de carbono y ox\u00edgeno en el torrente sangu\u00edneo, ya que no sale suficiente di\u00f3xido de carbono y no entra suficiente ox\u00edgeno en el organismo.<\/p>\n<p style=\"text-align: left;\" align=\"left\">Al detectar este desequilibrio, el cerebro env\u00eda un mensaje al cuerpo, indic\u00e1ndole que se despierte para reiniciar el proceso de respiraci\u00f3n. Las personas con apnea del sue\u00f1o se despiertan parcialmente mientras luchan por respirar, y esto suele ir acompa\u00f1ado de fuertes ronquidos o sensaci\u00f3n de ahogo. Dado que las personas con apnea del sue\u00f1o no siempre est\u00e1n completamente despiertas durante los episodios, a menudo no son conscientes de que padecen un trastorno del sue\u00f1o y \u00e9ste puede quedar sin diagnosticar.<\/p>\n<p style=\"text-align: left;\" align=\"left\">Existen dos tipos principales de este trastorno <strong><br \/>\n  <em>la apnea central del sue\u00f1o<\/em><br \/>\n<\/strong> que se produce cuando el cerebro no env\u00eda se\u00f1ales importantes a los m\u00fasculos respiratorios, y la <em><br \/>\n  <strong>apnea obstructiva del sue\u00f1o<\/strong><br \/>\n<\/em> que se produce cuando el aire no puede pasar por la nariz o la boca aunque el cuerpo siga intentando respirar. La apnea obstructiva del sue\u00f1o es mucho m\u00e1s frecuente y f\u00e1cil de tratar por el dentista.<\/p>\n<p style=\"text-align: left;\" align=\"left\">Los signos m\u00e1s comunes de la apnea obstructiva del sue\u00f1o pueden ser fuertes dolores de cabeza a primera hora de la ma\u00f1ana, somnolencia diurna e insomnio. Afortunadamente, el dentista est\u00e1 equipado con la tecnolog\u00eda y los conocimientos necesarios para tratar la apnea del sue\u00f1o de varias formas distintas.<\/p>\n<h2 align=\"left\">Motivo del tratamiento de la apnea del sue\u00f1o<\/h2>\n<p style=\"text-align: left;\" align=\"left\">Es muy importante buscar atenci\u00f3n m\u00e9dica si se sospecha de apnea del sue\u00f1o. Un enfermo puede pararse por completo numerosas veces por hora, y esto puede convertirse r\u00e1pidamente en una situaci\u00f3n mortal. La apnea obstructiva del sue\u00f1o se produce cuando el tejido blando situado en la parte posterior de la garganta del paciente se colapsa en las v\u00edas respiratorias. La lengua cae entonces hacia la parte posterior de la garganta, lo que tensa la obstrucci\u00f3n e impide la entrada de ox\u00edgeno en los pulmones.<\/p>\n<p style=\"text-align: left;\" align=\"left\">El problema se agrava cuando la regi\u00f3n tor\u00e1cica, el diafragma y el abdomen luchan por respirar. Los esfuerzos que realizan para obtener el ox\u00edgeno vital s\u00f3lo provocan un mayor estrechamiento de la obstrucci\u00f3n. El paciente debe despertarse del sue\u00f1o profundo para tensar la lengua y retirar el tejido blando de las v\u00edas respiratorias.<\/p>\n<p style=\"text-align: left;\" align=\"left\">Como la apnea del sue\u00f1o hace que se disparen los niveles de di\u00f3xido de carbono en la sangre y disminuyan los de ox\u00edgeno, el coraz\u00f3n tiene que bombear m\u00e1s fuerte y m\u00e1s deprisa para compensar la falta de ox\u00edgeno. Los pacientes con apnea del sue\u00f1o pueden \u00abmorir\u00bb t\u00e9cnicamente muchas veces cada noche. La apnea del sue\u00f1o se ha relacionado con una serie de afecciones cardiacas graves, por lo que el dentista debe investigarla lo antes posible.<\/p>\n<\/div><div class=\"fusion-clearfix\"><\/div><\/div><\/div><div class=\"fusion-layout-column fusion_builder_column fusion-builder-column-1 fusion_builder_column_1_2 1_2 fusion-one-half fusion-column-last\" style=\"--awb-bg-size:cover;width:50%;width:calc(50% - ( ( 4% ) * 0.5 ) );\"><div class=\"fusion-column-wrapper fusion-column-has-shadow fusion-flex-column-wrapper-legacy\"><div class=\"fusion-text fusion-text-3\"><p><img decoding=\"async\" class=\"lazyload alignnone size-full wp-image-2033\" src=\"https:\/\/friendlysmilesdental.com\/wp-content\/uploads\/2020\/01\/sleep-apnea-slo.jpg\" data-orig-src=\"https:\/\/friendlysmilesdental.com\/wp-content\/uploads\/2020\/01\/sleep-apnea-slo.jpg\" alt=\"Apnea del sue\u00f1o slo dentista Friendly Smiles\" width=\"550\" height=\"367\" srcset=\"data:image\/svg+xml,%3Csvg%20xmlns%3D%27http%3A%2F%2Fwww.w3.org%2F2000%2Fsvg%27%20width%3D%27550%27%20height%3D%27367%27%20viewBox%3D%270%200%20550%20367%27%3E%3Crect%20width%3D%27550%27%20height%3D%27367%27%20fill-opacity%3D%220%22%2F%3E%3C%2Fsvg%3E\" data-srcset=\"https:\/\/friendlysmilesdental.com\/wp-content\/uploads\/2020\/01\/sleep-apnea-slo-200x133.jpg 200w, https:\/\/friendlysmilesdental.com\/wp-content\/uploads\/2020\/01\/sleep-apnea-slo-300x200.jpg 300w, https:\/\/friendlysmilesdental.com\/wp-content\/uploads\/2020\/01\/sleep-apnea-slo-400x267.jpg 400w, https:\/\/friendlysmilesdental.com\/wp-content\/uploads\/2020\/01\/sleep-apnea-slo.jpg 550w\" data-sizes=\"auto\" data-orig-sizes=\"(max-width: 550px) 100vw, 550px\" \/><\/p>\n<\/div><div class=\"fusion-sep-clear\"><\/div><div class=\"fusion-separator fusion-full-width-sep\" style=\"margin-left: auto;margin-right: auto;margin-top:1%;margin-bottom:1%;width:100%;\"><\/div><div class=\"fusion-sep-clear\"><\/div><div class=\"fusion-text fusion-text-4\"><h2 align=\"left\">\u00bfEn qu\u00e9 consiste el tratamiento de la apnea del sue\u00f1o?<\/h2>\n<p style=\"text-align: left;\" align=\"left\">Inicialmente, el dentista querr\u00e1 realizar pruebas para investigar, diagnosticar y determinar un tratamiento adecuado. El dentista puede ofrecer muchas opciones de tratamiento diferentes que dependen en gran medida del diagn\u00f3stico exacto y de la salud del paciente. El dentista puede aconsejar al paciente que abandone algunos h\u00e1bitos que agravan la apnea del sue\u00f1o, como el tabaquismo, el consumo de alcohol y el uso de tranquilizantes.<\/p>\n<p style=\"text-align: left;\" align=\"left\">Los antifaces para dormir se utilizaban tradicionalmente para mantener abiertas las v\u00edas respiratorias del paciente mientras dorm\u00eda, pero hoy en d\u00eda existen algunas opciones menos intrusivas. Los dispositivos dentales que empujan suavemente el maxilar inferior hacia delante son muy eficaces para evitar que la lengua obstruya el paso principal de aire. Estos dispositivos dentales son suaves, f\u00e1ciles de llevar y a menudo ayudan a los pacientes a evitar cirug\u00edas no deseadas.<\/p>\n<p style=\"text-align: left;\" align=\"left\">Una soluci\u00f3n m\u00e1s permanente es someterse a una intervenci\u00f3n quir\u00fargica que seccione el maxilar inferior y ayude a tirar ligeramente hacia delante del hueso que sujeta la lengua. Esta cirug\u00eda tiene una tasa de \u00e9xito impresionante y es sencilla de realizar para el dentista o el cirujano oral. El dentista debe hacer un diagn\u00f3stico formal de cada caso antes de recomendar la mejor actuaci\u00f3n.<\/p>\n<p align=\"left\">Llame a una de nuestras tres oficinas dentales de la Costa Central de California para programar una consulta sobre la apnea del sue\u00f1o.<\/p>\n<\/div><div class=\"fusion-clearfix\"><\/div><\/div><\/div><\/div><\/div><div class=\"fusion-bg-parallax\" data-bg-align=\"center center\" data-direction=\"right\" data-mute=\"false\" data-opacity=\"100\" data-velocity=\"-0.8\" data-mobile-enabled=\"false\" data-break_parents=\"0\" data-bg-image=\"https:\/\/friendlysmilesdental.com\/wp-content\/uploads\/2020\/01\/best-san-luis-obispo-dentist.jpg\" data-bg-repeat=\"false\" ><\/div><div class=\"fusion-fullwidth fullwidth-box fusion-builder-row-2 fusion-parallax-right nonhundred-percent-fullwidth non-hundred-percent-height-scrolling lazyload\" style=\"--awb-border-radius-top-left:0px;--awb-border-radius-top-right:0px;--awb-border-radius-bottom-right:0px;--awb-border-radius-bottom-left:0px;--awb-padding-top:40px;--awb-padding-bottom:50px;--awb-background-size:cover;--awb-flex-wrap:wrap;\" data-bg=\"https:\/\/friendlysmilesdental.com\/wp-content\/uploads\/2020\/01\/best-san-luis-obispo-dentist.jpg\" ><div class=\"fusion-builder-row fusion-row\"><div class=\"fusion-layout-column fusion_builder_column fusion-builder-column-2 fusion_builder_column_1_1 1_1 fusion-one-full fusion-column-first fusion-column-last\" style=\"--awb-bg-size:cover;--awb-margin-top:3%;--awb-margin-bottom:3%;\"><div class=\"fusion-column-wrapper fusion-column-has-shadow fusion-flex-column-wrapper-legacy\"><div class=\"fusion-text fusion-text-5\"><h2 style=\"text-align: center;\"><span style=\"color: #ffffff;\">\u00bfListo para sonre\u00edr?<\/span><\/h2>\n<\/div><div class=\"fusion-sep-clear\"><\/div><div class=\"fusion-separator fusion-full-width-sep\" style=\"margin-left: auto;margin-right: auto;margin-top:15px;width:100%;\"><\/div><div class=\"fusion-sep-clear\"><\/div><div class=\"fusion-aligncenter\"><a class=\"fusion-button button-flat fusion-button-default-size button-custom fusion-button-default button-1 fusion-button-default-span fusion-button-default-type\" style=\"--button_accent_color:#ffffff;--button_accent_hover_color:#6487c2;--button_border_hover_color:#6487c2;--button_gradient_top_color:#4fc3a3;--button_gradient_bottom_color:#4fc3a3;--button_gradient_top_color_hover:#ffffff;--button_gradient_bottom_color_hover:#ffffff;\" target=\"_self\" href=\"https:\/\/friendlysmilesdental.com\/es\/reservar-cita\/\"><i class=\"fa-plus fas button-icon-left\" aria-hidden=\"true\"><\/i><span class=\"fusion-button-text\">Solicitar una cita<\/span><\/a><\/div><div class=\"fusion-sep-clear\"><\/div><div class=\"fusion-separator fusion-full-width-sep\" style=\"margin-left: auto;margin-right: auto;margin-top:15px;width:100%;\"><\/div><div class=\"fusion-sep-clear\"><\/div><div class=\"fusion-text fusion-text-6\"><h3 style=\"text-align: center;\"><span style=\"color: #ffffff;\">Estamos orgullosos de aceptar Medi-Cal y tomar la mayor\u00eda de las formas de seguro en todas nuestras oficinas dentales.<\/span><\/h3>\n<\/div><div class=\"fusion-clearfix\"><\/div><\/div><\/div><\/div><\/div><\/p>\n","protected":false},"excerpt":{"rendered":"","protected":false},"author":4,"featured_media":0,"parent":0,"menu_order":0,"comment_status":"closed","ping_status":"open","template":"100-width.php","meta":{"footnotes":""},"yoast_head":"<!-- This site is optimized with the Yoast SEO plugin v23.9 - https:\/\/yoast.com\/wordpress\/plugins\/seo\/ -->\n<title>Apnea del Sue\u00f1o | San Luis Obispo Dentistas Friendly Smiles | Santa Maria<\/title>\n<meta name=\"description\" content=\"La apnea del sue\u00f1o es un trastorno del sue\u00f1o potencialmente mortal que se caracteriza por pausas repetidas en la respiraci\u00f3n durante el sue\u00f1o.\" \/>\n<meta name=\"robots\" content=\"index, follow, max-snippet:-1, max-image-preview:large, max-video-preview:-1\" \/>\n<link rel=\"canonical\" href=\"https:\/\/friendlysmilesdental.com\/es\/apnea-del-sueno\/\" \/>\n<meta property=\"og:locale\" content=\"es_ES\" \/>\n<meta property=\"og:type\" content=\"article\" \/>\n<meta property=\"og:title\" content=\"Apnea del Sue\u00f1o | San Luis Obispo Dentistas Friendly Smiles | Santa Maria\" \/>\n<meta property=\"og:description\" content=\"La apnea del sue\u00f1o es un trastorno del sue\u00f1o potencialmente mortal que se caracteriza por pausas repetidas en la respiraci\u00f3n durante el sue\u00f1o.\" \/>\n<meta property=\"og:url\" content=\"https:\/\/friendlysmilesdental.com\/es\/apnea-del-sueno\/\" \/>\n<meta property=\"og:site_name\" content=\"Friendly Smiles Dental\" \/>\n<meta property=\"article:modified_time\" content=\"2024-04-09T17:18:57+00:00\" \/>\n<meta property=\"og:image\" content=\"https:\/\/friendlysmilesdental.com\/wp-content\/uploads\/2020\/01\/sleep-apnea-slo.jpg\" \/>\n<meta name=\"twitter:card\" content=\"summary_large_image\" \/>\n<meta name=\"twitter:label1\" content=\"Tiempo de lectura\" \/>\n\t<meta name=\"twitter:data1\" content=\"11 minutos\" \/>\n<script type=\"application\/ld+json\" class=\"yoast-schema-graph\">{\"@context\":\"https:\/\/schema.org\",\"@graph\":[{\"@type\":\"WebPage\",\"@id\":\"https:\/\/friendlysmilesdental.com\/es\/apnea-del-sueno\/\",\"url\":\"https:\/\/friendlysmilesdental.com\/es\/apnea-del-sueno\/\",\"name\":\"Apnea del Sue\u00f1o | San Luis Obispo Dentistas Friendly Smiles | Santa Maria\",\"isPartOf\":{\"@id\":\"https:\/\/friendlysmilesdental.com\/es\/#website\"},\"primaryImageOfPage\":{\"@id\":\"https:\/\/friendlysmilesdental.com\/es\/apnea-del-sueno\/#primaryimage\"},\"image\":{\"@id\":\"https:\/\/friendlysmilesdental.com\/es\/apnea-del-sueno\/#primaryimage\"},\"thumbnailUrl\":\"https:\/\/friendlysmilesdental.com\/wp-content\/uploads\/2020\/01\/sleep-apnea-slo.jpg\",\"datePublished\":\"2019-10-09T18:22:09+00:00\",\"dateModified\":\"2024-04-09T17:18:57+00:00\",\"description\":\"La apnea del sue\u00f1o es un trastorno del sue\u00f1o potencialmente mortal que se caracteriza por pausas repetidas en la respiraci\u00f3n durante el sue\u00f1o.\",\"breadcrumb\":{\"@id\":\"https:\/\/friendlysmilesdental.com\/es\/apnea-del-sueno\/#breadcrumb\"},\"inLanguage\":\"es\",\"potentialAction\":[{\"@type\":\"ReadAction\",\"target\":[\"https:\/\/friendlysmilesdental.com\/es\/apnea-del-sueno\/\"]}]},{\"@type\":\"ImageObject\",\"inLanguage\":\"es\",\"@id\":\"https:\/\/friendlysmilesdental.com\/es\/apnea-del-sueno\/#primaryimage\",\"url\":\"https:\/\/friendlysmilesdental.com\/wp-content\/uploads\/2020\/01\/sleep-apnea-slo.jpg\",\"contentUrl\":\"https:\/\/friendlysmilesdental.com\/wp-content\/uploads\/2020\/01\/sleep-apnea-slo.jpg\"},{\"@type\":\"BreadcrumbList\",\"@id\":\"https:\/\/friendlysmilesdental.com\/es\/apnea-del-sueno\/#breadcrumb\",\"itemListElement\":[{\"@type\":\"ListItem\",\"position\":1,\"name\":\"Home\",\"item\":\"https:\/\/friendlysmilesdental.com\/es\/inicio\/\"},{\"@type\":\"ListItem\",\"position\":2,\"name\":\"Apnea del sue\u00f1o\"}]},{\"@type\":\"WebSite\",\"@id\":\"https:\/\/friendlysmilesdental.com\/es\/#website\",\"url\":\"https:\/\/friendlysmilesdental.com\/es\/\",\"name\":\"Friendly Smiles Dental\",\"description\":\"Santa Maria Dentists | San Luis Obispo Dentists | King City Dentists\",\"potentialAction\":[{\"@type\":\"SearchAction\",\"target\":{\"@type\":\"EntryPoint\",\"urlTemplate\":\"https:\/\/friendlysmilesdental.com\/es\/?s={search_term_string}\"},\"query-input\":{\"@type\":\"PropertyValueSpecification\",\"valueRequired\":true,\"valueName\":\"search_term_string\"}}],\"inLanguage\":\"es\"}]}<\/script>\n<!-- \/ Yoast SEO plugin. -->","yoast_head_json":{"title":"Apnea del Sue\u00f1o | San Luis Obispo Dentistas Friendly Smiles | Santa Maria","description":"La apnea del sue\u00f1o es un trastorno del sue\u00f1o potencialmente mortal que se caracteriza por pausas repetidas en la respiraci\u00f3n durante el sue\u00f1o.","robots":{"index":"index","follow":"follow","max-snippet":"max-snippet:-1","max-image-preview":"max-image-preview:large","max-video-preview":"max-video-preview:-1"},"canonical":"https:\/\/friendlysmilesdental.com\/es\/apnea-del-sueno\/","og_locale":"es_ES","og_type":"article","og_title":"Apnea del Sue\u00f1o | San Luis Obispo Dentistas Friendly Smiles | Santa Maria","og_description":"La apnea del sue\u00f1o es un trastorno del sue\u00f1o potencialmente mortal que se caracteriza por pausas repetidas en la respiraci\u00f3n durante el sue\u00f1o.","og_url":"https:\/\/friendlysmilesdental.com\/es\/apnea-del-sueno\/","og_site_name":"Friendly Smiles Dental","article_modified_time":"2024-04-09T17:18:57+00:00","og_image":[{"url":"https:\/\/friendlysmilesdental.com\/wp-content\/uploads\/2020\/01\/sleep-apnea-slo.jpg"}],"twitter_card":"summary_large_image","twitter_misc":{"Tiempo de lectura":"11 minutos"},"schema":{"@context":"https:\/\/schema.org","@graph":[{"@type":"WebPage","@id":"https:\/\/friendlysmilesdental.com\/es\/apnea-del-sueno\/","url":"https:\/\/friendlysmilesdental.com\/es\/apnea-del-sueno\/","name":"Apnea del Sue\u00f1o | San Luis Obispo Dentistas Friendly Smiles | Santa Maria","isPartOf":{"@id":"https:\/\/friendlysmilesdental.com\/es\/#website"},"primaryImageOfPage":{"@id":"https:\/\/friendlysmilesdental.com\/es\/apnea-del-sueno\/#primaryimage"},"image":{"@id":"https:\/\/friendlysmilesdental.com\/es\/apnea-del-sueno\/#primaryimage"},"thumbnailUrl":"https:\/\/friendlysmilesdental.com\/wp-content\/uploads\/2020\/01\/sleep-apnea-slo.jpg","datePublished":"2019-10-09T18:22:09+00:00","dateModified":"2024-04-09T17:18:57+00:00","description":"La apnea del sue\u00f1o es un trastorno del sue\u00f1o potencialmente mortal que se caracteriza por pausas repetidas en la respiraci\u00f3n durante el sue\u00f1o.","breadcrumb":{"@id":"https:\/\/friendlysmilesdental.com\/es\/apnea-del-sueno\/#breadcrumb"},"inLanguage":"es","potentialAction":[{"@type":"ReadAction","target":["https:\/\/friendlysmilesdental.com\/es\/apnea-del-sueno\/"]}]},{"@type":"ImageObject","inLanguage":"es","@id":"https:\/\/friendlysmilesdental.com\/es\/apnea-del-sueno\/#primaryimage","url":"https:\/\/friendlysmilesdental.com\/wp-content\/uploads\/2020\/01\/sleep-apnea-slo.jpg","contentUrl":"https:\/\/friendlysmilesdental.com\/wp-content\/uploads\/2020\/01\/sleep-apnea-slo.jpg"},{"@type":"BreadcrumbList","@id":"https:\/\/friendlysmilesdental.com\/es\/apnea-del-sueno\/#breadcrumb","itemListElement":[{"@type":"ListItem","position":1,"name":"Home","item":"https:\/\/friendlysmilesdental.com\/es\/inicio\/"},{"@type":"ListItem","position":2,"name":"Apnea del sue\u00f1o"}]},{"@type":"WebSite","@id":"https:\/\/friendlysmilesdental.com\/es\/#website","url":"https:\/\/friendlysmilesdental.com\/es\/","name":"Friendly Smiles Dental","description":"Santa Maria Dentists | San Luis Obispo Dentists | King City Dentists","potentialAction":[{"@type":"SearchAction","target":{"@type":"EntryPoint","urlTemplate":"https:\/\/friendlysmilesdental.com\/es\/?s={search_term_string}"},"query-input":{"@type":"PropertyValueSpecification","valueRequired":true,"valueName":"search_term_string"}}],"inLanguage":"es"}]}},"_links":{"self":[{"href":"https:\/\/friendlysmilesdental.com\/es\/wp-json\/wp\/v2\/pages\/3021"}],"collection":[{"href":"https:\/\/friendlysmilesdental.com\/es\/wp-json\/wp\/v2\/pages"}],"about":[{"href":"https:\/\/friendlysmilesdental.com\/es\/wp-json\/wp\/v2\/types\/page"}],"author":[{"embeddable":true,"href":"https:\/\/friendlysmilesdental.com\/es\/wp-json\/wp\/v2\/users\/4"}],"replies":[{"embeddable":true,"href":"https:\/\/friendlysmilesdental.com\/es\/wp-json\/wp\/v2\/comments?post=3021"}],"version-history":[{"count":2,"href":"https:\/\/friendlysmilesdental.com\/es\/wp-json\/wp\/v2\/pages\/3021\/revisions"}],"predecessor-version":[{"id":3023,"href":"https:\/\/friendlysmilesdental.com\/es\/wp-json\/wp\/v2\/pages\/3021\/revisions\/3023"}],"wp:attachment":[{"href":"https:\/\/friendlysmilesdental.com\/es\/wp-json\/wp\/v2\/media?parent=3021"}],"curies":[{"name":"wp","href":"https:\/\/api.w.org\/{rel}","templated":true}]}}