{"id":3024,"date":"2019-10-09T18:38:43","date_gmt":"2019-10-09T18:38:43","guid":{"rendered":"https:\/\/friendlysmilesdental.com\/injertos-oseos\/"},"modified":"2024-04-09T17:20:56","modified_gmt":"2024-04-09T17:20:56","slug":"injertos-oseos","status":"publish","type":"page","link":"https:\/\/friendlysmilesdental.com\/es\/injertos-oseos\/","title":{"rendered":"Injertos \u00f3seos"},"content":{"rendered":"<p><div class=\"fusion-fullwidth fullwidth-box fusion-builder-row-1 nonhundred-percent-fullwidth non-hundred-percent-height-scrolling\" style=\"--awb-border-radius-top-left:0px;--awb-border-radius-top-right:0px;--awb-border-radius-bottom-right:0px;--awb-border-radius-bottom-left:0px;--awb-padding-top:0px;--awb-padding-right:30px;--awb-padding-bottom:0px;--awb-padding-left:30px;--awb-flex-wrap:wrap;\" ><div class=\"fusion-builder-row fusion-row\"><div class=\"fusion-layout-column fusion_builder_column fusion-builder-column-0 fusion_builder_column_1_2 1_2 fusion-one-half fusion-column-first\" style=\"--awb-bg-size:cover;width:50%;width:calc(50% - ( ( 4% ) * 0.5 ) );margin-right: 4%;\"><div class=\"fusion-column-wrapper fusion-column-has-shadow fusion-flex-column-wrapper-legacy\"><div class=\"fusion-text fusion-text-1\"><h1 align=\"left\">Injertos \u00f3seos<\/h1>\n<\/div><div class=\"fusion-sep-clear\"><\/div><div class=\"fusion-separator fusion-clearfix\" style=\"float:left;margin-top:22px;margin-bottom:25px;width:100%;max-width:100px;\"><div class=\"fusion-separator-border sep-single sep-solid\" style=\"--awb-height:20px;--awb-amount:20px;--awb-sep-color:#6589c0;border-color:#6589c0;border-top-width:2px;\"><\/div><\/div><div class=\"fusion-sep-clear\"><\/div><div class=\"fusion-text fusion-text-2\"><p align=\"left\">Los injertos \u00f3seos suelen estar estrechamente asociados a restauraciones dentales como puentes e implantes dentales. En la mayor\u00eda de los casos, el \u00e9xito de un procedimiento de restauraci\u00f3n puede depender de la altura, profundidad y anchura del hueso maxilar en el lugar del implante. Cuando el hueso maxilar ha retrocedido o ha sufrido da\u00f1os importantes, los implantes no pueden apoyarse sobre esta base inestable y suele recomendarse un injerto \u00f3seo para la restauraci\u00f3n posterior.<\/p>\n<h2 align=\"left\">Hay varios factores importantes que afectan al volumen \u00f3seo de la mand\u00edbula:<\/h2>\n<ul>\n<li>\n<div align=\"left\"><strong>Enfermedad periodontal<\/strong> &#8211; La enfermedad periodontal puede afectar y da\u00f1ar permanentemente el hueso de la mand\u00edbula que soporta los dientes. Las zonas afectadas empeoran progresivamente hasta que los dientes se vuelven inestables.<\/div>\n<\/li>\n<li>\n<div align=\"left\"><strong>Extracci\u00f3n dental<\/strong> &#8211; Los estudios han demostrado que los pacientes que han sufrido una extracci\u00f3n dental pierden posteriormente entre el 40 y el 60% del hueso que rodea el lugar de la extracci\u00f3n durante los tres a\u00f1os siguientes. La p\u00e9rdida de hueso da lugar a lo que se denomina un \u00abdefecto \u00f3seo\u00bb.<\/div>\n<\/li>\n<li>\n<div align=\"left\"><strong>Lesiones e infecciones<\/strong> &#8211; Las lesiones dentales y otras lesiones f\u00edsicas derivadas de un golpe en la mand\u00edbula pueden provocar el retroceso del hueso. Las infecciones tambi\u00e9n pueden hacer que el hueso de la mand\u00edbula retroceda de forma similar.<\/div>\n<\/li>\n<\/ul>\n<h2 align=\"left\">Razones para realizar injertos \u00f3seos<\/h2>\n<p align=\"left\">El injerto \u00f3seo es un procedimiento de gran \u00e9xito en la mayor\u00eda de los casos. Tambi\u00e9n es una alternativa preferible a tener dientes ausentes, dientes enfermos o deformidades dentales. Los injertos \u00f3seos pueden aumentar la altura o anchura del hueso maxilar y rellenar huecos y defectos \u00f3seos.<\/p>\n<p align=\"left\">Existen esencialmente dos formas b\u00e1sicas en las que el injerto \u00f3seo puede influir positivamente en la salud y estabilidad de los dientes:<\/p>\n<p align=\"left\"><strong>Estabilizaci\u00f3n de la mand\u00edbula<\/strong> &#8211; El injerto \u00f3seo estabiliza y ayuda a restaurar la base de la mand\u00edbula para la cirug\u00eda restauradora o de implantes. Tambi\u00e9n pueden corregirse deformidades y la reestructuraci\u00f3n del hueso puede proporcionar un mayor soporte.<\/p>\n<p align=\"left\"><strong>Preservaci\u00f3n<\/strong> &#8211; El injerto \u00f3seo puede utilizarse para limitar o prevenir la recesi\u00f3n \u00f3sea tras una extracci\u00f3n dental, una enfermedad periodontal u otros procesos invasivos.<\/p>\n<h2 align=\"left\">Examen oral<\/h2>\n<p align=\"left\">Inicialmente, el dentista examinar\u00e1 a fondo la zona afectada para evaluar el estado general de los dientes y las enc\u00edas. Si la enfermedad periodontal est\u00e1 presente o los dientes adyacentes est\u00e1n en mal estado, estos factores ser\u00e1n plenamente abordados antes de que el procedimiento de injerto \u00f3seo puede comenzar. El dentista tambi\u00e9n recomendar\u00e1 radiograf\u00edas panor\u00e1micas para evaluar con precisi\u00f3n la profundidad y la anchura del hueso existente. En ocasiones, puede recomendarse un TAC para determinar la afecci\u00f3n \u00f3sea. En funci\u00f3n de estos resultados, el dentista tambi\u00e9n puede anestesiar la zona y explorar la enc\u00eda para determinar qu\u00e9 tipo de hueso se necesita y en qu\u00e9 cantidad.<\/p>\n<\/div><div class=\"fusion-clearfix\"><\/div><\/div><\/div><div class=\"fusion-layout-column fusion_builder_column fusion-builder-column-1 fusion_builder_column_1_2 1_2 fusion-one-half fusion-column-last\" style=\"--awb-bg-size:cover;width:50%;width:calc(50% - ( ( 4% ) * 0.5 ) );\"><div class=\"fusion-column-wrapper fusion-column-has-shadow fusion-flex-column-wrapper-legacy\"><div class=\"fusion-text fusion-text-3\"><p><img decoding=\"async\" class=\"lazyload alignnone size-full wp-image-2024\" src=\"https:\/\/friendlysmilesdental.com\/wp-content\/uploads\/2020\/01\/bone-grafting-slo.jpg\" data-orig-src=\"https:\/\/friendlysmilesdental.com\/wp-content\/uploads\/2020\/01\/bone-grafting-slo.jpg\" alt=\"Injerto \u00f3seo en San Luis Obispo\" width=\"550\" height=\"367\" srcset=\"data:image\/svg+xml,%3Csvg%20xmlns%3D%27http%3A%2F%2Fwww.w3.org%2F2000%2Fsvg%27%20width%3D%27550%27%20height%3D%27367%27%20viewBox%3D%270%200%20550%20367%27%3E%3Crect%20width%3D%27550%27%20height%3D%27367%27%20fill-opacity%3D%220%22%2F%3E%3C%2Fsvg%3E\" data-srcset=\"https:\/\/friendlysmilesdental.com\/wp-content\/uploads\/2020\/01\/bone-grafting-slo-200x133.jpg 200w, https:\/\/friendlysmilesdental.com\/wp-content\/uploads\/2020\/01\/bone-grafting-slo-300x200.jpg 300w, https:\/\/friendlysmilesdental.com\/wp-content\/uploads\/2020\/01\/bone-grafting-slo-400x267.jpg 400w, https:\/\/friendlysmilesdental.com\/wp-content\/uploads\/2020\/01\/bone-grafting-slo.jpg 550w\" data-sizes=\"auto\" data-orig-sizes=\"(max-width: 550px) 100vw, 550px\" \/><\/p>\n<\/div><div class=\"fusion-sep-clear\"><\/div><div class=\"fusion-separator fusion-full-width-sep\" style=\"margin-left: auto;margin-right: auto;margin-top:1%;margin-bottom:1%;width:100%;\"><\/div><div class=\"fusion-sep-clear\"><\/div><div class=\"fusion-text fusion-text-4\"><h2 align=\"left\">\u00bfEn qu\u00e9 consiste el injerto \u00f3seo?<\/h2>\n<p style=\"text-align: left;\" align=\"left\">Existen varios tipos de injertos \u00f3seos. Su dentista determinar\u00e1 el tipo m\u00e1s adecuado para su caso concreto.<\/p>\n<p style=\"text-align: left;\" align=\"left\"><strong>Injerto \u00f3seo aut\u00f3geno <\/strong>: se extrae del propio cuerpo del paciente (normalmente de la parte posterior del maxilar inferior o del ment\u00f3n). Este m\u00e9todo suele ser el preferido porque produce los resultados m\u00e1s predecibles.<\/p>\n<p style=\"text-align: left;\" align=\"left\"><strong>Injerto \u00f3seo de aloinjerto <\/strong>: en este tipo de injerto se utiliza hueso de cad\u00e1ver o sint\u00e9tico.<\/p>\n<p style=\"text-align: left;\" align=\"left\"><strong>Xenoinjerto<\/strong> &#8211; En este tipo de injerto se utiliza hueso de vaca.<\/p>\n<p style=\"text-align: left;\" align=\"left\">El procedimiento de injerto \u00f3seo puede durar varios meses. Normalmente se extrae hueso del propio cuerpo (o en raras ocasiones se obtiene de un \u00abbanco de huesos\u00bb) y se a\u00f1ade a la zona afectada. Este hueso se fusionar\u00e1 con el hueso existente y la migraci\u00f3n de las c\u00e9lulas provocar\u00e1 una adhesi\u00f3n firme y un crecimiento celular. Al suplementar la mand\u00edbula con hueso se obtendr\u00e1 una mayor masa \u00f3sea que ayudar\u00e1 a soportar y anclar el implante o implantes.<\/p>\n<p style=\"text-align: left;\" align=\"left\">Durante la intervenci\u00f3n, el dentista adormecer\u00e1 las zonas de injerto y extracci\u00f3n con anestesia local. Se har\u00e1 una peque\u00f1a incisi\u00f3n para preparar el lugar para el nuevo hueso y se anclar\u00e1 en su sitio. En ocasiones, puede utilizarse una membrana sint\u00e9tica para cubrir el hueso nuevo. Esta membrana impide la invasi\u00f3n de tejidos blandos y bacterias y favorece el crecimiento de hueso nuevo. La intervenci\u00f3n no requiere pasar la noche en el hospital y se le dar\u00e1n instrucciones detalladas para el postoperatorio. El dentista recetar\u00e1 medicamentos para ayudar a controlar la infecci\u00f3n, las molestias y la inflamaci\u00f3n.<\/p>\n<\/div><div class=\"fusion-clearfix\"><\/div><\/div><\/div><\/div><\/div><div class=\"fusion-bg-parallax\" data-bg-align=\"center center\" data-direction=\"right\" data-mute=\"false\" data-opacity=\"100\" data-velocity=\"-0.8\" data-mobile-enabled=\"false\" data-break_parents=\"0\" data-bg-image=\"https:\/\/friendlysmilesdental.com\/wp-content\/uploads\/2020\/01\/best-san-luis-obispo-dentist.jpg\" data-bg-repeat=\"false\" ><\/div><div class=\"fusion-fullwidth fullwidth-box fusion-builder-row-2 fusion-parallax-right nonhundred-percent-fullwidth non-hundred-percent-height-scrolling lazyload\" style=\"--awb-border-radius-top-left:0px;--awb-border-radius-top-right:0px;--awb-border-radius-bottom-right:0px;--awb-border-radius-bottom-left:0px;--awb-padding-top:40px;--awb-padding-bottom:50px;--awb-background-size:cover;--awb-flex-wrap:wrap;\" data-bg=\"https:\/\/friendlysmilesdental.com\/wp-content\/uploads\/2020\/01\/best-san-luis-obispo-dentist.jpg\" ><div class=\"fusion-builder-row fusion-row\"><div class=\"fusion-layout-column fusion_builder_column fusion-builder-column-2 fusion_builder_column_1_1 1_1 fusion-one-full fusion-column-first fusion-column-last\" style=\"--awb-bg-size:cover;--awb-margin-top:3%;--awb-margin-bottom:3%;\"><div class=\"fusion-column-wrapper fusion-column-has-shadow fusion-flex-column-wrapper-legacy\"><div class=\"fusion-text fusion-text-5\"><h2 style=\"text-align: center;\"><span style=\"color: #ffffff;\">\u00bfListo para sonre\u00edr?<\/span><\/h2>\n<\/div><div class=\"fusion-sep-clear\"><\/div><div class=\"fusion-separator fusion-full-width-sep\" style=\"margin-left: auto;margin-right: auto;margin-top:15px;width:100%;\"><\/div><div class=\"fusion-sep-clear\"><\/div><div class=\"fusion-aligncenter\"><a class=\"fusion-button button-flat fusion-button-default-size button-custom fusion-button-default button-1 fusion-button-default-span fusion-button-default-type\" style=\"--button_accent_color:#ffffff;--button_accent_hover_color:#6487c2;--button_border_hover_color:#6487c2;--button_gradient_top_color:#4fc3a3;--button_gradient_bottom_color:#4fc3a3;--button_gradient_top_color_hover:#ffffff;--button_gradient_bottom_color_hover:#ffffff;\" target=\"_self\" href=\"https:\/\/friendlysmilesdental.com\/es\/reservar-cita\/\"><i class=\"fa-plus fas button-icon-left\" aria-hidden=\"true\"><\/i><span class=\"fusion-button-text\">Solicitar una cita<\/span><\/a><\/div><div class=\"fusion-sep-clear\"><\/div><div class=\"fusion-separator fusion-full-width-sep\" style=\"margin-left: auto;margin-right: auto;margin-top:15px;width:100%;\"><\/div><div class=\"fusion-sep-clear\"><\/div><div class=\"fusion-text fusion-text-6\"><h3 style=\"text-align: center;\"><span style=\"color: #ffffff;\">Estamos orgullosos de aceptar Medi-Cal y tomar la mayor\u00eda de las formas de seguro en todas nuestras oficinas dentales.<\/span><\/h3>\n<\/div><div class=\"fusion-clearfix\"><\/div><\/div><\/div><\/div><\/div><\/p>\n","protected":false},"excerpt":{"rendered":"","protected":false},"author":4,"featured_media":0,"parent":0,"menu_order":0,"comment_status":"closed","ping_status":"open","template":"100-width.php","meta":{"footnotes":""},"yoast_head":"<!-- This site is optimized with the Yoast SEO plugin v23.9 - https:\/\/yoast.com\/wordpress\/plugins\/seo\/ -->\n<title>Injerto \u00d3seo | Friendly Smiles Dentistas | San Luis Obispo | Santa Maria<\/title>\n<meta name=\"description\" content=\"La p\u00e9rdida \u00f3sea puede producirse si padece una enfermedad grave de las enc\u00edas o periodontitis. El injerto \u00f3seo puede ayudar a que crezca hueso nuevo para reemplazar el hueso perdido.\" \/>\n<meta name=\"robots\" content=\"index, follow, max-snippet:-1, max-image-preview:large, max-video-preview:-1\" \/>\n<link rel=\"canonical\" href=\"https:\/\/friendlysmilesdental.com\/es\/injertos-oseos\/\" \/>\n<meta property=\"og:locale\" content=\"es_ES\" \/>\n<meta property=\"og:type\" content=\"article\" \/>\n<meta property=\"og:title\" content=\"Injerto \u00d3seo | Friendly Smiles Dentistas | San Luis Obispo | Santa Maria\" \/>\n<meta property=\"og:description\" content=\"La p\u00e9rdida \u00f3sea puede producirse si padece una enfermedad grave de las enc\u00edas o periodontitis. El injerto \u00f3seo puede ayudar a que crezca hueso nuevo para reemplazar el hueso perdido.\" \/>\n<meta property=\"og:url\" content=\"https:\/\/friendlysmilesdental.com\/es\/injertos-oseos\/\" \/>\n<meta property=\"og:site_name\" content=\"Friendly Smiles Dental\" \/>\n<meta property=\"article:modified_time\" content=\"2024-04-09T17:20:56+00:00\" \/>\n<meta property=\"og:image\" content=\"https:\/\/friendlysmilesdental.com\/wp-content\/uploads\/2020\/01\/bone-grafting-slo.jpg\" \/>\n<meta name=\"twitter:card\" content=\"summary_large_image\" \/>\n<meta name=\"twitter:label1\" content=\"Tiempo de lectura\" \/>\n\t<meta name=\"twitter:data1\" content=\"11 minutos\" \/>\n<script type=\"application\/ld+json\" class=\"yoast-schema-graph\">{\"@context\":\"https:\/\/schema.org\",\"@graph\":[{\"@type\":\"WebPage\",\"@id\":\"https:\/\/friendlysmilesdental.com\/es\/injertos-oseos\/\",\"url\":\"https:\/\/friendlysmilesdental.com\/es\/injertos-oseos\/\",\"name\":\"Injerto \u00d3seo | Friendly Smiles Dentistas | San Luis Obispo | Santa Maria\",\"isPartOf\":{\"@id\":\"https:\/\/friendlysmilesdental.com\/es\/#website\"},\"primaryImageOfPage\":{\"@id\":\"https:\/\/friendlysmilesdental.com\/es\/injertos-oseos\/#primaryimage\"},\"image\":{\"@id\":\"https:\/\/friendlysmilesdental.com\/es\/injertos-oseos\/#primaryimage\"},\"thumbnailUrl\":\"https:\/\/friendlysmilesdental.com\/wp-content\/uploads\/2020\/01\/bone-grafting-slo.jpg\",\"datePublished\":\"2019-10-09T18:38:43+00:00\",\"dateModified\":\"2024-04-09T17:20:56+00:00\",\"description\":\"La p\u00e9rdida \u00f3sea puede producirse si padece una enfermedad grave de las enc\u00edas o periodontitis. El injerto \u00f3seo puede ayudar a que crezca hueso nuevo para reemplazar el hueso perdido.\",\"breadcrumb\":{\"@id\":\"https:\/\/friendlysmilesdental.com\/es\/injertos-oseos\/#breadcrumb\"},\"inLanguage\":\"es\",\"potentialAction\":[{\"@type\":\"ReadAction\",\"target\":[\"https:\/\/friendlysmilesdental.com\/es\/injertos-oseos\/\"]}]},{\"@type\":\"ImageObject\",\"inLanguage\":\"es\",\"@id\":\"https:\/\/friendlysmilesdental.com\/es\/injertos-oseos\/#primaryimage\",\"url\":\"https:\/\/friendlysmilesdental.com\/wp-content\/uploads\/2020\/01\/bone-grafting-slo.jpg\",\"contentUrl\":\"https:\/\/friendlysmilesdental.com\/wp-content\/uploads\/2020\/01\/bone-grafting-slo.jpg\"},{\"@type\":\"BreadcrumbList\",\"@id\":\"https:\/\/friendlysmilesdental.com\/es\/injertos-oseos\/#breadcrumb\",\"itemListElement\":[{\"@type\":\"ListItem\",\"position\":1,\"name\":\"Home\",\"item\":\"https:\/\/friendlysmilesdental.com\/es\/inicio\/\"},{\"@type\":\"ListItem\",\"position\":2,\"name\":\"Injertos \u00f3seos\"}]},{\"@type\":\"WebSite\",\"@id\":\"https:\/\/friendlysmilesdental.com\/es\/#website\",\"url\":\"https:\/\/friendlysmilesdental.com\/es\/\",\"name\":\"Friendly Smiles Dental\",\"description\":\"Santa Maria Dentists | San Luis Obispo Dentists | King City Dentists\",\"potentialAction\":[{\"@type\":\"SearchAction\",\"target\":{\"@type\":\"EntryPoint\",\"urlTemplate\":\"https:\/\/friendlysmilesdental.com\/es\/?s={search_term_string}\"},\"query-input\":{\"@type\":\"PropertyValueSpecification\",\"valueRequired\":true,\"valueName\":\"search_term_string\"}}],\"inLanguage\":\"es\"}]}<\/script>\n<!-- \/ Yoast SEO plugin. -->","yoast_head_json":{"title":"Injerto \u00d3seo | Friendly Smiles Dentistas | San Luis Obispo | Santa Maria","description":"La p\u00e9rdida \u00f3sea puede producirse si padece una enfermedad grave de las enc\u00edas o periodontitis. El injerto \u00f3seo puede ayudar a que crezca hueso nuevo para reemplazar el hueso perdido.","robots":{"index":"index","follow":"follow","max-snippet":"max-snippet:-1","max-image-preview":"max-image-preview:large","max-video-preview":"max-video-preview:-1"},"canonical":"https:\/\/friendlysmilesdental.com\/es\/injertos-oseos\/","og_locale":"es_ES","og_type":"article","og_title":"Injerto \u00d3seo | Friendly Smiles Dentistas | San Luis Obispo | Santa Maria","og_description":"La p\u00e9rdida \u00f3sea puede producirse si padece una enfermedad grave de las enc\u00edas o periodontitis. El injerto \u00f3seo puede ayudar a que crezca hueso nuevo para reemplazar el hueso perdido.","og_url":"https:\/\/friendlysmilesdental.com\/es\/injertos-oseos\/","og_site_name":"Friendly Smiles Dental","article_modified_time":"2024-04-09T17:20:56+00:00","og_image":[{"url":"https:\/\/friendlysmilesdental.com\/wp-content\/uploads\/2020\/01\/bone-grafting-slo.jpg"}],"twitter_card":"summary_large_image","twitter_misc":{"Tiempo de lectura":"11 minutos"},"schema":{"@context":"https:\/\/schema.org","@graph":[{"@type":"WebPage","@id":"https:\/\/friendlysmilesdental.com\/es\/injertos-oseos\/","url":"https:\/\/friendlysmilesdental.com\/es\/injertos-oseos\/","name":"Injerto \u00d3seo | Friendly Smiles Dentistas | San Luis Obispo | Santa Maria","isPartOf":{"@id":"https:\/\/friendlysmilesdental.com\/es\/#website"},"primaryImageOfPage":{"@id":"https:\/\/friendlysmilesdental.com\/es\/injertos-oseos\/#primaryimage"},"image":{"@id":"https:\/\/friendlysmilesdental.com\/es\/injertos-oseos\/#primaryimage"},"thumbnailUrl":"https:\/\/friendlysmilesdental.com\/wp-content\/uploads\/2020\/01\/bone-grafting-slo.jpg","datePublished":"2019-10-09T18:38:43+00:00","dateModified":"2024-04-09T17:20:56+00:00","description":"La p\u00e9rdida \u00f3sea puede producirse si padece una enfermedad grave de las enc\u00edas o periodontitis. El injerto \u00f3seo puede ayudar a que crezca hueso nuevo para reemplazar el hueso perdido.","breadcrumb":{"@id":"https:\/\/friendlysmilesdental.com\/es\/injertos-oseos\/#breadcrumb"},"inLanguage":"es","potentialAction":[{"@type":"ReadAction","target":["https:\/\/friendlysmilesdental.com\/es\/injertos-oseos\/"]}]},{"@type":"ImageObject","inLanguage":"es","@id":"https:\/\/friendlysmilesdental.com\/es\/injertos-oseos\/#primaryimage","url":"https:\/\/friendlysmilesdental.com\/wp-content\/uploads\/2020\/01\/bone-grafting-slo.jpg","contentUrl":"https:\/\/friendlysmilesdental.com\/wp-content\/uploads\/2020\/01\/bone-grafting-slo.jpg"},{"@type":"BreadcrumbList","@id":"https:\/\/friendlysmilesdental.com\/es\/injertos-oseos\/#breadcrumb","itemListElement":[{"@type":"ListItem","position":1,"name":"Home","item":"https:\/\/friendlysmilesdental.com\/es\/inicio\/"},{"@type":"ListItem","position":2,"name":"Injertos \u00f3seos"}]},{"@type":"WebSite","@id":"https:\/\/friendlysmilesdental.com\/es\/#website","url":"https:\/\/friendlysmilesdental.com\/es\/","name":"Friendly Smiles Dental","description":"Santa Maria Dentists | San Luis Obispo Dentists | King City Dentists","potentialAction":[{"@type":"SearchAction","target":{"@type":"EntryPoint","urlTemplate":"https:\/\/friendlysmilesdental.com\/es\/?s={search_term_string}"},"query-input":{"@type":"PropertyValueSpecification","valueRequired":true,"valueName":"search_term_string"}}],"inLanguage":"es"}]}},"_links":{"self":[{"href":"https:\/\/friendlysmilesdental.com\/es\/wp-json\/wp\/v2\/pages\/3024"}],"collection":[{"href":"https:\/\/friendlysmilesdental.com\/es\/wp-json\/wp\/v2\/pages"}],"about":[{"href":"https:\/\/friendlysmilesdental.com\/es\/wp-json\/wp\/v2\/types\/page"}],"author":[{"embeddable":true,"href":"https:\/\/friendlysmilesdental.com\/es\/wp-json\/wp\/v2\/users\/4"}],"replies":[{"embeddable":true,"href":"https:\/\/friendlysmilesdental.com\/es\/wp-json\/wp\/v2\/comments?post=3024"}],"version-history":[{"count":2,"href":"https:\/\/friendlysmilesdental.com\/es\/wp-json\/wp\/v2\/pages\/3024\/revisions"}],"predecessor-version":[{"id":3026,"href":"https:\/\/friendlysmilesdental.com\/es\/wp-json\/wp\/v2\/pages\/3024\/revisions\/3026"}],"wp:attachment":[{"href":"https:\/\/friendlysmilesdental.com\/es\/wp-json\/wp\/v2\/media?parent=3024"}],"curies":[{"name":"wp","href":"https:\/\/api.w.org\/{rel}","templated":true}]}}