{"id":3053,"date":"2020-05-25T07:32:08","date_gmt":"2020-05-25T07:32:08","guid":{"rendered":"https:\/\/friendlysmilesdental.com\/protocolos-covid-19\/"},"modified":"2024-04-09T21:25:01","modified_gmt":"2024-04-09T21:25:01","slug":"protocolos-covid-19","status":"publish","type":"page","link":"https:\/\/friendlysmilesdental.com\/es\/protocolos-covid-19\/","title":{"rendered":"Protocolos Covid-19"},"content":{"rendered":"<p><div class=\"fusion-fullwidth fullwidth-box fusion-builder-row-1 nonhundred-percent-fullwidth non-hundred-percent-height-scrolling\" style=\"--awb-border-radius-top-left:0px;--awb-border-radius-top-right:0px;--awb-border-radius-bottom-right:0px;--awb-border-radius-bottom-left:0px;--awb-flex-wrap:wrap;\" ><div class=\"fusion-builder-row fusion-row\"><div class=\"fusion-layout-column fusion_builder_column fusion-builder-column-0 fusion_builder_column_2_3 2_3 fusion-two-third fusion-column-first\" style=\"--awb-bg-size:cover;width:66.666666666667%;width:calc(66.666666666667% - ( ( 4% ) * 0.66666666666667 ) );margin-right: 4%;\"><div class=\"fusion-column-wrapper fusion-column-has-shadow fusion-flex-column-wrapper-legacy\"><div class=\"fusion-text fusion-text-1\"><h1 align=\"left\">Protocolos Covid-19<\/h1>\n<\/div><div class=\"fusion-sep-clear\"><\/div><div class=\"fusion-separator fusion-clearfix\" style=\"float:left;margin-top:22px;margin-bottom:25px;width:100%;max-width:100px;\"><div class=\"fusion-separator-border sep-single sep-solid\" style=\"--awb-height:20px;--awb-amount:20px;--awb-sep-color:#6589c0;border-color:#6589c0;border-top-width:2px;\"><\/div><\/div><div class=\"fusion-sep-clear\"><\/div><div class=\"fusion-text fusion-text-2\"><p style=\"text-align: left;\" align=\"left\">Nuestras comunidades han pasado por muchas cosas en los \u00faltimos meses, y todos estamos deseando reanudar nuestros h\u00e1bitos y rutinas habituales. Aunque muchas cosas han cambiado, una sigue siendo la misma: nuestro compromiso con su seguridad.<\/p>\n<p style=\"text-align: left;\" align=\"left\">El control de las infecciones siempre ha sido una de las principales prioridades de nuestra consulta y es posible que lo haya comprobado durante sus visitas a nuestro consultorio. Nuestros procesos de control de infecciones est\u00e1n pensados para que cuando usted reciba atenci\u00f3n sea segura y c\u00f3moda. Las consultas de Friendly Smiles Dental siguen las recomendaciones de control de infecciones de la Asociaci\u00f3n Dental Americana (ADA), los Centros para el Control y la Prevenci\u00f3n de Enfermedades (CDC) y la Administraci\u00f3n de Seguridad y Salud en el Trabajo (OSHA). Seguimos de cerca las actividades de estos organismos para estar al d\u00eda de las nuevas resoluciones y orientaciones que puedan publicarse en relaci\u00f3n con Covid-19.<\/p>\n<div class=\"page\" title=\"P\u00e1gina 3\">\n<div class=\"layoutArea\">\n<div class=\"column\">\n<div class=\"page\" title=\"P\u00e1gina 3\">\n<div class=\"section\">\n<div class=\"layoutArea\">\n<div class=\"column\">\n<p>Estamos deseando responder a cualquier pregunta que pueda tener sobre las medidas que tomamos para mantener su seguridad, y la de todos los pacientes, en nuestra consulta. Gracias por su colaboraci\u00f3n y hasta pronto.<\/p>\n<\/div>\n<\/div>\n<\/div>\n<\/div>\n<\/div>\n<\/div>\n<\/div>\n<\/div><div class=\"fusion-sep-clear\"><\/div><div class=\"fusion-separator fusion-clearfix\" style=\"float:left;margin-top:22px;margin-bottom:25px;width:100%;max-width:100px;\"><div class=\"fusion-separator-border sep-single sep-solid\" style=\"--awb-height:20px;--awb-amount:20px;--awb-sep-color:#6589c0;border-color:#6589c0;border-top-width:2px;\"><\/div><\/div><div class=\"fusion-sep-clear\"><\/div><div class=\"fusion-text fusion-text-3\"><h2>C\u00f3mo protegemos a nuestros pacientes y personal dental:<\/h2>\n<ul>\n<li>Pedir a los pacientes que utilicen el desinfectante de manos proporcionado al llegar a la consulta, en la zona de recepci\u00f3n, antes y despu\u00e9s de los procedimientos.<\/li>\n<li>Compruebe la temperatura del paciente con un term\u00f3metro de exploraci\u00f3n frontal sin contacto para fiebre &lt;100.4\u00b0F<\/li>\n<li>Hemos retirado las revistas y los juguetes infantiles de nuestras salas de espera, ya que son dif\u00edciles de limpiar y desinfectar.<\/li>\n<li>Reducci\u00f3n y separaci\u00f3n de las sillas en las zonas de espera<\/li>\n<li>Gesti\u00f3n de las citas para permitir un distanciamiento social razonable entre los pacientes<\/li>\n<li>Pedir a los pacientes que env\u00eden sus formularios por Internet para reducir los tiempos de espera y el n\u00famero de pacientes en la recepci\u00f3n.<\/li>\n<\/ul>\n<\/div><div class=\"fusion-sep-clear\"><\/div><div class=\"fusion-separator fusion-clearfix\" style=\"float:left;margin-top:22px;margin-bottom:25px;width:100%;max-width:100px;\"><div class=\"fusion-separator-border sep-single sep-solid\" style=\"--awb-height:20px;--awb-amount:20px;--awb-sep-color:#6589c0;border-color:#6589c0;border-top-width:2px;\"><\/div><\/div><div class=\"fusion-sep-clear\"><\/div><div class=\"fusion-text fusion-text-4\"><h2>Equipo de protecci\u00f3n:<img decoding=\"async\" class=\"lazyload  wp-image-2228 alignright\" src=\"https:\/\/friendlysmilesdental.com\/wp-content\/uploads\/2020\/05\/Vanguard-Gold-Mobile-.jpg\" data-orig-src=\"https:\/\/friendlysmilesdental.com\/wp-content\/uploads\/2020\/05\/Vanguard-Gold-Mobile-.jpg\" alt=\"Filtraci\u00f3n HEPA para proteger a los c\u00f3vidos\" width=\"268\" height=\"268\" srcset=\"data:image\/svg+xml,%3Csvg%20xmlns%3D%27http%3A%2F%2Fwww.w3.org%2F2000%2Fsvg%27%20width%3D%27268%27%20height%3D%27268%27%20viewBox%3D%270%200%20268%20268%27%3E%3Crect%20width%3D%27268%27%20height%3D%27268%27%20fill-opacity%3D%220%22%2F%3E%3C%2Fsvg%3E\" data-srcset=\"https:\/\/friendlysmilesdental.com\/wp-content\/uploads\/2020\/05\/Vanguard-Gold-Mobile--66x66.jpg 66w, https:\/\/friendlysmilesdental.com\/wp-content\/uploads\/2020\/05\/Vanguard-Gold-Mobile--150x150.jpg 150w, https:\/\/friendlysmilesdental.com\/wp-content\/uploads\/2020\/05\/Vanguard-Gold-Mobile--200x200.jpg 200w, https:\/\/friendlysmilesdental.com\/wp-content\/uploads\/2020\/05\/Vanguard-Gold-Mobile--300x300.jpg 300w, https:\/\/friendlysmilesdental.com\/wp-content\/uploads\/2020\/05\/Vanguard-Gold-Mobile--400x400.jpg 400w, https:\/\/friendlysmilesdental.com\/wp-content\/uploads\/2020\/05\/Vanguard-Gold-Mobile-.jpg 600w\" data-sizes=\"auto\" data-orig-sizes=\"(max-width: 268px) 100vw, 268px\" \/><\/h2>\n<p>Friendly Smiles Dental utiliza mascarillas, gafas y protectores faciales recomendados por la ADA para proteger a los pacientes y al personal.<\/p>\n<p>Adem\u00e1s, y como medida totalmente voluntaria, Friendly Smiles Dental ha instalado varias unidades de aspiraci\u00f3n extraoral de alta velocidad junto al sill\u00f3n. Este equipo de \u00faltima generaci\u00f3n con filtraci\u00f3n HEPA se coloca justo al lado de la boca del paciente para capturar los aerosoles biol\u00f3gicos y las gotas de humedad que se producen durante los procedimientos dentales.<\/p>\n<p>https:\/\/www.youtube.com\/watch?v=dDg_dda0qeU&amp;t=29s<\/p>\n<\/div><div class=\"fusion-clearfix\"><\/div><\/div><\/div><div class=\"fusion-layout-column fusion_builder_column fusion-builder-column-1 fusion_builder_column_1_3 1_3 fusion-one-third fusion-column-last\" style=\"--awb-bg-size:cover;width:33.333333333333%;width:calc(33.333333333333% - ( ( 4% ) * 0.33333333333333 ) );\"><div class=\"fusion-column-wrapper fusion-column-has-shadow fusion-flex-column-wrapper-legacy\"><div class=\"fusion-text fusion-text-5\"><p><img decoding=\"async\" class=\"lazyload alignnone size-full wp-image-2248\" src=\"https:\/\/friendlysmilesdental.com\/wp-content\/uploads\/2020\/06\/friendly-smiles-covid-19.jpg\" data-orig-src=\"https:\/\/friendlysmilesdental.com\/wp-content\/uploads\/2020\/06\/friendly-smiles-covid-19.jpg\" alt=\"Friendly Smiles Dental Covid-19 Medidas de seguridad\" width=\"500\" height=\"319\" srcset=\"data:image\/svg+xml,%3Csvg%20xmlns%3D%27http%3A%2F%2Fwww.w3.org%2F2000%2Fsvg%27%20width%3D%27500%27%20height%3D%27319%27%20viewBox%3D%270%200%20500%20319%27%3E%3Crect%20width%3D%27500%27%20height%3D%27319%27%20fill-opacity%3D%220%22%2F%3E%3C%2Fsvg%3E\" data-srcset=\"https:\/\/friendlysmilesdental.com\/wp-content\/uploads\/2020\/06\/friendly-smiles-covid-19-200x128.jpg 200w, https:\/\/friendlysmilesdental.com\/wp-content\/uploads\/2020\/06\/friendly-smiles-covid-19-300x191.jpg 300w, https:\/\/friendlysmilesdental.com\/wp-content\/uploads\/2020\/06\/friendly-smiles-covid-19-400x255.jpg 400w, https:\/\/friendlysmilesdental.com\/wp-content\/uploads\/2020\/06\/friendly-smiles-covid-19.jpg 500w\" data-sizes=\"auto\" data-orig-sizes=\"(max-width: 500px) 100vw, 500px\" \/><\/p>\n<\/div><div class=\"fusion-text fusion-text-6\"><h2 align=\"left\">Preguntas que le hacemos al concertar la cita y de nuevo cuando est\u00e1 en la consulta:<\/h2>\n<div style=\"text-align: left;\" align=\"left\">\n<div class=\"page\" title=\"P\u00e1gina 16\">\n<div class=\"section\">\n<div class=\"layoutArea\">\n<div class=\"column\">\n<ul>\n<li>\u00bfTiene fiebre o ha sentido calor o fiebre en los \u00faltimos 14-21 d\u00edas?<\/li>\n<li>\u00bfTiene falta de aliento u otras dificultades para respirar?<\/li>\n<li>\u00bfTienes tos?<\/li>\n<li>\u00bfAlg\u00fan otro s\u00edntoma similar a la gripe, como molestias gastrointestinales, dolor de cabeza o fatiga?<\/li>\n<li>\u00bfHa experimentado recientemente p\u00e9rdida del gusto o del olfato?<\/li>\n<li>\u00bfEst\u00e1 o ha estado en contacto con alg\u00fan paciente con COVID-19 positivo confirmado?<\/li>\n<li>\u00bfPadece alguna enfermedad cardiaca, pulmonar, renal, diabetes o alg\u00fan trastorno autoinmune?<\/li>\n<li>\u00bfHa viajado en los \u00faltimos 14 d\u00edas a alguna de las regiones afectadas por COVID-19?<\/li>\n<\/ul>\n<\/div>\n<\/div>\n<\/div>\n<\/div>\n<\/div>\n<\/div><div class=\"fusion-sep-clear\"><\/div><div class=\"fusion-separator\" style=\"margin-left: auto;margin-right: auto;margin-top:22px;margin-bottom:25px;width:100%;max-width:100px;\"><div class=\"fusion-separator-border sep-single sep-solid\" style=\"--awb-height:20px;--awb-amount:20px;--awb-sep-color:#6589c0;border-color:#6589c0;border-top-width:2px;\"><\/div><\/div><div class=\"fusion-sep-clear\"><\/div><div class=\"fusion-text fusion-text-7\"><h2 align=\"left\">Recursos dentales adicionales:<\/h2>\n<div style=\"text-align: left;\" align=\"left\">\n<div class=\"page\" title=\"P\u00e1gina 16\">\n<div class=\"section\">\n<div class=\"layoutArea\">\n<div class=\"column\">\n<ul>\n<li>Formularios para pacientes de Friendly Smiles Dental:\n<ul>\n<li><a href=\"https:\/\/www.ident.ws\/template_include\/new_patient_sign_in.do?site=20434&amp;practiceId=56800\" target=\"_blank\" rel=\"noopener noreferrer\">Oficina de San Luis<\/a><\/li>\n<li><a href=\"https:\/\/www.ident.ws\/template_include\/new_patient_sign_in.do?site=20484&amp;practiceId=47919\" target=\"_blank\" rel=\"noopener noreferrer\">Oficina de Santa Mar\u00eda<\/a><\/li>\n<\/ul>\n<\/li>\n<\/ul>\n<ul>\n<li><a href=\"https:\/\/www.arcgis.com\/apps\/Nearby\/index.html?appid=43118dc0d5d348d8ab20a81967a15401\" target=\"_blank\" rel=\"noopener noreferrer\">Centros de pruebas del virus Corona en California<\/a><\/li>\n<li><a href=\"https:\/\/public.tableau.com\/views\/COVID-19PublicDashboard\/Covid-19Public?:embed=y&amp;:display_count=no&amp;:showVizHome=no\" target=\"_blank\" rel=\"noopener noreferrer\">Estad\u00edsticas de casos en California<\/a><\/li>\n<li><a href=\"https:\/\/www.cdph.ca.gov\/Programs\/CID\/DCDC\/Pages\/Immunization\/nCoV2019.aspx\" target=\"_blank\" rel=\"noopener noreferrer\">Departamento de Salud P\u00fablica de California &#8211; Covid-19<\/a><\/li>\n<\/ul>\n<\/div>\n<\/div>\n<\/div>\n<\/div>\n<\/div>\n<\/div><div class=\"fusion-clearfix\"><\/div><\/div><\/div><\/div><\/div><div class=\"fusion-fullwidth fullwidth-box fusion-builder-row-2 nonhundred-percent-fullwidth non-hundred-percent-height-scrolling\" style=\"--awb-border-radius-top-left:0px;--awb-border-radius-top-right:0px;--awb-border-radius-bottom-right:0px;--awb-border-radius-bottom-left:0px;--awb-flex-wrap:wrap;\" ><div class=\"fusion-builder-row fusion-row\"><div class=\"fusion-layout-column fusion_builder_column fusion-builder-column-2 fusion_builder_column_1_2 1_2 fusion-one-half fusion-column-first\" style=\"--awb-bg-size:cover;width:50%;width:calc(50% - ( ( 4% ) * 0.5 ) );margin-right: 4%;\"><div class=\"fusion-column-wrapper fusion-column-has-shadow fusion-flex-column-wrapper-legacy\"><div class=\"fusion-clearfix\"><\/div><\/div><\/div><div class=\"fusion-layout-column fusion_builder_column fusion-builder-column-3 fusion_builder_column_1_2 1_2 fusion-one-half fusion-column-last\" style=\"--awb-bg-size:cover;width:50%;width:calc(50% - ( ( 4% ) * 0.5 ) );\"><div class=\"fusion-column-wrapper fusion-column-has-shadow fusion-flex-column-wrapper-legacy\"><div class=\"fusion-clearfix\"><\/div><\/div><\/div><\/div><\/div><div class=\"fusion-bg-parallax\" data-bg-align=\"center center\" data-direction=\"right\" data-mute=\"false\" data-opacity=\"100\" data-velocity=\"-0.8\" data-mobile-enabled=\"false\" data-break_parents=\"0\" data-bg-image=\"https:\/\/friendlysmilesdental.com\/wp-content\/uploads\/2020\/01\/best-san-luis-obispo-dentist.jpg\" data-bg-repeat=\"false\" ><\/div><div class=\"fusion-fullwidth fullwidth-box fusion-builder-row-3 fusion-parallax-right nonhundred-percent-fullwidth non-hundred-percent-height-scrolling lazyload\" style=\"--awb-border-radius-top-left:0px;--awb-border-radius-top-right:0px;--awb-border-radius-bottom-right:0px;--awb-border-radius-bottom-left:0px;--awb-padding-top:80px;--awb-padding-bottom:100px;--awb-background-size:cover;--awb-flex-wrap:wrap;\" data-bg=\"https:\/\/friendlysmilesdental.com\/wp-content\/uploads\/2020\/01\/best-san-luis-obispo-dentist.jpg\" ><div class=\"fusion-builder-row fusion-row\"><div class=\"fusion-layout-column fusion_builder_column fusion-builder-column-4 fusion_builder_column_1_1 1_1 fusion-one-full fusion-column-first fusion-column-last\" style=\"--awb-bg-size:cover;--awb-margin-top:3%;--awb-margin-bottom:3%;\"><div class=\"fusion-column-wrapper fusion-flex-column-wrapper-legacy\"><div class=\"fusion-text fusion-text-8\"><h3 style=\"text-align: center;\"><span style=\"color: #ffffff;\">\u00bfListo para sonre\u00edr?<\/span><\/h3>\n<\/div><div class=\"fusion-sep-clear\"><\/div><div class=\"fusion-separator fusion-full-width-sep\" style=\"margin-left: auto;margin-right: auto;margin-top:15px;width:100%;\"><\/div><div class=\"fusion-sep-clear\"><\/div><div class=\"fusion-aligncenter\"><a class=\"fusion-button button-flat fusion-button-default-size button-custom fusion-button-default button-1 fusion-button-default-span fusion-button-default-type\" style=\"--button_accent_color:#ffffff;--button_accent_hover_color:#6487c2;--button_border_hover_color:#6487c2;--button_gradient_top_color:#4fc3a3;--button_gradient_bottom_color:#4fc3a3;--button_gradient_top_color_hover:#ffffff;--button_gradient_bottom_color_hover:#ffffff;\" target=\"_self\" href=\"https:\/\/friendlysmilesdental.com\/es\/reservar-cita\/\"><i class=\" fa fa-plus button-icon-left\" aria-hidden=\"true\"><\/i><span class=\"fusion-button-text\">Concierte una cita<\/span><\/a><\/div><div class=\"fusion-clearfix\"><\/div><\/div><\/div><\/div><\/div><\/p>\n","protected":false},"excerpt":{"rendered":"","protected":false},"author":1,"featured_media":0,"parent":0,"menu_order":0,"comment_status":"closed","ping_status":"open","template":"100-width.php","meta":{"footnotes":""},"yoast_head":"<!-- This site is optimized with the Yoast SEO plugin v23.9 - https:\/\/yoast.com\/wordpress\/plugins\/seo\/ -->\n<title>Dentistas Covid-Safe en San Luis Obispo-Santa Maria-King City<\/title>\n<meta name=\"description\" content=\"La salud y la seguridad son nuestra prioridad. Seguimos las directrices de ADA, CDC y OSHA Covid-19. Nuestras unidades de SUCCI\u00d3N DE ALTAELOCIDAD con filtraci\u00f3n HEPA capturan los aerosoles y las gotas de humedad que se producen durante los procedimientos dentales.\" \/>\n<meta name=\"robots\" content=\"index, follow, max-snippet:-1, max-image-preview:large, max-video-preview:-1\" \/>\n<link rel=\"canonical\" href=\"https:\/\/friendlysmilesdental.com\/es\/protocolos-covid-19\/\" \/>\n<meta property=\"og:locale\" content=\"es_ES\" \/>\n<meta property=\"og:type\" content=\"article\" \/>\n<meta property=\"og:title\" content=\"Dentistas Covid-Safe en San Luis Obispo-Santa Maria-King City\" \/>\n<meta property=\"og:description\" content=\"La salud y la seguridad son nuestra prioridad. Seguimos las directrices de ADA, CDC y OSHA Covid-19. Nuestras unidades de SUCCI\u00d3N DE ALTAELOCIDAD con filtraci\u00f3n HEPA capturan los aerosoles y las gotas de humedad que se producen durante los procedimientos dentales.\" \/>\n<meta property=\"og:url\" content=\"https:\/\/friendlysmilesdental.com\/es\/protocolos-covid-19\/\" \/>\n<meta property=\"og:site_name\" content=\"Friendly Smiles Dental\" \/>\n<meta property=\"article:modified_time\" content=\"2024-04-09T21:25:01+00:00\" \/>\n<meta property=\"og:image\" content=\"https:\/\/friendlysmilesdental.com\/wp-content\/uploads\/2020\/05\/Vanguard-Gold-Mobile-.jpg\" \/>\n<meta name=\"twitter:card\" content=\"summary_large_image\" \/>\n<meta name=\"twitter:label1\" content=\"Tiempo de lectura\" \/>\n\t<meta name=\"twitter:data1\" content=\"11 minutos\" \/>\n<script type=\"application\/ld+json\" class=\"yoast-schema-graph\">{\"@context\":\"https:\/\/schema.org\",\"@graph\":[{\"@type\":\"WebPage\",\"@id\":\"https:\/\/friendlysmilesdental.com\/es\/protocolos-covid-19\/\",\"url\":\"https:\/\/friendlysmilesdental.com\/es\/protocolos-covid-19\/\",\"name\":\"Dentistas Covid-Safe en San Luis Obispo-Santa Maria-King City\",\"isPartOf\":{\"@id\":\"https:\/\/friendlysmilesdental.com\/es\/#website\"},\"primaryImageOfPage\":{\"@id\":\"https:\/\/friendlysmilesdental.com\/es\/protocolos-covid-19\/#primaryimage\"},\"image\":{\"@id\":\"https:\/\/friendlysmilesdental.com\/es\/protocolos-covid-19\/#primaryimage\"},\"thumbnailUrl\":\"https:\/\/friendlysmilesdental.com\/wp-content\/uploads\/2020\/05\/Vanguard-Gold-Mobile-.jpg\",\"datePublished\":\"2020-05-25T07:32:08+00:00\",\"dateModified\":\"2024-04-09T21:25:01+00:00\",\"description\":\"La salud y la seguridad son nuestra prioridad. Seguimos las directrices de ADA, CDC y OSHA Covid-19. Nuestras unidades de SUCCI\u00d3N DE ALTAELOCIDAD con filtraci\u00f3n HEPA capturan los aerosoles y las gotas de humedad que se producen durante los procedimientos dentales.\",\"breadcrumb\":{\"@id\":\"https:\/\/friendlysmilesdental.com\/es\/protocolos-covid-19\/#breadcrumb\"},\"inLanguage\":\"es\",\"potentialAction\":[{\"@type\":\"ReadAction\",\"target\":[\"https:\/\/friendlysmilesdental.com\/es\/protocolos-covid-19\/\"]}]},{\"@type\":\"ImageObject\",\"inLanguage\":\"es\",\"@id\":\"https:\/\/friendlysmilesdental.com\/es\/protocolos-covid-19\/#primaryimage\",\"url\":\"https:\/\/friendlysmilesdental.com\/wp-content\/uploads\/2020\/05\/Vanguard-Gold-Mobile-.jpg\",\"contentUrl\":\"https:\/\/friendlysmilesdental.com\/wp-content\/uploads\/2020\/05\/Vanguard-Gold-Mobile-.jpg\"},{\"@type\":\"BreadcrumbList\",\"@id\":\"https:\/\/friendlysmilesdental.com\/es\/protocolos-covid-19\/#breadcrumb\",\"itemListElement\":[{\"@type\":\"ListItem\",\"position\":1,\"name\":\"Home\",\"item\":\"https:\/\/friendlysmilesdental.com\/es\/inicio\/\"},{\"@type\":\"ListItem\",\"position\":2,\"name\":\"Protocolos Covid-19\"}]},{\"@type\":\"WebSite\",\"@id\":\"https:\/\/friendlysmilesdental.com\/es\/#website\",\"url\":\"https:\/\/friendlysmilesdental.com\/es\/\",\"name\":\"Friendly Smiles Dental\",\"description\":\"Santa Maria Dentists | San Luis Obispo Dentists | King City Dentists\",\"potentialAction\":[{\"@type\":\"SearchAction\",\"target\":{\"@type\":\"EntryPoint\",\"urlTemplate\":\"https:\/\/friendlysmilesdental.com\/es\/?s={search_term_string}\"},\"query-input\":{\"@type\":\"PropertyValueSpecification\",\"valueRequired\":true,\"valueName\":\"search_term_string\"}}],\"inLanguage\":\"es\"}]}<\/script>\n<!-- \/ Yoast SEO plugin. -->","yoast_head_json":{"title":"Dentistas Covid-Safe en San Luis Obispo-Santa Maria-King City","description":"La salud y la seguridad son nuestra prioridad. Seguimos las directrices de ADA, CDC y OSHA Covid-19. Nuestras unidades de SUCCI\u00d3N DE ALTAELOCIDAD con filtraci\u00f3n HEPA capturan los aerosoles y las gotas de humedad que se producen durante los procedimientos dentales.","robots":{"index":"index","follow":"follow","max-snippet":"max-snippet:-1","max-image-preview":"max-image-preview:large","max-video-preview":"max-video-preview:-1"},"canonical":"https:\/\/friendlysmilesdental.com\/es\/protocolos-covid-19\/","og_locale":"es_ES","og_type":"article","og_title":"Dentistas Covid-Safe en San Luis Obispo-Santa Maria-King City","og_description":"La salud y la seguridad son nuestra prioridad. Seguimos las directrices de ADA, CDC y OSHA Covid-19. Nuestras unidades de SUCCI\u00d3N DE ALTAELOCIDAD con filtraci\u00f3n HEPA capturan los aerosoles y las gotas de humedad que se producen durante los procedimientos dentales.","og_url":"https:\/\/friendlysmilesdental.com\/es\/protocolos-covid-19\/","og_site_name":"Friendly Smiles Dental","article_modified_time":"2024-04-09T21:25:01+00:00","og_image":[{"url":"https:\/\/friendlysmilesdental.com\/wp-content\/uploads\/2020\/05\/Vanguard-Gold-Mobile-.jpg"}],"twitter_card":"summary_large_image","twitter_misc":{"Tiempo de lectura":"11 minutos"},"schema":{"@context":"https:\/\/schema.org","@graph":[{"@type":"WebPage","@id":"https:\/\/friendlysmilesdental.com\/es\/protocolos-covid-19\/","url":"https:\/\/friendlysmilesdental.com\/es\/protocolos-covid-19\/","name":"Dentistas Covid-Safe en San Luis Obispo-Santa Maria-King City","isPartOf":{"@id":"https:\/\/friendlysmilesdental.com\/es\/#website"},"primaryImageOfPage":{"@id":"https:\/\/friendlysmilesdental.com\/es\/protocolos-covid-19\/#primaryimage"},"image":{"@id":"https:\/\/friendlysmilesdental.com\/es\/protocolos-covid-19\/#primaryimage"},"thumbnailUrl":"https:\/\/friendlysmilesdental.com\/wp-content\/uploads\/2020\/05\/Vanguard-Gold-Mobile-.jpg","datePublished":"2020-05-25T07:32:08+00:00","dateModified":"2024-04-09T21:25:01+00:00","description":"La salud y la seguridad son nuestra prioridad. Seguimos las directrices de ADA, CDC y OSHA Covid-19. Nuestras unidades de SUCCI\u00d3N DE ALTAELOCIDAD con filtraci\u00f3n HEPA capturan los aerosoles y las gotas de humedad que se producen durante los procedimientos dentales.","breadcrumb":{"@id":"https:\/\/friendlysmilesdental.com\/es\/protocolos-covid-19\/#breadcrumb"},"inLanguage":"es","potentialAction":[{"@type":"ReadAction","target":["https:\/\/friendlysmilesdental.com\/es\/protocolos-covid-19\/"]}]},{"@type":"ImageObject","inLanguage":"es","@id":"https:\/\/friendlysmilesdental.com\/es\/protocolos-covid-19\/#primaryimage","url":"https:\/\/friendlysmilesdental.com\/wp-content\/uploads\/2020\/05\/Vanguard-Gold-Mobile-.jpg","contentUrl":"https:\/\/friendlysmilesdental.com\/wp-content\/uploads\/2020\/05\/Vanguard-Gold-Mobile-.jpg"},{"@type":"BreadcrumbList","@id":"https:\/\/friendlysmilesdental.com\/es\/protocolos-covid-19\/#breadcrumb","itemListElement":[{"@type":"ListItem","position":1,"name":"Home","item":"https:\/\/friendlysmilesdental.com\/es\/inicio\/"},{"@type":"ListItem","position":2,"name":"Protocolos Covid-19"}]},{"@type":"WebSite","@id":"https:\/\/friendlysmilesdental.com\/es\/#website","url":"https:\/\/friendlysmilesdental.com\/es\/","name":"Friendly Smiles Dental","description":"Santa Maria Dentists | San Luis Obispo Dentists | King City Dentists","potentialAction":[{"@type":"SearchAction","target":{"@type":"EntryPoint","urlTemplate":"https:\/\/friendlysmilesdental.com\/es\/?s={search_term_string}"},"query-input":{"@type":"PropertyValueSpecification","valueRequired":true,"valueName":"search_term_string"}}],"inLanguage":"es"}]}},"_links":{"self":[{"href":"https:\/\/friendlysmilesdental.com\/es\/wp-json\/wp\/v2\/pages\/3053"}],"collection":[{"href":"https:\/\/friendlysmilesdental.com\/es\/wp-json\/wp\/v2\/pages"}],"about":[{"href":"https:\/\/friendlysmilesdental.com\/es\/wp-json\/wp\/v2\/types\/page"}],"author":[{"embeddable":true,"href":"https:\/\/friendlysmilesdental.com\/es\/wp-json\/wp\/v2\/users\/1"}],"replies":[{"embeddable":true,"href":"https:\/\/friendlysmilesdental.com\/es\/wp-json\/wp\/v2\/comments?post=3053"}],"version-history":[{"count":4,"href":"https:\/\/friendlysmilesdental.com\/es\/wp-json\/wp\/v2\/pages\/3053\/revisions"}],"predecessor-version":[{"id":3057,"href":"https:\/\/friendlysmilesdental.com\/es\/wp-json\/wp\/v2\/pages\/3053\/revisions\/3057"}],"wp:attachment":[{"href":"https:\/\/friendlysmilesdental.com\/es\/wp-json\/wp\/v2\/media?parent=3053"}],"curies":[{"name":"wp","href":"https:\/\/api.w.org\/{rel}","templated":true}]}}