{"id":3070,"date":"2019-10-30T07:13:56","date_gmt":"2019-10-30T07:13:56","guid":{"rendered":"https:\/\/friendlysmilesdental.com\/raspado-periodontal-y-alisado-radicular\/"},"modified":"2024-04-09T23:23:42","modified_gmt":"2024-04-09T23:23:42","slug":"raspado-periodontal-y-alisado-radicular","status":"publish","type":"page","link":"https:\/\/friendlysmilesdental.com\/es\/raspado-periodontal-y-alisado-radicular\/","title":{"rendered":"Raspado periodontal y alisado radicular"},"content":{"rendered":"<p><div class=\"fusion-fullwidth fullwidth-box fusion-builder-row-1 nonhundred-percent-fullwidth non-hundred-percent-height-scrolling\" style=\"--awb-border-radius-top-left:0px;--awb-border-radius-top-right:0px;--awb-border-radius-bottom-right:0px;--awb-border-radius-bottom-left:0px;--awb-flex-wrap:wrap;\" ><div class=\"fusion-builder-row fusion-row\"><div class=\"fusion-layout-column fusion_builder_column fusion-builder-column-0 fusion_builder_column_1_2 1_2 fusion-one-half fusion-column-first\" style=\"--awb-bg-size:cover;width:50%;width:calc(50% - ( ( 4% ) * 0.5 ) );margin-right: 4%;\"><div class=\"fusion-column-wrapper fusion-column-has-shadow fusion-flex-column-wrapper-legacy\"><div class=\"fusion-text fusion-text-1\"><h1 align=\"left\">Raspado periodontal y alisado radicular<\/h1>\n<\/div><div class=\"fusion-sep-clear\"><\/div><div class=\"fusion-separator fusion-clearfix\" style=\"float:left;margin-bottom:25px;width:100%;max-width:100px;\"><div class=\"fusion-separator-border sep-single sep-solid\" style=\"--awb-height:20px;--awb-amount:20px;--awb-sep-color:#6589c0;border-color:#6589c0;border-top-width:2px;\"><\/div><\/div><div class=\"fusion-sep-clear\"><\/div><div class=\"fusion-text fusion-text-2\"><p style=\"text-align: left;\" align=\"left\">El objetivo del raspado y alisado radicular es eliminar los agentes etiol\u00f3gicos que causan la inflamaci\u00f3n del tejido gingival (enc\u00eda) y el hueso circundante. Los agentes etiol\u00f3gicos comunes eliminados por esta terapia periodontal convencional incluyen la placa dental y el sarro (c\u00e1lculo).<\/p>\n<p style=\"text-align: left;\" align=\"left\">Estos procedimientos no quir\u00fargicos, que limpian completamente el periodonto, resultan muy eficaces para las personas que padecen gingivitis (inflamaci\u00f3n leve de las enc\u00edas) y enfermedad periodontal moderada\/grave.<\/p>\n<h2 align=\"left\">Motivos para el raspado y alisado radicular<\/h2>\n<p style=\"text-align: left;\" align=\"left\">El raspado y el alisado radicular pueden utilizarse tanto como medida preventiva como tratamiento independiente. Estos procedimientos se realizan como medida preventiva para quien padece periodontitis.<\/p>\n<p style=\"text-align: left;\" align=\"left\">He aqu\u00ed algunas razones por las que estos procedimientos dentales pueden ser necesarios:<\/p>\n<ul>\n<li style=\"text-align: left;\">\n<div align=\"left\"><strong>Prevenci\u00f3n de enfermedades<\/strong> &#8211; Las bacterias orales que causan las infecciones periodontales pueden viajar a trav\u00e9s del torrente sangu\u00edneo a otras partes del cuerpo. Las investigaciones han demostrado que las infecciones pulmonares y las enfermedades cardiacas est\u00e1n relacionadas con las bacterias periodontales. El raspado y el alisado radicular eliminan las bacterias y detienen el avance de la enfermedad periodontal, evitando as\u00ed que las bacterias se desplacen a otras partes del cuerpo.<\/div>\n<\/li>\n<li style=\"text-align: left;\">\n<div align=\"left\"><strong>Protecci\u00f3n de los dientes<\/strong> &#8211; Cuando las bolsas de las enc\u00edas superan los 3 mm de profundidad, existe un mayor riesgo de enfermedad periodontal. A medida que las bolsas se hacen m\u00e1s profundas, tienden a albergar m\u00e1s colonias de bacterias peligrosas. Con el tiempo, una respuesta inflamatoria cr\u00f3nica del organismo empieza a destruir el tejido gingival y \u00f3seo, lo que puede provocar la p\u00e9rdida de dientes. La enfermedad periodontal es la primera causa de p\u00e9rdida de dientes en el mundo desarrollado.<\/div>\n<\/li>\n<li style=\"text-align: left;\">\n<div align=\"left\"><strong>Efectos est\u00e9ticos<\/strong> &#8211; El raspado y el alisado radicular ayudan a eliminar el sarro y la placa de los dientes y por debajo de la l\u00ednea de las enc\u00edas. Como ventaja a\u00f1adida, si hay manchas superficiales en los dientes, se eliminar\u00e1n en el proceso de raspado y alisado radicular.<\/div>\n<\/li>\n<li>\n<div style=\"text-align: left;\" align=\"left\"><strong>Mejor aliento<\/strong> &#8211; Uno de los signos m\u00e1s comunes de la enfermedad periodontal es la halitosis (mal aliento). Las part\u00edculas de alimentos y las bacterias pueden causar un mal olor persistente en la cavidad bucal que se alivia con procedimientos de limpieza como el raspado y el alisado radicular.<\/div>\n<\/li>\n<\/ul>\n<\/div><div class=\"fusion-clearfix\"><\/div><\/div><\/div><div class=\"fusion-layout-column fusion_builder_column fusion-builder-column-1 fusion_builder_column_1_2 1_2 fusion-one-half fusion-column-last\" style=\"--awb-bg-size:cover;width:50%;width:calc(50% - ( ( 4% ) * 0.5 ) );\"><div class=\"fusion-column-wrapper fusion-column-has-shadow fusion-flex-column-wrapper-legacy\"><div class=\"fusion-text fusion-text-3\"><h2 align=\"left\">\u00bfEn qu\u00e9 consisten los tratamientos de raspado y alisado radicular?<\/h2>\n<p style=\"text-align: left;\" align=\"left\">Los tratamientos de raspado y alisado radicular s\u00f3lo se realizan tras un examen minucioso de la boca. El dentista tomar\u00e1 radiograf\u00edas, realizar\u00e1 ex\u00e1menes visuales y har\u00e1 un diagn\u00f3stico antes de recomendar o iniciar estos procedimientos.<\/p>\n<p style=\"text-align: left;\" align=\"left\">Dependiendo del estado actual de las enc\u00edas, la cantidad de sarro presente, la profundidad de las bolsas y la progresi\u00f3n de la periodontitis, puede utilizarse anestesia local.<\/p>\n<p style=\"text-align: left;\" align=\"left\"><strong>Raspado<\/strong>: este procedimiento suele realizarse con instrumentos dentales especiales y puede incluir una herramienta ultras\u00f3nica de raspado. La herramienta de raspado elimina el sarro y la placa de la superficie de la corona y las ra\u00edces. En muchos casos, la herramienta de raspado incluye un proceso de irrigaci\u00f3n que tambi\u00e9n puede utilizarse para administrar un agente antimicrobiano bajo las enc\u00edas que puede ayudar a reducir las bacterias orales.<\/p>\n<p style=\"text-align: left;\" align=\"left\"><strong>Alisado radicular<\/strong> &#8211; Este procedimiento es un tratamiento espec\u00edfico que sirve para eliminar el cemento y la dentina superficial que est\u00e1n incrustados con microorganismos no deseados, toxinas y sarro. La ra\u00edz del diente se alisa literalmente para favorecer una buena cicatrizaci\u00f3n. Tener las superficies radiculares limpias y lisas ayuda a que las bacterias no colonicen f\u00e1cilmente en el futuro.<\/p>\n<p style=\"text-align: left;\" align=\"left\">Tras estos procedimientos de limpieza profunda, las bolsas de las enc\u00edas pueden tratarse con antibi\u00f3ticos. Esto aliviar\u00e1 la irritaci\u00f3n y ayudar\u00e1 a que los tejidos de las enc\u00edas cicatricen r\u00e1pidamente.<\/p>\n<p style=\"text-align: left;\" align=\"left\">En la siguiente cita, el dentista o el higienista volver\u00e1n a examinar a fondo las enc\u00edas para comprobar el grado de cicatrizaci\u00f3n de las bolsas. Si las bolsas de las enc\u00edas siguen midiendo m\u00e1s de 3 mm de profundidad, pueden recomendarse tratamientos adicionales y m\u00e1s intensivos.<\/p>\n<\/div><div class=\"fusion-clearfix\"><\/div><\/div><\/div><\/div><\/div><div class=\"fusion-fullwidth fullwidth-box fusion-builder-row-2 nonhundred-percent-fullwidth non-hundred-percent-height-scrolling\" style=\"--awb-border-radius-top-left:0px;--awb-border-radius-top-right:0px;--awb-border-radius-bottom-right:0px;--awb-border-radius-bottom-left:0px;--awb-flex-wrap:wrap;\" ><div class=\"fusion-builder-row fusion-row\"><div class=\"fusion-layout-column fusion_builder_column fusion-builder-column-2 fusion_builder_column_1_2 1_2 fusion-one-half fusion-column-first\" style=\"--awb-bg-size:cover;width:50%;width:calc(50% - ( ( 4% ) * 0.5 ) );margin-right: 4%;\"><div class=\"fusion-column-wrapper fusion-column-has-shadow fusion-flex-column-wrapper-legacy\"><div class=\"fusion-clearfix\"><\/div><\/div><\/div><div class=\"fusion-layout-column fusion_builder_column fusion-builder-column-3 fusion_builder_column_1_2 1_2 fusion-one-half fusion-column-last\" style=\"--awb-bg-size:cover;width:50%;width:calc(50% - ( ( 4% ) * 0.5 ) );\"><div class=\"fusion-column-wrapper fusion-column-has-shadow fusion-flex-column-wrapper-legacy\"><div class=\"fusion-clearfix\"><\/div><\/div><\/div><\/div><\/div><div class=\"fusion-bg-parallax\" data-bg-align=\"center center\" data-direction=\"right\" data-mute=\"false\" data-opacity=\"100\" data-velocity=\"-0.8\" data-mobile-enabled=\"false\" data-break_parents=\"0\" data-bg-image=\"https:\/\/friendlysmilesdental.com\/wp-content\/uploads\/2020\/01\/best-san-luis-obispo-dentist.jpg\" data-bg-repeat=\"false\" ><\/div><div class=\"fusion-fullwidth fullwidth-box fusion-builder-row-3 fusion-parallax-right nonhundred-percent-fullwidth non-hundred-percent-height-scrolling lazyload\" style=\"--awb-border-radius-top-left:0px;--awb-border-radius-top-right:0px;--awb-border-radius-bottom-right:0px;--awb-border-radius-bottom-left:0px;--awb-padding-top:40px;--awb-padding-bottom:50px;--awb-background-size:cover;--awb-flex-wrap:wrap;\" data-bg=\"https:\/\/friendlysmilesdental.com\/wp-content\/uploads\/2020\/01\/best-san-luis-obispo-dentist.jpg\" ><div class=\"fusion-builder-row fusion-row\"><div class=\"fusion-layout-column fusion_builder_column fusion-builder-column-4 fusion_builder_column_1_1 1_1 fusion-one-full fusion-column-first fusion-column-last\" style=\"--awb-bg-size:cover;--awb-margin-top:3%;--awb-margin-bottom:3%;\"><div class=\"fusion-column-wrapper fusion-column-has-shadow fusion-flex-column-wrapper-legacy\"><div class=\"fusion-text fusion-text-4\"><h2 style=\"text-align: center;\"><span style=\"color: #ffffff;\">\u00bfListo para sonre\u00edr?<\/span><\/h2>\n<\/div><div class=\"fusion-sep-clear\"><\/div><div class=\"fusion-separator fusion-full-width-sep\" style=\"margin-left: auto;margin-right: auto;margin-top:15px;width:100%;\"><\/div><div class=\"fusion-sep-clear\"><\/div><div class=\"fusion-aligncenter\"><a class=\"fusion-button button-flat fusion-button-default-size button-custom fusion-button-default button-1 fusion-button-default-span fusion-button-default-type\" style=\"--button_accent_color:#ffffff;--button_accent_hover_color:#6487c2;--button_border_hover_color:#6487c2;--button_gradient_top_color:#4fc3a3;--button_gradient_bottom_color:#4fc3a3;--button_gradient_top_color_hover:#ffffff;--button_gradient_bottom_color_hover:#ffffff;\" target=\"_self\" href=\"https:\/\/friendlysmilesdental.com\/es\/reservar-cita\/\"><i class=\"fa-plus fas button-icon-left\" aria-hidden=\"true\"><\/i><span class=\"fusion-button-text\">Solicitar una cita<\/span><\/a><\/div><div class=\"fusion-sep-clear\"><\/div><div class=\"fusion-separator fusion-full-width-sep\" style=\"margin-left: auto;margin-right: auto;margin-top:15px;width:100%;\"><\/div><div class=\"fusion-sep-clear\"><\/div><div class=\"fusion-text fusion-text-5\"><h3 style=\"text-align: center;\"><span style=\"color: #ffffff;\">Estamos orgullosos de aceptar Medi-Cal y tomar la mayor\u00eda de las formas de seguro en todas nuestras oficinas dentales.<\/span><\/h3>\n<\/div><div class=\"fusion-clearfix\"><\/div><\/div><\/div><\/div><\/div><\/p>\n","protected":false},"excerpt":{"rendered":"","protected":false},"author":4,"featured_media":0,"parent":0,"menu_order":0,"comment_status":"closed","ping_status":"open","template":"100-width.php","meta":{"footnotes":""},"yoast_head":"<!-- This site is optimized with the Yoast SEO plugin v23.9 - https:\/\/yoast.com\/wordpress\/plugins\/seo\/ -->\n<title>Raspado periodontal y alisado radicular | Central Coast Dentist<\/title>\n<meta name=\"description\" content=\"El raspado periodontal y el alisado radicular pueden utilizarse como medida preventiva y como tratamiento independiente.\" \/>\n<meta name=\"robots\" content=\"index, follow, max-snippet:-1, max-image-preview:large, max-video-preview:-1\" \/>\n<link rel=\"canonical\" href=\"https:\/\/friendlysmilesdental.com\/es\/raspado-periodontal-y-alisado-radicular\/\" \/>\n<meta property=\"og:locale\" content=\"es_ES\" \/>\n<meta property=\"og:type\" content=\"article\" \/>\n<meta property=\"og:title\" content=\"Raspado periodontal y alisado radicular | Central Coast Dentist\" \/>\n<meta property=\"og:description\" content=\"El raspado periodontal y el alisado radicular pueden utilizarse como medida preventiva y como tratamiento independiente.\" \/>\n<meta property=\"og:url\" content=\"https:\/\/friendlysmilesdental.com\/es\/raspado-periodontal-y-alisado-radicular\/\" \/>\n<meta property=\"og:site_name\" content=\"Friendly Smiles Dental\" \/>\n<meta property=\"article:modified_time\" content=\"2024-04-09T23:23:42+00:00\" \/>\n<meta name=\"twitter:card\" content=\"summary_large_image\" \/>\n<meta name=\"twitter:label1\" content=\"Tiempo de lectura\" \/>\n\t<meta name=\"twitter:data1\" content=\"10 minutos\" \/>\n<script type=\"application\/ld+json\" class=\"yoast-schema-graph\">{\"@context\":\"https:\/\/schema.org\",\"@graph\":[{\"@type\":\"WebPage\",\"@id\":\"https:\/\/friendlysmilesdental.com\/es\/raspado-periodontal-y-alisado-radicular\/\",\"url\":\"https:\/\/friendlysmilesdental.com\/es\/raspado-periodontal-y-alisado-radicular\/\",\"name\":\"Raspado periodontal y alisado radicular | Central Coast Dentist\",\"isPartOf\":{\"@id\":\"https:\/\/friendlysmilesdental.com\/es\/#website\"},\"datePublished\":\"2019-10-30T07:13:56+00:00\",\"dateModified\":\"2024-04-09T23:23:42+00:00\",\"description\":\"El raspado periodontal y el alisado radicular pueden utilizarse como medida preventiva y como tratamiento independiente.\",\"breadcrumb\":{\"@id\":\"https:\/\/friendlysmilesdental.com\/es\/raspado-periodontal-y-alisado-radicular\/#breadcrumb\"},\"inLanguage\":\"es\",\"potentialAction\":[{\"@type\":\"ReadAction\",\"target\":[\"https:\/\/friendlysmilesdental.com\/es\/raspado-periodontal-y-alisado-radicular\/\"]}]},{\"@type\":\"BreadcrumbList\",\"@id\":\"https:\/\/friendlysmilesdental.com\/es\/raspado-periodontal-y-alisado-radicular\/#breadcrumb\",\"itemListElement\":[{\"@type\":\"ListItem\",\"position\":1,\"name\":\"Home\",\"item\":\"https:\/\/friendlysmilesdental.com\/es\/inicio\/\"},{\"@type\":\"ListItem\",\"position\":2,\"name\":\"Raspado periodontal y alisado radicular\"}]},{\"@type\":\"WebSite\",\"@id\":\"https:\/\/friendlysmilesdental.com\/es\/#website\",\"url\":\"https:\/\/friendlysmilesdental.com\/es\/\",\"name\":\"Friendly Smiles Dental\",\"description\":\"Santa Maria Dentists | San Luis Obispo Dentists | King City Dentists\",\"potentialAction\":[{\"@type\":\"SearchAction\",\"target\":{\"@type\":\"EntryPoint\",\"urlTemplate\":\"https:\/\/friendlysmilesdental.com\/es\/?s={search_term_string}\"},\"query-input\":{\"@type\":\"PropertyValueSpecification\",\"valueRequired\":true,\"valueName\":\"search_term_string\"}}],\"inLanguage\":\"es\"}]}<\/script>\n<!-- \/ Yoast SEO plugin. -->","yoast_head_json":{"title":"Raspado periodontal y alisado radicular | Central Coast Dentist","description":"El raspado periodontal y el alisado radicular pueden utilizarse como medida preventiva y como tratamiento independiente.","robots":{"index":"index","follow":"follow","max-snippet":"max-snippet:-1","max-image-preview":"max-image-preview:large","max-video-preview":"max-video-preview:-1"},"canonical":"https:\/\/friendlysmilesdental.com\/es\/raspado-periodontal-y-alisado-radicular\/","og_locale":"es_ES","og_type":"article","og_title":"Raspado periodontal y alisado radicular | Central Coast Dentist","og_description":"El raspado periodontal y el alisado radicular pueden utilizarse como medida preventiva y como tratamiento independiente.","og_url":"https:\/\/friendlysmilesdental.com\/es\/raspado-periodontal-y-alisado-radicular\/","og_site_name":"Friendly Smiles Dental","article_modified_time":"2024-04-09T23:23:42+00:00","twitter_card":"summary_large_image","twitter_misc":{"Tiempo de lectura":"10 minutos"},"schema":{"@context":"https:\/\/schema.org","@graph":[{"@type":"WebPage","@id":"https:\/\/friendlysmilesdental.com\/es\/raspado-periodontal-y-alisado-radicular\/","url":"https:\/\/friendlysmilesdental.com\/es\/raspado-periodontal-y-alisado-radicular\/","name":"Raspado periodontal y alisado radicular | Central Coast Dentist","isPartOf":{"@id":"https:\/\/friendlysmilesdental.com\/es\/#website"},"datePublished":"2019-10-30T07:13:56+00:00","dateModified":"2024-04-09T23:23:42+00:00","description":"El raspado periodontal y el alisado radicular pueden utilizarse como medida preventiva y como tratamiento independiente.","breadcrumb":{"@id":"https:\/\/friendlysmilesdental.com\/es\/raspado-periodontal-y-alisado-radicular\/#breadcrumb"},"inLanguage":"es","potentialAction":[{"@type":"ReadAction","target":["https:\/\/friendlysmilesdental.com\/es\/raspado-periodontal-y-alisado-radicular\/"]}]},{"@type":"BreadcrumbList","@id":"https:\/\/friendlysmilesdental.com\/es\/raspado-periodontal-y-alisado-radicular\/#breadcrumb","itemListElement":[{"@type":"ListItem","position":1,"name":"Home","item":"https:\/\/friendlysmilesdental.com\/es\/inicio\/"},{"@type":"ListItem","position":2,"name":"Raspado periodontal y alisado radicular"}]},{"@type":"WebSite","@id":"https:\/\/friendlysmilesdental.com\/es\/#website","url":"https:\/\/friendlysmilesdental.com\/es\/","name":"Friendly Smiles Dental","description":"Santa Maria Dentists | San Luis Obispo Dentists | King City Dentists","potentialAction":[{"@type":"SearchAction","target":{"@type":"EntryPoint","urlTemplate":"https:\/\/friendlysmilesdental.com\/es\/?s={search_term_string}"},"query-input":{"@type":"PropertyValueSpecification","valueRequired":true,"valueName":"search_term_string"}}],"inLanguage":"es"}]}},"_links":{"self":[{"href":"https:\/\/friendlysmilesdental.com\/es\/wp-json\/wp\/v2\/pages\/3070"}],"collection":[{"href":"https:\/\/friendlysmilesdental.com\/es\/wp-json\/wp\/v2\/pages"}],"about":[{"href":"https:\/\/friendlysmilesdental.com\/es\/wp-json\/wp\/v2\/types\/page"}],"author":[{"embeddable":true,"href":"https:\/\/friendlysmilesdental.com\/es\/wp-json\/wp\/v2\/users\/4"}],"replies":[{"embeddable":true,"href":"https:\/\/friendlysmilesdental.com\/es\/wp-json\/wp\/v2\/comments?post=3070"}],"version-history":[{"count":8,"href":"https:\/\/friendlysmilesdental.com\/es\/wp-json\/wp\/v2\/pages\/3070\/revisions"}],"predecessor-version":[{"id":3078,"href":"https:\/\/friendlysmilesdental.com\/es\/wp-json\/wp\/v2\/pages\/3070\/revisions\/3078"}],"wp:attachment":[{"href":"https:\/\/friendlysmilesdental.com\/es\/wp-json\/wp\/v2\/media?parent=3070"}],"curies":[{"name":"wp","href":"https:\/\/api.w.org\/{rel}","templated":true}]}}