{"id":3079,"date":"2019-10-30T06:26:31","date_gmt":"2019-10-30T06:26:31","guid":{"rendered":"https:\/\/friendlysmilesdental.com\/cuando-acudir-al-periodoncista\/"},"modified":"2024-04-09T23:24:23","modified_gmt":"2024-04-09T23:24:23","slug":"cuando-acudir-al-periodoncista","status":"publish","type":"page","link":"https:\/\/friendlysmilesdental.com\/es\/cuando-acudir-al-periodoncista\/","title":{"rendered":"Cu\u00e1ndo acudir al periodoncista"},"content":{"rendered":"<p><div class=\"fusion-fullwidth fullwidth-box fusion-builder-row-1 nonhundred-percent-fullwidth non-hundred-percent-height-scrolling\" style=\"--awb-border-radius-top-left:0px;--awb-border-radius-top-right:0px;--awb-border-radius-bottom-right:0px;--awb-border-radius-bottom-left:0px;--awb-flex-wrap:wrap;\" ><div class=\"fusion-builder-row fusion-row\"><div class=\"fusion-layout-column fusion_builder_column fusion-builder-column-0 fusion_builder_column_1_2 1_2 fusion-one-half fusion-column-first\" style=\"--awb-bg-size:cover;width:50%;width:calc(50% - ( ( 4% ) * 0.5 ) );margin-right: 4%;\"><div class=\"fusion-column-wrapper fusion-column-has-shadow fusion-flex-column-wrapper-legacy\"><div class=\"fusion-text fusion-text-1\"><h1 align=\"left\">Cu\u00e1ndo acudir al periodoncista<\/h1>\n<\/div><div class=\"fusion-sep-clear\"><\/div><div class=\"fusion-separator fusion-clearfix\" style=\"float:left;margin-top:22px;margin-bottom:25px;width:100%;max-width:100px;\"><div class=\"fusion-separator-border sep-single sep-solid\" style=\"--awb-height:20px;--awb-amount:20px;--awb-sep-color:#6589c0;border-color:#6589c0;border-top-width:2px;\"><\/div><\/div><div class=\"fusion-sep-clear\"><\/div><div class=\"fusion-text fusion-text-2\"><p style=\"text-align: left;\" align=\"left\">Un periodoncista es un dentista especializado en la prevenci\u00f3n, el diagn\u00f3stico y el tratamiento de infecciones y enfermedades de los tejidos blandos que rodean los dientes y el hueso maxilar al que est\u00e1n anclados los dientes. Los periodoncistas tienen que formarse tres a\u00f1os m\u00e1s, adem\u00e1s de los cuatro de la facultad de Odontolog\u00eda ordinaria, y est\u00e1n familiarizados con las t\u00e9cnicas m\u00e1s avanzadas necesarias para tratar la enfermedad periodontal y colocar implantes dentales. Los periodoncistas tambi\u00e9n realizan una amplia gama de procedimientos cosm\u00e9ticos para mejorar la sonrisa al m\u00e1ximo.<\/p>\n<p style=\"text-align: left;\" align=\"left\">La enfermedad periodontal comienza cuando las toxinas que se encuentran en la placa empiezan a atacar el tejido blando o gingival que rodea los dientes. Esta bacteria se incrusta en la enc\u00eda y se reproduce r\u00e1pidamente, provocando una infecci\u00f3n bacteriana. A medida que la infecci\u00f3n avanza, empieza a profundizar en el tejido causando inflamaci\u00f3n o irritaci\u00f3n entre los dientes y las enc\u00edas. La respuesta del organismo es destruir el tejido infectado, por lo que las enc\u00edas parecen retroceder. Las bolsas resultantes entre los dientes se hacen m\u00e1s profundas y, si no se busca tratamiento, el tejido que compone el hueso de la mand\u00edbula tambi\u00e9n retrocede provocando dientes inestables y la p\u00e9rdida de dientes.<\/p>\n<h2 align=\"left\">Derivaciones de dentistas generales y autoderivaci\u00f3n<\/h2>\n<p style=\"text-align: left;\" align=\"left\">Existen varias formas de solicitar tratamiento a un periodoncista. En el transcurso de una revisi\u00f3n dental peri\u00f3dica, si el dentista general o el higienista detectan s\u00edntomas de gingivitis o enfermedad periodontal de r\u00e1pida evoluci\u00f3n, puede recomendarse una consulta con un periodoncista. Sin embargo, no es necesaria una remisi\u00f3n para una consulta periodontal.<\/p>\n<p style=\"text-align: left;\" align=\"left\">Si experimenta <em><br \/>\n  <strong>cualquiera de estos signos y s\u00edntomas<\/strong><br \/>\n<\/em>es importante que concierte una cita con un periodoncista sin demora:<\/p>\n<ul>\n<li style=\"text-align: left;\">\n<div align=\"left\"><strong>Sangrado al comer o al cepillarse<\/strong> &#8211; El sangrado inexplicable al consumir alimentos o durante la limpieza diaria es uno de los signos m\u00e1s comunes de infecci\u00f3n periodontal.<\/div>\n<\/li>\n<li style=\"text-align: left;\">\n<div align=\"left\"><strong>Mal aliento<\/strong> &#8211; La halitosis continuada (mal aliento) que persiste incluso cuando se aplica un riguroso programa de higiene bucal, puede ser indicativa de periodontitis, gingivitis o el comienzo de una infecci\u00f3n en los tejidos de las enc\u00edas.<\/div>\n<\/li>\n<li>\n<div style=\"text-align: left;\" align=\"left\"><strong>Dientes flojos y rec<\/strong> esi\u00f3n de las enc\u00edas: unos dientes m\u00e1s largos pueden indicar recesi\u00f3n de las enc\u00edas y p\u00e9rdida \u00f3sea debida a una enfermedad periodontal. A medida que esta enfermedad avanza y ataca al hueso maxilar (el anclaje que sujeta los dientes), los dientes pueden aflojarse o perderse por completo.<\/div>\n<\/li>\n<li>\n<div align=\"left\"><strong>Gangrena en los tejidos<\/strong> &#8211; La gangrena es dif\u00edcil de autodiagnosticar, pero el dentista general y el periodoncista comprobar\u00e1n su presencia en los tejidos blandos, el hueso alveolar y el ligamento periodontal.<\/div>\n<\/li>\n<li>\n<div align=\"left\"><strong>Enfermedades relacionadas<\/strong>: las cardiopat\u00edas, la diabetes, la osteopenia y la osteoporosis est\u00e1n muy relacionadas con la periodontitis y las infecciones periodontales. La infecci\u00f3n bacteriana puede propagarse por el torrente sangu\u00edneo y afectar a otras partes del cuerpo.<\/div>\n<\/li>\n<\/ul>\n<\/div><div class=\"fusion-clearfix\"><\/div><\/div><\/div><div class=\"fusion-layout-column fusion_builder_column fusion-builder-column-1 fusion_builder_column_1_2 1_2 fusion-one-half fusion-column-last\" style=\"--awb-bg-size:cover;width:50%;width:calc(50% - ( ( 4% ) * 0.5 ) );\"><div class=\"fusion-column-wrapper fusion-column-has-shadow fusion-flex-column-wrapper-legacy\"><div class=\"fusion-text fusion-text-3\"><h2 align=\"left\">Diagn\u00f3stico y tratamiento<\/h2>\n<p style=\"text-align: left;\" align=\"justify\">Antes de iniciar cualquier tratamiento dental, el periodoncista debe examinar exhaustivamente las enc\u00edas, el hueso maxilar y el estado general de los dientes. Cuando se diagnostica oficialmente gingivitis o enfermedad periodontal, el periodoncista dispone de varias opciones quir\u00fargicas y no quir\u00fargicas para tratar la infecci\u00f3n subyacente, detener la recesi\u00f3n de los tejidos blandos y reestructurar o sustituir los dientes que puedan faltar.<\/p>\n<ul>\n<li style=\"text-align: left;\">\n<div align=\"left\"><strong>Gingivitis\/enfermedad periodontal leve<\/strong> &#8211; Cuando las bolsas de las enc\u00edas superan los 4 mm de profundidad, el periodoncista o el higienista pueden realizar un raspado y alisado radicular para eliminar los restos de las bolsas y permitir que cicatricen. A partir de entonces, se proporcionar\u00e1 formaci\u00f3n y asesoramiento sobre un r\u00e9gimen de limpieza eficaz.<\/div>\n<\/li>\n<li style=\"text-align: left;\">\n<div align=\"left\"><strong>Enfermedad periodontal moderada<\/strong>: si las bolsas de las enc\u00edas alcanzan los 4-6 mm de longitud, puede ser necesario un raspado y alisado radicular m\u00e1s exhaustivos. Esta limpieza suele realizarse con anestesia local.<\/div>\n<\/li>\n<li style=\"text-align: left;\">\n<div align=\"left\"><strong>Enfermedad periodontal avanzada<\/strong> &#8211; Las bolsas gingivales de m\u00e1s de 6-7 mm suelen ir acompa\u00f1adas de p\u00e9rdida \u00f3sea y recesi\u00f3n gingival. El raspado y el alisado radicular se realizar\u00e1n siempre como tratamiento no quir\u00fargico inicial. Adem\u00e1s de estos tratamientos no quir\u00fargicos, el periodoncista puede recomendar un tratamiento quir\u00fargico para reducir la profundidad de la bolsa.<\/div>\n<\/li>\n<li>\n<div style=\"text-align: left;\" align=\"left\"><strong>P\u00e9rdida de dientes<\/strong> &#8211; Cuando faltan uno o varios dientes debido a una enfermedad periodontal, los implantes dentales son una opci\u00f3n eficaz. Si el hueso es lo suficientemente fuerte como para proporcionar un anclaje adecuado para el diente prot\u00e9sico, puede colocarse el implante. Sin embargo, si el hueso est\u00e1 muy erosionado, el periodoncista puede realizar injertos \u00f3seos para proporcionar un anclaje adecuado para el diente o dientes nuevos.<\/div>\n<\/li>\n<\/ul>\n<\/div><div class=\"fusion-clearfix\"><\/div><\/div><\/div><\/div><\/div><div class=\"fusion-fullwidth fullwidth-box fusion-builder-row-2 nonhundred-percent-fullwidth non-hundred-percent-height-scrolling\" style=\"--awb-border-radius-top-left:0px;--awb-border-radius-top-right:0px;--awb-border-radius-bottom-right:0px;--awb-border-radius-bottom-left:0px;--awb-flex-wrap:wrap;\" ><div class=\"fusion-builder-row fusion-row\"><div class=\"fusion-layout-column fusion_builder_column fusion-builder-column-2 fusion_builder_column_1_2 1_2 fusion-one-half fusion-column-first\" style=\"--awb-bg-size:cover;width:50%;width:calc(50% - ( ( 4% ) * 0.5 ) );margin-right: 4%;\"><div class=\"fusion-column-wrapper fusion-column-has-shadow fusion-flex-column-wrapper-legacy\"><div class=\"fusion-clearfix\"><\/div><\/div><\/div><div class=\"fusion-layout-column fusion_builder_column fusion-builder-column-3 fusion_builder_column_1_2 1_2 fusion-one-half fusion-column-last\" style=\"--awb-bg-size:cover;width:50%;width:calc(50% - ( ( 4% ) * 0.5 ) );\"><div class=\"fusion-column-wrapper fusion-column-has-shadow fusion-flex-column-wrapper-legacy\"><div class=\"fusion-clearfix\"><\/div><\/div><\/div><\/div><\/div><div class=\"fusion-bg-parallax\" data-bg-align=\"center center\" data-direction=\"right\" data-mute=\"false\" data-opacity=\"100\" data-velocity=\"-0.8\" data-mobile-enabled=\"false\" data-break_parents=\"0\" data-bg-image=\"https:\/\/friendlysmilesdental.com\/wp-content\/uploads\/2020\/01\/best-san-luis-obispo-dentist.jpg\" data-bg-repeat=\"false\" ><\/div><div class=\"fusion-fullwidth fullwidth-box fusion-builder-row-3 fusion-parallax-right nonhundred-percent-fullwidth non-hundred-percent-height-scrolling lazyload\" style=\"--awb-border-radius-top-left:0px;--awb-border-radius-top-right:0px;--awb-border-radius-bottom-right:0px;--awb-border-radius-bottom-left:0px;--awb-padding-top:40px;--awb-padding-bottom:50px;--awb-background-size:cover;--awb-flex-wrap:wrap;\" data-bg=\"https:\/\/friendlysmilesdental.com\/wp-content\/uploads\/2020\/01\/best-san-luis-obispo-dentist.jpg\" ><div class=\"fusion-builder-row fusion-row\"><div class=\"fusion-layout-column fusion_builder_column fusion-builder-column-4 fusion_builder_column_1_1 1_1 fusion-one-full fusion-column-first fusion-column-last\" style=\"--awb-bg-size:cover;--awb-margin-top:3%;--awb-margin-bottom:3%;\"><div class=\"fusion-column-wrapper fusion-column-has-shadow fusion-flex-column-wrapper-legacy\"><div class=\"fusion-text fusion-text-4\"><h2 style=\"text-align: center;\"><span style=\"color: #ffffff;\">\u00bfListo para sonre\u00edr?<\/span><\/h2>\n<\/div><div class=\"fusion-sep-clear\"><\/div><div class=\"fusion-separator fusion-full-width-sep\" style=\"margin-left: auto;margin-right: auto;margin-top:15px;width:100%;\"><\/div><div class=\"fusion-sep-clear\"><\/div><div class=\"fusion-aligncenter\"><a class=\"fusion-button button-flat fusion-button-default-size button-custom fusion-button-default button-1 fusion-button-default-span fusion-button-default-type\" style=\"--button_accent_color:#ffffff;--button_accent_hover_color:#6487c2;--button_border_hover_color:#6487c2;--button_gradient_top_color:#4fc3a3;--button_gradient_bottom_color:#4fc3a3;--button_gradient_top_color_hover:#ffffff;--button_gradient_bottom_color_hover:#ffffff;\" target=\"_self\" href=\"https:\/\/friendlysmilesdental.com\/es\/reservar-cita\/\"><i class=\"fa-plus fas button-icon-left\" aria-hidden=\"true\"><\/i><span class=\"fusion-button-text\">Solicitar una cita<\/span><\/a><\/div><div class=\"fusion-sep-clear\"><\/div><div class=\"fusion-separator fusion-full-width-sep\" style=\"margin-left: auto;margin-right: auto;margin-top:15px;width:100%;\"><\/div><div class=\"fusion-sep-clear\"><\/div><div class=\"fusion-text fusion-text-5\"><h3 style=\"text-align: center;\"><span style=\"color: #ffffff;\">Estamos orgullosos de aceptar Medi-Cal y tomar la mayor\u00eda de las formas de seguro en todas nuestras oficinas dentales.<\/span><\/h3>\n<\/div><div class=\"fusion-clearfix\"><\/div><\/div><\/div><\/div><\/div><\/p>\n","protected":false},"excerpt":{"rendered":"","protected":false},"author":4,"featured_media":0,"parent":0,"menu_order":0,"comment_status":"closed","ping_status":"open","template":"100-width.php","meta":{"footnotes":""},"yoast_head":"<!-- This site is optimized with the Yoast SEO plugin v23.9 - https:\/\/yoast.com\/wordpress\/plugins\/seo\/ -->\n<title>Cu\u00e1ndo ver a un periodoncista | Central Coast Dentist Friendly Smiles<\/title>\n<meta name=\"description\" content=\"Un periodoncista es un dentista especializado en la prevenci\u00f3n, el diagn\u00f3stico y el tratamiento de infecciones y enfermedades de los tejidos blandos que rodean los dientes y el hueso maxilar al que est\u00e1n anclados los dientes.\" \/>\n<meta name=\"robots\" content=\"index, follow, max-snippet:-1, max-image-preview:large, max-video-preview:-1\" \/>\n<link rel=\"canonical\" href=\"https:\/\/friendlysmilesdental.com\/es\/cuando-acudir-al-periodoncista\/\" \/>\n<meta property=\"og:locale\" content=\"es_ES\" \/>\n<meta property=\"og:type\" content=\"article\" \/>\n<meta property=\"og:title\" content=\"Cu\u00e1ndo ver a un periodoncista | Central Coast Dentist Friendly Smiles\" \/>\n<meta property=\"og:description\" content=\"Un periodoncista es un dentista especializado en la prevenci\u00f3n, el diagn\u00f3stico y el tratamiento de infecciones y enfermedades de los tejidos blandos que rodean los dientes y el hueso maxilar al que est\u00e1n anclados los dientes.\" \/>\n<meta property=\"og:url\" content=\"https:\/\/friendlysmilesdental.com\/es\/cuando-acudir-al-periodoncista\/\" \/>\n<meta property=\"og:site_name\" content=\"Friendly Smiles Dental\" \/>\n<meta property=\"article:modified_time\" content=\"2024-04-09T23:24:23+00:00\" \/>\n<meta name=\"twitter:card\" content=\"summary_large_image\" \/>\n<meta name=\"twitter:label1\" content=\"Tiempo de lectura\" \/>\n\t<meta name=\"twitter:data1\" content=\"11 minutos\" \/>\n<script type=\"application\/ld+json\" class=\"yoast-schema-graph\">{\"@context\":\"https:\/\/schema.org\",\"@graph\":[{\"@type\":\"WebPage\",\"@id\":\"https:\/\/friendlysmilesdental.com\/es\/cuando-acudir-al-periodoncista\/\",\"url\":\"https:\/\/friendlysmilesdental.com\/es\/cuando-acudir-al-periodoncista\/\",\"name\":\"Cu\u00e1ndo ver a un periodoncista | Central Coast Dentist Friendly Smiles\",\"isPartOf\":{\"@id\":\"https:\/\/friendlysmilesdental.com\/es\/#website\"},\"datePublished\":\"2019-10-30T06:26:31+00:00\",\"dateModified\":\"2024-04-09T23:24:23+00:00\",\"description\":\"Un periodoncista es un dentista especializado en la prevenci\u00f3n, el diagn\u00f3stico y el tratamiento de infecciones y enfermedades de los tejidos blandos que rodean los dientes y el hueso maxilar al que est\u00e1n anclados los dientes.\",\"breadcrumb\":{\"@id\":\"https:\/\/friendlysmilesdental.com\/es\/cuando-acudir-al-periodoncista\/#breadcrumb\"},\"inLanguage\":\"es\",\"potentialAction\":[{\"@type\":\"ReadAction\",\"target\":[\"https:\/\/friendlysmilesdental.com\/es\/cuando-acudir-al-periodoncista\/\"]}]},{\"@type\":\"BreadcrumbList\",\"@id\":\"https:\/\/friendlysmilesdental.com\/es\/cuando-acudir-al-periodoncista\/#breadcrumb\",\"itemListElement\":[{\"@type\":\"ListItem\",\"position\":1,\"name\":\"Home\",\"item\":\"https:\/\/friendlysmilesdental.com\/es\/inicio\/\"},{\"@type\":\"ListItem\",\"position\":2,\"name\":\"Cu\u00e1ndo acudir al periodoncista\"}]},{\"@type\":\"WebSite\",\"@id\":\"https:\/\/friendlysmilesdental.com\/es\/#website\",\"url\":\"https:\/\/friendlysmilesdental.com\/es\/\",\"name\":\"Friendly Smiles Dental\",\"description\":\"Santa Maria Dentists | San Luis Obispo Dentists | King City Dentists\",\"potentialAction\":[{\"@type\":\"SearchAction\",\"target\":{\"@type\":\"EntryPoint\",\"urlTemplate\":\"https:\/\/friendlysmilesdental.com\/es\/?s={search_term_string}\"},\"query-input\":{\"@type\":\"PropertyValueSpecification\",\"valueRequired\":true,\"valueName\":\"search_term_string\"}}],\"inLanguage\":\"es\"}]}<\/script>\n<!-- \/ Yoast SEO plugin. -->","yoast_head_json":{"title":"Cu\u00e1ndo ver a un periodoncista | Central Coast Dentist Friendly Smiles","description":"Un periodoncista es un dentista especializado en la prevenci\u00f3n, el diagn\u00f3stico y el tratamiento de infecciones y enfermedades de los tejidos blandos que rodean los dientes y el hueso maxilar al que est\u00e1n anclados los dientes.","robots":{"index":"index","follow":"follow","max-snippet":"max-snippet:-1","max-image-preview":"max-image-preview:large","max-video-preview":"max-video-preview:-1"},"canonical":"https:\/\/friendlysmilesdental.com\/es\/cuando-acudir-al-periodoncista\/","og_locale":"es_ES","og_type":"article","og_title":"Cu\u00e1ndo ver a un periodoncista | Central Coast Dentist Friendly Smiles","og_description":"Un periodoncista es un dentista especializado en la prevenci\u00f3n, el diagn\u00f3stico y el tratamiento de infecciones y enfermedades de los tejidos blandos que rodean los dientes y el hueso maxilar al que est\u00e1n anclados los dientes.","og_url":"https:\/\/friendlysmilesdental.com\/es\/cuando-acudir-al-periodoncista\/","og_site_name":"Friendly Smiles Dental","article_modified_time":"2024-04-09T23:24:23+00:00","twitter_card":"summary_large_image","twitter_misc":{"Tiempo de lectura":"11 minutos"},"schema":{"@context":"https:\/\/schema.org","@graph":[{"@type":"WebPage","@id":"https:\/\/friendlysmilesdental.com\/es\/cuando-acudir-al-periodoncista\/","url":"https:\/\/friendlysmilesdental.com\/es\/cuando-acudir-al-periodoncista\/","name":"Cu\u00e1ndo ver a un periodoncista | Central Coast Dentist Friendly Smiles","isPartOf":{"@id":"https:\/\/friendlysmilesdental.com\/es\/#website"},"datePublished":"2019-10-30T06:26:31+00:00","dateModified":"2024-04-09T23:24:23+00:00","description":"Un periodoncista es un dentista especializado en la prevenci\u00f3n, el diagn\u00f3stico y el tratamiento de infecciones y enfermedades de los tejidos blandos que rodean los dientes y el hueso maxilar al que est\u00e1n anclados los dientes.","breadcrumb":{"@id":"https:\/\/friendlysmilesdental.com\/es\/cuando-acudir-al-periodoncista\/#breadcrumb"},"inLanguage":"es","potentialAction":[{"@type":"ReadAction","target":["https:\/\/friendlysmilesdental.com\/es\/cuando-acudir-al-periodoncista\/"]}]},{"@type":"BreadcrumbList","@id":"https:\/\/friendlysmilesdental.com\/es\/cuando-acudir-al-periodoncista\/#breadcrumb","itemListElement":[{"@type":"ListItem","position":1,"name":"Home","item":"https:\/\/friendlysmilesdental.com\/es\/inicio\/"},{"@type":"ListItem","position":2,"name":"Cu\u00e1ndo acudir al periodoncista"}]},{"@type":"WebSite","@id":"https:\/\/friendlysmilesdental.com\/es\/#website","url":"https:\/\/friendlysmilesdental.com\/es\/","name":"Friendly Smiles Dental","description":"Santa Maria Dentists | San Luis Obispo Dentists | King City Dentists","potentialAction":[{"@type":"SearchAction","target":{"@type":"EntryPoint","urlTemplate":"https:\/\/friendlysmilesdental.com\/es\/?s={search_term_string}"},"query-input":{"@type":"PropertyValueSpecification","valueRequired":true,"valueName":"search_term_string"}}],"inLanguage":"es"}]}},"_links":{"self":[{"href":"https:\/\/friendlysmilesdental.com\/es\/wp-json\/wp\/v2\/pages\/3079"}],"collection":[{"href":"https:\/\/friendlysmilesdental.com\/es\/wp-json\/wp\/v2\/pages"}],"about":[{"href":"https:\/\/friendlysmilesdental.com\/es\/wp-json\/wp\/v2\/types\/page"}],"author":[{"embeddable":true,"href":"https:\/\/friendlysmilesdental.com\/es\/wp-json\/wp\/v2\/users\/4"}],"replies":[{"embeddable":true,"href":"https:\/\/friendlysmilesdental.com\/es\/wp-json\/wp\/v2\/comments?post=3079"}],"version-history":[{"count":2,"href":"https:\/\/friendlysmilesdental.com\/es\/wp-json\/wp\/v2\/pages\/3079\/revisions"}],"predecessor-version":[{"id":3081,"href":"https:\/\/friendlysmilesdental.com\/es\/wp-json\/wp\/v2\/pages\/3079\/revisions\/3081"}],"wp:attachment":[{"href":"https:\/\/friendlysmilesdental.com\/es\/wp-json\/wp\/v2\/media?parent=3079"}],"curies":[{"name":"wp","href":"https:\/\/api.w.org\/{rel}","templated":true}]}}