{"id":3082,"date":"2019-10-30T06:32:26","date_gmt":"2019-10-30T06:32:26","guid":{"rendered":"https:\/\/friendlysmilesdental.com\/bruxismo-rechinar-de-dientes\/"},"modified":"2024-04-09T23:25:15","modified_gmt":"2024-04-09T23:25:15","slug":"bruxismo-rechinar-de-dientes","status":"publish","type":"page","link":"https:\/\/friendlysmilesdental.com\/es\/bruxismo-rechinar-de-dientes\/","title":{"rendered":"Bruxismo (rechinar de dientes)"},"content":{"rendered":"<p><div class=\"fusion-fullwidth fullwidth-box fusion-builder-row-1 nonhundred-percent-fullwidth non-hundred-percent-height-scrolling\" style=\"--awb-border-radius-top-left:0px;--awb-border-radius-top-right:0px;--awb-border-radius-bottom-right:0px;--awb-border-radius-bottom-left:0px;--awb-flex-wrap:wrap;\" ><div class=\"fusion-builder-row fusion-row\"><div class=\"fusion-layout-column fusion_builder_column fusion-builder-column-0 fusion_builder_column_1_2 1_2 fusion-one-half fusion-column-first\" style=\"--awb-bg-size:cover;width:50%;width:calc(50% - ( ( 4% ) * 0.5 ) );margin-right: 4%;\"><div class=\"fusion-column-wrapper fusion-column-has-shadow fusion-flex-column-wrapper-legacy\"><div class=\"fusion-text fusion-text-1\"><h1 align=\"left\">Bruxismo (rechinar de dientes)<\/h1>\n<\/div><div class=\"fusion-sep-clear\"><\/div><div class=\"fusion-separator fusion-clearfix\" style=\"float:left;margin-top:22px;margin-bottom:25px;width:100%;max-width:100px;\"><div class=\"fusion-separator-border sep-single sep-solid\" style=\"--awb-height:20px;--awb-amount:20px;--awb-sep-color:#6589c0;border-color:#6589c0;border-top-width:2px;\"><\/div><\/div><div class=\"fusion-sep-clear\"><\/div><div class=\"fusion-text fusion-text-2\"><p style=\"text-align: left;\" align=\"left\">El bruxismo se refiere a una actividad parafuncional oral que se produce en la mayor\u00eda de los seres humanos en alg\u00fan momento de su vida. Rechinar los dientes y apretar la mand\u00edbula son las dos caracter\u00edsticas principales de esta afecci\u00f3n, que puede producirse tanto de d\u00eda como de noche.<\/p>\n<p style=\"text-align: left;\" align=\"left\">El bruxismo es uno de los trastornos del sue\u00f1o m\u00e1s comunes que se conocen y causa la mayor parte de sus da\u00f1os durante las horas de sue\u00f1o. El apretamiento y rechinamiento que acompa\u00f1a al bruxismo es s\u00edntoma de un mal funcionamiento del reflejo masticatorio, que se desactiva al dormir en las personas que no lo padecen. Para los afectados, el sue\u00f1o profundo o incluso las siestas, hacen que el centro de control de los nervios reflejos en el cerebro se apague, y que las v\u00edas reflejas se activen.<\/p>\n<p style=\"text-align: left;\" align=\"left\">Normalmente, los incisivos y caninos (6 dientes anteriores superiores e inferiores) de arcadas opuestas rechinan lateralmente unos contra otros. Esta acci\u00f3n de lado a lado sobrecarga los m\u00fasculos pterigoideos mediales y las articulaciones temporomandibulares. Dolor de o\u00eddos, depresi\u00f3n, cefaleas, trastornos de la alimentaci\u00f3n y ansiedad son algunos de los s\u00edntomas m\u00e1s comunes del bruxismo, que suele acompa\u00f1ar al estr\u00e9s cr\u00f3nico, la enfermedad de Alzheimer y el abuso del alcohol.<\/p>\n<p style=\"text-align: left;\" align=\"left\">Con frecuencia, el bruxismo se diagnostica err\u00f3neamente o no se diagnostica en absoluto, porque es s\u00f3lo una de las diversas causas potenciales del desgaste dental. S\u00f3lo un profesional cualificado puede diferenciar entre el desgaste por bruxismo y el provocado por un cepillado demasiado agresivo, refrescos \u00e1cidos y alimentos abrasivos.<\/p>\n<p style=\"text-align: left;\" align=\"left\"><sup>BiteStrip\u00ae<\/sup> es un dispositivo econ\u00f3mico que se utiliza para diagnosticar el bruxismo en casa. El dispositivo en s\u00ed es un peque\u00f1o electromi\u00f3grafo que detecta y controla cualquier actividad de los m\u00fasculos de la mand\u00edbula durante el sue\u00f1o. A continuaci\u00f3n se puede evaluar la frecuencia y gravedad de la afecci\u00f3n y formular el mejor plan de tratamiento.<\/p>\n<h2 align=\"left\">Razones para el tratamiento del bruxismo<\/h2>\n<p style=\"text-align: left;\" align=\"left\">He aqu\u00ed algunas de las principales razones por las que el bruxismo debe tratarse con prontitud:<\/p>\n<ul>\n<li style=\"text-align: left;\">\n<div align=\"left\">Recesi\u00f3n <strong>gingival y<\/strong> p\u00e9rdida de <strong>dientes<\/strong> &#8211; El bruxismo es una de las principales causas de recesi\u00f3n gingival y p\u00e9rdida de dientes; en primer lugar, porque da\u00f1a directamente el tejido blando y, en segundo lugar, porque provoca dientes flojos y bolsas profundas donde las bacterias pueden colonizar y destruir el hueso de soporte.<\/div>\n<\/li>\n<li style=\"text-align: left;\">\n<div align=\"left\"><strong>Traumatismo oclusal<\/strong> &#8211; Los patrones anormales de desgaste de las superficies oclusales (masticatorias) pueden provocar fracturas en los dientes, que pueden requerir tratamiento restaurador.<\/div>\n<\/li>\n<li style=\"text-align: left;\">\n<div align=\"left\"><strong>Artritis<\/strong> &#8211; En casos graves y cr\u00f3nicos, el bruxismo puede acabar provocando una dolorosa artritis en las articulaciones temporomandibulares (ATM) (las articulaciones que permiten que la mand\u00edbula se abra suavemente).<\/div>\n<\/li>\n<li>\n<div style=\"text-align: left;\" align=\"left\"><strong>Dolor miofascial<\/strong> &#8211; El rechinamiento asociado al bruxismo puede acabar acortando y desafilando los dientes. Esto puede provocar dolores musculares en la regi\u00f3n miofascial y cefaleas debilitantes.<\/div>\n<\/li>\n<\/ul>\n<\/div><div class=\"fusion-clearfix\"><\/div><\/div><\/div><div class=\"fusion-layout-column fusion_builder_column fusion-builder-column-1 fusion_builder_column_1_2 1_2 fusion-one-half fusion-column-last\" style=\"--awb-bg-size:cover;width:50%;width:calc(50% - ( ( 4% ) * 0.5 ) );\"><div class=\"fusion-column-wrapper fusion-column-has-shadow fusion-flex-column-wrapper-legacy\"><div class=\"fusion-text fusion-text-3\"><h2 align=\"left\">Opciones de tratamiento para el bruxismo<\/h2>\n<p style=\"text-align: left;\" align=\"left\">No existe una cura \u00fanica para el bruxismo, aunque s\u00ed una variedad de dispositivos y herramientas \u00fatiles. \u00c9stas son algunas de las formas m\u00e1s comunes de tratar el bruxismo:<\/p>\n<ul style=\"text-align: left;\">\n<li>\n<div align=\"left\"><strong>Protectores bucales<\/strong> &#8211; Se puede dise\u00f1ar un protector bucal acr\u00edlico a partir de impresiones dentales para minimizar la acci\u00f3n abrasiva de las superficies dentales durante el sue\u00f1o normal. Los protectores bucales deben utilizarse a largo plazo para ayudar a prevenir da\u00f1os en los dientes y en la articulaci\u00f3n temporomandibular, y para ayudar a estabilizar la oclusi\u00f3n.<\/div>\n<\/li>\n<li>\n<div align=\"left\"><strong>Dispositivo NTI-tss<\/strong> &#8211; Este dispositivo lo coloca un profesional sanitario y s\u00f3lo cubre los dientes frontales. El objetivo del NTI-tss es evitar el rechinamiento de los molares posteriores limitando la contracci\u00f3n del m\u00fasculo temporal.<\/div>\n<\/li>\n<li>\n<div align=\"left\"><strong><sup>Botox\u00ae<\/sup><\/strong> &#8211; El <sup>Botox\u00ae<\/sup> puede inyectarse en los m\u00fasculos para relajarlos y debilitarlos. <sup>Botox\u00ae<\/sup> es un tratamiento excelente para el bruxismo porque debilita los m\u00fasculos lo suficiente como para evitar el rechinamiento, pero no lo suficiente como para interferir en funciones cotidianas como masticar y hablar.<\/div>\n<\/li>\n<\/ul>\n<p style=\"text-align: left;\" align=\"left\">Otros m\u00e9todos de tratamiento incluyen ejercicios de relajaci\u00f3n, educaci\u00f3n para el control del estr\u00e9s y mecanismos de biorretroalimentaci\u00f3n. Cuando el bruxismo est\u00e1 bajo control, hay una variedad de procedimientos dentales como coronas, injertos de enc\u00edas y alargamiento de coronas que pueden devolver un aspecto est\u00e9tico agradable a la sonrisa.<\/p>\n<\/div><div class=\"fusion-clearfix\"><\/div><\/div><\/div><\/div><\/div><div class=\"fusion-fullwidth fullwidth-box fusion-builder-row-2 nonhundred-percent-fullwidth non-hundred-percent-height-scrolling\" style=\"--awb-border-radius-top-left:0px;--awb-border-radius-top-right:0px;--awb-border-radius-bottom-right:0px;--awb-border-radius-bottom-left:0px;--awb-flex-wrap:wrap;\" ><div class=\"fusion-builder-row fusion-row\"><div class=\"fusion-layout-column fusion_builder_column fusion-builder-column-2 fusion_builder_column_1_2 1_2 fusion-one-half fusion-column-first\" style=\"--awb-bg-size:cover;width:50%;width:calc(50% - ( ( 4% ) * 0.5 ) );margin-right: 4%;\"><div class=\"fusion-column-wrapper fusion-column-has-shadow fusion-flex-column-wrapper-legacy\"><div class=\"fusion-clearfix\"><\/div><\/div><\/div><div class=\"fusion-layout-column fusion_builder_column fusion-builder-column-3 fusion_builder_column_1_2 1_2 fusion-one-half fusion-column-last\" style=\"--awb-bg-size:cover;width:50%;width:calc(50% - ( ( 4% ) * 0.5 ) );\"><div class=\"fusion-column-wrapper fusion-column-has-shadow fusion-flex-column-wrapper-legacy\"><div class=\"fusion-clearfix\"><\/div><\/div><\/div><\/div><\/div><div class=\"fusion-bg-parallax\" data-bg-align=\"center center\" data-direction=\"right\" data-mute=\"false\" data-opacity=\"100\" data-velocity=\"-0.8\" data-mobile-enabled=\"false\" data-break_parents=\"0\" data-bg-image=\"https:\/\/friendlysmilesdental.com\/wp-content\/uploads\/2020\/01\/best-san-luis-obispo-dentist.jpg\" data-bg-repeat=\"false\" ><\/div><div class=\"fusion-fullwidth fullwidth-box fusion-builder-row-3 fusion-parallax-right nonhundred-percent-fullwidth non-hundred-percent-height-scrolling lazyload\" style=\"--awb-border-radius-top-left:0px;--awb-border-radius-top-right:0px;--awb-border-radius-bottom-right:0px;--awb-border-radius-bottom-left:0px;--awb-padding-top:40px;--awb-padding-bottom:50px;--awb-background-size:cover;--awb-flex-wrap:wrap;\" data-bg=\"https:\/\/friendlysmilesdental.com\/wp-content\/uploads\/2020\/01\/best-san-luis-obispo-dentist.jpg\" ><div class=\"fusion-builder-row fusion-row\"><div class=\"fusion-layout-column fusion_builder_column fusion-builder-column-4 fusion_builder_column_1_1 1_1 fusion-one-full fusion-column-first fusion-column-last\" style=\"--awb-bg-size:cover;--awb-margin-top:3%;--awb-margin-bottom:3%;\"><div class=\"fusion-column-wrapper fusion-column-has-shadow fusion-flex-column-wrapper-legacy\"><div class=\"fusion-text fusion-text-4\"><h2 style=\"text-align: center;\"><span style=\"color: #ffffff;\">\u00bfListo para sonre\u00edr?<\/span><\/h2>\n<\/div><div class=\"fusion-sep-clear\"><\/div><div class=\"fusion-separator fusion-full-width-sep\" style=\"margin-left: auto;margin-right: auto;margin-top:15px;width:100%;\"><\/div><div class=\"fusion-sep-clear\"><\/div><div class=\"fusion-aligncenter\"><a class=\"fusion-button button-flat fusion-button-default-size button-custom fusion-button-default button-1 fusion-button-default-span fusion-button-default-type\" style=\"--button_accent_color:#ffffff;--button_accent_hover_color:#6487c2;--button_border_hover_color:#6487c2;--button_gradient_top_color:#4fc3a3;--button_gradient_bottom_color:#4fc3a3;--button_gradient_top_color_hover:#ffffff;--button_gradient_bottom_color_hover:#ffffff;\" target=\"_self\" href=\"https:\/\/friendlysmilesdental.com\/es\/reservar-cita\/\"><i class=\"fa-plus fas button-icon-left\" aria-hidden=\"true\"><\/i><span class=\"fusion-button-text\">Solicitar una cita<\/span><\/a><\/div><div class=\"fusion-sep-clear\"><\/div><div class=\"fusion-separator fusion-full-width-sep\" style=\"margin-left: auto;margin-right: auto;margin-top:15px;width:100%;\"><\/div><div class=\"fusion-sep-clear\"><\/div><div class=\"fusion-text fusion-text-5\"><h3 style=\"text-align: center;\"><span style=\"color: #ffffff;\">Estamos orgullosos de aceptar Medi-Cal y tomar la mayor\u00eda de las formas de seguro en todas nuestras oficinas dentales.<\/span><\/h3>\n<\/div><div class=\"fusion-clearfix\"><\/div><\/div><\/div><\/div><\/div><\/p>\n","protected":false},"excerpt":{"rendered":"","protected":false},"author":4,"featured_media":0,"parent":0,"menu_order":0,"comment_status":"closed","ping_status":"open","template":"100-width.php","meta":{"footnotes":""},"yoast_head":"<!-- This site is optimized with the Yoast SEO plugin v23.9 - https:\/\/yoast.com\/wordpress\/plugins\/seo\/ -->\n<title>Bruxismo | Friendly Smiles Dental Group en San Luis Obispo<\/title>\n<meta name=\"description\" content=\"El bruxismo, tambi\u00e9n conocido como rechinar de dientes, es uno de los trastornos del sue\u00f1o m\u00e1s comunes que se conocen y causa la mayor parte de sus da\u00f1os durante las horas de sue\u00f1o.\" \/>\n<meta name=\"robots\" content=\"index, follow, max-snippet:-1, max-image-preview:large, max-video-preview:-1\" \/>\n<link rel=\"canonical\" href=\"https:\/\/friendlysmilesdental.com\/es\/bruxismo-rechinar-de-dientes\/\" \/>\n<meta property=\"og:locale\" content=\"es_ES\" \/>\n<meta property=\"og:type\" content=\"article\" \/>\n<meta property=\"og:title\" content=\"Bruxismo | Friendly Smiles Dental Group en San Luis Obispo\" \/>\n<meta property=\"og:description\" content=\"El bruxismo, tambi\u00e9n conocido como rechinar de dientes, es uno de los trastornos del sue\u00f1o m\u00e1s comunes que se conocen y causa la mayor parte de sus da\u00f1os durante las horas de sue\u00f1o.\" \/>\n<meta property=\"og:url\" content=\"https:\/\/friendlysmilesdental.com\/es\/bruxismo-rechinar-de-dientes\/\" \/>\n<meta property=\"og:site_name\" content=\"Friendly Smiles Dental\" \/>\n<meta property=\"article:modified_time\" content=\"2024-04-09T23:25:15+00:00\" \/>\n<meta name=\"twitter:card\" content=\"summary_large_image\" \/>\n<meta name=\"twitter:label1\" content=\"Tiempo de lectura\" \/>\n\t<meta name=\"twitter:data1\" content=\"11 minutos\" \/>\n<script type=\"application\/ld+json\" class=\"yoast-schema-graph\">{\"@context\":\"https:\/\/schema.org\",\"@graph\":[{\"@type\":\"WebPage\",\"@id\":\"https:\/\/friendlysmilesdental.com\/es\/bruxismo-rechinar-de-dientes\/\",\"url\":\"https:\/\/friendlysmilesdental.com\/es\/bruxismo-rechinar-de-dientes\/\",\"name\":\"Bruxismo | Friendly Smiles Dental Group en San Luis Obispo\",\"isPartOf\":{\"@id\":\"https:\/\/friendlysmilesdental.com\/es\/#website\"},\"datePublished\":\"2019-10-30T06:32:26+00:00\",\"dateModified\":\"2024-04-09T23:25:15+00:00\",\"description\":\"El bruxismo, tambi\u00e9n conocido como rechinar de dientes, es uno de los trastornos del sue\u00f1o m\u00e1s comunes que se conocen y causa la mayor parte de sus da\u00f1os durante las horas de sue\u00f1o.\",\"breadcrumb\":{\"@id\":\"https:\/\/friendlysmilesdental.com\/es\/bruxismo-rechinar-de-dientes\/#breadcrumb\"},\"inLanguage\":\"es\",\"potentialAction\":[{\"@type\":\"ReadAction\",\"target\":[\"https:\/\/friendlysmilesdental.com\/es\/bruxismo-rechinar-de-dientes\/\"]}]},{\"@type\":\"BreadcrumbList\",\"@id\":\"https:\/\/friendlysmilesdental.com\/es\/bruxismo-rechinar-de-dientes\/#breadcrumb\",\"itemListElement\":[{\"@type\":\"ListItem\",\"position\":1,\"name\":\"Home\",\"item\":\"https:\/\/friendlysmilesdental.com\/es\/inicio\/\"},{\"@type\":\"ListItem\",\"position\":2,\"name\":\"Bruxismo (rechinar de dientes)\"}]},{\"@type\":\"WebSite\",\"@id\":\"https:\/\/friendlysmilesdental.com\/es\/#website\",\"url\":\"https:\/\/friendlysmilesdental.com\/es\/\",\"name\":\"Friendly Smiles Dental\",\"description\":\"Santa Maria Dentists | San Luis Obispo Dentists | King City Dentists\",\"potentialAction\":[{\"@type\":\"SearchAction\",\"target\":{\"@type\":\"EntryPoint\",\"urlTemplate\":\"https:\/\/friendlysmilesdental.com\/es\/?s={search_term_string}\"},\"query-input\":{\"@type\":\"PropertyValueSpecification\",\"valueRequired\":true,\"valueName\":\"search_term_string\"}}],\"inLanguage\":\"es\"}]}<\/script>\n<!-- \/ Yoast SEO plugin. -->","yoast_head_json":{"title":"Bruxismo | Friendly Smiles Dental Group en San Luis Obispo","description":"El bruxismo, tambi\u00e9n conocido como rechinar de dientes, es uno de los trastornos del sue\u00f1o m\u00e1s comunes que se conocen y causa la mayor parte de sus da\u00f1os durante las horas de sue\u00f1o.","robots":{"index":"index","follow":"follow","max-snippet":"max-snippet:-1","max-image-preview":"max-image-preview:large","max-video-preview":"max-video-preview:-1"},"canonical":"https:\/\/friendlysmilesdental.com\/es\/bruxismo-rechinar-de-dientes\/","og_locale":"es_ES","og_type":"article","og_title":"Bruxismo | Friendly Smiles Dental Group en San Luis Obispo","og_description":"El bruxismo, tambi\u00e9n conocido como rechinar de dientes, es uno de los trastornos del sue\u00f1o m\u00e1s comunes que se conocen y causa la mayor parte de sus da\u00f1os durante las horas de sue\u00f1o.","og_url":"https:\/\/friendlysmilesdental.com\/es\/bruxismo-rechinar-de-dientes\/","og_site_name":"Friendly Smiles Dental","article_modified_time":"2024-04-09T23:25:15+00:00","twitter_card":"summary_large_image","twitter_misc":{"Tiempo de lectura":"11 minutos"},"schema":{"@context":"https:\/\/schema.org","@graph":[{"@type":"WebPage","@id":"https:\/\/friendlysmilesdental.com\/es\/bruxismo-rechinar-de-dientes\/","url":"https:\/\/friendlysmilesdental.com\/es\/bruxismo-rechinar-de-dientes\/","name":"Bruxismo | Friendly Smiles Dental Group en San Luis Obispo","isPartOf":{"@id":"https:\/\/friendlysmilesdental.com\/es\/#website"},"datePublished":"2019-10-30T06:32:26+00:00","dateModified":"2024-04-09T23:25:15+00:00","description":"El bruxismo, tambi\u00e9n conocido como rechinar de dientes, es uno de los trastornos del sue\u00f1o m\u00e1s comunes que se conocen y causa la mayor parte de sus da\u00f1os durante las horas de sue\u00f1o.","breadcrumb":{"@id":"https:\/\/friendlysmilesdental.com\/es\/bruxismo-rechinar-de-dientes\/#breadcrumb"},"inLanguage":"es","potentialAction":[{"@type":"ReadAction","target":["https:\/\/friendlysmilesdental.com\/es\/bruxismo-rechinar-de-dientes\/"]}]},{"@type":"BreadcrumbList","@id":"https:\/\/friendlysmilesdental.com\/es\/bruxismo-rechinar-de-dientes\/#breadcrumb","itemListElement":[{"@type":"ListItem","position":1,"name":"Home","item":"https:\/\/friendlysmilesdental.com\/es\/inicio\/"},{"@type":"ListItem","position":2,"name":"Bruxismo (rechinar de dientes)"}]},{"@type":"WebSite","@id":"https:\/\/friendlysmilesdental.com\/es\/#website","url":"https:\/\/friendlysmilesdental.com\/es\/","name":"Friendly Smiles Dental","description":"Santa Maria Dentists | San Luis Obispo Dentists | King City Dentists","potentialAction":[{"@type":"SearchAction","target":{"@type":"EntryPoint","urlTemplate":"https:\/\/friendlysmilesdental.com\/es\/?s={search_term_string}"},"query-input":{"@type":"PropertyValueSpecification","valueRequired":true,"valueName":"search_term_string"}}],"inLanguage":"es"}]}},"_links":{"self":[{"href":"https:\/\/friendlysmilesdental.com\/es\/wp-json\/wp\/v2\/pages\/3082"}],"collection":[{"href":"https:\/\/friendlysmilesdental.com\/es\/wp-json\/wp\/v2\/pages"}],"about":[{"href":"https:\/\/friendlysmilesdental.com\/es\/wp-json\/wp\/v2\/types\/page"}],"author":[{"embeddable":true,"href":"https:\/\/friendlysmilesdental.com\/es\/wp-json\/wp\/v2\/users\/4"}],"replies":[{"embeddable":true,"href":"https:\/\/friendlysmilesdental.com\/es\/wp-json\/wp\/v2\/comments?post=3082"}],"version-history":[{"count":2,"href":"https:\/\/friendlysmilesdental.com\/es\/wp-json\/wp\/v2\/pages\/3082\/revisions"}],"predecessor-version":[{"id":3084,"href":"https:\/\/friendlysmilesdental.com\/es\/wp-json\/wp\/v2\/pages\/3082\/revisions\/3084"}],"wp:attachment":[{"href":"https:\/\/friendlysmilesdental.com\/es\/wp-json\/wp\/v2\/media?parent=3082"}],"curies":[{"name":"wp","href":"https:\/\/api.w.org\/{rel}","templated":true}]}}