{"id":3085,"date":"2019-10-30T06:40:11","date_gmt":"2019-10-30T06:40:11","guid":{"rendered":"https:\/\/friendlysmilesdental.com\/riego-de-bolsillo\/"},"modified":"2024-04-09T23:26:20","modified_gmt":"2024-04-09T23:26:20","slug":"riego-de-bolsillo","status":"publish","type":"page","link":"https:\/\/friendlysmilesdental.com\/es\/riego-de-bolsillo\/","title":{"rendered":"Riego de bolsillo"},"content":{"rendered":"<p><div class=\"fusion-fullwidth fullwidth-box fusion-builder-row-1 nonhundred-percent-fullwidth non-hundred-percent-height-scrolling\" style=\"--awb-border-radius-top-left:0px;--awb-border-radius-top-right:0px;--awb-border-radius-bottom-right:0px;--awb-border-radius-bottom-left:0px;--awb-flex-wrap:wrap;\" ><div class=\"fusion-builder-row fusion-row\"><div class=\"fusion-layout-column fusion_builder_column fusion-builder-column-0 fusion_builder_column_1_2 1_2 fusion-one-half fusion-column-first\" style=\"--awb-bg-size:cover;width:50%;width:calc(50% - ( ( 4% ) * 0.5 ) );margin-right: 4%;\"><div class=\"fusion-column-wrapper fusion-column-has-shadow fusion-flex-column-wrapper-legacy\"><div class=\"fusion-text fusion-text-1\"><h1 align=\"left\">Riego de bolsillo<\/h1>\n<\/div><div class=\"fusion-sep-clear\"><\/div><div class=\"fusion-separator fusion-clearfix\" style=\"float:left;margin-top:22px;margin-bottom:25px;width:100%;max-width:100px;\"><div class=\"fusion-separator-border sep-single sep-solid\" style=\"--awb-height:20px;--awb-amount:20px;--awb-sep-color:#6589c0;border-color:#6589c0;border-top-width:2px;\"><\/div><\/div><div class=\"fusion-sep-clear\"><\/div><div class=\"fusion-text fusion-text-2\"><p style=\"text-align: left;\" align=\"left\">La enfermedad periodontal es una afecci\u00f3n progresiva que conduce a la inflamaci\u00f3n de las enc\u00edas, la recesi\u00f3n del hueso y el tejido gingival, y la p\u00e9rdida de dientes si no se trata. Existen diversos tratamientos y procedimientos eficaces, incluida la irrigaci\u00f3n de bolsillo, que pueden ayudar a tratar la progresi\u00f3n de la enfermedad.<\/p>\n<p style=\"text-align: left;\" align=\"left\">La irrigaci\u00f3n de los bolsillos tiene por objeto limpiar la placa de las regiones interdental (entre los dientes) y subgingival (bajo la l\u00ednea de las enc\u00edas) de la boca para evitar la colonizaci\u00f3n de bacterias orales nocivas. Este procedimiento tambi\u00e9n se utiliza para administrar antibacterianos en las zonas subgingivales.<\/p>\n<h2 align=\"left\">Razones para el riego de bolsillo<\/h2>\n<p style=\"text-align: left;\" align=\"left\">La irrigaci\u00f3n bucal, tambi\u00e9n conocida como irrigaci\u00f3n bucal, es un tratamiento dental vers\u00e1til que se utiliza con distintos fines preventivos. La irrigaci\u00f3n de las bolsas puede realizarse como parte de una limpieza dental profesional o en casa con un irrigador bucal especialmente modificado.<\/p>\n<p style=\"text-align: left;\" align=\"left\">He aqu\u00ed las principales formas en que el riego de bolsillo puede ser beneficioso:<\/p>\n<ul>\n<li style=\"text-align: left;\">\n<div align=\"left\"><strong>Limpieza interdental<\/strong>: los irrigadores de bolsillo eliminan la placa, las part\u00edculas de comida y otros restos de entre los dientes. La eliminaci\u00f3n de materiales nocivos y bacterias mantiene las bolsas de las enc\u00edas m\u00e1s limpias y menos profundas, ayudando as\u00ed a que el tejido gingival se mantenga sano.<\/div>\n<\/li>\n<li style=\"text-align: left;\">\n<div align=\"left\"><strong>Prevenci\u00f3n de la halitosis<\/strong> &#8211; La halitosis (o mal aliento) suele ser el resultado de la presencia de part\u00edculas de alimentos viejos entre los dientes y de caries. Es posible que un cepillo de dientes o un raspador dental por s\u00ed solos no puedan llegar a las profundidades de las bolsas de las enc\u00edas, pero los chorros de agua pueden eliminar las part\u00edculas de comida y ayudar a limpiar por encima y por debajo de la l\u00ednea de las enc\u00edas.<\/div>\n<\/li>\n<li>\n<div style=\"text-align: left;\" align=\"left\"><strong>Limpieza subgingival<\/strong>: los irrigadores de bolsillo tienen una punta redondeada que elimina el riesgo de da\u00f1ar los tejidos al limpiar bajo la l\u00ednea de las enc\u00edas. La abertura del puerto lateral facilita una limpieza exhaustiva al expulsar las bacterias, part\u00edculas y toxinas de debajo de la l\u00ednea de las enc\u00edas.<\/div>\n<\/li>\n<li>\n<div align=\"left\"><strong>Aplicaci\u00f3n antimicrobiana<\/strong> &#8211; Las sustancias antimicrobianas han demostrado su eficacia para eliminar y prevenir algunas cepas de bacterias orales nocivas. Las sustancias antimicrobianas pueden combinarse con agua o utilizarse como tratamiento independiente para una irrigaci\u00f3n eficaz de las bolsas.<\/div>\n<\/li>\n<\/ul>\n<\/div><div class=\"fusion-clearfix\"><\/div><\/div><\/div><div class=\"fusion-layout-column fusion_builder_column fusion-builder-column-1 fusion_builder_column_1_2 1_2 fusion-one-half fusion-column-last\" style=\"--awb-bg-size:cover;width:50%;width:calc(50% - ( ( 4% ) * 0.5 ) );\"><div class=\"fusion-column-wrapper fusion-column-has-shadow fusion-flex-column-wrapper-legacy\"><div class=\"fusion-text fusion-text-3\"><h2 align=\"left\">\u00bfEn qu\u00e9 consiste el tratamiento de irrigaci\u00f3n de las bolsas?<\/h2>\n<p style=\"text-align: left;\" align=\"left\">La irrigaci\u00f3n de bolsas suele realizarse en combinaci\u00f3n con otros tratamientos dentales; por ejemplo, como parte de una limpieza dental profesional o en combinaci\u00f3n con una cirug\u00eda de reducci\u00f3n de bolsas.<\/p>\n<p style=\"text-align: left;\" align=\"left\">En el caso de una cirug\u00eda de reducci\u00f3n de bolsas, el sarro y la placa subgingival se eliminar\u00e1n con instrumentos especiales de raspado y alisado radicular. Cuando las bolsas est\u00e9n libres de residuos, se puede aplicar un agente antimicrobiano utilizando un irrigador bucal. Esto ayudar\u00e1 a reducir las bacterias orales nocivas que a\u00fan permanecen en las bolsas.<\/p>\n<p style=\"text-align: left;\" align=\"left\">Durante un procedimiento de limpieza profunda, se puede utilizar un irrigador de bolsas despu\u00e9s del raspado y alisado radicular para limpiar las bolsas. De nuevo, puede aplicarse un agente antimicrobiano para ayudar a reducir las bacterias orales subgingivales.<\/p>\n<p style=\"text-align: left;\" align=\"left\">La irrigaci\u00f3n del bolsillo puede realizarse en casa como parte de la rutina bucal diaria utilizando un chorro de agua o un pico de agua. El enjuague de la zona interdental con agua es menos perjudicial para los tejidos blandos que el hilo dental, pero no debe utilizarse como sustituto de una limpieza dental profesional.<\/p>\n<\/div><div class=\"fusion-clearfix\"><\/div><\/div><\/div><\/div><\/div><div class=\"fusion-fullwidth fullwidth-box fusion-builder-row-2 nonhundred-percent-fullwidth non-hundred-percent-height-scrolling\" style=\"--awb-border-radius-top-left:0px;--awb-border-radius-top-right:0px;--awb-border-radius-bottom-right:0px;--awb-border-radius-bottom-left:0px;--awb-flex-wrap:wrap;\" ><div class=\"fusion-builder-row fusion-row\"><div class=\"fusion-layout-column fusion_builder_column fusion-builder-column-2 fusion_builder_column_1_2 1_2 fusion-one-half fusion-column-first\" style=\"--awb-bg-size:cover;width:50%;width:calc(50% - ( ( 4% ) * 0.5 ) );margin-right: 4%;\"><div class=\"fusion-column-wrapper fusion-column-has-shadow fusion-flex-column-wrapper-legacy\"><div class=\"fusion-clearfix\"><\/div><\/div><\/div><div class=\"fusion-layout-column fusion_builder_column fusion-builder-column-3 fusion_builder_column_1_2 1_2 fusion-one-half fusion-column-last\" style=\"--awb-bg-size:cover;width:50%;width:calc(50% - ( ( 4% ) * 0.5 ) );\"><div class=\"fusion-column-wrapper fusion-column-has-shadow fusion-flex-column-wrapper-legacy\"><div class=\"fusion-clearfix\"><\/div><\/div><\/div><\/div><\/div><div class=\"fusion-bg-parallax\" data-bg-align=\"center center\" data-direction=\"right\" data-mute=\"false\" data-opacity=\"100\" data-velocity=\"-0.8\" data-mobile-enabled=\"false\" data-break_parents=\"0\" data-bg-image=\"https:\/\/friendlysmilesdental.com\/wp-content\/uploads\/2020\/01\/best-san-luis-obispo-dentist.jpg\" data-bg-repeat=\"false\" ><\/div><div class=\"fusion-fullwidth fullwidth-box fusion-builder-row-3 fusion-parallax-right nonhundred-percent-fullwidth non-hundred-percent-height-scrolling lazyload\" style=\"--awb-border-radius-top-left:0px;--awb-border-radius-top-right:0px;--awb-border-radius-bottom-right:0px;--awb-border-radius-bottom-left:0px;--awb-padding-top:40px;--awb-padding-bottom:50px;--awb-background-size:cover;--awb-flex-wrap:wrap;\" data-bg=\"https:\/\/friendlysmilesdental.com\/wp-content\/uploads\/2020\/01\/best-san-luis-obispo-dentist.jpg\" ><div class=\"fusion-builder-row fusion-row\"><div class=\"fusion-layout-column fusion_builder_column fusion-builder-column-4 fusion_builder_column_1_1 1_1 fusion-one-full fusion-column-first fusion-column-last\" style=\"--awb-bg-size:cover;--awb-margin-top:3%;--awb-margin-bottom:3%;\"><div class=\"fusion-column-wrapper fusion-column-has-shadow fusion-flex-column-wrapper-legacy\"><div class=\"fusion-text fusion-text-4\"><h2 style=\"text-align: center;\"><span style=\"color: #ffffff;\">\u00bfListo para sonre\u00edr?<\/span><\/h2>\n<\/div><div class=\"fusion-sep-clear\"><\/div><div class=\"fusion-separator fusion-full-width-sep\" style=\"margin-left: auto;margin-right: auto;margin-top:15px;width:100%;\"><\/div><div class=\"fusion-sep-clear\"><\/div><div class=\"fusion-aligncenter\"><a class=\"fusion-button button-flat fusion-button-default-size button-custom fusion-button-default button-1 fusion-button-default-span fusion-button-default-type\" style=\"--button_accent_color:#ffffff;--button_accent_hover_color:#6487c2;--button_border_hover_color:#6487c2;--button_gradient_top_color:#4fc3a3;--button_gradient_bottom_color:#4fc3a3;--button_gradient_top_color_hover:#ffffff;--button_gradient_bottom_color_hover:#ffffff;\" target=\"_self\" href=\"https:\/\/friendlysmilesdental.com\/es\/reservar-cita\/\"><i class=\"fa-plus fas button-icon-left\" aria-hidden=\"true\"><\/i><span class=\"fusion-button-text\">Solicitar una cita<\/span><\/a><\/div><div class=\"fusion-sep-clear\"><\/div><div class=\"fusion-separator fusion-full-width-sep\" style=\"margin-left: auto;margin-right: auto;margin-top:15px;width:100%;\"><\/div><div class=\"fusion-sep-clear\"><\/div><div class=\"fusion-text fusion-text-5\"><h3 style=\"text-align: center;\"><span style=\"color: #ffffff;\">Estamos orgullosos de aceptar Medi-Cal y tomar la mayor\u00eda de las formas de seguro en todas nuestras oficinas dentales.<\/span><\/h3>\n<\/div><div class=\"fusion-clearfix\"><\/div><\/div><\/div><\/div><\/div><\/p>\n","protected":false},"excerpt":{"rendered":"","protected":false},"author":4,"featured_media":0,"parent":0,"menu_order":0,"comment_status":"closed","ping_status":"open","template":"100-width.php","meta":{"footnotes":""},"yoast_head":"<!-- This site is optimized with the Yoast SEO plugin v23.9 - https:\/\/yoast.com\/wordpress\/plugins\/seo\/ -->\n<title>Irrigaci\u00f3n de bolsillo | Dentista Costa Central Friendly Smiles Dental Group<\/title>\n<meta name=\"description\" content=\"La irrigaci\u00f3n de los bolsillos tiene como objetivo limpiar la placa de entre los dientes y bajo la l\u00ednea de las enc\u00edas para evitar la colonizaci\u00f3n de bacterias orales nocivas.\" \/>\n<meta name=\"robots\" content=\"index, follow, max-snippet:-1, max-image-preview:large, max-video-preview:-1\" \/>\n<link rel=\"canonical\" href=\"https:\/\/friendlysmilesdental.com\/es\/riego-de-bolsillo\/\" \/>\n<meta property=\"og:locale\" content=\"es_ES\" \/>\n<meta property=\"og:type\" content=\"article\" \/>\n<meta property=\"og:title\" content=\"Irrigaci\u00f3n de bolsillo | Dentista Costa Central Friendly Smiles Dental Group\" \/>\n<meta property=\"og:description\" content=\"La irrigaci\u00f3n de los bolsillos tiene como objetivo limpiar la placa de entre los dientes y bajo la l\u00ednea de las enc\u00edas para evitar la colonizaci\u00f3n de bacterias orales nocivas.\" \/>\n<meta property=\"og:url\" content=\"https:\/\/friendlysmilesdental.com\/es\/riego-de-bolsillo\/\" \/>\n<meta property=\"og:site_name\" content=\"Friendly Smiles Dental\" \/>\n<meta property=\"article:modified_time\" content=\"2024-04-09T23:26:20+00:00\" \/>\n<meta name=\"twitter:card\" content=\"summary_large_image\" \/>\n<meta name=\"twitter:label1\" content=\"Tiempo de lectura\" \/>\n\t<meta name=\"twitter:data1\" content=\"10 minutos\" \/>\n<script type=\"application\/ld+json\" class=\"yoast-schema-graph\">{\"@context\":\"https:\/\/schema.org\",\"@graph\":[{\"@type\":\"WebPage\",\"@id\":\"https:\/\/friendlysmilesdental.com\/es\/riego-de-bolsillo\/\",\"url\":\"https:\/\/friendlysmilesdental.com\/es\/riego-de-bolsillo\/\",\"name\":\"Irrigaci\u00f3n de bolsillo | Dentista Costa Central Friendly Smiles Dental Group\",\"isPartOf\":{\"@id\":\"https:\/\/friendlysmilesdental.com\/es\/#website\"},\"datePublished\":\"2019-10-30T06:40:11+00:00\",\"dateModified\":\"2024-04-09T23:26:20+00:00\",\"description\":\"La irrigaci\u00f3n de los bolsillos tiene como objetivo limpiar la placa de entre los dientes y bajo la l\u00ednea de las enc\u00edas para evitar la colonizaci\u00f3n de bacterias orales nocivas.\",\"breadcrumb\":{\"@id\":\"https:\/\/friendlysmilesdental.com\/es\/riego-de-bolsillo\/#breadcrumb\"},\"inLanguage\":\"es\",\"potentialAction\":[{\"@type\":\"ReadAction\",\"target\":[\"https:\/\/friendlysmilesdental.com\/es\/riego-de-bolsillo\/\"]}]},{\"@type\":\"BreadcrumbList\",\"@id\":\"https:\/\/friendlysmilesdental.com\/es\/riego-de-bolsillo\/#breadcrumb\",\"itemListElement\":[{\"@type\":\"ListItem\",\"position\":1,\"name\":\"Home\",\"item\":\"https:\/\/friendlysmilesdental.com\/es\/inicio\/\"},{\"@type\":\"ListItem\",\"position\":2,\"name\":\"Riego de bolsillo\"}]},{\"@type\":\"WebSite\",\"@id\":\"https:\/\/friendlysmilesdental.com\/es\/#website\",\"url\":\"https:\/\/friendlysmilesdental.com\/es\/\",\"name\":\"Friendly Smiles Dental\",\"description\":\"Santa Maria Dentists | San Luis Obispo Dentists | King City Dentists\",\"potentialAction\":[{\"@type\":\"SearchAction\",\"target\":{\"@type\":\"EntryPoint\",\"urlTemplate\":\"https:\/\/friendlysmilesdental.com\/es\/?s={search_term_string}\"},\"query-input\":{\"@type\":\"PropertyValueSpecification\",\"valueRequired\":true,\"valueName\":\"search_term_string\"}}],\"inLanguage\":\"es\"}]}<\/script>\n<!-- \/ Yoast SEO plugin. -->","yoast_head_json":{"title":"Irrigaci\u00f3n de bolsillo | Dentista Costa Central Friendly Smiles Dental Group","description":"La irrigaci\u00f3n de los bolsillos tiene como objetivo limpiar la placa de entre los dientes y bajo la l\u00ednea de las enc\u00edas para evitar la colonizaci\u00f3n de bacterias orales nocivas.","robots":{"index":"index","follow":"follow","max-snippet":"max-snippet:-1","max-image-preview":"max-image-preview:large","max-video-preview":"max-video-preview:-1"},"canonical":"https:\/\/friendlysmilesdental.com\/es\/riego-de-bolsillo\/","og_locale":"es_ES","og_type":"article","og_title":"Irrigaci\u00f3n de bolsillo | Dentista Costa Central Friendly Smiles Dental Group","og_description":"La irrigaci\u00f3n de los bolsillos tiene como objetivo limpiar la placa de entre los dientes y bajo la l\u00ednea de las enc\u00edas para evitar la colonizaci\u00f3n de bacterias orales nocivas.","og_url":"https:\/\/friendlysmilesdental.com\/es\/riego-de-bolsillo\/","og_site_name":"Friendly Smiles Dental","article_modified_time":"2024-04-09T23:26:20+00:00","twitter_card":"summary_large_image","twitter_misc":{"Tiempo de lectura":"10 minutos"},"schema":{"@context":"https:\/\/schema.org","@graph":[{"@type":"WebPage","@id":"https:\/\/friendlysmilesdental.com\/es\/riego-de-bolsillo\/","url":"https:\/\/friendlysmilesdental.com\/es\/riego-de-bolsillo\/","name":"Irrigaci\u00f3n de bolsillo | Dentista Costa Central Friendly Smiles Dental Group","isPartOf":{"@id":"https:\/\/friendlysmilesdental.com\/es\/#website"},"datePublished":"2019-10-30T06:40:11+00:00","dateModified":"2024-04-09T23:26:20+00:00","description":"La irrigaci\u00f3n de los bolsillos tiene como objetivo limpiar la placa de entre los dientes y bajo la l\u00ednea de las enc\u00edas para evitar la colonizaci\u00f3n de bacterias orales nocivas.","breadcrumb":{"@id":"https:\/\/friendlysmilesdental.com\/es\/riego-de-bolsillo\/#breadcrumb"},"inLanguage":"es","potentialAction":[{"@type":"ReadAction","target":["https:\/\/friendlysmilesdental.com\/es\/riego-de-bolsillo\/"]}]},{"@type":"BreadcrumbList","@id":"https:\/\/friendlysmilesdental.com\/es\/riego-de-bolsillo\/#breadcrumb","itemListElement":[{"@type":"ListItem","position":1,"name":"Home","item":"https:\/\/friendlysmilesdental.com\/es\/inicio\/"},{"@type":"ListItem","position":2,"name":"Riego de bolsillo"}]},{"@type":"WebSite","@id":"https:\/\/friendlysmilesdental.com\/es\/#website","url":"https:\/\/friendlysmilesdental.com\/es\/","name":"Friendly Smiles Dental","description":"Santa Maria Dentists | San Luis Obispo Dentists | King City Dentists","potentialAction":[{"@type":"SearchAction","target":{"@type":"EntryPoint","urlTemplate":"https:\/\/friendlysmilesdental.com\/es\/?s={search_term_string}"},"query-input":{"@type":"PropertyValueSpecification","valueRequired":true,"valueName":"search_term_string"}}],"inLanguage":"es"}]}},"_links":{"self":[{"href":"https:\/\/friendlysmilesdental.com\/es\/wp-json\/wp\/v2\/pages\/3085"}],"collection":[{"href":"https:\/\/friendlysmilesdental.com\/es\/wp-json\/wp\/v2\/pages"}],"about":[{"href":"https:\/\/friendlysmilesdental.com\/es\/wp-json\/wp\/v2\/types\/page"}],"author":[{"embeddable":true,"href":"https:\/\/friendlysmilesdental.com\/es\/wp-json\/wp\/v2\/users\/4"}],"replies":[{"embeddable":true,"href":"https:\/\/friendlysmilesdental.com\/es\/wp-json\/wp\/v2\/comments?post=3085"}],"version-history":[{"count":2,"href":"https:\/\/friendlysmilesdental.com\/es\/wp-json\/wp\/v2\/pages\/3085\/revisions"}],"predecessor-version":[{"id":3087,"href":"https:\/\/friendlysmilesdental.com\/es\/wp-json\/wp\/v2\/pages\/3085\/revisions\/3087"}],"wp:attachment":[{"href":"https:\/\/friendlysmilesdental.com\/es\/wp-json\/wp\/v2\/media?parent=3085"}],"curies":[{"name":"wp","href":"https:\/\/api.w.org\/{rel}","templated":true}]}}