{"id":3088,"date":"2019-10-30T06:43:11","date_gmt":"2019-10-30T06:43:11","guid":{"rendered":"https:\/\/friendlysmilesdental.com\/alargamiento-de-corona\/"},"modified":"2024-04-09T23:26:49","modified_gmt":"2024-04-09T23:26:49","slug":"alargamiento-de-corona","status":"publish","type":"page","link":"https:\/\/friendlysmilesdental.com\/es\/alargamiento-de-corona\/","title":{"rendered":"Alargamiento de corona"},"content":{"rendered":"<p><div class=\"fusion-fullwidth fullwidth-box fusion-builder-row-1 nonhundred-percent-fullwidth non-hundred-percent-height-scrolling\" style=\"--awb-border-radius-top-left:0px;--awb-border-radius-top-right:0px;--awb-border-radius-bottom-right:0px;--awb-border-radius-bottom-left:0px;--awb-flex-wrap:wrap;\" ><div class=\"fusion-builder-row fusion-row\"><div class=\"fusion-layout-column fusion_builder_column fusion-builder-column-0 fusion_builder_column_1_2 1_2 fusion-one-half fusion-column-first\" style=\"--awb-bg-size:cover;width:50%;width:calc(50% - ( ( 4% ) * 0.5 ) );margin-right: 4%;\"><div class=\"fusion-column-wrapper fusion-column-has-shadow fusion-flex-column-wrapper-legacy\"><div class=\"fusion-text fusion-text-1\"><h1 align=\"left\">Alargamiento de corona<\/h1>\n<\/div><div class=\"fusion-sep-clear\"><\/div><div class=\"fusion-separator fusion-clearfix\" style=\"float:left;margin-top:22px;margin-bottom:25px;width:100%;max-width:100px;\"><div class=\"fusion-separator-border sep-single sep-solid\" style=\"--awb-height:20px;--awb-amount:20px;--awb-sep-color:#6589c0;border-color:#6589c0;border-top-width:2px;\"><\/div><\/div><div class=\"fusion-sep-clear\"><\/div><div class=\"fusion-text fusion-text-2\"><p style=\"text-align: left;\" align=\"left\">El alargamiento de corona se realiza generalmente para mejorar la salud del tejido gingival o para preparar la boca para procedimientos restauradores o cosm\u00e9ticos. Adem\u00e1s, los procedimientos de alargamiento de coronas tambi\u00e9n pueden utilizarse para corregir una sonrisa \u00abgingival\u00bb, en la que los dientes est\u00e1n cubiertos por un exceso de tejido gingival. El alargamiento de corona deja al descubierto una mayor parte del diente natural al remodelar o recontornear el hueso y el tejido gingival. Este tratamiento puede realizarse en un solo diente, en muchos dientes o en toda la l\u00ednea de las enc\u00edas, para dejar al descubierto una sonrisa agradable y est\u00e9tica.<\/p>\n<h2 align=\"left\">Razones para alargar la corona<\/h2>\n<p style=\"text-align: left;\" align=\"left\">El alargamiento de corona es un procedimiento vers\u00e1til y com\u00fan que tiene muchos usos y beneficios eficaces. La gran mayor\u00eda de los pacientes que se han sometido a este tipo de cirug\u00eda est\u00e1n encantados con los resultados.<\/p>\n<p style=\"text-align: left;\" align=\"left\">Estas son algunas de las razones m\u00e1s comunes para alargar una corona:<\/p>\n<ul>\n<li style=\"text-align: left;\">\n<div align=\"left\"><strong>Restauraci\u00f3n de dientes da\u00f1ados<\/strong> &#8211; La enfermedad periodontal puede causar graves da\u00f1os en los dientes, al igual que los traumatismos y las caries. Cuando los dientes se han roto por debajo de la l\u00ednea de las enc\u00edas, el alargamiento de corona puede utilizarse para preparar la zona para una nueva restauraci\u00f3n que corrija los dientes da\u00f1ados.<\/div>\n<\/li>\n<li style=\"text-align: left;\">\n<div align=\"left\"><strong>Usos cosm\u00e9ticos<\/strong>: el tejido gingival sobrante puede hacer que los dientes parezcan m\u00e1s cortos de lo normal, adem\u00e1s de aumentar la susceptibilidad a las infecciones periodontales. La eliminaci\u00f3n del exceso de tejido gingival puede restaurar un aspecto equilibrado y saludable y mejorar as\u00ed la apariencia est\u00e9tica de la sonrisa.<\/div>\n<\/li>\n<li>\n<div style=\"text-align: left;\" align=\"left\"><strong>Coronas d<\/strong> entales &#8211; El alargamiento de corona sirve para proporcionar m\u00e1s espacio entre el hueso maxilar de soporte y la corona dental. Esto evita que la nueva corona da\u00f1e los tejidos de las enc\u00edas y el hueso una vez colocada.<\/div>\n<\/li>\n<\/ul>\n<\/div><div class=\"fusion-clearfix\"><\/div><\/div><\/div><div class=\"fusion-layout-column fusion_builder_column fusion-builder-column-1 fusion_builder_column_1_2 1_2 fusion-one-half fusion-column-last\" style=\"--awb-bg-size:cover;width:50%;width:calc(50% - ( ( 4% ) * 0.5 ) );\"><div class=\"fusion-column-wrapper fusion-column-has-shadow fusion-flex-column-wrapper-legacy\"><div class=\"fusion-text fusion-text-3\"><h2 align=\"left\">\u00bfEn qu\u00e9 consiste el alargamiento de corona?<\/h2>\n<p style=\"text-align: left;\" align=\"left\">El alargamiento de corona se realiza normalmente con anestesia local. La duraci\u00f3n de este procedimiento depender\u00e1 en gran medida del n\u00famero de dientes afectados y de si es necesario extraer una peque\u00f1a cantidad de hueso, adem\u00e1s del tejido blando. Las coronas dentales existentes se retirar\u00e1n antes de la intervenci\u00f3n y se sustituir\u00e1n inmediatamente despu\u00e9s.<\/p>\n<p style=\"text-align: left;\" align=\"left\">El dentista realizar\u00e1 una serie de peque\u00f1as incisiones alrededor del tejido blando para separar las enc\u00edas de los dientes. Aunque s\u00f3lo sea necesario remodelar un diente, los dientes adyacentes suelen tratarse para conseguir una remodelaci\u00f3n m\u00e1s uniforme. La separaci\u00f3n de las enc\u00edas permite al dentista acceder a las ra\u00edces de los dientes y al hueso subyacente.<\/p>\n<p style=\"text-align: left;\" align=\"left\">En algunos casos, la extirpaci\u00f3n de una peque\u00f1a cantidad de tejido proporcionar\u00e1 suficiente exposici\u00f3n del diente para colocar una corona. En otros casos, el dentista tambi\u00e9n tendr\u00e1 que extraer una peque\u00f1a cantidad de hueso de alrededor de los dientes. El hueso suele extraerse mediante una combinaci\u00f3n de instrumentos manuales especiales e instrumentos rotatorios. Los instrumentos rotatorios se parecen mucho al taladro que se utiliza en el tratamiento de las caries.<\/p>\n<p style=\"text-align: left;\" align=\"left\">Cuando el dentista est\u00e9 convencido de que los dientes est\u00e1n suficientemente expuestos, se limpiar\u00e1 la herida con agua est\u00e9ril y se suturar\u00e1 el tejido gingival con peque\u00f1os puntos. Los dientes parecer\u00e1n notablemente m\u00e1s largos inmediatamente despu\u00e9s de la intervenci\u00f3n, ya que las enc\u00edas se han reposicionado.<\/p>\n<p style=\"text-align: left;\" align=\"left\">El dentista asegurar\u00e1 la zona quir\u00fargica con un vendaje intraoral (periodontal), que sirve para prevenir infecciones. Pueden recetarse analg\u00e9sicos y puede administrarse un enjuague bucal de clorhexidina (antimicrobiano) para ayudar a reducir cualquier bacteria que intente recolonizar. La zona quir\u00fargica estar\u00e1 completamente curada en aproximadamente dos o tres meses.<\/p>\n<\/div><div class=\"fusion-clearfix\"><\/div><\/div><\/div><\/div><\/div><div class=\"fusion-fullwidth fullwidth-box fusion-builder-row-2 nonhundred-percent-fullwidth non-hundred-percent-height-scrolling\" style=\"--awb-border-radius-top-left:0px;--awb-border-radius-top-right:0px;--awb-border-radius-bottom-right:0px;--awb-border-radius-bottom-left:0px;--awb-flex-wrap:wrap;\" ><div class=\"fusion-builder-row fusion-row\"><div class=\"fusion-layout-column fusion_builder_column fusion-builder-column-2 fusion_builder_column_1_2 1_2 fusion-one-half fusion-column-first\" style=\"--awb-bg-size:cover;width:50%;width:calc(50% - ( ( 4% ) * 0.5 ) );margin-right: 4%;\"><div class=\"fusion-column-wrapper fusion-column-has-shadow fusion-flex-column-wrapper-legacy\"><div class=\"fusion-clearfix\"><\/div><\/div><\/div><div class=\"fusion-layout-column fusion_builder_column fusion-builder-column-3 fusion_builder_column_1_2 1_2 fusion-one-half fusion-column-last\" style=\"--awb-bg-size:cover;width:50%;width:calc(50% - ( ( 4% ) * 0.5 ) );\"><div class=\"fusion-column-wrapper fusion-column-has-shadow fusion-flex-column-wrapper-legacy\"><div class=\"fusion-clearfix\"><\/div><\/div><\/div><\/div><\/div><div class=\"fusion-bg-parallax\" data-bg-align=\"center center\" data-direction=\"right\" data-mute=\"false\" data-opacity=\"100\" data-velocity=\"-0.8\" data-mobile-enabled=\"false\" data-break_parents=\"0\" data-bg-image=\"https:\/\/friendlysmilesdental.com\/wp-content\/uploads\/2020\/01\/best-san-luis-obispo-dentist.jpg\" data-bg-repeat=\"false\" ><\/div><div class=\"fusion-fullwidth fullwidth-box fusion-builder-row-3 fusion-parallax-right nonhundred-percent-fullwidth non-hundred-percent-height-scrolling lazyload\" style=\"--awb-border-radius-top-left:0px;--awb-border-radius-top-right:0px;--awb-border-radius-bottom-right:0px;--awb-border-radius-bottom-left:0px;--awb-padding-top:40px;--awb-padding-bottom:50px;--awb-background-size:cover;--awb-flex-wrap:wrap;\" data-bg=\"https:\/\/friendlysmilesdental.com\/wp-content\/uploads\/2020\/01\/best-san-luis-obispo-dentist.jpg\" ><div class=\"fusion-builder-row fusion-row\"><div class=\"fusion-layout-column fusion_builder_column fusion-builder-column-4 fusion_builder_column_1_1 1_1 fusion-one-full fusion-column-first fusion-column-last\" style=\"--awb-bg-size:cover;--awb-margin-top:3%;--awb-margin-bottom:3%;\"><div class=\"fusion-column-wrapper fusion-column-has-shadow fusion-flex-column-wrapper-legacy\"><div class=\"fusion-text fusion-text-4\"><h2 style=\"text-align: center;\"><span style=\"color: #ffffff;\">\u00bfListo para sonre\u00edr?<\/span><\/h2>\n<\/div><div class=\"fusion-sep-clear\"><\/div><div class=\"fusion-separator fusion-full-width-sep\" style=\"margin-left: auto;margin-right: auto;margin-top:15px;width:100%;\"><\/div><div class=\"fusion-sep-clear\"><\/div><div class=\"fusion-aligncenter\"><a class=\"fusion-button button-flat fusion-button-default-size button-custom fusion-button-default button-1 fusion-button-default-span fusion-button-default-type\" style=\"--button_accent_color:#ffffff;--button_accent_hover_color:#6487c2;--button_border_hover_color:#6487c2;--button_gradient_top_color:#4fc3a3;--button_gradient_bottom_color:#4fc3a3;--button_gradient_top_color_hover:#ffffff;--button_gradient_bottom_color_hover:#ffffff;\" target=\"_self\" href=\"https:\/\/friendlysmilesdental.com\/es\/reservar-cita\/\"><i class=\"fa-plus fas button-icon-left\" aria-hidden=\"true\"><\/i><span class=\"fusion-button-text\">Solicitar una cita<\/span><\/a><\/div><div class=\"fusion-sep-clear\"><\/div><div class=\"fusion-separator fusion-full-width-sep\" style=\"margin-left: auto;margin-right: auto;margin-top:15px;width:100%;\"><\/div><div class=\"fusion-sep-clear\"><\/div><div class=\"fusion-text fusion-text-5\"><h3 style=\"text-align: center;\"><span style=\"color: #ffffff;\">Estamos orgullosos de aceptar Medi-Cal y tomar la mayor\u00eda de las formas de seguro en todas nuestras oficinas dentales.<\/span><\/h3>\n<\/div><div class=\"fusion-clearfix\"><\/div><\/div><\/div><\/div><\/div><\/p>\n","protected":false},"excerpt":{"rendered":"","protected":false},"author":4,"featured_media":0,"parent":0,"menu_order":0,"comment_status":"closed","ping_status":"open","template":"100-width.php","meta":{"footnotes":""},"yoast_head":"<!-- This site is optimized with the Yoast SEO plugin v23.9 - https:\/\/yoast.com\/wordpress\/plugins\/seo\/ -->\n<title>Alargamiento de Corona | Friendly Smiles Dental Group<\/title>\n<meta name=\"description\" content=\"El alargamiento de corona se realiza generalmente para mejorar la salud del tejido gingival o para preparar la boca para procedimientos restauradores o cosm\u00e9ticos.\" \/>\n<meta name=\"robots\" content=\"index, follow, max-snippet:-1, max-image-preview:large, max-video-preview:-1\" \/>\n<link rel=\"canonical\" href=\"https:\/\/friendlysmilesdental.com\/es\/alargamiento-de-corona\/\" \/>\n<meta property=\"og:locale\" content=\"es_ES\" \/>\n<meta property=\"og:type\" content=\"article\" \/>\n<meta property=\"og:title\" content=\"Alargamiento de Corona | Friendly Smiles Dental Group\" \/>\n<meta property=\"og:description\" content=\"El alargamiento de corona se realiza generalmente para mejorar la salud del tejido gingival o para preparar la boca para procedimientos restauradores o cosm\u00e9ticos.\" \/>\n<meta property=\"og:url\" content=\"https:\/\/friendlysmilesdental.com\/es\/alargamiento-de-corona\/\" \/>\n<meta property=\"og:site_name\" content=\"Friendly Smiles Dental\" \/>\n<meta property=\"article:modified_time\" content=\"2024-04-09T23:26:49+00:00\" \/>\n<meta name=\"twitter:card\" content=\"summary_large_image\" \/>\n<meta name=\"twitter:label1\" content=\"Tiempo de lectura\" \/>\n\t<meta name=\"twitter:data1\" content=\"10 minutos\" \/>\n<script type=\"application\/ld+json\" class=\"yoast-schema-graph\">{\"@context\":\"https:\/\/schema.org\",\"@graph\":[{\"@type\":\"WebPage\",\"@id\":\"https:\/\/friendlysmilesdental.com\/es\/alargamiento-de-corona\/\",\"url\":\"https:\/\/friendlysmilesdental.com\/es\/alargamiento-de-corona\/\",\"name\":\"Alargamiento de Corona | Friendly Smiles Dental Group\",\"isPartOf\":{\"@id\":\"https:\/\/friendlysmilesdental.com\/es\/#website\"},\"datePublished\":\"2019-10-30T06:43:11+00:00\",\"dateModified\":\"2024-04-09T23:26:49+00:00\",\"description\":\"El alargamiento de corona se realiza generalmente para mejorar la salud del tejido gingival o para preparar la boca para procedimientos restauradores o cosm\u00e9ticos.\",\"breadcrumb\":{\"@id\":\"https:\/\/friendlysmilesdental.com\/es\/alargamiento-de-corona\/#breadcrumb\"},\"inLanguage\":\"es\",\"potentialAction\":[{\"@type\":\"ReadAction\",\"target\":[\"https:\/\/friendlysmilesdental.com\/es\/alargamiento-de-corona\/\"]}]},{\"@type\":\"BreadcrumbList\",\"@id\":\"https:\/\/friendlysmilesdental.com\/es\/alargamiento-de-corona\/#breadcrumb\",\"itemListElement\":[{\"@type\":\"ListItem\",\"position\":1,\"name\":\"Home\",\"item\":\"https:\/\/friendlysmilesdental.com\/es\/inicio\/\"},{\"@type\":\"ListItem\",\"position\":2,\"name\":\"Alargamiento de corona\"}]},{\"@type\":\"WebSite\",\"@id\":\"https:\/\/friendlysmilesdental.com\/es\/#website\",\"url\":\"https:\/\/friendlysmilesdental.com\/es\/\",\"name\":\"Friendly Smiles Dental\",\"description\":\"Santa Maria Dentists | San Luis Obispo Dentists | King City Dentists\",\"potentialAction\":[{\"@type\":\"SearchAction\",\"target\":{\"@type\":\"EntryPoint\",\"urlTemplate\":\"https:\/\/friendlysmilesdental.com\/es\/?s={search_term_string}\"},\"query-input\":{\"@type\":\"PropertyValueSpecification\",\"valueRequired\":true,\"valueName\":\"search_term_string\"}}],\"inLanguage\":\"es\"}]}<\/script>\n<!-- \/ Yoast SEO plugin. -->","yoast_head_json":{"title":"Alargamiento de Corona | Friendly Smiles Dental Group","description":"El alargamiento de corona se realiza generalmente para mejorar la salud del tejido gingival o para preparar la boca para procedimientos restauradores o cosm\u00e9ticos.","robots":{"index":"index","follow":"follow","max-snippet":"max-snippet:-1","max-image-preview":"max-image-preview:large","max-video-preview":"max-video-preview:-1"},"canonical":"https:\/\/friendlysmilesdental.com\/es\/alargamiento-de-corona\/","og_locale":"es_ES","og_type":"article","og_title":"Alargamiento de Corona | Friendly Smiles Dental Group","og_description":"El alargamiento de corona se realiza generalmente para mejorar la salud del tejido gingival o para preparar la boca para procedimientos restauradores o cosm\u00e9ticos.","og_url":"https:\/\/friendlysmilesdental.com\/es\/alargamiento-de-corona\/","og_site_name":"Friendly Smiles Dental","article_modified_time":"2024-04-09T23:26:49+00:00","twitter_card":"summary_large_image","twitter_misc":{"Tiempo de lectura":"10 minutos"},"schema":{"@context":"https:\/\/schema.org","@graph":[{"@type":"WebPage","@id":"https:\/\/friendlysmilesdental.com\/es\/alargamiento-de-corona\/","url":"https:\/\/friendlysmilesdental.com\/es\/alargamiento-de-corona\/","name":"Alargamiento de Corona | Friendly Smiles Dental Group","isPartOf":{"@id":"https:\/\/friendlysmilesdental.com\/es\/#website"},"datePublished":"2019-10-30T06:43:11+00:00","dateModified":"2024-04-09T23:26:49+00:00","description":"El alargamiento de corona se realiza generalmente para mejorar la salud del tejido gingival o para preparar la boca para procedimientos restauradores o cosm\u00e9ticos.","breadcrumb":{"@id":"https:\/\/friendlysmilesdental.com\/es\/alargamiento-de-corona\/#breadcrumb"},"inLanguage":"es","potentialAction":[{"@type":"ReadAction","target":["https:\/\/friendlysmilesdental.com\/es\/alargamiento-de-corona\/"]}]},{"@type":"BreadcrumbList","@id":"https:\/\/friendlysmilesdental.com\/es\/alargamiento-de-corona\/#breadcrumb","itemListElement":[{"@type":"ListItem","position":1,"name":"Home","item":"https:\/\/friendlysmilesdental.com\/es\/inicio\/"},{"@type":"ListItem","position":2,"name":"Alargamiento de corona"}]},{"@type":"WebSite","@id":"https:\/\/friendlysmilesdental.com\/es\/#website","url":"https:\/\/friendlysmilesdental.com\/es\/","name":"Friendly Smiles Dental","description":"Santa Maria Dentists | San Luis Obispo Dentists | King City Dentists","potentialAction":[{"@type":"SearchAction","target":{"@type":"EntryPoint","urlTemplate":"https:\/\/friendlysmilesdental.com\/es\/?s={search_term_string}"},"query-input":{"@type":"PropertyValueSpecification","valueRequired":true,"valueName":"search_term_string"}}],"inLanguage":"es"}]}},"_links":{"self":[{"href":"https:\/\/friendlysmilesdental.com\/es\/wp-json\/wp\/v2\/pages\/3088"}],"collection":[{"href":"https:\/\/friendlysmilesdental.com\/es\/wp-json\/wp\/v2\/pages"}],"about":[{"href":"https:\/\/friendlysmilesdental.com\/es\/wp-json\/wp\/v2\/types\/page"}],"author":[{"embeddable":true,"href":"https:\/\/friendlysmilesdental.com\/es\/wp-json\/wp\/v2\/users\/4"}],"replies":[{"embeddable":true,"href":"https:\/\/friendlysmilesdental.com\/es\/wp-json\/wp\/v2\/comments?post=3088"}],"version-history":[{"count":2,"href":"https:\/\/friendlysmilesdental.com\/es\/wp-json\/wp\/v2\/pages\/3088\/revisions"}],"predecessor-version":[{"id":3090,"href":"https:\/\/friendlysmilesdental.com\/es\/wp-json\/wp\/v2\/pages\/3088\/revisions\/3090"}],"wp:attachment":[{"href":"https:\/\/friendlysmilesdental.com\/es\/wp-json\/wp\/v2\/media?parent=3088"}],"curies":[{"name":"wp","href":"https:\/\/api.w.org\/{rel}","templated":true}]}}