{"id":3091,"date":"2019-10-30T06:46:38","date_gmt":"2019-10-30T06:46:38","guid":{"rendered":"https:\/\/friendlysmilesdental.com\/aumento-de-seno\/"},"modified":"2024-04-09T23:27:20","modified_gmt":"2024-04-09T23:27:20","slug":"aumento-de-seno","status":"publish","type":"page","link":"https:\/\/friendlysmilesdental.com\/es\/aumento-de-seno\/","title":{"rendered":"Aumento de seno"},"content":{"rendered":"<p><div class=\"fusion-fullwidth fullwidth-box fusion-builder-row-1 nonhundred-percent-fullwidth non-hundred-percent-height-scrolling\" style=\"--awb-border-radius-top-left:0px;--awb-border-radius-top-right:0px;--awb-border-radius-bottom-right:0px;--awb-border-radius-bottom-left:0px;--awb-flex-wrap:wrap;\" ><div class=\"fusion-builder-row fusion-row\"><div class=\"fusion-layout-column fusion_builder_column fusion-builder-column-0 fusion_builder_column_1_2 1_2 fusion-one-half fusion-column-first\" style=\"--awb-bg-size:cover;width:50%;width:calc(50% - ( ( 4% ) * 0.5 ) );margin-right: 4%;\"><div class=\"fusion-column-wrapper fusion-column-has-shadow fusion-flex-column-wrapper-legacy\"><div class=\"fusion-text fusion-text-1\"><h1 align=\"left\">Aumento de seno<\/h1>\n<\/div><div class=\"fusion-sep-clear\"><\/div><div class=\"fusion-separator fusion-clearfix\" style=\"float:left;margin-top:22px;margin-bottom:25px;width:100%;max-width:100px;\"><div class=\"fusion-separator-border sep-single sep-solid\" style=\"--awb-height:20px;--awb-amount:20px;--awb-sep-color:#6589c0;border-color:#6589c0;border-top-width:2px;\"><\/div><\/div><div class=\"fusion-sep-clear\"><\/div><div class=\"fusion-text fusion-text-2\"><p style=\"text-align: left;\" align=\"left\">Un implante dental es esencialmente una ra\u00edz dental artificial que se fija al hueso maxilar. Finalmente, se fijar\u00e1 firmemente un diente de sustituci\u00f3n o un puente a esta ra\u00edz, restaurando la funci\u00f3n completa del diente. La clave de un implante exitoso y duradero es la calidad y cantidad de hueso maxilar al que se fijar\u00e1 el implante. Si se ha perdido hueso debido a una lesi\u00f3n o enfermedad periodontal, un aumento de seno puede elevar el suelo del seno para permitir la formaci\u00f3n de hueso nuevo.<\/p>\n<p style=\"text-align: left;\" align=\"left\">En la t\u00e9cnica m\u00e1s com\u00fan de aumento de seno, se realiza una peque\u00f1a incisi\u00f3n cerca de la regi\u00f3n premolar o molar superior para exponer el hueso maxilar. Se practica una peque\u00f1a abertura en el hueso y se empuja suavemente hacia arriba la membrana que recubre el seno al otro lado de la abertura. El espacio subyacente se rellena con material de injerto \u00f3seo y se cierra la incisi\u00f3n. El hueso que se utiliza para este procedimiento puede proceder de su propio cuerpo o de un cad\u00e1ver. A veces, el dentista puede utilizar materiales sint\u00e9ticos que tambi\u00e9n pueden estimular la formaci\u00f3n de hueso. Los implantes se colocan despu\u00e9s de que se haya producido la cicatrizaci\u00f3n; esto depender\u00e1 de cada caso. Se ha demostrado que el aumento de seno aumenta el \u00e9xito de los procedimientos de implantes dentales.<\/p>\n<\/div><div class=\"fusion-clearfix\"><\/div><\/div><\/div><div class=\"fusion-layout-column fusion_builder_column fusion-builder-column-1 fusion_builder_column_1_2 1_2 fusion-one-half fusion-column-last\" style=\"--awb-bg-size:cover;width:50%;width:calc(50% - ( ( 4% ) * 0.5 ) );\"><div class=\"fusion-column-wrapper fusion-column-has-shadow fusion-flex-column-wrapper-legacy\"><div class=\"fusion-clearfix\"><\/div><\/div><\/div><\/div><\/div><div class=\"fusion-fullwidth fullwidth-box fusion-builder-row-2 nonhundred-percent-fullwidth non-hundred-percent-height-scrolling\" style=\"--awb-border-radius-top-left:0px;--awb-border-radius-top-right:0px;--awb-border-radius-bottom-right:0px;--awb-border-radius-bottom-left:0px;--awb-flex-wrap:wrap;\" ><div class=\"fusion-builder-row fusion-row\"><div class=\"fusion-layout-column fusion_builder_column fusion-builder-column-2 fusion_builder_column_1_2 1_2 fusion-one-half fusion-column-first\" style=\"--awb-bg-size:cover;width:50%;width:calc(50% - ( ( 4% ) * 0.5 ) );margin-right: 4%;\"><div class=\"fusion-column-wrapper fusion-column-has-shadow fusion-flex-column-wrapper-legacy\"><div class=\"fusion-clearfix\"><\/div><\/div><\/div><div class=\"fusion-layout-column fusion_builder_column fusion-builder-column-3 fusion_builder_column_1_2 1_2 fusion-one-half fusion-column-last\" style=\"--awb-bg-size:cover;width:50%;width:calc(50% - ( ( 4% ) * 0.5 ) );\"><div class=\"fusion-column-wrapper fusion-column-has-shadow fusion-flex-column-wrapper-legacy\"><div class=\"fusion-clearfix\"><\/div><\/div><\/div><\/div><\/div><div class=\"fusion-bg-parallax\" data-bg-align=\"center center\" data-direction=\"right\" data-mute=\"false\" data-opacity=\"100\" data-velocity=\"-0.8\" data-mobile-enabled=\"false\" data-break_parents=\"0\" data-bg-image=\"https:\/\/friendlysmilesdental.com\/wp-content\/uploads\/2020\/01\/best-san-luis-obispo-dentist.jpg\" data-bg-repeat=\"false\" ><\/div><div class=\"fusion-fullwidth fullwidth-box fusion-builder-row-3 fusion-parallax-right nonhundred-percent-fullwidth non-hundred-percent-height-scrolling lazyload\" style=\"--awb-border-radius-top-left:0px;--awb-border-radius-top-right:0px;--awb-border-radius-bottom-right:0px;--awb-border-radius-bottom-left:0px;--awb-padding-top:40px;--awb-padding-bottom:50px;--awb-background-size:cover;--awb-flex-wrap:wrap;\" data-bg=\"https:\/\/friendlysmilesdental.com\/wp-content\/uploads\/2020\/01\/best-san-luis-obispo-dentist.jpg\" ><div class=\"fusion-builder-row fusion-row\"><div class=\"fusion-layout-column fusion_builder_column fusion-builder-column-4 fusion_builder_column_1_1 1_1 fusion-one-full fusion-column-first fusion-column-last\" style=\"--awb-bg-size:cover;--awb-margin-top:3%;--awb-margin-bottom:3%;\"><div class=\"fusion-column-wrapper fusion-column-has-shadow fusion-flex-column-wrapper-legacy\"><div class=\"fusion-text fusion-text-3\"><h2 style=\"text-align: center;\"><span style=\"color: #ffffff;\">\u00bfListo para sonre\u00edr?<\/span><\/h2>\n<\/div><div class=\"fusion-sep-clear\"><\/div><div class=\"fusion-separator fusion-full-width-sep\" style=\"margin-left: auto;margin-right: auto;margin-top:15px;width:100%;\"><\/div><div class=\"fusion-sep-clear\"><\/div><div class=\"fusion-aligncenter\"><a class=\"fusion-button button-flat fusion-button-default-size button-custom fusion-button-default button-1 fusion-button-default-span fusion-button-default-type\" style=\"--button_accent_color:#ffffff;--button_accent_hover_color:#6487c2;--button_border_hover_color:#6487c2;--button_gradient_top_color:#4fc3a3;--button_gradient_bottom_color:#4fc3a3;--button_gradient_top_color_hover:#ffffff;--button_gradient_bottom_color_hover:#ffffff;\" target=\"_self\" href=\"https:\/\/friendlysmilesdental.com\/es\/reservar-cita\/\"><i class=\"fa-plus fas button-icon-left\" aria-hidden=\"true\"><\/i><span class=\"fusion-button-text\">Solicitar una cita<\/span><\/a><\/div><div class=\"fusion-sep-clear\"><\/div><div class=\"fusion-separator fusion-full-width-sep\" style=\"margin-left: auto;margin-right: auto;margin-top:15px;width:100%;\"><\/div><div class=\"fusion-sep-clear\"><\/div><div class=\"fusion-text fusion-text-4\"><h3 style=\"text-align: center;\"><span style=\"color: #ffffff;\">Estamos orgullosos de aceptar Medi-Cal y tomar la mayor\u00eda de las formas de seguro en todas nuestras oficinas dentales.<\/span><\/h3>\n<\/div><div class=\"fusion-clearfix\"><\/div><\/div><\/div><\/div><\/div><\/p>\n","protected":false},"excerpt":{"rendered":"","protected":false},"author":4,"featured_media":0,"parent":0,"menu_order":0,"comment_status":"closed","ping_status":"open","template":"100-width.php","meta":{"footnotes":""},"yoast_head":"<!-- This site is optimized with the Yoast SEO plugin v23.9 - https:\/\/yoast.com\/wordpress\/plugins\/seo\/ -->\n<title>Aumento de seno | Central Coast Dentist Friendly Smiles<\/title>\n<meta name=\"description\" content=\"Si se ha perdido hueso debido a una lesi\u00f3n o enfermedad periodontal, un aumento de seno puede elevar el suelo del seno para permitir la formaci\u00f3n de hueso nuevo.\" \/>\n<meta name=\"robots\" content=\"index, follow, max-snippet:-1, max-image-preview:large, max-video-preview:-1\" \/>\n<link rel=\"canonical\" href=\"https:\/\/friendlysmilesdental.com\/es\/aumento-de-seno\/\" \/>\n<meta property=\"og:locale\" content=\"es_ES\" \/>\n<meta property=\"og:type\" content=\"article\" \/>\n<meta property=\"og:title\" content=\"Aumento de seno | Central Coast Dentist Friendly Smiles\" \/>\n<meta property=\"og:description\" content=\"Si se ha perdido hueso debido a una lesi\u00f3n o enfermedad periodontal, un aumento de seno puede elevar el suelo del seno para permitir la formaci\u00f3n de hueso nuevo.\" \/>\n<meta property=\"og:url\" content=\"https:\/\/friendlysmilesdental.com\/es\/aumento-de-seno\/\" \/>\n<meta property=\"og:site_name\" content=\"Friendly Smiles Dental\" \/>\n<meta property=\"article:modified_time\" content=\"2024-04-09T23:27:20+00:00\" \/>\n<meta name=\"twitter:card\" content=\"summary_large_image\" \/>\n<meta name=\"twitter:label1\" content=\"Tiempo de lectura\" \/>\n\t<meta name=\"twitter:data1\" content=\"8 minutos\" \/>\n<script type=\"application\/ld+json\" class=\"yoast-schema-graph\">{\"@context\":\"https:\/\/schema.org\",\"@graph\":[{\"@type\":\"WebPage\",\"@id\":\"https:\/\/friendlysmilesdental.com\/es\/aumento-de-seno\/\",\"url\":\"https:\/\/friendlysmilesdental.com\/es\/aumento-de-seno\/\",\"name\":\"Aumento de seno | Central Coast Dentist Friendly Smiles\",\"isPartOf\":{\"@id\":\"https:\/\/friendlysmilesdental.com\/es\/#website\"},\"datePublished\":\"2019-10-30T06:46:38+00:00\",\"dateModified\":\"2024-04-09T23:27:20+00:00\",\"description\":\"Si se ha perdido hueso debido a una lesi\u00f3n o enfermedad periodontal, un aumento de seno puede elevar el suelo del seno para permitir la formaci\u00f3n de hueso nuevo.\",\"breadcrumb\":{\"@id\":\"https:\/\/friendlysmilesdental.com\/es\/aumento-de-seno\/#breadcrumb\"},\"inLanguage\":\"es\",\"potentialAction\":[{\"@type\":\"ReadAction\",\"target\":[\"https:\/\/friendlysmilesdental.com\/es\/aumento-de-seno\/\"]}]},{\"@type\":\"BreadcrumbList\",\"@id\":\"https:\/\/friendlysmilesdental.com\/es\/aumento-de-seno\/#breadcrumb\",\"itemListElement\":[{\"@type\":\"ListItem\",\"position\":1,\"name\":\"Home\",\"item\":\"https:\/\/friendlysmilesdental.com\/es\/inicio\/\"},{\"@type\":\"ListItem\",\"position\":2,\"name\":\"Aumento de seno\"}]},{\"@type\":\"WebSite\",\"@id\":\"https:\/\/friendlysmilesdental.com\/es\/#website\",\"url\":\"https:\/\/friendlysmilesdental.com\/es\/\",\"name\":\"Friendly Smiles Dental\",\"description\":\"Santa Maria Dentists | San Luis Obispo Dentists | King City Dentists\",\"potentialAction\":[{\"@type\":\"SearchAction\",\"target\":{\"@type\":\"EntryPoint\",\"urlTemplate\":\"https:\/\/friendlysmilesdental.com\/es\/?s={search_term_string}\"},\"query-input\":{\"@type\":\"PropertyValueSpecification\",\"valueRequired\":true,\"valueName\":\"search_term_string\"}}],\"inLanguage\":\"es\"}]}<\/script>\n<!-- \/ Yoast SEO plugin. -->","yoast_head_json":{"title":"Aumento de seno | Central Coast Dentist Friendly Smiles","description":"Si se ha perdido hueso debido a una lesi\u00f3n o enfermedad periodontal, un aumento de seno puede elevar el suelo del seno para permitir la formaci\u00f3n de hueso nuevo.","robots":{"index":"index","follow":"follow","max-snippet":"max-snippet:-1","max-image-preview":"max-image-preview:large","max-video-preview":"max-video-preview:-1"},"canonical":"https:\/\/friendlysmilesdental.com\/es\/aumento-de-seno\/","og_locale":"es_ES","og_type":"article","og_title":"Aumento de seno | Central Coast Dentist Friendly Smiles","og_description":"Si se ha perdido hueso debido a una lesi\u00f3n o enfermedad periodontal, un aumento de seno puede elevar el suelo del seno para permitir la formaci\u00f3n de hueso nuevo.","og_url":"https:\/\/friendlysmilesdental.com\/es\/aumento-de-seno\/","og_site_name":"Friendly Smiles Dental","article_modified_time":"2024-04-09T23:27:20+00:00","twitter_card":"summary_large_image","twitter_misc":{"Tiempo de lectura":"8 minutos"},"schema":{"@context":"https:\/\/schema.org","@graph":[{"@type":"WebPage","@id":"https:\/\/friendlysmilesdental.com\/es\/aumento-de-seno\/","url":"https:\/\/friendlysmilesdental.com\/es\/aumento-de-seno\/","name":"Aumento de seno | Central Coast Dentist Friendly Smiles","isPartOf":{"@id":"https:\/\/friendlysmilesdental.com\/es\/#website"},"datePublished":"2019-10-30T06:46:38+00:00","dateModified":"2024-04-09T23:27:20+00:00","description":"Si se ha perdido hueso debido a una lesi\u00f3n o enfermedad periodontal, un aumento de seno puede elevar el suelo del seno para permitir la formaci\u00f3n de hueso nuevo.","breadcrumb":{"@id":"https:\/\/friendlysmilesdental.com\/es\/aumento-de-seno\/#breadcrumb"},"inLanguage":"es","potentialAction":[{"@type":"ReadAction","target":["https:\/\/friendlysmilesdental.com\/es\/aumento-de-seno\/"]}]},{"@type":"BreadcrumbList","@id":"https:\/\/friendlysmilesdental.com\/es\/aumento-de-seno\/#breadcrumb","itemListElement":[{"@type":"ListItem","position":1,"name":"Home","item":"https:\/\/friendlysmilesdental.com\/es\/inicio\/"},{"@type":"ListItem","position":2,"name":"Aumento de seno"}]},{"@type":"WebSite","@id":"https:\/\/friendlysmilesdental.com\/es\/#website","url":"https:\/\/friendlysmilesdental.com\/es\/","name":"Friendly Smiles Dental","description":"Santa Maria Dentists | San Luis Obispo Dentists | King City Dentists","potentialAction":[{"@type":"SearchAction","target":{"@type":"EntryPoint","urlTemplate":"https:\/\/friendlysmilesdental.com\/es\/?s={search_term_string}"},"query-input":{"@type":"PropertyValueSpecification","valueRequired":true,"valueName":"search_term_string"}}],"inLanguage":"es"}]}},"_links":{"self":[{"href":"https:\/\/friendlysmilesdental.com\/es\/wp-json\/wp\/v2\/pages\/3091"}],"collection":[{"href":"https:\/\/friendlysmilesdental.com\/es\/wp-json\/wp\/v2\/pages"}],"about":[{"href":"https:\/\/friendlysmilesdental.com\/es\/wp-json\/wp\/v2\/types\/page"}],"author":[{"embeddable":true,"href":"https:\/\/friendlysmilesdental.com\/es\/wp-json\/wp\/v2\/users\/4"}],"replies":[{"embeddable":true,"href":"https:\/\/friendlysmilesdental.com\/es\/wp-json\/wp\/v2\/comments?post=3091"}],"version-history":[{"count":2,"href":"https:\/\/friendlysmilesdental.com\/es\/wp-json\/wp\/v2\/pages\/3091\/revisions"}],"predecessor-version":[{"id":3093,"href":"https:\/\/friendlysmilesdental.com\/es\/wp-json\/wp\/v2\/pages\/3091\/revisions\/3093"}],"wp:attachment":[{"href":"https:\/\/friendlysmilesdental.com\/es\/wp-json\/wp\/v2\/media?parent=3091"}],"curies":[{"name":"wp","href":"https:\/\/api.w.org\/{rel}","templated":true}]}}