{"id":3094,"date":"2019-10-30T06:50:18","date_gmt":"2019-10-30T06:50:18","guid":{"rendered":"https:\/\/friendlysmilesdental.com\/limpieza-dental-profilaxis\/"},"modified":"2024-04-09T23:27:49","modified_gmt":"2024-04-09T23:27:49","slug":"limpieza-dental-profilaxis","status":"publish","type":"page","link":"https:\/\/friendlysmilesdental.com\/es\/limpieza-dental-profilaxis\/","title":{"rendered":"Limpieza dental \/ Profilaxis"},"content":{"rendered":"<p><div class=\"fusion-fullwidth fullwidth-box fusion-builder-row-1 nonhundred-percent-fullwidth non-hundred-percent-height-scrolling\" style=\"--awb-border-radius-top-left:0px;--awb-border-radius-top-right:0px;--awb-border-radius-bottom-right:0px;--awb-border-radius-bottom-left:0px;--awb-flex-wrap:wrap;\" ><div class=\"fusion-builder-row fusion-row\"><div class=\"fusion-layout-column fusion_builder_column fusion-builder-column-0 fusion_builder_column_1_2 1_2 fusion-one-half fusion-column-first\" style=\"--awb-bg-size:cover;width:50%;width:calc(50% - ( ( 4% ) * 0.5 ) );margin-right: 4%;\"><div class=\"fusion-column-wrapper fusion-column-has-shadow fusion-flex-column-wrapper-legacy\"><div class=\"fusion-text fusion-text-1\"><h1 align=\"left\">Limpieza dental (profilaxis)<\/h1>\n<\/div><div class=\"fusion-sep-clear\"><\/div><div class=\"fusion-separator fusion-clearfix\" style=\"float:left;margin-top:22px;margin-bottom:25px;width:100%;max-width:100px;\"><div class=\"fusion-separator-border sep-single sep-solid\" style=\"--awb-height:20px;--awb-amount:20px;--awb-sep-color:#6589c0;border-color:#6589c0;border-top-width:2px;\"><\/div><\/div><div class=\"fusion-sep-clear\"><\/div><div class=\"fusion-text fusion-text-2\"><p style=\"text-align: left;\" align=\"left\">Una profilaxis dental es un procedimiento de limpieza que se realiza para limpiar a fondo los dientes. La profilaxis es un tratamiento dental importante para detener la progresi\u00f3n de la enfermedad periodontal y la gingivitis.<\/p>\n<p style=\"text-align: left;\" align=\"left\">La enfermedad periodontal y la gingivitis se producen cuando las bacterias de la placa colonizan el tejido gingival (enc\u00edas), por encima o por debajo de la l\u00ednea de las enc\u00edas. Estas colonias de bacterias provocan inflamaciones e irritaciones graves que, a su vez, producen una respuesta inflamatoria cr\u00f3nica en el organismo. Como consecuencia, el organismo empieza a destruir sistem\u00e1ticamente el tejido gingival y \u00f3seo, haciendo que los dientes se desplacen, se vuelvan inestables o se caigan por completo. Las bolsas entre las enc\u00edas y los dientes se hacen m\u00e1s profundas y albergan m\u00e1s bacterias que pueden viajar por el torrente sangu\u00edneo e infectar otras partes del cuerpo.<\/p>\n<h2 align=\"left\">Razones para la profilaxis\/limpieza dental<\/h2>\n<p style=\"text-align: left;\" align=\"left\">La profilaxis es un procedimiento excelente para ayudar a mantener la cavidad bucal en buen estado de salud y tambi\u00e9n para detener la progresi\u00f3n de la enfermedad de las enc\u00edas.<\/p>\n<p style=\"text-align: left;\" align=\"left\">He aqu\u00ed algunas de las ventajas de la profilaxis:<\/p>\n<ul style=\"text-align: left;\">\n<li>\n<div align=\"left\"><strong>Eliminaci\u00f3n del sarro<\/strong> &#8211; La acumulaci\u00f3n de sarro (c\u00e1lculo) y placa, tanto por encima como por debajo de la l\u00ednea de las enc\u00edas, puede causar graves problemas periodontales si no se trata. Incluso con las mejores t\u00e9cnicas de cepillado y uso del hilo dental en casa, puede resultar imposible eliminar los restos, bacterias y dep\u00f3sitos de las bolsas de las enc\u00edas. Para detectar y tratar problemas como el sarro y la acumulaci\u00f3n de placa se necesita la mirada experimentada de un dentista que utilice equipos dentales especializados.<\/div>\n<\/li>\n<li>\n<div align=\"left\"><strong>Est\u00e9tica<\/strong> &#8211; Es dif\u00edcil sentirse seguro con una sonrisa estropeada por dientes amarillentos y manchados. La profilaxis puede eliminar las antiest\u00e9ticas manchas de los dientes y devolver a la sonrisa su antiguo esplendor.<\/div>\n<\/li>\n<li>\n<div align=\"left\"><strong>Aliento m\u00e1s fresco<\/strong> &#8211; La enfermedad periodontal se caracteriza a menudo por un mal aliento persistente (halitosis). El mal aliento suele estar causado por una combinaci\u00f3n de part\u00edculas de comida en descomposici\u00f3n bajo la l\u00ednea de las enc\u00edas, una posible gangrena derivada de una infecci\u00f3n de las enc\u00edas y problemas periodontales. La eliminaci\u00f3n de la placa, el sarro y las bacterias mejora notablemente el aliento y alivia la irritaci\u00f3n.<\/div>\n<\/li>\n<\/ul>\n<p style=\"text-align: left;\" align=\"left\">Identificaci\u00f3n de problemas de salud &#8211; Muchos problemas de salud se presentan primero al dentista. Dado que la profilaxis implica un examen minucioso de toda la cavidad bucal, el dentista puede detectar el c\u00e1ncer de boca, evaluar el riesgo de periodontitis y, a menudo, detectar signos de problemas m\u00e9dicos como diabetes y problemas renales. Tambi\u00e9n se pueden ofrecer recomendaciones para modificar el r\u00e9gimen de cuidados domiciliarios.<\/p>\n<\/div><div class=\"fusion-clearfix\"><\/div><\/div><\/div><div class=\"fusion-layout-column fusion_builder_column fusion-builder-column-1 fusion_builder_column_1_2 1_2 fusion-one-half fusion-column-last\" style=\"--awb-bg-size:cover;width:50%;width:calc(50% - ( ( 4% ) * 0.5 ) );\"><div class=\"fusion-column-wrapper fusion-column-has-shadow fusion-flex-column-wrapper-legacy\"><div class=\"fusion-text fusion-text-3\"><h2 align=\"left\">\u00bfEn qu\u00e9 consiste el tratamiento profil\u00e1ctico?<\/h2>\n<p style=\"text-align: left;\" align=\"left\">La profilaxis puede realizarse en el transcurso de una visita habitual al dentista o, si es necesario, con anestesia general. Esto \u00faltimo es especialmente frecuente cuando se sospecha o el dentista ha diagnosticado una enfermedad periodontal grave. A veces se coloca un tubo endotraqueal en la garganta para proteger los pulmones de las bacterias nocivas que se eliminar\u00e1n por la boca.<\/p>\n<p style=\"text-align: left;\" align=\"left\">La profilaxis se realiza generalmente en varias etapas:<\/p>\n<ol style=\"text-align: left;\">\n<li>\n<div align=\"left\"><strong>Limpieza supragingival<\/strong> &#8211; El dentista limpiar\u00e1 a fondo la zona por encima de la l\u00ednea de las enc\u00edas con herramientas de raspado para eliminar la placa y el sarro.<\/div>\n<\/li>\n<li>\n<div align=\"left\"><strong>Limpieza subgingival<\/strong> &#8211; Este es el paso m\u00e1s importante para los pacientes con enfermedad periodontal porque el dentista puede eliminar el sarro de las bolsas de las enc\u00edas y debajo de la l\u00ednea de las enc\u00edas.<\/div>\n<\/li>\n<li>\n<div align=\"left\"><strong>Alisado radicular<\/strong>: el dentista alisa la ra\u00edz del diente para eliminar cualquier resto de bacterias. Estas bacterias son extremadamente peligrosas para los enfermos de periodontitis, por lo que eliminarlas es una de las principales prioridades del dentista.<\/div>\n<\/li>\n<li>\n<div align=\"left\"><strong>Medicaci\u00f3n<\/strong> &#8211; Tras el raspado y alisado radicular, a menudo se coloca un antibi\u00f3tico o crema antimicrobiana en las bolsas de las enc\u00edas. Estas cremas favorecen una cicatrizaci\u00f3n r\u00e1pida y sana de las bolsas y ayudan a aliviar las molestias.<\/div>\n<\/li>\n<li>\n<div align=\"left\"><strong>Radiograf\u00edas y ex\u00e1menes<\/strong> &#8211; Las radiograf\u00edas rutinarias pueden ser muy reveladoras cuando se trata de la enfermedad periodontal. Las radiograf\u00edas muestran el grado de recesi\u00f3n \u00f3sea y de las enc\u00edas, y tambi\u00e9n ayudan al dentista a identificar las zonas que pueden necesitar atenci\u00f3n en el futuro.<\/div>\n<\/li>\n<\/ol>\n<p style=\"text-align: left;\" align=\"left\">La profilaxis se recomienda dos veces al a\u00f1o como medida preventiva, pero debe realizarse cada 3-4 meses en los pacientes con periodontitis. Aunque la enfermedad de las enc\u00edas no puede revertirse por completo, la profilaxis es una de las herramientas que el dentista puede utilizar para detener eficazmente su avance destructivo.<\/p>\n<\/div><div class=\"fusion-clearfix\"><\/div><\/div><\/div><\/div><\/div><div class=\"fusion-fullwidth fullwidth-box fusion-builder-row-2 nonhundred-percent-fullwidth non-hundred-percent-height-scrolling\" style=\"--awb-border-radius-top-left:0px;--awb-border-radius-top-right:0px;--awb-border-radius-bottom-right:0px;--awb-border-radius-bottom-left:0px;--awb-flex-wrap:wrap;\" ><div class=\"fusion-builder-row fusion-row\"><div class=\"fusion-layout-column fusion_builder_column fusion-builder-column-2 fusion_builder_column_1_2 1_2 fusion-one-half fusion-column-first\" style=\"--awb-bg-size:cover;width:50%;width:calc(50% - ( ( 4% ) * 0.5 ) );margin-right: 4%;\"><div class=\"fusion-column-wrapper fusion-column-has-shadow fusion-flex-column-wrapper-legacy\"><div class=\"fusion-clearfix\"><\/div><\/div><\/div><div class=\"fusion-layout-column fusion_builder_column fusion-builder-column-3 fusion_builder_column_1_2 1_2 fusion-one-half fusion-column-last\" style=\"--awb-bg-size:cover;width:50%;width:calc(50% - ( ( 4% ) * 0.5 ) );\"><div class=\"fusion-column-wrapper fusion-column-has-shadow fusion-flex-column-wrapper-legacy\"><div class=\"fusion-clearfix\"><\/div><\/div><\/div><\/div><\/div><div class=\"fusion-bg-parallax\" data-bg-align=\"center center\" data-direction=\"right\" data-mute=\"false\" data-opacity=\"100\" data-velocity=\"-0.8\" data-mobile-enabled=\"false\" data-break_parents=\"0\" data-bg-image=\"https:\/\/friendlysmilesdental.com\/wp-content\/uploads\/2020\/01\/best-san-luis-obispo-dentist.jpg\" data-bg-repeat=\"false\" ><\/div><div class=\"fusion-fullwidth fullwidth-box fusion-builder-row-3 fusion-parallax-right nonhundred-percent-fullwidth non-hundred-percent-height-scrolling lazyload\" style=\"--awb-border-radius-top-left:0px;--awb-border-radius-top-right:0px;--awb-border-radius-bottom-right:0px;--awb-border-radius-bottom-left:0px;--awb-padding-top:40px;--awb-padding-bottom:50px;--awb-background-size:cover;--awb-flex-wrap:wrap;\" data-bg=\"https:\/\/friendlysmilesdental.com\/wp-content\/uploads\/2020\/01\/best-san-luis-obispo-dentist.jpg\" ><div class=\"fusion-builder-row fusion-row\"><div class=\"fusion-layout-column fusion_builder_column fusion-builder-column-4 fusion_builder_column_1_1 1_1 fusion-one-full fusion-column-first fusion-column-last\" style=\"--awb-bg-size:cover;--awb-margin-top:3%;--awb-margin-bottom:3%;\"><div class=\"fusion-column-wrapper fusion-column-has-shadow fusion-flex-column-wrapper-legacy\"><div class=\"fusion-text fusion-text-4\"><h2 style=\"text-align: center;\"><span style=\"color: #ffffff;\">\u00bfListo para sonre\u00edr?<\/span><\/h2>\n<\/div><div class=\"fusion-sep-clear\"><\/div><div class=\"fusion-separator fusion-full-width-sep\" style=\"margin-left: auto;margin-right: auto;margin-top:15px;width:100%;\"><\/div><div class=\"fusion-sep-clear\"><\/div><div class=\"fusion-aligncenter\"><a class=\"fusion-button button-flat fusion-button-default-size button-custom fusion-button-default button-1 fusion-button-default-span fusion-button-default-type\" style=\"--button_accent_color:#ffffff;--button_accent_hover_color:#6487c2;--button_border_hover_color:#6487c2;--button_gradient_top_color:#4fc3a3;--button_gradient_bottom_color:#4fc3a3;--button_gradient_top_color_hover:#ffffff;--button_gradient_bottom_color_hover:#ffffff;\" target=\"_self\" href=\"https:\/\/friendlysmilesdental.com\/es\/reservar-cita\/\"><i class=\"fa-plus fas button-icon-left\" aria-hidden=\"true\"><\/i><span class=\"fusion-button-text\">Solicitar una cita<\/span><\/a><\/div><div class=\"fusion-sep-clear\"><\/div><div class=\"fusion-separator fusion-full-width-sep\" style=\"margin-left: auto;margin-right: auto;margin-top:15px;width:100%;\"><\/div><div class=\"fusion-sep-clear\"><\/div><div class=\"fusion-text fusion-text-5\"><h3 style=\"text-align: center;\"><span style=\"color: #ffffff;\">Estamos orgullosos de aceptar Medi-Cal y tomar la mayor\u00eda de las formas de seguro en todas nuestras oficinas dentales.<\/span><\/h3>\n<\/div><div class=\"fusion-clearfix\"><\/div><\/div><\/div><\/div><\/div><\/p>\n","protected":false},"excerpt":{"rendered":"","protected":false},"author":4,"featured_media":0,"parent":0,"menu_order":0,"comment_status":"closed","ping_status":"open","template":"100-width.php","meta":{"footnotes":""},"yoast_head":"<!-- This site is optimized with the Yoast SEO plugin v23.9 - https:\/\/yoast.com\/wordpress\/plugins\/seo\/ -->\n<title>Limpieza dental | Profilaxis | Dentista San Luis Obispo Friendly Smiles<\/title>\n<meta name=\"description\" content=\"La limpieza dental o profilaxis es un tratamiento odontol\u00f3gico importante para detener la progresi\u00f3n de la enfermedad periodontal y la gingivitis.\" \/>\n<meta name=\"robots\" content=\"index, follow, max-snippet:-1, max-image-preview:large, max-video-preview:-1\" \/>\n<link rel=\"canonical\" href=\"https:\/\/friendlysmilesdental.com\/es\/limpieza-dental-profilaxis\/\" \/>\n<meta property=\"og:locale\" content=\"es_ES\" \/>\n<meta property=\"og:type\" content=\"article\" \/>\n<meta property=\"og:title\" content=\"Limpieza dental | Profilaxis | Dentista San Luis Obispo Friendly Smiles\" \/>\n<meta property=\"og:description\" content=\"La limpieza dental o profilaxis es un tratamiento odontol\u00f3gico importante para detener la progresi\u00f3n de la enfermedad periodontal y la gingivitis.\" \/>\n<meta property=\"og:url\" content=\"https:\/\/friendlysmilesdental.com\/es\/limpieza-dental-profilaxis\/\" \/>\n<meta property=\"og:site_name\" content=\"Friendly Smiles Dental\" \/>\n<meta property=\"article:modified_time\" content=\"2024-04-09T23:27:49+00:00\" \/>\n<meta name=\"twitter:card\" content=\"summary_large_image\" \/>\n<meta name=\"twitter:label1\" content=\"Tiempo de lectura\" \/>\n\t<meta name=\"twitter:data1\" content=\"11 minutos\" \/>\n<script type=\"application\/ld+json\" class=\"yoast-schema-graph\">{\"@context\":\"https:\/\/schema.org\",\"@graph\":[{\"@type\":\"WebPage\",\"@id\":\"https:\/\/friendlysmilesdental.com\/es\/limpieza-dental-profilaxis\/\",\"url\":\"https:\/\/friendlysmilesdental.com\/es\/limpieza-dental-profilaxis\/\",\"name\":\"Limpieza dental | Profilaxis | Dentista San Luis Obispo Friendly Smiles\",\"isPartOf\":{\"@id\":\"https:\/\/friendlysmilesdental.com\/es\/#website\"},\"datePublished\":\"2019-10-30T06:50:18+00:00\",\"dateModified\":\"2024-04-09T23:27:49+00:00\",\"description\":\"La limpieza dental o profilaxis es un tratamiento odontol\u00f3gico importante para detener la progresi\u00f3n de la enfermedad periodontal y la gingivitis.\",\"breadcrumb\":{\"@id\":\"https:\/\/friendlysmilesdental.com\/es\/limpieza-dental-profilaxis\/#breadcrumb\"},\"inLanguage\":\"es\",\"potentialAction\":[{\"@type\":\"ReadAction\",\"target\":[\"https:\/\/friendlysmilesdental.com\/es\/limpieza-dental-profilaxis\/\"]}]},{\"@type\":\"BreadcrumbList\",\"@id\":\"https:\/\/friendlysmilesdental.com\/es\/limpieza-dental-profilaxis\/#breadcrumb\",\"itemListElement\":[{\"@type\":\"ListItem\",\"position\":1,\"name\":\"Home\",\"item\":\"https:\/\/friendlysmilesdental.com\/es\/inicio\/\"},{\"@type\":\"ListItem\",\"position\":2,\"name\":\"Limpieza dental \/ Profilaxis\"}]},{\"@type\":\"WebSite\",\"@id\":\"https:\/\/friendlysmilesdental.com\/es\/#website\",\"url\":\"https:\/\/friendlysmilesdental.com\/es\/\",\"name\":\"Friendly Smiles Dental\",\"description\":\"Santa Maria Dentists | San Luis Obispo Dentists | King City Dentists\",\"potentialAction\":[{\"@type\":\"SearchAction\",\"target\":{\"@type\":\"EntryPoint\",\"urlTemplate\":\"https:\/\/friendlysmilesdental.com\/es\/?s={search_term_string}\"},\"query-input\":{\"@type\":\"PropertyValueSpecification\",\"valueRequired\":true,\"valueName\":\"search_term_string\"}}],\"inLanguage\":\"es\"}]}<\/script>\n<!-- \/ Yoast SEO plugin. -->","yoast_head_json":{"title":"Limpieza dental | Profilaxis | Dentista San Luis Obispo Friendly Smiles","description":"La limpieza dental o profilaxis es un tratamiento odontol\u00f3gico importante para detener la progresi\u00f3n de la enfermedad periodontal y la gingivitis.","robots":{"index":"index","follow":"follow","max-snippet":"max-snippet:-1","max-image-preview":"max-image-preview:large","max-video-preview":"max-video-preview:-1"},"canonical":"https:\/\/friendlysmilesdental.com\/es\/limpieza-dental-profilaxis\/","og_locale":"es_ES","og_type":"article","og_title":"Limpieza dental | Profilaxis | Dentista San Luis Obispo Friendly Smiles","og_description":"La limpieza dental o profilaxis es un tratamiento odontol\u00f3gico importante para detener la progresi\u00f3n de la enfermedad periodontal y la gingivitis.","og_url":"https:\/\/friendlysmilesdental.com\/es\/limpieza-dental-profilaxis\/","og_site_name":"Friendly Smiles Dental","article_modified_time":"2024-04-09T23:27:49+00:00","twitter_card":"summary_large_image","twitter_misc":{"Tiempo de lectura":"11 minutos"},"schema":{"@context":"https:\/\/schema.org","@graph":[{"@type":"WebPage","@id":"https:\/\/friendlysmilesdental.com\/es\/limpieza-dental-profilaxis\/","url":"https:\/\/friendlysmilesdental.com\/es\/limpieza-dental-profilaxis\/","name":"Limpieza dental | Profilaxis | Dentista San Luis Obispo Friendly Smiles","isPartOf":{"@id":"https:\/\/friendlysmilesdental.com\/es\/#website"},"datePublished":"2019-10-30T06:50:18+00:00","dateModified":"2024-04-09T23:27:49+00:00","description":"La limpieza dental o profilaxis es un tratamiento odontol\u00f3gico importante para detener la progresi\u00f3n de la enfermedad periodontal y la gingivitis.","breadcrumb":{"@id":"https:\/\/friendlysmilesdental.com\/es\/limpieza-dental-profilaxis\/#breadcrumb"},"inLanguage":"es","potentialAction":[{"@type":"ReadAction","target":["https:\/\/friendlysmilesdental.com\/es\/limpieza-dental-profilaxis\/"]}]},{"@type":"BreadcrumbList","@id":"https:\/\/friendlysmilesdental.com\/es\/limpieza-dental-profilaxis\/#breadcrumb","itemListElement":[{"@type":"ListItem","position":1,"name":"Home","item":"https:\/\/friendlysmilesdental.com\/es\/inicio\/"},{"@type":"ListItem","position":2,"name":"Limpieza dental \/ Profilaxis"}]},{"@type":"WebSite","@id":"https:\/\/friendlysmilesdental.com\/es\/#website","url":"https:\/\/friendlysmilesdental.com\/es\/","name":"Friendly Smiles Dental","description":"Santa Maria Dentists | San Luis Obispo Dentists | King City Dentists","potentialAction":[{"@type":"SearchAction","target":{"@type":"EntryPoint","urlTemplate":"https:\/\/friendlysmilesdental.com\/es\/?s={search_term_string}"},"query-input":{"@type":"PropertyValueSpecification","valueRequired":true,"valueName":"search_term_string"}}],"inLanguage":"es"}]}},"_links":{"self":[{"href":"https:\/\/friendlysmilesdental.com\/es\/wp-json\/wp\/v2\/pages\/3094"}],"collection":[{"href":"https:\/\/friendlysmilesdental.com\/es\/wp-json\/wp\/v2\/pages"}],"about":[{"href":"https:\/\/friendlysmilesdental.com\/es\/wp-json\/wp\/v2\/types\/page"}],"author":[{"embeddable":true,"href":"https:\/\/friendlysmilesdental.com\/es\/wp-json\/wp\/v2\/users\/4"}],"replies":[{"embeddable":true,"href":"https:\/\/friendlysmilesdental.com\/es\/wp-json\/wp\/v2\/comments?post=3094"}],"version-history":[{"count":2,"href":"https:\/\/friendlysmilesdental.com\/es\/wp-json\/wp\/v2\/pages\/3094\/revisions"}],"predecessor-version":[{"id":3096,"href":"https:\/\/friendlysmilesdental.com\/es\/wp-json\/wp\/v2\/pages\/3094\/revisions\/3096"}],"wp:attachment":[{"href":"https:\/\/friendlysmilesdental.com\/es\/wp-json\/wp\/v2\/media?parent=3094"}],"curies":[{"name":"wp","href":"https:\/\/api.w.org\/{rel}","templated":true}]}}