{"id":3097,"date":"2019-10-30T06:54:35","date_gmt":"2019-10-30T06:54:35","guid":{"rendered":"https:\/\/friendlysmilesdental.com\/examen-del-cancer-oral\/"},"modified":"2024-04-09T23:28:21","modified_gmt":"2024-04-09T23:28:21","slug":"examen-del-cancer-oral","status":"publish","type":"page","link":"https:\/\/friendlysmilesdental.com\/es\/examen-del-cancer-oral\/","title":{"rendered":"Examen del c\u00e1ncer oral"},"content":{"rendered":"<p><div class=\"fusion-fullwidth fullwidth-box fusion-builder-row-1 nonhundred-percent-fullwidth non-hundred-percent-height-scrolling\" style=\"--awb-border-radius-top-left:0px;--awb-border-radius-top-right:0px;--awb-border-radius-bottom-right:0px;--awb-border-radius-bottom-left:0px;--awb-flex-wrap:wrap;\" ><div class=\"fusion-builder-row fusion-row\"><div class=\"fusion-layout-column fusion_builder_column fusion-builder-column-0 fusion_builder_column_1_2 1_2 fusion-one-half fusion-column-first\" style=\"--awb-bg-size:cover;width:50%;width:calc(50% - ( ( 4% ) * 0.5 ) );margin-right: 4%;\"><div class=\"fusion-column-wrapper fusion-column-has-shadow fusion-flex-column-wrapper-legacy\"><div class=\"fusion-text fusion-text-1\"><h1 align=\"left\">Examen del c\u00e1ncer oral<\/h1>\n<\/div><div class=\"fusion-sep-clear\"><\/div><div class=\"fusion-separator fusion-clearfix\" style=\"float:left;margin-top:22px;margin-bottom:25px;width:100%;max-width:100px;\"><div class=\"fusion-separator-border sep-single sep-solid\" style=\"--awb-height:20px;--awb-amount:20px;--awb-sep-color:#6589c0;border-color:#6589c0;border-top-width:2px;\"><\/div><\/div><div class=\"fusion-sep-clear\"><\/div><div class=\"fusion-text fusion-text-2\"><p style=\"text-align: left;\" align=\"left\">Seg\u00fan una investigaci\u00f3n realizada por la Sociedad Americana del C\u00e1ncer, cada a\u00f1o se diagnostican m\u00e1s de 30.000 casos de c\u00e1ncer oral. M\u00e1s de 7.000 de estos casos acaban con la muerte del paciente. La buena noticia es que el c\u00e1ncer oral puede diagnosticarse f\u00e1cilmente con un examen anual y tratarse eficazmente cuando se detecta en sus primeras fases.<\/p>\n<p style=\"text-align: left;\" align=\"left\">El c\u00e1ncer oral es un proceso patol\u00f3gico que comienza con una fase asintom\u00e1tica durante la cual los signos habituales del c\u00e1ncer pueden no ser f\u00e1cilmente perceptibles. Esto hace que los ex\u00e1menes de c\u00e1ncer oral realizados por el dentista sean de vital importancia. Los c\u00e1nceres orales pueden ser de diversos tipos histol\u00f3gicos, como teratoma, adenocarcinoma y melanoma. El tipo m\u00e1s com\u00fan de c\u00e1ncer oral es el carcinoma maligno de c\u00e9lulas escamosas. Este tipo de c\u00e1ncer oral suele originarse en los tejidos del labio y la boca.<\/p>\n<p style=\"text-align: left;\" align=\"left\">Hay muchos lugares diferentes en la cavidad oral y la regi\u00f3n maxilofacial en los que suelen aparecer los c\u00e1nceres orales, entre ellos:<\/p>\n<ul style=\"text-align: left;\">\n<li>\n<div align=\"left\">Labios<\/div>\n<\/li>\n<li>\n<div align=\"left\">Boca<\/div>\n<\/li>\n<li>\n<div align=\"left\">Lengua<\/div>\n<\/li>\n<li>\n<div align=\"left\">Gl\u00e1ndulas salivales<\/div>\n<\/li>\n<li>\n<div align=\"left\">Regi\u00f3n orofar\u00edngea (garganta)<\/div>\n<\/li>\n<li>\n<div align=\"left\">Enc\u00edas<\/div>\n<\/li>\n<li>\n<div align=\"left\">Cara<\/div>\n<\/li>\n<\/ul>\n<h2 align=\"left\">Razones para someterse a ex\u00e1menes de c\u00e1ncer oral<\/h2>\n<p style=\"text-align: left;\" align=\"left\">Es importante se\u00f1alar que alrededor del 75% de los c\u00e1nceres orales est\u00e1n relacionados con comportamientos modificables como el tabaquismo, el consumo de tabaco y el consumo excesivo de alcohol. Su dentista puede proporcionarle informaci\u00f3n y formaci\u00f3n sobre c\u00f3mo cambiar su estilo de vida y dejar de fumar.<\/p>\n<p style=\"text-align: left;\" align=\"left\">Cuando el c\u00e1ncer oral se diagnostica en sus primeras fases, el tratamiento suele ser muy eficaz. Cualquier anomal\u00eda perceptible en la lengua, las enc\u00edas, la boca o la zona circundante debe ser evaluada por un profesional sanitario lo antes posible. Durante el examen del c\u00e1ncer oral, el dentista y el higienista dental examinar\u00e1n cuidadosamente las regiones maxilofacial y oral en busca de signos de cambios patol\u00f3gicos.<\/p>\n<p style=\"text-align: left;\" align=\"left\">Los siguientes signos se investigar\u00e1n durante un examen rutinario de c\u00e1ncer oral:<\/p>\n<ul>\n<li style=\"text-align: left;\">\n<div align=\"left\">Manchas rojas <strong>y llagas<\/strong> &#8211; Las manchas rojas en el suelo de la boca, la parte anterior y los lados de la lengua, las manchas blancas o rosadas que no cicatrizan y las llagas de cicatrizaci\u00f3n lenta que sangran con facilidad pueden ser indicativas de cambios patol\u00f3gicos (cancerosos).<\/div>\n<\/li>\n<li style=\"text-align: left;\">\n<div align=\"left\"><strong>Leucoplasia<\/strong> &#8211; Se trata de una lesi\u00f3n endurecida de color blanco o gris, ligeramente elevada, que puede aparecer en cualquier parte del interior de la boca. La leucoplasia puede ser cancerosa o convertirse en cancerosa si no se busca tratamiento.<\/div>\n<\/li>\n<li>\n<div style=\"text-align: left;\" align=\"left\"><strong>Bultos<\/strong> &#8211; El dolor, los bultos o el engrosamiento general del tejido en cualquier parte de la garganta o la boca pueden ser se\u00f1al de problemas patol\u00f3gicos.<\/div>\n<\/li>\n<\/ul>\n<\/div><div class=\"fusion-clearfix\"><\/div><\/div><\/div><div class=\"fusion-layout-column fusion_builder_column fusion-builder-column-1 fusion_builder_column_1_2 1_2 fusion-one-half fusion-column-last\" style=\"--awb-bg-size:cover;width:50%;width:calc(50% - ( ( 4% ) * 0.5 ) );\"><div class=\"fusion-column-wrapper fusion-column-has-shadow fusion-flex-column-wrapper-legacy\"><div class=\"fusion-text fusion-text-3\"><h2 align=\"left\">Ex\u00e1menes, diagn\u00f3stico y tratamiento del c\u00e1ncer oral<\/h2>\n<p style=\"text-align: left;\" align=\"left\">El examen del c\u00e1ncer oral es un proceso completamente indoloro. Durante la parte visual del examen, el dentista buscar\u00e1 anomal\u00edas y palpar\u00e1 la cara, los ganglios y el cuello en busca de bultos inusuales. Los l\u00e1seres que pueden resaltar los cambios patol\u00f3gicos tambi\u00e9n son una herramienta maravillosa para los controles del c\u00e1ncer oral. El l\u00e1ser puede \u00abbuscar\u00bb bajo la superficie signos y lesiones anormales que ser\u00edan invisibles a simple vista.<\/p>\n<p style=\"text-align: left;\" align=\"left\">Si se aprecian anomal\u00edas, lesiones, leucoplasia o bultos, el dentista realizar\u00e1 una impresi\u00f3n diagn\u00f3stica y un plan de tratamiento. En caso de que el plan de tratamiento inicial sea ineficaz, se realizar\u00e1 una biopsia de la zona. La biopsia incluye una evaluaci\u00f3n cl\u00ednica que identificar\u00e1 el estadio y el grado precisos de la lesi\u00f3n oral.<\/p>\n<p style=\"text-align: left;\" align=\"left\">Se considera que hay c\u00e1ncer oral cuando se ha roto la membrana basal del epitelio. Los tipos malignos de c\u00e1ncer pueden extenderse f\u00e1cilmente a otros lugares de las regiones oral y maxilofacial, lo que supone amenazas secundarias adicionales. Los m\u00e9todos de tratamiento var\u00edan en funci\u00f3n del diagn\u00f3stico preciso, pero pueden incluir escisi\u00f3n, radioterapia y quimioterapia.<\/p>\n<p style=\"text-align: left;\" align=\"left\">Durante las revisiones semestrales, el dentista y el higienista buscar\u00e1n minuciosamente cambios y lesiones en la boca, pero al menos una vez al a\u00f1o deber\u00eda realizarse un cribado exhaustivo del c\u00e1ncer oral.<\/p>\n<\/div><div class=\"fusion-clearfix\"><\/div><\/div><\/div><\/div><\/div><div class=\"fusion-fullwidth fullwidth-box fusion-builder-row-2 nonhundred-percent-fullwidth non-hundred-percent-height-scrolling\" style=\"--awb-border-radius-top-left:0px;--awb-border-radius-top-right:0px;--awb-border-radius-bottom-right:0px;--awb-border-radius-bottom-left:0px;--awb-flex-wrap:wrap;\" ><div class=\"fusion-builder-row fusion-row\"><div class=\"fusion-layout-column fusion_builder_column fusion-builder-column-2 fusion_builder_column_1_2 1_2 fusion-one-half fusion-column-first\" style=\"--awb-bg-size:cover;width:50%;width:calc(50% - ( ( 4% ) * 0.5 ) );margin-right: 4%;\"><div class=\"fusion-column-wrapper fusion-column-has-shadow fusion-flex-column-wrapper-legacy\"><div class=\"fusion-clearfix\"><\/div><\/div><\/div><div class=\"fusion-layout-column fusion_builder_column fusion-builder-column-3 fusion_builder_column_1_2 1_2 fusion-one-half fusion-column-last\" style=\"--awb-bg-size:cover;width:50%;width:calc(50% - ( ( 4% ) * 0.5 ) );\"><div class=\"fusion-column-wrapper fusion-column-has-shadow fusion-flex-column-wrapper-legacy\"><div class=\"fusion-clearfix\"><\/div><\/div><\/div><\/div><\/div><div class=\"fusion-bg-parallax\" data-bg-align=\"center center\" data-direction=\"right\" data-mute=\"false\" data-opacity=\"100\" data-velocity=\"-0.8\" data-mobile-enabled=\"false\" data-break_parents=\"0\" data-bg-image=\"https:\/\/friendlysmilesdental.com\/wp-content\/uploads\/2020\/01\/best-san-luis-obispo-dentist.jpg\" data-bg-repeat=\"false\" ><\/div><div class=\"fusion-fullwidth fullwidth-box fusion-builder-row-3 fusion-parallax-right nonhundred-percent-fullwidth non-hundred-percent-height-scrolling lazyload\" style=\"--awb-border-radius-top-left:0px;--awb-border-radius-top-right:0px;--awb-border-radius-bottom-right:0px;--awb-border-radius-bottom-left:0px;--awb-padding-top:40px;--awb-padding-bottom:50px;--awb-background-size:cover;--awb-flex-wrap:wrap;\" data-bg=\"https:\/\/friendlysmilesdental.com\/wp-content\/uploads\/2020\/01\/best-san-luis-obispo-dentist.jpg\" ><div class=\"fusion-builder-row fusion-row\"><div class=\"fusion-layout-column fusion_builder_column fusion-builder-column-4 fusion_builder_column_1_1 1_1 fusion-one-full fusion-column-first fusion-column-last\" style=\"--awb-bg-size:cover;--awb-margin-top:3%;--awb-margin-bottom:3%;\"><div class=\"fusion-column-wrapper fusion-column-has-shadow fusion-flex-column-wrapper-legacy\"><div class=\"fusion-text fusion-text-4\"><h2 style=\"text-align: center;\"><span style=\"color: #ffffff;\">\u00bfListo para sonre\u00edr?<\/span><\/h2>\n<\/div><div class=\"fusion-sep-clear\"><\/div><div class=\"fusion-separator fusion-full-width-sep\" style=\"margin-left: auto;margin-right: auto;margin-top:15px;width:100%;\"><\/div><div class=\"fusion-sep-clear\"><\/div><div class=\"fusion-aligncenter\"><a class=\"fusion-button button-flat fusion-button-default-size button-custom fusion-button-default button-1 fusion-button-default-span fusion-button-default-type\" style=\"--button_accent_color:#ffffff;--button_accent_hover_color:#6487c2;--button_border_hover_color:#6487c2;--button_gradient_top_color:#4fc3a3;--button_gradient_bottom_color:#4fc3a3;--button_gradient_top_color_hover:#ffffff;--button_gradient_bottom_color_hover:#ffffff;\" target=\"_self\" href=\"https:\/\/friendlysmilesdental.com\/es\/reservar-cita\/\"><i class=\"fa-plus fas button-icon-left\" aria-hidden=\"true\"><\/i><span class=\"fusion-button-text\">Solicitar una cita<\/span><\/a><\/div><div class=\"fusion-sep-clear\"><\/div><div class=\"fusion-separator fusion-full-width-sep\" style=\"margin-left: auto;margin-right: auto;margin-top:15px;width:100%;\"><\/div><div class=\"fusion-sep-clear\"><\/div><div class=\"fusion-text fusion-text-5\"><h3 style=\"text-align: center;\"><span style=\"color: #ffffff;\">Estamos orgullosos de aceptar Medi-Cal y tomar la mayor\u00eda de las formas de seguro en todas nuestras oficinas dentales.<\/span><\/h3>\n<\/div><div class=\"fusion-clearfix\"><\/div><\/div><\/div><\/div><\/div><\/p>\n","protected":false},"excerpt":{"rendered":"","protected":false},"author":4,"featured_media":0,"parent":0,"menu_order":0,"comment_status":"closed","ping_status":"open","template":"100-width.php","meta":{"footnotes":""},"yoast_head":"<!-- This site is optimized with the Yoast SEO plugin v23.9 - https:\/\/yoast.com\/wordpress\/plugins\/seo\/ -->\n<title>Examen de C\u00e1ncer Oral | Central Coast Dentist Friendly Smiles<\/title>\n<meta name=\"description\" content=\"El examen del c\u00e1ncer oral es un proceso completamente indoloro. Durante la parte visual del examen, el dentista buscar\u00e1 anomal\u00edas.\" \/>\n<meta name=\"robots\" content=\"index, follow, max-snippet:-1, max-image-preview:large, max-video-preview:-1\" \/>\n<link rel=\"canonical\" href=\"https:\/\/friendlysmilesdental.com\/es\/examen-del-cancer-oral\/\" \/>\n<meta property=\"og:locale\" content=\"es_ES\" \/>\n<meta property=\"og:type\" content=\"article\" \/>\n<meta property=\"og:title\" content=\"Examen de C\u00e1ncer Oral | Central Coast Dentist Friendly Smiles\" \/>\n<meta property=\"og:description\" content=\"El examen del c\u00e1ncer oral es un proceso completamente indoloro. Durante la parte visual del examen, el dentista buscar\u00e1 anomal\u00edas.\" \/>\n<meta property=\"og:url\" content=\"https:\/\/friendlysmilesdental.com\/es\/examen-del-cancer-oral\/\" \/>\n<meta property=\"og:site_name\" content=\"Friendly Smiles Dental\" \/>\n<meta property=\"article:modified_time\" content=\"2024-04-09T23:28:21+00:00\" \/>\n<meta name=\"twitter:card\" content=\"summary_large_image\" \/>\n<meta name=\"twitter:label1\" content=\"Tiempo de lectura\" \/>\n\t<meta name=\"twitter:data1\" content=\"10 minutos\" \/>\n<script type=\"application\/ld+json\" class=\"yoast-schema-graph\">{\"@context\":\"https:\/\/schema.org\",\"@graph\":[{\"@type\":\"WebPage\",\"@id\":\"https:\/\/friendlysmilesdental.com\/es\/examen-del-cancer-oral\/\",\"url\":\"https:\/\/friendlysmilesdental.com\/es\/examen-del-cancer-oral\/\",\"name\":\"Examen de C\u00e1ncer Oral | Central Coast Dentist Friendly Smiles\",\"isPartOf\":{\"@id\":\"https:\/\/friendlysmilesdental.com\/es\/#website\"},\"datePublished\":\"2019-10-30T06:54:35+00:00\",\"dateModified\":\"2024-04-09T23:28:21+00:00\",\"description\":\"El examen del c\u00e1ncer oral es un proceso completamente indoloro. Durante la parte visual del examen, el dentista buscar\u00e1 anomal\u00edas.\",\"breadcrumb\":{\"@id\":\"https:\/\/friendlysmilesdental.com\/es\/examen-del-cancer-oral\/#breadcrumb\"},\"inLanguage\":\"es\",\"potentialAction\":[{\"@type\":\"ReadAction\",\"target\":[\"https:\/\/friendlysmilesdental.com\/es\/examen-del-cancer-oral\/\"]}]},{\"@type\":\"BreadcrumbList\",\"@id\":\"https:\/\/friendlysmilesdental.com\/es\/examen-del-cancer-oral\/#breadcrumb\",\"itemListElement\":[{\"@type\":\"ListItem\",\"position\":1,\"name\":\"Home\",\"item\":\"https:\/\/friendlysmilesdental.com\/es\/inicio\/\"},{\"@type\":\"ListItem\",\"position\":2,\"name\":\"Examen del c\u00e1ncer oral\"}]},{\"@type\":\"WebSite\",\"@id\":\"https:\/\/friendlysmilesdental.com\/es\/#website\",\"url\":\"https:\/\/friendlysmilesdental.com\/es\/\",\"name\":\"Friendly Smiles Dental\",\"description\":\"Santa Maria Dentists | San Luis Obispo Dentists | King City Dentists\",\"potentialAction\":[{\"@type\":\"SearchAction\",\"target\":{\"@type\":\"EntryPoint\",\"urlTemplate\":\"https:\/\/friendlysmilesdental.com\/es\/?s={search_term_string}\"},\"query-input\":{\"@type\":\"PropertyValueSpecification\",\"valueRequired\":true,\"valueName\":\"search_term_string\"}}],\"inLanguage\":\"es\"}]}<\/script>\n<!-- \/ Yoast SEO plugin. -->","yoast_head_json":{"title":"Examen de C\u00e1ncer Oral | Central Coast Dentist Friendly Smiles","description":"El examen del c\u00e1ncer oral es un proceso completamente indoloro. Durante la parte visual del examen, el dentista buscar\u00e1 anomal\u00edas.","robots":{"index":"index","follow":"follow","max-snippet":"max-snippet:-1","max-image-preview":"max-image-preview:large","max-video-preview":"max-video-preview:-1"},"canonical":"https:\/\/friendlysmilesdental.com\/es\/examen-del-cancer-oral\/","og_locale":"es_ES","og_type":"article","og_title":"Examen de C\u00e1ncer Oral | Central Coast Dentist Friendly Smiles","og_description":"El examen del c\u00e1ncer oral es un proceso completamente indoloro. Durante la parte visual del examen, el dentista buscar\u00e1 anomal\u00edas.","og_url":"https:\/\/friendlysmilesdental.com\/es\/examen-del-cancer-oral\/","og_site_name":"Friendly Smiles Dental","article_modified_time":"2024-04-09T23:28:21+00:00","twitter_card":"summary_large_image","twitter_misc":{"Tiempo de lectura":"10 minutos"},"schema":{"@context":"https:\/\/schema.org","@graph":[{"@type":"WebPage","@id":"https:\/\/friendlysmilesdental.com\/es\/examen-del-cancer-oral\/","url":"https:\/\/friendlysmilesdental.com\/es\/examen-del-cancer-oral\/","name":"Examen de C\u00e1ncer Oral | Central Coast Dentist Friendly Smiles","isPartOf":{"@id":"https:\/\/friendlysmilesdental.com\/es\/#website"},"datePublished":"2019-10-30T06:54:35+00:00","dateModified":"2024-04-09T23:28:21+00:00","description":"El examen del c\u00e1ncer oral es un proceso completamente indoloro. Durante la parte visual del examen, el dentista buscar\u00e1 anomal\u00edas.","breadcrumb":{"@id":"https:\/\/friendlysmilesdental.com\/es\/examen-del-cancer-oral\/#breadcrumb"},"inLanguage":"es","potentialAction":[{"@type":"ReadAction","target":["https:\/\/friendlysmilesdental.com\/es\/examen-del-cancer-oral\/"]}]},{"@type":"BreadcrumbList","@id":"https:\/\/friendlysmilesdental.com\/es\/examen-del-cancer-oral\/#breadcrumb","itemListElement":[{"@type":"ListItem","position":1,"name":"Home","item":"https:\/\/friendlysmilesdental.com\/es\/inicio\/"},{"@type":"ListItem","position":2,"name":"Examen del c\u00e1ncer oral"}]},{"@type":"WebSite","@id":"https:\/\/friendlysmilesdental.com\/es\/#website","url":"https:\/\/friendlysmilesdental.com\/es\/","name":"Friendly Smiles Dental","description":"Santa Maria Dentists | San Luis Obispo Dentists | King City Dentists","potentialAction":[{"@type":"SearchAction","target":{"@type":"EntryPoint","urlTemplate":"https:\/\/friendlysmilesdental.com\/es\/?s={search_term_string}"},"query-input":{"@type":"PropertyValueSpecification","valueRequired":true,"valueName":"search_term_string"}}],"inLanguage":"es"}]}},"_links":{"self":[{"href":"https:\/\/friendlysmilesdental.com\/es\/wp-json\/wp\/v2\/pages\/3097"}],"collection":[{"href":"https:\/\/friendlysmilesdental.com\/es\/wp-json\/wp\/v2\/pages"}],"about":[{"href":"https:\/\/friendlysmilesdental.com\/es\/wp-json\/wp\/v2\/types\/page"}],"author":[{"embeddable":true,"href":"https:\/\/friendlysmilesdental.com\/es\/wp-json\/wp\/v2\/users\/4"}],"replies":[{"embeddable":true,"href":"https:\/\/friendlysmilesdental.com\/es\/wp-json\/wp\/v2\/comments?post=3097"}],"version-history":[{"count":2,"href":"https:\/\/friendlysmilesdental.com\/es\/wp-json\/wp\/v2\/pages\/3097\/revisions"}],"predecessor-version":[{"id":3099,"href":"https:\/\/friendlysmilesdental.com\/es\/wp-json\/wp\/v2\/pages\/3097\/revisions\/3099"}],"wp:attachment":[{"href":"https:\/\/friendlysmilesdental.com\/es\/wp-json\/wp\/v2\/media?parent=3097"}],"curies":[{"name":"wp","href":"https:\/\/api.w.org\/{rel}","templated":true}]}}