{"id":3103,"date":"2019-10-30T07:04:30","date_gmt":"2019-10-30T07:04:30","guid":{"rendered":"https:\/\/friendlysmilesdental.com\/procedimientos-regenerativos\/"},"modified":"2024-04-09T23:29:16","modified_gmt":"2024-04-09T23:29:16","slug":"procedimientos-regenerativos","status":"publish","type":"page","link":"https:\/\/friendlysmilesdental.com\/es\/procedimientos-regenerativos\/","title":{"rendered":"Procedimientos regenerativos"},"content":{"rendered":"<p><div class=\"fusion-fullwidth fullwidth-box fusion-builder-row-1 nonhundred-percent-fullwidth non-hundred-percent-height-scrolling\" style=\"--awb-border-radius-top-left:0px;--awb-border-radius-top-right:0px;--awb-border-radius-bottom-right:0px;--awb-border-radius-bottom-left:0px;--awb-flex-wrap:wrap;\" ><div class=\"fusion-builder-row fusion-row\"><div class=\"fusion-layout-column fusion_builder_column fusion-builder-column-0 fusion_builder_column_1_2 1_2 fusion-one-half fusion-column-first\" style=\"--awb-bg-size:cover;width:50%;width:calc(50% - ( ( 4% ) * 0.5 ) );margin-right: 4%;\"><div class=\"fusion-column-wrapper fusion-column-has-shadow fusion-flex-column-wrapper-legacy\"><div class=\"fusion-text fusion-text-1\"><h1 align=\"left\">Procedimientos regenerativos<\/h1>\n<\/div><div class=\"fusion-sep-clear\"><\/div><div class=\"fusion-separator fusion-clearfix\" style=\"float:left;margin-top:22px;margin-bottom:25px;width:100%;max-width:100px;\"><div class=\"fusion-separator-border sep-single sep-solid\" style=\"--awb-height:20px;--awb-amount:20px;--awb-sep-color:#6589c0;border-color:#6589c0;border-top-width:2px;\"><\/div><\/div><div class=\"fusion-sep-clear\"><\/div><div class=\"fusion-text fusion-text-2\"><p style=\"text-align: left;\" align=\"left\">La enfermedad periodontal es una afecci\u00f3n progresiva extremadamente grave que puede provocar la p\u00e9rdida de dientes si no se trata. La enfermedad periodontal se produce cuando una infecci\u00f3n bacteriana en las bolsas de las enc\u00edas hace que el hueso y el tejido gingival se separen de los dientes. La calidad y cantidad de hueso y tejido gingival se reducen considerablemente a medida que las bolsas de las enc\u00edas siguen profundizando. Afortunadamente, un diagn\u00f3stico precoz combinado con procedimientos regenerativos eficaces puede detener la progresi\u00f3n de la enfermedad y salvar los dientes.<\/p>\n<p style=\"text-align: left;\" align=\"left\">Existen muchos procedimientos dentales regenerativos para devolver la salud a las enc\u00edas, el hueso y los dientes. A continuaci\u00f3n se enumeran los procedimientos regenerativos m\u00e1s utilizados:<\/p>\n<h2 align=\"justify\">Regeneraci\u00f3n \u00f3sea<\/h2>\n<p style=\"text-align: left;\" align=\"left\">Los implantes dentales y otros procedimientos restauradores dependen de que el hueso maxilar sea lo suficientemente fuerte y grueso. Cuando la enfermedad periodontal se ha arraigado, el hueso maxilar puede haberse vuelto demasiado fino para soportar con \u00e9xito un implante. La regeneraci\u00f3n \u00f3sea natural (o injerto \u00f3seo) es una de las mejores formas de promover el crecimiento y engrosar el hueso maxilar.<\/p>\n<p style=\"text-align: left;\" align=\"left\">Inicialmente, el material de injerto \u00f3seo se obtiene de otra parte del cuerpo o de un banco de huesos. Las enc\u00edas se retraen suavemente y se realiza una abertura en el hueso maxilar, donde el material de injerto se empaquetar\u00e1 firmemente. Se utiliza una membrana para mantener la forma del hueso nuevo, y pueden aplicarse prote\u00ednas estimulantes del tejido y un factor de crecimiento rico en plaquetas para acelerar la cicatrizaci\u00f3n. La zona quir\u00fargica se sutura y se rellena con material protector. El hueso se regenerar\u00e1 de forma natural y ser\u00e1 lo suficientemente fuerte como para soportar un implante.<\/p>\n<h2 align=\"left\">Regeneraci\u00f3n del tejido gingival<\/h2>\n<p style=\"text-align: left;\" align=\"left\">La regeneraci\u00f3n del tejido gingival suele realizarse mediante injertos de enc\u00eda. Cuando se ha perdido tejido gingival como consecuencia de una enfermedad periodontal, la sonrisa puede parecer descolorida, dentada o desagradable. El objetivo de un injerto de enc\u00eda es contornear sim\u00e9tricamente la l\u00ednea de la enc\u00eda, cubrir las ra\u00edces dentales expuestas y restaurar la salud de las enc\u00edas. Inicialmente, se extraer\u00e1 una peque\u00f1a tira de tejido del paladar y se colocar\u00e1 en el centro de una incisi\u00f3n de grosor parcial en la zona receptora. La zona quir\u00fargica se cubrir\u00e1 con una membrana protectora que favorece la regeneraci\u00f3n tisular, se recubrir\u00e1 de factor de crecimiento rico en plaquetas y prote\u00ednas estimulantes del tejido y, a continuaci\u00f3n, se suturar\u00e1 para cerrarla. El tejido blando que rodea los dientes se regenerar\u00e1 de forma natural, produciendo una sonrisa sana.<\/p>\n<\/div><div class=\"fusion-clearfix\"><\/div><\/div><\/div><div class=\"fusion-layout-column fusion_builder_column fusion-builder-column-1 fusion_builder_column_1_2 1_2 fusion-one-half fusion-column-last\" style=\"--awb-bg-size:cover;width:50%;width:calc(50% - ( ( 4% ) * 0.5 ) );\"><div class=\"fusion-column-wrapper fusion-column-has-shadow fusion-flex-column-wrapper-legacy\"><div class=\"fusion-text fusion-text-3\"><h2 align=\"left\">Cirug\u00eda de reducci\u00f3n de bolsas<\/h2>\n<p style=\"text-align: left;\" align=\"left\">El objetivo de la cirug\u00eda de reducci\u00f3n de bolsas es reducir la profundidad de las bolsas de las enc\u00edas y dificultar en gran medida que las bacterias invadan el tejido gingival. Inicialmente, se retira el tejido gingival de los dientes y se limpia a fondo la zona subgingival con anestesia local. Puede ser necesario un raspado exhaustivo para eliminar por completo la placa, los restos y el sarro de debajo de la l\u00ednea de las enc\u00edas. A continuaci\u00f3n, puede aplicarse un agente antimicrobiano en la zona afectada para eliminar las bacterias restantes y se sutura la zona quir\u00fargica. La cirug\u00eda de reducci\u00f3n de bolsas es muy eficaz para detener la p\u00e9rdida de tejido y favorecer la cicatrizaci\u00f3n natural de las enc\u00edas.<\/p>\n<h2 align=\"left\">Raspado y alisado radicular<\/h2>\n<p style=\"text-align: left;\" align=\"left\">El t\u00e9rmino \u00abraspado\u00bb se refiere a la eliminaci\u00f3n de la placa y el sarro de la regi\u00f3n supragingival (por encima de la l\u00ednea de las enc\u00edas). Este tratamiento suele realizarse en el transcurso de una limpieza profesional rutinaria, y se lleva a cabo con anestesia local. El alisado radicular suele acompa\u00f1ar al raspado y se realiza en la regi\u00f3n subgingival (por debajo de la l\u00ednea de las enc\u00edas). Inicialmente se eliminan el sarro y las toxinas y, a continuaci\u00f3n, se alisa la ra\u00edz del diente para favorecer una buena cicatrizaci\u00f3n del tejido gingival. El alisado de la ra\u00edz del diente proporciona una zona lisa que impide la recolonizaci\u00f3n de bacterias. Si estos procedimientos no erradican por completo la infecci\u00f3n, pueden ser necesarias medidas quir\u00fargicas.<\/p>\n<\/div><div class=\"fusion-clearfix\"><\/div><\/div><\/div><\/div><\/div><div class=\"fusion-fullwidth fullwidth-box fusion-builder-row-2 nonhundred-percent-fullwidth non-hundred-percent-height-scrolling\" style=\"--awb-border-radius-top-left:0px;--awb-border-radius-top-right:0px;--awb-border-radius-bottom-right:0px;--awb-border-radius-bottom-left:0px;--awb-flex-wrap:wrap;\" ><div class=\"fusion-builder-row fusion-row\"><div class=\"fusion-layout-column fusion_builder_column fusion-builder-column-2 fusion_builder_column_1_2 1_2 fusion-one-half fusion-column-first\" style=\"--awb-bg-size:cover;width:50%;width:calc(50% - ( ( 4% ) * 0.5 ) );margin-right: 4%;\"><div class=\"fusion-column-wrapper fusion-column-has-shadow fusion-flex-column-wrapper-legacy\"><div class=\"fusion-clearfix\"><\/div><\/div><\/div><div class=\"fusion-layout-column fusion_builder_column fusion-builder-column-3 fusion_builder_column_1_2 1_2 fusion-one-half fusion-column-last\" style=\"--awb-bg-size:cover;width:50%;width:calc(50% - ( ( 4% ) * 0.5 ) );\"><div class=\"fusion-column-wrapper fusion-column-has-shadow fusion-flex-column-wrapper-legacy\"><div class=\"fusion-clearfix\"><\/div><\/div><\/div><\/div><\/div><div class=\"fusion-bg-parallax\" data-bg-align=\"center center\" data-direction=\"right\" data-mute=\"false\" data-opacity=\"100\" data-velocity=\"-0.8\" data-mobile-enabled=\"false\" data-break_parents=\"0\" data-bg-image=\"https:\/\/friendlysmilesdental.com\/wp-content\/uploads\/2020\/01\/best-san-luis-obispo-dentist.jpg\" data-bg-repeat=\"false\" ><\/div><div class=\"fusion-fullwidth fullwidth-box fusion-builder-row-3 fusion-parallax-right nonhundred-percent-fullwidth non-hundred-percent-height-scrolling lazyload\" style=\"--awb-border-radius-top-left:0px;--awb-border-radius-top-right:0px;--awb-border-radius-bottom-right:0px;--awb-border-radius-bottom-left:0px;--awb-padding-top:40px;--awb-padding-bottom:50px;--awb-background-size:cover;--awb-flex-wrap:wrap;\" data-bg=\"https:\/\/friendlysmilesdental.com\/wp-content\/uploads\/2020\/01\/best-san-luis-obispo-dentist.jpg\" ><div class=\"fusion-builder-row fusion-row\"><div class=\"fusion-layout-column fusion_builder_column fusion-builder-column-4 fusion_builder_column_1_1 1_1 fusion-one-full fusion-column-first fusion-column-last\" style=\"--awb-bg-size:cover;--awb-margin-top:3%;--awb-margin-bottom:3%;\"><div class=\"fusion-column-wrapper fusion-column-has-shadow fusion-flex-column-wrapper-legacy\"><div class=\"fusion-text fusion-text-4\"><h2 style=\"text-align: center;\"><span style=\"color: #ffffff;\">\u00bfListo para sonre\u00edr?<\/span><\/h2>\n<\/div><div class=\"fusion-sep-clear\"><\/div><div class=\"fusion-separator fusion-full-width-sep\" style=\"margin-left: auto;margin-right: auto;margin-top:15px;width:100%;\"><\/div><div class=\"fusion-sep-clear\"><\/div><div class=\"fusion-aligncenter\"><a class=\"fusion-button button-flat fusion-button-default-size button-custom fusion-button-default button-1 fusion-button-default-span fusion-button-default-type\" style=\"--button_accent_color:#ffffff;--button_accent_hover_color:#6487c2;--button_border_hover_color:#6487c2;--button_gradient_top_color:#4fc3a3;--button_gradient_bottom_color:#4fc3a3;--button_gradient_top_color_hover:#ffffff;--button_gradient_bottom_color_hover:#ffffff;\" target=\"_self\" href=\"https:\/\/friendlysmilesdental.com\/es\/reservar-cita\/\"><i class=\"fa-plus fas button-icon-left\" aria-hidden=\"true\"><\/i><span class=\"fusion-button-text\">Solicitar una cita<\/span><\/a><\/div><div class=\"fusion-sep-clear\"><\/div><div class=\"fusion-separator fusion-full-width-sep\" style=\"margin-left: auto;margin-right: auto;margin-top:15px;width:100%;\"><\/div><div class=\"fusion-sep-clear\"><\/div><div class=\"fusion-text fusion-text-5\"><h3 style=\"text-align: center;\"><span style=\"color: #ffffff;\">Estamos orgullosos de aceptar Medi-Cal y tomar la mayor\u00eda de las formas de seguro en todas nuestras oficinas dentales.<\/span><\/h3>\n<\/div><div class=\"fusion-clearfix\"><\/div><\/div><\/div><\/div><\/div><\/p>\n","protected":false},"excerpt":{"rendered":"","protected":false},"author":4,"featured_media":0,"parent":0,"menu_order":0,"comment_status":"closed","ping_status":"open","template":"100-width.php","meta":{"footnotes":""},"yoast_head":"<!-- This site is optimized with the Yoast SEO plugin v23.9 - https:\/\/yoast.com\/wordpress\/plugins\/seo\/ -->\n<title>Procedimientos Regenerativos | Central Coast Dentist Friendly Smiles<\/title>\n<meta name=\"description\" content=\"Existen muchos procedimientos regenerativos para devolver la salud a las enc\u00edas, el hueso y los dientes.\" \/>\n<meta name=\"robots\" content=\"index, follow, max-snippet:-1, max-image-preview:large, max-video-preview:-1\" \/>\n<link rel=\"canonical\" href=\"https:\/\/friendlysmilesdental.com\/es\/procedimientos-regenerativos\/\" \/>\n<meta property=\"og:locale\" content=\"es_ES\" \/>\n<meta property=\"og:type\" content=\"article\" \/>\n<meta property=\"og:title\" content=\"Procedimientos Regenerativos | Central Coast Dentist Friendly Smiles\" \/>\n<meta property=\"og:description\" content=\"Existen muchos procedimientos regenerativos para devolver la salud a las enc\u00edas, el hueso y los dientes.\" \/>\n<meta property=\"og:url\" content=\"https:\/\/friendlysmilesdental.com\/es\/procedimientos-regenerativos\/\" \/>\n<meta property=\"og:site_name\" content=\"Friendly Smiles Dental\" \/>\n<meta property=\"article:modified_time\" content=\"2024-04-09T23:29:16+00:00\" \/>\n<meta name=\"twitter:card\" content=\"summary_large_image\" \/>\n<meta name=\"twitter:label1\" content=\"Tiempo de lectura\" \/>\n\t<meta name=\"twitter:data1\" content=\"11 minutos\" \/>\n<script type=\"application\/ld+json\" class=\"yoast-schema-graph\">{\"@context\":\"https:\/\/schema.org\",\"@graph\":[{\"@type\":\"WebPage\",\"@id\":\"https:\/\/friendlysmilesdental.com\/es\/procedimientos-regenerativos\/\",\"url\":\"https:\/\/friendlysmilesdental.com\/es\/procedimientos-regenerativos\/\",\"name\":\"Procedimientos Regenerativos | Central Coast Dentist Friendly Smiles\",\"isPartOf\":{\"@id\":\"https:\/\/friendlysmilesdental.com\/es\/#website\"},\"datePublished\":\"2019-10-30T07:04:30+00:00\",\"dateModified\":\"2024-04-09T23:29:16+00:00\",\"description\":\"Existen muchos procedimientos regenerativos para devolver la salud a las enc\u00edas, el hueso y los dientes.\",\"breadcrumb\":{\"@id\":\"https:\/\/friendlysmilesdental.com\/es\/procedimientos-regenerativos\/#breadcrumb\"},\"inLanguage\":\"es\",\"potentialAction\":[{\"@type\":\"ReadAction\",\"target\":[\"https:\/\/friendlysmilesdental.com\/es\/procedimientos-regenerativos\/\"]}]},{\"@type\":\"BreadcrumbList\",\"@id\":\"https:\/\/friendlysmilesdental.com\/es\/procedimientos-regenerativos\/#breadcrumb\",\"itemListElement\":[{\"@type\":\"ListItem\",\"position\":1,\"name\":\"Home\",\"item\":\"https:\/\/friendlysmilesdental.com\/es\/inicio\/\"},{\"@type\":\"ListItem\",\"position\":2,\"name\":\"Procedimientos regenerativos\"}]},{\"@type\":\"WebSite\",\"@id\":\"https:\/\/friendlysmilesdental.com\/es\/#website\",\"url\":\"https:\/\/friendlysmilesdental.com\/es\/\",\"name\":\"Friendly Smiles Dental\",\"description\":\"Santa Maria Dentists | San Luis Obispo Dentists | King City Dentists\",\"potentialAction\":[{\"@type\":\"SearchAction\",\"target\":{\"@type\":\"EntryPoint\",\"urlTemplate\":\"https:\/\/friendlysmilesdental.com\/es\/?s={search_term_string}\"},\"query-input\":{\"@type\":\"PropertyValueSpecification\",\"valueRequired\":true,\"valueName\":\"search_term_string\"}}],\"inLanguage\":\"es\"}]}<\/script>\n<!-- \/ Yoast SEO plugin. -->","yoast_head_json":{"title":"Procedimientos Regenerativos | Central Coast Dentist Friendly Smiles","description":"Existen muchos procedimientos regenerativos para devolver la salud a las enc\u00edas, el hueso y los dientes.","robots":{"index":"index","follow":"follow","max-snippet":"max-snippet:-1","max-image-preview":"max-image-preview:large","max-video-preview":"max-video-preview:-1"},"canonical":"https:\/\/friendlysmilesdental.com\/es\/procedimientos-regenerativos\/","og_locale":"es_ES","og_type":"article","og_title":"Procedimientos Regenerativos | Central Coast Dentist Friendly Smiles","og_description":"Existen muchos procedimientos regenerativos para devolver la salud a las enc\u00edas, el hueso y los dientes.","og_url":"https:\/\/friendlysmilesdental.com\/es\/procedimientos-regenerativos\/","og_site_name":"Friendly Smiles Dental","article_modified_time":"2024-04-09T23:29:16+00:00","twitter_card":"summary_large_image","twitter_misc":{"Tiempo de lectura":"11 minutos"},"schema":{"@context":"https:\/\/schema.org","@graph":[{"@type":"WebPage","@id":"https:\/\/friendlysmilesdental.com\/es\/procedimientos-regenerativos\/","url":"https:\/\/friendlysmilesdental.com\/es\/procedimientos-regenerativos\/","name":"Procedimientos Regenerativos | Central Coast Dentist Friendly Smiles","isPartOf":{"@id":"https:\/\/friendlysmilesdental.com\/es\/#website"},"datePublished":"2019-10-30T07:04:30+00:00","dateModified":"2024-04-09T23:29:16+00:00","description":"Existen muchos procedimientos regenerativos para devolver la salud a las enc\u00edas, el hueso y los dientes.","breadcrumb":{"@id":"https:\/\/friendlysmilesdental.com\/es\/procedimientos-regenerativos\/#breadcrumb"},"inLanguage":"es","potentialAction":[{"@type":"ReadAction","target":["https:\/\/friendlysmilesdental.com\/es\/procedimientos-regenerativos\/"]}]},{"@type":"BreadcrumbList","@id":"https:\/\/friendlysmilesdental.com\/es\/procedimientos-regenerativos\/#breadcrumb","itemListElement":[{"@type":"ListItem","position":1,"name":"Home","item":"https:\/\/friendlysmilesdental.com\/es\/inicio\/"},{"@type":"ListItem","position":2,"name":"Procedimientos regenerativos"}]},{"@type":"WebSite","@id":"https:\/\/friendlysmilesdental.com\/es\/#website","url":"https:\/\/friendlysmilesdental.com\/es\/","name":"Friendly Smiles Dental","description":"Santa Maria Dentists | San Luis Obispo Dentists | King City Dentists","potentialAction":[{"@type":"SearchAction","target":{"@type":"EntryPoint","urlTemplate":"https:\/\/friendlysmilesdental.com\/es\/?s={search_term_string}"},"query-input":{"@type":"PropertyValueSpecification","valueRequired":true,"valueName":"search_term_string"}}],"inLanguage":"es"}]}},"_links":{"self":[{"href":"https:\/\/friendlysmilesdental.com\/es\/wp-json\/wp\/v2\/pages\/3103"}],"collection":[{"href":"https:\/\/friendlysmilesdental.com\/es\/wp-json\/wp\/v2\/pages"}],"about":[{"href":"https:\/\/friendlysmilesdental.com\/es\/wp-json\/wp\/v2\/types\/page"}],"author":[{"embeddable":true,"href":"https:\/\/friendlysmilesdental.com\/es\/wp-json\/wp\/v2\/users\/4"}],"replies":[{"embeddable":true,"href":"https:\/\/friendlysmilesdental.com\/es\/wp-json\/wp\/v2\/comments?post=3103"}],"version-history":[{"count":2,"href":"https:\/\/friendlysmilesdental.com\/es\/wp-json\/wp\/v2\/pages\/3103\/revisions"}],"predecessor-version":[{"id":3105,"href":"https:\/\/friendlysmilesdental.com\/es\/wp-json\/wp\/v2\/pages\/3103\/revisions\/3105"}],"wp:attachment":[{"href":"https:\/\/friendlysmilesdental.com\/es\/wp-json\/wp\/v2\/media?parent=3103"}],"curies":[{"name":"wp","href":"https:\/\/api.w.org\/{rel}","templated":true}]}}