{"id":3106,"date":"2019-10-30T07:10:18","date_gmt":"2019-10-30T07:10:18","guid":{"rendered":"https:\/\/friendlysmilesdental.com\/tratamiento-antibiotico\/"},"modified":"2024-04-09T23:29:45","modified_gmt":"2024-04-09T23:29:45","slug":"tratamiento-antibiotico","status":"publish","type":"page","link":"https:\/\/friendlysmilesdental.com\/es\/tratamiento-antibiotico\/","title":{"rendered":"Tratamiento antibi\u00f3tico"},"content":{"rendered":"<p><div class=\"fusion-fullwidth fullwidth-box fusion-builder-row-1 nonhundred-percent-fullwidth non-hundred-percent-height-scrolling\" style=\"--awb-border-radius-top-left:0px;--awb-border-radius-top-right:0px;--awb-border-radius-bottom-right:0px;--awb-border-radius-bottom-left:0px;--awb-flex-wrap:wrap;\" ><div class=\"fusion-builder-row fusion-row\"><div class=\"fusion-layout-column fusion_builder_column fusion-builder-column-0 fusion_builder_column_1_2 1_2 fusion-one-half fusion-column-first\" style=\"--awb-bg-size:cover;width:50%;width:calc(50% - ( ( 4% ) * 0.5 ) );margin-right: 4%;\"><div class=\"fusion-column-wrapper fusion-column-has-shadow fusion-flex-column-wrapper-legacy\"><div class=\"fusion-text fusion-text-1\"><h1 align=\"left\">Tratamiento antibi\u00f3tico<\/h1>\n<\/div><div class=\"fusion-sep-clear\"><\/div><div class=\"fusion-separator fusion-clearfix\" style=\"float:left;margin-top:22px;margin-bottom:25px;width:100%;max-width:100px;\"><div class=\"fusion-separator-border sep-single sep-solid\" style=\"--awb-height:20px;--awb-amount:20px;--awb-sep-color:#6589c0;border-color:#6589c0;border-top-width:2px;\"><\/div><\/div><div class=\"fusion-sep-clear\"><\/div><div class=\"fusion-text fusion-text-2\"><p style=\"text-align: left;\" align=\"left\">La enfermedad periodontal es una afecci\u00f3n progresiva que conduce a una inflamaci\u00f3n grave y a la p\u00e9rdida de dientes si no se trata. Los tratamientos con antibi\u00f3ticos pueden utilizarse en combinaci\u00f3n con el raspado y alisado radicular, curetaje, cirug\u00eda o como tratamiento independiente para ayudar a reducir las bacterias antes y\/o despu\u00e9s de muchos procedimientos periodontales est\u00e1ndar.<\/p>\n<p style=\"text-align: left;\" align=\"left\">Existen varios tipos de tratamientos antibi\u00f3ticos, como las formas orales y los geles t\u00f3picos, que se aplican directamente en las bolsas de las enc\u00edas. Las investigaciones han demostrado que en el caso de la infecci\u00f3n periodontal aguda, la enfermedad periodontal refractaria, la enfermedad periodontal prepuberal y la enfermedad periodontal juvenil, los tratamientos con antibi\u00f3ticos han sido incre\u00edblemente eficaces.<\/p>\n<p style=\"text-align: left;\" align=\"left\">Los antibi\u00f3ticos pueden recetarse en dosis bajas para un uso a largo plazo, o como medicaci\u00f3n a corto plazo para impedir que las bacterias vuelvan a colonizar.<\/p>\n<h2 align=\"left\">Antibi\u00f3ticos orales<\/h2>\n<p style=\"text-align: left;\" align=\"left\">Los antibi\u00f3ticos orales pueden afectar a todo el cuerpo y se prescriben con menos frecuencia que el gel t\u00f3pico. A continuaci\u00f3n se ofrecen algunos detalles espec\u00edficos sobre distintos tipos de antibi\u00f3ticos orales:<\/p>\n<ul>\n<li style=\"text-align: left;\">\n<div align=\"left\"><strong>Antibi\u00f3ticos de tetraciclina<\/strong>: los antibi\u00f3ticos que incluyen clorhidrato de tetraciclina, doxiciclina y minociclina son los principales f\u00e1rmacos utilizados en el tratamiento periodontal. Tienen propiedades antibacterianas, reducen la inflamaci\u00f3n y bloquean la colagenasa (una prote\u00edna que destruye el tejido conjuntivo).<\/div>\n<\/li>\n<li style=\"text-align: left;\">\n<div align=\"left\"><strong>Antibi\u00f3ticos macr\u00f3lidos<\/strong> &#8211; Este grupo de antibi\u00f3ticos ha demostrado su eficacia para reducir la inflamaci\u00f3n y tambi\u00e9n puede reducir el crecimiento bacteriano asociado a la periodontitis.<\/div>\n<\/li>\n<li>\n<div style=\"text-align: left;\" align=\"left\"><strong>Metronidazol<\/strong> &#8211; Este antibi\u00f3tico se utiliza generalmente en combinaci\u00f3n con amoxicilina o tetraciclina para combatir la inflamaci\u00f3n y el crecimiento bacteriano en la periodontitis grave o cr\u00f3nica.<\/div>\n<\/li>\n<\/ul>\n<\/div><div class=\"fusion-clearfix\"><\/div><\/div><\/div><div class=\"fusion-layout-column fusion_builder_column fusion-builder-column-1 fusion_builder_column_1_2 1_2 fusion-one-half fusion-column-last\" style=\"--awb-bg-size:cover;width:50%;width:calc(50% - ( ( 4% ) * 0.5 ) );\"><div class=\"fusion-column-wrapper fusion-column-has-shadow fusion-flex-column-wrapper-legacy\"><div class=\"fusion-text fusion-text-3\"><h2 align=\"left\">Geles y tiras t\u00f3picas<\/h2>\n<p style=\"text-align: left;\" align=\"left\">La mayor ventaja de la administraci\u00f3n directa de antibi\u00f3ticos a la superficie de las enc\u00edas es que no afecta a todo el organismo. Los geles t\u00f3picos y los m\u00e9todos de administraci\u00f3n directa tienden a preferirse a sus hom\u00f3logos orales y son extremadamente eficaces cuando se utilizan despu\u00e9s de procedimientos de raspado y alisado radicular. Estos son algunos de los antibi\u00f3ticos de administraci\u00f3n directa m\u00e1s utilizados:<\/p>\n<ul>\n<li style=\"text-align: left;\">\n<div align=\"left\"><strong><sup>Atridox\u00ae<\/sup><\/strong> &#8211; Este gel de doxiciclina se adapta a los contornos de las superficies de las enc\u00edas y se solidifica sobre ellas. A lo largo de varios d\u00edas, este gel libera gradualmente la medicaci\u00f3n antibi\u00f3tica.<\/div>\n<\/li>\n<li style=\"text-align: left;\">\n<div align=\"left\"><strong><sup>PerioChip\u00ae<\/sup><\/strong> &#8211; Este chip se coloca en la propia bolsa de la enc\u00eda tras el alisado radicular. PerioChip\u00ae libera lentamente clorhexidina, un potente antis\u00e9ptico antibacteriano. <sup>PerioChip\u00ae<\/sup> reduce la profundidad de las bolsas en la mayor\u00eda de los casos de periodontitis.<\/div>\n<\/li>\n<li style=\"text-align: left;\">\n<div align=\"left\"><strong><sup>Actisite\u00ae<\/sup><\/strong> &#8211; Esta fina tira es similar al hilo dental y contiene clorhidrato de tetraciclina. El hilo se coloca temporalmente directamente entre el diente y la enc\u00eda para eliminar las bacterias y reducir la profundidad de las bolsas de las enc\u00edas. A veces se colocan varios hilos durante unos 10 d\u00edas para potenciar el efecto antibi\u00f3tico.<\/div>\n<\/li>\n<li>\n<div style=\"text-align: left;\" align=\"left\"><strong><sup>Elyzol\u00ae<\/sup><\/strong> &#8211; Este antibi\u00f3tico metronidazol se presenta en forma de gel y tiras. Es \u00fanico porque es capaz de destruir tanto los par\u00e1sitos como las bacterias orales.<\/div>\n<\/li>\n<li>\n<div align=\"left\"><strong><sup>Arestin\u00ae<\/sup><\/strong> &#8211; Este antibi\u00f3tico minociclina se presenta en minic\u00e1psulas que se administran en las enc\u00edas tras el raspado y alisado radicular.<\/div>\n<\/li>\n<\/ul>\n<p align=\"left\">Suelen observarse mejoras periodontales notables tras el tratamiento con antibi\u00f3ticos sist\u00e9micos u orales. Su Periodoncista o dentista incorporar\u00e1 y recomendar\u00e1 los tratamientos antibi\u00f3ticos necesarios para la curaci\u00f3n de su enfermedad periodontal.<\/p>\n<\/div><div class=\"fusion-clearfix\"><\/div><\/div><\/div><\/div><\/div><div class=\"fusion-fullwidth fullwidth-box fusion-builder-row-2 nonhundred-percent-fullwidth non-hundred-percent-height-scrolling\" style=\"--awb-border-radius-top-left:0px;--awb-border-radius-top-right:0px;--awb-border-radius-bottom-right:0px;--awb-border-radius-bottom-left:0px;--awb-flex-wrap:wrap;\" ><div class=\"fusion-builder-row fusion-row\"><div class=\"fusion-layout-column fusion_builder_column fusion-builder-column-2 fusion_builder_column_1_2 1_2 fusion-one-half fusion-column-first\" style=\"--awb-bg-size:cover;width:50%;width:calc(50% - ( ( 4% ) * 0.5 ) );margin-right: 4%;\"><div class=\"fusion-column-wrapper fusion-column-has-shadow fusion-flex-column-wrapper-legacy\"><div class=\"fusion-clearfix\"><\/div><\/div><\/div><div class=\"fusion-layout-column fusion_builder_column fusion-builder-column-3 fusion_builder_column_1_2 1_2 fusion-one-half fusion-column-last\" style=\"--awb-bg-size:cover;width:50%;width:calc(50% - ( ( 4% ) * 0.5 ) );\"><div class=\"fusion-column-wrapper fusion-column-has-shadow fusion-flex-column-wrapper-legacy\"><div class=\"fusion-clearfix\"><\/div><\/div><\/div><\/div><\/div><div class=\"fusion-bg-parallax\" data-bg-align=\"center center\" data-direction=\"right\" data-mute=\"false\" data-opacity=\"100\" data-velocity=\"-0.8\" data-mobile-enabled=\"false\" data-break_parents=\"0\" data-bg-image=\"https:\/\/friendlysmilesdental.com\/wp-content\/uploads\/2020\/01\/best-san-luis-obispo-dentist.jpg\" data-bg-repeat=\"false\" ><\/div><div class=\"fusion-fullwidth fullwidth-box fusion-builder-row-3 fusion-parallax-right nonhundred-percent-fullwidth non-hundred-percent-height-scrolling lazyload\" style=\"--awb-border-radius-top-left:0px;--awb-border-radius-top-right:0px;--awb-border-radius-bottom-right:0px;--awb-border-radius-bottom-left:0px;--awb-padding-top:40px;--awb-padding-bottom:50px;--awb-background-size:cover;--awb-flex-wrap:wrap;\" data-bg=\"https:\/\/friendlysmilesdental.com\/wp-content\/uploads\/2020\/01\/best-san-luis-obispo-dentist.jpg\" ><div class=\"fusion-builder-row fusion-row\"><div class=\"fusion-layout-column fusion_builder_column fusion-builder-column-4 fusion_builder_column_1_1 1_1 fusion-one-full fusion-column-first fusion-column-last\" style=\"--awb-bg-size:cover;--awb-margin-top:3%;--awb-margin-bottom:3%;\"><div class=\"fusion-column-wrapper fusion-column-has-shadow fusion-flex-column-wrapper-legacy\"><div class=\"fusion-text fusion-text-4\"><h2 style=\"text-align: center;\"><span style=\"color: #ffffff;\">\u00bfListo para sonre\u00edr?<\/span><\/h2>\n<\/div><div class=\"fusion-sep-clear\"><\/div><div class=\"fusion-separator fusion-full-width-sep\" style=\"margin-left: auto;margin-right: auto;margin-top:15px;width:100%;\"><\/div><div class=\"fusion-sep-clear\"><\/div><div class=\"fusion-aligncenter\"><a class=\"fusion-button button-flat fusion-button-default-size button-custom fusion-button-default button-1 fusion-button-default-span fusion-button-default-type\" style=\"--button_accent_color:#ffffff;--button_accent_hover_color:#6487c2;--button_border_hover_color:#6487c2;--button_gradient_top_color:#4fc3a3;--button_gradient_bottom_color:#4fc3a3;--button_gradient_top_color_hover:#ffffff;--button_gradient_bottom_color_hover:#ffffff;\" target=\"_self\" href=\"https:\/\/friendlysmilesdental.com\/es\/reservar-cita\/\"><i class=\"fa-plus fas button-icon-left\" aria-hidden=\"true\"><\/i><span class=\"fusion-button-text\">Solicitar una cita<\/span><\/a><\/div><div class=\"fusion-sep-clear\"><\/div><div class=\"fusion-separator fusion-full-width-sep\" style=\"margin-left: auto;margin-right: auto;margin-top:15px;width:100%;\"><\/div><div class=\"fusion-sep-clear\"><\/div><div class=\"fusion-text fusion-text-5\"><h3 style=\"text-align: center;\"><span style=\"color: #ffffff;\">Estamos orgullosos de aceptar Medi-Cal y tomar la mayor\u00eda de las formas de seguro en todas nuestras oficinas dentales.<\/span><\/h3>\n<\/div><div class=\"fusion-clearfix\"><\/div><\/div><\/div><\/div><\/div><\/p>\n","protected":false},"excerpt":{"rendered":"","protected":false},"author":4,"featured_media":0,"parent":0,"menu_order":0,"comment_status":"closed","ping_status":"open","template":"100-width.php","meta":{"footnotes":""},"yoast_head":"<!-- This site is optimized with the Yoast SEO plugin v23.9 - https:\/\/yoast.com\/wordpress\/plugins\/seo\/ -->\n<title>Tratamiento Antibi\u00f3tico | Friendly Smiles Dental | Dentistas Costa Central<\/title>\n<meta name=\"description\" content=\"Los tratamientos con antibi\u00f3ticos dentales pueden utilizarse para reducir las bacterias antes y despu\u00e9s de los procedimientos periodontales est\u00e1ndar. Ll\u00e1menos para una consulta.\" \/>\n<meta name=\"robots\" content=\"index, follow, max-snippet:-1, max-image-preview:large, max-video-preview:-1\" \/>\n<link rel=\"canonical\" href=\"https:\/\/friendlysmilesdental.com\/es\/tratamiento-antibiotico\/\" \/>\n<meta property=\"og:locale\" content=\"es_ES\" \/>\n<meta property=\"og:type\" content=\"article\" \/>\n<meta property=\"og:title\" content=\"Tratamiento Antibi\u00f3tico | Friendly Smiles Dental | Dentistas Costa Central\" \/>\n<meta property=\"og:description\" content=\"Los tratamientos con antibi\u00f3ticos dentales pueden utilizarse para reducir las bacterias antes y despu\u00e9s de los procedimientos periodontales est\u00e1ndar. Ll\u00e1menos para una consulta.\" \/>\n<meta property=\"og:url\" content=\"https:\/\/friendlysmilesdental.com\/es\/tratamiento-antibiotico\/\" \/>\n<meta property=\"og:site_name\" content=\"Friendly Smiles Dental\" \/>\n<meta property=\"article:modified_time\" content=\"2024-04-09T23:29:45+00:00\" \/>\n<meta name=\"twitter:card\" content=\"summary_large_image\" \/>\n<meta name=\"twitter:label1\" content=\"Tiempo de lectura\" \/>\n\t<meta name=\"twitter:data1\" content=\"10 minutos\" \/>\n<script type=\"application\/ld+json\" class=\"yoast-schema-graph\">{\"@context\":\"https:\/\/schema.org\",\"@graph\":[{\"@type\":\"WebPage\",\"@id\":\"https:\/\/friendlysmilesdental.com\/es\/tratamiento-antibiotico\/\",\"url\":\"https:\/\/friendlysmilesdental.com\/es\/tratamiento-antibiotico\/\",\"name\":\"Tratamiento Antibi\u00f3tico | Friendly Smiles Dental | Dentistas Costa Central\",\"isPartOf\":{\"@id\":\"https:\/\/friendlysmilesdental.com\/es\/#website\"},\"datePublished\":\"2019-10-30T07:10:18+00:00\",\"dateModified\":\"2024-04-09T23:29:45+00:00\",\"description\":\"Los tratamientos con antibi\u00f3ticos dentales pueden utilizarse para reducir las bacterias antes y despu\u00e9s de los procedimientos periodontales est\u00e1ndar. Ll\u00e1menos para una consulta.\",\"breadcrumb\":{\"@id\":\"https:\/\/friendlysmilesdental.com\/es\/tratamiento-antibiotico\/#breadcrumb\"},\"inLanguage\":\"es\",\"potentialAction\":[{\"@type\":\"ReadAction\",\"target\":[\"https:\/\/friendlysmilesdental.com\/es\/tratamiento-antibiotico\/\"]}]},{\"@type\":\"BreadcrumbList\",\"@id\":\"https:\/\/friendlysmilesdental.com\/es\/tratamiento-antibiotico\/#breadcrumb\",\"itemListElement\":[{\"@type\":\"ListItem\",\"position\":1,\"name\":\"Home\",\"item\":\"https:\/\/friendlysmilesdental.com\/es\/inicio\/\"},{\"@type\":\"ListItem\",\"position\":2,\"name\":\"Tratamiento antibi\u00f3tico\"}]},{\"@type\":\"WebSite\",\"@id\":\"https:\/\/friendlysmilesdental.com\/es\/#website\",\"url\":\"https:\/\/friendlysmilesdental.com\/es\/\",\"name\":\"Friendly Smiles Dental\",\"description\":\"Santa Maria Dentists | San Luis Obispo Dentists | King City Dentists\",\"potentialAction\":[{\"@type\":\"SearchAction\",\"target\":{\"@type\":\"EntryPoint\",\"urlTemplate\":\"https:\/\/friendlysmilesdental.com\/es\/?s={search_term_string}\"},\"query-input\":{\"@type\":\"PropertyValueSpecification\",\"valueRequired\":true,\"valueName\":\"search_term_string\"}}],\"inLanguage\":\"es\"}]}<\/script>\n<!-- \/ Yoast SEO plugin. -->","yoast_head_json":{"title":"Tratamiento Antibi\u00f3tico | Friendly Smiles Dental | Dentistas Costa Central","description":"Los tratamientos con antibi\u00f3ticos dentales pueden utilizarse para reducir las bacterias antes y despu\u00e9s de los procedimientos periodontales est\u00e1ndar. Ll\u00e1menos para una consulta.","robots":{"index":"index","follow":"follow","max-snippet":"max-snippet:-1","max-image-preview":"max-image-preview:large","max-video-preview":"max-video-preview:-1"},"canonical":"https:\/\/friendlysmilesdental.com\/es\/tratamiento-antibiotico\/","og_locale":"es_ES","og_type":"article","og_title":"Tratamiento Antibi\u00f3tico | Friendly Smiles Dental | Dentistas Costa Central","og_description":"Los tratamientos con antibi\u00f3ticos dentales pueden utilizarse para reducir las bacterias antes y despu\u00e9s de los procedimientos periodontales est\u00e1ndar. Ll\u00e1menos para una consulta.","og_url":"https:\/\/friendlysmilesdental.com\/es\/tratamiento-antibiotico\/","og_site_name":"Friendly Smiles Dental","article_modified_time":"2024-04-09T23:29:45+00:00","twitter_card":"summary_large_image","twitter_misc":{"Tiempo de lectura":"10 minutos"},"schema":{"@context":"https:\/\/schema.org","@graph":[{"@type":"WebPage","@id":"https:\/\/friendlysmilesdental.com\/es\/tratamiento-antibiotico\/","url":"https:\/\/friendlysmilesdental.com\/es\/tratamiento-antibiotico\/","name":"Tratamiento Antibi\u00f3tico | Friendly Smiles Dental | Dentistas Costa Central","isPartOf":{"@id":"https:\/\/friendlysmilesdental.com\/es\/#website"},"datePublished":"2019-10-30T07:10:18+00:00","dateModified":"2024-04-09T23:29:45+00:00","description":"Los tratamientos con antibi\u00f3ticos dentales pueden utilizarse para reducir las bacterias antes y despu\u00e9s de los procedimientos periodontales est\u00e1ndar. Ll\u00e1menos para una consulta.","breadcrumb":{"@id":"https:\/\/friendlysmilesdental.com\/es\/tratamiento-antibiotico\/#breadcrumb"},"inLanguage":"es","potentialAction":[{"@type":"ReadAction","target":["https:\/\/friendlysmilesdental.com\/es\/tratamiento-antibiotico\/"]}]},{"@type":"BreadcrumbList","@id":"https:\/\/friendlysmilesdental.com\/es\/tratamiento-antibiotico\/#breadcrumb","itemListElement":[{"@type":"ListItem","position":1,"name":"Home","item":"https:\/\/friendlysmilesdental.com\/es\/inicio\/"},{"@type":"ListItem","position":2,"name":"Tratamiento antibi\u00f3tico"}]},{"@type":"WebSite","@id":"https:\/\/friendlysmilesdental.com\/es\/#website","url":"https:\/\/friendlysmilesdental.com\/es\/","name":"Friendly Smiles Dental","description":"Santa Maria Dentists | San Luis Obispo Dentists | King City Dentists","potentialAction":[{"@type":"SearchAction","target":{"@type":"EntryPoint","urlTemplate":"https:\/\/friendlysmilesdental.com\/es\/?s={search_term_string}"},"query-input":{"@type":"PropertyValueSpecification","valueRequired":true,"valueName":"search_term_string"}}],"inLanguage":"es"}]}},"_links":{"self":[{"href":"https:\/\/friendlysmilesdental.com\/es\/wp-json\/wp\/v2\/pages\/3106"}],"collection":[{"href":"https:\/\/friendlysmilesdental.com\/es\/wp-json\/wp\/v2\/pages"}],"about":[{"href":"https:\/\/friendlysmilesdental.com\/es\/wp-json\/wp\/v2\/types\/page"}],"author":[{"embeddable":true,"href":"https:\/\/friendlysmilesdental.com\/es\/wp-json\/wp\/v2\/users\/4"}],"replies":[{"embeddable":true,"href":"https:\/\/friendlysmilesdental.com\/es\/wp-json\/wp\/v2\/comments?post=3106"}],"version-history":[{"count":2,"href":"https:\/\/friendlysmilesdental.com\/es\/wp-json\/wp\/v2\/pages\/3106\/revisions"}],"predecessor-version":[{"id":3108,"href":"https:\/\/friendlysmilesdental.com\/es\/wp-json\/wp\/v2\/pages\/3106\/revisions\/3108"}],"wp:attachment":[{"href":"https:\/\/friendlysmilesdental.com\/es\/wp-json\/wp\/v2\/media?parent=3106"}],"curies":[{"name":"wp","href":"https:\/\/api.w.org\/{rel}","templated":true}]}}