{"id":3109,"date":"2019-10-24T00:27:20","date_gmt":"2019-10-24T00:27:20","guid":{"rendered":"https:\/\/friendlysmilesdental.com\/rellenos\/"},"modified":"2024-04-09T23:30:28","modified_gmt":"2024-04-09T23:30:28","slug":"rellenos","status":"publish","type":"page","link":"https:\/\/friendlysmilesdental.com\/es\/rellenos\/","title":{"rendered":"Rellenos"},"content":{"rendered":"<p><div class=\"fusion-fullwidth fullwidth-box fusion-builder-row-1 nonhundred-percent-fullwidth non-hundred-percent-height-scrolling\" style=\"--awb-border-radius-top-left:0px;--awb-border-radius-top-right:0px;--awb-border-radius-bottom-right:0px;--awb-border-radius-bottom-left:0px;--awb-flex-wrap:wrap;\" ><div class=\"fusion-builder-row fusion-row\"><div class=\"fusion-layout-column fusion_builder_column fusion-builder-column-0 fusion_builder_column_1_2 1_2 fusion-one-half fusion-column-first\" style=\"--awb-bg-size:cover;width:50%;width:calc(50% - ( ( 4% ) * 0.5 ) );margin-right: 4%;\"><div class=\"fusion-column-wrapper fusion-column-has-shadow fusion-flex-column-wrapper-legacy\"><div class=\"fusion-text fusion-text-1\"><h1 align=\"left\">Empastes de amalgama y de composite<\/h1>\n<\/div><div class=\"fusion-sep-clear\"><\/div><div class=\"fusion-separator fusion-clearfix\" style=\"float:left;margin-top:22px;margin-bottom:25px;width:100%;max-width:100px;\"><div class=\"fusion-separator-border sep-single sep-solid\" style=\"--awb-height:20px;--awb-amount:20px;--awb-sep-color:#6589c0;border-color:#6589c0;border-top-width:2px;\"><\/div><\/div><div class=\"fusion-sep-clear\"><\/div><div class=\"fusion-text fusion-text-2\"><h2 align=\"left\">Empastes de amalgama<\/h2>\n<p style=\"text-align: left;\" align=\"justify\">Un empaste de amalgama de plata se utiliza para reparar un diente afectado por caries, grietas, fracturas, etc. Se extrae la parte cariada o afectada del diente y se obtura con un empaste de plata.<\/p>\n<p style=\"text-align: left;\" align=\"justify\">Existen muchos tipos de materiales de relleno, cada uno con sus propias ventajas e inconvenientes. Usted y su dentista pueden discutir las mejores opciones para restaurar sus dientes. Los empastes de amalgama, junto con los empastes de composite (del color del diente), son los m\u00e1s utilizados en la actualidad. Los empastes de amalgama se utilizan con m\u00e1s frecuencia en los dientes posteriores, ya que el color no es tan est\u00e9tico como el de los empastes de composite.<\/p>\n<p style=\"text-align: left;\" align=\"justify\">Como ocurre con la mayor\u00eda de las restauraciones dentales, los empastes de amalgama no son permanentes y alg\u00fan d\u00eda puede ser necesario sustituirlos. Son muy resistentes y durar\u00e1n muchos a\u00f1os, proporcion\u00e1ndole una sonrisa duradera.<\/p>\n<h2 align=\"left\">Motivos de los empastes de amalgama:<\/h2>\n<ul type=\"disc\">\n<li>Dientes agrietados o rotos.<\/li>\n<li style=\"text-align: left;\">\n<div align=\"left\">Dientes cariados.<\/div>\n<\/li>\n<li>\n<div align=\"left\">\n<div style=\"text-align: left;\" align=\"left\">Dientes desgastados.<\/div>\n<\/div>\n<\/li>\n<\/ul>\n<h2 align=\"left\">\u00bfEn qu\u00e9 consiste un empaste de amalgama?<\/h2>\n<div style=\"text-align: left;\" align=\"left\">\n<p align=\"left\">Los empastes de amalgama suelen colocarse en una sola cita. Mientras el diente est\u00e1 adormecido, su dentista eliminar\u00e1 la caries seg\u00fan sea necesario. El espacio se limpiar\u00e1 a fondo y se preparar\u00e1 cuidadosamente antes de colocar el nuevo empaste. Si la caries estaba cerca del nervio del diente, se aplicar\u00e1 un medicamento especial para mayor protecci\u00f3n. El empaste de plata se colocar\u00e1, moldear\u00e1 y pulir\u00e1 con precisi\u00f3n, devolviendo al diente su forma y funci\u00f3n originales.<\/p>\n<p align=\"left\">Es normal experimentar sensibilidad al fr\u00edo y al calor cuando se colocan empastes de amalgama por primera vez, sin embargo, esto desaparecer\u00e1 poco despu\u00e9s de que su diente se aclimate al nuevo empaste.<\/p>\n<p align=\"left\">Al final del tratamiento se le dar\u00e1n instrucciones para el postratamiento. Las buenas pr\u00e1cticas de higiene bucal, los h\u00e1bitos alimentarios y las visitas peri\u00f3dicas al dentista contribuir\u00e1n a prolongar la vida \u00fatil de sus nuevos empastes.<\/p>\n<\/div>\n<\/div><div class=\"fusion-clearfix\"><\/div><\/div><\/div><div class=\"fusion-layout-column fusion_builder_column fusion-builder-column-1 fusion_builder_column_1_2 1_2 fusion-one-half fusion-column-last\" style=\"--awb-bg-size:cover;width:50%;width:calc(50% - ( ( 4% ) * 0.5 ) );\"><div class=\"fusion-column-wrapper fusion-column-has-shadow fusion-flex-column-wrapper-legacy\"><div class=\"fusion-sep-clear\"><\/div><div class=\"fusion-separator fusion-full-width-sep\" style=\"margin-left: auto;margin-right: auto;margin-top:2%;margin-bottom:2%;width:100%;\"><\/div><div class=\"fusion-sep-clear\"><\/div><div class=\"fusion-text fusion-text-3\"><p><img decoding=\"async\" class=\"lazyload alignnone size-full wp-image-1914\" src=\"https:\/\/friendlysmilesdental.com\/wp-content\/uploads\/2020\/01\/fillings-san-luis-obispo.jpg\" data-orig-src=\"https:\/\/friendlysmilesdental.com\/wp-content\/uploads\/2020\/01\/fillings-san-luis-obispo.jpg\" alt=\"Empastes Dentista San Luis Obispo\" width=\"550\" height=\"367\" srcset=\"data:image\/svg+xml,%3Csvg%20xmlns%3D%27http%3A%2F%2Fwww.w3.org%2F2000%2Fsvg%27%20width%3D%27550%27%20height%3D%27367%27%20viewBox%3D%270%200%20550%20367%27%3E%3Crect%20width%3D%27550%27%20height%3D%27367%27%20fill-opacity%3D%220%22%2F%3E%3C%2Fsvg%3E\" data-srcset=\"https:\/\/friendlysmilesdental.com\/wp-content\/uploads\/2020\/01\/fillings-san-luis-obispo-200x133.jpg 200w, https:\/\/friendlysmilesdental.com\/wp-content\/uploads\/2020\/01\/fillings-san-luis-obispo-300x200.jpg 300w, https:\/\/friendlysmilesdental.com\/wp-content\/uploads\/2020\/01\/fillings-san-luis-obispo-400x267.jpg 400w, https:\/\/friendlysmilesdental.com\/wp-content\/uploads\/2020\/01\/fillings-san-luis-obispo.jpg 550w\" data-sizes=\"auto\" data-orig-sizes=\"(max-width: 550px) 100vw, 550px\" \/><\/p>\n<\/div><div class=\"fusion-sep-clear\"><\/div><div class=\"fusion-separator fusion-full-width-sep\" style=\"margin-left: auto;margin-right: auto;margin-top:2%;margin-bottom:2%;width:100%;\"><\/div><div class=\"fusion-sep-clear\"><\/div><div class=\"fusion-text fusion-text-4\"><h2 align=\"left\">Empastes de composite<\/h2>\n<p align=\"left\">Un empaste de composite (del color del diente) se utiliza para reparar un diente afectado por caries, grietas, fracturas, etc. La parte cariada o afectada del diente se extrae y se obtura con un empaste de composite.<\/p>\n<p align=\"left\">Existen muchos tipos de materiales de relleno, cada uno con sus propias ventajas e inconvenientes. Usted y su dentista pueden discutir las mejores opciones para restaurar sus dientes. Los empastes de composite, junto con los de amalgama de plata, son los m\u00e1s utilizados en la actualidad. Dado que los empastes de composite son del color del diente, pueden ajustarse al color de los dientes existentes y son m\u00e1s adecuados est\u00e9ticamente para su uso en los dientes frontales o en las zonas m\u00e1s visibles de los dientes.<\/p>\n<p align=\"left\">Como ocurre con la mayor\u00eda de las restauraciones dentales, los empastes de composite no son permanentes y puede que alg\u00fan d\u00eda haya que sustituirlos. Son muy resistentes y durar\u00e1n muchos a\u00f1os, proporcion\u00e1ndole una sonrisa bonita y duradera.<\/p>\n<h2 align=\"left\">Razones para realizar empastes con composite:<\/h2>\n<ul type=\"disc\">\n<li>\n<div align=\"left\">Dientes astillados.<\/div>\n<\/li>\n<li>\n<div align=\"left\">Cerrar el espacio entre dos dientes.<\/div>\n<\/li>\n<li>\n<div align=\"left\">Dientes agrietados o rotos.<\/div>\n<\/li>\n<li>\n<div align=\"left\">Dientes cariados.<\/div>\n<\/li>\n<li>\n<div align=\"left\">\n<div align=\"left\">Dientes desgastados.<\/div>\n<\/div>\n<\/li>\n<\/ul>\n<h2 align=\"left\">\u00bfC\u00f3mo se colocan los empastes de composite?<\/h2>\n<div align=\"left\">Los empastes de composite suelen colocarse en una sola cita. Mientras el diente est\u00e1 adormecido, su dentista eliminar\u00e1 la caries seg\u00fan sea necesario. A continuaci\u00f3n, el espacio se limpiar\u00e1 a fondo y se preparar\u00e1 cuidadosamente antes de colocar el nuevo empaste. Si la caries estaba cerca del nervio del diente, se aplicar\u00e1 un medicamento especial para mayor protecci\u00f3n. El empaste de composite se colocar\u00e1, moldear\u00e1 y pulir\u00e1 con precisi\u00f3n, devolviendo al diente su forma y funci\u00f3n originales.<\/div>\n<p align=\"left\">Es normal experimentar sensibilidad al fr\u00edo y al calor cuando se colocan los empastes de composite por primera vez, sin embargo, esto disminuir\u00e1 poco despu\u00e9s de que su diente se aclimate al nuevo empaste.<\/p>\n<p align=\"justify\">Se le dar\u00e1n instrucciones de cuidado al final del tratamiento. Las buenas pr\u00e1cticas de higiene bucal, los h\u00e1bitos alimentarios y las visitas peri\u00f3dicas al dentista contribuir\u00e1n a prolongar la vida \u00fatil de sus nuevos empastes.<\/p>\n<\/div><div class=\"fusion-clearfix\"><\/div><\/div><\/div><\/div><\/div><div class=\"fusion-fullwidth fullwidth-box fusion-builder-row-2 nonhundred-percent-fullwidth non-hundred-percent-height-scrolling\" style=\"--awb-border-radius-top-left:0px;--awb-border-radius-top-right:0px;--awb-border-radius-bottom-right:0px;--awb-border-radius-bottom-left:0px;--awb-flex-wrap:wrap;\" ><div class=\"fusion-builder-row fusion-row\"><div class=\"fusion-layout-column fusion_builder_column fusion-builder-column-2 fusion_builder_column_1_2 1_2 fusion-one-half fusion-column-first\" style=\"--awb-bg-size:cover;width:50%;width:calc(50% - ( ( 4% ) * 0.5 ) );margin-right: 4%;\"><div class=\"fusion-column-wrapper fusion-column-has-shadow fusion-flex-column-wrapper-legacy\"><div class=\"fusion-clearfix\"><\/div><\/div><\/div><div class=\"fusion-layout-column fusion_builder_column fusion-builder-column-3 fusion_builder_column_1_2 1_2 fusion-one-half fusion-column-last\" style=\"--awb-bg-size:cover;width:50%;width:calc(50% - ( ( 4% ) * 0.5 ) );\"><div class=\"fusion-column-wrapper fusion-column-has-shadow fusion-flex-column-wrapper-legacy\"><div class=\"fusion-clearfix\"><\/div><\/div><\/div><\/div><\/div><div class=\"fusion-bg-parallax\" data-bg-align=\"center center\" data-direction=\"right\" data-mute=\"false\" data-opacity=\"100\" data-velocity=\"-0.8\" data-mobile-enabled=\"false\" data-break_parents=\"0\" data-bg-image=\"https:\/\/friendlysmilesdental.com\/wp-content\/uploads\/2020\/01\/best-san-luis-obispo-dentist.jpg\" data-bg-repeat=\"false\" ><\/div><div class=\"fusion-fullwidth fullwidth-box fusion-builder-row-3 fusion-parallax-right nonhundred-percent-fullwidth non-hundred-percent-height-scrolling lazyload\" style=\"--awb-border-radius-top-left:0px;--awb-border-radius-top-right:0px;--awb-border-radius-bottom-right:0px;--awb-border-radius-bottom-left:0px;--awb-padding-top:40px;--awb-padding-bottom:50px;--awb-background-size:cover;--awb-flex-wrap:wrap;\" data-bg=\"https:\/\/friendlysmilesdental.com\/wp-content\/uploads\/2020\/01\/best-san-luis-obispo-dentist.jpg\" ><div class=\"fusion-builder-row fusion-row\"><div class=\"fusion-layout-column fusion_builder_column fusion-builder-column-4 fusion_builder_column_1_1 1_1 fusion-one-full fusion-column-first fusion-column-last\" style=\"--awb-bg-size:cover;--awb-margin-top:3%;--awb-margin-bottom:3%;\"><div class=\"fusion-column-wrapper fusion-column-has-shadow fusion-flex-column-wrapper-legacy\"><div class=\"fusion-text fusion-text-5\"><h2 style=\"text-align: center;\"><span style=\"color: #ffffff;\">\u00bfListo para sonre\u00edr?<\/span><\/h2>\n<\/div><div class=\"fusion-sep-clear\"><\/div><div class=\"fusion-separator fusion-full-width-sep\" style=\"margin-left: auto;margin-right: auto;margin-top:15px;width:100%;\"><\/div><div class=\"fusion-sep-clear\"><\/div><div class=\"fusion-aligncenter\"><a class=\"fusion-button button-flat fusion-button-default-size button-custom fusion-button-default button-1 fusion-button-default-span fusion-button-default-type\" style=\"--button_accent_color:#ffffff;--button_accent_hover_color:#6487c2;--button_border_hover_color:#6487c2;--button_gradient_top_color:#4fc3a3;--button_gradient_bottom_color:#4fc3a3;--button_gradient_top_color_hover:#ffffff;--button_gradient_bottom_color_hover:#ffffff;\" target=\"_self\" href=\"https:\/\/friendlysmilesdental.com\/es\/reservar-cita\/\"><i class=\"fa-plus fas button-icon-left\" aria-hidden=\"true\"><\/i><span class=\"fusion-button-text\">Solicitar una cita<\/span><\/a><\/div><div class=\"fusion-sep-clear\"><\/div><div class=\"fusion-separator fusion-full-width-sep\" style=\"margin-left: auto;margin-right: auto;margin-top:15px;width:100%;\"><\/div><div class=\"fusion-sep-clear\"><\/div><div class=\"fusion-text fusion-text-6\"><h3 style=\"text-align: center;\"><span style=\"color: #ffffff;\">Estamos orgullosos de aceptar Medi-Cal y tomar la mayor\u00eda de las formas de seguro en todas nuestras oficinas dentales.<\/span><\/h3>\n<\/div><div class=\"fusion-clearfix\"><\/div><\/div><\/div><\/div><\/div><\/p>\n","protected":false},"excerpt":{"rendered":"","protected":false},"author":4,"featured_media":0,"parent":0,"menu_order":0,"comment_status":"closed","ping_status":"open","template":"100-width.php","meta":{"footnotes":""},"yoast_head":"<!-- This site is optimized with the Yoast SEO plugin v23.9 - https:\/\/yoast.com\/wordpress\/plugins\/seo\/ -->\n<title>Empastes Dentales | Dentista Costa Central | SLO | Santa Maria | King City<\/title>\n<meta name=\"description\" content=\"Costa Central dentista Dr. Hamlet Karapetian y su equipo son expertos en la prestaci\u00f3n de los empastes dentales en nuestras oficinas de San Luis Obispo, Santa Mar\u00eda y King City.\" \/>\n<meta name=\"robots\" content=\"index, follow, max-snippet:-1, max-image-preview:large, max-video-preview:-1\" \/>\n<link rel=\"canonical\" href=\"https:\/\/friendlysmilesdental.com\/es\/rellenos\/\" \/>\n<meta property=\"og:locale\" content=\"es_ES\" \/>\n<meta property=\"og:type\" content=\"article\" \/>\n<meta property=\"og:title\" content=\"Empastes Dentales | Dentista Costa Central | SLO | Santa Maria | King City\" \/>\n<meta property=\"og:description\" content=\"Costa Central dentista Dr. Hamlet Karapetian y su equipo son expertos en la prestaci\u00f3n de los empastes dentales en nuestras oficinas de San Luis Obispo, Santa Mar\u00eda y King City.\" \/>\n<meta property=\"og:url\" content=\"https:\/\/friendlysmilesdental.com\/es\/rellenos\/\" \/>\n<meta property=\"og:site_name\" content=\"Friendly Smiles Dental\" \/>\n<meta property=\"article:modified_time\" content=\"2024-04-09T23:30:28+00:00\" \/>\n<meta property=\"og:image\" content=\"https:\/\/friendlysmilesdental.com\/wp-content\/uploads\/2020\/01\/fillings-san-luis-obispo.jpg\" \/>\n<meta name=\"twitter:card\" content=\"summary_large_image\" \/>\n<meta name=\"twitter:label1\" content=\"Tiempo de lectura\" \/>\n\t<meta name=\"twitter:data1\" content=\"11 minutos\" \/>\n<script type=\"application\/ld+json\" class=\"yoast-schema-graph\">{\"@context\":\"https:\/\/schema.org\",\"@graph\":[{\"@type\":\"WebPage\",\"@id\":\"https:\/\/friendlysmilesdental.com\/es\/rellenos\/\",\"url\":\"https:\/\/friendlysmilesdental.com\/es\/rellenos\/\",\"name\":\"Empastes Dentales | Dentista Costa Central | SLO | Santa Maria | King City\",\"isPartOf\":{\"@id\":\"https:\/\/friendlysmilesdental.com\/es\/#website\"},\"primaryImageOfPage\":{\"@id\":\"https:\/\/friendlysmilesdental.com\/es\/rellenos\/#primaryimage\"},\"image\":{\"@id\":\"https:\/\/friendlysmilesdental.com\/es\/rellenos\/#primaryimage\"},\"thumbnailUrl\":\"https:\/\/friendlysmilesdental.com\/wp-content\/uploads\/2020\/01\/fillings-san-luis-obispo.jpg\",\"datePublished\":\"2019-10-24T00:27:20+00:00\",\"dateModified\":\"2024-04-09T23:30:28+00:00\",\"description\":\"Costa Central dentista Dr. Hamlet Karapetian y su equipo son expertos en la prestaci\u00f3n de los empastes dentales en nuestras oficinas de San Luis Obispo, Santa Mar\u00eda y King City.\",\"breadcrumb\":{\"@id\":\"https:\/\/friendlysmilesdental.com\/es\/rellenos\/#breadcrumb\"},\"inLanguage\":\"es\",\"potentialAction\":[{\"@type\":\"ReadAction\",\"target\":[\"https:\/\/friendlysmilesdental.com\/es\/rellenos\/\"]}]},{\"@type\":\"ImageObject\",\"inLanguage\":\"es\",\"@id\":\"https:\/\/friendlysmilesdental.com\/es\/rellenos\/#primaryimage\",\"url\":\"https:\/\/friendlysmilesdental.com\/wp-content\/uploads\/2020\/01\/fillings-san-luis-obispo.jpg\",\"contentUrl\":\"https:\/\/friendlysmilesdental.com\/wp-content\/uploads\/2020\/01\/fillings-san-luis-obispo.jpg\"},{\"@type\":\"BreadcrumbList\",\"@id\":\"https:\/\/friendlysmilesdental.com\/es\/rellenos\/#breadcrumb\",\"itemListElement\":[{\"@type\":\"ListItem\",\"position\":1,\"name\":\"Home\",\"item\":\"https:\/\/friendlysmilesdental.com\/es\/inicio\/\"},{\"@type\":\"ListItem\",\"position\":2,\"name\":\"Rellenos\"}]},{\"@type\":\"WebSite\",\"@id\":\"https:\/\/friendlysmilesdental.com\/es\/#website\",\"url\":\"https:\/\/friendlysmilesdental.com\/es\/\",\"name\":\"Friendly Smiles Dental\",\"description\":\"Santa Maria Dentists | San Luis Obispo Dentists | King City Dentists\",\"potentialAction\":[{\"@type\":\"SearchAction\",\"target\":{\"@type\":\"EntryPoint\",\"urlTemplate\":\"https:\/\/friendlysmilesdental.com\/es\/?s={search_term_string}\"},\"query-input\":{\"@type\":\"PropertyValueSpecification\",\"valueRequired\":true,\"valueName\":\"search_term_string\"}}],\"inLanguage\":\"es\"}]}<\/script>\n<!-- \/ Yoast SEO plugin. -->","yoast_head_json":{"title":"Empastes Dentales | Dentista Costa Central | SLO | Santa Maria | King City","description":"Costa Central dentista Dr. Hamlet Karapetian y su equipo son expertos en la prestaci\u00f3n de los empastes dentales en nuestras oficinas de San Luis Obispo, Santa Mar\u00eda y King City.","robots":{"index":"index","follow":"follow","max-snippet":"max-snippet:-1","max-image-preview":"max-image-preview:large","max-video-preview":"max-video-preview:-1"},"canonical":"https:\/\/friendlysmilesdental.com\/es\/rellenos\/","og_locale":"es_ES","og_type":"article","og_title":"Empastes Dentales | Dentista Costa Central | SLO | Santa Maria | King City","og_description":"Costa Central dentista Dr. Hamlet Karapetian y su equipo son expertos en la prestaci\u00f3n de los empastes dentales en nuestras oficinas de San Luis Obispo, Santa Mar\u00eda y King City.","og_url":"https:\/\/friendlysmilesdental.com\/es\/rellenos\/","og_site_name":"Friendly Smiles Dental","article_modified_time":"2024-04-09T23:30:28+00:00","og_image":[{"url":"https:\/\/friendlysmilesdental.com\/wp-content\/uploads\/2020\/01\/fillings-san-luis-obispo.jpg"}],"twitter_card":"summary_large_image","twitter_misc":{"Tiempo de lectura":"11 minutos"},"schema":{"@context":"https:\/\/schema.org","@graph":[{"@type":"WebPage","@id":"https:\/\/friendlysmilesdental.com\/es\/rellenos\/","url":"https:\/\/friendlysmilesdental.com\/es\/rellenos\/","name":"Empastes Dentales | Dentista Costa Central | SLO | Santa Maria | King City","isPartOf":{"@id":"https:\/\/friendlysmilesdental.com\/es\/#website"},"primaryImageOfPage":{"@id":"https:\/\/friendlysmilesdental.com\/es\/rellenos\/#primaryimage"},"image":{"@id":"https:\/\/friendlysmilesdental.com\/es\/rellenos\/#primaryimage"},"thumbnailUrl":"https:\/\/friendlysmilesdental.com\/wp-content\/uploads\/2020\/01\/fillings-san-luis-obispo.jpg","datePublished":"2019-10-24T00:27:20+00:00","dateModified":"2024-04-09T23:30:28+00:00","description":"Costa Central dentista Dr. Hamlet Karapetian y su equipo son expertos en la prestaci\u00f3n de los empastes dentales en nuestras oficinas de San Luis Obispo, Santa Mar\u00eda y King City.","breadcrumb":{"@id":"https:\/\/friendlysmilesdental.com\/es\/rellenos\/#breadcrumb"},"inLanguage":"es","potentialAction":[{"@type":"ReadAction","target":["https:\/\/friendlysmilesdental.com\/es\/rellenos\/"]}]},{"@type":"ImageObject","inLanguage":"es","@id":"https:\/\/friendlysmilesdental.com\/es\/rellenos\/#primaryimage","url":"https:\/\/friendlysmilesdental.com\/wp-content\/uploads\/2020\/01\/fillings-san-luis-obispo.jpg","contentUrl":"https:\/\/friendlysmilesdental.com\/wp-content\/uploads\/2020\/01\/fillings-san-luis-obispo.jpg"},{"@type":"BreadcrumbList","@id":"https:\/\/friendlysmilesdental.com\/es\/rellenos\/#breadcrumb","itemListElement":[{"@type":"ListItem","position":1,"name":"Home","item":"https:\/\/friendlysmilesdental.com\/es\/inicio\/"},{"@type":"ListItem","position":2,"name":"Rellenos"}]},{"@type":"WebSite","@id":"https:\/\/friendlysmilesdental.com\/es\/#website","url":"https:\/\/friendlysmilesdental.com\/es\/","name":"Friendly Smiles Dental","description":"Santa Maria Dentists | San Luis Obispo Dentists | King City Dentists","potentialAction":[{"@type":"SearchAction","target":{"@type":"EntryPoint","urlTemplate":"https:\/\/friendlysmilesdental.com\/es\/?s={search_term_string}"},"query-input":{"@type":"PropertyValueSpecification","valueRequired":true,"valueName":"search_term_string"}}],"inLanguage":"es"}]}},"_links":{"self":[{"href":"https:\/\/friendlysmilesdental.com\/es\/wp-json\/wp\/v2\/pages\/3109"}],"collection":[{"href":"https:\/\/friendlysmilesdental.com\/es\/wp-json\/wp\/v2\/pages"}],"about":[{"href":"https:\/\/friendlysmilesdental.com\/es\/wp-json\/wp\/v2\/types\/page"}],"author":[{"embeddable":true,"href":"https:\/\/friendlysmilesdental.com\/es\/wp-json\/wp\/v2\/users\/4"}],"replies":[{"embeddable":true,"href":"https:\/\/friendlysmilesdental.com\/es\/wp-json\/wp\/v2\/comments?post=3109"}],"version-history":[{"count":2,"href":"https:\/\/friendlysmilesdental.com\/es\/wp-json\/wp\/v2\/pages\/3109\/revisions"}],"predecessor-version":[{"id":3111,"href":"https:\/\/friendlysmilesdental.com\/es\/wp-json\/wp\/v2\/pages\/3109\/revisions\/3111"}],"wp:attachment":[{"href":"https:\/\/friendlysmilesdental.com\/es\/wp-json\/wp\/v2\/media?parent=3109"}],"curies":[{"name":"wp","href":"https:\/\/api.w.org\/{rel}","templated":true}]}}