{"id":3113,"date":"2019-10-09T19:16:17","date_gmt":"2019-10-09T19:16:17","guid":{"rendered":"https:\/\/friendlysmilesdental.com\/labio-leporino-y-paladar-hendido\/"},"modified":"2024-04-09T23:31:40","modified_gmt":"2024-04-09T23:31:40","slug":"labio-leporino-y-paladar-hendido","status":"publish","type":"page","link":"https:\/\/friendlysmilesdental.com\/es\/labio-leporino-y-paladar-hendido\/","title":{"rendered":"Labio leporino y paladar hendido"},"content":{"rendered":"<p><div class=\"fusion-fullwidth fullwidth-box fusion-builder-row-1 nonhundred-percent-fullwidth non-hundred-percent-height-scrolling\" style=\"--awb-border-radius-top-left:0px;--awb-border-radius-top-right:0px;--awb-border-radius-bottom-right:0px;--awb-border-radius-bottom-left:0px;--awb-flex-wrap:wrap;\" ><div class=\"fusion-builder-row fusion-row\"><div class=\"fusion-layout-column fusion_builder_column fusion-builder-column-0 fusion_builder_column_1_2 1_2 fusion-one-half fusion-column-first\" style=\"--awb-bg-size:cover;width:50%;width:calc(50% - ( ( 4% ) * 0.5 ) );margin-right: 4%;\"><div class=\"fusion-column-wrapper fusion-column-has-shadow fusion-flex-column-wrapper-legacy\"><div class=\"fusion-text fusion-text-1\"><h1 align=\"left\">Labio leporino y paladar hendido<\/h1>\n<\/div><div class=\"fusion-sep-clear\"><\/div><div class=\"fusion-separator fusion-clearfix\" style=\"float:left;margin-top:22px;margin-bottom:25px;width:100%;max-width:100px;\"><div class=\"fusion-separator-border sep-single sep-solid\" style=\"--awb-height:20px;--awb-amount:20px;--awb-sep-color:#6589c0;border-color:#6589c0;border-top-width:2px;\"><\/div><\/div><div class=\"fusion-sep-clear\"><\/div><div class=\"fusion-text fusion-text-2\"><p style=\"text-align: left;\" align=\"left\">El labio leporino y el paladar hendido son dos anomal\u00edas cong\u00e9nitas frecuentes pero muy diferentes que afectan aproximadamente a uno de cada 700 reci\u00e9n nacidos. Estas deformidades del desarrollo se producen en el primer trimestre del embarazo: el labio leporino en la s\u00e9ptima semana y el paladar hendido en la novena. El labio leporino y el paladar hendido se producen simult\u00e1neamente en aproximadamente la mitad de los casos, y por separado en aproximadamente una cuarta parte de los casos.<\/p>\n<p style=\"text-align: left;\" align=\"left\">El labio leporino es esencialmente una separaci\u00f3n de los dos lados del labio. En muchos casos, esta separaci\u00f3n incluir\u00e1 el hueso y la enc\u00eda del maxilar superior. El paladar hendido se produce cuando los lados del paladar no llegan a \u00abfusionarse\u00bb durante el desarrollo del feto, lo que provoca una abertura en el paladar.<\/p>\n<p style=\"text-align: left;\" align=\"left\">Las deformidades leporinas se clasifican seg\u00fan su localizaci\u00f3n en la boca y el tama\u00f1o del defecto.<\/p>\n<p style=\"text-align: left;\" align=\"left\"><strong>Unilateral Incompleta<\/strong>: Hendidura en un solo lado de la boca que no llega hasta la fosa nasal.<\/p>\n<p style=\"text-align: left;\" align=\"left\"><strong>Unilateral Completa<\/strong>: Hendidura en un solo lado de la boca que se extiende hasta la fosa nasal correspondiente.<\/p>\n<p style=\"text-align: left;\" align=\"left\"><strong>Bilateral Completa<\/strong>: Hendiduras m\u00e1s grandes que afectan a ambos lados de la boca y se extienden hasta la fosa nasal.<\/p>\n<p style=\"text-align: left;\" align=\"left\">Hendidura <strong>microforme<\/strong>: Un caso leve de labio leporino que puede simplemente formar una protuberancia en el labio, o una peque\u00f1a l\u00ednea cicatricial que se extiende hacia la fosa nasal.<\/p>\n<h2 align=\"jleft\">Razones para corregir el labio leporino y el paladar hendido<\/h2>\n<p style=\"text-align: left;\" align=\"left\">El labio leporino y el paladar hendido son deformidades muy tratables, aunque puede ser necesario todo un equipo de diferentes especialistas para tratarlas por completo. El pron\u00f3stico para los afectados que reciben tratamiento correctivo es excelente; desde el punto de vista m\u00e9dico, f\u00edsico, dental y emocional. Sin embargo, existen una serie de riesgos para quienes no reciben tratamiento correctivo:<\/p>\n<ul>\n<li style=\"text-align: left;\">\n<div align=\"left\"><strong>Habla<\/strong> &#8211; Los ni\u00f1os que nacen con alguna de las dos malformaciones probablemente tendr\u00e1n problemas de habla a menos que reciban tratamiento. Los problemas del habla son perjudiciales para el desarrollo social y emocional del ni\u00f1o.<\/div>\n<\/li>\n<li style=\"text-align: left;\">\n<div align=\"left\"><strong>Alimentaci\u00f3n<\/strong> &#8211; Los beb\u00e9s con paladar hendido o labio leporino completo tienen problemas para beber leche. El hueco permite que los l\u00edquidos pasen de la boca a la cavidad nasal. Esto puede ser peligroso a menos que se alimente al ni\u00f1o sentado en posici\u00f3n vertical.<\/div>\n<\/li>\n<li style=\"text-align: left;\">\n<div align=\"left\"><strong>P\u00e9rdida de audici\u00f3n e infecciones de o\u00eddo frecuentes<\/strong> &#8211; El paladar hendido puede provocar una posici\u00f3n incorrecta de las trompas de Eustaquio (que conectan la garganta con el o\u00eddo). La acumulaci\u00f3n de l\u00edquido resultante de esta mala posici\u00f3n puede provocar dolorosas infecciones del o\u00eddo medio. Las infecciones de o\u00eddo graves y prolongadas pueden provocar una p\u00e9rdida auditiva completa.<\/div>\n<\/li>\n<li>\n<div style=\"text-align: left;\" align=\"left\"><strong>Problemas dentales<\/strong> &#8211; Las anomal\u00edas en el maxilar superior, la enc\u00eda o la arcada pueden provocar que los dientes queden retenidos (incapaces de erupcionar) o ausentes por completo. La forma de la boca puede no permitir un cepillado adecuado, lo que puede provocar enfermedades periodontales y caries.<\/div>\n<\/li>\n<\/ul>\n<\/div><div class=\"fusion-clearfix\"><\/div><\/div><\/div><div class=\"fusion-layout-column fusion_builder_column fusion-builder-column-1 fusion_builder_column_1_2 1_2 fusion-one-half fusion-column-last\" style=\"--awb-bg-size:cover;width:50%;width:calc(50% - ( ( 4% ) * 0.5 ) );\"><div class=\"fusion-column-wrapper fusion-column-has-shadow fusion-flex-column-wrapper-legacy\"><div class=\"fusion-sep-clear\"><\/div><div class=\"fusion-separator fusion-full-width-sep\" style=\"margin-left: auto;margin-right: auto;margin-top:1%;margin-bottom:1%;width:100%;\"><\/div><div class=\"fusion-sep-clear\"><\/div><div class=\"fusion-text fusion-text-3\"><h2 align=\"left\">\u00bfEn qu\u00e9 consiste el tratamiento del labio leporino y el paladar hendido?<\/h2>\n<p style=\"text-align: left;\" align=\"left\">Inicialmente, los cirujanos trabajar\u00e1n para cerrar las aberturas de la hendidura en los primeros seis meses de vida del ni\u00f1o. Por desgracia, esto no cura los problemas dentales que se producen como consecuencia de los defectos del labio leporino y el paladar hendido. El dentista realizar\u00e1 un examen exhaustivo de los dientes que rodean la deformidad. Por lo general, se tomar\u00e1n radiograf\u00edas panor\u00e1micas para que el dentista pueda determinar el mejor tratamiento.<\/p>\n<p style=\"text-align: left;\" align=\"left\">El dentista puede implantar dientes para rellenar los huecos resultantes y\/o colocar aparatos en los dientes para alinear correctamente la arcada superior. Estos tratamientos devolver\u00e1n la funcionalidad a la mand\u00edbula y mejorar\u00e1n el aspecto est\u00e9tico de la sonrisa. Los trabajos de restauraci\u00f3n dental suelen realizarse con anestesia local y no requieren pasar la noche en el hospital.<\/p>\n<p style=\"text-align: left;\" align=\"left\"><em>Si su hijo naci\u00f3 con alguna deformidad leporina, le recomendamos encarecidamente que se ponga en contacto con nuestra consulta para concertar una cita.<\/em><\/p>\n<\/div><div class=\"fusion-clearfix\"><\/div><\/div><\/div><\/div><\/div><div class=\"fusion-fullwidth fullwidth-box fusion-builder-row-2 nonhundred-percent-fullwidth non-hundred-percent-height-scrolling\" style=\"--awb-border-radius-top-left:0px;--awb-border-radius-top-right:0px;--awb-border-radius-bottom-right:0px;--awb-border-radius-bottom-left:0px;--awb-flex-wrap:wrap;\" ><div class=\"fusion-builder-row fusion-row\"><div class=\"fusion-layout-column fusion_builder_column fusion-builder-column-2 fusion_builder_column_1_2 1_2 fusion-one-half fusion-column-first\" style=\"--awb-bg-size:cover;width:50%;width:calc(50% - ( ( 4% ) * 0.5 ) );margin-right: 4%;\"><div class=\"fusion-column-wrapper fusion-column-has-shadow fusion-flex-column-wrapper-legacy\"><div class=\"fusion-clearfix\"><\/div><\/div><\/div><div class=\"fusion-layout-column fusion_builder_column fusion-builder-column-3 fusion_builder_column_1_2 1_2 fusion-one-half fusion-column-last\" style=\"--awb-bg-size:cover;width:50%;width:calc(50% - ( ( 4% ) * 0.5 ) );\"><div class=\"fusion-column-wrapper fusion-column-has-shadow fusion-flex-column-wrapper-legacy\"><div class=\"fusion-clearfix\"><\/div><\/div><\/div><\/div><\/div><div class=\"fusion-bg-parallax\" data-bg-align=\"center center\" data-direction=\"right\" data-mute=\"false\" data-opacity=\"100\" data-velocity=\"-0.8\" data-mobile-enabled=\"false\" data-break_parents=\"0\" data-bg-image=\"https:\/\/friendlysmilesdental.com\/wp-content\/uploads\/2020\/01\/best-san-luis-obispo-dentist.jpg\" data-bg-repeat=\"false\" ><\/div><div class=\"fusion-fullwidth fullwidth-box fusion-builder-row-3 fusion-parallax-right nonhundred-percent-fullwidth non-hundred-percent-height-scrolling lazyload\" style=\"--awb-border-radius-top-left:0px;--awb-border-radius-top-right:0px;--awb-border-radius-bottom-right:0px;--awb-border-radius-bottom-left:0px;--awb-padding-top:80px;--awb-padding-bottom:100px;--awb-background-size:cover;--awb-flex-wrap:wrap;\" data-bg=\"https:\/\/friendlysmilesdental.com\/wp-content\/uploads\/2020\/01\/best-san-luis-obispo-dentist.jpg\" ><div class=\"fusion-builder-row fusion-row\"><div class=\"fusion-layout-column fusion_builder_column fusion-builder-column-4 fusion_builder_column_1_1 1_1 fusion-one-full fusion-column-first fusion-column-last\" style=\"--awb-bg-size:cover;--awb-margin-top:3%;--awb-margin-bottom:3%;\"><div class=\"fusion-column-wrapper fusion-flex-column-wrapper-legacy\"><div class=\"fusion-text fusion-text-4\"><h2 style=\"text-align: center;\"><span style=\"color: #ffffff;\">\u00bfListo para sonre\u00edr?<\/span><\/h2>\n<\/div><div class=\"fusion-sep-clear\"><\/div><div class=\"fusion-separator fusion-full-width-sep\" style=\"margin-left: auto;margin-right: auto;margin-top:15px;width:100%;\"><\/div><div class=\"fusion-sep-clear\"><\/div><div class=\"fusion-aligncenter\"><a class=\"fusion-button button-flat fusion-button-default-size button-custom fusion-button-default button-1 fusion-button-default-span fusion-button-default-type\" style=\"--button_accent_color:#ffffff;--button_accent_hover_color:#6487c2;--button_border_hover_color:#6487c2;--button_gradient_top_color:#4fc3a3;--button_gradient_bottom_color:#4fc3a3;--button_gradient_top_color_hover:#ffffff;--button_gradient_bottom_color_hover:#ffffff;\" target=\"_self\" href=\"https:\/\/friendlysmilesdental.com\/es\/reservar-cita\/\"><i class=\"fa-plus fas button-icon-left\" aria-hidden=\"true\"><\/i><span class=\"fusion-button-text\">Concierte una cita<\/span><\/a><\/div><div class=\"fusion-clearfix\"><\/div><\/div><\/div><\/div><\/div><\/p>\n","protected":false},"excerpt":{"rendered":"","protected":false},"author":4,"featured_media":0,"parent":0,"menu_order":0,"comment_status":"closed","ping_status":"open","template":"100-width.php","meta":{"footnotes":""},"yoast_head":"<!-- This site is optimized with the Yoast SEO plugin v23.9 - https:\/\/yoast.com\/wordpress\/plugins\/seo\/ -->\n<title>Labio leporino y paladar hendido | Friendly Smiles Dental | Costa Central<\/title>\n<meta name=\"description\" content=\"El labio leporino y el paladar hendido son deformidades muy tratables, aunque puede ser necesario todo un equipo de diferentes especialistas para tratarlas por completo.\" \/>\n<meta name=\"robots\" content=\"index, follow, max-snippet:-1, max-image-preview:large, max-video-preview:-1\" \/>\n<link rel=\"canonical\" href=\"https:\/\/friendlysmilesdental.com\/es\/labio-leporino-y-paladar-hendido\/\" \/>\n<meta property=\"og:locale\" content=\"es_ES\" \/>\n<meta property=\"og:type\" content=\"article\" \/>\n<meta property=\"og:title\" content=\"Labio leporino y paladar hendido | Friendly Smiles Dental | Costa Central\" \/>\n<meta property=\"og:description\" content=\"El labio leporino y el paladar hendido son deformidades muy tratables, aunque puede ser necesario todo un equipo de diferentes especialistas para tratarlas por completo.\" \/>\n<meta property=\"og:url\" content=\"https:\/\/friendlysmilesdental.com\/es\/labio-leporino-y-paladar-hendido\/\" \/>\n<meta property=\"og:site_name\" content=\"Friendly Smiles Dental\" \/>\n<meta property=\"article:modified_time\" content=\"2024-04-09T23:31:40+00:00\" \/>\n<meta name=\"twitter:card\" content=\"summary_large_image\" \/>\n<meta name=\"twitter:label1\" content=\"Tiempo de lectura\" \/>\n\t<meta name=\"twitter:data1\" content=\"9 minutos\" \/>\n<script type=\"application\/ld+json\" class=\"yoast-schema-graph\">{\"@context\":\"https:\/\/schema.org\",\"@graph\":[{\"@type\":\"WebPage\",\"@id\":\"https:\/\/friendlysmilesdental.com\/es\/labio-leporino-y-paladar-hendido\/\",\"url\":\"https:\/\/friendlysmilesdental.com\/es\/labio-leporino-y-paladar-hendido\/\",\"name\":\"Labio leporino y paladar hendido | Friendly Smiles Dental | Costa Central\",\"isPartOf\":{\"@id\":\"https:\/\/friendlysmilesdental.com\/es\/#website\"},\"datePublished\":\"2019-10-09T19:16:17+00:00\",\"dateModified\":\"2024-04-09T23:31:40+00:00\",\"description\":\"El labio leporino y el paladar hendido son deformidades muy tratables, aunque puede ser necesario todo un equipo de diferentes especialistas para tratarlas por completo.\",\"breadcrumb\":{\"@id\":\"https:\/\/friendlysmilesdental.com\/es\/labio-leporino-y-paladar-hendido\/#breadcrumb\"},\"inLanguage\":\"es\",\"potentialAction\":[{\"@type\":\"ReadAction\",\"target\":[\"https:\/\/friendlysmilesdental.com\/es\/labio-leporino-y-paladar-hendido\/\"]}]},{\"@type\":\"BreadcrumbList\",\"@id\":\"https:\/\/friendlysmilesdental.com\/es\/labio-leporino-y-paladar-hendido\/#breadcrumb\",\"itemListElement\":[{\"@type\":\"ListItem\",\"position\":1,\"name\":\"Home\",\"item\":\"https:\/\/friendlysmilesdental.com\/es\/inicio\/\"},{\"@type\":\"ListItem\",\"position\":2,\"name\":\"Labio leporino y paladar hendido\"}]},{\"@type\":\"WebSite\",\"@id\":\"https:\/\/friendlysmilesdental.com\/es\/#website\",\"url\":\"https:\/\/friendlysmilesdental.com\/es\/\",\"name\":\"Friendly Smiles Dental\",\"description\":\"Santa Maria Dentists | San Luis Obispo Dentists | King City Dentists\",\"potentialAction\":[{\"@type\":\"SearchAction\",\"target\":{\"@type\":\"EntryPoint\",\"urlTemplate\":\"https:\/\/friendlysmilesdental.com\/es\/?s={search_term_string}\"},\"query-input\":{\"@type\":\"PropertyValueSpecification\",\"valueRequired\":true,\"valueName\":\"search_term_string\"}}],\"inLanguage\":\"es\"}]}<\/script>\n<!-- \/ Yoast SEO plugin. -->","yoast_head_json":{"title":"Labio leporino y paladar hendido | Friendly Smiles Dental | Costa Central","description":"El labio leporino y el paladar hendido son deformidades muy tratables, aunque puede ser necesario todo un equipo de diferentes especialistas para tratarlas por completo.","robots":{"index":"index","follow":"follow","max-snippet":"max-snippet:-1","max-image-preview":"max-image-preview:large","max-video-preview":"max-video-preview:-1"},"canonical":"https:\/\/friendlysmilesdental.com\/es\/labio-leporino-y-paladar-hendido\/","og_locale":"es_ES","og_type":"article","og_title":"Labio leporino y paladar hendido | Friendly Smiles Dental | Costa Central","og_description":"El labio leporino y el paladar hendido son deformidades muy tratables, aunque puede ser necesario todo un equipo de diferentes especialistas para tratarlas por completo.","og_url":"https:\/\/friendlysmilesdental.com\/es\/labio-leporino-y-paladar-hendido\/","og_site_name":"Friendly Smiles Dental","article_modified_time":"2024-04-09T23:31:40+00:00","twitter_card":"summary_large_image","twitter_misc":{"Tiempo de lectura":"9 minutos"},"schema":{"@context":"https:\/\/schema.org","@graph":[{"@type":"WebPage","@id":"https:\/\/friendlysmilesdental.com\/es\/labio-leporino-y-paladar-hendido\/","url":"https:\/\/friendlysmilesdental.com\/es\/labio-leporino-y-paladar-hendido\/","name":"Labio leporino y paladar hendido | Friendly Smiles Dental | Costa Central","isPartOf":{"@id":"https:\/\/friendlysmilesdental.com\/es\/#website"},"datePublished":"2019-10-09T19:16:17+00:00","dateModified":"2024-04-09T23:31:40+00:00","description":"El labio leporino y el paladar hendido son deformidades muy tratables, aunque puede ser necesario todo un equipo de diferentes especialistas para tratarlas por completo.","breadcrumb":{"@id":"https:\/\/friendlysmilesdental.com\/es\/labio-leporino-y-paladar-hendido\/#breadcrumb"},"inLanguage":"es","potentialAction":[{"@type":"ReadAction","target":["https:\/\/friendlysmilesdental.com\/es\/labio-leporino-y-paladar-hendido\/"]}]},{"@type":"BreadcrumbList","@id":"https:\/\/friendlysmilesdental.com\/es\/labio-leporino-y-paladar-hendido\/#breadcrumb","itemListElement":[{"@type":"ListItem","position":1,"name":"Home","item":"https:\/\/friendlysmilesdental.com\/es\/inicio\/"},{"@type":"ListItem","position":2,"name":"Labio leporino y paladar hendido"}]},{"@type":"WebSite","@id":"https:\/\/friendlysmilesdental.com\/es\/#website","url":"https:\/\/friendlysmilesdental.com\/es\/","name":"Friendly Smiles Dental","description":"Santa Maria Dentists | San Luis Obispo Dentists | King City Dentists","potentialAction":[{"@type":"SearchAction","target":{"@type":"EntryPoint","urlTemplate":"https:\/\/friendlysmilesdental.com\/es\/?s={search_term_string}"},"query-input":{"@type":"PropertyValueSpecification","valueRequired":true,"valueName":"search_term_string"}}],"inLanguage":"es"}]}},"_links":{"self":[{"href":"https:\/\/friendlysmilesdental.com\/es\/wp-json\/wp\/v2\/pages\/3113"}],"collection":[{"href":"https:\/\/friendlysmilesdental.com\/es\/wp-json\/wp\/v2\/pages"}],"about":[{"href":"https:\/\/friendlysmilesdental.com\/es\/wp-json\/wp\/v2\/types\/page"}],"author":[{"embeddable":true,"href":"https:\/\/friendlysmilesdental.com\/es\/wp-json\/wp\/v2\/users\/4"}],"replies":[{"embeddable":true,"href":"https:\/\/friendlysmilesdental.com\/es\/wp-json\/wp\/v2\/comments?post=3113"}],"version-history":[{"count":2,"href":"https:\/\/friendlysmilesdental.com\/es\/wp-json\/wp\/v2\/pages\/3113\/revisions"}],"predecessor-version":[{"id":3115,"href":"https:\/\/friendlysmilesdental.com\/es\/wp-json\/wp\/v2\/pages\/3113\/revisions\/3115"}],"wp:attachment":[{"href":"https:\/\/friendlysmilesdental.com\/es\/wp-json\/wp\/v2\/media?parent=3113"}],"curies":[{"name":"wp","href":"https:\/\/api.w.org\/{rel}","templated":true}]}}