{"id":3116,"date":"2019-10-09T19:06:14","date_gmt":"2019-10-09T19:06:14","guid":{"rendered":"https:\/\/friendlysmilesdental.com\/atm-disfuncion-de-la-articulacion-temporomandibular\/"},"modified":"2024-04-09T23:32:16","modified_gmt":"2024-04-09T23:32:16","slug":"atm-disfuncion-de-la-articulacion-temporomandibular","status":"publish","type":"page","link":"https:\/\/friendlysmilesdental.com\/es\/atm-disfuncion-de-la-articulacion-temporomandibular\/","title":{"rendered":"ATM (Disfunci\u00f3n de la articulaci\u00f3n temporomandibular)"},"content":{"rendered":"<p><div class=\"fusion-fullwidth fullwidth-box fusion-builder-row-1 nonhundred-percent-fullwidth non-hundred-percent-height-scrolling\" style=\"--awb-border-radius-top-left:0px;--awb-border-radius-top-right:0px;--awb-border-radius-bottom-right:0px;--awb-border-radius-bottom-left:0px;--awb-padding-top:0px;--awb-padding-right:30px;--awb-padding-bottom:0px;--awb-padding-left:30px;--awb-flex-wrap:wrap;\" ><div class=\"fusion-builder-row fusion-row\"><div class=\"fusion-layout-column fusion_builder_column fusion-builder-column-0 fusion_builder_column_1_2 1_2 fusion-one-half fusion-column-first\" style=\"--awb-bg-size:cover;width:50%;width:calc(50% - ( ( 4% ) * 0.5 ) );margin-right: 4%;\"><div class=\"fusion-column-wrapper fusion-column-has-shadow fusion-flex-column-wrapper-legacy\"><div class=\"fusion-text fusion-text-1\"><h1 align=\"left\">ATM<\/h1>\n<h2 align=\"left\">Disfunci\u00f3n de la articulaci\u00f3n tempromandibular<\/h2>\n<\/div><div class=\"fusion-sep-clear\"><\/div><div class=\"fusion-separator fusion-clearfix\" style=\"float:left;margin-top:22px;margin-bottom:25px;width:100%;max-width:100px;\"><div class=\"fusion-separator-border sep-single sep-solid\" style=\"--awb-height:20px;--awb-amount:20px;--awb-sep-color:#6589c0;border-color:#6589c0;border-top-width:2px;\"><\/div><\/div><div class=\"fusion-sep-clear\"><\/div><div class=\"fusion-text fusion-text-2\"><p style=\"text-align: left;\" align=\"left\">El s\u00edndrome de disfunci\u00f3n de la articulaci\u00f3n temporomandibular (ATM) es una afecci\u00f3n com\u00fan que afecta a una gran variedad de personas. La ATM se caracteriza por fuertes dolores de cabeza, dolor mandibular de diversos grados, rechinar de dientes y un zumbido intermitente en los o\u00eddos. La gran mayor\u00eda de las personas que sufren ATM desconocen que la causa fundamental de estos problemas es algo que un dentista puede tratar eficazmente.<\/p>\n<p style=\"text-align: left;\" align=\"left\">Los s\u00edntomas de la ATM son debilitantes y pueden interferir enormemente en la vida cotidiana. La comodidad y el bienestar general del paciente constituyen el n\u00facleo de la consulta dental, por lo que el alivio del dolor es la primera consideraci\u00f3n del dentista. El dentista puede realizar pruebas, diagnosticar y dise\u00f1ar un plan inmediato para tratar las causas subyacentes del trastorno de la ATM.<\/p>\n<h2 align=\"left\">Razones para tratar la ATM<\/h2>\n<p style=\"text-align: left;\" align=\"left\">Las personas que sufren ATM afirman que sus s\u00edntomas suelen empeorar durante periodos de estr\u00e9s prolongado o inesperado, y que los brotes intensos de esta afecci\u00f3n pueden provocar dolor de cuello y mareos.<\/p>\n<p style=\"text-align: left;\" align=\"left\">La causa m\u00e1s com\u00fan de la ATM es la desalineaci\u00f3n de los dientes, a menudo llamada \u00abmala mordida\u00bb. El dentista puede realinear o ajustar los dientes sin necesidad de intervenciones quir\u00fargicas dolorosas o costosas. La realineaci\u00f3n\/ajuste detendr\u00e1 los fuertes dolores de cabeza, el dolor de mand\u00edbula y los mareos.<\/p>\n<p style=\"text-align: left;\" align=\"left\">El s\u00edntoma de rechinar los dientes es especialmente frecuente y suele producirse por la noche. El rechinamiento acabar\u00e1 erosionando la estructura de los dientes y provocar\u00e1 problemas dentales mucho m\u00e1s graves en el futuro. La ATM no tratada es uno de los principales factores subyacentes de la erosi\u00f3n de los huesos maxilares y la p\u00e9rdida de dientes.<\/p>\n<p style=\"text-align: left;\" align=\"left\">Es importante que cualquier persona que experimente los s\u00edntomas de la ATM visite al dentista para obtener un diagn\u00f3stico exacto.<\/p>\n<\/div><div class=\"fusion-clearfix\"><\/div><\/div><\/div><div class=\"fusion-layout-column fusion_builder_column fusion-builder-column-1 fusion_builder_column_1_2 1_2 fusion-one-half fusion-column-last\" style=\"--awb-bg-size:cover;width:50%;width:calc(50% - ( ( 4% ) * 0.5 ) );\"><div class=\"fusion-column-wrapper fusion-column-has-shadow fusion-flex-column-wrapper-legacy\"><div class=\"fusion-text fusion-text-3\"><p><img decoding=\"async\" class=\"lazyload alignnone size-full wp-image-2044\" src=\"https:\/\/friendlysmilesdental.com\/wp-content\/uploads\/2020\/01\/tmj-san-luis-obispo.jpg\" data-orig-src=\"https:\/\/friendlysmilesdental.com\/wp-content\/uploads\/2020\/01\/tmj-san-luis-obispo.jpg\" alt=\"Dentista TMJ en San Luis Obispo\" width=\"550\" height=\"367\" srcset=\"data:image\/svg+xml,%3Csvg%20xmlns%3D%27http%3A%2F%2Fwww.w3.org%2F2000%2Fsvg%27%20width%3D%27550%27%20height%3D%27367%27%20viewBox%3D%270%200%20550%20367%27%3E%3Crect%20width%3D%27550%27%20height%3D%27367%27%20fill-opacity%3D%220%22%2F%3E%3C%2Fsvg%3E\" data-srcset=\"https:\/\/friendlysmilesdental.com\/wp-content\/uploads\/2020\/01\/tmj-san-luis-obispo-200x133.jpg 200w, https:\/\/friendlysmilesdental.com\/wp-content\/uploads\/2020\/01\/tmj-san-luis-obispo-300x200.jpg 300w, https:\/\/friendlysmilesdental.com\/wp-content\/uploads\/2020\/01\/tmj-san-luis-obispo-400x267.jpg 400w, https:\/\/friendlysmilesdental.com\/wp-content\/uploads\/2020\/01\/tmj-san-luis-obispo.jpg 550w\" data-sizes=\"auto\" data-orig-sizes=\"(max-width: 550px) 100vw, 550px\" \/><\/p>\n<\/div><div class=\"fusion-sep-clear\"><\/div><div class=\"fusion-separator fusion-full-width-sep\" style=\"margin-left: auto;margin-right: auto;margin-top:1%;margin-bottom:1%;width:100%;\"><\/div><div class=\"fusion-sep-clear\"><\/div><div class=\"fusion-text fusion-text-4\"><h2 align=\"left\">\u00bfEn qu\u00e9 consiste el tratamiento de la ATM?<\/h2>\n<p style=\"text-align: left;\" align=\"left\">La ATM puede ser el resultado de varios problemas diferentes. Una mala mordedura es lo m\u00e1s com\u00fan, pero una lesi\u00f3n resultante de un golpe en el cart\u00edlago del menisco tambi\u00e9n es una posibilidad. Inicialmente, el dentista examinar\u00e1 a fondo la zona de la mand\u00edbula, la mordida del paciente, tomar\u00e1 radiograf\u00edas y revisar\u00e1 el historial del paciente para realizar un diagn\u00f3stico preciso y recomendar el tratamiento necesario.<\/p>\n<p style=\"text-align: left;\" align=\"left\">Una vez que se ha llegado a un diagn\u00f3stico firme, existen varias formas de alivio. Se puede crear un protector de mordida especialmente moldeado para detener el rechinar de dientes durante la noche. El dentista puede recomendar un an\u00e1lisis de la relaci\u00f3n de mordida. El dentista tambi\u00e9n puede aconsejarle t\u00e9cnicas de relajaci\u00f3n para reducir los efectos del estr\u00e9s. Como \u00faltima alternativa, el dentista tambi\u00e9n puede recetar relajantes musculares.<\/p>\n<p style=\"text-align: left;\" align=\"left\">Una opci\u00f3n mejor es cambiar la forma de los dientes y deshacerse por completo de la mala mordida, lo que suele llamarse \u00abrealineaci\u00f3n\u00bb. Esto es especialmente \u00fatil porque alivia los s\u00edntomas de la ATM y tambi\u00e9n puede mejorar el aspecto est\u00e9tico de los dientes. La realineaci\u00f3n consiste en ajustar la relaci\u00f3n entre los dientes superiores y los inferiores. Esto puede requerir nuevas restauraciones y\/o ajustar tambi\u00e9n los dientes naturales. No es un procedimiento doloroso, y el dentista lo ha realizado con gran \u00e9xito en numerosas ocasiones. Como en cualquier procedimiento, el dentista estar\u00e1 encantado de responder a sus preguntas y comentar los s\u00edntomas, las opciones y los tratamientos.<\/p>\n<p style=\"text-align: left;\" align=\"left\"><em>Si usted est\u00e1 experimentando cualquier s\u00edntoma de la ATM, le animamos a ponerse en contacto con nuestra oficina hoy para programar una cita.<\/em><\/p>\n<\/div><div class=\"fusion-clearfix\"><\/div><\/div><\/div><\/div><\/div><div class=\"fusion-bg-parallax\" data-bg-align=\"center center\" data-direction=\"right\" data-mute=\"false\" data-opacity=\"100\" data-velocity=\"-0.8\" data-mobile-enabled=\"false\" data-break_parents=\"0\" data-bg-image=\"https:\/\/friendlysmilesdental.com\/wp-content\/uploads\/2020\/01\/best-san-luis-obispo-dentist.jpg\" data-bg-repeat=\"false\" ><\/div><div class=\"fusion-fullwidth fullwidth-box fusion-builder-row-2 fusion-parallax-right nonhundred-percent-fullwidth non-hundred-percent-height-scrolling lazyload\" style=\"--awb-border-radius-top-left:0px;--awb-border-radius-top-right:0px;--awb-border-radius-bottom-right:0px;--awb-border-radius-bottom-left:0px;--awb-padding-top:40px;--awb-padding-bottom:50px;--awb-background-size:cover;--awb-flex-wrap:wrap;\" data-bg=\"https:\/\/friendlysmilesdental.com\/wp-content\/uploads\/2020\/01\/best-san-luis-obispo-dentist.jpg\" ><div class=\"fusion-builder-row fusion-row\"><div class=\"fusion-layout-column fusion_builder_column fusion-builder-column-2 fusion_builder_column_1_1 1_1 fusion-one-full fusion-column-first fusion-column-last\" style=\"--awb-bg-size:cover;--awb-margin-top:3%;--awb-margin-bottom:3%;\"><div class=\"fusion-column-wrapper fusion-column-has-shadow fusion-flex-column-wrapper-legacy\"><div class=\"fusion-text fusion-text-5\"><h2 style=\"text-align: center;\"><span style=\"color: #ffffff;\">\u00bfListo para sonre\u00edr?<\/span><\/h2>\n<\/div><div class=\"fusion-sep-clear\"><\/div><div class=\"fusion-separator fusion-full-width-sep\" style=\"margin-left: auto;margin-right: auto;margin-top:15px;width:100%;\"><\/div><div class=\"fusion-sep-clear\"><\/div><div class=\"fusion-aligncenter\"><a class=\"fusion-button button-flat fusion-button-default-size button-custom fusion-button-default button-1 fusion-button-default-span fusion-button-default-type\" style=\"--button_accent_color:#ffffff;--button_accent_hover_color:#6487c2;--button_border_hover_color:#6487c2;--button_gradient_top_color:#4fc3a3;--button_gradient_bottom_color:#4fc3a3;--button_gradient_top_color_hover:#ffffff;--button_gradient_bottom_color_hover:#ffffff;\" target=\"_self\" href=\"https:\/\/friendlysmilesdental.com\/es\/reservar-cita\/\"><i class=\"fa-plus fas button-icon-left\" aria-hidden=\"true\"><\/i><span class=\"fusion-button-text\">Solicitar una cita<\/span><\/a><\/div><div class=\"fusion-sep-clear\"><\/div><div class=\"fusion-separator fusion-full-width-sep\" style=\"margin-left: auto;margin-right: auto;margin-top:15px;width:100%;\"><\/div><div class=\"fusion-sep-clear\"><\/div><div class=\"fusion-text fusion-text-6\"><h3 style=\"text-align: center;\"><span style=\"color: #ffffff;\">Estamos orgullosos de aceptar Medi-Cal y tomar la mayor\u00eda de las formas de seguro en todas nuestras oficinas dentales.<\/span><\/h3>\n<\/div><div class=\"fusion-clearfix\"><\/div><\/div><\/div><\/div><\/div><\/p>\n","protected":false},"excerpt":{"rendered":"","protected":false},"author":4,"featured_media":0,"parent":0,"menu_order":0,"comment_status":"closed","ping_status":"open","template":"100-width.php","meta":{"footnotes":""},"yoast_head":"<!-- This site is optimized with the Yoast SEO plugin v23.9 - https:\/\/yoast.com\/wordpress\/plugins\/seo\/ -->\n<title>TMJ o S\u00edndrome de Disfunci\u00f3n de la Articulaci\u00f3n Tempro-Mandibular | San Luis Obispo<\/title>\n<meta name=\"description\" content=\"La ATM o s\u00edndrome de disfunci\u00f3n de la articulaci\u00f3n temporomandibular es una afecci\u00f3n com\u00fan caracterizada por fuertes dolores de cabeza, dolor de mand\u00edbula, rechinar de dientes y un zumbido intermitente en los o\u00eddos.\" \/>\n<meta name=\"robots\" content=\"index, follow, max-snippet:-1, max-image-preview:large, max-video-preview:-1\" \/>\n<link rel=\"canonical\" href=\"https:\/\/friendlysmilesdental.com\/es\/atm-disfuncion-de-la-articulacion-temporomandibular\/\" \/>\n<meta property=\"og:locale\" content=\"es_ES\" \/>\n<meta property=\"og:type\" content=\"article\" \/>\n<meta property=\"og:title\" content=\"TMJ o S\u00edndrome de Disfunci\u00f3n de la Articulaci\u00f3n Tempro-Mandibular | San Luis Obispo\" \/>\n<meta property=\"og:description\" content=\"La ATM o s\u00edndrome de disfunci\u00f3n de la articulaci\u00f3n temporomandibular es una afecci\u00f3n com\u00fan caracterizada por fuertes dolores de cabeza, dolor de mand\u00edbula, rechinar de dientes y un zumbido intermitente en los o\u00eddos.\" \/>\n<meta property=\"og:url\" content=\"https:\/\/friendlysmilesdental.com\/es\/atm-disfuncion-de-la-articulacion-temporomandibular\/\" \/>\n<meta property=\"og:site_name\" content=\"Friendly Smiles Dental\" \/>\n<meta property=\"article:modified_time\" content=\"2024-04-09T23:32:16+00:00\" \/>\n<meta property=\"og:image\" content=\"https:\/\/friendlysmilesdental.com\/wp-content\/uploads\/2020\/01\/tmj-san-luis-obispo.jpg\" \/>\n<meta name=\"twitter:card\" content=\"summary_large_image\" \/>\n<meta name=\"twitter:label1\" content=\"Tiempo de lectura\" \/>\n\t<meta name=\"twitter:data1\" content=\"10 minutos\" \/>\n<script type=\"application\/ld+json\" class=\"yoast-schema-graph\">{\"@context\":\"https:\/\/schema.org\",\"@graph\":[{\"@type\":\"WebPage\",\"@id\":\"https:\/\/friendlysmilesdental.com\/es\/atm-disfuncion-de-la-articulacion-temporomandibular\/\",\"url\":\"https:\/\/friendlysmilesdental.com\/es\/atm-disfuncion-de-la-articulacion-temporomandibular\/\",\"name\":\"TMJ o S\u00edndrome de Disfunci\u00f3n de la Articulaci\u00f3n Tempro-Mandibular | San Luis Obispo\",\"isPartOf\":{\"@id\":\"https:\/\/friendlysmilesdental.com\/es\/#website\"},\"primaryImageOfPage\":{\"@id\":\"https:\/\/friendlysmilesdental.com\/es\/atm-disfuncion-de-la-articulacion-temporomandibular\/#primaryimage\"},\"image\":{\"@id\":\"https:\/\/friendlysmilesdental.com\/es\/atm-disfuncion-de-la-articulacion-temporomandibular\/#primaryimage\"},\"thumbnailUrl\":\"https:\/\/friendlysmilesdental.com\/wp-content\/uploads\/2020\/01\/tmj-san-luis-obispo.jpg\",\"datePublished\":\"2019-10-09T19:06:14+00:00\",\"dateModified\":\"2024-04-09T23:32:16+00:00\",\"description\":\"La ATM o s\u00edndrome de disfunci\u00f3n de la articulaci\u00f3n temporomandibular es una afecci\u00f3n com\u00fan caracterizada por fuertes dolores de cabeza, dolor de mand\u00edbula, rechinar de dientes y un zumbido intermitente en los o\u00eddos.\",\"breadcrumb\":{\"@id\":\"https:\/\/friendlysmilesdental.com\/es\/atm-disfuncion-de-la-articulacion-temporomandibular\/#breadcrumb\"},\"inLanguage\":\"es\",\"potentialAction\":[{\"@type\":\"ReadAction\",\"target\":[\"https:\/\/friendlysmilesdental.com\/es\/atm-disfuncion-de-la-articulacion-temporomandibular\/\"]}]},{\"@type\":\"ImageObject\",\"inLanguage\":\"es\",\"@id\":\"https:\/\/friendlysmilesdental.com\/es\/atm-disfuncion-de-la-articulacion-temporomandibular\/#primaryimage\",\"url\":\"https:\/\/friendlysmilesdental.com\/wp-content\/uploads\/2020\/01\/tmj-san-luis-obispo.jpg\",\"contentUrl\":\"https:\/\/friendlysmilesdental.com\/wp-content\/uploads\/2020\/01\/tmj-san-luis-obispo.jpg\"},{\"@type\":\"BreadcrumbList\",\"@id\":\"https:\/\/friendlysmilesdental.com\/es\/atm-disfuncion-de-la-articulacion-temporomandibular\/#breadcrumb\",\"itemListElement\":[{\"@type\":\"ListItem\",\"position\":1,\"name\":\"Home\",\"item\":\"https:\/\/friendlysmilesdental.com\/es\/inicio\/\"},{\"@type\":\"ListItem\",\"position\":2,\"name\":\"ATM (Disfunci\u00f3n de la articulaci\u00f3n temporomandibular)\"}]},{\"@type\":\"WebSite\",\"@id\":\"https:\/\/friendlysmilesdental.com\/es\/#website\",\"url\":\"https:\/\/friendlysmilesdental.com\/es\/\",\"name\":\"Friendly Smiles Dental\",\"description\":\"Santa Maria Dentists | San Luis Obispo Dentists | King City Dentists\",\"potentialAction\":[{\"@type\":\"SearchAction\",\"target\":{\"@type\":\"EntryPoint\",\"urlTemplate\":\"https:\/\/friendlysmilesdental.com\/es\/?s={search_term_string}\"},\"query-input\":{\"@type\":\"PropertyValueSpecification\",\"valueRequired\":true,\"valueName\":\"search_term_string\"}}],\"inLanguage\":\"es\"}]}<\/script>\n<!-- \/ Yoast SEO plugin. -->","yoast_head_json":{"title":"TMJ o S\u00edndrome de Disfunci\u00f3n de la Articulaci\u00f3n Tempro-Mandibular | San Luis Obispo","description":"La ATM o s\u00edndrome de disfunci\u00f3n de la articulaci\u00f3n temporomandibular es una afecci\u00f3n com\u00fan caracterizada por fuertes dolores de cabeza, dolor de mand\u00edbula, rechinar de dientes y un zumbido intermitente en los o\u00eddos.","robots":{"index":"index","follow":"follow","max-snippet":"max-snippet:-1","max-image-preview":"max-image-preview:large","max-video-preview":"max-video-preview:-1"},"canonical":"https:\/\/friendlysmilesdental.com\/es\/atm-disfuncion-de-la-articulacion-temporomandibular\/","og_locale":"es_ES","og_type":"article","og_title":"TMJ o S\u00edndrome de Disfunci\u00f3n de la Articulaci\u00f3n Tempro-Mandibular | San Luis Obispo","og_description":"La ATM o s\u00edndrome de disfunci\u00f3n de la articulaci\u00f3n temporomandibular es una afecci\u00f3n com\u00fan caracterizada por fuertes dolores de cabeza, dolor de mand\u00edbula, rechinar de dientes y un zumbido intermitente en los o\u00eddos.","og_url":"https:\/\/friendlysmilesdental.com\/es\/atm-disfuncion-de-la-articulacion-temporomandibular\/","og_site_name":"Friendly Smiles Dental","article_modified_time":"2024-04-09T23:32:16+00:00","og_image":[{"url":"https:\/\/friendlysmilesdental.com\/wp-content\/uploads\/2020\/01\/tmj-san-luis-obispo.jpg"}],"twitter_card":"summary_large_image","twitter_misc":{"Tiempo de lectura":"10 minutos"},"schema":{"@context":"https:\/\/schema.org","@graph":[{"@type":"WebPage","@id":"https:\/\/friendlysmilesdental.com\/es\/atm-disfuncion-de-la-articulacion-temporomandibular\/","url":"https:\/\/friendlysmilesdental.com\/es\/atm-disfuncion-de-la-articulacion-temporomandibular\/","name":"TMJ o S\u00edndrome de Disfunci\u00f3n de la Articulaci\u00f3n Tempro-Mandibular | San Luis Obispo","isPartOf":{"@id":"https:\/\/friendlysmilesdental.com\/es\/#website"},"primaryImageOfPage":{"@id":"https:\/\/friendlysmilesdental.com\/es\/atm-disfuncion-de-la-articulacion-temporomandibular\/#primaryimage"},"image":{"@id":"https:\/\/friendlysmilesdental.com\/es\/atm-disfuncion-de-la-articulacion-temporomandibular\/#primaryimage"},"thumbnailUrl":"https:\/\/friendlysmilesdental.com\/wp-content\/uploads\/2020\/01\/tmj-san-luis-obispo.jpg","datePublished":"2019-10-09T19:06:14+00:00","dateModified":"2024-04-09T23:32:16+00:00","description":"La ATM o s\u00edndrome de disfunci\u00f3n de la articulaci\u00f3n temporomandibular es una afecci\u00f3n com\u00fan caracterizada por fuertes dolores de cabeza, dolor de mand\u00edbula, rechinar de dientes y un zumbido intermitente en los o\u00eddos.","breadcrumb":{"@id":"https:\/\/friendlysmilesdental.com\/es\/atm-disfuncion-de-la-articulacion-temporomandibular\/#breadcrumb"},"inLanguage":"es","potentialAction":[{"@type":"ReadAction","target":["https:\/\/friendlysmilesdental.com\/es\/atm-disfuncion-de-la-articulacion-temporomandibular\/"]}]},{"@type":"ImageObject","inLanguage":"es","@id":"https:\/\/friendlysmilesdental.com\/es\/atm-disfuncion-de-la-articulacion-temporomandibular\/#primaryimage","url":"https:\/\/friendlysmilesdental.com\/wp-content\/uploads\/2020\/01\/tmj-san-luis-obispo.jpg","contentUrl":"https:\/\/friendlysmilesdental.com\/wp-content\/uploads\/2020\/01\/tmj-san-luis-obispo.jpg"},{"@type":"BreadcrumbList","@id":"https:\/\/friendlysmilesdental.com\/es\/atm-disfuncion-de-la-articulacion-temporomandibular\/#breadcrumb","itemListElement":[{"@type":"ListItem","position":1,"name":"Home","item":"https:\/\/friendlysmilesdental.com\/es\/inicio\/"},{"@type":"ListItem","position":2,"name":"ATM (Disfunci\u00f3n de la articulaci\u00f3n temporomandibular)"}]},{"@type":"WebSite","@id":"https:\/\/friendlysmilesdental.com\/es\/#website","url":"https:\/\/friendlysmilesdental.com\/es\/","name":"Friendly Smiles Dental","description":"Santa Maria Dentists | San Luis Obispo Dentists | King City Dentists","potentialAction":[{"@type":"SearchAction","target":{"@type":"EntryPoint","urlTemplate":"https:\/\/friendlysmilesdental.com\/es\/?s={search_term_string}"},"query-input":{"@type":"PropertyValueSpecification","valueRequired":true,"valueName":"search_term_string"}}],"inLanguage":"es"}]}},"_links":{"self":[{"href":"https:\/\/friendlysmilesdental.com\/es\/wp-json\/wp\/v2\/pages\/3116"}],"collection":[{"href":"https:\/\/friendlysmilesdental.com\/es\/wp-json\/wp\/v2\/pages"}],"about":[{"href":"https:\/\/friendlysmilesdental.com\/es\/wp-json\/wp\/v2\/types\/page"}],"author":[{"embeddable":true,"href":"https:\/\/friendlysmilesdental.com\/es\/wp-json\/wp\/v2\/users\/4"}],"replies":[{"embeddable":true,"href":"https:\/\/friendlysmilesdental.com\/es\/wp-json\/wp\/v2\/comments?post=3116"}],"version-history":[{"count":2,"href":"https:\/\/friendlysmilesdental.com\/es\/wp-json\/wp\/v2\/pages\/3116\/revisions"}],"predecessor-version":[{"id":3118,"href":"https:\/\/friendlysmilesdental.com\/es\/wp-json\/wp\/v2\/pages\/3116\/revisions\/3118"}],"wp:attachment":[{"href":"https:\/\/friendlysmilesdental.com\/es\/wp-json\/wp\/v2\/media?parent=3116"}],"curies":[{"name":"wp","href":"https:\/\/api.w.org\/{rel}","templated":true}]}}