{"id":3119,"date":"2019-10-09T18:11:05","date_gmt":"2019-10-09T18:11:05","guid":{"rendered":"https:\/\/friendlysmilesdental.com\/cirugia-oral\/"},"modified":"2024-04-09T23:32:53","modified_gmt":"2024-04-09T23:32:53","slug":"cirugia-oral","status":"publish","type":"page","link":"https:\/\/friendlysmilesdental.com\/es\/cirugia-oral\/","title":{"rendered":"Cirug\u00eda oral"},"content":{"rendered":"<p><div class=\"fusion-fullwidth fullwidth-box fusion-builder-row-1 nonhundred-percent-fullwidth non-hundred-percent-height-scrolling fusion-equal-height-columns\" style=\"--awb-border-radius-top-left:0px;--awb-border-radius-top-right:0px;--awb-border-radius-bottom-right:0px;--awb-border-radius-bottom-left:0px;--awb-padding-top:0px;--awb-padding-right:0px;--awb-padding-bottom:0px;--awb-padding-left:0px;--awb-background-color:#ffffff;--awb-flex-wrap:wrap;\" ><div class=\"fusion-builder-row fusion-row\"><div class=\"fusion-layout-column fusion_builder_column fusion-builder-column-0 fusion_builder_column_1_5 1_5 fusion-one-fifth fusion-column-first fusion-column-no-min-height fusion-no-small-visibility\" style=\"--awb-bg-size:cover;width:20%;width:calc(20% - ( ( 4% + 4% ) * 0.2 ) );margin-right: 4%;\"><div class=\"fusion-column-wrapper fusion-flex-column-wrapper-legacy\"><div class=\"fusion-clearfix\"><\/div><\/div><\/div><div class=\"fusion-layout-column fusion_builder_column fusion-builder-column-1 fusion_builder_column_3_5 3_5 fusion-three-fifth fusion-column-no-min-height\" style=\"--awb-padding-right:6%;--awb-padding-left:6%;--awb-bg-size:cover;--awb-margin-top:2%;--awb-margin-bottom:30px;width:60%;width:calc(60% - ( ( 4% + 4% ) * 0.6 ) );margin-right: 4%;\"><div class=\"fusion-column-wrapper fusion-column-has-shadow fusion-flex-column-wrapper-legacy\"><div class=\"fusion-text fusion-text-1\"><h1 style=\"text-align: center;\">Cirug\u00eda oral<\/h1>\n<\/div><div class=\"fusion-sep-clear\"><\/div><div class=\"fusion-separator\" style=\"margin-left: auto;margin-right: auto;margin-top:22px;margin-bottom:35px;width:100%;max-width:100px;\"><div class=\"fusion-separator-border sep-single sep-solid\" style=\"--awb-height:20px;--awb-amount:20px;--awb-sep-color:#6589c0;border-color:#6589c0;border-top-width:2px;\"><\/div><\/div><div class=\"fusion-sep-clear\"><\/div><div class=\"fusion-text fusion-text-2\"><p style=\"text-align: left;\" align=\"left\">Los cirujanos orales y maxilofaciales son especialistas con formaci\u00f3n avanzada y experiencia en el diagn\u00f3stico y tratamiento de diversas afecciones y lesiones de cabeza y cuello. Tras cuatro a\u00f1os en la facultad de Odontolog\u00eda, un cirujano oral y maxilofacial completa de cuatro a seis a\u00f1os de formaci\u00f3n formal adicional en el tratamiento del complejo craneomaxilofacial. Esta especialidad es una de las 9 especialidades odontol\u00f3gicas reconocidas internacionalmente y por la Asociaci\u00f3n Dental Americana (ADA).<\/p>\n<p style=\"text-align: left;\" align=\"left\">Un cirujano maxilofacial puede diagnosticar y tratar una amplia variedad de afecciones. A continuaci\u00f3n se enumeran algunas de las muchas afecciones, tratamientos y procedimientos con los que se enfrentan a diario los cirujanos orales y maxilofaciales:<\/p>\n<ul>\n<li>\n<div style=\"text-align: left;\" align=\"left\">ATM, dolor facial y reconstrucci\u00f3n facial<\/div>\n<\/li>\n<li style=\"text-align: left;\">\n<div align=\"left\">Implantes dentales<\/div>\n<\/li>\n<li style=\"text-align: left;\">\n<div align=\"left\">Extracciones dentales y dientes impactados<\/div>\n<\/li>\n<li style=\"text-align: left;\">\n<div align=\"left\">Muelas del juicio<\/div>\n<\/li>\n<li style=\"text-align: left;\">\n<div align=\"left\">Mand\u00edbulas desalineadas<\/div>\n<\/li>\n<li style=\"text-align: left;\">\n<div align=\"left\">Labio leporino y paladar hendido<\/div>\n<\/li>\n<li style=\"text-align: left;\">\n<div align=\"left\">Apicectom\u00eda<\/div>\n<\/li>\n<li style=\"text-align: left;\">\n<div align=\"left\">C\u00e1ncer oral, tumores, quistes y biopsias<\/div>\n<\/li>\n<li style=\"text-align: left;\">\n<div align=\"left\">Apnea del sue\u00f1o<\/div>\n<\/li>\n<li style=\"text-align: left;\">\n<div align=\"left\">Cirug\u00eda est\u00e9tica facial<\/div>\n<\/li>\n<\/ul>\n<p style=\"text-align: left;\" align=\"left\">Si su dentista le refiere a nuestra oficina, usted tiene dolor o s\u00edntomas que le causan preocupaci\u00f3n, o simplemente tiene preguntas que le gustar\u00eda responder, por favor p\u00f3ngase en contacto con nuestra oficina hoy para programar una cita. Estamos aqu\u00ed para responder a sus preguntas y proporcionarle el tratamiento que se merece.<\/p>\n<\/div><div class=\"fusion-clearfix\"><\/div><\/div><\/div><div class=\"fusion-layout-column fusion_builder_column fusion-builder-column-2 fusion_builder_column_1_5 1_5 fusion-one-fifth fusion-column-last fusion-column-no-min-height fusion-no-small-visibility\" style=\"--awb-bg-size:cover;width:20%;width:calc(20% - ( ( 4% + 4% ) * 0.2 ) );\"><div class=\"fusion-column-wrapper fusion-flex-column-wrapper-legacy\"><div class=\"fusion-clearfix\"><\/div><\/div><\/div><\/div><\/div><div class=\"fusion-fullwidth fullwidth-box fusion-builder-row-2 nonhundred-percent-fullwidth non-hundred-percent-height-scrolling fusion-equal-height-columns\" style=\"--awb-border-radius-top-left:0px;--awb-border-radius-top-right:0px;--awb-border-radius-bottom-right:0px;--awb-border-radius-bottom-left:0px;--awb-margin-top:2%;--awb-margin-bottom:2%;--awb-flex-wrap:wrap;\" ><div class=\"fusion-builder-row fusion-row\"><div class=\"fusion-layout-column fusion_builder_column fusion-builder-column-3 fusion_builder_column_1_2 1_2 fusion-one-half fusion-column-first fusion-column-inner-bg-wrapper\" style=\"--awb-padding-top:16px;--awb-padding-right:30px;--awb-padding-bottom:16px;--awb-padding-left:30px;--awb-inner-bg-position:center center;--awb-inner-bg-size:cover;--awb-margin-top:1%;--awb-margin-bottom:12px;width:50%;width:calc(50% - ( ( 4% ) * 0.5 ) );margin-right: 4%;\"><span class=\"fusion-column-inner-bg hover-type-zoomout\"><a class=\"fusion-column-anchor\" href=\"https:\/\/friendlysmilesdental.com\/es\/injertos-oseos\/\"><span class=\"fusion-column-inner-bg-image lazyload\" data-bg=\"http:\/\/friendlysmilesdental.com\/wp-content\/uploads\/2019\/10\/bone-grafting-k.jpg\"><\/span><\/a><\/span><div class=\"fusion-column-wrapper fusion-column-has-shadow fusion-flex-column-wrapper-legacy fusion-column-has-bg-image\" data-bg-url=\"http:\/\/friendlysmilesdental.com\/wp-content\/uploads\/2019\/10\/bone-grafting-k.jpg\"><div class=\"fusion-sep-clear\"><\/div><div class=\"fusion-separator fusion-full-width-sep\" style=\"margin-left: auto;margin-right: auto;margin-top:30%;width:100%;\"><\/div><div class=\"fusion-sep-clear\"><\/div><div class=\"fusion-text fusion-text-3\"><h2 style=\"font-size: 26px; line-height: 34px;\"><span style=\"color: #ffffff;\">Injertos \u00f3seos  &gt;<\/span><\/h2>\n<\/div><div class=\"fusion-sep-clear\"><\/div><div class=\"fusion-separator fusion-clearfix\" style=\"float:left;width:100%;max-width:30px;\"><div class=\"fusion-separator-border sep-single sep-solid\" style=\"--awb-height:20px;--awb-amount:20px;--awb-sep-color:#ffffff;border-color:#ffffff;border-top-width:2px;\"><\/div><\/div><div class=\"fusion-sep-clear\"><\/div><div class=\"fusion-clearfix\"><\/div><\/div><\/div><div class=\"fusion-layout-column fusion_builder_column fusion-builder-column-4 fusion_builder_column_1_2 1_2 fusion-one-half fusion-column-last fusion-column-inner-bg-wrapper\" style=\"--awb-padding-top:16px;--awb-padding-right:30px;--awb-padding-bottom:16px;--awb-padding-left:30px;--awb-inner-bg-position:center center;--awb-inner-bg-size:cover;--awb-margin-top:1%;--awb-margin-bottom:12px;width:50%;width:calc(50% - ( ( 4% ) * 0.5 ) );\"><span class=\"fusion-column-inner-bg hover-type-zoomout\"><a class=\"fusion-column-anchor\" href=\"https:\/\/friendlysmilesdental.com\/es\/apnea-del-sueno\/\"><span class=\"fusion-column-inner-bg-image lazyload\" data-bg=\"http:\/\/friendlysmilesdental.com\/wp-content\/uploads\/2019\/10\/sleep-apnea-k.jpg\"><\/span><\/a><\/span><div class=\"fusion-column-wrapper fusion-column-has-shadow fusion-flex-column-wrapper-legacy fusion-column-has-bg-image\" data-bg-url=\"http:\/\/friendlysmilesdental.com\/wp-content\/uploads\/2019\/10\/sleep-apnea-k.jpg\"><div class=\"fusion-sep-clear\"><\/div><div class=\"fusion-separator fusion-full-width-sep\" style=\"margin-left: auto;margin-right: auto;margin-top:30%;width:100%;\"><\/div><div class=\"fusion-sep-clear\"><\/div><div class=\"fusion-text fusion-text-4\"><h2 style=\"font-size: 26px; line-height: 34px;\"><span style=\"color: #ffffff;\">Apnea del sue\u00f1o  &gt;<\/span><\/h2>\n<\/div><div class=\"fusion-sep-clear\"><\/div><div class=\"fusion-separator fusion-clearfix\" style=\"float:left;width:100%;max-width:30px;\"><div class=\"fusion-separator-border sep-single sep-solid\" style=\"--awb-height:20px;--awb-amount:20px;--awb-sep-color:#ffffff;border-color:#ffffff;border-top-width:2px;\"><\/div><\/div><div class=\"fusion-sep-clear\"><\/div><div class=\"fusion-clearfix\"><\/div><\/div><\/div><div class=\"fusion-layout-column fusion_builder_column fusion-builder-column-5 fusion_builder_column_1_2 1_2 fusion-one-half fusion-column-first fusion-column-inner-bg-wrapper\" style=\"--awb-padding-top:16px;--awb-padding-right:30px;--awb-padding-bottom:16px;--awb-padding-left:30px;--awb-inner-bg-position:center center;--awb-inner-bg-size:cover;--awb-margin-top:1%;--awb-margin-bottom:12px;width:50%;width:calc(50% - ( ( 4% ) * 0.5 ) );margin-right: 4%;\"><span class=\"fusion-column-inner-bg hover-type-zoomout\"><a class=\"fusion-column-anchor\" href=\"https:\/\/friendlysmilesdental.com\/es\/atm-disfuncion-de-la-articulacion-temporomandibular\/\"><span class=\"fusion-column-inner-bg-image lazyload\" data-bg=\"http:\/\/friendlysmilesdental.com\/wp-content\/uploads\/2019\/10\/tmj-k.jpg\"><\/span><\/a><\/span><div class=\"fusion-column-wrapper fusion-column-has-shadow fusion-flex-column-wrapper-legacy fusion-column-has-bg-image\" data-bg-url=\"http:\/\/friendlysmilesdental.com\/wp-content\/uploads\/2019\/10\/tmj-k.jpg\"><div class=\"fusion-sep-clear\"><\/div><div class=\"fusion-separator fusion-full-width-sep\" style=\"margin-left: auto;margin-right: auto;margin-top:30%;width:100%;\"><\/div><div class=\"fusion-sep-clear\"><\/div><div class=\"fusion-text fusion-text-5\"><h3 style=\"font-size: 23px; line-height: 34px;\"><span style=\"color: #ffffff;\">ATM (Disfunci\u00f3n de la articulaci\u00f3n temporomandibular) &gt;<\/span><\/h3>\n<\/div><div class=\"fusion-sep-clear\"><\/div><div class=\"fusion-separator fusion-clearfix\" style=\"float:left;width:100%;max-width:30px;\"><div class=\"fusion-separator-border sep-single sep-solid\" style=\"--awb-height:20px;--awb-amount:20px;--awb-sep-color:#ffffff;border-color:#ffffff;border-top-width:2px;\"><\/div><\/div><div class=\"fusion-sep-clear\"><\/div><div class=\"fusion-clearfix\"><\/div><\/div><\/div><div class=\"fusion-layout-column fusion_builder_column fusion-builder-column-6 fusion_builder_column_1_2 1_2 fusion-one-half fusion-column-last fusion-column-inner-bg-wrapper\" style=\"--awb-padding-top:16px;--awb-padding-right:30px;--awb-padding-bottom:16px;--awb-padding-left:30px;--awb-inner-bg-position:center center;--awb-inner-bg-size:cover;--awb-margin-top:1%;--awb-margin-bottom:12px;width:50%;width:calc(50% - ( ( 4% ) * 0.5 ) );\"><span class=\"fusion-column-inner-bg hover-type-zoomout\"><a class=\"fusion-column-anchor\" href=\"https:\/\/friendlysmilesdental.com\/es\/extracciones-de-muelas-del-juicio\/\"><span class=\"fusion-column-inner-bg-image lazyload\" data-bg=\"http:\/\/friendlysmilesdental.com\/wp-content\/uploads\/2019\/10\/wisdom-teeth-k.jpg\"><\/span><\/a><\/span><div class=\"fusion-column-wrapper fusion-column-has-shadow fusion-flex-column-wrapper-legacy fusion-column-has-bg-image\" data-bg-url=\"http:\/\/friendlysmilesdental.com\/wp-content\/uploads\/2019\/10\/wisdom-teeth-k.jpg\"><div class=\"fusion-sep-clear\"><\/div><div class=\"fusion-separator fusion-full-width-sep\" style=\"margin-left: auto;margin-right: auto;margin-top:30%;width:100%;\"><\/div><div class=\"fusion-sep-clear\"><\/div><div class=\"fusion-text fusion-text-6\"><h2 style=\"font-size: 23px; line-height: 34px;\"><span style=\"color: #ffffff;\">Extracciones de muelas del juicio  &gt;<\/span><\/h2>\n<\/div><div class=\"fusion-sep-clear\"><\/div><div class=\"fusion-separator fusion-clearfix\" style=\"float:left;width:100%;max-width:30px;\"><div class=\"fusion-separator-border sep-single sep-solid\" style=\"--awb-height:20px;--awb-amount:20px;--awb-sep-color:#ffffff;border-color:#ffffff;border-top-width:2px;\"><\/div><\/div><div class=\"fusion-sep-clear\"><\/div><div class=\"fusion-clearfix\"><\/div><\/div><\/div><\/div><\/div><div class=\"fusion-bg-parallax\" data-bg-align=\"center center\" data-direction=\"right\" data-mute=\"false\" data-opacity=\"100\" data-velocity=\"-0.8\" data-mobile-enabled=\"false\" data-break_parents=\"0\" data-bg-image=\"https:\/\/friendlysmilesdental.com\/wp-content\/uploads\/2020\/01\/best-san-luis-obispo-dentist.jpg\" data-bg-repeat=\"false\" ><\/div><div class=\"fusion-fullwidth fullwidth-box fusion-builder-row-3 fusion-parallax-right nonhundred-percent-fullwidth non-hundred-percent-height-scrolling lazyload\" style=\"--awb-border-radius-top-left:0px;--awb-border-radius-top-right:0px;--awb-border-radius-bottom-right:0px;--awb-border-radius-bottom-left:0px;--awb-padding-top:40px;--awb-padding-bottom:50px;--awb-background-size:cover;--awb-flex-wrap:wrap;\" data-bg=\"https:\/\/friendlysmilesdental.com\/wp-content\/uploads\/2020\/01\/best-san-luis-obispo-dentist.jpg\" ><div class=\"fusion-builder-row fusion-row\"><div class=\"fusion-layout-column fusion_builder_column fusion-builder-column-7 fusion_builder_column_1_1 1_1 fusion-one-full fusion-column-first fusion-column-last\" style=\"--awb-bg-size:cover;--awb-margin-top:3%;--awb-margin-bottom:3%;\"><div class=\"fusion-column-wrapper fusion-column-has-shadow fusion-flex-column-wrapper-legacy\"><div class=\"fusion-text fusion-text-7\"><h2 style=\"text-align: center;\"><span style=\"color: #ffffff;\">\u00bfListo para sonre\u00edr?<\/span><\/h2>\n<\/div><div class=\"fusion-sep-clear\"><\/div><div class=\"fusion-separator fusion-full-width-sep\" style=\"margin-left: auto;margin-right: auto;margin-top:15px;width:100%;\"><\/div><div class=\"fusion-sep-clear\"><\/div><div class=\"fusion-aligncenter\"><a class=\"fusion-button button-flat fusion-button-default-size button-custom fusion-button-default button-1 fusion-button-default-span fusion-button-default-type\" style=\"--button_accent_color:#ffffff;--button_accent_hover_color:#6487c2;--button_border_hover_color:#6487c2;--button_gradient_top_color:#4fc3a3;--button_gradient_bottom_color:#4fc3a3;--button_gradient_top_color_hover:#ffffff;--button_gradient_bottom_color_hover:#ffffff;\" target=\"_self\" href=\"https:\/\/friendlysmilesdental.com\/es\/reservar-cita\/\"><i class=\"fa-plus fas button-icon-left\" aria-hidden=\"true\"><\/i><span class=\"fusion-button-text\">Solicitar una cita<\/span><\/a><\/div><div class=\"fusion-sep-clear\"><\/div><div class=\"fusion-separator fusion-full-width-sep\" style=\"margin-left: auto;margin-right: auto;margin-top:15px;width:100%;\"><\/div><div class=\"fusion-sep-clear\"><\/div><div class=\"fusion-text fusion-text-8\"><h3 style=\"text-align: center;\"><span style=\"color: #ffffff;\">Estamos orgullosos de aceptar Medi-Cal y tomar la mayor\u00eda de las formas de seguro en todas nuestras oficinas dentales.<\/span><\/h3>\n<\/div><div class=\"fusion-clearfix\"><\/div><\/div><\/div><\/div><\/div><\/p>\n","protected":false},"excerpt":{"rendered":"","protected":false},"author":4,"featured_media":0,"parent":0,"menu_order":0,"comment_status":"closed","ping_status":"open","template":"100-width.php","meta":{"footnotes":""},"yoast_head":"<!-- This site is optimized with the Yoast SEO plugin v23.9 - https:\/\/yoast.com\/wordpress\/plugins\/seo\/ -->\n<title>Cirug\u00eda Oral | San Luis Obispo Dentista Friendly Smiles | Santa Maria<\/title>\n<meta name=\"description\" content=\"Los cirujanos orales y maxilofaciales son especialistas con formaci\u00f3n avanzada y experiencia en el diagn\u00f3stico y tratamiento de diversas afecciones y lesiones de cabeza y cuello.\" \/>\n<meta name=\"robots\" content=\"index, follow, max-snippet:-1, max-image-preview:large, max-video-preview:-1\" \/>\n<link rel=\"canonical\" href=\"https:\/\/friendlysmilesdental.com\/es\/cirugia-oral\/\" \/>\n<meta property=\"og:locale\" content=\"es_ES\" \/>\n<meta property=\"og:type\" content=\"article\" \/>\n<meta property=\"og:title\" content=\"Cirug\u00eda Oral | San Luis Obispo Dentista Friendly Smiles | Santa Maria\" \/>\n<meta property=\"og:description\" content=\"Los cirujanos orales y maxilofaciales son especialistas con formaci\u00f3n avanzada y experiencia en el diagn\u00f3stico y tratamiento de diversas afecciones y lesiones de cabeza y cuello.\" \/>\n<meta property=\"og:url\" content=\"https:\/\/friendlysmilesdental.com\/es\/cirugia-oral\/\" \/>\n<meta property=\"og:site_name\" content=\"Friendly Smiles Dental\" \/>\n<meta property=\"article:modified_time\" content=\"2024-04-09T23:32:53+00:00\" \/>\n<meta name=\"twitter:card\" content=\"summary_large_image\" \/>\n<meta name=\"twitter:label1\" content=\"Tiempo de lectura\" \/>\n\t<meta name=\"twitter:data1\" content=\"14 minutos\" \/>\n<script type=\"application\/ld+json\" class=\"yoast-schema-graph\">{\"@context\":\"https:\/\/schema.org\",\"@graph\":[{\"@type\":\"WebPage\",\"@id\":\"https:\/\/friendlysmilesdental.com\/es\/cirugia-oral\/\",\"url\":\"https:\/\/friendlysmilesdental.com\/es\/cirugia-oral\/\",\"name\":\"Cirug\u00eda Oral | San Luis Obispo Dentista Friendly Smiles | Santa Maria\",\"isPartOf\":{\"@id\":\"https:\/\/friendlysmilesdental.com\/es\/#website\"},\"datePublished\":\"2019-10-09T18:11:05+00:00\",\"dateModified\":\"2024-04-09T23:32:53+00:00\",\"description\":\"Los cirujanos orales y maxilofaciales son especialistas con formaci\u00f3n avanzada y experiencia en el diagn\u00f3stico y tratamiento de diversas afecciones y lesiones de cabeza y cuello.\",\"breadcrumb\":{\"@id\":\"https:\/\/friendlysmilesdental.com\/es\/cirugia-oral\/#breadcrumb\"},\"inLanguage\":\"es\",\"potentialAction\":[{\"@type\":\"ReadAction\",\"target\":[\"https:\/\/friendlysmilesdental.com\/es\/cirugia-oral\/\"]}]},{\"@type\":\"BreadcrumbList\",\"@id\":\"https:\/\/friendlysmilesdental.com\/es\/cirugia-oral\/#breadcrumb\",\"itemListElement\":[{\"@type\":\"ListItem\",\"position\":1,\"name\":\"Home\",\"item\":\"https:\/\/friendlysmilesdental.com\/es\/inicio\/\"},{\"@type\":\"ListItem\",\"position\":2,\"name\":\"Cirug\u00eda oral\"}]},{\"@type\":\"WebSite\",\"@id\":\"https:\/\/friendlysmilesdental.com\/es\/#website\",\"url\":\"https:\/\/friendlysmilesdental.com\/es\/\",\"name\":\"Friendly Smiles Dental\",\"description\":\"Santa Maria Dentists | San Luis Obispo Dentists | King City Dentists\",\"potentialAction\":[{\"@type\":\"SearchAction\",\"target\":{\"@type\":\"EntryPoint\",\"urlTemplate\":\"https:\/\/friendlysmilesdental.com\/es\/?s={search_term_string}\"},\"query-input\":{\"@type\":\"PropertyValueSpecification\",\"valueRequired\":true,\"valueName\":\"search_term_string\"}}],\"inLanguage\":\"es\"}]}<\/script>\n<!-- \/ Yoast SEO plugin. -->","yoast_head_json":{"title":"Cirug\u00eda Oral | San Luis Obispo Dentista Friendly Smiles | Santa Maria","description":"Los cirujanos orales y maxilofaciales son especialistas con formaci\u00f3n avanzada y experiencia en el diagn\u00f3stico y tratamiento de diversas afecciones y lesiones de cabeza y cuello.","robots":{"index":"index","follow":"follow","max-snippet":"max-snippet:-1","max-image-preview":"max-image-preview:large","max-video-preview":"max-video-preview:-1"},"canonical":"https:\/\/friendlysmilesdental.com\/es\/cirugia-oral\/","og_locale":"es_ES","og_type":"article","og_title":"Cirug\u00eda Oral | San Luis Obispo Dentista Friendly Smiles | Santa Maria","og_description":"Los cirujanos orales y maxilofaciales son especialistas con formaci\u00f3n avanzada y experiencia en el diagn\u00f3stico y tratamiento de diversas afecciones y lesiones de cabeza y cuello.","og_url":"https:\/\/friendlysmilesdental.com\/es\/cirugia-oral\/","og_site_name":"Friendly Smiles Dental","article_modified_time":"2024-04-09T23:32:53+00:00","twitter_card":"summary_large_image","twitter_misc":{"Tiempo de lectura":"14 minutos"},"schema":{"@context":"https:\/\/schema.org","@graph":[{"@type":"WebPage","@id":"https:\/\/friendlysmilesdental.com\/es\/cirugia-oral\/","url":"https:\/\/friendlysmilesdental.com\/es\/cirugia-oral\/","name":"Cirug\u00eda Oral | San Luis Obispo Dentista Friendly Smiles | Santa Maria","isPartOf":{"@id":"https:\/\/friendlysmilesdental.com\/es\/#website"},"datePublished":"2019-10-09T18:11:05+00:00","dateModified":"2024-04-09T23:32:53+00:00","description":"Los cirujanos orales y maxilofaciales son especialistas con formaci\u00f3n avanzada y experiencia en el diagn\u00f3stico y tratamiento de diversas afecciones y lesiones de cabeza y cuello.","breadcrumb":{"@id":"https:\/\/friendlysmilesdental.com\/es\/cirugia-oral\/#breadcrumb"},"inLanguage":"es","potentialAction":[{"@type":"ReadAction","target":["https:\/\/friendlysmilesdental.com\/es\/cirugia-oral\/"]}]},{"@type":"BreadcrumbList","@id":"https:\/\/friendlysmilesdental.com\/es\/cirugia-oral\/#breadcrumb","itemListElement":[{"@type":"ListItem","position":1,"name":"Home","item":"https:\/\/friendlysmilesdental.com\/es\/inicio\/"},{"@type":"ListItem","position":2,"name":"Cirug\u00eda oral"}]},{"@type":"WebSite","@id":"https:\/\/friendlysmilesdental.com\/es\/#website","url":"https:\/\/friendlysmilesdental.com\/es\/","name":"Friendly Smiles Dental","description":"Santa Maria Dentists | San Luis Obispo Dentists | King City Dentists","potentialAction":[{"@type":"SearchAction","target":{"@type":"EntryPoint","urlTemplate":"https:\/\/friendlysmilesdental.com\/es\/?s={search_term_string}"},"query-input":{"@type":"PropertyValueSpecification","valueRequired":true,"valueName":"search_term_string"}}],"inLanguage":"es"}]}},"_links":{"self":[{"href":"https:\/\/friendlysmilesdental.com\/es\/wp-json\/wp\/v2\/pages\/3119"}],"collection":[{"href":"https:\/\/friendlysmilesdental.com\/es\/wp-json\/wp\/v2\/pages"}],"about":[{"href":"https:\/\/friendlysmilesdental.com\/es\/wp-json\/wp\/v2\/types\/page"}],"author":[{"embeddable":true,"href":"https:\/\/friendlysmilesdental.com\/es\/wp-json\/wp\/v2\/users\/4"}],"replies":[{"embeddable":true,"href":"https:\/\/friendlysmilesdental.com\/es\/wp-json\/wp\/v2\/comments?post=3119"}],"version-history":[{"count":2,"href":"https:\/\/friendlysmilesdental.com\/es\/wp-json\/wp\/v2\/pages\/3119\/revisions"}],"predecessor-version":[{"id":3121,"href":"https:\/\/friendlysmilesdental.com\/es\/wp-json\/wp\/v2\/pages\/3119\/revisions\/3121"}],"wp:attachment":[{"href":"https:\/\/friendlysmilesdental.com\/es\/wp-json\/wp\/v2\/media?parent=3119"}],"curies":[{"name":"wp","href":"https:\/\/api.w.org\/{rel}","templated":true}]}}