{"id":3140,"date":"2019-10-09T05:16:45","date_gmt":"2019-10-09T05:16:45","guid":{"rendered":"https:\/\/friendlysmilesdental.com\/puente-fijo-de-porcelana\/"},"modified":"2024-04-09T23:37:39","modified_gmt":"2024-04-09T23:37:39","slug":"puente-fijo-de-porcelana","status":"publish","type":"page","link":"https:\/\/friendlysmilesdental.com\/es\/puente-fijo-de-porcelana\/","title":{"rendered":"Puente fijo de porcelana"},"content":{"rendered":"<p><div class=\"fusion-fullwidth fullwidth-box fusion-builder-row-1 nonhundred-percent-fullwidth non-hundred-percent-height-scrolling\" style=\"--awb-border-radius-top-left:0px;--awb-border-radius-top-right:0px;--awb-border-radius-bottom-right:0px;--awb-border-radius-bottom-left:0px;--awb-padding-top:0px;--awb-padding-right:30px;--awb-padding-bottom:0px;--awb-padding-left:30px;--awb-flex-wrap:wrap;\" ><div class=\"fusion-builder-row fusion-row\"><div class=\"fusion-layout-column fusion_builder_column fusion-builder-column-0 fusion_builder_column_1_2 1_2 fusion-one-half fusion-column-first\" style=\"--awb-bg-size:cover;width:50%;width:calc(50% - ( ( 4% ) * 0.5 ) );margin-right: 4%;\"><div class=\"fusion-column-wrapper fusion-column-has-shadow fusion-flex-column-wrapper-legacy\"><div class=\"fusion-text fusion-text-1\"><h1 align=\"left\">Puente fijo de porcelana<\/h1>\n<\/div><div class=\"fusion-sep-clear\"><\/div><div class=\"fusion-separator fusion-clearfix\" style=\"float:left;margin-top:22px;margin-bottom:25px;width:100%;max-width:100px;\"><div class=\"fusion-separator-border sep-single sep-solid\" style=\"--awb-height:20px;--awb-amount:20px;--awb-sep-color:#6589c0;border-color:#6589c0;border-top-width:2px;\"><\/div><\/div><div class=\"fusion-sep-clear\"><\/div><div class=\"fusion-text fusion-text-2\"><p align=\"left\">A veces los dientes est\u00e1n tan da\u00f1ados o cariados que no pueden salvarse. Un puente dental es un aparato fijo (no extra\u00edble) y es una forma excelente de sustituir los dientes perdidos.<\/p>\n<p style=\"text-align: left;\" align=\"left\">Existen varios tipos de puentes. Usted y su dentista discutir\u00e1n las mejores opciones para su caso particular. El \u00abpuente tradicional\u00bb es el tipo m\u00e1s popular y suele estar hecho de porcelana fundida sobre metal. Los puentes fijos de porcelana son los m\u00e1s populares porque se asemejan a los dientes naturales. Este tipo de puente consiste en dos coronas que van sobre dos dientes de anclaje (dientes pilares) y se fijan a unos p\u00f3nticos (dientes artificiales), rellenando el hueco creado por uno o varios dientes ausentes.<\/p>\n<p style=\"text-align: left;\" align=\"left\">Los puentes dentales son muy duraderos y pueden durar muchos a\u00f1os, aunque es posible que haya que sustituirlos o volver a cementarlos debido al desgaste normal.<\/p>\n<h2 align=\"left\">Razones para un puente fijo:<\/h2>\n<ul type=\"disc\">\n<li>\n<div align=\"left\">Rellenar el espacio de los dientes que faltan.<\/div>\n<\/li>\n<li>\n<div align=\"left\">Mantener la forma del rostro.<\/div>\n<\/li>\n<li>\n<div align=\"left\">Evitar que los dientes restantes se salgan de su posici\u00f3n.<\/div>\n<\/li>\n<li>\n<div align=\"left\">Recuperar la capacidad de masticar y hablar.<\/div>\n<\/li>\n<li>\n<div align=\"left\">Recupere su sonrisa.<\/div>\n<\/li>\n<li>\n<div align=\"left\">Pase de una pr\u00f3tesis parcial extra\u00edble a un aparato dental permanente.<\/div>\n<\/li>\n<\/ul>\n<\/div><div class=\"fusion-clearfix\"><\/div><\/div><\/div><div class=\"fusion-layout-column fusion_builder_column fusion-builder-column-1 fusion_builder_column_1_2 1_2 fusion-one-half fusion-column-last\" style=\"--awb-bg-size:cover;width:50%;width:calc(50% - ( ( 4% ) * 0.5 ) );\"><div class=\"fusion-column-wrapper fusion-column-has-shadow fusion-flex-column-wrapper-legacy\"><div class=\"fusion-text fusion-text-3\"><p><img decoding=\"async\" class=\"lazyload alignnone size-full wp-image-1986\" src=\"https:\/\/friendlysmilesdental.com\/wp-content\/uploads\/2020\/01\/fixed-bridge-slo.jpg\" data-orig-src=\"https:\/\/friendlysmilesdental.com\/wp-content\/uploads\/2020\/01\/fixed-bridge-slo.jpg\" alt=\"Puente fijo San Luis Obispo dentista\" width=\"550\" height=\"367\" srcset=\"data:image\/svg+xml,%3Csvg%20xmlns%3D%27http%3A%2F%2Fwww.w3.org%2F2000%2Fsvg%27%20width%3D%27550%27%20height%3D%27367%27%20viewBox%3D%270%200%20550%20367%27%3E%3Crect%20width%3D%27550%27%20height%3D%27367%27%20fill-opacity%3D%220%22%2F%3E%3C%2Fsvg%3E\" data-srcset=\"https:\/\/friendlysmilesdental.com\/wp-content\/uploads\/2020\/01\/fixed-bridge-slo-200x133.jpg 200w, https:\/\/friendlysmilesdental.com\/wp-content\/uploads\/2020\/01\/fixed-bridge-slo-300x200.jpg 300w, https:\/\/friendlysmilesdental.com\/wp-content\/uploads\/2020\/01\/fixed-bridge-slo-400x267.jpg 400w, https:\/\/friendlysmilesdental.com\/wp-content\/uploads\/2020\/01\/fixed-bridge-slo.jpg 550w\" data-sizes=\"auto\" data-orig-sizes=\"(max-width: 550px) 100vw, 550px\" \/><\/p>\n<\/div><div class=\"fusion-text fusion-text-4\"><div>\n<div>\n<h2 align=\"left\">\u00bfEn qu\u00e9 consiste un puente fijo?<\/h2>\n<p style=\"text-align: left;\" align=\"left\">La colocaci\u00f3n de un puente suele requerir dos o m\u00e1s visitas. Mientras los dientes est\u00e1n adormecidos, se preparan los dos dientes de anclaje eliminando una porci\u00f3n de esmalte para permitir la colocaci\u00f3n de una corona. A continuaci\u00f3n, se realiza una impresi\u00f3n (molde) de gran precisi\u00f3n que se enviar\u00e1 a un laboratorio dental donde se fabricar\u00e1 el puente. Adem\u00e1s, se fabricar\u00e1 un puente provisional que llevar\u00e1 durante varias semanas hasta su pr\u00f3xima cita.<\/p>\n<p style=\"text-align: left;\" align=\"left\">En la segunda visita, su puente permanente ser\u00e1 cuidadosamente revisado, ajustado y cementado para lograr un ajuste adecuado. En ocasiones, su dentista puede cementar el puente s\u00f3lo temporalmente, dando tiempo a que sus dientes y tejidos se acostumbren al nuevo puente. El nuevo puente se cementar\u00e1 permanentemente m\u00e1s adelante.<\/p>\n<p style=\"text-align: left;\" align=\"left\">Recibir\u00e1 instrucciones de cuidado al finalizar el tratamiento. Un cepillado adecuado, el uso de hilo dental y las visitas regulares al dentista contribuir\u00e1n a la vida \u00fatil de su nuevo puente permanente.<\/p>\n<\/div>\n<p align=\"left\">Llame a una de nuestras tres oficinas dentales de la Costa Central de California para programar una consulta para ver si un puente fijo es el procedimiento adecuado para usted.<\/p>\n<\/div>\n<\/div><div class=\"fusion-clearfix\"><\/div><\/div><\/div><\/div><\/div><div class=\"fusion-bg-parallax\" data-bg-align=\"center center\" data-direction=\"right\" data-mute=\"false\" data-opacity=\"100\" data-velocity=\"-0.8\" data-mobile-enabled=\"false\" data-break_parents=\"0\" data-bg-image=\"https:\/\/friendlysmilesdental.com\/wp-content\/uploads\/2020\/01\/best-san-luis-obispo-dentist.jpg\" data-bg-repeat=\"false\" ><\/div><div class=\"fusion-fullwidth fullwidth-box fusion-builder-row-2 fusion-parallax-right nonhundred-percent-fullwidth non-hundred-percent-height-scrolling lazyload\" style=\"--awb-border-radius-top-left:0px;--awb-border-radius-top-right:0px;--awb-border-radius-bottom-right:0px;--awb-border-radius-bottom-left:0px;--awb-padding-top:40px;--awb-padding-bottom:50px;--awb-background-size:cover;--awb-flex-wrap:wrap;\" data-bg=\"https:\/\/friendlysmilesdental.com\/wp-content\/uploads\/2020\/01\/best-san-luis-obispo-dentist.jpg\" ><div class=\"fusion-builder-row fusion-row\"><div class=\"fusion-layout-column fusion_builder_column fusion-builder-column-2 fusion_builder_column_1_1 1_1 fusion-one-full fusion-column-first fusion-column-last\" style=\"--awb-bg-size:cover;--awb-margin-top:3%;--awb-margin-bottom:3%;\"><div class=\"fusion-column-wrapper fusion-column-has-shadow fusion-flex-column-wrapper-legacy\"><div class=\"fusion-text fusion-text-5\"><h2 style=\"text-align: center;\"><span style=\"color: #ffffff;\">\u00bfListo para sonre\u00edr?<\/span><\/h2>\n<\/div><div class=\"fusion-sep-clear\"><\/div><div class=\"fusion-separator fusion-full-width-sep\" style=\"margin-left: auto;margin-right: auto;margin-top:15px;width:100%;\"><\/div><div class=\"fusion-sep-clear\"><\/div><div class=\"fusion-aligncenter\"><a class=\"fusion-button button-flat fusion-button-default-size button-custom fusion-button-default button-1 fusion-button-default-span fusion-button-default-type\" style=\"--button_accent_color:#ffffff;--button_accent_hover_color:#6487c2;--button_border_hover_color:#6487c2;--button_gradient_top_color:#4fc3a3;--button_gradient_bottom_color:#4fc3a3;--button_gradient_top_color_hover:#ffffff;--button_gradient_bottom_color_hover:#ffffff;\" target=\"_self\" href=\"https:\/\/friendlysmilesdental.com\/es\/reservar-cita\/\"><i class=\"fa-plus fas button-icon-left\" aria-hidden=\"true\"><\/i><span class=\"fusion-button-text\">Solicitar una cita<\/span><\/a><\/div><div class=\"fusion-sep-clear\"><\/div><div class=\"fusion-separator fusion-full-width-sep\" style=\"margin-left: auto;margin-right: auto;margin-top:15px;width:100%;\"><\/div><div class=\"fusion-sep-clear\"><\/div><div class=\"fusion-text fusion-text-6\"><h3 style=\"text-align: center;\"><span style=\"color: #ffffff;\">Estamos orgullosos de aceptar Medi-Cal y tomar la mayor\u00eda de las formas de seguro en todas nuestras oficinas dentales.<\/span><\/h3>\n<\/div><div class=\"fusion-clearfix\"><\/div><\/div><\/div><\/div><\/div><\/p>\n","protected":false},"excerpt":{"rendered":"","protected":false},"author":4,"featured_media":0,"parent":0,"menu_order":0,"comment_status":"closed","ping_status":"open","template":"100-width.php","meta":{"footnotes":""},"yoast_head":"<!-- This site is optimized with the Yoast SEO plugin v23.9 - https:\/\/yoast.com\/wordpress\/plugins\/seo\/ -->\n<title>Puente Fijo | Friendly Smiles Dentist | San Luis Obispo | Santa Maria<\/title>\n<meta name=\"description\" content=\"Un puente dental o dentadura parcial es un aparato fijo (no extra\u00edble) y es una forma excelente de sustituir los dientes perdidos en adultos.\" \/>\n<meta name=\"robots\" content=\"index, follow, max-snippet:-1, max-image-preview:large, max-video-preview:-1\" \/>\n<link rel=\"canonical\" href=\"https:\/\/friendlysmilesdental.com\/es\/puente-fijo-de-porcelana\/\" \/>\n<meta property=\"og:locale\" content=\"es_ES\" \/>\n<meta property=\"og:type\" content=\"article\" \/>\n<meta property=\"og:title\" content=\"Puente Fijo | Friendly Smiles Dentist | San Luis Obispo | Santa Maria\" \/>\n<meta property=\"og:description\" content=\"Un puente dental o dentadura parcial es un aparato fijo (no extra\u00edble) y es una forma excelente de sustituir los dientes perdidos en adultos.\" \/>\n<meta property=\"og:url\" content=\"https:\/\/friendlysmilesdental.com\/es\/puente-fijo-de-porcelana\/\" \/>\n<meta property=\"og:site_name\" content=\"Friendly Smiles Dental\" \/>\n<meta property=\"article:modified_time\" content=\"2024-04-09T23:37:39+00:00\" \/>\n<meta property=\"og:image\" content=\"https:\/\/friendlysmilesdental.com\/wp-content\/uploads\/2020\/01\/fixed-bridge-slo.jpg\" \/>\n<meta name=\"twitter:card\" content=\"summary_large_image\" \/>\n<meta name=\"twitter:label1\" content=\"Tiempo de lectura\" \/>\n\t<meta name=\"twitter:data1\" content=\"9 minutos\" \/>\n<script type=\"application\/ld+json\" class=\"yoast-schema-graph\">{\"@context\":\"https:\/\/schema.org\",\"@graph\":[{\"@type\":\"WebPage\",\"@id\":\"https:\/\/friendlysmilesdental.com\/es\/puente-fijo-de-porcelana\/\",\"url\":\"https:\/\/friendlysmilesdental.com\/es\/puente-fijo-de-porcelana\/\",\"name\":\"Puente Fijo | Friendly Smiles Dentist | San Luis Obispo | Santa Maria\",\"isPartOf\":{\"@id\":\"https:\/\/friendlysmilesdental.com\/es\/#website\"},\"primaryImageOfPage\":{\"@id\":\"https:\/\/friendlysmilesdental.com\/es\/puente-fijo-de-porcelana\/#primaryimage\"},\"image\":{\"@id\":\"https:\/\/friendlysmilesdental.com\/es\/puente-fijo-de-porcelana\/#primaryimage\"},\"thumbnailUrl\":\"https:\/\/friendlysmilesdental.com\/wp-content\/uploads\/2020\/01\/fixed-bridge-slo.jpg\",\"datePublished\":\"2019-10-09T05:16:45+00:00\",\"dateModified\":\"2024-04-09T23:37:39+00:00\",\"description\":\"Un puente dental o dentadura parcial es un aparato fijo (no extra\u00edble) y es una forma excelente de sustituir los dientes perdidos en adultos.\",\"breadcrumb\":{\"@id\":\"https:\/\/friendlysmilesdental.com\/es\/puente-fijo-de-porcelana\/#breadcrumb\"},\"inLanguage\":\"es\",\"potentialAction\":[{\"@type\":\"ReadAction\",\"target\":[\"https:\/\/friendlysmilesdental.com\/es\/puente-fijo-de-porcelana\/\"]}]},{\"@type\":\"ImageObject\",\"inLanguage\":\"es\",\"@id\":\"https:\/\/friendlysmilesdental.com\/es\/puente-fijo-de-porcelana\/#primaryimage\",\"url\":\"https:\/\/friendlysmilesdental.com\/wp-content\/uploads\/2020\/01\/fixed-bridge-slo.jpg\",\"contentUrl\":\"https:\/\/friendlysmilesdental.com\/wp-content\/uploads\/2020\/01\/fixed-bridge-slo.jpg\"},{\"@type\":\"BreadcrumbList\",\"@id\":\"https:\/\/friendlysmilesdental.com\/es\/puente-fijo-de-porcelana\/#breadcrumb\",\"itemListElement\":[{\"@type\":\"ListItem\",\"position\":1,\"name\":\"Home\",\"item\":\"https:\/\/friendlysmilesdental.com\/es\/inicio\/\"},{\"@type\":\"ListItem\",\"position\":2,\"name\":\"Puente fijo de porcelana\"}]},{\"@type\":\"WebSite\",\"@id\":\"https:\/\/friendlysmilesdental.com\/es\/#website\",\"url\":\"https:\/\/friendlysmilesdental.com\/es\/\",\"name\":\"Friendly Smiles Dental\",\"description\":\"Santa Maria Dentists | San Luis Obispo Dentists | King City Dentists\",\"potentialAction\":[{\"@type\":\"SearchAction\",\"target\":{\"@type\":\"EntryPoint\",\"urlTemplate\":\"https:\/\/friendlysmilesdental.com\/es\/?s={search_term_string}\"},\"query-input\":{\"@type\":\"PropertyValueSpecification\",\"valueRequired\":true,\"valueName\":\"search_term_string\"}}],\"inLanguage\":\"es\"}]}<\/script>\n<!-- \/ Yoast SEO plugin. -->","yoast_head_json":{"title":"Puente Fijo | Friendly Smiles Dentist | San Luis Obispo | Santa Maria","description":"Un puente dental o dentadura parcial es un aparato fijo (no extra\u00edble) y es una forma excelente de sustituir los dientes perdidos en adultos.","robots":{"index":"index","follow":"follow","max-snippet":"max-snippet:-1","max-image-preview":"max-image-preview:large","max-video-preview":"max-video-preview:-1"},"canonical":"https:\/\/friendlysmilesdental.com\/es\/puente-fijo-de-porcelana\/","og_locale":"es_ES","og_type":"article","og_title":"Puente Fijo | Friendly Smiles Dentist | San Luis Obispo | Santa Maria","og_description":"Un puente dental o dentadura parcial es un aparato fijo (no extra\u00edble) y es una forma excelente de sustituir los dientes perdidos en adultos.","og_url":"https:\/\/friendlysmilesdental.com\/es\/puente-fijo-de-porcelana\/","og_site_name":"Friendly Smiles Dental","article_modified_time":"2024-04-09T23:37:39+00:00","og_image":[{"url":"https:\/\/friendlysmilesdental.com\/wp-content\/uploads\/2020\/01\/fixed-bridge-slo.jpg"}],"twitter_card":"summary_large_image","twitter_misc":{"Tiempo de lectura":"9 minutos"},"schema":{"@context":"https:\/\/schema.org","@graph":[{"@type":"WebPage","@id":"https:\/\/friendlysmilesdental.com\/es\/puente-fijo-de-porcelana\/","url":"https:\/\/friendlysmilesdental.com\/es\/puente-fijo-de-porcelana\/","name":"Puente Fijo | Friendly Smiles Dentist | San Luis Obispo | Santa Maria","isPartOf":{"@id":"https:\/\/friendlysmilesdental.com\/es\/#website"},"primaryImageOfPage":{"@id":"https:\/\/friendlysmilesdental.com\/es\/puente-fijo-de-porcelana\/#primaryimage"},"image":{"@id":"https:\/\/friendlysmilesdental.com\/es\/puente-fijo-de-porcelana\/#primaryimage"},"thumbnailUrl":"https:\/\/friendlysmilesdental.com\/wp-content\/uploads\/2020\/01\/fixed-bridge-slo.jpg","datePublished":"2019-10-09T05:16:45+00:00","dateModified":"2024-04-09T23:37:39+00:00","description":"Un puente dental o dentadura parcial es un aparato fijo (no extra\u00edble) y es una forma excelente de sustituir los dientes perdidos en adultos.","breadcrumb":{"@id":"https:\/\/friendlysmilesdental.com\/es\/puente-fijo-de-porcelana\/#breadcrumb"},"inLanguage":"es","potentialAction":[{"@type":"ReadAction","target":["https:\/\/friendlysmilesdental.com\/es\/puente-fijo-de-porcelana\/"]}]},{"@type":"ImageObject","inLanguage":"es","@id":"https:\/\/friendlysmilesdental.com\/es\/puente-fijo-de-porcelana\/#primaryimage","url":"https:\/\/friendlysmilesdental.com\/wp-content\/uploads\/2020\/01\/fixed-bridge-slo.jpg","contentUrl":"https:\/\/friendlysmilesdental.com\/wp-content\/uploads\/2020\/01\/fixed-bridge-slo.jpg"},{"@type":"BreadcrumbList","@id":"https:\/\/friendlysmilesdental.com\/es\/puente-fijo-de-porcelana\/#breadcrumb","itemListElement":[{"@type":"ListItem","position":1,"name":"Home","item":"https:\/\/friendlysmilesdental.com\/es\/inicio\/"},{"@type":"ListItem","position":2,"name":"Puente fijo de porcelana"}]},{"@type":"WebSite","@id":"https:\/\/friendlysmilesdental.com\/es\/#website","url":"https:\/\/friendlysmilesdental.com\/es\/","name":"Friendly Smiles Dental","description":"Santa Maria Dentists | San Luis Obispo Dentists | King City Dentists","potentialAction":[{"@type":"SearchAction","target":{"@type":"EntryPoint","urlTemplate":"https:\/\/friendlysmilesdental.com\/es\/?s={search_term_string}"},"query-input":{"@type":"PropertyValueSpecification","valueRequired":true,"valueName":"search_term_string"}}],"inLanguage":"es"}]}},"_links":{"self":[{"href":"https:\/\/friendlysmilesdental.com\/es\/wp-json\/wp\/v2\/pages\/3140"}],"collection":[{"href":"https:\/\/friendlysmilesdental.com\/es\/wp-json\/wp\/v2\/pages"}],"about":[{"href":"https:\/\/friendlysmilesdental.com\/es\/wp-json\/wp\/v2\/types\/page"}],"author":[{"embeddable":true,"href":"https:\/\/friendlysmilesdental.com\/es\/wp-json\/wp\/v2\/users\/4"}],"replies":[{"embeddable":true,"href":"https:\/\/friendlysmilesdental.com\/es\/wp-json\/wp\/v2\/comments?post=3140"}],"version-history":[{"count":4,"href":"https:\/\/friendlysmilesdental.com\/es\/wp-json\/wp\/v2\/pages\/3140\/revisions"}],"predecessor-version":[{"id":3144,"href":"https:\/\/friendlysmilesdental.com\/es\/wp-json\/wp\/v2\/pages\/3140\/revisions\/3144"}],"wp:attachment":[{"href":"https:\/\/friendlysmilesdental.com\/es\/wp-json\/wp\/v2\/media?parent=3140"}],"curies":[{"name":"wp","href":"https:\/\/api.w.org\/{rel}","templated":true}]}}