{"id":3149,"date":"2019-10-09T05:30:29","date_gmt":"2019-10-09T05:30:29","guid":{"rendered":"https:\/\/friendlysmilesdental.com\/ortodoncia\/"},"modified":"2024-04-09T23:40:01","modified_gmt":"2024-04-09T23:40:01","slug":"ortodoncia","status":"publish","type":"page","link":"https:\/\/friendlysmilesdental.com\/es\/ortodoncia\/","title":{"rendered":"Ortodoncia"},"content":{"rendered":"<p><div class=\"fusion-fullwidth fullwidth-box fusion-builder-row-1 nonhundred-percent-fullwidth non-hundred-percent-height-scrolling fusion-equal-height-columns\" style=\"--awb-border-radius-top-left:0px;--awb-border-radius-top-right:0px;--awb-border-radius-bottom-right:0px;--awb-border-radius-bottom-left:0px;--awb-padding-top:0px;--awb-padding-right:0px;--awb-padding-bottom:0px;--awb-padding-left:0px;--awb-background-color:#ffffff;--awb-flex-wrap:wrap;\" ><div class=\"fusion-builder-row fusion-row\"><div class=\"fusion-layout-column fusion_builder_column fusion-builder-column-0 fusion_builder_column_1_5 1_5 fusion-one-fifth fusion-column-first fusion-column-no-min-height fusion-no-small-visibility\" style=\"--awb-bg-size:cover;width:20%;width:calc(20% - ( ( 4% + 4% ) * 0.2 ) );margin-right: 4%;\"><div class=\"fusion-column-wrapper fusion-flex-column-wrapper-legacy\"><div class=\"fusion-clearfix\"><\/div><\/div><\/div><div class=\"fusion-layout-column fusion_builder_column fusion-builder-column-1 fusion_builder_column_3_5 3_5 fusion-three-fifth fusion-column-no-min-height\" style=\"--awb-bg-size:cover;--awb-margin-top:2%;--awb-margin-bottom:30px;width:60%;width:calc(60% - ( ( 4% + 4% ) * 0.6 ) );margin-right: 4%;\"><div class=\"fusion-column-wrapper fusion-flex-column-wrapper-legacy\"><div class=\"fusion-text fusion-text-1\"><h1 style=\"text-align: center;\">Ortodoncia<\/h1>\n<\/div><div class=\"fusion-sep-clear\"><\/div><div class=\"fusion-separator\" style=\"margin-left: auto;margin-right: auto;margin-top:22px;margin-bottom:30px;width:100%;max-width:100px;\"><div class=\"fusion-separator-border sep-single sep-solid\" style=\"--awb-height:20px;--awb-amount:20px;--awb-sep-color:#6589c0;border-color:#6589c0;border-top-width:2px;\"><\/div><\/div><div class=\"fusion-sep-clear\"><\/div><div class=\"fusion-clearfix\"><\/div><\/div><\/div><div class=\"fusion-layout-column fusion_builder_column fusion-builder-column-2 fusion_builder_column_1_5 1_5 fusion-one-fifth fusion-column-last fusion-column-no-min-height fusion-no-small-visibility\" style=\"--awb-bg-size:cover;width:20%;width:calc(20% - ( ( 4% + 4% ) * 0.2 ) );\"><div class=\"fusion-column-wrapper fusion-flex-column-wrapper-legacy\"><div class=\"fusion-clearfix\"><\/div><\/div><\/div><\/div><\/div><div class=\"fusion-fullwidth fullwidth-box fusion-builder-row-2 nonhundred-percent-fullwidth non-hundred-percent-height-scrolling\" style=\"--awb-border-radius-top-left:0px;--awb-border-radius-top-right:0px;--awb-border-radius-bottom-right:0px;--awb-border-radius-bottom-left:0px;--awb-margin-top:0px;--awb-margin-bottom:0px;--awb-flex-wrap:wrap;\" ><div class=\"fusion-builder-row fusion-row\"><div class=\"fusion-layout-column fusion_builder_column fusion-builder-column-3 fusion_builder_column_1_2 1_2 fusion-one-half fusion-column-first\" style=\"--awb-bg-size:cover;width:50%;width:calc(50% - ( ( 4% ) * 0.5 ) );margin-right: 4%;\"><div class=\"fusion-column-wrapper fusion-column-has-shadow fusion-flex-column-wrapper-legacy\"><div class=\"fusion-text fusion-text-2\"><p style=\"text-align: left;\" align=\"justify\">La ortodoncia es una rama de la odontolog\u00eda especializada en el diagn\u00f3stico, la prevenci\u00f3n y el tratamiento de las irregularidades de la mand\u00edbula, la cara y la mordida (maloclusiones*). El tratamiento de ortodoncia lo proporciona un profesional de la salud bucodental conocido como ortodoncista, que normalmente ha completado dos o tres a\u00f1os de formaci\u00f3n adicional m\u00e1s all\u00e1 de la facultad de odontolog\u00eda.<\/p>\n<p style=\"text-align: left;\" align=\"justify\">En los \u00faltimos a\u00f1os se han producido muchos cambios en el sector odontol\u00f3gico, especialmente en lo que se refiere a los tratamientos y cuidados de ortodoncia. Ahora m\u00e1s que nunca, los pacientes experimentan menos incidencias de caries y falta de dientes debido a la mayor concienciaci\u00f3n sobre el uso del fl\u00faor y la odontolog\u00eda preventiva. Esta creciente concienciaci\u00f3n sobre la salud y el aspecto de la sonrisa de un paciente ha alimentado el deseo de muchos de buscar la ortodoncia no s\u00f3lo como una necesidad m\u00e9dica, sino tambi\u00e9n por razones est\u00e9ticas.<\/p>\n<p style=\"text-align: left;\" align=\"justify\">Tanto si se trata de aparatos tradicionales como de aparatos removibles hechos a medida, <em><br \/>\n  <strong>la ortodoncia puede ayudarte a tener la sonrisa sana, recta y bonita que estabas esperando.<\/strong><br \/>\n<\/em><\/p>\n<p style=\"text-align: left;\" align=\"justify\"><em><span style=\"font-size: small;\"><strong>*Maloclusi\u00f3n<\/strong> es el t\u00e9rmino t\u00e9cnico para los dientes que no encajan correctamente. Las maloclusiones no s\u00f3lo afectan a los dientes, sino tambi\u00e9n al aspecto de la cara. La mayor\u00eda de las maloclusiones son hereditarias; sin embargo, algunas se deben a h\u00e1bitos adquiridos, como chuparse el dedo o empujar la lengua. El espacio dejado por la extracci\u00f3n de un diente adulto o la p\u00e9rdida prematura de un diente de leche tambi\u00e9n puede contribuir a una maloclusi\u00f3n.<\/span><\/em><\/p>\n<\/div><div class=\"fusion-clearfix\"><\/div><\/div><\/div><div class=\"fusion-layout-column fusion_builder_column fusion-builder-column-4 fusion_builder_column_1_2 1_2 fusion-one-half fusion-column-last\" style=\"--awb-bg-size:cover;width:50%;width:calc(50% - ( ( 4% ) * 0.5 ) );\"><div class=\"fusion-column-wrapper fusion-column-has-shadow fusion-flex-column-wrapper-legacy\"><div class=\"fusion-text fusion-text-3\"><p align=\"left\"><strong>\u00bfQu\u00e9 problemas pueden tratarse con ortodoncia?<\/strong><\/p>\n<p align=\"left\">La ortodoncia es una rama vers\u00e1til de la odontolog\u00eda que puede utilizarse sola o en combinaci\u00f3n con la odontolog\u00eda maxilofacial o est\u00e9tica.<\/p>\n<p align=\"left\">\u00c9stas son algunas de las afecciones m\u00e1s comunes tratadas con ortodoncia:<\/p>\n<ul>\n<li>\n<div align=\"left\"><strong>Desviaciones an<\/strong> teroposteriores &#8211; La discrepancia entre un par de mand\u00edbulas cerradas se conoce como discrepancia o desviaci\u00f3n anteroposterior. Un ejemplo de esta discrepancia ser\u00eda una sobremordida (cuando los dientes superiores est\u00e1n m\u00e1s adelantados que los inferiores) o una submordida (cuando los dientes inferiores est\u00e1n m\u00e1s adelantados que los superiores).<\/div>\n<\/li>\n<li>\n<div align=\"left\"><strong>Hacinamiento<\/strong> &#8211; El hacinamiento es un problema ortod\u00f3ncico com\u00fan. Se produce cuando hay un espacio insuficiente para el crecimiento y desarrollo normales de los dientes adultos.<\/div>\n<\/li>\n<li>\n<div align=\"left\"><strong>Problemas est\u00e9ticos<\/strong>: una sonrisa recta y bonita puede verse empa\u00f1ada por un solo diente desalineado. Este diente puede ser realineado con facilidad y precisi\u00f3n por el ortodoncista. Alternativamente, los ortodoncistas tambi\u00e9n pueden trabajar para remodelar y reestructurar los labios, la mand\u00edbula o la cara.<\/div>\n<\/li>\n<\/ul>\n<p align=\"left\"><strong>Soluciones de ortodoncia<\/strong><\/p>\n<p align=\"left\">La ortodoncia es un campo tecnol\u00f3gicamente avanzado que ofrece muchas soluciones sofisticadas a las maloclusiones y otros problemas est\u00e9ticos. Por lo general, el ortodoncista realizar\u00e1 un examen visual, radiograf\u00edas panor\u00e1micas y modelos de estudio (impresiones de mordida) para evaluar la naturaleza exacta de la discrepancia.<\/p>\n<p align=\"left\">Una vez realizado el diagn\u00f3stico, existen diversas opciones de tratamiento ortod\u00f3ncico.<\/p>\n<p align=\"left\">He aqu\u00ed un resumen de algunos de los tratamientos m\u00e1s comunes:<\/p>\n<ul>\n<li>\n<div align=\"left\"><strong>Aparatos de ortodoncia fijos<\/strong>: se fija una base dental de metal o cer\u00e1mica a cada diente y se inserta un alambre dental a trav\u00e9s de cada base. El ortodoncista puede alinear gradualmente los dientes ajustando regularmente el alambre. Cuando se consiguen los resultados deseados, se retiran por completo los aparatos dentales fijos.<\/div>\n<\/li>\n<li>\n<div align=\"left\"><strong>Aparatos remo<\/strong> vibles &#8211; Existe una amplia gama de aparatos removibles que se utilizan habitualmente en ortodoncia, como los arneses que corrigen las sobremordidas, los retenedores Hawley que mejoran la posici\u00f3n de los dientes incluso mientras se reforma el hueso maxilar y las mascarillas faciales que se utilizan para corregir un prognatismo.<\/div>\n<\/li>\n<li>\n<div align=\"left\"><strong><sup>Invisalign\u00ae<\/sup><\/strong>: se trata de un nuevo tipo de alineador dental extra\u00edble completamente transparente. <sup>Invisalign\u00ae<\/sup> no interfiere con la alimentaci\u00f3n debido a su naturaleza extra\u00edble, y mec\u00e1nicamente funciona de la misma manera que los aparatos dentales met\u00e1licos tradicionales. No todos los pacientes son candidatos a <sup>Invisalign\u00ae<\/sup>.<\/div>\n<\/li>\n<\/ul>\n<p align=\"left\"><em>Si tiene alguna pregunta o duda sobre la ortodoncia, p\u00f3ngase en contacto con nuestra oficina.<\/em><\/p>\n<\/div><div class=\"fusion-clearfix\"><\/div><\/div><\/div><\/div><\/div><div class=\"fusion-bg-parallax\" data-bg-align=\"center center\" data-direction=\"right\" data-mute=\"false\" data-opacity=\"100\" data-velocity=\"-0.8\" data-mobile-enabled=\"false\" data-break_parents=\"0\" data-bg-image=\"https:\/\/friendlysmilesdental.com\/wp-content\/uploads\/2020\/01\/best-san-luis-obispo-dentist.jpg\" data-bg-repeat=\"false\" ><\/div><div class=\"fusion-fullwidth fullwidth-box fusion-builder-row-3 fusion-parallax-right nonhundred-percent-fullwidth non-hundred-percent-height-scrolling lazyload\" style=\"--awb-border-radius-top-left:0px;--awb-border-radius-top-right:0px;--awb-border-radius-bottom-right:0px;--awb-border-radius-bottom-left:0px;--awb-padding-top:80px;--awb-padding-bottom:100px;--awb-background-size:cover;--awb-flex-wrap:wrap;\" data-bg=\"https:\/\/friendlysmilesdental.com\/wp-content\/uploads\/2020\/01\/best-san-luis-obispo-dentist.jpg\" ><div class=\"fusion-builder-row fusion-row\"><div class=\"fusion-layout-column fusion_builder_column fusion-builder-column-5 fusion_builder_column_1_1 1_1 fusion-one-full fusion-column-first fusion-column-last\" style=\"--awb-bg-size:cover;--awb-margin-top:3%;--awb-margin-bottom:3%;\"><div class=\"fusion-column-wrapper fusion-flex-column-wrapper-legacy\"><div class=\"fusion-text fusion-text-4\"><h2 style=\"text-align: center;\"><span style=\"color: #ffffff;\">\u00bfListo para sonre\u00edr?<\/span><\/h2>\n<\/div><div class=\"fusion-sep-clear\"><\/div><div class=\"fusion-separator fusion-full-width-sep\" style=\"margin-left: auto;margin-right: auto;margin-top:15px;width:100%;\"><\/div><div class=\"fusion-sep-clear\"><\/div><div class=\"fusion-aligncenter\"><a class=\"fusion-button button-flat fusion-button-default-size button-custom fusion-button-default button-1 fusion-button-default-span fusion-button-default-type\" style=\"--button_accent_color:#ffffff;--button_accent_hover_color:#6487c2;--button_border_hover_color:#6487c2;--button_gradient_top_color:#4fc3a3;--button_gradient_bottom_color:#4fc3a3;--button_gradient_top_color_hover:#ffffff;--button_gradient_bottom_color_hover:#ffffff;\" target=\"_self\" href=\"https:\/\/friendlysmilesdental.com\/es\/reservar-cita\/\"><i class=\" fa fa-plus button-icon-left\" aria-hidden=\"true\"><\/i><span class=\"fusion-button-text\">Concierte una cita<\/span><\/a><\/div><div class=\"fusion-clearfix\"><\/div><\/div><\/div><\/div><\/div><\/p>\n","protected":false},"excerpt":{"rendered":"","protected":false},"author":4,"featured_media":0,"parent":0,"menu_order":0,"comment_status":"closed","ping_status":"open","template":"100-width.php","meta":{"footnotes":""},"yoast_head":"<!-- This site is optimized with the Yoast SEO plugin v23.9 - https:\/\/yoast.com\/wordpress\/plugins\/seo\/ -->\n<title>Ortodoncia | Friendly Smiles Dental Group | San Luis Obispo<\/title>\n<meta name=\"description\" content=\"La ortodoncia es una rama de la odontolog\u00eda especializada en el diagn\u00f3stico, prevenci\u00f3n y tratamiento de las irregularidades de la mand\u00edbula, la cara y la mordida.\" \/>\n<meta name=\"robots\" content=\"index, follow, max-snippet:-1, max-image-preview:large, max-video-preview:-1\" \/>\n<link rel=\"canonical\" href=\"https:\/\/friendlysmilesdental.com\/es\/ortodoncia\/\" \/>\n<meta property=\"og:locale\" content=\"es_ES\" \/>\n<meta property=\"og:type\" content=\"article\" \/>\n<meta property=\"og:title\" content=\"Ortodoncia | Friendly Smiles Dental Group | San Luis Obispo\" \/>\n<meta property=\"og:description\" content=\"La ortodoncia es una rama de la odontolog\u00eda especializada en el diagn\u00f3stico, prevenci\u00f3n y tratamiento de las irregularidades de la mand\u00edbula, la cara y la mordida.\" \/>\n<meta property=\"og:url\" content=\"https:\/\/friendlysmilesdental.com\/es\/ortodoncia\/\" \/>\n<meta property=\"og:site_name\" content=\"Friendly Smiles Dental\" \/>\n<meta property=\"article:modified_time\" content=\"2024-04-09T23:40:01+00:00\" \/>\n<meta name=\"twitter:card\" content=\"summary_large_image\" \/>\n<meta name=\"twitter:label1\" content=\"Tiempo de lectura\" \/>\n\t<meta name=\"twitter:data1\" content=\"11 minutos\" \/>\n<script type=\"application\/ld+json\" class=\"yoast-schema-graph\">{\"@context\":\"https:\/\/schema.org\",\"@graph\":[{\"@type\":\"WebPage\",\"@id\":\"https:\/\/friendlysmilesdental.com\/es\/ortodoncia\/\",\"url\":\"https:\/\/friendlysmilesdental.com\/es\/ortodoncia\/\",\"name\":\"Ortodoncia | Friendly Smiles Dental Group | San Luis Obispo\",\"isPartOf\":{\"@id\":\"https:\/\/friendlysmilesdental.com\/es\/#website\"},\"datePublished\":\"2019-10-09T05:30:29+00:00\",\"dateModified\":\"2024-04-09T23:40:01+00:00\",\"description\":\"La ortodoncia es una rama de la odontolog\u00eda especializada en el diagn\u00f3stico, prevenci\u00f3n y tratamiento de las irregularidades de la mand\u00edbula, la cara y la mordida.\",\"breadcrumb\":{\"@id\":\"https:\/\/friendlysmilesdental.com\/es\/ortodoncia\/#breadcrumb\"},\"inLanguage\":\"es\",\"potentialAction\":[{\"@type\":\"ReadAction\",\"target\":[\"https:\/\/friendlysmilesdental.com\/es\/ortodoncia\/\"]}]},{\"@type\":\"BreadcrumbList\",\"@id\":\"https:\/\/friendlysmilesdental.com\/es\/ortodoncia\/#breadcrumb\",\"itemListElement\":[{\"@type\":\"ListItem\",\"position\":1,\"name\":\"Home\",\"item\":\"https:\/\/friendlysmilesdental.com\/es\/inicio\/\"},{\"@type\":\"ListItem\",\"position\":2,\"name\":\"Ortodoncia\"}]},{\"@type\":\"WebSite\",\"@id\":\"https:\/\/friendlysmilesdental.com\/es\/#website\",\"url\":\"https:\/\/friendlysmilesdental.com\/es\/\",\"name\":\"Friendly Smiles Dental\",\"description\":\"Santa Maria Dentists | San Luis Obispo Dentists | King City Dentists\",\"potentialAction\":[{\"@type\":\"SearchAction\",\"target\":{\"@type\":\"EntryPoint\",\"urlTemplate\":\"https:\/\/friendlysmilesdental.com\/es\/?s={search_term_string}\"},\"query-input\":{\"@type\":\"PropertyValueSpecification\",\"valueRequired\":true,\"valueName\":\"search_term_string\"}}],\"inLanguage\":\"es\"}]}<\/script>\n<!-- \/ Yoast SEO plugin. -->","yoast_head_json":{"title":"Ortodoncia | Friendly Smiles Dental Group | San Luis Obispo","description":"La ortodoncia es una rama de la odontolog\u00eda especializada en el diagn\u00f3stico, prevenci\u00f3n y tratamiento de las irregularidades de la mand\u00edbula, la cara y la mordida.","robots":{"index":"index","follow":"follow","max-snippet":"max-snippet:-1","max-image-preview":"max-image-preview:large","max-video-preview":"max-video-preview:-1"},"canonical":"https:\/\/friendlysmilesdental.com\/es\/ortodoncia\/","og_locale":"es_ES","og_type":"article","og_title":"Ortodoncia | Friendly Smiles Dental Group | San Luis Obispo","og_description":"La ortodoncia es una rama de la odontolog\u00eda especializada en el diagn\u00f3stico, prevenci\u00f3n y tratamiento de las irregularidades de la mand\u00edbula, la cara y la mordida.","og_url":"https:\/\/friendlysmilesdental.com\/es\/ortodoncia\/","og_site_name":"Friendly Smiles Dental","article_modified_time":"2024-04-09T23:40:01+00:00","twitter_card":"summary_large_image","twitter_misc":{"Tiempo de lectura":"11 minutos"},"schema":{"@context":"https:\/\/schema.org","@graph":[{"@type":"WebPage","@id":"https:\/\/friendlysmilesdental.com\/es\/ortodoncia\/","url":"https:\/\/friendlysmilesdental.com\/es\/ortodoncia\/","name":"Ortodoncia | Friendly Smiles Dental Group | San Luis Obispo","isPartOf":{"@id":"https:\/\/friendlysmilesdental.com\/es\/#website"},"datePublished":"2019-10-09T05:30:29+00:00","dateModified":"2024-04-09T23:40:01+00:00","description":"La ortodoncia es una rama de la odontolog\u00eda especializada en el diagn\u00f3stico, prevenci\u00f3n y tratamiento de las irregularidades de la mand\u00edbula, la cara y la mordida.","breadcrumb":{"@id":"https:\/\/friendlysmilesdental.com\/es\/ortodoncia\/#breadcrumb"},"inLanguage":"es","potentialAction":[{"@type":"ReadAction","target":["https:\/\/friendlysmilesdental.com\/es\/ortodoncia\/"]}]},{"@type":"BreadcrumbList","@id":"https:\/\/friendlysmilesdental.com\/es\/ortodoncia\/#breadcrumb","itemListElement":[{"@type":"ListItem","position":1,"name":"Home","item":"https:\/\/friendlysmilesdental.com\/es\/inicio\/"},{"@type":"ListItem","position":2,"name":"Ortodoncia"}]},{"@type":"WebSite","@id":"https:\/\/friendlysmilesdental.com\/es\/#website","url":"https:\/\/friendlysmilesdental.com\/es\/","name":"Friendly Smiles Dental","description":"Santa Maria Dentists | San Luis Obispo Dentists | King City Dentists","potentialAction":[{"@type":"SearchAction","target":{"@type":"EntryPoint","urlTemplate":"https:\/\/friendlysmilesdental.com\/es\/?s={search_term_string}"},"query-input":{"@type":"PropertyValueSpecification","valueRequired":true,"valueName":"search_term_string"}}],"inLanguage":"es"}]}},"_links":{"self":[{"href":"https:\/\/friendlysmilesdental.com\/es\/wp-json\/wp\/v2\/pages\/3149"}],"collection":[{"href":"https:\/\/friendlysmilesdental.com\/es\/wp-json\/wp\/v2\/pages"}],"about":[{"href":"https:\/\/friendlysmilesdental.com\/es\/wp-json\/wp\/v2\/types\/page"}],"author":[{"embeddable":true,"href":"https:\/\/friendlysmilesdental.com\/es\/wp-json\/wp\/v2\/users\/4"}],"replies":[{"embeddable":true,"href":"https:\/\/friendlysmilesdental.com\/es\/wp-json\/wp\/v2\/comments?post=3149"}],"version-history":[{"count":2,"href":"https:\/\/friendlysmilesdental.com\/es\/wp-json\/wp\/v2\/pages\/3149\/revisions"}],"predecessor-version":[{"id":3151,"href":"https:\/\/friendlysmilesdental.com\/es\/wp-json\/wp\/v2\/pages\/3149\/revisions\/3151"}],"wp:attachment":[{"href":"https:\/\/friendlysmilesdental.com\/es\/wp-json\/wp\/v2\/media?parent=3149"}],"curies":[{"name":"wp","href":"https:\/\/api.w.org\/{rel}","templated":true}]}}