{"id":3152,"date":"2019-10-09T18:07:48","date_gmt":"2019-10-09T18:07:48","guid":{"rendered":"https:\/\/friendlysmilesdental.com\/periodoncia\/"},"modified":"2024-04-09T23:41:09","modified_gmt":"2024-04-09T23:41:09","slug":"periodoncia","status":"publish","type":"page","link":"https:\/\/friendlysmilesdental.com\/es\/periodoncia\/","title":{"rendered":"Periodoncia"},"content":{"rendered":"<p><div class=\"fusion-fullwidth fullwidth-box fusion-builder-row-1 nonhundred-percent-fullwidth non-hundred-percent-height-scrolling fusion-equal-height-columns\" style=\"--awb-border-radius-top-left:0px;--awb-border-radius-top-right:0px;--awb-border-radius-bottom-right:0px;--awb-border-radius-bottom-left:0px;--awb-padding-top:0px;--awb-padding-right:0px;--awb-padding-bottom:0px;--awb-padding-left:0px;--awb-background-color:#ffffff;--awb-flex-wrap:wrap;\" ><div class=\"fusion-builder-row fusion-row\"><div class=\"fusion-layout-column fusion_builder_column fusion-builder-column-0 fusion_builder_column_1_5 1_5 fusion-one-fifth fusion-column-first fusion-column-no-min-height fusion-no-small-visibility\" style=\"--awb-bg-size:cover;width:20%;width:calc(20% - ( ( 4% + 4% ) * 0.2 ) );margin-right: 4%;\"><div class=\"fusion-column-wrapper fusion-flex-column-wrapper-legacy\"><div class=\"fusion-clearfix\"><\/div><\/div><\/div><div class=\"fusion-layout-column fusion_builder_column fusion-builder-column-1 fusion_builder_column_3_5 3_5 fusion-three-fifth fusion-column-no-min-height\" style=\"--awb-padding-top:0px;--awb-padding-right:0px;--awb-padding-bottom:0px;--awb-padding-left:0px;--awb-bg-size:cover;--awb-margin-top:2%;width:60%;width:calc(60% - ( ( 4% + 4% ) * 0.6 ) );margin-right: 4%;\"><div class=\"fusion-column-wrapper fusion-column-has-shadow fusion-flex-column-wrapper-legacy\"><div class=\"fusion-text fusion-text-1\"><h1 style=\"text-align: center;\">Periodoncia<\/h1>\n<\/div><div class=\"fusion-sep-clear\"><\/div><div class=\"fusion-separator\" style=\"margin-left: auto;margin-right: auto;margin-top:22px;margin-bottom:35px;width:100%;max-width:100px;\"><div class=\"fusion-separator-border sep-single sep-solid\" style=\"--awb-height:20px;--awb-amount:20px;--awb-sep-color:#6589c0;border-color:#6589c0;border-top-width:2px;\"><\/div><\/div><div class=\"fusion-sep-clear\"><\/div><div class=\"fusion-text fusion-text-2\"><p style=\"text-align: left;\" align=\"left\">El t\u00e9rmino \u00abperiodoncia\u00bb hace referencia a la especialidad odontol\u00f3gica que se ocupa de la prevenci\u00f3n, el diagn\u00f3stico y el tratamiento de las enfermedades periodontales que afectan a las enc\u00edas y los huesos maxilares. Los tejidos de las enc\u00edas sirven para rodear y sostener los dientes y el hueso maxilar subyacente ancla los dientes firmemente en su sitio. Los periodoncistas han completado varios a\u00f1os de formaci\u00f3n odontol\u00f3gica adicional y se ocupan de mantener la funci\u00f3n, la salud y la est\u00e9tica de la mand\u00edbula y los tejidos.<\/p>\n<\/div><div class=\"fusion-clearfix\"><\/div><\/div><\/div><div class=\"fusion-layout-column fusion_builder_column fusion-builder-column-2 fusion_builder_column_1_5 1_5 fusion-one-fifth fusion-column-last fusion-column-no-min-height fusion-no-small-visibility\" style=\"--awb-bg-size:cover;width:20%;width:calc(20% - ( ( 4% + 4% ) * 0.2 ) );\"><div class=\"fusion-column-wrapper fusion-flex-column-wrapper-legacy\"><div class=\"fusion-clearfix\"><\/div><\/div><\/div><\/div><\/div><div class=\"fusion-fullwidth fullwidth-box fusion-builder-row-2 hundred-percent-fullwidth non-hundred-percent-height-scrolling fusion-equal-height-columns\" style=\"--awb-border-radius-top-left:0px;--awb-border-radius-top-right:0px;--awb-border-radius-bottom-right:0px;--awb-border-radius-bottom-left:0px;--awb-padding-right:0px;--awb-padding-left:0px;--awb-flex-wrap:wrap;\" ><div class=\"fusion-builder-row fusion-row\"><div class=\"fusion-layout-column fusion_builder_column fusion-builder-column-3 fusion_builder_column_1_4 1_4 fusion-one-fourth fusion-column-first fusion-column-no-min-height fusion-no-small-visibility\" style=\"--awb-bg-size:cover;width:25%;width:calc(25% - ( ( 4% + 4% + 4% ) * 0.25 ) );margin-right: 4%;\"><div class=\"fusion-column-wrapper fusion-flex-column-wrapper-legacy\"><div class=\"fusion-clearfix\"><\/div><\/div><\/div><div class=\"fusion-layout-column fusion_builder_column fusion-builder-column-4 fusion_builder_column_1_4 1_4 fusion-one-fourth\" style=\"--awb-padding-right:6%;--awb-padding-left:6%;--awb-bg-size:cover;width:25%;width:calc(25% - ( ( 4% + 4% + 4% ) * 0.25 ) );margin-right: 4%;\"><div class=\"fusion-column-wrapper fusion-column-has-shadow fusion-flex-column-wrapper-legacy\"><div class=\"fusion-text fusion-text-3\"><p><a href=\"https:\/\/friendlysmilesdental.com\/es\/que-es-un-periodoncista\/\" target=\"_blank\" rel=\"noopener noreferrer\">\u00bfQu\u00e9 es un periodoncista? &gt;<\/a><\/p>\n<p><a href=\"https:\/\/friendlysmilesdental.com\/es\/cuando-acudir-al-periodoncista\/\" target=\"_blank\" rel=\"noopener noreferrer\">Cu\u00e1ndo acudir al periodoncista &gt;<\/a><\/p>\n<p><a href=\"https:\/\/friendlysmilesdental.com\/es\/tratamiento-antibiotico\/\" target=\"_blank\" rel=\"noopener noreferrer\">Tratamiento antibi\u00f3tico &gt;<\/a><\/p>\n<p><a href=\"https:\/\/friendlysmilesdental.com\/es\/injertos-oseos\/\" target=\"_blank\" rel=\"noopener noreferrer\">Injertos \u00f3seos  &gt;<\/a><\/p>\n<p><a href=\"https:\/\/friendlysmilesdental.com\/es\/bruxismo-rechinar-de-dientes\/\" target=\"_blank\" rel=\"noopener noreferrer\">Bruxismo &gt;<\/a><\/p>\n<p><a href=\"https:\/\/friendlysmilesdental.com\/es\/alargamiento-de-corona\/\" target=\"_blank\" rel=\"noopener noreferrer\">Alargamiento de corona &gt;<\/a><\/p>\n<p><a href=\"https:\/\/friendlysmilesdental.com\/es\/recesion-de-las-encias\/\" target=\"_blank\" rel=\"noopener noreferrer\">Recesi\u00f3n de las enc\u00edas &gt;<\/a><\/p>\n<\/div><div class=\"fusion-clearfix\"><\/div><\/div><\/div><div class=\"fusion-layout-column fusion_builder_column fusion-builder-column-5 fusion_builder_column_1_4 1_4 fusion-one-fourth\" style=\"--awb-padding-right:6%;--awb-padding-left:6%;--awb-bg-size:cover;width:25%;width:calc(25% - ( ( 4% + 4% + 4% ) * 0.25 ) );margin-right: 4%;\"><div class=\"fusion-column-wrapper fusion-column-has-shadow fusion-flex-column-wrapper-legacy\"><div class=\"fusion-text fusion-text-4\"><p><a href=\"https:\/\/friendlysmilesdental.com\/es\/examen-del-cancer-oral\/\" target=\"_blank\" rel=\"noopener noreferrer\">Examen del c\u00e1ncer oral &gt;<\/a><\/p>\n<p><a href=\"https:\/\/friendlysmilesdental.com\/es\/raspado-periodontal-y-alisado-radicular\/\" target=\"_blank\" rel=\"noopener noreferrer\">Raspado periodontal y alisado radicular  &gt;<\/a><\/p>\n<p><a href=\"https:\/\/friendlysmilesdental.com\/es\/riego-de-bolsillo\/\" target=\"_blank\" rel=\"noopener noreferrer\">Riego de bolsillo &gt;<\/a><\/p>\n<p><a href=\"https:\/\/friendlysmilesdental.com\/es\/limpieza-dental-profilaxis\/\" target=\"_blank\" rel=\"noopener noreferrer\">Profilaxis (limpieza dental)  &gt;<\/a><\/p>\n<p><a href=\"https:\/\/friendlysmilesdental.com\/es\/procedimientos-regenerativos\/\" target=\"_blank\" rel=\"noopener noreferrer\">Procedimientos regenerativos &gt;<\/a><\/p>\n<p><a href=\"https:\/\/friendlysmilesdental.com\/es\/aumento-de-seno\/\" target=\"_blank\" rel=\"noopener noreferrer\">Aumento de seno &gt;<\/a><\/p>\n<\/div><div class=\"fusion-clearfix\"><\/div><\/div><\/div><div class=\"fusion-layout-column fusion_builder_column fusion-builder-column-6 fusion_builder_column_1_4 1_4 fusion-one-fourth fusion-column-last fusion-column-no-min-height fusion-no-small-visibility\" style=\"--awb-bg-size:cover;width:25%;width:calc(25% - ( ( 4% + 4% + 4% ) * 0.25 ) );\"><div class=\"fusion-column-wrapper fusion-flex-column-wrapper-legacy\"><div class=\"fusion-clearfix\"><\/div><\/div><\/div><\/div><\/div><div class=\"fusion-bg-parallax\" data-bg-align=\"center center\" data-direction=\"right\" data-mute=\"false\" data-opacity=\"100\" data-velocity=\"-0.8\" data-mobile-enabled=\"false\" data-break_parents=\"0\" data-bg-image=\"https:\/\/friendlysmilesdental.com\/wp-content\/uploads\/2020\/01\/best-san-luis-obispo-dentist.jpg\" data-bg-repeat=\"false\" ><\/div><div class=\"fusion-fullwidth fullwidth-box fusion-builder-row-3 fusion-parallax-right nonhundred-percent-fullwidth non-hundred-percent-height-scrolling lazyload\" style=\"--awb-border-radius-top-left:0px;--awb-border-radius-top-right:0px;--awb-border-radius-bottom-right:0px;--awb-border-radius-bottom-left:0px;--awb-padding-top:40px;--awb-padding-bottom:50px;--awb-background-size:cover;--awb-flex-wrap:wrap;\" data-bg=\"https:\/\/friendlysmilesdental.com\/wp-content\/uploads\/2020\/01\/best-san-luis-obispo-dentist.jpg\" ><div class=\"fusion-builder-row fusion-row\"><div class=\"fusion-layout-column fusion_builder_column fusion-builder-column-7 fusion_builder_column_1_1 1_1 fusion-one-full fusion-column-first fusion-column-last\" style=\"--awb-bg-size:cover;--awb-margin-top:3%;--awb-margin-bottom:3%;\"><div class=\"fusion-column-wrapper fusion-column-has-shadow fusion-flex-column-wrapper-legacy\"><div class=\"fusion-text fusion-text-5\"><h2 style=\"text-align: center;\"><span style=\"color: #ffffff;\">\u00bfListo para sonre\u00edr?<\/span><\/h2>\n<\/div><div class=\"fusion-sep-clear\"><\/div><div class=\"fusion-separator fusion-full-width-sep\" style=\"margin-left: auto;margin-right: auto;margin-top:15px;width:100%;\"><\/div><div class=\"fusion-sep-clear\"><\/div><div class=\"fusion-aligncenter\"><a class=\"fusion-button button-flat fusion-button-default-size button-custom fusion-button-default button-1 fusion-button-default-span fusion-button-default-type\" style=\"--button_accent_color:#ffffff;--button_accent_hover_color:#6487c2;--button_border_hover_color:#6487c2;--button_gradient_top_color:#4fc3a3;--button_gradient_bottom_color:#4fc3a3;--button_gradient_top_color_hover:#ffffff;--button_gradient_bottom_color_hover:#ffffff;\" target=\"_self\" href=\"https:\/\/friendlysmilesdental.com\/es\/reservar-cita\/\"><i class=\"fa-plus fas button-icon-left\" aria-hidden=\"true\"><\/i><span class=\"fusion-button-text\">Solicitar una cita<\/span><\/a><\/div><div class=\"fusion-sep-clear\"><\/div><div class=\"fusion-separator fusion-full-width-sep\" style=\"margin-left: auto;margin-right: auto;margin-top:15px;width:100%;\"><\/div><div class=\"fusion-sep-clear\"><\/div><div class=\"fusion-text fusion-text-6\"><h3 style=\"text-align: center;\"><span style=\"color: #ffffff;\">Estamos orgullosos de aceptar Medi-Cal y tomar la mayor\u00eda de las formas de seguro en todas nuestras oficinas dentales.<\/span><\/h3>\n<\/div><div class=\"fusion-clearfix\"><\/div><\/div><\/div><\/div><\/div><\/p>\n","protected":false},"excerpt":{"rendered":"","protected":false},"author":4,"featured_media":0,"parent":0,"menu_order":0,"comment_status":"closed","ping_status":"open","template":"100-width.php","meta":{"footnotes":""},"yoast_head":"<!-- This site is optimized with the Yoast SEO plugin v23.9 - https:\/\/yoast.com\/wordpress\/plugins\/seo\/ -->\n<title>Periodoncia Dentista en San Luis Obispo y Santa Maria<\/title>\n<meta name=\"description\" content=\"Friendly Smiles Dental Group, periodoncia dentistas en San Luis Obispo y Santa Mar\u00eda, puede ayudar a diagnosticar y tratar la enfermedad periodontal.\" \/>\n<meta name=\"robots\" content=\"index, follow, max-snippet:-1, max-image-preview:large, max-video-preview:-1\" \/>\n<link rel=\"canonical\" href=\"https:\/\/friendlysmilesdental.com\/es\/periodoncia\/\" \/>\n<meta property=\"og:locale\" content=\"es_ES\" \/>\n<meta property=\"og:type\" content=\"article\" \/>\n<meta property=\"og:title\" content=\"Periodoncia Dentista en San Luis Obispo y Santa Maria\" \/>\n<meta property=\"og:description\" content=\"Friendly Smiles Dental Group, periodoncia dentistas en San Luis Obispo y Santa Mar\u00eda, puede ayudar a diagnosticar y tratar la enfermedad periodontal.\" \/>\n<meta property=\"og:url\" content=\"https:\/\/friendlysmilesdental.com\/es\/periodoncia\/\" \/>\n<meta property=\"og:site_name\" content=\"Friendly Smiles Dental\" \/>\n<meta property=\"article:modified_time\" content=\"2024-04-09T23:41:09+00:00\" \/>\n<meta name=\"twitter:card\" content=\"summary_large_image\" \/>\n<meta name=\"twitter:label1\" content=\"Tiempo de lectura\" \/>\n\t<meta name=\"twitter:data1\" content=\"12 minutos\" \/>\n<script type=\"application\/ld+json\" class=\"yoast-schema-graph\">{\"@context\":\"https:\/\/schema.org\",\"@graph\":[{\"@type\":\"WebPage\",\"@id\":\"https:\/\/friendlysmilesdental.com\/es\/periodoncia\/\",\"url\":\"https:\/\/friendlysmilesdental.com\/es\/periodoncia\/\",\"name\":\"Periodoncia Dentista en San Luis Obispo y Santa Maria\",\"isPartOf\":{\"@id\":\"https:\/\/friendlysmilesdental.com\/es\/#website\"},\"datePublished\":\"2019-10-09T18:07:48+00:00\",\"dateModified\":\"2024-04-09T23:41:09+00:00\",\"description\":\"Friendly Smiles Dental Group, periodoncia dentistas en San Luis Obispo y Santa Mar\u00eda, puede ayudar a diagnosticar y tratar la enfermedad periodontal.\",\"breadcrumb\":{\"@id\":\"https:\/\/friendlysmilesdental.com\/es\/periodoncia\/#breadcrumb\"},\"inLanguage\":\"es\",\"potentialAction\":[{\"@type\":\"ReadAction\",\"target\":[\"https:\/\/friendlysmilesdental.com\/es\/periodoncia\/\"]}]},{\"@type\":\"BreadcrumbList\",\"@id\":\"https:\/\/friendlysmilesdental.com\/es\/periodoncia\/#breadcrumb\",\"itemListElement\":[{\"@type\":\"ListItem\",\"position\":1,\"name\":\"Home\",\"item\":\"https:\/\/friendlysmilesdental.com\/es\/inicio\/\"},{\"@type\":\"ListItem\",\"position\":2,\"name\":\"Periodoncia\"}]},{\"@type\":\"WebSite\",\"@id\":\"https:\/\/friendlysmilesdental.com\/es\/#website\",\"url\":\"https:\/\/friendlysmilesdental.com\/es\/\",\"name\":\"Friendly Smiles Dental\",\"description\":\"Santa Maria Dentists | San Luis Obispo Dentists | King City Dentists\",\"potentialAction\":[{\"@type\":\"SearchAction\",\"target\":{\"@type\":\"EntryPoint\",\"urlTemplate\":\"https:\/\/friendlysmilesdental.com\/es\/?s={search_term_string}\"},\"query-input\":{\"@type\":\"PropertyValueSpecification\",\"valueRequired\":true,\"valueName\":\"search_term_string\"}}],\"inLanguage\":\"es\"}]}<\/script>\n<!-- \/ Yoast SEO plugin. -->","yoast_head_json":{"title":"Periodoncia Dentista en San Luis Obispo y Santa Maria","description":"Friendly Smiles Dental Group, periodoncia dentistas en San Luis Obispo y Santa Mar\u00eda, puede ayudar a diagnosticar y tratar la enfermedad periodontal.","robots":{"index":"index","follow":"follow","max-snippet":"max-snippet:-1","max-image-preview":"max-image-preview:large","max-video-preview":"max-video-preview:-1"},"canonical":"https:\/\/friendlysmilesdental.com\/es\/periodoncia\/","og_locale":"es_ES","og_type":"article","og_title":"Periodoncia Dentista en San Luis Obispo y Santa Maria","og_description":"Friendly Smiles Dental Group, periodoncia dentistas en San Luis Obispo y Santa Mar\u00eda, puede ayudar a diagnosticar y tratar la enfermedad periodontal.","og_url":"https:\/\/friendlysmilesdental.com\/es\/periodoncia\/","og_site_name":"Friendly Smiles Dental","article_modified_time":"2024-04-09T23:41:09+00:00","twitter_card":"summary_large_image","twitter_misc":{"Tiempo de lectura":"12 minutos"},"schema":{"@context":"https:\/\/schema.org","@graph":[{"@type":"WebPage","@id":"https:\/\/friendlysmilesdental.com\/es\/periodoncia\/","url":"https:\/\/friendlysmilesdental.com\/es\/periodoncia\/","name":"Periodoncia Dentista en San Luis Obispo y Santa Maria","isPartOf":{"@id":"https:\/\/friendlysmilesdental.com\/es\/#website"},"datePublished":"2019-10-09T18:07:48+00:00","dateModified":"2024-04-09T23:41:09+00:00","description":"Friendly Smiles Dental Group, periodoncia dentistas en San Luis Obispo y Santa Mar\u00eda, puede ayudar a diagnosticar y tratar la enfermedad periodontal.","breadcrumb":{"@id":"https:\/\/friendlysmilesdental.com\/es\/periodoncia\/#breadcrumb"},"inLanguage":"es","potentialAction":[{"@type":"ReadAction","target":["https:\/\/friendlysmilesdental.com\/es\/periodoncia\/"]}]},{"@type":"BreadcrumbList","@id":"https:\/\/friendlysmilesdental.com\/es\/periodoncia\/#breadcrumb","itemListElement":[{"@type":"ListItem","position":1,"name":"Home","item":"https:\/\/friendlysmilesdental.com\/es\/inicio\/"},{"@type":"ListItem","position":2,"name":"Periodoncia"}]},{"@type":"WebSite","@id":"https:\/\/friendlysmilesdental.com\/es\/#website","url":"https:\/\/friendlysmilesdental.com\/es\/","name":"Friendly Smiles Dental","description":"Santa Maria Dentists | San Luis Obispo Dentists | King City Dentists","potentialAction":[{"@type":"SearchAction","target":{"@type":"EntryPoint","urlTemplate":"https:\/\/friendlysmilesdental.com\/es\/?s={search_term_string}"},"query-input":{"@type":"PropertyValueSpecification","valueRequired":true,"valueName":"search_term_string"}}],"inLanguage":"es"}]}},"_links":{"self":[{"href":"https:\/\/friendlysmilesdental.com\/es\/wp-json\/wp\/v2\/pages\/3152"}],"collection":[{"href":"https:\/\/friendlysmilesdental.com\/es\/wp-json\/wp\/v2\/pages"}],"about":[{"href":"https:\/\/friendlysmilesdental.com\/es\/wp-json\/wp\/v2\/types\/page"}],"author":[{"embeddable":true,"href":"https:\/\/friendlysmilesdental.com\/es\/wp-json\/wp\/v2\/users\/4"}],"replies":[{"embeddable":true,"href":"https:\/\/friendlysmilesdental.com\/es\/wp-json\/wp\/v2\/comments?post=3152"}],"version-history":[{"count":2,"href":"https:\/\/friendlysmilesdental.com\/es\/wp-json\/wp\/v2\/pages\/3152\/revisions"}],"predecessor-version":[{"id":3154,"href":"https:\/\/friendlysmilesdental.com\/es\/wp-json\/wp\/v2\/pages\/3152\/revisions\/3154"}],"wp:attachment":[{"href":"https:\/\/friendlysmilesdental.com\/es\/wp-json\/wp\/v2\/media?parent=3152"}],"curies":[{"name":"wp","href":"https:\/\/api.w.org\/{rel}","templated":true}]}}